{"id":1637,"date":"2021-06-30T15:21:50","date_gmt":"2021-06-30T07:21:50","guid":{"rendered":"https:\/\/tianhuipackingmachine.com\/?page_id=1637"},"modified":"2023-01-16T14:36:14","modified_gmt":"2023-01-16T06:36:14","slug":"small-packaging-machine","status":"publish","type":"product","link":"https:\/\/tianhuipackingmachine.com\/es\/small-packaging-machine\/","title":{"rendered":"Peque\u00f1a m\u00e1quina de embalaje"},"content":{"rendered":"<p class=\"translation-block\">Una **m\u00e1quina de envasado peque\u00f1a** es una herramienta que se utiliza para envasar art\u00edculos peque\u00f1os, como alimentos, art\u00edculos para el hogar u otros productos de consumo, en peque\u00f1as cantidades. Estas m\u00e1quinas se utilizan t\u00edpicamente en peque\u00f1as empresas, como tiendas de conveniencia, delicatessen u operaciones de fabricaci\u00f3n peque\u00f1as, y est\u00e1n dise\u00f1adas para ser compactas, f\u00e1ciles de usar y rentables. Algunos tipos comunes de m\u00e1quinas de envasado peque\u00f1as incluyen m\u00e1quinas VFFS, selladoras al vac\u00edo, m\u00e1quinas de llenado y sellado, envolvedoras retr\u00e1ctiles y envolvedoras de flujo horizontal. <\/p>    <p> La m\u00e1quina envasadora peque\u00f1a es adecuada para envasar bolsas. M\u00faltiples equipos de embalaje peque\u00f1os y autom\u00e1ticos pueden completar todo el proceso de formaci\u00f3n, pesaje, llenado, sellado, corte y conteo de bolsas, lo que mejora enormemente la eficiencia del trabajo en comparaci\u00f3n con el trabajo totalmente manual. Ahorra mucha mano de obra hasta cierto punto. Adem\u00e1s, este tipo de m\u00e1quina envasadora suele tener un coste menor que las m\u00e1s grandes.<\/p>    <h2 class=\"wp-block-heading\"><strong>Variedades de m\u00e1quinas empacadoras peque\u00f1as a la venta.<\/strong><strong><\/strong><\/h2>    <p>La m\u00e1quina empacadora peque\u00f1a a la venta contiene una m\u00e1quina empacadora de polvo peque\u00f1a, una m\u00e1quina empacadora de gr\u00e1nulos, una m\u00e1quina empacadora de l\u00edquidos, una m\u00e1quina empacadora al vac\u00edo, etc. El empaque de polvo peque\u00f1o se aplica a varios tipos de polvo, como caf\u00e9 en polvo, especias, leche en polvo, harina, harina de ma\u00edz y pronto. La m\u00e1quina envasadora de gr\u00e1nulos peque\u00f1os envasa bolsas de granos de caf\u00e9, habas, arroz, semillas de mel\u00f3n, man\u00ed, avena, etc. Mientras que el l\u00edquido peque\u00f1o se puede utilizar para envasar leche, jugo, agua, etc. <\/p>    <p>Para alimentos perecederos, es una buena idea adoptar una m\u00e1quina de envasado al vac\u00edo. El envasado al vac\u00edo puede prolongar eficazmente la vida \u00fatil de los alimentos y ralentizar su deterioro. Adem\u00e1s, tambi\u00e9n brindamos un servicio personalizado basado en sus requisitos reales. Si est\u00e1 interesado en nuestros productos, p\u00f3ngase en contacto con nosotros lo antes posible para obtener m\u00e1s detalles.<\/p>    <div class=\"wp-block-columns is-layout-flex wp-container-core-columns-is-layout-28f84493 wp-block-columns-is-layout-flex\"> <div class=\"wp-block-column is-layout-flow wp-block-column-is-layout-flow\"> <figure class=\"wp-block-image size-large\"><img loading=\"lazy\" decoding=\"async\" width=\"600\" height=\"450\" src=\"https:\/\/tianhuipackingmachine.com\/wp-content\/uploads\/2021\/06\/powder-pouch-packing-machine-2.jpg\" alt=\"proveedor de m\u00e1quinas empacadoras de bolsas de polvo\" class=\"wp-image-1351\" srcset=\"https:\/\/tianhuipackingmachine.com\/wp-content\/uploads\/2021\/06\/powder-pouch-packing-machine-2.jpg 600w, https:\/\/tianhuipackingmachine.com\/wp-content\/uploads\/2021\/06\/powder-pouch-packing-machine-2-300x225.jpg 300w\" sizes=\"auto, (max-width: 600px) 100vw, 600px\" \/><figcaption class=\"wp-element-caption\">M\u00e1quina empacadora de bolsas de polvo<\/figcaption><\/figure> <\/div>    <div class=\"wp-block-column is-layout-flow wp-block-column-is-layout-flow\"> <h3 class=\"has-text-color wp-block-heading\" style=\"color:#ff5200\">Par\u00e1metros del equipo de envasado de polvo en bolsa de 1-80 g<\/h3>    <ul class=\"wp-block-list\"> <li>Estilo de embalaje (estilo bolsa): sello de 3 lados\/sello trasero\/sello de 4 lados<\/li>    <li>Velocidad de embalaje: 20-80 bolsas\/min<\/li>    <li>Consumo de energ\u00eda: 1,8 kw<\/li>    <li>Consumo de energ\u00eda: 1,8 kw<\/li>    <li>Peso: 250 kg<\/li>    <li>Dimensiones: 650*1050*1950mm<\/li>    <li>Peso del embalaje: 0-80g<\/li>    <li>Ancho de la bolsa: 20-150 mm (reemplace la bolsa anterior)<\/li>    <li>Longitud de la bolsa: ajuste de 30-180 mm<\/li>    <li>Nota: servicio personalizado disponible<\/li> <\/ul> <\/div> <\/div>    <div class=\"wp-block-columns is-layout-flex wp-container-core-columns-is-layout-28f84493 wp-block-columns-is-layout-flex\"> <div class=\"wp-block-column is-layout-flow wp-block-column-is-layout-flow\"> <figure class=\"wp-block-image size-full\"><img loading=\"lazy\" decoding=\"async\" width=\"600\" height=\"450\" src=\"https:\/\/tianhuipackingmachine.com\/wp-content\/uploads\/2021\/06\/rice-granule-packing-machine.jpg\" alt=\"empaquetadora de gr\u00e1nulos de arroz\" class=\"wp-image-1486\" srcset=\"https:\/\/tianhuipackingmachine.com\/wp-content\/uploads\/2021\/06\/rice-granule-packing-machine.jpg 600w, https:\/\/tianhuipackingmachine.com\/wp-content\/uploads\/2021\/06\/rice-granule-packing-machine-300x225.jpg 300w\" sizes=\"auto, (max-width: 600px) 100vw, 600px\" \/><figcaption class=\"wp-element-caption\">M\u00e1quina empacadora de gr\u00e1nulos de arroz<\/figcaption><\/figure> <\/div>    <div class=\"wp-block-column is-layout-flow wp-block-column-is-layout-flow\"> <h3 class=\"has-text-color wp-block-heading\" style=\"color:#ff5200\">Par\u00e1metros de la m\u00e1quina empacadora de gr\u00e1nulos TH-450<\/h3>    <ul class=\"wp-block-list\"> <li>Estilo de bolsa de embalaje (elija la opci\u00f3n): Sello posterior\/sello de 3 lados<\/li>    <li>Velocidad de embalaje: 20-80 bolsas\/min<\/li>    <li>Consumo de energ\u00eda: 2,2 kw<\/li>    <li>Peso: 420 kg<\/li>    <li>Dimensiones: 750*750*21000mm<\/li>    <li>Peso del embalaje: 100-1000 gramos<\/li>    <li>Ancho de la bolsa: 20-200 mm<\/li>    <li>Longitud de la bolsa: ajuste de 30-180 mm<\/li>    <li>Nota: personalizado disponible<\/li> <\/ul> <\/div> <\/div>    <div class=\"wp-block-columns is-layout-flex wp-container-core-columns-is-layout-28f84493 wp-block-columns-is-layout-flex\"> <div class=\"wp-block-column is-layout-flow wp-block-column-is-layout-flow\"> <figure class=\"wp-block-image size-large\"><img loading=\"lazy\" decoding=\"async\" width=\"600\" height=\"450\" src=\"https:\/\/tianhuipackingmachine.com\/wp-content\/uploads\/2021\/05\/TH-liquid-packaging-machine.jpg\" alt=\"m\u00e1quina de envasado de l\u00edquidos\" class=\"wp-image-721\" srcset=\"https:\/\/tianhuipackingmachine.com\/wp-content\/uploads\/2021\/05\/TH-liquid-packaging-machine.jpg 600w, https:\/\/tianhuipackingmachine.com\/wp-content\/uploads\/2021\/05\/TH-liquid-packaging-machine-300x225.jpg 300w\" sizes=\"auto, (max-width: 600px) 100vw, 600px\" \/><figcaption class=\"wp-element-caption\">M\u00e1quina de envasado de l\u00edquidos<\/figcaption><\/figure> <\/div>    <div class=\"wp-block-column is-layout-flow wp-block-column-is-layout-flow\"> <h3 class=\"has-text-color wp-block-heading\" style=\"color:#ff5200\">Par\u00e1metros de la m\u00e1quina envasadora de l\u00edquidos TH-420<\/h3>    <ul class=\"wp-block-list\"> <li>Tipo: m\u00e1quina envasadora de l\u00edquidos TH-420<\/li>    <li>Longitud de la bolsa: 80-300 mm (largo)<\/li>    <li>Ancho de la bolsa: 50-200 mm (ancho)<\/li>    <li>Velocidad de embalaje: 5-30 bolsas\/min<\/li>    <li>Rango de medici\u00f3n: 5-1000 ml<\/li>    <li>Consumo de aire: 0,65 mpa<\/li>    <li>Consumo de gas: 0,3 m\u00b3\/min<\/li>    <li>Voltaje: 220V<\/li>    <li>Potencia: 2,2 KW<\/li>    <li>Dimensi\u00f3n: (L)1320mm\u00d7(W)950mm\u00d7(H)1360mm<\/li>    <li>Peso: 540 kg.<\/li>    <li>Nota: personalizado disponible<\/li> <\/ul> <\/div> <\/div>    <div class=\"wp-block-columns is-layout-flex wp-container-core-columns-is-layout-28f84493 wp-block-columns-is-layout-flex\"> <div class=\"wp-block-column is-layout-flow wp-block-column-is-layout-flow\"> <figure class=\"wp-block-image size-large\"><img loading=\"lazy\" decoding=\"async\" width=\"600\" height=\"450\" src=\"https:\/\/tianhuipackingmachine.com\/wp-content\/uploads\/2021\/05\/single-room-vacuum-packing-machine.jpg\" alt=\"M\u00e1quina envasadora al vac\u00edo de una sola habitaci\u00f3n a la venta\" class=\"wp-image-660\" srcset=\"https:\/\/tianhuipackingmachine.com\/wp-content\/uploads\/2021\/05\/single-room-vacuum-packing-machine.jpg 600w, https:\/\/tianhuipackingmachine.com\/wp-content\/uploads\/2021\/05\/single-room-vacuum-packing-machine-300x225.jpg 300w\" sizes=\"auto, (max-width: 600px) 100vw, 600px\" \/><figcaption class=\"wp-element-caption\">M\u00e1quina de envasado al vac\u00edo de habitaci\u00f3n individual <\/figcaption><\/figure> <\/div>    <div class=\"wp-block-column is-layout-flow wp-block-column-is-layout-flow\"> <h3 class=\"has-text-color wp-block-heading\" style=\"color:#ff5200\">Par\u00e1metros de la m\u00e1quina envasadora al vac\u00edo de c\u00e1mara \u00fanica<\/h3>    <ul class=\"wp-block-list\"> <li>Voltaje: 220V\/50HZ<\/li>    <li>Potencia de la bomba de vac\u00edo: 0,9 KW<\/li>    <li>Poder de sellado: 0,6 KW<\/li>    <li>Presi\u00f3n absoluta: 0,1pa<\/li>    <li>N\u00famero de tiras de sellado: 1<\/li>    <li>Tama\u00f1o de las tiras de sellado: 500 mm * 10 mm * 2<\/li>    <li>Material de la c\u00e1mara: acero inoxidable 304<\/li>    <li>Material de la cubierta: vidrio org\u00e1nico<\/li>    <li>Tama\u00f1o de la c\u00e1mara: 525*520*130<\/li>    <li>Tama\u00f1o de la m\u00e1quina: 650*580*960<\/li>    <li>Peso de la m\u00e1quina: 80 kg<\/li> <\/ul> <\/div> <\/div>    <h2 class=\"wp-block-heading\"><strong>Caracter\u00edsticas y beneficios de la m\u00e1quina envasadora peque\u00f1a.<\/strong><strong><\/strong><\/h2>    <ol class=\"wp-block-list\" type=\"1\"> <li>Estructura compacta y peque\u00f1a \u00e1rea ocupada;<\/li>    <li>F\u00e1cil de instalar, operar y reemplazar el formador de bolsas;<\/li>    <li>Bajo costo, buena calidad y funcionamiento silencioso;<\/li>    <li>Hay cuatro ruedas en la parte inferior de la peque\u00f1a m\u00e1quina envasadora, f\u00e1ciles de mover;<\/li>    <li>El formador de bolsas puede fabricar bolsas con sello posterior, sello de 3 lados, sello de 4 lados o pir\u00e1mide;<\/li>    <li>Un panel controlador inteligente para configurar los par\u00e1metros de embalaje es f\u00e1cil de operar;<\/li>    <li>El bot\u00f3n de emergencia est\u00e1 equipado en una peque\u00f1a m\u00e1quina empaquetadora como medida de seguridad.<\/li>    <li>Servicio de personalizaci\u00f3n disponible.<\/li> <\/ol>    <h2 class=\"wp-block-heading\">Envasado de bolsas de polvo y sellado al vac\u00edo de c\u00e1mara \u00fanica<\/h2>    <div class=\"wp-block-columns is-layout-flex wp-container-core-columns-is-layout-28f84493 wp-block-columns-is-layout-flex\"> <div class=\"wp-block-column is-layout-flow wp-block-column-is-layout-flow\"><figure class=\"wp-block-embed-youtube wp-block-embed is-type-video is-provider-youtube wp-embed-aspect-16-9 wp-has-aspect-ratio\"><div class=\"lyte-wrapper\" title=\"Empaquetadora autom\u00e1tica de bolsas de polvo | Adecuado para harina, especias, leche en polvo, caf\u00e9 en polvo, etc.\" style=\"width:853px;max-width:100%;margin:5px auto;\"><div class=\"lyMe\" id=\"WYL_-dsZnBZpzUg\" itemprop=\"video\" itemscope itemtype=\"https:\/\/schema.org\/VideoObject\"><div><meta itemprop=\"thumbnailUrl\" content=\"https:\/\/i.ytimg.com\/vi\/-dsZnBZpzUg\/hqdefault.jpg\" \/><meta itemprop=\"embedURL\" content=\"https:\/\/www.youtube.com\/embed\/-dsZnBZpzUg\" \/><meta itemprop=\"duration\" content=\"PT46S\" \/><meta itemprop=\"uploadDate\" content=\"2021-07-30T02:35:20Z\" \/><\/div><div id=\"lyte_-dsZnBZpzUg\" data-src=\"https:\/\/i.ytimg.com\/vi\/-dsZnBZpzUg\/hqdefault.jpg\" class=\"pL\"><div class=\"tC\"><div class=\"tT\" itemprop=\"name\">Empaquetadora autom\u00e1tica de bolsas de polvo | Adecuado para harina, especias, leche en polvo, caf\u00e9 en polvo, etc.<\/div><\/div><div class=\"play\"><\/div><div class=\"ctrl\"><div class=\"Lctrl\"><\/div><div class=\"Rctrl\"><\/div><\/div><\/div><noscript><a href=\"https:\/\/youtu.be\/-dsZnBZpzUg\" rel=\"nofollow noopener\" target=\"_blank\"><img loading=\"lazy\" decoding=\"async\" src=\"https:\/\/i.ytimg.com\/vi\/-dsZnBZpzUg\/0.jpg\" alt=\"Empaquetadora autom\u00e1tica de bolsas de polvo | Adecuado para harina, especias, leche en polvo, caf\u00e9 en polvo, etc.\" width=\"853\" height=\"460\" \/><\/a><\/noscript><meta itemprop=\"description\" content=\"#powderpackingmachine #powderfillingmachines #bagpacking If you are interested in this machine, welcome to contact us to get a free quotation \ud83d\ude04 Email: sales@tianhuipackingmachine.com Whatsapp\/Tel: +86 17329326135 Useful reference: https:\/\/tianhuipackingmachine.com\/powder-packing-machine\/ ------------------------------------------------------------------- Automatic powder pouch packaging machine is high efficient and accurate, applying to flour, spice, milk powder, coffee powder, chili powder, detergent powder, ginger powder, cornflour, cocoa powder, dyes powder, etc. This type is suitable for 0-80g per bag. And we also provide other types for 0-1kg, 1-3kg, 1-5kg, or 5-50kg per bag. ------------------------------------------------------------------- You may also like these videos\ud83d\udc49 1-3kg powder packing machine https:\/\/www.youtube.com\/watch?v=-Tbkx7gq6EY Detergent powder packing machine https:\/\/www.youtube.com\/watch?v=1ZOv-MtMBzU Dry powder grinding machine https:\/\/www.youtube.com\/watch?v=6Wacp-y2C6A&amp;t=1s ------------------------------------------------------------------- Email: sales@tianhuipackingmachine.com Whatsapp\/Tel: +86 17329326135 Useful reference: https:\/\/tianhuipackingmachine.com\/powder-packing-machine\/\"><\/div><\/div><div class=\"lL\" style=\"max-width:100%;width:853px;margin:5px auto;\"> <a href=\"https:\/\/youtu.be\/-dsZnBZpzUg\" target=\"_blank\" rel=\"noopener\">Ver este v\u00eddeo en YouTube<\/a>.<\/div><figcaption><\/figcaption><\/figure><\/div>    <div class=\"wp-block-column is-layout-flow wp-block-column-is-layout-flow\"><figure class=\"wp-block-embed-youtube wp-block-embed is-type-video is-provider-youtube wp-embed-aspect-16-9 wp-has-aspect-ratio\"><div class=\"lyte-wrapper\" title=\"M\u00e1quina de envasado al vac\u00edo de c\u00e1mara \u00fanica | Sellador al vac\u00edo para habitaci\u00f3n individual\" style=\"width:853px;max-width:100%;margin:5px auto;\"><div class=\"lyMe\" id=\"WYL_g91PoEzoRlQ\" itemprop=\"video\" itemscope itemtype=\"https:\/\/schema.org\/VideoObject\"><div><meta itemprop=\"thumbnailUrl\" content=\"https:\/\/i.ytimg.com\/vi\/g91PoEzoRlQ\/hqdefault.jpg\" \/><meta itemprop=\"embedURL\" content=\"https:\/\/www.youtube.com\/embed\/g91PoEzoRlQ\" \/><meta itemprop=\"duration\" content=\"PT49S\" \/><meta itemprop=\"uploadDate\" content=\"2021-08-14T10:48:28Z\" \/><\/div><div id=\"lyte_g91PoEzoRlQ\" data-src=\"https:\/\/i.ytimg.com\/vi\/g91PoEzoRlQ\/hqdefault.jpg\" class=\"pL\"><div class=\"tC\"><div class=\"tT\" itemprop=\"name\">M\u00e1quina de envasado al vac\u00edo de c\u00e1mara \u00fanica | Sellador al vac\u00edo para habitaci\u00f3n individual<\/div><\/div><div class=\"play\"><\/div><div class=\"ctrl\"><div class=\"Lctrl\"><\/div><div class=\"Rctrl\"><\/div><\/div><\/div><noscript><a href=\"https:\/\/youtu.be\/g91PoEzoRlQ\" rel=\"nofollow noopener\" target=\"_blank\"><img loading=\"lazy\" decoding=\"async\" src=\"https:\/\/i.ytimg.com\/vi\/g91PoEzoRlQ\/0.jpg\" alt=\"M\u00e1quina de envasado al vac\u00edo de c\u00e1mara \u00fanica | Sellador al vac\u00edo para habitaci\u00f3n individual\" width=\"853\" height=\"460\" \/><\/a><\/noscript><meta itemprop=\"description\" content=\"Single chamber vacuum packing machine has a widespread application in a variety of food in order to prevent oxidization and prolong shelf life, such as sausage, bacon, roast duck, dried tofu, beef, mutton, pork, chicken, fruit, vegetables, butter, nuts, dried fruit, biscuits, corns, peanut, flour, etc. Get more details: https:\/\/tianhuipackingmachine.com\/single-chamber-vacuum-packaging-machine\/ Email: toppacking@163.com Whatsapp\/Tel: +86 17329326135\"><\/div><\/div><div class=\"lL\" style=\"max-width:100%;width:853px;margin:5px auto;\"> <a href=\"https:\/\/youtu.be\/g91PoEzoRlQ\" target=\"_blank\" rel=\"noopener\">Ver este v\u00eddeo en YouTube<\/a>.<\/div><figcaption><\/figcaption><\/figure><\/div> <\/div>    <h2 class=\"wp-block-heading\"><strong>Precio de la m\u00e1quina envasadora peque\u00f1a <\/strong><strong><\/strong><\/h2>    <p class=\"translation-block\">El precio de las m\u00e1quinas de envasado peque\u00f1as est\u00e1 relacionado con la m\u00e1quina que elija. Los equipos de envasado peque\u00f1os para polvo, gr\u00e1nulos, l\u00edquidos o envasado al vac\u00edo difieren bastante en precio debido a sus estructuras. Para controlar el volumen de llenado, la **<a href=\"https:\/\/tianhuipackingmachine.com\/es\/powder-packing-machine\/\">m\u00e1quina de envasado de polvo<\/a>** adopta un tornillo, pero la m\u00e1quina de envasado de gr\u00e1nulos utiliza generalmente una plataforma giratoria con tazas medidoras. La m\u00e1quina de envasado de l\u00edquidos est\u00e1 equipada con una bomba para la carga, medici\u00f3n y llenado. <\/p>    <p class=\"translation-block\">Mientras que la mayor\u00eda de las **<a href=\"https:\/\/tianhuipackingmachine.com\/es\/single-chamber-vacuum-packaging-machine\/\">m\u00e1quinas de envasado al vac\u00edo de c\u00e1mara \u00fanica<\/a>** peque\u00f1as tienen una sala de vac\u00edo. Adem\u00e1s, los diferentes modelos del mismo tipo de m\u00e1quina de envasado peque\u00f1a tambi\u00e9n difieren en precio. Sus velocidades de envasado, tama\u00f1os de pel\u00edcula de envasado y los tipos de dispositivos de sellado y corte son los factores que afectan el precio. Adem\u00e1s, admitimos el servicio OEM. Cont\u00e1ctenos hoy para obtener el mejor precio.<\/p>    <h2 class=\"wp-block-heading\"><strong>M\u00faltiples aplicaciones de peque\u00f1os equipos de embalaje.<\/strong><\/h2>    <p>La m\u00e1quina empacadora peque\u00f1a tiene una aplicaci\u00f3n generalizada en el campo de alimentos, productos qu\u00edmicos de uso diario, farmacia, etc. Existe una variedad de alimentos que se pueden envasar con una m\u00e1quina empacadora de alimentos peque\u00f1a. Para polvos, como caf\u00e9 en polvo, leche en polvo, especias en polvo, harina, maicena, etc., elegir una m\u00e1quina envasadora de polvo peque\u00f1a es excelente. La m\u00e1quina envasadora de gr\u00e1nulos peque\u00f1os es adecuada para gr\u00e1nulos peque\u00f1os, como granos de caf\u00e9, habas, semillas de mel\u00f3n, soja verde, dulces, man\u00ed, avena, arroz, etc. La m\u00e1quina envasadora de l\u00edquidos se aplica a agua, leche, jugo, etc. <\/p>    <p>Mientras que la m\u00e1quina envasadora al vac\u00edo peque\u00f1a de una sola c\u00e1mara puede envasar carne fresca, verduras, frutas, arroz y granos agotando el aire en la bolsa de envasado. El envasado al vac\u00edo previene la oxidaci\u00f3n, el moho, los insectos, la humedad, prolongando el periodo de almacenamiento y manteniendo su color. Puede elegir el equipo de embalaje peque\u00f1o seg\u00fan sus necesidades.<\/p>    <div class=\"wp-block-columns is-layout-flex wp-container-core-columns-is-layout-28f84493 wp-block-columns-is-layout-flex\"> <div class=\"wp-block-column is-layout-flow wp-block-column-is-layout-flow\"> <div class=\"wp-block-columns is-layout-flex wp-container-core-columns-is-layout-28f84493 wp-block-columns-is-layout-flex\"> <div class=\"wp-block-column is-layout-flow wp-block-column-is-layout-flow\"> <figure class=\"wp-block-image size-large\"><img loading=\"lazy\" decoding=\"async\" width=\"600\" height=\"450\" src=\"https:\/\/tianhuipackingmachine.com\/wp-content\/uploads\/2021\/07\/snacks-packing-equipment-applications.jpg\" alt=\"aplicaciones de equipos de embalaje de gr\u00e1nulos\" class=\"wp-image-1712\" srcset=\"https:\/\/tianhuipackingmachine.com\/wp-content\/uploads\/2021\/07\/snacks-packing-equipment-applications.jpg 600w, https:\/\/tianhuipackingmachine.com\/wp-content\/uploads\/2021\/07\/snacks-packing-equipment-applications-300x225.jpg 300w\" sizes=\"auto, (max-width: 600px) 100vw, 600px\" \/><figcaption class=\"wp-element-caption\">Aplicaciones de equipos de embalaje de gr\u00e1nulos<\/figcaption><\/figure> <\/div> <\/div> <\/div>    <div class=\"wp-block-column is-layout-flow wp-block-column-is-layout-flow\"> <div class=\"wp-block-columns is-layout-flex wp-container-core-columns-is-layout-28f84493 wp-block-columns-is-layout-flex\"> <div class=\"wp-block-column is-layout-flow wp-block-column-is-layout-flow\"> <figure class=\"wp-block-image size-large\"><img loading=\"lazy\" decoding=\"async\" width=\"720\" height=\"484\" src=\"https:\/\/tianhuipackingmachine.com\/wp-content\/uploads\/2021\/05\/liquid-packing-products-display.jpg\" alt=\"exhibici\u00f3n de productos de embalaje de l\u00edquidos\" class=\"wp-image-720\" srcset=\"https:\/\/tianhuipackingmachine.com\/wp-content\/uploads\/2021\/05\/liquid-packing-products-display.jpg 720w, https:\/\/tianhuipackingmachine.com\/wp-content\/uploads\/2021\/05\/liquid-packing-products-display-300x202.jpg 300w, https:\/\/tianhuipackingmachine.com\/wp-content\/uploads\/2021\/05\/liquid-packing-products-display-272x182.jpg 272w\" sizes=\"auto, (max-width: 720px) 100vw, 720px\" \/><figcaption class=\"wp-element-caption\">Exhibici\u00f3n de productos de embalaje de l\u00edquidos<\/figcaption><\/figure> <\/div> <\/div> <\/div> <\/div>    <h2 class=\"wp-block-heading\"><strong>\u00bfPor qu\u00e9 elegirnos como su principal proveedor de m\u00e1quinas envasadoras peque\u00f1as? <\/strong><\/h2>    <ol class=\"wp-block-list\" type=\"1\"> <li>Nuestra compa\u00f1\u00eda, <strong><a href=\"https:\/\/tianhuipackingmachine.com\/es\/\">Henan Top Packing Machinery Co., Ltd,<\/a><\/strong> fue fundada en 1992 y nos dedicamos a m\u00e1quinas empacadoras durante casi 30 a\u00f1os. Acumulamos mucha experiencia en la fabricaci\u00f3n y suministro de peque\u00f1os equipos de embalaje.<\/li>    <li>Contamos con un sistema extremadamente de inspecci\u00f3n para nuestros productos. Antes del env\u00edo, le enviaremos fotos y v\u00eddeos. Y ofrecemos 24 meses de garant\u00eda y servicio en l\u00ednea las 24 horas. Adem\u00e1s, hay v\u00eddeos y manuales en ingl\u00e9s disponibles para ayudarle a instalar y utilizar la m\u00e1quina.<\/li>    <li>No solo somos proveedores sino tambi\u00e9n fabricantes. Adoptamos ventas directas de f\u00e1brica con el mejor precio y garant\u00eda de calidad. Y apoyamos los servicios OEM seg\u00fan sus requisitos espec\u00edficos. Podemos ajustar el voltaje seg\u00fan su pa\u00eds.<\/li> <\/ol>    <h2 class=\"wp-block-heading\"><strong>Servicio postventa<\/strong><\/h2>    <p>Proporcionamos un manual en ingl\u00e9s y un v\u00eddeo de ense\u00f1anza para ayudarle a instalar y operar la m\u00e1quina. Y ofrecemos 24 meses de garant\u00eda de calidad y mantenimiento de por vida. Si la m\u00e1quina tiene un problema cuando la usa, puede enviarnos un v\u00eddeo de comentarios. Verificaremos qu\u00e9 sucedi\u00f3 despu\u00e9s de recibir su video y luego le responderemos lo antes posible. Si el problema se debe a una operaci\u00f3n incorrecta, podemos proporcionarle componentes del equipo al precio original. Si no se debe a un comportamiento inadecuado, proporcionamos los componentes de la m\u00e1quina de forma gratuita. Durante todo el proceso, el servicio en l\u00ednea las 24 horas est\u00e1 disponible para usted.<\/p>    <figure class=\"wp-block-image aligncenter size-full\"><img loading=\"lazy\" decoding=\"async\" width=\"750\" height=\"500\" src=\"https:\/\/tianhuipackingmachine.com\/wp-content\/uploads\/2021\/07\/customer-visit.jpg\" alt=\"visita de cliente\" class=\"wp-image-1970\" srcset=\"https:\/\/tianhuipackingmachine.com\/wp-content\/uploads\/2021\/07\/customer-visit.jpg 750w, https:\/\/tianhuipackingmachine.com\/wp-content\/uploads\/2021\/07\/customer-visit-300x200.jpg 300w\" sizes=\"auto, (max-width: 750px) 100vw, 750px\" \/><figcaption class=\"wp-element-caption\">Visita de cliente<\/figcaption><\/figure>    <h2 class=\"wp-block-heading\"><strong>Cont\u00e1ctenos pronto para obtener el mejor precio.<\/strong><strong><\/strong><\/h2>    <p class=\"translation-block\">La m\u00e1quina de envasado peque\u00f1a es peque\u00f1a y exquisita, con un espacio ocupado reducido. Hay varios tipos de m\u00e1quinas de envasado peque\u00f1as en venta en nuestra empresa. Adem\u00e1s de las m\u00e1quinas de envasado peque\u00f1as para polvo, gr\u00e1nulos, l\u00edquidos y al vac\u00edo, tambi\u00e9n ofrecemos m\u00e1quinas de envasado peque\u00f1as espec\u00edficas, como m\u00e1quinas de envasado de especias, m\u00e1quinas de envasado de caf\u00e9, **<a href=\"https:\/\/tianhuipackingmachine.com\/es\/tea-packaging-machine\/\">m\u00e1quinas de envasado de bolsas de t\u00e9<\/a>**, m\u00e1quinas de envasado de arroz, etc. La estructura de la m\u00e1quina de envasado peque\u00f1a es de f\u00e1cil instalaci\u00f3n, operaci\u00f3n y reemplazo del formador de bolsas. Funciona de manera estable con bajo ruido, bajo costo y alta calidad. Adem\u00e1s, ofrecemos servicio personalizado. Si est\u00e1 interesado en nuestros productos de m\u00e1quinas de envasado, **<a href=\"https:\/\/tianhuipackingmachine.com\/es\/contacto\/\">cont\u00e1ctenos pronto<\/a>** para obtener m\u00e1s detalles y el mejor precio.<\/p>","protected":false},"excerpt":{"rendered":"<p>Small packing machine is a tool that is used to package small items, such as food, household goods, or other consumer products, in small quantities. These machines are typically used in small businesses, such as convenience stores, delis, or small manufacturing operations, and are designed to be compact, easy to use, and cost-effective. Some common [&hellip;]<\/p>\n","protected":false},"author":1,"featured_media":1486,"parent":0,"template":"","tags":[164],"product-type":[145],"class_list":["post-1637","product","type-product","status-publish","has-post-thumbnail","hentry","tag-packing-machine","product-type-other-products"],"_links":{"self":[{"href":"https:\/\/tianhuipackingmachine.com\/es\/wp-json\/wp\/v2\/product\/1637","targetHints":{"allow":["GET"]}}],"collection":[{"href":"https:\/\/tianhuipackingmachine.com\/es\/wp-json\/wp\/v2\/product"}],"about":[{"href":"https:\/\/tianhuipackingmachine.com\/es\/wp-json\/wp\/v2\/types\/product"}],"author":[{"embeddable":true,"href":"https:\/\/tianhuipackingmachine.com\/es\/wp-json\/wp\/v2\/users\/1"}],"wp:featuredmedia":[{"embeddable":true,"href":"https:\/\/tianhuipackingmachine.com\/es\/wp-json\/wp\/v2\/media\/1486"}],"wp:attachment":[{"href":"https:\/\/tianhuipackingmachine.com\/es\/wp-json\/wp\/v2\/media?parent=1637"}],"wp:term":[{"taxonomy":"post_tag","embeddable":true,"href":"https:\/\/tianhuipackingmachine.com\/es\/wp-json\/wp\/v2\/tags?post=1637"},{"taxonomy":"product-type","embeddable":true,"href":"https:\/\/tianhuipackingmachine.com\/es\/wp-json\/wp\/v2\/product-type?post=1637"}],"curies":[{"name":"wp","href":"https:\/\/api.w.org\/{rel}","templated":true}]}}