{"id":1455,"date":"2021-06-25T10:31:26","date_gmt":"2021-06-25T02:31:26","guid":{"rendered":"https:\/\/tianhuipackingmachine.com\/?page_id=1455"},"modified":"2022-09-26T14:04:22","modified_gmt":"2022-09-26T06:04:22","slug":"automatic-packing-machine","status":"publish","type":"product","link":"https:\/\/tianhuipackingmachine.com\/es\/automatic-packing-machine\/","title":{"rendered":"M\u00e1quina envasadora autom\u00e1tica"},"content":{"rendered":"<p class=\"translation-block\"><strong>M\u00e1quina de envasado autom\u00e1tica <\/strong>ha sido aplicada a alimentos, bebidas, medicinas, hardware, trabajos de madera, etc. Podemos ver productos envasados por todas partes en nuestra vida diaria. Diferentes tipos y tama\u00f1os de envases han satisfecha enormemente las necesidades de las personas. Las personas no solo notar\u00e1n el producto en s\u00ed, sino que tambi\u00e9n considerar\u00e1n su envasado cuando compren algo. Un envase bonito y ordenado atraer\u00e1 a muchos clientes. Adem\u00e1s, una excelente m\u00e1quina de envasado autom\u00e1tica puede mejorar notablemente la eficiencia y ahorrar mano de obra. Seg\u00fan el grado de automatizaci\u00f3n, el equipo de envasado se divide en m\u00e1quina de envasado totalmente autom\u00e1tica y m\u00e1quina de envasado semiautom\u00e1tica. Puedes elegir una m\u00e1quina de envasado adecuada en funci\u00f3n de tus necesidades. Y ofrecemos servicio personalizado. Cont\u00e1ctanos para obtener m\u00e1s informaci\u00f3n.<\/p>    <h2 class=\"wp-block-heading\" id=\"h-various-types-of-automatic-packing-machine-for-sale\"><strong>Se venden varios tipos de m\u00e1quinas envasadoras autom\u00e1ticas.<\/strong><\/h2>    <p>Las m\u00e1quinas envasadoras autom\u00e1ticas a la venta en TOP Packing Machinery son principalmente m\u00e1quinas envasadoras de polvo, equipos de envasado de gr\u00e1nulos, equipos de envasado de l\u00edquidos, m\u00e1quinas envasadoras al vac\u00edo, equipos de envasado vertical, m\u00e1quinas envasadoras de almohadas, etc. Las m\u00e1quinas envasadoras de polvo, gr\u00e1nulos y l\u00edquidos suelen ser equipos de envasado vertical. Una m\u00e1quina envasadora al vac\u00edo se utiliza para envasar alimentos perecederos, como carne fresca, frutas, verduras, etc. Mientras que la m\u00e1quina envasadora en forma de almohada es adecuada para productos de formas regulares, como pan, pastel de luna, galletas, mascarillas, ropa, etc. Si desea empacar varias bolsas peque\u00f1as en una sola bolsa, es una buena idea seleccionar un equipo de empaque tipo almohada. Adem\u00e1s, tambi\u00e9n ofrecemos m\u00e1quinas empacadoras autom\u00e1ticas espec\u00edficas, como una m\u00e1quina empacadora autom\u00e1tica de bolsas de t\u00e9 que puede completar todo el proceso de empaque de la bolsa interior y exterior autom\u00e1ticamente. Mientras tanto, el servicio de personalizaci\u00f3n est\u00e1 disponible. Si est\u00e1 interesado en nuestros productos, cont\u00e1ctenos para m\u00e1s detalles.<\/p>    <div class=\"wp-block-columns is-layout-flex wp-container-core-columns-is-layout-28f84493 wp-block-columns-is-layout-flex\"> <div class=\"wp-block-column is-layout-flow wp-block-column-is-layout-flow\"> <figure class=\"wp-block-image size-large\"><img loading=\"lazy\" decoding=\"async\" width=\"600\" height=\"450\" src=\"https:\/\/tianhuipackingmachine.com\/wp-content\/uploads\/2021\/06\/powder-pouch-packing-machine-2.jpg\" alt=\"proveedor de m\u00e1quinas empacadoras de bolsas de polvo\" class=\"wp-image-1351\" srcset=\"https:\/\/tianhuipackingmachine.com\/wp-content\/uploads\/2021\/06\/powder-pouch-packing-machine-2.jpg 600w, https:\/\/tianhuipackingmachine.com\/wp-content\/uploads\/2021\/06\/powder-pouch-packing-machine-2-300x225.jpg 300w\" sizes=\"auto, (max-width: 600px) 100vw, 600px\" \/><figcaption>M\u00e1quina empacadora de bolsas de polvo<\/figcaption><\/figure> <\/div>    <div class=\"wp-block-column is-layout-flow wp-block-column-is-layout-flow\"> <h3 class=\"has-text-color wp-block-heading\" id=\"h-1-80g-automatic-powder-packing-machine-parameters\" style=\"color:#ff5200\">Par\u00e1metros de la m\u00e1quina envasadora autom\u00e1tica de polvo de 1-80 g<\/h3>    <ul class=\"wp-block-list\"><li>Estilo de embalaje (estilo bolsa): sello de 3 lados\/sello trasero\/sello de 4 lados<\/li><li>Velocidad de embalaje: 20-80 bolsas\/min<\/li><li>Consumo de energ\u00eda: 1,8 kw<\/li><li>Consumo de energ\u00eda: 1,8 kw<\/li><li>Peso: 250 kg<\/li><li>Dimensiones: 650*1050*1950mm<\/li><li>Peso del embalaje: 0-80g<\/li><li>Ancho de la bolsa: 20-150 mm (reemplace la bolsa anterior)<\/li><li>Longitud de la bolsa: ajuste de 30-180 mm<\/li><li>Nota: servicio personalizado disponible<\/li><\/ul> <\/div> <\/div>    <div class=\"wp-block-columns is-layout-flex wp-container-core-columns-is-layout-28f84493 wp-block-columns-is-layout-flex\"> <div class=\"wp-block-column is-layout-flow wp-block-column-is-layout-flow\"> <figure class=\"wp-block-image size-large\"><img loading=\"lazy\" decoding=\"async\" width=\"600\" height=\"450\" src=\"https:\/\/tianhuipackingmachine.com\/wp-content\/uploads\/2021\/06\/automatic-granule-packing-machine.jpg\" alt=\"empaquetadora autom\u00e1tica de gr\u00e1nulos\" class=\"wp-image-1457\" srcset=\"https:\/\/tianhuipackingmachine.com\/wp-content\/uploads\/2021\/06\/automatic-granule-packing-machine.jpg 600w, https:\/\/tianhuipackingmachine.com\/wp-content\/uploads\/2021\/06\/automatic-granule-packing-machine-300x225.jpg 300w\" sizes=\"auto, (max-width: 600px) 100vw, 600px\" \/><figcaption>Empaquetadora autom\u00e1tica de gr\u00e1nulos<\/figcaption><\/figure> <\/div>    <div class=\"wp-block-column is-layout-flow wp-block-column-is-layout-flow\"> <h3 class=\"has-text-color wp-block-heading\" id=\"h-th-320-granule-packing-machine-parameters\" style=\"color:#ff5200\">Par\u00e1metros de la m\u00e1quina empacadora de gr\u00e1nulos TH-320<\/h3>    <ul class=\"wp-block-list\"><li>Estilo de bolsa: Sello trasero<\/li><li>Velocidad de embalaje: 32-72 bolsas\/min o 50-100 bolsas\/min<\/li><li>Longitud de la bolsa: 30-180 mm<\/li><li>Ancho de la bolsa: 25-145 mm (es necesario reemplazar el anterior)<\/li><li>Rango de llenado: 22-220 ml<\/li><li>Consumo de energ\u00eda: 1,8 KW<\/li><li>Peso: 250 kg<\/li><li>Dimensiones: 650*1050*1950mm<\/li><li>Tama\u00f1o del cart\u00f3n: 1100*750*1820mm<\/li><li>Nota: Servicio OEM disponible<\/li><\/ul> <\/div> <\/div>    <div class=\"wp-block-columns is-layout-flex wp-container-core-columns-is-layout-28f84493 wp-block-columns-is-layout-flex\"> <div class=\"wp-block-column is-layout-flow wp-block-column-is-layout-flow\"> <figure class=\"wp-block-image size-large\"><img loading=\"lazy\" decoding=\"async\" width=\"600\" height=\"450\" src=\"https:\/\/tianhuipackingmachine.com\/wp-content\/uploads\/2021\/06\/automatic-liquid-packing-machine.jpg\" alt=\"empaquetadora autom\u00e1tica de l\u00edquidos\" class=\"wp-image-1460\" srcset=\"https:\/\/tianhuipackingmachine.com\/wp-content\/uploads\/2021\/06\/automatic-liquid-packing-machine.jpg 600w, https:\/\/tianhuipackingmachine.com\/wp-content\/uploads\/2021\/06\/automatic-liquid-packing-machine-300x225.jpg 300w\" sizes=\"auto, (max-width: 600px) 100vw, 600px\" \/><figcaption>M\u00e1quina autom\u00e1tica de envasado de l\u00edquidos<\/figcaption><\/figure> <\/div>    <div class=\"wp-block-column is-layout-flow wp-block-column-is-layout-flow\"> <h3 class=\"has-text-color wp-block-heading\" id=\"h-th-420-liquid-packaging-machine-parameters\" style=\"color:#ff5200\">Par\u00e1metros de la m\u00e1quina envasadora de l\u00edquidos TH-420<\/h3>    <ul class=\"wp-block-list\"><li>Tipo: m\u00e1quina envasadora de l\u00edquidos TH-420<\/li><li>Longitud de la bolsa: 80-300 mm (largo)<\/li><li>Ancho de la bolsa: 50-200 mm (ancho)<\/li><li>Velocidad de embalaje: 5-30 bolsas\/min<\/li><li>Rango de medici\u00f3n: 5-1000 ml<\/li><li>Consumo de aire: 0,65 mpa<\/li><li>Consumo de gas: 0,3 m\u00b3\/min<\/li><li>Voltaje: 220V<\/li><li>Potencia: 2,2 KW<\/li><li>Dimensi\u00f3n: (L)1320mm\u00d7(W)950mm\u00d7(H)1360mm<\/li><li>Peso: 540 kg.<\/li><li>Nota: Servicio personalizado disponible<\/li><\/ul> <\/div> <\/div>    <div class=\"wp-block-columns is-layout-flex wp-container-core-columns-is-layout-28f84493 wp-block-columns-is-layout-flex\"> <div class=\"wp-block-column is-layout-flow wp-block-column-is-layout-flow\"> <figure class=\"wp-block-image size-full\"><img loading=\"lazy\" decoding=\"async\" width=\"600\" height=\"450\" src=\"https:\/\/tianhuipackingmachine.com\/wp-content\/uploads\/2021\/12\/automatic-pillow-packing-machine.jpg\" alt=\"empaquetadora autom\u00e1tica de almohadas\" class=\"wp-image-3611\" srcset=\"https:\/\/tianhuipackingmachine.com\/wp-content\/uploads\/2021\/12\/automatic-pillow-packing-machine.jpg 600w, https:\/\/tianhuipackingmachine.com\/wp-content\/uploads\/2021\/12\/automatic-pillow-packing-machine-480x360.jpg 480w\" sizes=\"auto, (max-width: 600px) 100vw, 600px\" \/><figcaption>Empaquetadora autom\u00e1tica de almohadas<\/figcaption><\/figure> <\/div>    <div class=\"wp-block-column is-layout-flow wp-block-column-is-layout-flow\"> <h3 class=\"has-text-color wp-block-heading\" id=\"h-th-450-pillow-packing-equipment-parameters\" style=\"color:#ff5200\">Par\u00e1metros del equipo de embalaje tipo almohada TH-450<\/h3>    <ul class=\"wp-block-list\" id=\"block-2b2732e3-9ecb-491e-b7cd-ef8fd6cac921\"><li>Ancho de la pel\u00edcula: m\u00e1ximo 450 mm<\/li><li>Longitud de la bolsa: 130-450 mm<\/li><li>Ancho de la bolsa: 50-80 mm<\/li><li>Altura del producto: m\u00e1x. 70 mm<\/li><li>Velocidad de embalaje: 30-180 bolsas\/min<\/li><li>Potencia: 220 V, 50\/60 HZ, 2,6 KVA.<\/li><li>Peso: 900 kilogramos<\/li><li>Dimensi\u00f3n: 4020*745*1450 mil\u00edmetro<\/li><li>Nota: Personalizaci\u00f3n disponible<\/li><\/ul> <\/div> <\/div>    <h2 class=\"wp-block-heading\" id=\"h-fully-automatic-packaging-machine-vs-semi-automatic-packing-machine\"><strong>M\u00e1quina envasadora completamente autom\u00e1tica VS m\u00e1quina envasadora semiautom\u00e1tica<\/strong><\/h2>    <p>Existen similitudes y diferencias entre los equipos de embalaje completamente autom\u00e1ticos y los equipos de embalaje semiautom\u00e1ticos, como se detalla a continuaci\u00f3n. En primer lugar, independientemente de las m\u00e1quinas envasadoras totalmente autom\u00e1ticas o semiautom\u00e1ticas, en comparaci\u00f3n con el trabajo totalmente manual, ambas mejoran hasta cierto punto la eficiencia del trabajo. En segundo lugar, su pesaje y llenado son bastante precisos y c\u00f3modos. En tercer lugar, una m\u00e1quina empacadora completamente autom\u00e1tica puede completar todo el proceso de formaci\u00f3n de bolsas, impresi\u00f3n de fechas, pesaje, llenado, sellado, corte y conteo. Mientras que los equipos de envasado semiautom\u00e1tico requieren que el personal coloque la bolsa en la m\u00e1quina para llenarla y sellarla. En resumen, los equipos de embalaje totalmente autom\u00e1ticos ahorran m\u00e1s tiempo, mano de obra y trabajan de manera m\u00e1s eficiente que una m\u00e1quina de embalaje semiautom\u00e1tica.<\/p>    <h2 class=\"wp-block-heading\" id=\"h-wide-applications-of-automatic-packing-machine\"><strong>Amplias aplicaciones de la m\u00e1quina envasadora autom\u00e1tica.<\/strong><\/h2>    <p>Los equipos de envasado autom\u00e1tico tienen una amplia aplicaci\u00f3n en diversos tipos de industrias, como las industrias alimentaria, qu\u00edmica de uso diario, cosm\u00e9tica, farmac\u00e9utica, tabaco, t\u00e9, ferreter\u00eda, panader\u00eda, indumentaria, bebidas, salsas, etc. Seg\u00fan el estado de llenado. Materiales, el equipo de envasado autom\u00e1tico incluye m\u00e1quina envasadora de polvo, gr\u00e1nulos, pasta y l\u00edquidos.<\/p>    <ul class=\"wp-block-list\"><li><strong><a href=\"https:\/\/tianhuipackingmachine.com\/es\/powder-packing-machine\/\">M\u00e1quina envasadora de polvo<\/a><\/strong> se aplica a leche en polvo, caf\u00e9 en polvo, pimienta negra en polvo, comino en polvo, masala en polvo, polvo farmac\u00e9utico, harina, harina de ma\u00edz, etc.<\/li><li>El <strong><a href=\"https:\/\/tianhuipackingmachine.com\/es\/empaquetadora-de-granulos\/\">m\u00e1quina envasadora de gr\u00e1nulos<\/a><\/strong> Es adecuado para envasar granos de caf\u00e9, snacks, palomitas de ma\u00edz, patatas fritas, galletas de gambas, arroz, dulces, semillas, cereales, tabletas, peque\u00f1as bolas de acero, detergentes, etc.<\/li><li>El <strong><a href=\"https:\/\/tianhuipackingmachine.com\/es\/liquid-packing-machine\/\">m\u00e1quina envasadora de l\u00edquidos<\/a><\/strong> Es mejor empaquetar el l\u00edquido con buena fluidez, como agua, leche, caf\u00e9, jugo, cerveza, vino, aceite comestible, vinagre, salsa de soja, etc.<\/li><li>Mientras que el equipo de envasado de pasta se aplica a salsa de chocolate, salsa de tomate, salsa de espagueti, aderezos para ensaladas, mantequilla de man\u00ed, mermelada, etc.<\/li><\/ul>    <p class=\"translation-block\">Adem\u00e1s, s\u00f3lidos de formas regulares pueden ser envasados por la m\u00e1quina de envasar a pillow, como toallas, mascarillas, ropa, pan, galletas, etc. Y es buena idea usar<strong><a href=\"https:\/\/tianhuipackingmachine.com\/es\/vacuum-packaging-machine\/\"> m\u00e1quina de envasado al vac\u00edo<\/a><\/strong> para alimentos perecederos, como carne fresca, fruta y verduras, extendiendo su vida \u00fatil.<\/p>    <div class=\"wp-block-columns is-layout-flex wp-container-core-columns-is-layout-28f84493 wp-block-columns-is-layout-flex\"> <div class=\"wp-block-column is-layout-flow wp-block-column-is-layout-flow\"> <figure class=\"wp-block-image size-large\"><img loading=\"lazy\" decoding=\"async\" width=\"600\" height=\"450\" src=\"https:\/\/tianhuipackingmachine.com\/wp-content\/uploads\/2021\/05\/powder-packing-equipment-applications.jpg\" alt=\"aplicaciones de equipos de embalaje de polvo\" class=\"wp-image-700\" srcset=\"https:\/\/tianhuipackingmachine.com\/wp-content\/uploads\/2021\/05\/powder-packing-equipment-applications.jpg 600w, https:\/\/tianhuipackingmachine.com\/wp-content\/uploads\/2021\/05\/powder-packing-equipment-applications-300x225.jpg 300w\" sizes=\"auto, (max-width: 600px) 100vw, 600px\" \/><figcaption>Aplicaciones de equipos de embalaje de polvo<\/figcaption><\/figure> <\/div>    <div class=\"wp-block-column is-layout-flow wp-block-column-is-layout-flow\"> <figure class=\"wp-block-image size-large\"><img loading=\"lazy\" decoding=\"async\" width=\"600\" height=\"450\" src=\"https:\/\/tianhuipackingmachine.com\/wp-content\/uploads\/2021\/05\/horizontal-packing-machine-applications.jpg\" alt=\"aplicaciones de m\u00e1quinas empacadoras horizontales\" class=\"wp-image-748\" srcset=\"https:\/\/tianhuipackingmachine.com\/wp-content\/uploads\/2021\/05\/horizontal-packing-machine-applications.jpg 600w, https:\/\/tianhuipackingmachine.com\/wp-content\/uploads\/2021\/05\/horizontal-packing-machine-applications-300x225.jpg 300w\" sizes=\"auto, (max-width: 600px) 100vw, 600px\" \/><figcaption>Aplicaciones de m\u00e1quinas empacadoras horizontales<\/figcaption><\/figure> <\/div> <\/div>    <h2 class=\"wp-block-heading\" id=\"h-how-to-choose-a-satisfactory-automatic-packing-machine\"><strong>\u00bfC\u00f3mo elegir una empaquetadora autom\u00e1tica satisfactoria?<\/strong><strong><\/strong><\/h2>    <p class=\"translation-block\">Cuando elijas y compres una m\u00e1quina de envasado autom\u00e1tica, debes considerar estos puntos a continuaci\u00f3n. En primer lugar, \u00bfqu\u00e9 materiales de llenado vas a envasar? Podr\u00edas seleccionar entre su estado, polvo, s\u00f3lido, l\u00edquido o pasta. En segundo lugar, \u00bfqu\u00e9 velocidad y tama\u00f1o de envasado quieres? Los distintos tipos de m\u00e1quinas de envasado autom\u00e1tico ofrecen diversas velocidades y tama\u00f1os de envasado. Es mejor que elijas el m\u00e1s adecuado para tus productos. En tercer lugar, \u00bfqu\u00e9 estilo de envasado eliges? Hay sello trasero, sello de 3 lados, sello de 4 lados, bolsa piramidal, etc. Elige entre ellos. Adem\u00e1s, tambi\u00e9n puedes encontrar <strong><a href=\"https:\/\/tianhuipackingmachine.com\/es\/\">un fabricante y proveedor fiables<\/a><\/strong> para personalizar el equipo de acuerdo con tus necesidades reales.<\/p>    <h2 class=\"wp-block-heading\" id=\"h-what-s-the-automatic-packing-equipment-price\"><strong>Qu\u00e9<\/strong><strong>'<\/strong><strong>\u00bfCu\u00e1l es el precio del equipo de embalaje autom\u00e1tico?<\/strong><strong><\/strong><\/h2>    <p>La m\u00e1quina envasadora autom\u00e1tica se ve afectada por muchos factores, principalmente el tipo de m\u00e1quina envasadora. Por ejemplo, el equipo de envasado de polvo, la m\u00e1quina de envasado de gr\u00e1nulos y la m\u00e1quina de envasado de l\u00edquidos son m\u00e1quinas de envasado vertical. El llenado de polvo necesita un tornillo, un gr\u00e1nulo con vaso medidor y un l\u00edquido equipado con tubo y bomba. Adem\u00e1s, el equipo de envasado al vac\u00edo adopta una c\u00e1mara \u00fanica o doble. La m\u00e1quina empacadora de almohadas ofrece dos tipos de cintas transportadoras opcionales, una especie de cinta transportadora con cadena y pestillos de bloqueo, y un tipo de cinta transportadora de pel\u00edcula servo. Estas diferencias hacen que el precio difiera. Adem\u00e1s, le brindamos un servicio personalizado. El precio depende de sus necesidades reales.<\/p>    <h2 class=\"wp-block-heading\" id=\"h-different-structures-of-automatic-packing-equipment\"><strong>Diferentes estructuras de equipos de embalaje autom\u00e1tico.<\/strong><strong><\/strong><\/h2>    <p class=\"translation-block\">El equipo de envasado semiautomatizado est\u00e1 equipado con un tolvar, dispositivo de pesaje, dispositivo de llenado, dispositivo de sellado y corte. Mientras que la m\u00e1quina de envasado totalmente autom\u00e1tica ofrece PLC, tolva, soporte de pel\u00edcula de envasado, formadora de bolsas, ruedas de tracci\u00f3n de pel\u00edcula, dispositivo de sellado y corte. Entre el equipo de envasado totalmente autom\u00e1tico, la m\u00e1quina de envasado de polvo utiliza un tornillo para controlar el volumen de llenado. La m\u00e1quina de envasado de gr\u00e1nulos adopta una taza medidora en la plataforma para el llenado. La m\u00e1quina de envasado de l\u00edquidos llena los materiales con una bomba. Mientras que la m\u00e1quina de envasado al vac\u00edo se divide en <strong><a href=\"https:\/\/tianhuipackingmachine.com\/es\/single-chamber-vacuum-packaging-machine\/\">equipo de envasado al vac\u00edo de c\u00e1mara \u00fanica<\/a><\/strong> y <strong><a href=\"https:\/\/tianhuipackingmachine.com\/es\/double-chamber-vacuum-packaging-machine\/\">equipo de envasado al vac\u00edo de dos c\u00e1maras<\/a><\/strong>. Y hay dos tipos de cintas transportadoras opcionales para la m\u00e1quina de envasado a pillow, una es una cinta transportadora con cadena y ganchos de cierre, y la otra es una cinta transportadora de pel\u00edcula con servo. Esta \u00faltima es m\u00e1s inteligente que la anterior.<\/p>    <div class=\"wp-block-columns is-layout-flex wp-container-core-columns-is-layout-28f84493 wp-block-columns-is-layout-flex\"> <div class=\"wp-block-column is-layout-flow wp-block-column-is-layout-flow\"> <figure class=\"wp-block-image size-large\"><img loading=\"lazy\" decoding=\"async\" width=\"600\" height=\"450\" src=\"https:\/\/tianhuipackingmachine.com\/wp-content\/uploads\/2021\/05\/powder-packing-equipment-parts.jpg\" alt=\"piezas del equipo de embalaje de polvo\" class=\"wp-image-701\" srcset=\"https:\/\/tianhuipackingmachine.com\/wp-content\/uploads\/2021\/05\/powder-packing-equipment-parts.jpg 600w, https:\/\/tianhuipackingmachine.com\/wp-content\/uploads\/2021\/05\/powder-packing-equipment-parts-300x225.jpg 300w\" sizes=\"auto, (max-width: 600px) 100vw, 600px\" \/><figcaption>Piezas de equipos de embalaje de polvo<\/figcaption><\/figure> <\/div>    <div class=\"wp-block-column is-layout-flow wp-block-column-is-layout-flow\"> <figure class=\"wp-block-image size-large\"><img loading=\"lazy\" decoding=\"async\" width=\"600\" height=\"450\" src=\"https:\/\/tianhuipackingmachine.com\/wp-content\/uploads\/2021\/06\/rotary-table-and-measuring-cup.jpg\" alt=\"taza medidora de la m\u00e1quina empacadora\" class=\"wp-image-1053\" srcset=\"https:\/\/tianhuipackingmachine.com\/wp-content\/uploads\/2021\/06\/rotary-table-and-measuring-cup.jpg 600w, https:\/\/tianhuipackingmachine.com\/wp-content\/uploads\/2021\/06\/rotary-table-and-measuring-cup-300x225.jpg 300w\" sizes=\"auto, (max-width: 600px) 100vw, 600px\" \/><figcaption>Mesa giratoria y taza medidora<\/figcaption><\/figure> <\/div> <\/div>    <h2 class=\"wp-block-heading\" id=\"h-features-benefits-of-automatic-packing-equipment\"><strong>Caracter\u00edsticas y beneficios del equipo de embalaje autom\u00e1tico.<\/strong><strong><\/strong><\/h2>    <ol class=\"wp-block-list\" type=\"1\"><li>Estructura simple, f\u00e1cil de instalar y operar;<\/li><li>Los motores el\u00e9ctricos controlan los componentes de la m\u00e1quina por separado, funcionando de manera estable y eficiente;<\/li><li>La m\u00e1quina empacadora completamente autom\u00e1tica adopta un PLC para configurar la velocidad de empaque, la longitud de las bolsas, la temperatura de sellado, etc.;<\/li><li>El equipo de envasado autom\u00e1tico est\u00e1 equipado con una cubierta de vidrio transparente alrededor de los dispositivos de sellado y corte como medida de seguridad;<\/li><li>Los botones de paso y parada de emergencia est\u00e1n dise\u00f1ados para situaciones especiales;<\/li><li>El tornillo se utiliza en una m\u00e1quina envasadora autom\u00e1tica de polvo para controlar el volumen de los materiales de relleno;<\/li><li>Dos ruedas extractoras de pel\u00edcula tiran de la pel\u00edcula para sellarla, asegurando el movimiento de la pel\u00edcula;<\/li><li>Varios estilos de empaque son opcionales, como sello posterior, sello de 3 lados, sello de 4 lados, pir\u00e1mide, etc.;<\/li><li>Cuatro ruedas en la parte inferior de la m\u00e1quina empacadora vertical, f\u00e1ciles de mover.<\/li><li>Servicio OEM disponible<\/li><\/ol>    <h2 class=\"wp-block-heading\" id=\"h-contact-us-and-get-a-custom-automatic-packing-machine\"><strong>Cont\u00e1ctanos y g<\/strong><strong>y<\/strong><strong>&nbsp;<\/strong><strong>Una costumbre<\/strong><strong>&nbsp;m\u00e1quina de embalaje autom\u00e1tica<\/strong><strong><\/strong><\/h2>    <p class=\"translation-block\">Una excelente m\u00e1quina de envasado autom\u00e1tico proteger\u00eda los productos de da\u00f1os, atraer\u00e1 a numerosos clientes, mejorar\u00e1 notablemente la eficiencia y la precisi\u00f3n en el trabajo. Al ver esas m\u00e1quinas de envasado autom\u00e1ticas, \u00bfencuentras una o varias m\u00e1quinas que te interesen? <strong><a href=\"https:\/\/tianhuipackingmachine.com\/es\/contacto\/\">Cont\u00e1ctanos y obt\u00e9n m\u00e1s detalles <\/a><\/strong> sobre nuestros productos. Si quieres personalizar tu propio equipo de envasado autom\u00e1tico, lo fabricaremos de acuerdo con tus requisitos reales. Bienvenido a contactarnos, y haremos nuestro mejor esfuerzo para satisfacer tus necesidades.<\/p>","protected":false},"excerpt":{"rendered":"<p>Automatic packaging machine has been applied to food, drink, medicine, hardware, woodwork, etc. We can see packing products everywhere in our daily life. Different packaging types and sizes have greatly satisfied people&#8217;s needs. People will not only notice the product itself but also consider its packaging when they purchase something. A pretty and neat packing [&hellip;]<\/p>\n","protected":false},"author":1,"featured_media":1351,"parent":0,"template":"","tags":[171],"product-type":[145],"class_list":["post-1455","product","type-product","status-publish","has-post-thumbnail","hentry","tag-automatic-packing-machine","product-type-other-products"],"_links":{"self":[{"href":"https:\/\/tianhuipackingmachine.com\/es\/wp-json\/wp\/v2\/product\/1455","targetHints":{"allow":["GET"]}}],"collection":[{"href":"https:\/\/tianhuipackingmachine.com\/es\/wp-json\/wp\/v2\/product"}],"about":[{"href":"https:\/\/tianhuipackingmachine.com\/es\/wp-json\/wp\/v2\/types\/product"}],"author":[{"embeddable":true,"href":"https:\/\/tianhuipackingmachine.com\/es\/wp-json\/wp\/v2\/users\/1"}],"wp:featuredmedia":[{"embeddable":true,"href":"https:\/\/tianhuipackingmachine.com\/es\/wp-json\/wp\/v2\/media\/1351"}],"wp:attachment":[{"href":"https:\/\/tianhuipackingmachine.com\/es\/wp-json\/wp\/v2\/media?parent=1455"}],"wp:term":[{"taxonomy":"post_tag","embeddable":true,"href":"https:\/\/tianhuipackingmachine.com\/es\/wp-json\/wp\/v2\/tags?post=1455"},{"taxonomy":"product-type","embeddable":true,"href":"https:\/\/tianhuipackingmachine.com\/es\/wp-json\/wp\/v2\/product-type?post=1455"}],"curies":[{"name":"wp","href":"https:\/\/api.w.org\/{rel}","templated":true}]}}