{"id":1384,"date":"2021-06-23T15:04:36","date_gmt":"2021-06-23T07:04:36","guid":{"rendered":"https:\/\/tianhuipackingmachine.com\/?page_id=1384"},"modified":"2024-10-16T14:17:18","modified_gmt":"2024-10-16T06:17:18","slug":"single-chamber-vacuum-packaging-machine","status":"publish","type":"product","link":"https:\/\/tianhuipackingmachine.com\/es\/single-chamber-vacuum-packaging-machine\/","title":{"rendered":"M\u00e1quina de envasado al vac\u00edo de c\u00e1mara \u00fanica"},"content":{"rendered":"<p class=\"translation-block\">La <strong>m\u00e1quina de envasado al vac\u00edo de c\u00e1mara simple Shuliy<\/strong> se aplica a alimentos, granos, carne, verduras, etc. el sellado al vac\u00edo para extender la vida \u00fatil de los alimentos al eliminar el aire. El poco aire en la bolsa previene el crecimiento de microbios y ralentiza la descomposici\u00f3n de los alimentos.<\/p>    <p>Es una envasadora al vac\u00edo, con capacidad de 1 a 10 bolsas por minuto. Esta m\u00e1quina envasadora al vac\u00edo es adecuada tanto para aplicaciones dom\u00e9sticas como comerciales. <\/p>    <p>La m\u00e1quina envasadora al vac\u00edo de una sola habitaci\u00f3n puede satisfacer los tama\u00f1os normales de envasado de bolsas con una operaci\u00f3n sencilla. Adem\u00e1s, apoyamos el servicio OEM de acuerdo con sus necesidades exactas. <\/p>    <p>Si est\u00e1 buscando una m\u00e1quina envasadora al vac\u00edo confiable, cont\u00e1ctenos lo antes posible para obtener m\u00e1s informaci\u00f3n sobre la m\u00e1quina.<\/p>   <figure class=\"wp-block-embed-youtube wp-block-embed is-type-video is-provider-youtube wp-embed-aspect-16-9 wp-has-aspect-ratio\"><div class=\"lyte-wrapper\" title=\"M\u00e1quina de envasado al vac\u00edo de c\u00e1mara \u00fanica para arroz y harina\uff5cLa mejor opci\u00f3n para la conservaci\u00f3n de alimentos #pack\" style=\"width:853px;max-width:100%;margin:5px auto;\"><div class=\"lyMe\" id=\"WYL_q9kFbJGuf88\" itemprop=\"video\" itemscope itemtype=\"https:\/\/schema.org\/VideoObject\"><div><meta itemprop=\"thumbnailUrl\" content=\"https:\/\/i.ytimg.com\/vi\/q9kFbJGuf88\/hqdefault.jpg\" \/><meta itemprop=\"embedURL\" content=\"https:\/\/www.youtube.com\/embed\/q9kFbJGuf88\" \/><meta itemprop=\"duration\" content=\"PT1M12S\" \/><meta itemprop=\"uploadDate\" content=\"2024-09-26T06:56:41Z\" \/><\/div><meta itemprop=\"accessibilityFeature\" content=\"captions\" \/><div id=\"lyte_q9kFbJGuf88\" data-src=\"https:\/\/i.ytimg.com\/vi\/q9kFbJGuf88\/hqdefault.jpg\" class=\"pL\"><div class=\"tC\"><div class=\"tT\" itemprop=\"name\">M\u00e1quina de envasado al vac\u00edo de c\u00e1mara \u00fanica para arroz y harina\uff5cLa mejor opci\u00f3n para la conservaci\u00f3n de alimentos #pack<\/div><\/div><div class=\"play\"><\/div><div class=\"ctrl\"><div class=\"Lctrl\"><\/div><div class=\"Rctrl\"><\/div><\/div><\/div><noscript><a href=\"https:\/\/youtu.be\/q9kFbJGuf88\" rel=\"nofollow noopener\" target=\"_blank\"><img loading=\"lazy\" decoding=\"async\" src=\"https:\/\/i.ytimg.com\/vi\/q9kFbJGuf88\/0.jpg\" alt=\"M\u00e1quina de envasado al vac\u00edo de c\u00e1mara \u00fanica para arroz y harina\uff5cLa mejor opci\u00f3n para la conservaci\u00f3n de alimentos #pack\" width=\"853\" height=\"460\" \/><\/a><\/noscript><meta itemprop=\"description\" content=\"#vacuumsealer #vacuumpackingmachine #vacuumpackaging #vacuumpacking #packingsolution WhatsApp No.: https:\/\/wa.me\/+8613673689272 WeChat\/Tel No.:+8613673689272 Email: sales@tianhuipackingmachine.com Website: https:\/\/tianhuipackingmachine.com\/single-chamber-vacuum-packaging-machine\/ In this video, we demonstrate the excellent performance of the Schulich Single Chamber Vacuum Packaging Machine for vacuum packaging of rice and flour. The vacuum sealer machine is easy to operate and efficiently seals to ensure long term food freshness. Whether it&#039;s rice or flour, this vacuum packaging machine ensures tight packaging and maximizes shelf life, making it especially suitable for grain storage and food processing industries. Feel free to watch the machine in action and see how it can help you improve your productivity. WhatsApp No.: https:\/\/wa.me\/+8613673689272 WeChat\/Tel No.:+8613673689272 Email: sales@tianhuipackingmachine.com Website: https:\/\/tianhuipackingmachine.com\/single-chamber-vacuum-packaging-machine\/\"><\/div><\/div><div class=\"lL\" style=\"max-width:100%;width:853px;margin:5px auto;\"> <a href=\"https:\/\/youtu.be\/q9kFbJGuf88\" target=\"_blank\" rel=\"noopener\">Ver este v\u00eddeo en YouTube<\/a>.<\/div><figcaption>sellador al vac\u00edo de una sola c\u00e1mara<\/figcaption><\/figure>   <h2 class=\"wp-block-heading\" id=\"h-advantages-of-single-room-vacuum-sealer\"><strong>Ventajas de la envasadora al vac\u00edo para una sola habitaci\u00f3n<\/strong><\/h2>    <ol style=\"list-style-type:1\" class=\"wp-block-list\"> <li>Adopta un <strong>cubierta convexa de metacrilato transparente<\/strong>, f\u00e1cil de ver el proceso de sellado al vac\u00edo.<\/li>    <li>El voltaje es <strong>adecuado para aplicaciones dom\u00e9sticas<\/strong>.<\/li>    <li>El <strong>panel de control inteligente<\/strong> opera de manera c\u00f3moda y segura.<\/li>    <li>La m\u00e1quina envasadora al vac\u00edo Shuliy puede aumentar la vida \u00fatil de los productos alimenticios. Es especialmente adecuado para las necesidades de frescura de <strong>comida, carne, nueces, pescado, anacardos, pollo, verduras, fruta<\/strong>, etc.<\/li>    <li>Nuestra m\u00e1quina es <strong>Equipado con cuatro ruedas en la parte inferior de la m\u00e1quina.<\/strong>, f\u00e1cil de mover.<\/li>    <li>Podemos <strong>Personaliza el color, el voltaje y la potencia de la m\u00e1quina.<\/strong>, etc.<\/li> <\/ol>    <h2 class=\"wp-block-heading\"><strong>Par\u00e1metros t\u00e9cnicos de la envasadora al vac\u00edo de c\u00e1mara \u00fanica.<\/strong><\/h2>    <div class=\"wp-block-columns is-layout-flex wp-container-core-columns-is-layout-28f84493 wp-block-columns-is-layout-flex\"> <div class=\"wp-block-column is-layout-flow wp-block-column-is-layout-flow\"> <figure class=\"wp-block-image size-full\"><img loading=\"lazy\" decoding=\"async\" width=\"600\" height=\"450\" src=\"https:\/\/tianhuipackingmachine.com\/wp-content\/uploads\/2021\/08\/single-chamber-vacuum-packing-machine.jpg\" alt=\"m\u00e1quina de envasado al vac\u00edo de una sola c\u00e1mara\" class=\"wp-image-2337\" srcset=\"https:\/\/tianhuipackingmachine.com\/wp-content\/uploads\/2021\/08\/single-chamber-vacuum-packing-machine.jpg 600w, https:\/\/tianhuipackingmachine.com\/wp-content\/uploads\/2021\/08\/single-chamber-vacuum-packing-machine-300x225.jpg 300w\" sizes=\"auto, (max-width: 600px) 100vw, 600px\" \/><figcaption class=\"wp-element-caption\">M\u00e1quina de envasado al vac\u00edo de c\u00e1mara \u00fanica<\/figcaption><\/figure> <\/div>    <div class=\"wp-block-column is-vertically-aligned-center is-layout-flow wp-block-column-is-layout-flow\"> <ul class=\"wp-block-list\"> <li>Modelo: SL-500<\/li>    <li>Voltaje: 220V\/50HZ<\/li>    <li>Potencia de la bomba de vac\u00edo: 0,9 KW<\/li>    <li>Poder de sellado: 0.6KW<\/li>    <li>Presi\u00f3n absoluta: 0,1pa<\/li>    <li>N\u00famero de tiras de sellado: 1<\/li>    <li>Tama\u00f1o de las tiras de sellado: 500 mm * 10 mm * 2<\/li>    <li>Material de la c\u00e1mara: acero inoxidable 304<\/li>    <li>Material de la cubierta: vidrio org\u00e1nico<\/li>    <li>Tama\u00f1o de la c\u00e1mara: 525*520*130 mm<\/li>    <li>Tama\u00f1o de la m\u00e1quina: 650*580*960 mm<\/li>    <li>Peso de la m\u00e1quina: 80 kg<\/li> <\/ul> <\/div> <\/div>    <p>Estos par\u00e1metros de la m\u00e1quina son para su referencia antes de comprar uno. Adem\u00e1s, puede contactarnos para obtener una m\u00e1quina envasadora al vac\u00edo personalizada.<\/p>    <h2 class=\"wp-block-heading\" id=\"h-single-chamber-vacuum-packaging-machine-for-sale\"><strong>\u00bfQu\u00e9 compone la m\u00e1quina de envasado al vac\u00edo de c\u00e1mara \u00fanica Shuliy?<\/strong><\/h2>    <p>Nuestra m\u00e1quina envasadora al vac\u00edo de c\u00e1mara \u00fanica a la venta consta de una cubierta convexa de metacrilato transparente, una c\u00e1mara de vac\u00edo, un sistema de control el\u00e9ctrico y un sistema de vac\u00edo. Es f\u00e1cil de entender y aprender a operar.<\/p>    <h2 class=\"wp-block-heading\" id=\"h-working-principles-of-single-chamber-vacuum-seal-machine\"><strong>\u00bfC\u00f3mo funciona la m\u00e1quina envasadora al vac\u00edo de una sola c\u00e1mara?<\/strong><\/h2>    <p>El flujo de trabajo principal de la m\u00e1quina envasadora al vac\u00edo de c\u00e1mara \u00fanica es el siguiente:<\/p>    <ol class=\"wp-block-list\"> <li><strong>Preparaci\u00f3n<\/strong>. Coloque los art\u00edculos en la bolsa de envasado al vac\u00edo y coloque la abertura de la bolsa cuidadosamente sobre la tira de sellado.<\/li>    <li><strong>Extracci\u00f3n al vac\u00edo<\/strong>. Cubra la tapa de la m\u00e1quina y encienda la m\u00e1quina. La m\u00e1quina extraer\u00e1 el aire de la bolsa para formar un vac\u00edo.<\/li>    <li><strong>Sellando<\/strong>. En el estado de vac\u00edo, la m\u00e1quina sella t\u00e9rmicamente la bolsa a trav\u00e9s de la tira calefactora para sellar la boca de la bolsa.<\/li>    <li><strong>Terminaci\u00f3n<\/strong>. Despu\u00e9s de completar el sellado, la m\u00e1quina volver\u00e1 autom\u00e1ticamente al estado de presi\u00f3n atmosf\u00e9rica. La bolsa se adherir\u00e1 al producto para formar un paquete sellado.<\/li>    <li><strong>Inflaci\u00f3n (opcional)<\/strong>. Algunos productos, como los alimentos inflados, se pueden llenar con gas inerte antes de sellarlos para prolongar su vida \u00fatil.<\/li> <\/ol>   <figure class=\"wp-block-embed-youtube wp-block-embed is-type-video is-provider-youtube wp-embed-aspect-16-9 wp-has-aspect-ratio\"><div class=\"lyte-wrapper\" title=\"M\u00e1quina de envasado al vac\u00edo de c\u00e1mara \u00fanica | Sellador al vac\u00edo para habitaci\u00f3n individual\" style=\"width:853px;max-width:100%;margin:5px auto;\"><div class=\"lyMe\" id=\"WYL_g91PoEzoRlQ\" itemprop=\"video\" itemscope itemtype=\"https:\/\/schema.org\/VideoObject\"><div><meta itemprop=\"thumbnailUrl\" content=\"https:\/\/i.ytimg.com\/vi\/g91PoEzoRlQ\/hqdefault.jpg\" \/><meta itemprop=\"embedURL\" content=\"https:\/\/www.youtube.com\/embed\/g91PoEzoRlQ\" \/><meta itemprop=\"duration\" content=\"PT49S\" \/><meta itemprop=\"uploadDate\" content=\"2021-08-14T10:48:28Z\" \/><\/div><div id=\"lyte_g91PoEzoRlQ\" data-src=\"https:\/\/i.ytimg.com\/vi\/g91PoEzoRlQ\/hqdefault.jpg\" class=\"pL\"><div class=\"tC\"><div class=\"tT\" itemprop=\"name\">M\u00e1quina de envasado al vac\u00edo de c\u00e1mara \u00fanica | Sellador al vac\u00edo para habitaci\u00f3n individual<\/div><\/div><div class=\"play\"><\/div><div class=\"ctrl\"><div class=\"Lctrl\"><\/div><div class=\"Rctrl\"><\/div><\/div><\/div><noscript><a href=\"https:\/\/youtu.be\/g91PoEzoRlQ\" rel=\"nofollow noopener\" target=\"_blank\"><img loading=\"lazy\" decoding=\"async\" src=\"https:\/\/i.ytimg.com\/vi\/g91PoEzoRlQ\/0.jpg\" alt=\"M\u00e1quina de envasado al vac\u00edo de c\u00e1mara \u00fanica | Sellador al vac\u00edo para habitaci\u00f3n individual\" width=\"853\" height=\"460\" \/><\/a><\/noscript><meta itemprop=\"description\" content=\"Single chamber vacuum packing machine has a widespread application in a variety of food in order to prevent oxidization and prolong shelf life, such as sausage, bacon, roast duck, dried tofu, beef, mutton, pork, chicken, fruit, vegetables, butter, nuts, dried fruit, biscuits, corns, peanut, flour, etc. Get more details: https:\/\/tianhuipackingmachine.com\/single-chamber-vacuum-packaging-machine\/ Email: toppacking@163.com Whatsapp\/Tel: +86 17329326135\"><\/div><\/div><div class=\"lL\" style=\"max-width:100%;width:853px;margin:5px auto;\"> <a href=\"https:\/\/youtu.be\/g91PoEzoRlQ\" target=\"_blank\" rel=\"noopener\">Ver este v\u00eddeo en YouTube<\/a>.<\/div><figcaption>m\u00e1quina de sellado al vac\u00edo para una sola habitaci\u00f3n<\/figcaption><\/figure>   <h2 class=\"wp-block-heading\" id=\"h-applications-of-single-chamber-vacuum-packaging-machine\"><strong>Aplicaciones de la m\u00e1quina de envasado al vac\u00edo de c\u00e1mara \u00fanica.<\/strong><\/h2>    <p>El voltaje de una m\u00e1quina envasadora al vac\u00edo de c\u00e1mara \u00fanica se aplica tanto en industrias como en familias. Sus dimensiones son peque\u00f1as y f\u00e1ciles de operar. <\/p>    <p>El sellador al vac\u00edo para una sola habitaci\u00f3n tiene una amplia aplicaci\u00f3n en una variedad, como por ejemplo:<\/p>    <ul class=\"wp-block-list\"> <li><strong>Carne<\/strong>: salchicha, tocino, pato asado, ternera, cordero, cerdo, pollo, etc.<\/li>    <li><strong>Grano<\/strong>: ma\u00edz, man\u00ed, harina y otros.<\/li>    <li><strong>Alimento<\/strong>: tofu seco, nueces, galletas, <a href=\"https:\/\/en.wikipedia.org\/wiki\/Marination\" target=\"_blank\" rel=\"noopener\">marinado<\/a> productos, frutas, frutos secos, verduras, etc.<\/li>    <li><strong>Otros<\/strong>: mantequilla, etc.<\/li> <\/ul>    <figure class=\"wp-block-image size-large\"><img loading=\"lazy\" decoding=\"async\" width=\"600\" height=\"450\" src=\"https:\/\/tianhuipackingmachine.com\/wp-content\/uploads\/2021\/06\/applications-of-vacuum-packing-machine.jpg\" alt=\"Aplicaciones de la m\u00e1quina envasadora al vac\u00edo.\" class=\"wp-image-1386\" srcset=\"https:\/\/tianhuipackingmachine.com\/wp-content\/uploads\/2021\/06\/applications-of-vacuum-packing-machine.jpg 600w, https:\/\/tianhuipackingmachine.com\/wp-content\/uploads\/2021\/06\/applications-of-vacuum-packing-machine-300x225.jpg 300w\" sizes=\"auto, (max-width: 600px) 100vw, 600px\" \/><figcaption class=\"wp-element-caption\">Aplicaciones de la m\u00e1quina envasadora al vac\u00edo<\/figcaption><\/figure>    <h2 class=\"wp-block-heading\" id=\"h-various-types-of-vacuum-packing-film-materials\"><strong>Varios tipos de materiales de pel\u00edcula para envasado al vac\u00edo.<\/strong><\/h2>    <p>Ahora todos conocemos la amplia aplicaci\u00f3n de las m\u00e1quinas de envasado al vac\u00edo, pero \u00bfsabes qu\u00e9 materiales se utilizan para el envasado al vac\u00edo?<\/p>    <p class=\"translation-block\">Los materiales de pel\u00edcula de <a href=\"https:\/\/tianhuipackingmachine.com\/es\/vacuum-packaging-machine\/\">m\u00e1quinas de envasado al vac\u00edo<\/a> son principalmente PE, RCPP, AL y PET. Las propiedades son las siguientes. <\/p>    <ul class=\"wp-block-list\"> <li>El PE es adecuado para bajas temperaturas. <\/li>    <li>RCPP es capaz de soportar altas temperaturas. AL se aplica para bloquear la luz. <\/li>    <li>El PET aumenta la resistencia mec\u00e1nica.<\/li> <\/ul>    <p>Adem\u00e1s, se encuentran disponibles composites, como: <\/p>    <ul class=\"wp-block-list\"> <li>PA\/PE, PA\/RCPP y PET\/RCPP<\/li>    <li>PET\/PA\/PE, PET\/AL\/RCPP, PA\/AL\/RAPP y PET\/PA\/AL\/RCPP<\/li> <\/ul>    <p> Los compuestos con tres o cuatro tipos de materiales para mejorar las propiedades del material.<\/p>    <p>La apariencia del material cinematogr\u00e1fico para envasado al vac\u00edo afecta directamente el resultado del envasado, como la vida \u00fatil y el sabor de los alimentos. Es de vital importancia elegir un buen material de pel\u00edcula para envasar al vac\u00edo. Si desea obtener m\u00e1s informaci\u00f3n, \u00a1cont\u00e1ctenos ahora!<\/p>    <figure class=\"wp-block-gallery has-nested-images columns-default is-cropped wp-block-gallery-2 is-layout-flex wp-block-gallery-is-layout-flex\"> <figure class=\"wp-block-image size-large\"><img loading=\"lazy\" decoding=\"async\" width=\"667\" height=\"500\" data-id=\"6861\" src=\"https:\/\/tianhuipackingmachine.com\/wp-content\/uploads\/2021\/06\/vacuum-packing-film-667x500.webp\" alt=\"pel\u00edcula de envasado al vac\u00edo\" class=\"wp-image-6861\" srcset=\"https:\/\/tianhuipackingmachine.com\/wp-content\/uploads\/2021\/06\/vacuum-packing-film-667x500.webp 667w, https:\/\/tianhuipackingmachine.com\/wp-content\/uploads\/2021\/06\/vacuum-packing-film-480x360.webp 480w, https:\/\/tianhuipackingmachine.com\/wp-content\/uploads\/2021\/06\/vacuum-packing-film-16x12.webp 16w, https:\/\/tianhuipackingmachine.com\/wp-content\/uploads\/2021\/06\/vacuum-packing-film.webp 720w\" sizes=\"auto, (max-width: 667px) 100vw, 667px\" \/><figcaption class=\"wp-element-caption\">Pel\u00edcula de envasado al vac\u00edo<\/figcaption><\/figure>    <figure class=\"wp-block-image size-large\"><img loading=\"lazy\" decoding=\"async\" width=\"667\" height=\"500\" data-id=\"6862\" src=\"https:\/\/tianhuipackingmachine.com\/wp-content\/uploads\/2021\/06\/various-types-of-package-bags-667x500.webp\" alt=\"varios tipos de bolsas de paquete\" class=\"wp-image-6862\" srcset=\"https:\/\/tianhuipackingmachine.com\/wp-content\/uploads\/2021\/06\/various-types-of-package-bags-667x500.webp 667w, https:\/\/tianhuipackingmachine.com\/wp-content\/uploads\/2021\/06\/various-types-of-package-bags-480x360.webp 480w, https:\/\/tianhuipackingmachine.com\/wp-content\/uploads\/2021\/06\/various-types-of-package-bags-16x12.webp 16w, https:\/\/tianhuipackingmachine.com\/wp-content\/uploads\/2021\/06\/various-types-of-package-bags.webp 720w\" sizes=\"auto, (max-width: 667px) 100vw, 667px\" \/><figcaption class=\"wp-element-caption\">Varios tipos de bolsas de paquete<\/figcaption><\/figure> <\/figure>    <h2 class=\"wp-block-heading\" id=\"h-single-chamber-vacuum-packaging-machine-cost\"><strong>\u00bfCu\u00e1l es el costo de la m\u00e1quina de envasado al vac\u00edo de c\u00e1mara \u00fanica?<\/strong><\/h2>    <p>El precio de la m\u00e1quina selladora de envases al vac\u00edo de c\u00e1mara \u00fanica se ve afectado por el material de la m\u00e1quina, el n\u00famero de tira selladora, la personalizaci\u00f3n, etc. <\/p>    <ul class=\"wp-block-list\"> <li>Por ejemplo, el acero inoxidable 304 cubre el cuerpo del equipo de envasado al vac\u00edo de una sola habitaci\u00f3n. Por lo tanto, el precio de la m\u00e1quina es diferente al de la m\u00e1quina con materiales normales. <\/li>    <li>El tama\u00f1o y la cantidad de tiras de sellado equipadas tambi\u00e9n pueden influir en el precio. Cuanto m\u00e1s requieras, mayor ser\u00e1 el precio.<\/li>    <li>En comparaci\u00f3n con una m\u00e1quina envasadora al vac\u00edo de c\u00e1mara \u00fanica est\u00e1ndar, el precio de una m\u00e1quina envasadora personalizada es m\u00e1s alto.<\/li> <\/ul>    <p>Cont\u00e1ctenos ahora para m\u00e1s detalles. Le daremos sugerencias \u00fatiles y le ayudaremos a elegir el equipo adecuado al mejor precio.<\/p>    <div class=\"wp-block-columns is-layout-flex wp-container-core-columns-is-layout-28f84493 wp-block-columns-is-layout-flex\"> <div class=\"wp-block-column is-layout-flow wp-block-column-is-layout-flow\"> <figure class=\"wp-block-image size-large\"><img loading=\"lazy\" decoding=\"async\" width=\"600\" height=\"450\" src=\"https:\/\/tianhuipackingmachine.com\/wp-content\/uploads\/2021\/06\/single-chamber-vacuum-packaging-machine.jpg\" alt=\"m\u00e1quina de envasado al vac\u00edo de c\u00e1mara \u00fanica\" class=\"wp-image-1387\" srcset=\"https:\/\/tianhuipackingmachine.com\/wp-content\/uploads\/2021\/06\/single-chamber-vacuum-packaging-machine.jpg 600w, https:\/\/tianhuipackingmachine.com\/wp-content\/uploads\/2021\/06\/single-chamber-vacuum-packaging-machine-300x225.jpg 300w\" sizes=\"auto, (max-width: 600px) 100vw, 600px\" \/><figcaption class=\"wp-element-caption\">M\u00e1quina de envasado al vac\u00edo de c\u00e1mara \u00fanica<\/figcaption><\/figure> <\/div>    <div class=\"wp-block-column is-layout-flow wp-block-column-is-layout-flow\"> <figure class=\"wp-block-image size-large\"><img loading=\"lazy\" decoding=\"async\" width=\"600\" height=\"450\" src=\"https:\/\/tianhuipackingmachine.com\/wp-content\/uploads\/2021\/06\/double-chamber-vacuum-packing-machine.jpg\" alt=\"envasadora al vac\u00edo de doble c\u00e1mara\" class=\"wp-image-1388\" srcset=\"https:\/\/tianhuipackingmachine.com\/wp-content\/uploads\/2021\/06\/double-chamber-vacuum-packing-machine.jpg 600w, https:\/\/tianhuipackingmachine.com\/wp-content\/uploads\/2021\/06\/double-chamber-vacuum-packing-machine-300x225.jpg 300w\" sizes=\"auto, (max-width: 600px) 100vw, 600px\" \/><figcaption class=\"wp-element-caption\">M\u00e1quina de envasado al vac\u00edo de doble c\u00e1mara<\/figcaption><\/figure> <\/div> <\/div>    <h2 class=\"wp-block-heading\" id=\"h-why-choose-us-as-your-top-vacuum-packaging-machine-supplier\"><strong>\u00bfPor qu\u00e9 elegir Shuliy como su principal proveedor de m\u00e1quinas envasadoras al vac\u00edo?<\/strong><\/h2>    <p>Entre los numerosos proveedores de operarios para m\u00e1quinas envasadoras al vac\u00edo, tenemos las siguientes ventajas espec\u00edficas:<\/p>    <ul class=\"wp-block-list\"> <li>Nuestra empresa tiene bastante <strong>personal t\u00e9cnico profesional<\/strong> Para envasadoras al vac\u00edo de alimentos de una sola c\u00e1mara. <\/li>    <li>Con <strong>Gracias a la excelente calidad de la m\u00e1quina, el precio competitivo y el buen servicio.<\/strong>, hemos completado una serie de pedidos de todo el mundo.<\/li>    <li>Tenemos una extremadamente <strong>estricto sistema de control de calidad<\/strong>. Antes del env\u00edo, le tomaremos fotos y v\u00eddeos.<\/li>    <li>apoyamos <strong>Servicio en l\u00ednea las 24 horas<\/strong> y <strong>mantenimiento de por vida<\/strong>. <strong>Manual de ingl\u00e9s y video did\u00e1ctico.<\/strong> tambi\u00e9n se proporcionan.<\/li>    <li>Shuliy <strong>servicio personalizado<\/strong> est\u00e1 disponible. Podemos fabricar la m\u00e1quina empacadora de acuerdo con sus requisitos reales en cuanto a voltaje, tama\u00f1o, velocidad de empaque, etc.<\/li> <\/ul>    <p>Adem\u00e1s, si desea obtener m\u00e1s informaci\u00f3n, p\u00f3ngase en contacto con nosotros y haremos todo lo posible para satisfacer sus necesidades.<\/p>    <figure class=\"wp-block-image size-large\"><img loading=\"lazy\" decoding=\"async\" width=\"500\" height=\"500\" src=\"https:\/\/tianhuipackingmachine.com\/wp-content\/uploads\/2021\/06\/vacuum-bag-packing-machine-manufacturer-500x500.webp\" alt=\"fabricante de m\u00e1quinas envasadoras de bolsas al vac\u00edo\" class=\"wp-image-6865\" srcset=\"https:\/\/tianhuipackingmachine.com\/wp-content\/uploads\/2021\/06\/vacuum-bag-packing-machine-manufacturer-500x500.webp 500w, https:\/\/tianhuipackingmachine.com\/wp-content\/uploads\/2021\/06\/vacuum-bag-packing-machine-manufacturer-360x360.webp 360w, https:\/\/tianhuipackingmachine.com\/wp-content\/uploads\/2021\/06\/vacuum-bag-packing-machine-manufacturer-150x150.webp 150w, https:\/\/tianhuipackingmachine.com\/wp-content\/uploads\/2021\/06\/vacuum-bag-packing-machine-manufacturer-12x12.webp 12w, https:\/\/tianhuipackingmachine.com\/wp-content\/uploads\/2021\/06\/vacuum-bag-packing-machine-manufacturer.webp 720w\" sizes=\"auto, (max-width: 500px) 100vw, 500px\" \/><figcaption class=\"wp-element-caption\">Fabricante de m\u00e1quinas empacadoras de bolsas al vac\u00edo<\/figcaption><\/figure>    <h2 class=\"wp-block-heading\" id=\"h-contact-us-for-the-best-price\"><strong>\u00a1Cont\u00e1ctanos al mejor precio!<\/strong><\/h2>    <p>Como fabricante y proveedor profesional de m\u00e1quinas empacadoras, adem\u00e1s de la m\u00e1quina empacadora al vac\u00edo de c\u00e1mara \u00fanica, tambi\u00e9n tenemos: <\/p>    <ul class=\"wp-block-list\"> <li><a href=\"https:\/\/tianhuipackingmachine.com\/es\/double-chamber-vacuum-packaging-machine\/\">Envasadora al vac\u00edo de doble c\u00e1mara<\/a><\/li>    <li>M\u00e1quina de envasado al vac\u00edo de film estirable<\/li>    <li>Sellador al vac\u00edo de escritorio<\/li>    <li>M\u00e1quina envasadora al vac\u00edo por succi\u00f3n externa<\/li> <\/ul>    <p>Si busca un fabricante y proveedor confiable, es una buena idea cooperar con nosotros. Bienvenido a contactarnos para m\u00e1s detalles y el mejor precio.<\/p>","protected":false},"excerpt":{"rendered":"<p>La m\u00e1quina de envasado al vac\u00edo de c\u00e1mara \u00fanica Shuliy se aplica al sellado al vac\u00edo de alimentos, cereales, carne, verduras, etc. para prolongar la vida \u00fatil de los alimentos eliminando el aire. Tiene una capacidad de 1 a 10 bolsas por minuto.<\/p>","protected":false},"author":1,"featured_media":6939,"parent":0,"template":"","tags":[194],"product-type":[140],"class_list":["post-1384","product","type-product","status-publish","has-post-thumbnail","hentry","tag-vacuum-packing-machine","product-type-vacuum-packaging-machines"],"_links":{"self":[{"href":"https:\/\/tianhuipackingmachine.com\/es\/wp-json\/wp\/v2\/product\/1384","targetHints":{"allow":["GET"]}}],"collection":[{"href":"https:\/\/tianhuipackingmachine.com\/es\/wp-json\/wp\/v2\/product"}],"about":[{"href":"https:\/\/tianhuipackingmachine.com\/es\/wp-json\/wp\/v2\/types\/product"}],"author":[{"embeddable":true,"href":"https:\/\/tianhuipackingmachine.com\/es\/wp-json\/wp\/v2\/users\/1"}],"wp:featuredmedia":[{"embeddable":true,"href":"https:\/\/tianhuipackingmachine.com\/es\/wp-json\/wp\/v2\/media\/6939"}],"wp:attachment":[{"href":"https:\/\/tianhuipackingmachine.com\/es\/wp-json\/wp\/v2\/media?parent=1384"}],"wp:term":[{"taxonomy":"post_tag","embeddable":true,"href":"https:\/\/tianhuipackingmachine.com\/es\/wp-json\/wp\/v2\/tags?post=1384"},{"taxonomy":"product-type","embeddable":true,"href":"https:\/\/tianhuipackingmachine.com\/es\/wp-json\/wp\/v2\/product-type?post=1384"}],"curies":[{"name":"wp","href":"https:\/\/api.w.org\/{rel}","templated":true}]}}