{"id":365,"date":"2021-05-12T07:20:48","date_gmt":"2021-05-12T07:20:48","guid":{"rendered":"https:\/\/tianhuipackingmachine.com\/?page_id=365"},"modified":"2025-09-12T09:46:19","modified_gmt":"2025-09-12T01:46:19","slug":"be-agent","status":"publish","type":"page","link":"https:\/\/tianhuipackingmachine.com\/es\/be-agent\/","title":{"rendered":"Sea agente"},"content":{"rendered":"<h2 class=\"wp-block-heading has-text-color\" id=\"h-who-we-are\" style=\"color:#ff4301\"><strong>Quienes somos<\/strong><\/h2>    <p>Fundada en 1993, somos uno de los principales fabricantes de m\u00e1quinas envasadoras profesionales en China. Con una rica experiencia en el dise\u00f1o, investigaci\u00f3n, fabricaci\u00f3n y comercializaci\u00f3n de equipos de embalaje, las m\u00e1quinas de embalaje TOP se han exportado a m\u00e1s de 80 pa\u00edses y regiones de todo el mundo. Ahora, buscamos distribuidores como nuestros socios estrat\u00e9gicos globales para una situaci\u00f3n en la que todos ganen.<\/p>    <h2 class=\"wp-block-heading has-text-color\" id=\"h-what-we-supply\" style=\"color:#ff4301\"><strong>Lo que suministramos<\/strong><\/h2>    <p class=\"translation-block\">Somos un fabricante profesional de m\u00e1quinas de envasado. Nuestros productos cubren <a href=\"https:\/\/tianhuipackingmachine.com\/es\/powder-packing-machine\/\">m\u00e1quina de envasado de polvo<\/a>, <a href=\"https:\/\/tianhuipackingmachine.com\/es\/empaquetadora-de-granulos\/\">m\u00e1quina de envasado de gr\u00e1nulos<\/a>, <a href=\"https:\/\/tianhuipackingmachine.com\/es\/liquid-packing-machine\/\">m\u00e1quina de envasado de l\u00edquidos<\/a>, m\u00e1quina de envasado de pasta. En cuanto a la estructura de la m\u00e1quina, existen <a href=\"https:\/\/tianhuipackingmachine.com\/es\/vertical-packaging-machine\/\">m\u00e1quina de envasado vertical<\/a> y <a href=\"https:\/\/tianhuipackingmachine.com\/es\/pillow-packing-machine\/\">m\u00e1quina de envasado tipo almohada<\/a>. En otras palabras, proporcionamos varios tipos de equipos de envasado para materiales alimenticios y no alimenticios, como t\u00e9, caf\u00e9, patatas fritas, snacks, chocolate, arroz, verdura, palomitas de ma\u00edz, caramelos, az\u00facar, p\u00edldoras, aceite, leche, zumo, panader\u00eda, galletas, etc.<\/p>    <h2 class=\"wp-block-heading has-text-color\" id=\"h-what-we-support\" style=\"color:#ff4301\"><strong>Lo que apoyamos<\/strong><\/h2>    <p>Sistema de cadena de suministro continuo y estable.<\/p>    <p>Sistema de precios completo y competitivo.<\/p>    <p>Promoci\u00f3n totalmente compatible: exposiciones mundiales, sitios web oficiales, redes sociales, publicidad mundial<\/p>    <p>Log\u00edstica: Log\u00edstica mundial y log\u00edstica designada por el cliente.<\/p>    <p>Estrategia y construcci\u00f3n de marca: marketing de marca basado en nuestra propia marca u OEM\/ODM.<\/p>    <h2 class=\"wp-block-heading has-text-color\" id=\"h-how-to-start\" style=\"color:#ff4301\"><strong>C\u00f3mo empezar<\/strong><\/h2>    <ol class=\"wp-block-list\" style=\"list-style-type:1\"> <li>Informaci\u00f3n del solicitante e intenci\u00f3n enviada.<\/li>    <li>Evaluaci\u00f3n y revisi\u00f3n<\/li>    <li>Propuesta y plan de negocio.<\/li>    <li>Ejecuci\u00f3n y procesamiento de \u00f3rdenes<\/li> <\/ol>    <hr class=\"wp-block-separator has-text-color has-css-opacity has-background is-style-wide\" style=\"background-color:#ff4301;color:#ff4301\"\/>    <p class=\"has-black-color has-text-color translation-block\"><strong>HENAN TOP PACKING MACHINERY CO., LTD<\/strong><\/p>    <p class=\"translation-block\">Sitio web: <a href=\"https:\/\/tianhuipackingmachine.com\/es\/\">https:\/\/tianhuipackingmachine.com\/<\/a><\/p>    <p><\/p>    <p class=\"translation-block\">Correo electr\u00f3nico: <u><\/u><u><a href=\"mailto:sales@tianhuipackingmachine.com\" target=\"_blank\" rel=\"noreferrer noopener\">sales@tianhuipackingmachine.com<\/a><\/u><\/p>    <p>Tel\/ WhatsApp: +8613673689272 (Sra. Malinda)<\/p>    <h3 class=\"wp-block-heading has-text-align-center has-text-color has-background\" id=\"h-want-to-start-your-successful-business\" style=\"color:#ff5200;background-color:#eeeeee\"><strong>\u00bfQuiere iniciar su negocio exitoso ahora? <\/strong><\/h3>    <p>\u00a1No dudes en dejarnos un mensaje! Seg\u00fan su mensaje e informaci\u00f3n, nos pondremos en contacto con usted lo antes posible.<\/p>","protected":false},"excerpt":{"rendered":"<p>Who we are Founded in 1993, we are one of the leading professional packing machine manufacturers in China. With rich experience in the design, research, manufacturing, and marketing of packaging equipment, TOP packing machines have been exported to more than 80 countries and regions around the world. Now, we are looking for distributors as our [&hellip;]<\/p>\n","protected":false},"author":1,"featured_media":0,"parent":0,"menu_order":0,"comment_status":"closed","ping_status":"closed","template":"","meta":{"footnotes":""},"class_list":["post-365","page","type-page","status-publish","hentry"],"_links":{"self":[{"href":"https:\/\/tianhuipackingmachine.com\/es\/wp-json\/wp\/v2\/pages\/365","targetHints":{"allow":["GET"]}}],"collection":[{"href":"https:\/\/tianhuipackingmachine.com\/es\/wp-json\/wp\/v2\/pages"}],"about":[{"href":"https:\/\/tianhuipackingmachine.com\/es\/wp-json\/wp\/v2\/types\/page"}],"author":[{"embeddable":true,"href":"https:\/\/tianhuipackingmachine.com\/es\/wp-json\/wp\/v2\/users\/1"}],"replies":[{"embeddable":true,"href":"https:\/\/tianhuipackingmachine.com\/es\/wp-json\/wp\/v2\/comments?post=365"}],"version-history":[{"count":0,"href":"https:\/\/tianhuipackingmachine.com\/es\/wp-json\/wp\/v2\/pages\/365\/revisions"}],"wp:attachment":[{"href":"https:\/\/tianhuipackingmachine.com\/es\/wp-json\/wp\/v2\/media?parent=365"}],"curies":[{"name":"wp","href":"https:\/\/api.w.org\/{rel}","templated":true}]}}