{"id":320,"date":"2021-05-12T01:52:32","date_gmt":"2021-05-12T01:52:32","guid":{"rendered":"https:\/\/tianhuipackingmachine.com\/?page_id=320"},"modified":"2025-09-12T09:47:44","modified_gmt":"2025-09-12T01:47:44","slug":"faq","status":"publish","type":"page","link":"https:\/\/tianhuipackingmachine.com\/es\/faq\/","title":{"rendered":"Preguntas m\u00e1s frecuentes"},"content":{"rendered":"<div id=\"rank-math-faq\" class=\"rank-math-block\"> <div class=\"rank-math-list\"> <div id=\"faq-question-1664413497532\" class=\"rank-math-list-item\"> <h3 class=\"rank-math-question\"><strong>P: \u00bfPuedo convertirme en su distribuidor en un \u00e1rea determinada?<\/strong><\/h3> <div class=\"rank-math-answer\">  <p>R: Por supuesto, damos la bienvenida a los distribuidores, le ofreceremos precios y servicios m\u00e1s competitivos cuando compre una cantidad diferente de m\u00e1quinas empacadoras.<\/p>  <\/div> <\/div> <div id=\"faq-question-1664413502438\" class=\"rank-math-list-item\"> <h3 class=\"rank-math-question\"><strong>P: \u00bfCu\u00e1l es el tiempo de entrega y la forma de env\u00edo?<\/strong><\/h3> <div class=\"rank-math-answer\">  <p>R: \u00a1Se basa en la cantidad del pedido y los art\u00edculos de la m\u00e1quina! Para pedidos peque\u00f1os de m\u00e1quinas est\u00e1ndar, siempre tenemos stock. Para una gran cantidad de m\u00e1quinas est\u00e1ndar y otras m\u00e1quinas personalizadas, se necesitan entre 15 y 45 d\u00edas. Confirmaremos los detalles con los clientes antes de realizar un pedido.<\/p>  <\/div> <\/div> <div id=\"faq-question-1664413519158\" class=\"rank-math-list-item\"> <h3 class=\"rank-math-question\"><strong>P: \u00bfQu\u00e9 tipo de rollo de pel\u00edcula se puede utilizar para su m\u00e1quina?<\/strong><\/h3> <div class=\"rank-math-answer\">  <p>R: Polipropileno\/polietileno, papel de aluminio\/polietileno, poli\u00e9ster\/aluminio\/polietileno, nailon\/polietileno reforzado, papel\/polietileno, papel de filtro, etc.<\/p>  <\/div> <\/div> <div id=\"faq-question-1664413534934\" class=\"rank-math-list-item\"> <h3 class=\"rank-math-question\"><strong>P: \u00bfQu\u00e9 tipo de m\u00e1quinas empacadoras ofrecen?<\/strong><\/h3> <div class=\"rank-math-answer\">  <p>R: En cuanto al material de embalaje, ofrecemos varios tipos de m\u00e1quinas envasadoras de polvo, m\u00e1quinas envasadoras de gr\u00e1nulos, m\u00e1quinas envasadoras de l\u00edquidos y m\u00e1quinas envasadoras de pasta. En cuanto a la estructura de la m\u00e1quina, existen diferentes tipos de equipos de embalaje tipo almohada y equipos de embalaje vertical. Y diferentes m\u00e1quinas envasadoras pesadoras multicabezal disponibles.<\/p>  <\/div> <\/div> <div id=\"faq-question-1664413560534\" class=\"rank-math-list-item\"> <h3 class=\"rank-math-question\"><strong>P: Para la m\u00e1quina empacadora de gr\u00e1nulos, \u00bfcu\u00e1nto peso se reducir\u00e1 al quitar una taza medidora?<\/strong><\/h3> <div class=\"rank-math-answer\">  <p>R: Los diferentes objetos son diferentes porque la densidad de los objetos es diferente. Le haremos sugerencias en funci\u00f3n de su situaci\u00f3n real.<\/p>  <\/div> <\/div> <div id=\"faq-question-1664413578629\" class=\"rank-math-list-item\"> <h3 class=\"rank-math-question\"><strong>P: \u00bfPuede su m\u00e1quina envasadora imprimir la fecha?<\/strong><\/h3> <div class=\"rank-math-answer\">  <p>R: S\u00ed. Podemos agregar un dispositivo para imprimir la fecha de producci\u00f3n\/n\u00famero de lote\/fecha de vencimiento.<\/p>  <\/div> <\/div> <div id=\"faq-question-1664413653783\" class=\"rank-math-list-item\"> <h3 class=\"rank-math-question\"><strong>P: Para la m\u00e1quina empacadora de almohadas, \u00bfpuedo ajustar el ancho de la bolsa yo mismo?<\/strong><\/h3> <div class=\"rank-math-answer\">  <p>R: Por supuesto. Puede ajustar el ancho en un rango determinado. Te daremos consejos.<\/p>  <\/div> <\/div> <div id=\"faq-question-1664413673286\" class=\"rank-math-list-item\"> <h3 class=\"rank-math-question\"><strong>P: \u00bfC\u00f3mo podemos asegurarnos de la calidad de la m\u00e1quina despu\u00e9s de realizar el pedido?<\/strong><\/h3> <div class=\"rank-math-answer\">  <p>R: Antes de la entrega, le enviaremos las im\u00e1genes y los videos para que pueda verificar la calidad, y tambi\u00e9n puede organizar la verificaci\u00f3n de calidad usted mismo o sus contactos en Zhengzhou.<\/p>  <\/div> <\/div> <div id=\"faq-question-1664413689222\" class=\"rank-math-list-item\"> <h3 class=\"rank-math-question\"><strong>P: \u00bfPor qu\u00e9 deber\u00edamos elegir su empresa?<\/strong><\/h3> <div class=\"rank-math-answer\">  <p>R: Llevamos casi 30 a\u00f1os involucrados en el dise\u00f1o, investigaci\u00f3n, fabricaci\u00f3n y comercializaci\u00f3n de m\u00e1quinas empacadoras. Adem\u00e1s, con una excelente calidad y un servicio \u00edntimo, nuestros productos son bastante competitivos en el mercado global.<\/p>  <\/div> <\/div> <div id=\"faq-question-1664413702814\" class=\"rank-math-list-item\"> <h3 class=\"rank-math-question\"><strong>P:\u00a0\u00bfD\u00f3nde est\u00e1 ubicada su empresa? \u00bfC\u00f3mo puedo visitar all\u00ed?<\/strong><\/h3> <div class=\"rank-math-answer\">  <p>R: Nuestra f\u00e1brica est\u00e1 ubicada en la ciudad de Zhengzhou, provincia de Henan, China. Est\u00e1 muy cerca del aeropuerto internacional de Xinzheng. Podemos organizar que nuestros conductores lo recojan. Respetamos a cada cliente como nuestro amigo y sinceramente hacemos negocios y nos hacemos amigos de ellos. Bienvenido a visitar nuestra f\u00e1brica para una mayor cooperaci\u00f3n.<\/p>  <\/div> <\/div> <\/div> <\/div>   <hr class=\"wp-block-separator has-css-opacity is-style-default\"\/>    <h3 class=\"wp-block-heading has-text-color\" id=\"h-any-other-questions-please-feel-free-to-leave-your-message-below-we-will-get-back-to-you-as-soon-as-possible-or-you-can-contact-us-by-whatsapp-tel-or-email\" style=\"color:#eb5e0b\"><em>Cualquier otra pregunta, no dude en dejar su mensaje a continuaci\u00f3n, nos comunicaremos con usted lo antes posible. O puede contactarnos por WhatsApp\/Tel o Email.<\/em><\/h3>    <h3 class=\"wp-block-heading has-text-color\" id=\"h-whatsapp-tel-86-17329326135-email-sales-tianhuipackingmachine-com\" style=\"color:#eb5e0b\"><strong><em>Whatsapp\/Tel:<\/em><\/strong> +86 13673689272, <strong><em>Correo electr\u00f3nico:<\/em><\/strong> <a href=\"mailto:sales@tianhuipackingmachine.com\">sales@tianhuipackingmachine.com<\/a><\/h3>","protected":false},"excerpt":{"rendered":"<p>Cualquier otra pregunta, no dude en dejar su mensaje a continuaci\u00f3n, nos comunicaremos con usted lo antes posible. O puede contactarnos por WhatsApp\/Tel o Email. Whatsapp\/Tel: +86 13673689272, correo electr\u00f3nico: sales@tianhuipackingmachine.com<\/p>","protected":false},"author":1,"featured_media":0,"parent":0,"menu_order":0,"comment_status":"closed","ping_status":"closed","template":"","meta":{"footnotes":""},"class_list":["post-320","page","type-page","status-publish","hentry"],"_links":{"self":[{"href":"https:\/\/tianhuipackingmachine.com\/es\/wp-json\/wp\/v2\/pages\/320","targetHints":{"allow":["GET"]}}],"collection":[{"href":"https:\/\/tianhuipackingmachine.com\/es\/wp-json\/wp\/v2\/pages"}],"about":[{"href":"https:\/\/tianhuipackingmachine.com\/es\/wp-json\/wp\/v2\/types\/page"}],"author":[{"embeddable":true,"href":"https:\/\/tianhuipackingmachine.com\/es\/wp-json\/wp\/v2\/users\/1"}],"replies":[{"embeddable":true,"href":"https:\/\/tianhuipackingmachine.com\/es\/wp-json\/wp\/v2\/comments?post=320"}],"version-history":[{"count":0,"href":"https:\/\/tianhuipackingmachine.com\/es\/wp-json\/wp\/v2\/pages\/320\/revisions"}],"wp:attachment":[{"href":"https:\/\/tianhuipackingmachine.com\/es\/wp-json\/wp\/v2\/media?parent=320"}],"curies":[{"name":"wp","href":"https:\/\/api.w.org\/{rel}","templated":true}]}}