{"id":121,"date":"2021-05-06T09:31:24","date_gmt":"2021-05-06T09:31:24","guid":{"rendered":"https:\/\/tianhuipackingmachine.com\/?page_id=121"},"modified":"2025-09-12T09:46:50","modified_gmt":"2025-09-12T01:46:50","slug":"about-us","status":"publish","type":"page","link":"https:\/\/tianhuipackingmachine.com\/es\/about-us\/","title":{"rendered":"Sobre nosotros"},"content":{"rendered":"<p>Fundada en 1993, Henan Shuliy Machinery Co., Ltd ha estado involucrada en el dise\u00f1o, investigaci\u00f3n, fabricaci\u00f3n y comercializaci\u00f3n de diversas m\u00e1quinas empacadoras, llenadoras, selladoras, etiquetadoras y taponadoras de calidad durante casi 30 a\u00f1os. Nuestro objetivo es ser uno de los proveedores de m\u00e1quinas empacadoras m\u00e1s confiables, famosos y excelentes para agentes, distribuidores y empresarios de todo el mundo. Estos a\u00f1os hemos logrado grandes logros. Nuestros productos se han exportado con \u00e9xito a m\u00e1s de 80 pa\u00edses y regiones y han aportado grandes beneficios a nuestros socios. Adem\u00e1s, tambi\u00e9n estamos dispuestos a cooperar con las peque\u00f1as empresas. Y ay\u00fadelos a obtener m\u00e1s ganancias con nuestras m\u00e1quinas competitivas y de calidad.<\/p>    <h2 class=\"wp-block-heading has-text-align-center\" id=\"h-pre-sales-service\">Servicio Preventa<\/h2>    <div class=\"wp-block-columns is-layout-flex wp-container-core-columns-is-layout-28f84493 wp-block-columns-is-layout-flex\"> <div class=\"wp-block-column is-layout-flow wp-block-column-is-layout-flow\"> <figure class=\"wp-block-image size-large\"><img loading=\"lazy\" decoding=\"async\" width=\"750\" height=\"500\" src=\"https:\/\/tianhuipackingmachine.com\/wp-content\/uploads\/2021\/12\/team-750x500.jpg\" alt=\"equipo\" class=\"wp-image-4184\" srcset=\"https:\/\/tianhuipackingmachine.com\/wp-content\/uploads\/2021\/12\/team.jpg 750w, https:\/\/tianhuipackingmachine.com\/wp-content\/uploads\/2021\/12\/team-480x320.jpg 480w\" sizes=\"auto, (max-width: 750px) 100vw, 750px\" \/><figcaption class=\"wp-element-caption\">Equipo<\/figcaption><\/figure> <\/div>    <div class=\"wp-block-column is-layout-flow wp-block-column-is-layout-flow\"> <p>Consultaremos y confirmaremos las demandas de nuestros clientes y luego brindaremos soluciones de embalaje gratuitas.<\/p>    <p>Podemos proporcionar un conjunto completo de v\u00eddeos a nuestros clientes como referencia para elegir la m\u00e1quina adecuada.<\/p>    <p>Henan Shuliy Machinery apoya las pruebas de las muestras de nuestros clientes mediante el uso de nuestro equipo y le daremos su opini\u00f3n.<\/p>    <p>Si desea ver nuestra f\u00e1brica, agradecemos su visita o podemos hacer un video en l\u00ednea.<\/p> <\/div> <\/div>    <h2 class=\"wp-block-heading has-text-align-center\">Servicio postventa<\/h2>    <p>Cada una de nuestras m\u00e1quinas cuenta con sus correspondientes manuales de orientaci\u00f3n en ingl\u00e9s y v\u00eddeos de instalaci\u00f3n, configuraci\u00f3n, funcionamiento, mantenimiento, etc.<\/p>    <p>Disponemos de servicio online las 24 horas. Puedes ponerte en contacto con nosotros en cualquier momento si tienes alguna duda que quieras consultar.<\/p>    <p>Nuestra empresa puede enviar t\u00e9cnicos e ingenieros a su pa\u00eds para ayudar a instalar, ajustar y guiar el funcionamiento de la m\u00e1quina.<\/p>    <p>La maquinaria Henan Shuliy ser\u00e1 responsable del equipo en sus propias garant\u00edas.<\/p>    <p>Si tienes alguna emergencia, por favor ponte en contacto con nosotros en cualquier momento y te responderemos lo antes posible.<\/p>    <h2 class=\"wp-block-heading has-text-align-center\">Huella<\/h2>    <p class=\"has-text-align-center\">Desde que comenzamos nuestro negocio de embalaje, nuestros equipos de embalaje se han utilizado en todos los \u00e1mbitos de la vida, como la industria alimentaria, la industria de bebidas, la industria qu\u00edmica, la industria cosm\u00e9tica, la industria farmac\u00e9utica, etc. Hoy en d\u00eda, nuestros productos se han exportado con \u00e9xito a m\u00e1s de 80 pa\u00edses y regiones, como EE. UU., Canad\u00e1, Australia, Inglaterra, India, Pakist\u00e1n, Malasia, Filipinas, Indonesia, Bangladesh, Kenia, Nigeria, etc. Nuestras m\u00e1quinas han disfrutado de una buena reputaci\u00f3n por su buen rendimiento y precio competitivo.<\/p>    <figure class=\"wp-block-image aligncenter size-full\"><img loading=\"lazy\" decoding=\"async\" width=\"1024\" height=\"486\" src=\"https:\/\/tianhuipackingmachine.com\/wp-content\/uploads\/2021\/08\/global-market.jpg\" alt=\"Mercado global de maquinaria de embalaje Tianhui\" class=\"wp-image-2153\" srcset=\"https:\/\/tianhuipackingmachine.com\/wp-content\/uploads\/2021\/08\/global-market.jpg 1024w, https:\/\/tianhuipackingmachine.com\/wp-content\/uploads\/2021\/08\/global-market-300x142.jpg 300w, https:\/\/tianhuipackingmachine.com\/wp-content\/uploads\/2021\/08\/global-market-768x365.jpg 768w\" sizes=\"auto, (max-width: 1024px) 100vw, 1024px\" \/><figcaption class=\"wp-element-caption\">Mercado global de maquinaria de embalaje Tianhui<\/figcaption><\/figure>    <h2 class=\"wp-block-heading has-text-align-center\">Certificados<\/h2>    <figure class=\"wp-block-image aligncenter size-large\"><img loading=\"lazy\" decoding=\"async\" width=\"1024\" height=\"355\" src=\"https:\/\/tianhuipackingmachine.com\/wp-content\/uploads\/2021\/09\/certificates-1024x355.jpg\" alt=\"certificados\" class=\"wp-image-2678\" srcset=\"https:\/\/tianhuipackingmachine.com\/wp-content\/uploads\/2021\/09\/certificates-1024x355.jpg 1024w, https:\/\/tianhuipackingmachine.com\/wp-content\/uploads\/2021\/09\/certificates-300x104.jpg 300w, https:\/\/tianhuipackingmachine.com\/wp-content\/uploads\/2021\/09\/certificates-768x266.jpg 768w, https:\/\/tianhuipackingmachine.com\/wp-content\/uploads\/2021\/09\/certificates-1536x533.jpg 1536w, https:\/\/tianhuipackingmachine.com\/wp-content\/uploads\/2021\/09\/certificates.jpg 1920w\" sizes=\"auto, (max-width: 1024px) 100vw, 1024px\" \/><figcaption class=\"wp-element-caption\">Certificados<\/figcaption><\/figure>","protected":false},"excerpt":{"rendered":"<p>Founded in 1993, Henan Shuliy Machinery Co., Ltd has been involved in the design, research, manufacturing, and marketing of various quality packing machines, filling machines, sealing machines, labeling machines, and capping machines for almost 30 years. We aim to be one of the most reliable, famous, and excellent packing machine suppliers for worldwide agents, distributors, [&hellip;]<\/p>\n","protected":false},"author":1,"featured_media":0,"parent":0,"menu_order":0,"comment_status":"closed","ping_status":"closed","template":"","meta":{"footnotes":""},"class_list":["post-121","page","type-page","status-publish","hentry"],"_links":{"self":[{"href":"https:\/\/tianhuipackingmachine.com\/es\/wp-json\/wp\/v2\/pages\/121","targetHints":{"allow":["GET"]}}],"collection":[{"href":"https:\/\/tianhuipackingmachine.com\/es\/wp-json\/wp\/v2\/pages"}],"about":[{"href":"https:\/\/tianhuipackingmachine.com\/es\/wp-json\/wp\/v2\/types\/page"}],"author":[{"embeddable":true,"href":"https:\/\/tianhuipackingmachine.com\/es\/wp-json\/wp\/v2\/users\/1"}],"replies":[{"embeddable":true,"href":"https:\/\/tianhuipackingmachine.com\/es\/wp-json\/wp\/v2\/comments?post=121"}],"version-history":[{"count":0,"href":"https:\/\/tianhuipackingmachine.com\/es\/wp-json\/wp\/v2\/pages\/121\/revisions"}],"wp:attachment":[{"href":"https:\/\/tianhuipackingmachine.com\/es\/wp-json\/wp\/v2\/media?parent=121"}],"curies":[{"name":"wp","href":"https:\/\/api.w.org\/{rel}","templated":true}]}}