{"id":9350,"date":"2026-04-10T16:00:17","date_gmt":"2026-04-10T08:00:17","guid":{"rendered":"https:\/\/tianhuipackingmachine.com\/?post_type=product&#038;p=9350"},"modified":"2026-04-10T16:42:15","modified_gmt":"2026-04-10T08:42:15","slug":"vacuum-skin-packaging-machine","status":"publish","type":"product","link":"https:\/\/tianhuipackingmachine.com\/de\/vacuum-skin-packaging-machine\/","title":{"rendered":"Vakuum-Skin-Verpackungsmaschine"},"content":{"rendered":"<p class=\"translation-block\">Die <strong>Vakuum-Skin-Verpackungsmaschine<\/strong> ist eine Art MAP-Verpackungsmaschine, eine fortschrittliche Verpackungsl\u00f6sung, die Vakuumdruck nutzt, um eine erhitzte Kunststofffolie eng um ein auf einer Basis-Schale oder -Platte platziertes Produkt zu versiegeln. Die Folie passt sich perfekt an die Form des Produkts an und schafft eine <strong>3D-skin-enge Verpackung<\/strong>, die Schutz, Frische und visuelle Attraktivit\u00e4t vereint.<\/p>    <p class=\"translation-block\">Sie hat eine Kapazit\u00e4t von <strong>180-500 Boxen pro Stunde<\/strong> und kann <strong>einen Zyklus innerhalb von 12-15 Sekunden<\/strong> abschlie\u00dfen. Diese innovative Verpackungstechnologie bietet drei Hauptvorteile: <strong>dichtes Produktschutz, Vakuumkonservierung und 3D-Visuelle Pr\u00e4sentation<\/strong>, weit verbreitet in der Lebensmittelverarbeitung, im Einzelhandel und im industriellen Produktschutz.<\/p>    <h2 class=\"wp-block-heading\"><strong>Arbeitsvideo der VSP-Vakuum-Skin-Verpackungsmaschine<\/strong><\/h2>   <figure class=\"wp-block-embed-youtube wp-block-embed is-type-video is-provider-youtube wp-embed-aspect-16-9 wp-has-aspect-ratio\"><div class=\"lyte-wrapper\" title=\"Arbeitsvideo der Vakuum-Skin-Verpackungsmaschine | Perfekte 3D-Lebensmittelverpackungsl\u00f6sung \u2013 Preis erfragen!\" style=\"width:853px;max-width:100%;margin:5px auto;\"><div class=\"lyMe\" id=\"WYL_XR3KQcHGhuc\" itemprop=\"video\" itemscope itemtype=\"https:\/\/schema.org\/VideoObject\"><div><meta itemprop=\"thumbnailUrl\" content=\"https:\/\/i.ytimg.com\/vi\/XR3KQcHGhuc\/hqdefault.jpg\" \/><meta itemprop=\"embedURL\" content=\"https:\/\/www.youtube.com\/embed\/XR3KQcHGhuc\" \/><meta itemprop=\"duration\" content=\"PT1M22S\" \/><meta itemprop=\"uploadDate\" content=\"2026-04-10T07:00:16Z\" \/><\/div><div id=\"lyte_XR3KQcHGhuc\" data-src=\"https:\/\/i.ytimg.com\/vi\/XR3KQcHGhuc\/hqdefault.jpg\" class=\"pL\"><div class=\"tC\"><div class=\"tT\" itemprop=\"name\">Arbeitsvideo der Vakuum-Skin-Verpackungsmaschine | Perfekte 3D-Lebensmittelverpackungsl\u00f6sung \u2013 Preis erfragen!<\/div><\/div><div class=\"play\"><\/div><div class=\"ctrl\"><div class=\"Lctrl\"><\/div><div class=\"Rctrl\"><\/div><\/div><\/div><noscript><a href=\"https:\/\/youtu.be\/XR3KQcHGhuc\" rel=\"nofollow noopener\" target=\"_blank\"><img loading=\"lazy\" decoding=\"async\" src=\"https:\/\/i.ytimg.com\/vi\/XR3KQcHGhuc\/0.jpg\" alt=\"Arbeitsvideo der Vakuum-Skin-Verpackungsmaschine | Perfekte 3D-Lebensmittelverpackungsl\u00f6sung \u2013 Preis erfragen!\" width=\"853\" height=\"460\" \/><\/a><\/noscript><meta itemprop=\"description\" content=\"#skinpack #vacuumpackaging #vacuumpacking WhatsApp No.: https:\/\/wa.me\/+8613673689272 WeChat\/Tel No.:+8613673689272 Email: sales@tianhuipackingmachine.com Website: https:\/\/tianhuipackingmachine.com\/vacuum-skin-packaging-machine\/ This video shows the working process of a vacuum skin packaging machine, designed for high-quality packaging of fresh food and industrial products. The machine uses vacuum pressure to tightly seal a heated film over the product, creating a 3D skin-tight package that enhances product appearance, extends shelf life, and prevents movement or damage during transport. \u2728 Key Features: Perfect 3D display for better product presentation Strong vacuum sealing for freshness and protection Suitable for meat, seafood, frozen food, and hardware Stable performance with high efficiency Widely used in supermarkets, food processing plants, and industrial packaging. \ud83d\udc49 Looking for a reliable vacuum skin packaging machine? Contact us now for detailed specifications, working videos, and the latest price! WhatsApp No.: https:\/\/wa.me\/+8613673689272 WeChat\/Tel No.:+8613673689272 Email: sales@tianhuipackingmachine.com Website: https:\/\/tianhuipackingmachine.com\/vacuum-skin-packaging-machine\/\"><\/div><\/div><div class=\"lL\" style=\"max-width:100%;width:853px;margin:5px auto;\"> <a href=\"https:\/\/youtu.be\/XR3KQcHGhuc\" target=\"_blank\" rel=\"noopener\">Dieses Video auf YouTube ansehen<\/a>.<\/div><figcaption>Video der manuellen Lebensmittel-Schalenversiegelungsmaschine<\/figcaption><\/figure>   <h2 class=\"wp-block-heading\"><strong>Technische Parameter der Skin-Vakuum-Verpackungsmaschine<\/strong><\/h2>    <p class=\"translation-block\">Bei Shuliy gibt es zwei Modelle vertikaler Vakuum-Skin-Verpackungsmaschinen zum Verkauf: <strong>JRB-M380V<\/strong> und <strong>JRB-M450V<\/strong>. <\/p>    <p>Die Schalengr\u00f6\u00dfe kann an die tats\u00e4chlichen Bed\u00fcrfnisse angepasst werden. <\/p>    <figure class=\"wp-block-table\"><table class=\"has-fixed-layout\"><tbody><tr><td><strong>Modell<\/strong><\/td><td><strong>JRB-M380V<\/strong><\/td><td><strong>JRB-M450V<\/strong><\/td><\/tr><tr><td><strong>Max. Folienbreite<\/strong><\/td><td>380 mm<\/td><td>450 mm<\/td><\/tr><tr><td><strong>Maximaler Filmdurchmesser<\/strong><\/td><td>240 mm<\/td><td> 240 mm<\/td><\/tr><tr><td><strong>Packgeschwindigkeit<\/strong><\/td><td>12\u201315 Sekunden\/Zyklus<\/td><td>12\u201315 Sekunden\/Zyklus<\/td><\/tr><tr><td><strong>Ausgangskapazit\u00e4t<\/strong><\/td><td>2 Schalen: \u2248300 Schalen\/Stunde<br>4 Schalen: \u2248500 Schalen\/Stunde<\/td><td>1 Schale: \u2248180 Schalen\/Stunde<br>2 Schalen: \u2248300 Schalen\/Stunde<br>4 Schalen: \u2248500 Schalen\/Stunde<\/td><\/tr><tr><td><strong>Kapazit\u00e4t der Vakuumpumpe<\/strong><\/td><td>63 m\u00b3\/h<\/td><td>100 m\u00b3\/h<\/td><\/tr><tr><td><strong>Stromversorgung<\/strong><\/td><td>380V \/ 50Hz <\/td><td>380V \/ 50Hz<\/td><\/tr><tr><td><strong>Gesamtleistung<\/strong><\/td><td>4,5 kW<\/td><td>6,5 kW <\/td><\/tr><tr><td><strong>Luftdruck<\/strong><\/td><td> 0,6\u20130,8 MPa<\/td><td> 0,6\u20130,8 MPa<\/td><\/tr><tr><td><strong>Maschinengewicht<\/strong><\/td><td>330 kg<\/td><td>447 kg<\/td><\/tr><tr><td><strong>Maschinengr\u00f6\u00dfe<\/strong><\/td><td>1120 \u00d7 1100 \u00d7 1600 mm<\/td><td>1250 \u00d7 1200 \u00d7 1600 mm<\/td><\/tr><tr><td><strong>Max. Schalenformat<\/strong><\/td><td>2 Schalen: 310 \u00d7 200 \u00d7 60 mm<br>4 Schalen: 200 \u00d7 140 \u00d7 60 mm<\/td><td>2 Schalen: 380 \u00d7 260 \u00d7 60 mm<br>4 Schalen: 260 \u00d7 175 \u00d7 60 mm<\/td><\/tr><\/tbody><\/table><figcaption class=\"wp-element-caption\">Parameter der vertikalen VSP-Lebensmittel-Schaleversiegelungsmaschine<\/figcaption><\/figure>    <figure class=\"wp-block-image aligncenter size-large\"><img loading=\"lazy\" decoding=\"async\" width=\"667\" height=\"500\" src=\"https:\/\/tianhuipackingmachine.com\/wp-content\/uploads\/2026\/04\/commercial-vacuum-tray-sealing-machine-for-skin-packing-667x500.webp\" alt=\"commercial vacuum tray sealing machine for skin packing\" class=\"wp-image-9361\" srcset=\"https:\/\/tianhuipackingmachine.com\/wp-content\/uploads\/2026\/04\/commercial-vacuum-tray-sealing-machine-for-skin-packing-667x500.webp 667w, https:\/\/tianhuipackingmachine.com\/wp-content\/uploads\/2026\/04\/commercial-vacuum-tray-sealing-machine-for-skin-packing-480x360.webp 480w, https:\/\/tianhuipackingmachine.com\/wp-content\/uploads\/2026\/04\/commercial-vacuum-tray-sealing-machine-for-skin-packing-16x12.webp 16w, https:\/\/tianhuipackingmachine.com\/wp-content\/uploads\/2026\/04\/commercial-vacuum-tray-sealing-machine-for-skin-packing.webp 720w\" sizes=\"auto, (max-width: 667px) 100vw, 667px\" \/><figcaption class=\"wp-element-caption\">Kommerzielle Vakuum-Schalenversiegelungsmaschine f\u00fcr Skin Packing<\/figcaption><\/figure>    <h2 class=\"wp-block-heading\"><strong>Wie funktioniert die Shuliy Vakuum-Skin-Verpackungsmaschine?<\/strong><\/h2>    <p>Der Arbeitsprozess einer Skin-Vakuum-Verpackungsmaschine ist einfach, aber hoch effizient:<\/p>   <div id=\"rank-math-howto\" class=\"rank-math-block\" > <div class=\"rank-math-howto-description\">  <\/div>  <div class=\"rank-math-steps\"> <div id=\"howto-step-1775803819391\" class=\"rank-math-step\"> <h3 class=\"rank-math-step-title\"> <strong>Produktplatzierung<\/strong><\/h3> <div class=\"rank-math-step-content\"><p>Das Produkt wird auf eine Basis wie eine atmungsaktive Pappe oder perforierte Schale gelegt.<\/p> <\/div> <\/div> <div id=\"howto-step-1775803893070\" class=\"rank-math-step\"> <h3 class=\"rank-math-step-title\"><strong>Filmerw\u00e4rmung<\/strong><\/h3> <div class=\"rank-math-step-content\"><p>Der Verpackungsfilm wird auf eine Weich- und Formtemperatur erhitzt, wodurch er flexibel und formbar wird.<\/p> <\/div> <\/div> <div id=\"howto-step-1775803912682\" class=\"rank-math-step\"> <h3 class=\"rank-math-step-title\"><strong>Vakuumversiegelung<\/strong><\/h3> <div class=\"rank-math-step-content\"><p>Ein Vakuumsystem entfernt Luft aus der Kammer. Unter negativem Druck umh\u00fcllt der erhitzte Film das Produkt eng und verbindet sich mit der Basis.<\/p> <\/div> <\/div> <div id=\"howto-step-1775803933822\" class=\"rank-math-step\"> <h3 class=\"rank-math-step-title\"><strong>K\u00fchlung und Formen<\/strong><\/h3> <div class=\"rank-math-step-content\"><img loading=\"lazy\" decoding=\"async\" width=\"639\" height=\"540\" src=\"https:\/\/tianhuipackingmachine.com\/wp-content\/uploads\/2026\/04\/vacuum-skin-packaging-effect.webp\" class=\"attachment-full size-full\" alt=\"vacuum skin packaging effect\" srcset=\"https:\/\/tianhuipackingmachine.com\/wp-content\/uploads\/2026\/04\/vacuum-skin-packaging-effect.webp 639w, https:\/\/tianhuipackingmachine.com\/wp-content\/uploads\/2026\/04\/vacuum-skin-packaging-effect-426x360.webp 426w, https:\/\/tianhuipackingmachine.com\/wp-content\/uploads\/2026\/04\/vacuum-skin-packaging-effect-592x500.webp 592w, https:\/\/tianhuipackingmachine.com\/wp-content\/uploads\/2026\/04\/vacuum-skin-packaging-effect-14x12.webp 14w\" sizes=\"auto, (max-width: 639px) 100vw, 639px\" \/><p>Der Film k\u00fchlt und h\u00e4rtet aus, w\u00e4hrend er eine enge Versiegelung aufrechterh\u00e4lt, was eine langlebige und optisch ansprechende Verpackung (3D) schafft.<\/p> <\/div> <\/div> <\/div> <\/div>       <h2 class=\"wp-block-heading\"><strong>Wichtige Vorteile der Vakuum-Skin-Verpackung<\/strong><\/h2>    <ul class=\"wp-block-list\"> <li><strong>3D-Visueller Verkauf<\/strong> <ul class=\"wp-block-list\"> <li>Products are displayed like a &#8220;sculpture,&#8221; enhancing shelf appeal and allowing customers to clearly see product details.<\/li> <\/ul> <\/li>    <li><strong>\u00dcberlegene Frische und Konservierung<\/strong> <ul class=\"wp-block-list\"> <li>Vakuum-Skin-Verpackung hilft, Farbe, Textur und Frische zu erhalten, was sie ideal macht f\u00fcr: <ul class=\"wp-block-list\"> <li>Frisches Fleisch<\/li>    <li>Meeresfr\u00fcchte<\/li>    <li>Tiefk\u00fchlkost<\/li> <\/ul> <\/li>    <li>Es reduziert auch die Bildung von Eiskristallen und Gefrierbrand.<\/li> <\/ul> <\/li>    <li><strong>Ausgezeichneter Schutz und Stabilit\u00e4t<\/strong> <ul class=\"wp-block-list\"> <li>Die enge Verpackung verhindert Produktbewegung, was geeignet ist f\u00fcr: <ul class=\"wp-block-list\"> <li>Werkzeug<\/li>    <li>Elektronische Komponenten<\/li>    <li>Zerbrechliche Gegenst\u00e4nde<\/li> <\/ul> <\/li> <\/ul> <\/li> <\/ul>    <h2 class=\"wp-block-heading\"><strong>Anwendungen der kommerziellen Vakuum-Skin-Verpackungsmaschine<\/strong><\/h2>    <p>Die Skin-Verpackungsmaschine f\u00fcr Lebensmittel wird in folgenden Bereichen eingesetzt:<\/p>    <h3 class=\"wp-block-heading\"><strong>Lebensmittelindustrie<\/strong><\/h3>    <ul class=\"wp-block-list\"> <li>Frisches Fleisch und Rindfleisch<\/li>    <li>Meeresfr\u00fcchte und Fisch<\/li>    <li>Tiefk\u00fchlkost<\/li>    <li>Fertiggerichte<\/li> <\/ul>    <figure class=\"wp-block-gallery has-nested-images columns-default is-cropped wp-block-gallery-2 is-layout-flex wp-block-gallery-is-layout-flex\"> <figure class=\"wp-block-image size-large\"><img loading=\"lazy\" decoding=\"async\" width=\"375\" height=\"500\" data-id=\"9357\" src=\"https:\/\/tianhuipackingmachine.com\/wp-content\/uploads\/2026\/04\/vacuum-skin-packaging-VSP-machine-for-food-375x500.webp\" alt=\"vacuum skin packaging (VSP) machine for food\" class=\"wp-image-9357\" srcset=\"https:\/\/tianhuipackingmachine.com\/wp-content\/uploads\/2026\/04\/vacuum-skin-packaging-VSP-machine-for-food-375x500.webp 375w, https:\/\/tianhuipackingmachine.com\/wp-content\/uploads\/2026\/04\/vacuum-skin-packaging-VSP-machine-for-food-270x360.webp 270w, https:\/\/tianhuipackingmachine.com\/wp-content\/uploads\/2026\/04\/vacuum-skin-packaging-VSP-machine-for-food-768x1024.webp 768w, https:\/\/tianhuipackingmachine.com\/wp-content\/uploads\/2026\/04\/vacuum-skin-packaging-VSP-machine-for-food-9x12.webp 9w, https:\/\/tianhuipackingmachine.com\/wp-content\/uploads\/2026\/04\/vacuum-skin-packaging-VSP-machine-for-food.webp 1080w\" sizes=\"auto, (max-width: 375px) 100vw, 375px\" \/><figcaption class=\"wp-element-caption\">Vakuum-Skin-Verpackungsmaschine (VSP) f\u00fcr Lebensmittel<\/figcaption><\/figure>    <figure class=\"wp-block-image size-large\"><img loading=\"lazy\" decoding=\"async\" width=\"375\" height=\"500\" data-id=\"9358\" src=\"https:\/\/tianhuipackingmachine.com\/wp-content\/uploads\/2026\/04\/vacuum-skin-packaging-machine-for-foodstuffs-375x500.webp\" alt=\"vacuum skin packaging machine for foodstuffs\" class=\"wp-image-9358\" srcset=\"https:\/\/tianhuipackingmachine.com\/wp-content\/uploads\/2026\/04\/vacuum-skin-packaging-machine-for-foodstuffs-375x500.webp 375w, https:\/\/tianhuipackingmachine.com\/wp-content\/uploads\/2026\/04\/vacuum-skin-packaging-machine-for-foodstuffs-270x360.webp 270w, https:\/\/tianhuipackingmachine.com\/wp-content\/uploads\/2026\/04\/vacuum-skin-packaging-machine-for-foodstuffs-768x1024.webp 768w, https:\/\/tianhuipackingmachine.com\/wp-content\/uploads\/2026\/04\/vacuum-skin-packaging-machine-for-foodstuffs-9x12.webp 9w, https:\/\/tianhuipackingmachine.com\/wp-content\/uploads\/2026\/04\/vacuum-skin-packaging-machine-for-foodstuffs.webp 960w\" sizes=\"auto, (max-width: 375px) 100vw, 375px\" \/><figcaption class=\"wp-element-caption\">Vakuum-Skin-Verpackungsmaschine f\u00fcr Lebensmittel<\/figcaption><\/figure>    <figure class=\"wp-block-image size-large\"><img loading=\"lazy\" decoding=\"async\" width=\"375\" height=\"500\" data-id=\"9359\" src=\"https:\/\/tianhuipackingmachine.com\/wp-content\/uploads\/2026\/04\/manual-vacuum-skin-packaging-machine-for-meat-375x500.webp\" alt=\"manual vacuum skin packaging machine for meat\" class=\"wp-image-9359\" srcset=\"https:\/\/tianhuipackingmachine.com\/wp-content\/uploads\/2026\/04\/manual-vacuum-skin-packaging-machine-for-meat-375x500.webp 375w, https:\/\/tianhuipackingmachine.com\/wp-content\/uploads\/2026\/04\/manual-vacuum-skin-packaging-machine-for-meat-270x360.webp 270w, https:\/\/tianhuipackingmachine.com\/wp-content\/uploads\/2026\/04\/manual-vacuum-skin-packaging-machine-for-meat-768x1024.webp 768w, https:\/\/tianhuipackingmachine.com\/wp-content\/uploads\/2026\/04\/manual-vacuum-skin-packaging-machine-for-meat-9x12.webp 9w, https:\/\/tianhuipackingmachine.com\/wp-content\/uploads\/2026\/04\/manual-vacuum-skin-packaging-machine-for-meat.webp 1080w\" sizes=\"auto, (max-width: 375px) 100vw, 375px\" \/><figcaption class=\"wp-element-caption\">Manuelle Vakuum-Skin-Verpackungsmaschine f\u00fcr Fleisch<\/figcaption><\/figure> <\/figure>    <h3 class=\"wp-block-heading\"><strong>Nicht-Lebensmittelindustrie<\/strong><\/h3>    <ul class=\"wp-block-list\"> <li>Werkzeug und DIY-Produkte<\/li>    <li>Elektronische Teile<\/li>    <li>Industrielle Komponenten<\/li>    <li>Kosmetika und K\u00f6rperpflegeprodukte<\/li> <\/ul>    <h2 class=\"wp-block-heading\"><strong>What&#8217;s the Vacuum Skin Packaging Machine Price?<\/strong><\/h2>    <p>Der Preis der Gas-Entl\u00fcftungs-Verpackungsmaschine h\u00e4ngt ab von:<\/p>    <ul class=\"wp-block-list\"> <li>Maschinenmodell und Gr\u00f6\u00dfe (z.B. M380 vs M450)<\/li>    <li>Kapazit\u00e4t der Vakuumpumpe<\/li>    <li>Produktionskapazit\u00e4t (Schalen pro Stunde)<\/li>    <li>Folienbreite und Schalenformat<\/li>    <li>Optionale Anpassungsmerkmale<\/li> <\/ul>    <p>Kontaktieren Sie unser Verkaufsteam f\u00fcr eine genaue Preisangabe basierend auf Ihrem Produktionsvolumen, Produktspezifikationen und Lieferanforderungen. Wir bieten wettbewerbsf\u00e4hige Angebote f\u00fcr Einzelger\u00e4te und Gro\u00dfbestellungen mit weltweitem Versand in \u00fcber 50 L\u00e4nder.<\/p>    <h2 class=\"wp-block-heading\"><strong>Warum Shuliy Vakuum-Skin-Verpackungsmaschine w\u00e4hlen?<\/strong><\/h2>    <ul class=\"wp-block-list\"> <li>Hochleistungs-Vakuumsystem f\u00fcr dichten Verschluss<\/li>    <li>Stabile Bedienung mit gleichbleibender Verpackungsqualit\u00e4t<\/li>    <li>Breite Anwendung f\u00fcr Lebensmittel und Industrieprodukte<\/li>    <li>Anpassbare Konfigurationen basierend auf Produktionsbedarf<\/li>    <li>Professionelle Unterst\u00fctzung und globale Exporterfahrung<\/li> <\/ul>    <figure class=\"wp-block-gallery has-nested-images columns-default is-cropped wp-block-gallery-3 is-layout-flex wp-block-gallery-is-layout-flex\"> <figure class=\"wp-block-image size-large\"><img loading=\"lazy\" decoding=\"async\" width=\"667\" height=\"500\" data-id=\"9364\" src=\"https:\/\/tianhuipackingmachine.com\/wp-content\/uploads\/2026\/04\/skin-vacuum-packaging-machine-for-sale-667x500.webp\" alt=\"skin vacuum packaging machine for sale\" class=\"wp-image-9364\" srcset=\"https:\/\/tianhuipackingmachine.com\/wp-content\/uploads\/2026\/04\/skin-vacuum-packaging-machine-for-sale-667x500.webp 667w, https:\/\/tianhuipackingmachine.com\/wp-content\/uploads\/2026\/04\/skin-vacuum-packaging-machine-for-sale-480x360.webp 480w, https:\/\/tianhuipackingmachine.com\/wp-content\/uploads\/2026\/04\/skin-vacuum-packaging-machine-for-sale-16x12.webp 16w, https:\/\/tianhuipackingmachine.com\/wp-content\/uploads\/2026\/04\/skin-vacuum-packaging-machine-for-sale.webp 720w\" sizes=\"auto, (max-width: 667px) 100vw, 667px\" \/><figcaption class=\"wp-element-caption\">Skin-Vakuum-Verpackungsmaschine zum Verkauf<\/figcaption><\/figure>    <figure class=\"wp-block-image size-large\"><img loading=\"lazy\" decoding=\"async\" width=\"500\" height=\"500\" data-id=\"9363\" src=\"https:\/\/tianhuipackingmachine.com\/wp-content\/uploads\/2026\/04\/meat-skin-packaging-with-3D-effect-500x500.webp\" alt=\"meat skin packaging with 3D effect\" class=\"wp-image-9363\" srcset=\"https:\/\/tianhuipackingmachine.com\/wp-content\/uploads\/2026\/04\/meat-skin-packaging-with-3D-effect-500x500.webp 500w, https:\/\/tianhuipackingmachine.com\/wp-content\/uploads\/2026\/04\/meat-skin-packaging-with-3D-effect-360x360.webp 360w, https:\/\/tianhuipackingmachine.com\/wp-content\/uploads\/2026\/04\/meat-skin-packaging-with-3D-effect-150x150.webp 150w, https:\/\/tianhuipackingmachine.com\/wp-content\/uploads\/2026\/04\/meat-skin-packaging-with-3D-effect-768x768.webp 768w, https:\/\/tianhuipackingmachine.com\/wp-content\/uploads\/2026\/04\/meat-skin-packaging-with-3D-effect-12x12.webp 12w, https:\/\/tianhuipackingmachine.com\/wp-content\/uploads\/2026\/04\/meat-skin-packaging-with-3D-effect.webp 924w\" sizes=\"auto, (max-width: 500px) 100vw, 500px\" \/><figcaption class=\"wp-element-caption\">Fleisch-Skin-Verpackung mit 3D-Effekt<\/figcaption><\/figure> <\/figure>    <h2 class=\"wp-block-heading\"><strong>Kontaktieren Sie uns f\u00fcr Skin-Verpackungsl\u00f6sungen<\/strong><\/h2>    <p class=\"translation-block\">Eine <strong>Vakuum-Skin-Verpackungsmaschine<\/strong> ist eine ideale L\u00f6sung f\u00fcr Unternehmen, die Produktfrische, Schutz und visuelle Attraktivit\u00e4t verbessern m\u00f6chten. Mit fortschrittlicher Vakuumtechnologie und effizienter Leistung hilft sie, den Produktwert und die Wettbewerbsf\u00e4higkeit auf dem Markt zu steigern.<\/p>    <p class=\"translation-block\">&#x1f449; <strong>Contact us today to get detailed specifications, videos, and the best price for your vacuum skin packaging solution.<\/strong><\/p>    <h2 class=\"wp-block-heading\"><strong>Verwandte Produkte<\/strong><\/h2>    <ul class=\"wp-block-list\"> <li><strong><a href=\"https:\/\/tianhuipackingmachine.com\/de\/modified-atmosphere-packaging-machine-map-tray-sealer\/\">Vertikale MAP-Verpackungsmaschine<\/a><\/strong><\/li>    <li><strong>Doppelkammer-Vakuumverpackungsmaschine<\/strong><\/li>    <li><strong>Tischmodifizierte Atmosph\u00e4renverpackungsmaschine<\/strong><\/li> <\/ul>","protected":false},"excerpt":{"rendered":"<p>Shuliy vacuum skin packaging machine creates 3D tight-fitting packages with superior product presentation. Perfect for premium meat, seafood, and retail display packaging.<\/p>","protected":false},"author":1,"featured_media":9351,"parent":0,"template":"","tags":[239,243,193,242,244],"product-type":[140],"class_list":["post-9350","product","type-product","status-publish","has-post-thumbnail","hentry","tag-map-packaging","tag-skin-packaging-machine","tag-vacuum-packaging","tag-vacuum-skin-packaging-machine","tag-vsp-packaging","product-type-vacuum-packaging-machines"],"_links":{"self":[{"href":"https:\/\/tianhuipackingmachine.com\/de\/wp-json\/wp\/v2\/product\/9350","targetHints":{"allow":["GET"]}}],"collection":[{"href":"https:\/\/tianhuipackingmachine.com\/de\/wp-json\/wp\/v2\/product"}],"about":[{"href":"https:\/\/tianhuipackingmachine.com\/de\/wp-json\/wp\/v2\/types\/product"}],"author":[{"embeddable":true,"href":"https:\/\/tianhuipackingmachine.com\/de\/wp-json\/wp\/v2\/users\/1"}],"wp:featuredmedia":[{"embeddable":true,"href":"https:\/\/tianhuipackingmachine.com\/de\/wp-json\/wp\/v2\/media\/9351"}],"wp:attachment":[{"href":"https:\/\/tianhuipackingmachine.com\/de\/wp-json\/wp\/v2\/media?parent=9350"}],"wp:term":[{"taxonomy":"post_tag","embeddable":true,"href":"https:\/\/tianhuipackingmachine.com\/de\/wp-json\/wp\/v2\/tags?post=9350"},{"taxonomy":"product-type","embeddable":true,"href":"https:\/\/tianhuipackingmachine.com\/de\/wp-json\/wp\/v2\/product-type?post=9350"}],"curies":[{"name":"wp","href":"https:\/\/api.w.org\/{rel}","templated":true}]}}