{"id":9173,"date":"2025-10-15T15:52:29","date_gmt":"2025-10-15T07:52:29","guid":{"rendered":"https:\/\/tianhuipackingmachine.com\/?post_type=product&#038;p=9173"},"modified":"2025-10-15T18:06:51","modified_gmt":"2025-10-15T10:06:51","slug":"popsicle-ice-pop-packing-machine","status":"publish","type":"product","link":"https:\/\/tianhuipackingmachine.com\/de\/popsicle-ice-pop-packing-machine\/","title":{"rendered":"Automatische Eis am Stiel Packmaschine"},"content":{"rendered":"<p class=\"translation-block\">Shuliy <strong>Eispop-Verpackungsmaschine<\/strong>(auch bekannt als Eis am Stiel-Verpackungsmaschine, Popsicle-Verpackungsmaschine) ist ausgelegt, fl\u00fcssige Produkte in Popsicles, Eisriegel, Geleest\u00e4be usw. zu f\u00fcllen und zu versiegeln. Es verwendet eine selbstflie\u00dfende F\u00fctterungsmethode, die eine Kapazit\u00e4t von 20-72 Beuteln pro Minute erm\u00f6glicht. <\/p>    <p>Die Verpackungsart ist eine R\u00fcckversiegelung und die fertigen Produkte haben eine vollst\u00e4ndige Rundform. Au\u00dferdem k\u00f6nnen wir die Popsicle-Verpackungsmaschine anpassen, z. B. Spannung, Stecker usw., um Ihren Bed\u00fcrfnissen zu entsprechen. Interessiert? Willkommen, kontaktieren Sie uns f\u00fcr weitere Details!<\/p>   <figure class=\"wp-block-embed-youtube wp-block-embed is-type-video is-provider-youtube wp-embed-aspect-16-9 wp-has-aspect-ratio\"><div class=\"lyte-wrapper\" title=\"Eispop-Lolly-Verpackungsmaschine | Automatische Popsicle-Verpackungsmaschine getestet von Shuliy Machinery\" style=\"width:853px;max-width:100%;margin:5px auto;\"><div class=\"lyMe\" id=\"WYL_fkLxZ2Zatnk\" itemprop=\"video\" itemscope itemtype=\"https:\/\/schema.org\/VideoObject\"><div><meta itemprop=\"thumbnailUrl\" content=\"https:\/\/i.ytimg.com\/vi\/fkLxZ2Zatnk\/hqdefault.jpg\" \/><meta itemprop=\"embedURL\" content=\"https:\/\/www.youtube.com\/embed\/fkLxZ2Zatnk\" \/><meta itemprop=\"duration\" content=\"PT1M29S\" \/><meta itemprop=\"uploadDate\" content=\"2025-10-15T10:03:19Z\" \/><\/div><div id=\"lyte_fkLxZ2Zatnk\" data-src=\"https:\/\/i.ytimg.com\/vi\/fkLxZ2Zatnk\/hqdefault.jpg\" class=\"pL\"><div class=\"tC\"><div class=\"tT\" itemprop=\"name\">Eispop-Lolly-Verpackungsmaschine | Automatische Popsicle-Verpackungsmaschine getestet von Shuliy Machinery<\/div><\/div><div class=\"play\"><\/div><div class=\"ctrl\"><div class=\"Lctrl\"><\/div><div class=\"Rctrl\"><\/div><\/div><\/div><noscript><a href=\"https:\/\/youtu.be\/fkLxZ2Zatnk\" rel=\"nofollow noopener\" target=\"_blank\"><img loading=\"lazy\" decoding=\"async\" src=\"https:\/\/i.ytimg.com\/vi\/fkLxZ2Zatnk\/0.jpg\" alt=\"Eispop-Lolly-Verpackungsmaschine | Automatische Popsicle-Verpackungsmaschine getestet von Shuliy Machinery\" width=\"853\" height=\"460\" \/><\/a><\/noscript><meta itemprop=\"description\" content=\"#packing #icepop #icelolly #popsicle #packaging WhatsApp No.: https:\/\/wa.me\/+8613673689272 WeChat\/Tel No.:+8613673689272 Email: info@tianhuipackingmachine.com Website: https:\/\/tianhuipackingmachine.com\/popsicle-ice-pop-packing-machine\/ Watch the Shuliy Ice Pop Lolly Packing Machine in action! \ud83e\uddca This automatic popsicle packaging machine is designed for high-efficiency packaging of ice pops, juice bars, jelly sticks, and other frozen snacks. The machine automatically completes film forming, sealing, cutting, and date printing, ensuring clean, tight, and attractive packaging. \u2705 Key Features: Fast packing speed: 30\u201360 bags\/min Smooth sealing and cutting performance Support back seal and multi-bag continuous cutting Optional date printer and nitrogen filling device Voltage customizable (220V\/50Hz single phase) Perfect for ice pop factories, frozen snack producers, and beverage manufacturers who want to improve efficiency and product quality. \ud83d\udcde Contact Shuliy Machinery for details, price, and customized solutions: \ud83c\udf10 https:\/\/tianhuipackingmachine.com\/popsicle-ice-pop-packing-machine\/\"><\/div><\/div><div class=\"lL\" style=\"max-width:100%;width:853px;margin:5px auto;\"> <a href=\"https:\/\/youtu.be\/fkLxZ2Zatnk\" target=\"_blank\" rel=\"noopener\">Dieses Video auf YouTube ansehen<\/a>.<\/div><figcaption>Video der Eispop-Lolly-Verpackungsmaschine<\/figcaption><\/figure>   <h2 class=\"wp-block-heading\"><strong>Vorteile der Eis am Stiel Verpackungsmaschine<\/strong><\/h2>    <ul class=\"wp-block-list\"> <li>Die Eis am Stiel Verpackungsmaschine arbeitet mit hoher Geschwindigkeit und produziert <strong>20\u201372 Beutel pro Minute<\/strong>, \u00fcber 10-mal schneller als manuelle Verpackung.<\/li>    <li>Sie nutzt Temperaturkontrolle und ein <strong>Pr\u00e4zises Hei\u00dfsiegelsystem<\/strong> um glatte, sichere Siegel zu erstellen, die Produktintegrit\u00e4t und optische Attraktivit\u00e4t gew\u00e4hrleisten.<\/li>    <li>Vom Zuf\u00fchren und Beutelformen bis zum Versiegeln und der Ausgabe des Fertigprodukts, der <strong>Der gesamte Prozess ist vollautomatisch<\/strong>, wodurch die Arbeitskosten gesenkt werden.<\/li>    <li>Wir k\u00f6nnen flexibel <strong>die Maschinenspannung (220V oder 380V), Stecker, Beutelfenster<\/strong>, etc., to meet customers&#8217; demands.<\/li> <\/ul>    <figure class=\"wp-block-gallery has-nested-images columns-default is-cropped wp-block-gallery-2 is-layout-flex wp-block-gallery-is-layout-flex\"> <figure class=\"wp-block-image size-large\"><img loading=\"lazy\" decoding=\"async\" width=\"375\" height=\"500\" data-id=\"9174\" src=\"https:\/\/tianhuipackingmachine.com\/wp-content\/uploads\/2025\/10\/automatic-popsicle-packaging-machine-375x500.webp\" alt=\"automatische Popsicle-Verpackungsmaschine\" class=\"wp-image-9174\" srcset=\"https:\/\/tianhuipackingmachine.com\/wp-content\/uploads\/2025\/10\/automatic-popsicle-packaging-machine-375x500.webp 375w, https:\/\/tianhuipackingmachine.com\/wp-content\/uploads\/2025\/10\/automatic-popsicle-packaging-machine-270x360.webp 270w, https:\/\/tianhuipackingmachine.com\/wp-content\/uploads\/2025\/10\/automatic-popsicle-packaging-machine-9x12.webp 9w, https:\/\/tianhuipackingmachine.com\/wp-content\/uploads\/2025\/10\/automatic-popsicle-packaging-machine.webp 540w\" sizes=\"auto, (max-width: 375px) 100vw, 375px\" \/><figcaption class=\"wp-element-caption\">Automatische Popsicle-Verpackungsmaschine<\/figcaption><\/figure>    <figure class=\"wp-block-image size-large\"><img loading=\"lazy\" decoding=\"async\" width=\"375\" height=\"500\" data-id=\"9175\" src=\"https:\/\/tianhuipackingmachine.com\/wp-content\/uploads\/2025\/10\/ice-lolly-popsicle-filling-packing-machine-375x500.webp\" alt=\"Eis am Lutscher F\u00fcll- und Verpackungsmaschine\" class=\"wp-image-9175\" srcset=\"https:\/\/tianhuipackingmachine.com\/wp-content\/uploads\/2025\/10\/ice-lolly-popsicle-filling-packing-machine-375x500.webp 375w, https:\/\/tianhuipackingmachine.com\/wp-content\/uploads\/2025\/10\/ice-lolly-popsicle-filling-packing-machine-270x360.webp 270w, https:\/\/tianhuipackingmachine.com\/wp-content\/uploads\/2025\/10\/ice-lolly-popsicle-filling-packing-machine-9x12.webp 9w, https:\/\/tianhuipackingmachine.com\/wp-content\/uploads\/2025\/10\/ice-lolly-popsicle-filling-packing-machine.webp 540w\" sizes=\"auto, (max-width: 375px) 100vw, 375px\" \/><figcaption class=\"wp-element-caption\">Ice Lolly Popsicle Filling Packing Machine<\/figcaption><\/figure> <\/figure>    <h2 class=\"wp-block-heading\"><strong>Technische Parameter der automatischen Eispop-Verpackungsmaschine<\/strong><\/h2>    <p>Diese Popsicle-Verpackungsmaschine hat ein Modell: SL-320C1. Ihre Beutel-L\u00e4nge betr\u00e4gt 30-280 mm und Beutel-Breite 24-125 mm. Au\u00dferdem verbraucht die Verpackungsanlage 1,8 kW Leistung. Bitte beachten Sie die untenstehende Tabelle f\u00fcr Details.<\/p>    <figure class=\"wp-block-table\"><table class=\"has-fixed-layout\"><tbody><tr><td>Modell<\/td><td>SL-320C1<\/td><\/tr><tr><td>Taschenstil<\/td><td>R\u00fcckversiegelung<\/td><\/tr><tr><td>Packgeschwindigkeit<\/td><td>20-60 Beutel\/Min oder 2-72 Beutel\/Min<\/td><\/tr><tr><td>Taschenl\u00e4nge<\/td><td>30-280mm<\/td><\/tr><tr><td>Taschenbreite<\/td><td>25-145mm (Formstanze austauschen erforderlich)<\/td><\/tr><tr><td>F\u00fctterungsmethoden<\/td><td>Selbstflie\u00dfendes F\u00f6rdersystem<\/td><\/tr><tr><td>Energieverbrauch<\/td><td>1,8 kW&nbsp;<\/td><\/tr><tr><td>Gewicht<\/td><td>250kg<\/td><\/tr><tr><td>Abmessungen<\/td><td>650*850*1850mm&nbsp;<\/td><\/tr><tr><td>Maschinenmaterial<\/td><td>Gebrannter Emaille oder Edelstahl<\/td><\/tr><\/tbody><\/table><figcaption class=\"wp-element-caption\">Spezifikationen der Eispop-Lolly-Verpackungsmaschine<\/figcaption><\/figure>    <h2 class=\"wp-block-heading\"><strong>Anwendungen der Eispop-Verpackungsmaschine<\/strong><\/h2>    <p>Die automatische Eispop-Verpackungsmaschine wird breit verwendet f\u00fcr verschiedene kalte Getr\u00e4nke und stabf\u00f6rmige Produkte, einschlie\u00dflich:<\/p>    <ul class=\"wp-block-list\"> <li>Alle Arten von Eis am Stiel, Eis am Stiel, und Eisriegeln<\/li>    <li>Gefrorene Fruchtsaftst\u00e4bchen, Geleestangen, Energieriegel<\/li>    <li>Andere flaschenf\u00f6rmige fl\u00fcssige Lebensmittel<\/li> <\/ul>    <p>Geeignet f\u00fcr Hersteller kalter Getr\u00e4nke mit unterschiedlichen Produktionsanforderungen. Diese Ausr\u00fcstung passt sich nahtlos sowohl kleinen Werkst\u00e4tten als auch gro\u00dfen automatisierten Montagelinien an.<\/p>    <h2 class=\"wp-block-heading\"><strong>Wie funktioniert Shuliy Eispop-F\u00fcll- und Versiegelungsmaschine?<\/strong><\/h2>    <p>Shuliy Eispop-Verpackungsmaschine verwendet ein automatisiertes Servosystem mit Foto-Positionssteuerung, um eine pr\u00e4zise und stabile Verpackung zu gew\u00e4hrleisten. Der gesamte Arbeitsablauf ist folgender: <\/p>    <ol class=\"wp-block-list\"> <li>Automatische Zuf\u00fchrung <ul class=\"wp-block-list\"> <li>Fl\u00fcssigkeit wird durch Schwerkraft in das Beutungsformungssystem transportiert.<\/li> <\/ul> <\/li>    <li>Beutelbildung <ul class=\"wp-block-list\"> <li>Der Folienbeutel wird durch die Formvorrichtung der Eispop-Verpackungsmaschine zu einer Beutelform gefaltet. Beutelbreite und Beutel-L\u00e4nge werden automatisch eingestellt.<\/li> <\/ul> <\/li>    <li>Verschluss und Schnitt <ul class=\"wp-block-list\"> <li>Hei\u00dfsiegelschneiden vervollst\u00e4ndigen L\u00e4ngs- und Quer-Siegelungen, sorgen f\u00fcr eine sichere, glatte Oberfl\u00e4che.<\/li> <\/ul> <\/li>    <li>Datumsdruck (optional) <ul class=\"wp-block-list\"> <li>Ein automatisches Kodiersystem druckt das Produktionsdatum und die Chargennummer. Der Datumdrucker ist optional bei der Geleestab-Verpackungsmaschine.<\/li> <\/ul> <\/li>    <li>Fertiges Produktausgangsvolumen <ul class=\"wp-block-list\"> <li>Verpackte Eis am Stiel werden automatisch zu einer Sammelplattform gef\u00fchrt, bereit zum Verpacken oder Gefrieren.<\/li> <\/ul> <\/li> <\/ol>    <p>Der gesamte Prozess erfolgt ohne manuelle Intervention, was die Effizienz der Produktionslinie und Hygienestandards deutlich erh\u00f6ht.<\/p>    <figure class=\"wp-block-gallery has-nested-images columns-default is-cropped wp-block-gallery-3 is-layout-flex wp-block-gallery-is-layout-flex\"> <figure class=\"wp-block-image size-large\"><img loading=\"lazy\" decoding=\"async\" width=\"375\" height=\"500\" data-id=\"9177\" src=\"https:\/\/tianhuipackingmachine.com\/wp-content\/uploads\/2025\/10\/liquid-ice-lolly-packing-machine-for-sale-375x500.webp\" alt=\"liquide Eis am Stiel-Verpackungsmaschine zum Verkauf\" class=\"wp-image-9177\" srcset=\"https:\/\/tianhuipackingmachine.com\/wp-content\/uploads\/2025\/10\/liquid-ice-lolly-packing-machine-for-sale-375x500.webp 375w, https:\/\/tianhuipackingmachine.com\/wp-content\/uploads\/2025\/10\/liquid-ice-lolly-packing-machine-for-sale-270x360.webp 270w, https:\/\/tianhuipackingmachine.com\/wp-content\/uploads\/2025\/10\/liquid-ice-lolly-packing-machine-for-sale-9x12.webp 9w, https:\/\/tianhuipackingmachine.com\/wp-content\/uploads\/2025\/10\/liquid-ice-lolly-packing-machine-for-sale.webp 540w\" sizes=\"auto, (max-width: 375px) 100vw, 375px\" \/><figcaption class=\"wp-element-caption\">Liquid Ice Lolly-Verpackungsmaschine zum Verkauf<\/figcaption><\/figure>    <figure class=\"wp-block-image size-large\"><img loading=\"lazy\" decoding=\"async\" width=\"375\" height=\"500\" data-id=\"9176\" src=\"https:\/\/tianhuipackingmachine.com\/wp-content\/uploads\/2025\/10\/ice-pop-filling-sealing-machine-375x500.webp\" alt=\"Eis am Stiel F\u00fcll- und Versiegelungsmaschine\" class=\"wp-image-9176\" srcset=\"https:\/\/tianhuipackingmachine.com\/wp-content\/uploads\/2025\/10\/ice-pop-filling-sealing-machine-375x500.webp 375w, https:\/\/tianhuipackingmachine.com\/wp-content\/uploads\/2025\/10\/ice-pop-filling-sealing-machine-270x360.webp 270w, https:\/\/tianhuipackingmachine.com\/wp-content\/uploads\/2025\/10\/ice-pop-filling-sealing-machine-9x12.webp 9w, https:\/\/tianhuipackingmachine.com\/wp-content\/uploads\/2025\/10\/ice-pop-filling-sealing-machine.webp 540w\" sizes=\"auto, (max-width: 375px) 100vw, 375px\" \/><figcaption class=\"wp-element-caption\">Eispop-F\u00fcll- und Versiegelungsmaschine<\/figcaption><\/figure> <\/figure>    <h2 class=\"wp-block-heading\"><strong>Wie viel kostet eine Eispop-Verpackungsmaschine?<\/strong><\/h2>    <p>Der Preis der Eispop-Verpackungsmaschine variiert je nach Modell, Geschwindigkeit, Folienmaterial und Anpassung. Einstiegsmodelle beginnen bei einigen tausend Dollar, w\u00e4hrend vollautomatische Systeme mit Druckern oder F\u00f6rderanlagen h\u00f6her sind.<\/p>    <p>Kontaktieren Sie Shuliy jetzt f\u00fcr ein detailliertes Angebot und fachliche Beratung basierend auf der Gr\u00f6\u00dfe Ihrer Fabrik und Ihren Verpackungsbed\u00fcrfnissen.<\/p>    <h2 class=\"wp-block-heading\"><strong>Warum Shuliy Eispop-Lolly-Verpackungsmaschine w\u00e4hlen?<\/strong><\/h2>    <p>Als professioneller Verpackungsmaschinenhersteller verf\u00fcgt Shuliy Machinery \u00fcber mehr als ein Jahrzehnt Erfahrung in automatischen Verpackungsl\u00f6sungen. Unsere Produkte werden in mehr als 80 L\u00e4nder weltweit exportiert, darunter Nigeria, Usbekistan, die Philippinen, Russland und die Vereinigten Arabischen Emirate.<\/p>    <p>Wir bieten an:<\/p>    <ul class=\"wp-block-list\"> <li>Professionelles Design &amp; Anpassung: Ma\u00dfgeschneiderte L\u00f6sungen basierend auf spezifischen Beutypen, Abmessungen, Spannungsanforderungen und mehr.<\/li>    <li>Strenge Fabriktests: Jede Maschine durchl\u00e4uft mehrere Probefahrten und Qualit\u00e4tspr\u00fcfungen vor dem Versand.<\/li>    <li>Umfassender After-Sales-Support: Enth\u00e4lt englische Betriebsanleitungen, Benutzerhandb\u00fccher und Online-Technikberatung.<\/li>    <li>Hohe Kosteneffizienz: Direkter Fabrikpreis mit transparenten Kosten und geringen Wartungskosten.<\/li>    <li>Schnelle Lieferung: Unterst\u00fctzung Exportverpackung und verschiedene Versandarten.<\/li> <\/ul>    <figure class=\"wp-block-gallery has-nested-images columns-default is-cropped wp-block-gallery-4 is-layout-flex wp-block-gallery-is-layout-flex\"> <figure class=\"wp-block-image size-large\"><img loading=\"lazy\" decoding=\"async\" width=\"375\" height=\"500\" data-id=\"9179\" src=\"https:\/\/tianhuipackingmachine.com\/wp-content\/uploads\/2025\/10\/jelly-stick-packing-machine-from-Shuliy-375x500.webp\" alt=\"Jelly-Stick-Verpackungsmaschine von Shuliy\" class=\"wp-image-9179\" srcset=\"https:\/\/tianhuipackingmachine.com\/wp-content\/uploads\/2025\/10\/jelly-stick-packing-machine-from-Shuliy-375x500.webp 375w, https:\/\/tianhuipackingmachine.com\/wp-content\/uploads\/2025\/10\/jelly-stick-packing-machine-from-Shuliy-270x360.webp 270w, https:\/\/tianhuipackingmachine.com\/wp-content\/uploads\/2025\/10\/jelly-stick-packing-machine-from-Shuliy-9x12.webp 9w, https:\/\/tianhuipackingmachine.com\/wp-content\/uploads\/2025\/10\/jelly-stick-packing-machine-from-Shuliy.webp 540w\" sizes=\"auto, (max-width: 375px) 100vw, 375px\" \/><figcaption class=\"wp-element-caption\">Geleestab-Verpackungsmaschine von Shuliy<\/figcaption><\/figure>    <figure class=\"wp-block-image size-large\"><img loading=\"lazy\" decoding=\"async\" width=\"375\" height=\"500\" data-id=\"9178\" src=\"https:\/\/tianhuipackingmachine.com\/wp-content\/uploads\/2025\/10\/ice-lolly-packing-machine-manufacturer-375x500.webp\" alt=\"Eis am Stiel-Verpackungsmaschinenhersteller\" class=\"wp-image-9178\" srcset=\"https:\/\/tianhuipackingmachine.com\/wp-content\/uploads\/2025\/10\/ice-lolly-packing-machine-manufacturer-375x500.webp 375w, https:\/\/tianhuipackingmachine.com\/wp-content\/uploads\/2025\/10\/ice-lolly-packing-machine-manufacturer-270x360.webp 270w, https:\/\/tianhuipackingmachine.com\/wp-content\/uploads\/2025\/10\/ice-lolly-packing-machine-manufacturer-9x12.webp 9w, https:\/\/tianhuipackingmachine.com\/wp-content\/uploads\/2025\/10\/ice-lolly-packing-machine-manufacturer.webp 540w\" sizes=\"auto, (max-width: 375px) 100vw, 375px\" \/><figcaption class=\"wp-element-caption\">Hersteller der Eispop-Verpackungsmaschine<\/figcaption><\/figure>    <figure class=\"wp-block-image size-large\"><img loading=\"lazy\" decoding=\"async\" width=\"375\" height=\"500\" data-id=\"9181\" src=\"https:\/\/tianhuipackingmachine.com\/wp-content\/uploads\/2025\/10\/ice-lolly-packaging-machine-for-sale-375x500.webp\" alt=\"Verpackungsmaschine f\u00fcr Eis am Stiel zum Verkauf\" class=\"wp-image-9181\" srcset=\"https:\/\/tianhuipackingmachine.com\/wp-content\/uploads\/2025\/10\/ice-lolly-packaging-machine-for-sale-375x500.webp 375w, https:\/\/tianhuipackingmachine.com\/wp-content\/uploads\/2025\/10\/ice-lolly-packaging-machine-for-sale-270x360.webp 270w, https:\/\/tianhuipackingmachine.com\/wp-content\/uploads\/2025\/10\/ice-lolly-packaging-machine-for-sale-9x12.webp 9w, https:\/\/tianhuipackingmachine.com\/wp-content\/uploads\/2025\/10\/ice-lolly-packaging-machine-for-sale.webp 540w\" sizes=\"auto, (max-width: 375px) 100vw, 375px\" \/><figcaption class=\"wp-element-caption\">Eispop-Verpackungsmaschine zum Verkauf<\/figcaption><\/figure> <\/figure>    <figure class=\"wp-block-gallery has-nested-images columns-default is-cropped wp-block-gallery-5 is-layout-flex wp-block-gallery-is-layout-flex\"> <figure class=\"wp-block-image size-large\"><img loading=\"lazy\" decoding=\"async\" width=\"375\" height=\"500\" data-id=\"9182\" src=\"https:\/\/tianhuipackingmachine.com\/wp-content\/uploads\/2025\/10\/automatic-popsicle-packing-machine-375x500.webp\" alt=\"automatische Popsicle-Verpackungsmaschine\" class=\"wp-image-9182\" srcset=\"https:\/\/tianhuipackingmachine.com\/wp-content\/uploads\/2025\/10\/automatic-popsicle-packing-machine-375x500.webp 375w, https:\/\/tianhuipackingmachine.com\/wp-content\/uploads\/2025\/10\/automatic-popsicle-packing-machine-270x360.webp 270w, https:\/\/tianhuipackingmachine.com\/wp-content\/uploads\/2025\/10\/automatic-popsicle-packing-machine-9x12.webp 9w, https:\/\/tianhuipackingmachine.com\/wp-content\/uploads\/2025\/10\/automatic-popsicle-packing-machine.webp 540w\" sizes=\"auto, (max-width: 375px) 100vw, 375px\" \/><figcaption class=\"wp-element-caption\">Automatische Popsicle-Verpackungsmaschine<\/figcaption><\/figure>    <figure class=\"wp-block-image size-large\"><img loading=\"lazy\" decoding=\"async\" width=\"375\" height=\"500\" data-id=\"9183\" src=\"https:\/\/tianhuipackingmachine.com\/wp-content\/uploads\/2025\/10\/ice-pop-lolly-jelly-stick-packing-machine-375x500.webp\" alt=\"Eis am Stiel Glas-Gummistiel-Verpackungsmaschine\" class=\"wp-image-9183\" srcset=\"https:\/\/tianhuipackingmachine.com\/wp-content\/uploads\/2025\/10\/ice-pop-lolly-jelly-stick-packing-machine-375x500.webp 375w, https:\/\/tianhuipackingmachine.com\/wp-content\/uploads\/2025\/10\/ice-pop-lolly-jelly-stick-packing-machine-270x360.webp 270w, https:\/\/tianhuipackingmachine.com\/wp-content\/uploads\/2025\/10\/ice-pop-lolly-jelly-stick-packing-machine-9x12.webp 9w, https:\/\/tianhuipackingmachine.com\/wp-content\/uploads\/2025\/10\/ice-pop-lolly-jelly-stick-packing-machine.webp 540w\" sizes=\"auto, (max-width: 375px) 100vw, 375px\" \/><figcaption class=\"wp-element-caption\">Eispop-Lolly Geleestab-Verpackungsmaschine<\/figcaption><\/figure>    <figure class=\"wp-block-image size-large\"><img loading=\"lazy\" decoding=\"async\" width=\"375\" height=\"500\" data-id=\"9184\" src=\"https:\/\/tianhuipackingmachine.com\/wp-content\/uploads\/2025\/10\/popsicle-packing-machine-in-wooden-crate-375x500.webp\" alt=\"Popsicle-Verpackungsmaschine in Holzkiste\" class=\"wp-image-9184\" srcset=\"https:\/\/tianhuipackingmachine.com\/wp-content\/uploads\/2025\/10\/popsicle-packing-machine-in-wooden-crate-375x500.webp 375w, https:\/\/tianhuipackingmachine.com\/wp-content\/uploads\/2025\/10\/popsicle-packing-machine-in-wooden-crate-270x360.webp 270w, https:\/\/tianhuipackingmachine.com\/wp-content\/uploads\/2025\/10\/popsicle-packing-machine-in-wooden-crate-9x12.webp 9w, https:\/\/tianhuipackingmachine.com\/wp-content\/uploads\/2025\/10\/popsicle-packing-machine-in-wooden-crate.webp 540w\" sizes=\"auto, (max-width: 375px) 100vw, 375px\" \/><figcaption class=\"wp-element-caption\">Popsicle-Verpackungsmaschine im Holzrahmenkrate<\/figcaption><\/figure> <\/figure>    <p>Neben der Eispop-Verpackungsmaschine haben wir auch andere Verpackungsmaschinen, z. B.<\/p>    <ul class=\"wp-block-list\"> <li><a href=\"https:\/\/tianhuipackingmachine.com\/de\/liquid-packing-machine\/\">Fl\u00fcssigkeitsverpackungsmaschine<\/a><\/li>    <li><a href=\"https:\/\/tianhuipackingmachine.com\/de\/paste-packing-machine\/\">Pastenverpackungsmaschine<\/a><\/li>    <li><a href=\"https:\/\/tianhuipackingmachine.com\/de\/powder-packing-machine\/\">Pulververpackungsmaschine<\/a><\/li>    <li><a href=\"https:\/\/tianhuipackingmachine.com\/de\/granule-packing-machine\/\">Granulat-Verpackungsmaschine<\/a><\/li> <\/ul>    <p>Wenn Sie interessiert sind, setzen Sie sich jetzt mit uns in Verbindung f\u00fcr weitere Informationen!<\/p>","protected":false},"excerpt":{"rendered":"<p>Shuliy Eis am Stiel-Verpackungsmaschine bietet eine vollst\u00e4ndig automatische L\u00f6sung f\u00fcr Verpackungen von Eis am Stiel und Eis am St\u00e4ngel. Mit pr\u00e4ziser Temperaturregelung, hoher Verschlussqualit\u00e4t und anpassbaren Funktionen hilft sie Herstellern von Tiefk\u00fchlkost, Effizienz zu verbessern, Arbeitskosten zu senken und eine hygienische, attraktive Verpackung sicherzustellen.<\/p>","protected":false},"author":1,"featured_media":9186,"parent":0,"template":"","tags":[235],"product-type":[137],"class_list":["post-9173","product","type-product","status-publish","has-post-thumbnail","hentry","tag-liquid","product-type-liquid-packing-machines"],"_links":{"self":[{"href":"https:\/\/tianhuipackingmachine.com\/de\/wp-json\/wp\/v2\/product\/9173","targetHints":{"allow":["GET"]}}],"collection":[{"href":"https:\/\/tianhuipackingmachine.com\/de\/wp-json\/wp\/v2\/product"}],"about":[{"href":"https:\/\/tianhuipackingmachine.com\/de\/wp-json\/wp\/v2\/types\/product"}],"author":[{"embeddable":true,"href":"https:\/\/tianhuipackingmachine.com\/de\/wp-json\/wp\/v2\/users\/1"}],"wp:featuredmedia":[{"embeddable":true,"href":"https:\/\/tianhuipackingmachine.com\/de\/wp-json\/wp\/v2\/media\/9186"}],"wp:attachment":[{"href":"https:\/\/tianhuipackingmachine.com\/de\/wp-json\/wp\/v2\/media?parent=9173"}],"wp:term":[{"taxonomy":"post_tag","embeddable":true,"href":"https:\/\/tianhuipackingmachine.com\/de\/wp-json\/wp\/v2\/tags?post=9173"},{"taxonomy":"product-type","embeddable":true,"href":"https:\/\/tianhuipackingmachine.com\/de\/wp-json\/wp\/v2\/product-type?post=9173"}],"curies":[{"name":"wp","href":"https:\/\/api.w.org\/{rel}","templated":true}]}}