{"id":8881,"date":"2025-04-24T17:48:54","date_gmt":"2025-04-24T09:48:54","guid":{"rendered":"https:\/\/tianhuipackingmachine.com\/?post_type=product&#038;p=8881"},"modified":"2026-02-25T16:28:46","modified_gmt":"2026-02-25T08:28:46","slug":"incense-stick-packing-machine","status":"publish","type":"product","link":"https:\/\/tianhuipackingmachine.com\/de\/incense-stick-packing-machine\/","title":{"rendered":"R\u00e4ucherst\u00e4bchen Verpackungsmaschine"},"content":{"rendered":"<p class=\"translation-block\">Shuliy <strong>R\u00e4ucherst\u00e4bchen-Verpackungsmaschine<\/strong> ist f\u00fcr lange Stabprodukte konzipiert, wie z. B. Bambusr\u00e4ucherst\u00e4bchen, buddhistische R\u00e4ucherst\u00e4bchen, Agarbatti-R\u00e4ucherst\u00e4bchen, Grillst\u00e4bchen, Bleistifte, Strohhalme und so weiter. Sie integriert automatisches Z\u00e4hlen, Paketformung, Versiegelung und Schneiden in einer Maschine.<\/p>    <p>Diese Maschine zum Z\u00e4hlen und Verpacken von R\u00e4ucherst\u00e4bchen hat eine Verpackungsgeschwindigkeit von 20-80 Beuteln pro Minute, und der Verpackungsstil ist eine 3-Seiten-Versiegelung in H-Form. Au\u00dferdem haben die Waren, die von dieser Maschine verpackt werden sollen, einen L\u00e4ngenbereich von 180-500 mm. Sie ist die ideale Wahl f\u00fcr Unternehmen, die R\u00e4ucherst\u00e4bchen und allt\u00e4gliche Notwendigkeiten herstellen, um die Effizienz zu steigern und die Verpackung zu standardisieren. Sind Sie interessiert? Wenn ja, kontaktieren Sie uns gerne f\u00fcr weitere Details!<\/p>   <figure class=\"wp-block-embed-youtube wp-block-embed is-type-video is-provider-youtube wp-embed-aspect-16-9 wp-has-aspect-ratio\"><div class=\"lyte-wrapper\" title=\"Automatische R\u00e4ucherst\u00e4bchen Verpackungsmaschine | Hochgeschwindigkeits-Agarbatti-Verpackungsl\u00f6sung f\u00fcr Beutelverpackung\" style=\"width:853px;max-width:100%;margin:5px auto;\"><div class=\"lyMe\" id=\"WYL_rkV0yxKcYUk\" itemprop=\"video\" itemscope itemtype=\"https:\/\/schema.org\/VideoObject\"><div><meta itemprop=\"thumbnailUrl\" content=\"https:\/\/i.ytimg.com\/vi\/rkV0yxKcYUk\/hqdefault.jpg\" \/><meta itemprop=\"embedURL\" content=\"https:\/\/www.youtube.com\/embed\/rkV0yxKcYUk\" \/><meta itemprop=\"duration\" content=\"PT2M12S\" \/><meta itemprop=\"uploadDate\" content=\"2025-04-25T01:58:55Z\" \/><\/div><div id=\"lyte_rkV0yxKcYUk\" data-src=\"https:\/\/i.ytimg.com\/vi\/rkV0yxKcYUk\/hqdefault.jpg\" class=\"pL\"><div class=\"tC\"><div class=\"tT\" itemprop=\"name\">Automatische R\u00e4ucherst\u00e4bchen Verpackungsmaschine | Hochgeschwindigkeits-Agarbatti-Verpackungsl\u00f6sung f\u00fcr Beutelverpackung<\/div><\/div><div class=\"play\"><\/div><div class=\"ctrl\"><div class=\"Lctrl\"><\/div><div class=\"Rctrl\"><\/div><\/div><\/div><noscript><a href=\"https:\/\/youtu.be\/rkV0yxKcYUk\" rel=\"nofollow noopener\" target=\"_blank\"><img loading=\"lazy\" decoding=\"async\" src=\"https:\/\/i.ytimg.com\/vi\/rkV0yxKcYUk\/0.jpg\" alt=\"Automatische R\u00e4ucherst\u00e4bchen Verpackungsmaschine | Hochgeschwindigkeits-Agarbatti-Verpackungsl\u00f6sung f\u00fcr Beutelverpackung\" width=\"853\" height=\"460\" \/><\/a><\/noscript><meta itemprop=\"description\" content=\"#incense #incensesticks #packagingmachine #packingmachine #packagingsolution #packaging #packing #pack WhatsApp No.: https:\/\/wa.me\/+8613673689272 WeChat\/Tel No.:+8613673689272 Email: info@tianhuipackingmachine.com Website: https:\/\/tianhuipackingmachine.com\/incense-stick-packing-machine\/ Looking for an efficient and precise incense stick packing solution? Watch this video to see how our automatic incense stick packing machine (pillow-type) works, designed for packing bamboo incense sticks, agarbatti, long incense, and other stick-type products. This machine features servo control, accurate counting, beautiful sealing, and stable performance\u2014ideal for incense manufacturers aiming to boost production efficiency. \ud83d\udd27 Key Features: Servo-driven for stable and efficient operation Accurate fiber-optic counting system Works with OPP, BOPP, aluminum foil films Suitable for packing 1\u2013100 incense sticks per bag Smart anti-cutting function to prevent damage \ud83d\udce6 Applicable Products: Bamboo incense, agarbatti, BBQ sticks, pencils, straws, etc. \ud83d\udcde Contact us today for pricing and customization details! WhatsApp No.: https:\/\/wa.me\/+8613673689272 WeChat\/Tel No.:+8613673689272 Email: info@tianhuipackingmachine.com Website: https:\/\/tianhuipackingmachine.com\/incense-stick-packing-machine\/\"><\/div><\/div><div class=\"lL\" style=\"max-width:100%;width:853px;margin:5px auto;\"> <a href=\"https:\/\/youtu.be\/rkV0yxKcYUk\" target=\"_blank\" rel=\"noopener\">Dieses Video auf YouTube ansehen<\/a>.<\/div><figcaption>Video der R\u00e4ucherst\u00e4bchen-Verpackungsmaschine<\/figcaption><\/figure>   <h2 class=\"wp-block-heading\"><strong>Vorteile der automatischen R\u00e4ucherst\u00e4bchen Verpackungsmaschine<\/strong><\/h2>    <ul class=\"wp-block-list\"> <li>Diese Maschine verwendet eine <strong>Dual-Servomotor + PLC-Steuerungssystem + Touchscreen-Bedienoberfl\u00e4che<\/strong> um eine pr\u00e4zise Steuerung und flexible Anpassung zu realisieren. Das Servosystem bietet stabile Leistung, bequeme Bedienung, h\u00f6here Pr\u00e4zision und kleinere Verpackungsfehler.<\/li>    <li>Integriert <strong>Hochpr\u00e4ziser Faseroptiksensor und kompakte mechanische Struktur mit doppeltem Schritt<\/strong>, es z\u00e4hlt genau und reagiert empfindlich. Die kontaktlose Erkennung reduziert den mechanischen Verschlei\u00df und ist zuverl\u00e4ssiger f\u00fcr den langfristigen Einsatz.<\/li>    <li>Die Agarbatti-Verpackungsmaschine kann <strong>20-80 Taschen pro Minute<\/strong>, und das Endprodukt ist <strong>3-seitige Versiegelung in H-Form<\/strong> T\u00fcten, die hocheffizient sind und ein sch\u00f6nes Aussehen haben.<\/li>    <li>Es ist geeignet f\u00fcr <strong>Verpackungen von Streifen und St\u00e4bchen<\/strong> wie R\u00e4ucherst\u00e4bchen, Bambusst\u00e4bchen usw.<\/li>    <li><strong>Unabh\u00e4ngiges elektronisch gesteuertes Schneidsystem<\/strong> verhindert Materialbruch, Stillstand und bietet einen Schutz gegen Fehlbedienung, was die Sicherheit bei der Nutzung erh\u00f6ht.<\/li>    <li>Unsere Verpackungsmaschine f\u00fcr R\u00e4ucherst\u00e4bchen kann verwenden <strong>OPP-Einzelmodus, doppelseitige hei\u00dfversiegelte Folie, BOPP, aluminisierte Folie<\/strong>, usw. f\u00fcr die Verpackung.<\/li> <\/ul>    <figure class=\"wp-block-gallery has-nested-images columns-default is-cropped wp-block-gallery-2 is-layout-flex wp-block-gallery-is-layout-flex\"> <figure class=\"wp-block-image size-large\"><img loading=\"lazy\" decoding=\"async\" width=\"667\" height=\"500\" data-id=\"8891\" src=\"https:\/\/tianhuipackingmachine.com\/wp-content\/uploads\/2025\/04\/incense-stick-counting-and-packing-machine-667x500.webp\" alt=\"Maschine zum Z\u00e4hlen und Verpacken von R\u00e4ucherst\u00e4bchen\" class=\"wp-image-8891\" srcset=\"https:\/\/tianhuipackingmachine.com\/wp-content\/uploads\/2025\/04\/incense-stick-counting-and-packing-machine-667x500.webp 667w, https:\/\/tianhuipackingmachine.com\/wp-content\/uploads\/2025\/04\/incense-stick-counting-and-packing-machine-480x360.webp 480w, https:\/\/tianhuipackingmachine.com\/wp-content\/uploads\/2025\/04\/incense-stick-counting-and-packing-machine-16x12.webp 16w, https:\/\/tianhuipackingmachine.com\/wp-content\/uploads\/2025\/04\/incense-stick-counting-and-packing-machine.webp 720w\" sizes=\"auto, (max-width: 667px) 100vw, 667px\" \/><figcaption class=\"wp-element-caption\">R\u00e4ucherst\u00e4bchen Z\u00e4hl- und Verpackungsmaschine<\/figcaption><\/figure>    <figure class=\"wp-block-image size-large\"><img loading=\"lazy\" decoding=\"async\" width=\"667\" height=\"500\" data-id=\"8892\" src=\"https:\/\/tianhuipackingmachine.com\/wp-content\/uploads\/2025\/04\/incense-stick-wrapping-machine-667x500.webp\" alt=\"Maschine zum Wickeln von R\u00e4ucherst\u00e4bchen\" class=\"wp-image-8892\" srcset=\"https:\/\/tianhuipackingmachine.com\/wp-content\/uploads\/2025\/04\/incense-stick-wrapping-machine-667x500.webp 667w, https:\/\/tianhuipackingmachine.com\/wp-content\/uploads\/2025\/04\/incense-stick-wrapping-machine-480x360.webp 480w, https:\/\/tianhuipackingmachine.com\/wp-content\/uploads\/2025\/04\/incense-stick-wrapping-machine-16x12.webp 16w, https:\/\/tianhuipackingmachine.com\/wp-content\/uploads\/2025\/04\/incense-stick-wrapping-machine.webp 720w\" sizes=\"auto, (max-width: 667px) 100vw, 667px\" \/><figcaption class=\"wp-element-caption\">R\u00e4ucherst\u00e4bchen Verpackungsmaschine<\/figcaption><\/figure> <\/figure>    <h2 class=\"wp-block-heading\"><strong>Technische Parameter der Z\u00e4hl- und Verpackungsmaschine f\u00fcr R\u00e4ucherst\u00e4bchen<\/strong><\/h2>    <figure class=\"wp-block-table\"><table class=\"has-fixed-layout\"><tbody><tr><td>Modell<\/td><td>SL-350-SS<\/td><\/tr><tr><td>Verpackungsart<\/td><td>Dreiseitige Versiegelung H-Form<\/td><\/tr><tr><td>Packgeschwindigkeit<\/td><td>20-80 Beutel\/Min<\/td><\/tr><tr><td>Verpackungsfoliendicke<\/td><td>0,018-0,06 mm<\/td><\/tr><tr><td>Max. Filmbreite<\/td><td>350mm<\/td><\/tr><tr><td>Materiall\u00e4ngenbereich<\/td><td>180-500mm<\/td><\/tr><tr><td>Taschenl\u00e4nge<\/td><td>200-550mm<\/td><\/tr><tr><td>Verpackungsbreite<\/td><td>300 mm<\/td><\/tr><tr><td>Verpackungsh\u00f6he<\/td><td>\u226450mm<\/td><\/tr><tr><td>Verpackungsfolientypen<\/td><td>OPP-Einzelmodus, doppelseitige hei\u00dfversiegelte Folie, BOPP, aluminisierte Folie<\/td><\/tr><tr><td>Maschinenabmessungen (L\u00d7B\u00d7H)<\/td><td>2250*1320*1480mm<\/td><\/tr><tr><td>Spannung\/Leistung<\/td><td>220V\/2.8KW<\/td><\/tr><tr><td>Maschinengewicht<\/td><td>650 kg<\/td><\/tr><\/tbody><\/table><figcaption class=\"wp-element-caption\">Spezifikationen der Z\u00e4hl- und Verpackungsmaschine f\u00fcr Agarbatti-R\u00e4ucherst\u00e4bchen<\/figcaption><\/figure>    <h2 class=\"wp-block-heading\"><strong>Anwendungen der Shuliy R\u00e4ucherst\u00e4bchen Verpackungsmaschine<\/strong><\/h2>    <p>Unsere Verpackungsmaschine f\u00fcr R\u00e4ucherst\u00e4bchen ist geeignet f\u00fcr R\u00e4ucherst\u00e4bchen aus Bambus, Buddha-R\u00e4ucherst\u00e4bchen (lange R\u00e4ucherst\u00e4bchen), Grillspie\u00dfe, Strohhalme, Bleistifte, Bambusessst\u00e4bchen, Lutscher, allt\u00e4gliche Gegenst\u00e4nde in St\u00e4bchenform und andere lange Artikel. Sie ist geeignet f\u00fcr die automatische Z\u00e4hlung von 1 bis 100 St\u00fcck und die dreiseitige Versiegelung.<\/p>    <figure class=\"wp-block-image size-large\"><img loading=\"lazy\" decoding=\"async\" width=\"750\" height=\"276\" src=\"https:\/\/tianhuipackingmachine.com\/wp-content\/uploads\/2025\/04\/incense-sticks-packing-effect-750x276.webp\" alt=\"Verpackungseffekt von R\u00e4ucherst\u00e4bchen\" class=\"wp-image-8889\" srcset=\"https:\/\/tianhuipackingmachine.com\/wp-content\/uploads\/2025\/04\/incense-sticks-packing-effect-750x276.webp 750w, https:\/\/tianhuipackingmachine.com\/wp-content\/uploads\/2025\/04\/incense-sticks-packing-effect-480x177.webp 480w, https:\/\/tianhuipackingmachine.com\/wp-content\/uploads\/2025\/04\/incense-sticks-packing-effect-768x283.webp 768w, https:\/\/tianhuipackingmachine.com\/wp-content\/uploads\/2025\/04\/incense-sticks-packing-effect-18x7.webp 18w, https:\/\/tianhuipackingmachine.com\/wp-content\/uploads\/2025\/04\/incense-sticks-packing-effect.webp 950w\" sizes=\"auto, (max-width: 750px) 100vw, 750px\" \/><figcaption class=\"wp-element-caption\">Effekt der Verpackung von R\u00e4ucherst\u00e4bchen<\/figcaption><\/figure>    <h2 class=\"wp-block-heading\"><strong>Aufbau der R\u00e4ucherverpackungsmaschine<\/strong><\/h2>    <p>Diese Agarbatti-T\u00fctenverpackungsmaschine umfasst Silo, Zuf\u00fchrung, Versiegelungsteile, Entladung, elektrische Steuerung usw.<\/p>    <figure class=\"wp-block-image size-large\"><img loading=\"lazy\" decoding=\"async\" width=\"750\" height=\"414\" src=\"https:\/\/tianhuipackingmachine.com\/wp-content\/uploads\/2025\/04\/structure-of-incense-sticks-packing-machine-750x414.webp\" alt=\"Aufbau der Verpackungsmaschine f\u00fcr R\u00e4ucherst\u00e4bchen\" class=\"wp-image-8882\" srcset=\"https:\/\/tianhuipackingmachine.com\/wp-content\/uploads\/2025\/04\/structure-of-incense-sticks-packing-machine-750x414.webp 750w, https:\/\/tianhuipackingmachine.com\/wp-content\/uploads\/2025\/04\/structure-of-incense-sticks-packing-machine-480x265.webp 480w, https:\/\/tianhuipackingmachine.com\/wp-content\/uploads\/2025\/04\/structure-of-incense-sticks-packing-machine-768x424.webp 768w, https:\/\/tianhuipackingmachine.com\/wp-content\/uploads\/2025\/04\/structure-of-incense-sticks-packing-machine-18x10.webp 18w, https:\/\/tianhuipackingmachine.com\/wp-content\/uploads\/2025\/04\/structure-of-incense-sticks-packing-machine.webp 988w\" sizes=\"auto, (max-width: 750px) 100vw, 750px\" \/><figcaption class=\"wp-element-caption\">Aufbau der Verpackungsmaschine f\u00fcr R\u00e4ucherst\u00e4bchen<\/figcaption><\/figure>    <h2 class=\"wp-block-heading\"><strong>Wie hoch ist der Preis der Verpackungsmaschine f\u00fcr R\u00e4ucherst\u00e4bchen?<\/strong><\/h2>    <p>Eines der besorgniserregendsten Probleme f\u00fcr viele Kunden beim Kauf einer Z\u00e4hl- und Verpackungsmaschine f\u00fcr R\u00e4ucherst\u00e4bchen ist der Preis. Tats\u00e4chlich variiert der Preis der Verpackungsmaschine f\u00fcr R\u00e4ucherst\u00e4bchen je nach Konfiguration der Ausr\u00fcstung, dem Automatisierungsgrad, den Verpackungsspezifikationen, der Materialeignung und anderen Faktoren.<\/p>    <p>Wenn Sie einen bestimmten Preis w\u00fcnschen, k\u00f6nnen wir ma\u00dfgeschneiderte L\u00f6sungen anbieten, die mit Ihrer Produktgr\u00f6\u00dfe, den Verpackungsanforderungen, den Produktionsbed\u00fcrfnissen und anderen Faktoren kombiniert sind. Kontaktieren Sie uns jederzeit und geben Sie Ihre Produktparameter an, um genaue Angebote und L\u00f6sungen zu erhalten.<\/p>    <figure class=\"wp-block-image size-large\"><img loading=\"lazy\" decoding=\"async\" width=\"667\" height=\"500\" src=\"https:\/\/tianhuipackingmachine.com\/wp-content\/uploads\/2025\/04\/agarbatti-packing-machine-for-incense-sticks-667x500.webp\" alt=\"Verpackungsmaschine f\u00fcr R\u00e4ucherst\u00e4bchen\" class=\"wp-image-8893\" srcset=\"https:\/\/tianhuipackingmachine.com\/wp-content\/uploads\/2025\/04\/agarbatti-packing-machine-for-incense-sticks-667x500.webp 667w, https:\/\/tianhuipackingmachine.com\/wp-content\/uploads\/2025\/04\/agarbatti-packing-machine-for-incense-sticks-480x360.webp 480w, https:\/\/tianhuipackingmachine.com\/wp-content\/uploads\/2025\/04\/agarbatti-packing-machine-for-incense-sticks-16x12.webp 16w, https:\/\/tianhuipackingmachine.com\/wp-content\/uploads\/2025\/04\/agarbatti-packing-machine-for-incense-sticks.webp 720w\" sizes=\"auto, (max-width: 667px) 100vw, 667px\" \/><figcaption class=\"wp-element-caption\">Agarbatti-Verpackungsmaschine f\u00fcr R\u00e4ucherst\u00e4bchen<\/figcaption><\/figure>    <h2 class=\"wp-block-heading\"><strong>Shuliy: Hersteller von professionellen R\u00e4ucherst\u00e4bchen-Verpackungsmaschinen<\/strong><\/h2>    <p>Shuliy Machinery, als ein bekannter Hersteller von Verpackungsmaschinen in China, hat sich mit mehr als einem Jahrzehnt Branchenerfahrung und kontinuierlicher technologischer Innovation einen guten Ruf und das Vertrauen der Kunden im Bereich der R\u00e4ucherst\u00e4bchen-Verpackungsmaschinen erarbeitet. Hier sind einige unserer Kernvorteile als Hersteller:<\/p>    <ul class=\"wp-block-list\"> <li>Spezialisiert auf die Verpackung von Stabprodukten mit umfangreicher Erfahrung<\/li>    <li>Unabh\u00e4ngige Forschung und Entwicklung, fortschrittliche Technologie<\/li>    <li>Unterst\u00fctzung von R\u00e4ucherst\u00e4bchen-Verpackungslinien + Anpassungsf\u00e4higkeiten<\/li>    <li>Vertrauen der Kunden im In- und Ausland, perfekter Service<\/li> <\/ul>    <figure class=\"wp-block-image size-large\"><img loading=\"lazy\" decoding=\"async\" width=\"667\" height=\"500\" src=\"https:\/\/tianhuipackingmachine.com\/wp-content\/uploads\/2025\/04\/famous-incense-sticks-packing-machine-manufacturer-667x500.webp\" alt=\"Ber\u00fchmter Hersteller von R\u00e4ucherst\u00e4bchen Verpackungsmaschinen\" class=\"wp-image-8890\" srcset=\"https:\/\/tianhuipackingmachine.com\/wp-content\/uploads\/2025\/04\/famous-incense-sticks-packing-machine-manufacturer-667x500.webp 667w, https:\/\/tianhuipackingmachine.com\/wp-content\/uploads\/2025\/04\/famous-incense-sticks-packing-machine-manufacturer-480x360.webp 480w, https:\/\/tianhuipackingmachine.com\/wp-content\/uploads\/2025\/04\/famous-incense-sticks-packing-machine-manufacturer-16x12.webp 16w, https:\/\/tianhuipackingmachine.com\/wp-content\/uploads\/2025\/04\/famous-incense-sticks-packing-machine-manufacturer.webp 720w\" sizes=\"auto, (max-width: 667px) 100vw, 667px\" \/><figcaption class=\"wp-element-caption\">Ber\u00fchmter Hersteller von R\u00e4ucherst\u00e4bchen Verpackungsmaschinen<\/figcaption><\/figure>    <h2 class=\"wp-block-heading\"><strong>Andere Arten von R\u00e4ucherst\u00e4bchen-Verpackungsmaschinen<\/strong><\/h2>    <p class=\"translation-block\"><strong>Kissenverpackungsmaschine f\u00fcr R\u00e4ucherst\u00e4bchen<\/strong><\/p>    <p class=\"translation-block\">Diese Art von Agarbatti-Verpackungsmaschine ist eine <a href=\"https:\/\/tianhuipackingmachine.com\/de\/pillow-packing-machine\/\">Kissenverpackungsmaschine<\/a>, die f\u00fcr die automatische Verpackung von geraden R\u00e4ucherst\u00e4bchen geeignet ist. Sie verwendet eine Kissenversiegelungsmethode mit schneller Verpackungsgeschwindigkeit, sch\u00f6ner Versiegelung, genauer Z\u00e4hlung und flexibler Einstellung entsprechend unterschiedlicher L\u00e4ngen und St\u00fcckzahlen von Streifen. Sie eignet sich f\u00fcr die kontinuierliche Produktion gro\u00dfer Mengen und wird h\u00e4ufig in R\u00e4ucherst\u00e4bchen-Verarbeitungsfabriken eingesetzt.<\/p>    <figure class=\"wp-block-gallery has-nested-images columns-default is-cropped wp-block-gallery-3 is-layout-flex wp-block-gallery-is-layout-flex\"> <figure class=\"wp-block-image size-large\"><img loading=\"lazy\" decoding=\"async\" width=\"667\" height=\"500\" data-id=\"8888\" src=\"https:\/\/tianhuipackingmachine.com\/wp-content\/uploads\/2025\/04\/pillow-pouch-packing-machine-667x500.webp\" alt=\"Kissenbeutel Verpackungsmaschine\" class=\"wp-image-8888\" srcset=\"https:\/\/tianhuipackingmachine.com\/wp-content\/uploads\/2025\/04\/pillow-pouch-packing-machine-667x500.webp 667w, https:\/\/tianhuipackingmachine.com\/wp-content\/uploads\/2025\/04\/pillow-pouch-packing-machine-480x360.webp 480w, https:\/\/tianhuipackingmachine.com\/wp-content\/uploads\/2025\/04\/pillow-pouch-packing-machine-16x12.webp 16w, https:\/\/tianhuipackingmachine.com\/wp-content\/uploads\/2025\/04\/pillow-pouch-packing-machine.webp 720w\" sizes=\"auto, (max-width: 667px) 100vw, 667px\" \/><figcaption class=\"wp-element-caption\">Kissenbeutel Verpackungsmaschine<\/figcaption><\/figure>    <figure class=\"wp-block-image size-large\"><img loading=\"lazy\" decoding=\"async\" width=\"667\" height=\"500\" data-id=\"8887\" src=\"https:\/\/tianhuipackingmachine.com\/wp-content\/uploads\/2025\/04\/long-incense-sticks-667x500.webp\" alt=\"lange R\u00e4ucherst\u00e4bchen\" class=\"wp-image-8887\" srcset=\"https:\/\/tianhuipackingmachine.com\/wp-content\/uploads\/2025\/04\/long-incense-sticks-667x500.webp 667w, https:\/\/tianhuipackingmachine.com\/wp-content\/uploads\/2025\/04\/long-incense-sticks-480x360.webp 480w, https:\/\/tianhuipackingmachine.com\/wp-content\/uploads\/2025\/04\/long-incense-sticks-768x576.webp 768w, https:\/\/tianhuipackingmachine.com\/wp-content\/uploads\/2025\/04\/long-incense-sticks-1536x1152.webp 1536w, https:\/\/tianhuipackingmachine.com\/wp-content\/uploads\/2025\/04\/long-incense-sticks-16x12.webp 16w, https:\/\/tianhuipackingmachine.com\/wp-content\/uploads\/2025\/04\/long-incense-sticks.webp 1600w\" sizes=\"auto, (max-width: 667px) 100vw, 667px\" \/><figcaption class=\"wp-element-caption\">Lange R\u00e4ucherst\u00e4bchen<\/figcaption><\/figure> <\/figure>    <p class=\"translation-block\"><strong>Dhoop Batti Verpackungsmaschine<\/strong><\/p>    <p>Diese Dhoop-Batti-Verpackungsmaschine ist speziell f\u00fcr Turm-R\u00e4ucherst\u00e4bchen (zylindrische, kurze R\u00e4ucherst\u00e4bchen) konzipiert und eignet sich f\u00fcr die automatische Einzel- oder Mehrfachkombinationsverpackung. Die Maschine ist einfach zu bedienen, hat einen hohen Automatisierungsgrad, eine flache und sch\u00f6ne Versiegelung und ist geeignet f\u00fcr Indien, Nepal und andere s\u00fcdasiatische M\u00e4rkte, g\u00e4ngige R\u00e4ucherst\u00e4bchenblockprodukte, verbessert die Verpackungseffizienz und die Produktqualit\u00e4t.<\/p>    <figure class=\"wp-block-gallery has-nested-images columns-default is-cropped wp-block-gallery-4 is-layout-flex wp-block-gallery-is-layout-flex\"> <figure class=\"wp-block-image size-large\"><img loading=\"lazy\" decoding=\"async\" width=\"667\" height=\"500\" data-id=\"8884\" src=\"https:\/\/tianhuipackingmachine.com\/wp-content\/uploads\/2025\/04\/dhoop-batti-packing-machine-667x500.webp\" alt=\"Verpackungsmaschine f\u00fcr Dhoop-Batti\" class=\"wp-image-8884\" srcset=\"https:\/\/tianhuipackingmachine.com\/wp-content\/uploads\/2025\/04\/dhoop-batti-packing-machine-667x500.webp 667w, https:\/\/tianhuipackingmachine.com\/wp-content\/uploads\/2025\/04\/dhoop-batti-packing-machine-480x360.webp 480w, https:\/\/tianhuipackingmachine.com\/wp-content\/uploads\/2025\/04\/dhoop-batti-packing-machine-16x12.webp 16w, https:\/\/tianhuipackingmachine.com\/wp-content\/uploads\/2025\/04\/dhoop-batti-packing-machine.webp 720w\" sizes=\"auto, (max-width: 667px) 100vw, 667px\" \/><figcaption class=\"wp-element-caption\">Dhoop Batti Verpackungsmaschine<\/figcaption><\/figure>    <figure class=\"wp-block-image size-large\"><img loading=\"lazy\" decoding=\"async\" width=\"667\" height=\"500\" data-id=\"8885\" src=\"https:\/\/tianhuipackingmachine.com\/wp-content\/uploads\/2025\/04\/dhoop-batti-667x500.webp\" alt=\"Dhoop Batti\" class=\"wp-image-8885\" srcset=\"https:\/\/tianhuipackingmachine.com\/wp-content\/uploads\/2025\/04\/dhoop-batti-667x500.webp 667w, https:\/\/tianhuipackingmachine.com\/wp-content\/uploads\/2025\/04\/dhoop-batti-480x360.webp 480w, https:\/\/tianhuipackingmachine.com\/wp-content\/uploads\/2025\/04\/dhoop-batti-16x12.webp 16w, https:\/\/tianhuipackingmachine.com\/wp-content\/uploads\/2025\/04\/dhoop-batti.webp 720w\" sizes=\"auto, (max-width: 667px) 100vw, 667px\" \/><figcaption class=\"wp-element-caption\">Dhoop Batti<\/figcaption><\/figure> <\/figure>   <figure class=\"wp-block-embed-youtube wp-block-embed is-type-video is-provider-youtube wp-embed-aspect-16-9 wp-has-aspect-ratio\"><div class=\"lyte-wrapper\" title=\"Shuliy ma\u00dfgeschneiderte R\u00e4ucherverpackungsmaschine: effiziente und pr\u00e4zise Verpackungsl\u00f6sung f\u00fcr R\u00e4ucherst\u00e4bchen\" style=\"width:853px;max-width:100%;margin:5px auto;\"><div class=\"lyMe\" id=\"WYL_KBWUaqFeWQo\" itemprop=\"video\" itemscope itemtype=\"https:\/\/schema.org\/VideoObject\"><div><meta itemprop=\"thumbnailUrl\" content=\"https:\/\/i.ytimg.com\/vi\/KBWUaqFeWQo\/hqdefault.jpg\" \/><meta itemprop=\"embedURL\" content=\"https:\/\/www.youtube.com\/embed\/KBWUaqFeWQo\" \/><meta itemprop=\"duration\" content=\"PT1M51S\" \/><meta itemprop=\"uploadDate\" content=\"2024-10-12T08:22:59Z\" \/><\/div><div id=\"lyte_KBWUaqFeWQo\" data-src=\"https:\/\/i.ytimg.com\/vi\/KBWUaqFeWQo\/hqdefault.jpg\" class=\"pL\"><div class=\"tC\"><div class=\"tT\" itemprop=\"name\">Shuliy ma\u00dfgeschneiderte R\u00e4ucherverpackungsmaschine: effiziente und pr\u00e4zise Verpackungsl\u00f6sung f\u00fcr R\u00e4ucherst\u00e4bchen<\/div><\/div><div class=\"play\"><\/div><div class=\"ctrl\"><div class=\"Lctrl\"><\/div><div class=\"Rctrl\"><\/div><\/div><\/div><noscript><a href=\"https:\/\/youtu.be\/KBWUaqFeWQo\" rel=\"nofollow noopener\" target=\"_blank\"><img loading=\"lazy\" decoding=\"async\" src=\"https:\/\/i.ytimg.com\/vi\/KBWUaqFeWQo\/0.jpg\" alt=\"Shuliy ma\u00dfgeschneiderte R\u00e4ucherverpackungsmaschine: effiziente und pr\u00e4zise Verpackungsl\u00f6sung f\u00fcr R\u00e4ucherst\u00e4bchen\" width=\"853\" height=\"460\" \/><\/a><\/noscript><meta itemprop=\"description\" content=\"#incensepacking #incensestick #incensesticks #packingsolution #packagingsolution WhatsApp No.: https:\/\/wa.me\/+8613673689272 WeChat\/Tel No.:+8613673689272 Email: sales@tianhuipackingmachine.com Website: https:\/\/tianhuipackingmachine.com\/product\/ In this video, we will show the working process of Shuliy&#039;s customized incense stick packaging machine. Designed for Agarbatti incense sticks weighing and packing, this machine can quickly and accurately complete the packaging of incense, ensuring the integrity and quality of incense sticks during transportation and storage. Whether it is mass production or personalized customized packaging, our incense packaging machine can meet your needs. Watch the video to see our efficient packaging solutions for the incense industry! WhatsApp No.: https:\/\/wa.me\/+8613673689272 WeChat\/Tel No.:+8613673689272 Email: sales@tianhuipackingmachine.com Website: https:\/\/tianhuipackingmachine.com\/product\/\"><\/div><\/div><div class=\"lL\" style=\"max-width:100%;width:853px;margin:5px auto;\"> <a href=\"https:\/\/youtu.be\/KBWUaqFeWQo\" target=\"_blank\" rel=\"noopener\">Dieses Video auf YouTube ansehen<\/a>.<\/div><figcaption>Funktionsvideo der Dhoop Batti Verpackungsmaschine<\/figcaption><\/figure>   <h2 class=\"wp-block-heading\"><strong>Kontaktieren Sie uns jetzt f\u00fcr ein Angebot!<\/strong><\/h2>    <p class=\"translation-block\">Ob Sie eine kleine R\u00e4ucherst\u00e4bchen-Verarbeitungsanlage sind, die gerade erst beginnt, oder ein industrieller <a href=\"https:\/\/en.wikipedia.org\/wiki\/Incense\" target=\"_blank\" rel=\"noopener\">R\u00e4ucherst\u00e4bchen<\/a>-Hersteller mit einer j\u00e4hrlichen Produktionskapazit\u00e4t von Millionen von St\u00e4bchen, Shuliy kann Ihnen die richtigen R\u00e4ucherst\u00e4bchen-Verpackungsl\u00f6sungen und kosteng\u00fcnstige Ausr\u00fcstung liefern.<\/p>","protected":false},"excerpt":{"rendered":"<p>Die Shuliy R\u00e4ucherst\u00e4bchen-Verpackungsmaschine ist f\u00fcr lange Stabprodukte wie Bambus-R\u00e4ucherst\u00e4bchen, buddhistische R\u00e4ucherst\u00e4bchen usw. konzipiert und hat eine Verpackungsgeschwindigkeit von 20-80 Beuteln pro Minute.<\/p>","protected":false},"author":1,"featured_media":8883,"parent":0,"template":"","tags":[230],"product-type":[145],"class_list":["post-8881","product","type-product","status-publish","has-post-thumbnail","hentry","tag-incense","product-type-other-products"],"_links":{"self":[{"href":"https:\/\/tianhuipackingmachine.com\/de\/wp-json\/wp\/v2\/product\/8881","targetHints":{"allow":["GET"]}}],"collection":[{"href":"https:\/\/tianhuipackingmachine.com\/de\/wp-json\/wp\/v2\/product"}],"about":[{"href":"https:\/\/tianhuipackingmachine.com\/de\/wp-json\/wp\/v2\/types\/product"}],"author":[{"embeddable":true,"href":"https:\/\/tianhuipackingmachine.com\/de\/wp-json\/wp\/v2\/users\/1"}],"wp:featuredmedia":[{"embeddable":true,"href":"https:\/\/tianhuipackingmachine.com\/de\/wp-json\/wp\/v2\/media\/8883"}],"wp:attachment":[{"href":"https:\/\/tianhuipackingmachine.com\/de\/wp-json\/wp\/v2\/media?parent=8881"}],"wp:term":[{"taxonomy":"post_tag","embeddable":true,"href":"https:\/\/tianhuipackingmachine.com\/de\/wp-json\/wp\/v2\/tags?post=8881"},{"taxonomy":"product-type","embeddable":true,"href":"https:\/\/tianhuipackingmachine.com\/de\/wp-json\/wp\/v2\/product-type?post=8881"}],"curies":[{"name":"wp","href":"https:\/\/api.w.org\/{rel}","templated":true}]}}