{"id":6402,"date":"2023-03-22T18:10:21","date_gmt":"2023-03-22T10:10:21","guid":{"rendered":"https:\/\/tianhuipackingmachine.com\/?post_type=product&#038;p=6402"},"modified":"2023-04-03T09:49:30","modified_gmt":"2023-04-03T01:49:30","slug":"jumbo-bag-filling-machine","status":"publish","type":"product","link":"https:\/\/tianhuipackingmachine.com\/de\/jumbo-bag-filling-machine\/","title":{"rendered":"Jumbo-Beutelf\u00fcllmaschine"},"content":{"rendered":"<p class=\"translation-block\"><strong>Jumbo-Bag-Abf\u00fcllmaschine<\/strong>, auch bekannt als Tonnen-Bag-Verpackungsmaschine, wurde entwickelt, um Ihren Materialumschlagprozess zu vereinfachen und zu optimieren. Die Maschine von uns ist perfekt f\u00fcr Industrien, die eine effiziente, genaue und automatisierte Verpackung einer breiten Palette von Materialien, einschlie\u00dflich Granulaten, Pulvern und Pellets, ben\u00f6tigen. Durch die Automatisierung des Verpackungsprozesses kann die Jumbo-Bag-Abf\u00fcllmaschine die Produktionseffizienz erheblich steigern und die Arbeitskosten senken.<\/p>    <figure class=\"wp-block-image size-full\"><img loading=\"lazy\" decoding=\"async\" width=\"720\" height=\"540\" src=\"https:\/\/tianhuipackingmachine.com\/wp-content\/uploads\/2023\/03\/jumbo-bag-filling-station.jpg\" alt=\"F\u00fcllstation f\u00fcr Jumbo-Beutel\" class=\"wp-image-6406\"\/><figcaption class=\"wp-element-caption\">F\u00fcllstation f\u00fcr Jumbo-Beutel<\/figcaption><\/figure>    <h2 class=\"wp-block-heading\">Leistungsmerkmale der Jumbo-Beutelf\u00fcllmaschine<\/h2>    <ol class=\"wp-block-list\" type=\"1\"> <li>Hohe F\u00fcllgenauigkeit und Geschwindigkeit<\/li>    <li>Maschinenk\u00f6rperstruktur komplett aus Edelstahl, langlebig und zuverl\u00e4ssig<\/li>    <li>F\u00e4higkeit, ein breites Spektrum an Beutelgr\u00f6\u00dfen und -gewichten zu handhaben<\/li>    <li>Nehmen Sie einen LCD-Touchscreen an, der einfach zu bedienen ist<\/li>    <li>Flexibilit\u00e4t zur Aufnahme verschiedener Arten von Materialien wie Pulver, Granulat oder Fl\u00fcssigkeiten<\/li>    <li>Integration mit W\u00e4ge- und F\u00f6rdersystemen f\u00fcr automatisierte Prozesse<\/li>    <li>Einhaltung von Sicherheitsstandards und -vorschriften<\/li>    <li>Ein Anpassungsservice ist verf\u00fcgbar, um spezifische Verpackungsanforderungen zu erf\u00fcllen<\/li> <\/ol>    <h2 class=\"wp-block-heading has-luminous-vivid-orange-color has-text-color\">Parameter der Big-Bag-Abf\u00fcllmaschine<\/h2>    <figure class=\"wp-block-table\"><table><tbody><tr><td>Modell<\/td><td>ph-2000T<\/td><td>ph-2000T<\/td><\/tr><tr><td>Anwendungen<\/td><td>Partikel<\/td><td>Pulver<\/td><\/tr><tr><td>W\u00e4gebereich<\/td><td>200-1000kg<\/td><td>200-1500kg<\/td><\/tr><tr><td>Genauigkeitsgrad<\/td><td>\u00b10,2%<\/td><td>\u00b10,5%<\/td><\/tr><tr><td>Packgeschwindigkeit<\/td><td>Pro Beutel\/2\u20133 Min<\/td><td>Min. 15 Beutel\/Stunde<\/td><\/tr><tr><td>F\u00fctterungsmethode<\/td><td>Schwerkraftf\u00fctterung<\/td><td>Schneckenbeschickung<\/td><\/tr><tr><td>\u00a0Luftdruck<\/td><td>0,6\u20130,8 MPa<\/td><td>0,8 MPa<\/td><\/tr><tr><td>Luftverbrauch<\/td><td>1 m3\/h<\/td><td>1 m3\/h<\/td><\/tr><tr><td>Energieverbrauch<\/td><td>380V\/8KW<\/td><td>380 V\/8 kW, 50 Hz<\/td><\/tr><tr><td>Maschinengr\u00f6\u00dfe (mm)<\/td><td>2000\u00d72000\u00d73000<\/td><td>2000\u00d72000\u00d73400<\/td><\/tr><\/tbody><\/table><\/figure>    <h2 class=\"wp-block-heading\">Was sind Jumbotaschen?<\/h2>    <p class=\"translation-block\">Jumbo-Bags, auch bekannt als Sch\u00fcttgut-S\u00e4cke oder <a href=\"https:\/\/en.wikipedia.org\/wiki\/Flexible_intermediate_bulk_container\" target=\"_blank\" rel=\"noopener\">FIBCs<\/a> (Flexible Intermediate Bulk Containers), sind gro\u00dfe Industriebeh\u00e4lter, die zur Lagerung und zum Transport von trockenen, flie\u00dff\u00e4higen Produkten wie Sand, Zement, Getreide, Chemikalien und Mineralien verwendet werden. Sie haben typischerweise eine Kapazit\u00e4t von 500 kg bis mehreren Tonnen und bestehen aus gewebtem Polypropylen-Gewebe mit Hebeschlaufen f\u00fcr eine einfache Handhabung mit Kr\u00e4nen oder Gabelstaplern. Jumbo-Bags sind eine kosteng\u00fcnstige und umweltfreundliche Alternative zu kleineren S\u00e4cken und F\u00e4ssern, da sie Verpackungsabf\u00e4lle reduzieren und die Logistikeffizienz verbessern.<\/p>    <figure class=\"wp-block-image size-full\"><img loading=\"lazy\" decoding=\"async\" width=\"720\" height=\"540\" src=\"https:\/\/tianhuipackingmachine.com\/wp-content\/uploads\/2023\/03\/ton-bags.jpg\" alt=\"Tonnentaschen\" class=\"wp-image-6407\"\/><figcaption class=\"wp-element-caption\">Tonnentaschen<\/figcaption><\/figure>    <h2 class=\"wp-block-heading\">Vorteile der Verwendung einer Jumbo-Beutelf\u00fcllmaschine<\/h2>    <p>Einer der Hauptvorteile der Verwendung von Jumbo-Beutelf\u00fcllmaschinen ist die h\u00f6here Effizienz, die sie bieten. Diese Maschinen sind in der Lage, Beutel schnell und pr\u00e4zise zu f\u00fcllen, was bedeutet, dass sie den Zeit- und Arbeitsaufwand f\u00fcr das manuelle Bef\u00fcllen von Beuteln erheblich reduzieren k\u00f6nnen. Dies f\u00fchrt zu h\u00f6heren Produktionsraten, h\u00f6herem Durchsatz und niedrigeren Arbeitskosten.<\/p>    <p>Die Verpackungsmaschine f\u00fcr Jumbo-Beutel ist au\u00dferdem \u00e4u\u00dferst pr\u00e4zise und stellt sicher, dass jeder Beutel mit dem richtigen Gewicht und Volumen gef\u00fcllt wird. Dies ist besonders wichtig f\u00fcr Branchen, die pr\u00e4zise Messungen erfordern, wie beispielsweise die chemische und pharmazeutische Industrie.<\/p>    <p>Dar\u00fcber hinaus sind F\u00fcllmaschinen f\u00fcr Jumbo-Beutel f\u00fcr die Verarbeitung einer Vielzahl von Materialien ausgelegt, darunter auch abrasive und schwer zu handhabende Materialien. Dies bedeutet, dass sie in einer Vielzahl von Branchen eingesetzt werden k\u00f6nnen, darunter Bergbau, Baugewerbe, Landwirtschaft und Lebensmittelverarbeitung.<\/p>    <figure class=\"wp-block-image size-full\"><img loading=\"lazy\" decoding=\"async\" width=\"720\" height=\"540\" src=\"https:\/\/tianhuipackingmachine.com\/wp-content\/uploads\/2023\/03\/jumbo-bag-packing-machine-parts.jpg\" alt=\"Teile f\u00fcr Jumbo-Beutel-Verpackungsmaschinen\" class=\"wp-image-6408\"\/><figcaption class=\"wp-element-caption\">Teile f\u00fcr Jumbo-Beutel-Verpackungsmaschinen<\/figcaption><\/figure>    <h2 class=\"wp-block-heading\">Wichtige Faktoren, die bei der Auswahl einer Jumbo-Beutelf\u00fcllmaschine zu ber\u00fccksichtigen sind<\/h2>    <p>Bei der Auswahl einer F\u00fcllmaschine f\u00fcr Jumbo-Beutel m\u00fcssen mehrere Faktoren ber\u00fccksichtigt werden, darunter:<\/p>    <p class=\"translation-block\"><strong>Materialtyp:<\/strong> Der Typ des Materials, das Sie abf\u00fcllen werden, bestimmt den Maschinentyp, den Sie ben\u00f6tigen. Wenn Sie beispielsweise abrasive Materialien abf\u00fcllen, ben\u00f6tigen Sie eine Maschine, die f\u00fcr die Handhabung dieser Materialien ausgelegt ist.<\/p>    <p class=\"translation-block\"><strong>Beutelgr\u00f6\u00dfe und -gewicht:<\/strong> Jumbo-Bag-Abf\u00fcllmaschinen k\u00f6nnen Beutel unterschiedlicher Gr\u00f6\u00dfe und Gewichte handhaben, daher ist es wichtig, eine Maschine zu w\u00e4hlen, die die von Ihnen verwendeten Beutel aufnehmen kann.<\/p>    <p class=\"translation-block\"><strong>Abf\u00fcllrate: <\/strong>Die Abf\u00fcllrate einer Maschine bestimmt, wie schnell sie Beutel abf\u00fcllen kann. Dies ist ein wichtiger Gesichtspunkt, wenn Sie eine gro\u00dfe Anzahl von Beuteln in kurzer Zeit abf\u00fcllen m\u00fcssen.<\/p>    <p class=\"translation-block\"><strong>Automatisierungsgrad:<\/strong> Jumbo-Bag-Abf\u00fcllmaschinen k\u00f6nnen vollautomatisch oder halbautomatisch sein. Vollautomatische Maschinen erfordern weniger Bedienereingriffe, w\u00e4hrend halbautomatische Maschinen mehr Bedienereingriffe erfordern, aber in der Regel kosteng\u00fcnstiger sind.<\/p>    <figure class=\"wp-block-image size-full\"><img loading=\"lazy\" decoding=\"async\" width=\"720\" height=\"540\" src=\"https:\/\/tianhuipackingmachine.com\/wp-content\/uploads\/2023\/03\/big-bag-filling-machine-factory.jpg\" alt=\"Fabrik f\u00fcr Big-Bag-Abf\u00fcllmaschinen\" class=\"wp-image-6409\"\/><figcaption class=\"wp-element-caption\">Fabrik f\u00fcr Big-Bag-Abf\u00fcllmaschinen<\/figcaption><\/figure>    <h2 class=\"wp-block-heading\">Abschluss<\/h2>    <p>Jumbo-Beutelf\u00fcllmaschinen sind f\u00fcr viele Branchen ein unverzichtbares Werkzeug und bieten eine schnelle, genaue und effiziente M\u00f6glichkeit, Sch\u00fcttg\u00fcter zu verpacken. Durch die Automatisierung des Abf\u00fcllprozesses k\u00f6nnen diese Maschinen die Produktionsraten erheblich verbessern und die Arbeitskosten senken. Bei der Auswahl einer F\u00fcllmaschine f\u00fcr Jumbo-Beutel ist es wichtig, Faktoren wie Materialtyp, Beutelgr\u00f6\u00dfe und -gewicht, F\u00fcllrate und Automatisierungsgrad zu ber\u00fccksichtigen.  <\/p>    <p class=\"translation-block\">Henan Top Packaging Machinery Co., Ltd bietet professionelle <a href=\"https:\/\/tianhuipackingmachine.com\/de\/product\/\">Verpackungs- und Abf\u00fclll\u00f6sungen<\/a> f\u00fcr globale Kunden. Unsere Jumbo-Bag-Abf\u00fcllmaschine zum Verkauf ist ber\u00fchmt f\u00fcr ihre hervorragende Leistung und ihren guten Preis. Wenn Sie nach einem Big-Bag-Abf\u00fcllsystem suchen, kontaktieren Sie uns gerne f\u00fcr weitere n\u00fctzliche Maschineninformationen. <\/p>","protected":false},"excerpt":{"rendered":"<p>Jumbo bag filling machine, also named ton bag packing machine, is designed to simplify and streamline your material handling process. The machine from us is perfect for industries that require efficient, accurate, and automated packaging of a wide range of materials, including granules, powders, and pellets. By automating the packaging process, jumbo bag filling machine [&hellip;]<\/p>\n","protected":false},"author":1,"featured_media":6404,"parent":0,"template":"","tags":[162],"product-type":[141],"class_list":["post-6402","product","type-product","status-publish","has-post-thumbnail","hentry","tag-filling-machine","product-type-filling-machines"],"_links":{"self":[{"href":"https:\/\/tianhuipackingmachine.com\/de\/wp-json\/wp\/v2\/product\/6402","targetHints":{"allow":["GET"]}}],"collection":[{"href":"https:\/\/tianhuipackingmachine.com\/de\/wp-json\/wp\/v2\/product"}],"about":[{"href":"https:\/\/tianhuipackingmachine.com\/de\/wp-json\/wp\/v2\/types\/product"}],"author":[{"embeddable":true,"href":"https:\/\/tianhuipackingmachine.com\/de\/wp-json\/wp\/v2\/users\/1"}],"wp:featuredmedia":[{"embeddable":true,"href":"https:\/\/tianhuipackingmachine.com\/de\/wp-json\/wp\/v2\/media\/6404"}],"wp:attachment":[{"href":"https:\/\/tianhuipackingmachine.com\/de\/wp-json\/wp\/v2\/media?parent=6402"}],"wp:term":[{"taxonomy":"post_tag","embeddable":true,"href":"https:\/\/tianhuipackingmachine.com\/de\/wp-json\/wp\/v2\/tags?post=6402"},{"taxonomy":"product-type","embeddable":true,"href":"https:\/\/tianhuipackingmachine.com\/de\/wp-json\/wp\/v2\/product-type?post=6402"}],"curies":[{"name":"wp","href":"https:\/\/api.w.org\/{rel}","templated":true}]}}