{"id":6356,"date":"2023-03-03T15:28:21","date_gmt":"2023-03-03T07:28:21","guid":{"rendered":"https:\/\/tianhuipackingmachine.com\/?post_type=product&#038;p=6356"},"modified":"2023-03-03T17:19:30","modified_gmt":"2023-03-03T09:19:30","slug":"soap-making-machine","status":"publish","type":"product","link":"https:\/\/tianhuipackingmachine.com\/de\/soap-making-machine\/","title":{"rendered":"Seifenherstellungsmaschine"},"content":{"rendered":"<p class=\"translation-block\"><strong>Seifenherstellungsmaschine<\/strong> ist ein gro\u00dfartiges Werkzeug, um den Seifenherstellungsprozess zu automatisieren. Die Maschine ist daf\u00fcr ausgelegt, Seifen zu mischen, zu vermengen, zu extrudieren und zu schneiden. Die Seifenherstellungsmaschine kann zur Herstellung verschiedener Seifenprodukte verwendet werden, wie Seifenstangen, Waschseife, Badeseife, Toilettenseife und transparente Seife. \u00a0<\/p>    <p>Seife ist seit Jahrhunderten ein wesentlicher Bestandteil der menschlichen Hygiene und Sauberkeit. Und die Seifenherstellungsmaschine revolutioniert die Art und Weise, wie Seifen hergestellt werden. Es hat es Seifenherstellern erm\u00f6glicht, Seifenprodukte in gr\u00f6\u00dferem Ma\u00dfstab, mit gr\u00f6\u00dferer Effizienz und Zuverl\u00e4ssigkeit herzustellen.<\/p>    <figure class=\"wp-block-image size-full\"><img loading=\"lazy\" decoding=\"async\" width=\"720\" height=\"540\" src=\"https:\/\/tianhuipackingmachine.com\/wp-content\/uploads\/2023\/03\/soap-making-machine.jpg\" alt=\"Seifenherstellungsmaschine\" class=\"wp-image-6357\"\/><figcaption class=\"wp-element-caption\">Seifenherstellungsmaschine<\/figcaption><\/figure>    <h2 class=\"wp-block-heading\"><strong>Arten von Seifenherstellungsmaschinen zum Verkauf<\/strong><\/h2>    <p>Um einen vollautomatischen Seifenherstellungsprozess durchf\u00fchren zu k\u00f6nnen, sind auf dem Weltmarkt verschiedene Arten von Seifenherstellungsmaschinen erh\u00e4ltlich, die jeweils auf spezifische Herstellungsanforderungen ausgelegt sind. Und sie schlossen sich zu einer kompletten Seifenherstellungslinie zusammen. Hier sind einige der g\u00e4ngigsten Arten von Seifenherstellungsmaschinen:<\/p>    <p class=\"translation-block\"><strong>Seifenmischmaschine:<\/strong> Seifenmischmaschine wird verwendet, um Zutaten vor dem Mahlen zu mischen. Das Material des Maschinenrahmens besteht aus hochwertigem Q235-Edelstahl, und der Teil, der von Seiden-Nudeln erreicht wird, besteht aus Edelstahl.<\/p>    <p class=\"translation-block\"><strong>Seifenmahlmaschine: <\/strong>Seifenmahlmaschine wird verwendet, um Seifenk\u00fcgelchen in kleinere zu zerkleinern. Dies ist ein wichtiger Schritt bei der Seifenmaterialvorbereitung. Die Motorspannung der Maschine betr\u00e4gt 4 kW. &nbsp;<\/p>    <p class=\"translation-block\"><strong>Seifenextruder:<\/strong> Seifenextruder wird verwendet, um Seifen-Nudel zu produzieren, die zur Herstellung verschiedener Seifenprodukte verwendet werden. Die Produktionskapazit\u00e4t des Seifenknochens kann bis zu 100 kg pro Stunde erreichen.<\/p>    <p class=\"translation-block\"><strong>Seifenstanzmaschine:<\/strong> Seifenstanzmaschine wird verwendet, um Seifenst\u00fccke in gleichm\u00e4\u00dfige Formen und Gr\u00f6\u00dfen zu schneiden. Sie k\u00f6nnen an Ihre Anforderungen angepasst werden. Seine Kapazit\u00e4t kann 200 Seifenst\u00fccke pro Minute erreichen.<\/p>    <p class=\"translation-block\"><strong>Seifenstempelmaschine:<\/strong> Seifenstempelmaschine wird verwendet, Logos oder Muster auf Seifenst\u00fccke zu pr\u00e4gen. Die Saugn\u00e4pfe heben die Originalseife auf die Form, nach dem Formen die fertigen Seifenst\u00fccke auf das F\u00f6rderband. Der gesamte Prozess ist vollautomatisch, hoch effizient und zuverl\u00e4ssig.<\/p>    <p class=\"translation-block\"><strong>Seifenverpackungsmaschine:<\/strong> <a href=\"https:\/\/tianhuipackingmachine.com\/de\/soap-packaging-machines\/\" target=\"_blank\" rel=\"noreferrer noopener\">Seifenverpackungsmaschine<\/a> wird verwendet, fertige Seifenstangen in Beutel zu verpacken. Dies ist ein notwendiger Schritt, bevor Sie Ihre Seifenprodukte im Supermarktregal ausstellen. \u00a0<\/p>    <h2 class=\"wp-block-heading\"><strong>Produktionsprozess der Seifenherstellungsmaschinenlinie<\/strong><\/h2>    <p>Eine Seifenherstellungslinie besteht aus mehreren Seifenherstellungsmaschinen. Und der Produktionsprozess der gesamten Seifenherstellungslinie ist wie folgt detailliert:<\/p>    <p class=\"translation-block\"><strong>Seifenbestandteile mischen \u2192 mahlen <strong>\u2192<\/strong><\/strong> <strong>Seifen-Nudel-Extrusion <strong><strong><strong>\u2192<\/strong><\/strong> <\/strong>Seifenst\u00fccke schneiden <strong><strong>\u2192<\/strong><\/strong> Stanzen <strong><strong>\u2192<\/strong><\/strong> Endprodukte-Verpackung.<\/strong><\/p>    <figure class=\"wp-block-image size-full\"><img loading=\"lazy\" decoding=\"async\" width=\"720\" height=\"540\" src=\"https:\/\/tianhuipackingmachine.com\/wp-content\/uploads\/2023\/03\/soap-making-line.jpg\" alt=\"Seifenherstellungslinie\" class=\"wp-image-6363\"\/><figcaption class=\"wp-element-caption\">Seifenherstellungslinie<\/figcaption><\/figure>    <h2 class=\"wp-block-heading\"><strong>Merkmale dieser automatischen Seifenherstellungsmaschine<\/strong><\/h2>    <ol class=\"wp-block-list\" type=\"1\"> <li>Einfache K\u00f6rperstruktur. Alle Seifenherstellungsmaschinen sind mit einfachen Strukturen konstruiert. Das ist einfach zu installieren und zu warten.<\/li>    <li>Hochwertige K\u00f6rpermaterialien. F\u00fcr alle Maschinen wird Edelstahl verwendet, der langlebig und leicht zu reinigen ist.<\/li>    <li>Leicht zu bedienen. Mit einem fortschrittlichen Steuerungssystem ist es einfach zu bedienen und kann von nur einer Person bedient werden.<\/li>    <li>Gro\u00dfe Auswahl. Mit dieser Maschinenlinie zur Herstellung von St\u00fcckseifen kann eine breite Palette von Seifenprodukten wie Waschseife, Toilettenseife, Badeseife usw. hergestellt werden.<\/li>    <li>Gleichbleibende Qualit\u00e4t. Eine automatische Seifenherstellungsmaschine kann Seifenprodukte mit gleichbleibender Qualit\u00e4t herstellen, wodurch sichergestellt wird, dass jedes St\u00fcck Seife die gleichen hohen Standards erf\u00fcllt.<\/li>    <li>OEM-Service ist verf\u00fcgbar. Mit umfangreicher Erfahrung bieten wir hervorragende kundenspezifische Dienstleistungen wie Maschinenleistung, Material, Komponenten, Logos, Formen und Gr\u00f6\u00dfen auf der Seife.<\/li> <\/ol>    <h2 class=\"wp-block-heading\"><strong>Hauptbestandteile der automatischen Seifenherstellungsmaschinenlinie<\/strong><\/h2>    <p>Zu den Hauptbestandteilen einer kompletten automatischen Seifenherstellungslinie geh\u00f6ren eine Materialmischmaschine, eine Schleifmaschine, ein Vakuumschneider, eine Schneidemaschine, ein Seifendrucker, ein Schaltschrank, ein F\u00f6rderband usw. Alle Teile arbeiten zusammen, um eine gro\u00dfartige Seifenherstellungsmaschine zu bilden.<\/p>    <div class=\"wp-block-group is-layout-constrained wp-block-group-is-layout-constrained\"> <div class=\"wp-block-columns is-layout-flex wp-container-core-columns-is-layout-28f84493 wp-block-columns-is-layout-flex\"> <div class=\"wp-block-column is-layout-flow wp-block-column-is-layout-flow\"> <figure class=\"wp-block-gallery has-nested-images columns-default is-cropped wp-block-gallery-2 is-layout-flex wp-block-gallery-is-layout-flex\"> <figure class=\"wp-block-image size-full\"><img loading=\"lazy\" decoding=\"async\" width=\"720\" height=\"540\" data-id=\"6364\" src=\"https:\/\/tianhuipackingmachine.com\/wp-content\/uploads\/2023\/03\/soap-mixing-and-grinding-machine.jpg\" alt=\"Seifenmisch- und Mahlmaschine\" class=\"wp-image-6364\"\/><figcaption class=\"wp-element-caption\">Seifenmisch- und Mahlmaschine<\/figcaption><\/figure> <\/figure> <\/div>    <div class=\"wp-block-column is-layout-flow wp-block-column-is-layout-flow\"> <figure class=\"wp-block-gallery has-nested-images columns-default is-cropped wp-block-gallery-3 is-layout-flex wp-block-gallery-is-layout-flex\"> <figure class=\"wp-block-image size-full\"><img loading=\"lazy\" decoding=\"async\" width=\"720\" height=\"540\" data-id=\"6366\" src=\"https:\/\/tianhuipackingmachine.com\/wp-content\/uploads\/2023\/03\/soap-extruder.jpg\" alt=\"Seifenextruder\" class=\"wp-image-6366\"\/><figcaption class=\"wp-element-caption\">Seifenextruder<\/figcaption><\/figure> <\/figure> <\/div>    <div class=\"wp-block-column is-layout-flow wp-block-column-is-layout-flow\"> <figure class=\"wp-block-gallery has-nested-images columns-default is-cropped wp-block-gallery-4 is-layout-flex wp-block-gallery-is-layout-flex\"> <figure class=\"wp-block-image size-full\"><img loading=\"lazy\" decoding=\"async\" width=\"720\" height=\"540\" data-id=\"6367\" src=\"https:\/\/tianhuipackingmachine.com\/wp-content\/uploads\/2023\/03\/soap-cutter-machine.jpg\" alt=\"Seifenschneidermaschine\" class=\"wp-image-6367\"\/><figcaption class=\"wp-element-caption\">Seifenschneidermaschine<\/figcaption><\/figure> <\/figure> <\/div> <\/div> <\/div>    <h2 class=\"wp-block-heading\"><strong>Was kostet eine Seifenherstellungsmaschine?<\/strong><\/h2>    <p>Der Preis einer Seifenherstellungsmaschine variiert je nach Konfiguration, Kapazit\u00e4t und Maschinenmaterial. Dar\u00fcber hinaus ist der Preis f\u00fcr die Seifenherstellungsmaschine unterschiedlich, wenn sie an einen anderen Hafen geliefert wird, da die Versandkosten unterschiedlich sind. Wir bieten eine komplette Seifenproduktionslinie und eine einzelne Seifenherstellungsmaschine. Egal, ob Sie eine komplette Seifenherstellungslinie kaufen m\u00f6chten oder nur eine einzelne Maschine ben\u00f6tigen, kontaktieren Sie uns gerne f\u00fcr weitere Details und eine Preisliste.<\/p>    <h2 class=\"wp-block-heading\"><strong>Anwendungen von Seifenherstellungsmaschinen<\/strong><\/h2>    <p>Eigentlich ist diese Seifenmaschine f\u00fcr die Herstellung von St\u00fcckseifen und nicht f\u00fcr die Herstellung von Fl\u00fcssigseifen konzipiert. Mit verschiedenen Stempeln und Formen kann die Seifenproduktionslinie ein komplettes Sortiment an Seifenst\u00fccken herstellen, die in verschiedenen Gr\u00f6\u00dfen, Formen, Farben und Logos gestaltet werden k\u00f6nnen. Dar\u00fcber hinaus kann es mit unterschiedlichen Seifenmaterialformulierungen Waschseife, Toilettenseife, Waschseife, Reinigungsseife, Badeseife, transparente Seife usw. herstellen.<\/p>    <figure class=\"wp-block-image size-full\"><img loading=\"lazy\" decoding=\"async\" width=\"720\" height=\"540\" src=\"https:\/\/tianhuipackingmachine.com\/wp-content\/uploads\/2023\/03\/finished-soap-products.jpg\" alt=\"fertige Seifenprodukte\" class=\"wp-image-6360\"\/><figcaption class=\"wp-element-caption\">Fertige Seifenprodukte<\/figcaption><\/figure>    <h2 class=\"wp-block-heading\"><strong>Einsatz von Seifenherstellungsmaschinen zur Rationalisierung der Seifenproduktion<\/strong><\/h2>    <p>Seifenherstellungsmaschinen k\u00f6nnen auf vielf\u00e4ltige Weise zur Rationalisierung der Seifenproduktion eingesetzt werden. Hier sind einige M\u00f6glichkeiten, wie Seifenherstellungsmaschinen zur Rationalisierung der Seifenproduktion in gro\u00dfem Ma\u00dfstab eingesetzt werden k\u00f6nnen:<\/p>    <h3 class=\"wp-block-heading\">1. <strong>Effizienz steigern<\/strong><\/h3>    <p>Eine Seifenherstellungsmaschine kann die Effizienz verbessern, indem sie den Seifenherstellungsprozess automatisiert. Das bedeutet, dass die Herstellung von Seife weniger Aufwand und Zeit erfordert, was dazu beitragen kann, die Kosten zu senken und den Gewinn Ihres Unternehmens zu steigern.<\/p>    <h3 class=\"wp-block-heading\">2. <strong>Erh\u00f6hen Sie die Produktionskapazit\u00e4t<\/strong><\/h3>    <p>Eine vollautomatische Seifenherstellungsmaschine kann die Produktionskapazit\u00e4t erheblich steigern. Dadurch kann in k\u00fcrzerer Zeit mehr Seife hergestellt werden. Dies kann die Wettbewerbsf\u00e4higkeit Ihrer Seifenprodukte auf dem Markt steigern.<\/p>    <h3 class=\"wp-block-heading\">3. <strong>Reduzieren Sie die Arbeitskosten<\/strong><\/h3>    <p>Im Vergleich zur manuellen Seifenherstellung erfordert die automatische Seifenherstellungsmaschine weniger Arbeitsaufwand und ist sehr einfach zu bedienen. \u00a0\u00a0<\/p>    <h2 class=\"wp-block-heading\"><strong>Kontaktieren Sie uns noch heute, um Ihr Seifenherstellungsunternehmen zu starten<\/strong><\/h2>    <p class=\"translation-block\">Als <a href=\"https:\/\/tianhuipackingmachine.com\/de\/\">umfassender Maschinenhersteller<\/a> haben unsere Seifenherstellungsmaschinen erfolgreich in mehr als 15 L\u00e4nder und Regionen exportiert, z. B. S\u00fcdafrika, Kenia, Simbabwe, Ghana, Nigeria, Philipinen, \u00c4thiopien, die USA, Neuseeland usw. Wenn Sie Ihr Seifenherstellungsprojekt starten m\u00f6chten, ist es Zeit, uns f\u00fcr hilfreiche Maschinendetails und die aktuelle Preisliste zu kontaktieren.<\/p>","protected":false},"excerpt":{"rendered":"<p>Soap making machine is a great tool used to automate the soap making process. The machine is designed to mix, blend, extrude, and cut of soaps. The soap making machine can be used to manufacture various soap products, such as bar soap, laundry soap, bath soap, toilet soap, and transparent soap. \u00a0 Soap has been [&hellip;]<\/p>\n","protected":false},"author":1,"featured_media":6357,"parent":0,"template":"","tags":[],"product-type":[145],"class_list":["post-6356","product","type-product","status-publish","has-post-thumbnail","hentry","product-type-other-products"],"_links":{"self":[{"href":"https:\/\/tianhuipackingmachine.com\/de\/wp-json\/wp\/v2\/product\/6356","targetHints":{"allow":["GET"]}}],"collection":[{"href":"https:\/\/tianhuipackingmachine.com\/de\/wp-json\/wp\/v2\/product"}],"about":[{"href":"https:\/\/tianhuipackingmachine.com\/de\/wp-json\/wp\/v2\/types\/product"}],"author":[{"embeddable":true,"href":"https:\/\/tianhuipackingmachine.com\/de\/wp-json\/wp\/v2\/users\/1"}],"wp:featuredmedia":[{"embeddable":true,"href":"https:\/\/tianhuipackingmachine.com\/de\/wp-json\/wp\/v2\/media\/6357"}],"wp:attachment":[{"href":"https:\/\/tianhuipackingmachine.com\/de\/wp-json\/wp\/v2\/media?parent=6356"}],"wp:term":[{"taxonomy":"post_tag","embeddable":true,"href":"https:\/\/tianhuipackingmachine.com\/de\/wp-json\/wp\/v2\/tags?post=6356"},{"taxonomy":"product-type","embeddable":true,"href":"https:\/\/tianhuipackingmachine.com\/de\/wp-json\/wp\/v2\/product-type?post=6356"}],"curies":[{"name":"wp","href":"https:\/\/api.w.org\/{rel}","templated":true}]}}