{"id":5923,"date":"2022-06-20T17:25:29","date_gmt":"2022-06-20T09:25:29","guid":{"rendered":"https:\/\/tianhuipackingmachine.com\/?post_type=product&#038;p=5923"},"modified":"2025-05-14T15:45:52","modified_gmt":"2025-05-14T07:45:52","slug":"sunflower-seed-packing-machine","status":"publish","type":"product","link":"https:\/\/tianhuipackingmachine.com\/de\/sunflower-seed-packing-machine\/","title":{"rendered":"Verpackungsmaschine f\u00fcr Sonnenblumenkerne"},"content":{"rendered":"<p class=\"translation-block\">Shuliy <strong>Sonnenblumensamen-Verpackungsmaschine<\/strong> ist eine Art automatische Beutelverpackungsmaschine f\u00fcr Sonnenblumensamen, Gem\u00fcsesamen usw. in Beutel durch automatisches Wiegen, Abf\u00fcllen, Beutelherstellung, Versiegeln und Ausgeben. Sie hat eine Verpackungsgeschwindigkeit von 5-100 Beuteln pro Minute. Das \u00fcbliche Verpackungsgewicht pro Beutel betr\u00e4gt 20g, 50g, 100g, 200g, 250g, 500g, 1kg, 5kg, 10kg usw.<\/p>    <p>Nach dem Verpacken k\u00f6nnen Sonnenblumenkerne ihre Haltbarkeit verl\u00e4ngern und sind einfach zu lagern und zu transportieren. Sie haben auch ein sch\u00f6nes und ordentliches Aussehen, das Verbraucher anziehen kann. Daher wird diese Maschine in der Freizeitnahrungsmittelindustrie h\u00e4ufig eingesetzt.<\/p>    <p>\u00a0Als ein starker Hersteller von Verpackungsmaschinen bieten wir verschiedene Verpackungsmaschinen f\u00fcr Sonnenblumenkerne an, um Ihre spezifischen Produktionsbed\u00fcrfnisse zu erf\u00fcllen. Wenn Sie interessiert sind, kontaktieren Sie uns bitte f\u00fcr eine kostenlose Preisliste.<\/p>   <figure class=\"wp-block-embed-youtube wp-block-embed is-type-video is-provider-youtube wp-embed-aspect-16-9 wp-has-aspect-ratio\"><div class=\"lyte-wrapper\" title=\"Wie man Sonnenblumenkerne verpackt? Granulverpackungsmaschine zu verkaufen zu einem guten Preis #Verpackung\" style=\"width:853px;max-width:100%;margin:5px auto;\"><div class=\"lyMe\" id=\"WYL_029yLx8sBaU\" itemprop=\"video\" itemscope itemtype=\"https:\/\/schema.org\/VideoObject\"><div><meta itemprop=\"thumbnailUrl\" content=\"https:\/\/i.ytimg.com\/vi\/029yLx8sBaU\/hqdefault.jpg\" \/><meta itemprop=\"embedURL\" content=\"https:\/\/www.youtube.com\/embed\/029yLx8sBaU\" \/><meta itemprop=\"duration\" content=\"PT1M53S\" \/><meta itemprop=\"uploadDate\" content=\"2024-03-20T08:50:42Z\" \/><\/div><div id=\"lyte_029yLx8sBaU\" data-src=\"https:\/\/i.ytimg.com\/vi\/029yLx8sBaU\/hqdefault.jpg\" class=\"pL\"><div class=\"tC\"><div class=\"tT\" itemprop=\"name\">Wie man Sonnenblumenkerne verpackt? Granulverpackungsmaschine zu verkaufen zu einem guten Preis #Verpackung<\/div><\/div><div class=\"play\"><\/div><div class=\"ctrl\"><div class=\"Lctrl\"><\/div><div class=\"Rctrl\"><\/div><\/div><\/div><noscript><a href=\"https:\/\/youtu.be\/029yLx8sBaU\" rel=\"nofollow noopener\" target=\"_blank\"><img loading=\"lazy\" decoding=\"async\" src=\"https:\/\/i.ytimg.com\/vi\/029yLx8sBaU\/0.jpg\" alt=\"Wie man Sonnenblumenkerne verpackt? Granulverpackungsmaschine zu verkaufen zu einem guten Preis #Verpackung\" width=\"853\" height=\"460\" \/><\/a><\/noscript><meta itemprop=\"description\" content=\"#granulepackingmachine #packing #packingmachine WhatsApp No.: https:\/\/wa.me\/+8613673689272 WeChat\/Tel No.:+8613673689272 Email: sales@tianhuipackingmachine.com Website: https:\/\/tianhuipackingmachine.com\/sunflower-seed-packing-machine\/ Welcome to our channel! In this video, we showcase our advanced granule packing machine in action, specifically designed for packaging sunflower seeds. Our granule packaging machine offers precise and efficient packaging, ensuring consistent weights and high-quality sealing for each packet of sunflower seeds. With its user-friendly interface and reliable performance, our automatic granule packing machine is the perfect solution for sunflower seed producers looking to streamline their packaging process and enhance productivity. Watch the video to see our machine in operation and discover how it can benefit your packaging needs! WhatsApp No.: https:\/\/wa.me\/+8613673689272 WeChat\/Tel No.:+8613673689272 Email: sales@tianhuipackingmachine.com Website: https:\/\/tianhuipackingmachine.com\/sunflower-seed-packing-machine\/\"><\/div><\/div><div class=\"lL\" style=\"max-width:100%;width:853px;margin:5px auto;\"> <a href=\"https:\/\/youtu.be\/029yLx8sBaU\" target=\"_blank\" rel=\"noopener\">Dieses Video auf YouTube ansehen<\/a>.<\/div><figcaption>Arbeitsvideo der Saatgutverpackungsmaschine<\/figcaption><\/figure>   <h2 class=\"wp-block-heading\" id=\"h-what-is-sunflower-seed-packing-machine\"><strong>3 verschiedene Arten von Verpackungsmaschinen f\u00fcr Sonnenblumenkerne zu verkaufen<\/strong><\/h2>    <p>F\u00fcr die unterschiedlichen Produktionsanforderungen unserer Kunden erforschen und stellen wir 3 verschiedene Arten von Verpackungsmaschinen f\u00fcr Sonnenblumenkerne her. Sie haben unterschiedliche Vorteile und Eigenschaften, um verschiedene Produktionsanforderungen, Verpackungseffizienz und Budgets zu erf\u00fcllen. Werfen Sie einen Blick auf diese Maschinen unten, um die beste f\u00fcr Ihr Projekt auszuw\u00e4hlen.<\/p>    <h3 class=\"wp-block-heading\"><strong>Typ 1: Kleine vertikale Verpackungsmaschine f\u00fcr Sonnenblumenkerne<\/strong><\/h3>    <p class=\"translation-block\">Diese vertikale Abf\u00fcll- und Versiegelungsmaschine f\u00fcr Sonnenblumensamen ist eine vollautomatische Verpackungsmaschine. Sie hat eine geringe Gr\u00f6\u00dfe, einen erschwinglichen Preis und eine gute Leistung. Die <a href=\"https:\/\/tianhuipackingmachine.com\/de\/granule-packing-machine\/\">kleine Granulatverpackungsmaschine<\/a> ist ideal f\u00fcr kleine Produktionsanforderungen. R\u00fcckseitenversiegelung, Drei-Seiten-Versiegelung und Vier-Seiten-Versiegelung sind mit dieser Maschine erh\u00e4ltlich. Sie ist f\u00fcr ein Verpackungsgewicht von 0-600g geeignet.<\/p>    <figure class=\"wp-block-image size-full\"><img loading=\"lazy\" decoding=\"async\" width=\"720\" height=\"540\" src=\"https:\/\/tianhuipackingmachine.com\/wp-content\/uploads\/2022\/06\/small-sunflower-seed-packing-machine.jpg\" alt=\"kleine Verpackungsmaschine f\u00fcr Sonnenblumenkerne\" class=\"wp-image-5926\"\/><figcaption class=\"wp-element-caption\">Kleine Verpackungsmaschine f\u00fcr Sonnenblumenkerne<\/figcaption><\/figure>    <h4 class=\"wp-block-heading\"><strong>Parameter der kleinen vertikalen F\u00fcll- und Verschlie\u00dfmaschine<\/strong><\/h4>    <figure class=\"wp-block-table\"><table><tbody><tr><td>Typ<\/td><td>SL-320<\/td><td>SL-450<\/td><\/tr><tr><td>Taschenstil<\/td><td>Hintere Dichtung\/3-seitige Dichtung\/4-seitige Dichtung<\/td><td>Hintere Dichtung\/3-seitige Dichtung\/4-seitige Dichtung<\/td><\/tr><tr><td>Packgeschwindigkeit<\/td><td>32-72 Beutel\/Min. oder 50-100 Beutel\/Min<\/td><td>20-80 Beutel\/Min<\/td><\/tr><tr><td>Taschenl\u00e4nge<\/td><td>30-180mm<\/td><td>30-180mm<\/td><\/tr><tr><td>Taschenbreite<\/td><td>20\u2013145 mm (ersteres muss ersetzt werden)<\/td><td>20-200mm<\/td><\/tr><tr><td>Energieverbrauch<\/td><td>1,8 kW<\/td><td>1,8 kW<\/td><\/tr><tr><td>Gewicht<\/td><td>250kg<\/td><td>420kg<\/td><\/tr><tr><td>Ma\u00dfe<\/td><td>650*1050*1950mm<\/td><td>750*750*2100mm<\/td><\/tr><\/tbody><\/table><figcaption class=\"wp-element-caption\">Spezifikationen der Granulatverpackungsmaschine f\u00fcr Sonnenblumenkerne<\/figcaption><\/figure>    <h3 class=\"wp-block-heading\"><strong>Typ 2: Super-effiziente Mehrkopf-Waage Verpackungsmaschine<\/strong><\/h3>    <p class=\"translation-block\">Diese Mehrkopfwaagen-Verpackungsmaschine f\u00fcr Sonnenblumensamen ist ebenfalls eine automatische Verpackungsausr\u00fcstung. Sie hat eine super Effizienz und eine hervorragende Leistung. Die <a href=\"https:\/\/tianhuipackingmachine.com\/de\/multi-head-weigher-packing-machine\/\">Mehrkopfwaagen-Verpackungsmaschine<\/a> ist f\u00fcr gro\u00dfe Produktionsanforderungen geeignet. Die Maschine besteht haupts\u00e4chlich aus einem Z-Typ-Aufzug, einer vertikalen Verpackungsmaschine, einer Mehrkopfwaage und einem F\u00f6rderband. Sie ist f\u00fcr 0-6000g Sonnenblumensamen pro Beutel geeignet.<\/p>    <figure class=\"wp-block-image size-full\"><img loading=\"lazy\" decoding=\"async\" width=\"720\" height=\"540\" src=\"https:\/\/tianhuipackingmachine.com\/wp-content\/uploads\/2022\/06\/multi-head-weigher-machine-for-sunflower-seed.jpg\" alt=\"Mehrkopfwaage f\u00fcr Sonnenblumenkerne\" class=\"wp-image-5928\"\/><figcaption class=\"wp-element-caption\">Mehrkopfwaage f\u00fcr Sonnenblumenkerne<\/figcaption><\/figure>    <h4 class=\"wp-block-heading\"><strong>Parameter der Mehrkopf-Waage Verpackungsmaschine f\u00fcr Sonnenblumenkerne<\/strong><\/h4>    <figure class=\"wp-block-table\"><table><tbody><tr><td>Modell<\/td><td>SL-420<\/td><td>SL-520<\/td><td>SL-720<\/td><\/tr><tr><td>Arten von Verpackungsbeuteln<\/td><td>Hintere Dichtung<\/td><td>Hintere Dichtung<\/td><td>Hintere Dichtung<\/td><\/tr><tr><td>Verpackungsgeschwindigkeit<\/td><td>5-30 Beutel\/Min<\/td><td>5-50 Beutel\/Min<\/td><td>5-50 Beutel\/Min<\/td><\/tr><tr><td>Energieverbrauch<\/td><td>220 V, 2,2 kW<\/td><td>220VAC\/50Hz<\/td><td>220 VAC\/50 Hz, 5 kW<\/td><\/tr><tr><td>Abmessungen<\/td><td>(L)1320*(B)950*(H)1360mm<\/td><td>(L)1150*(B)1795*(H)1650mm<\/td><td>(L)1780*(B)1350*(H)1950mm<\/td><\/tr><tr><td>Taschenl\u00e4nge<\/td><td>80-300mm<\/td><td>80-400mm<\/td><td>100\u2013400 mm<\/td><\/tr><tr><td>Taschenbreite<\/td><td>80-200mm<\/td><td>80-250mm<\/td><td>180\u2013350 mm<\/td><\/tr><tr><td>Luftverbrauch<\/td><td>0,65 MPa<\/td><td>0,65 MPa<\/td><td>0,65 MPa<\/td><\/tr><tr><td>Gasverbrauch<\/td><td>0,4 m3\/min<\/td><td>0,4 m3\/min<\/td><td>0,4 m3\/min<\/td><\/tr><\/tbody><\/table><figcaption class=\"wp-element-caption\">Parameter der Mehrkopfwaage der Verpackungsmaschine<\/figcaption><\/figure>    <h3 class=\"wp-block-heading\"><strong>Typ 3: Halbautomatische Abf\u00fcllmaschine f\u00fcr Sonnenblumenkerne<\/strong><\/h3>    <p>Diese Verpackungsmaschine f\u00fcr Sonnenblumenkerne hat die Funktion des F\u00fcllens und Versiegelns und muss mit vorbereiteten Beuteln verwendet werden. Die Verpackungsmaschine f\u00fcr Sonnenblumenkerne eignet sich f\u00fcr die Verpackung von Produkten von 5 kg bis 50 kg. Sie hat eine gute Leistung und hohe Effizienz. Gleichzeitig hat die F\u00fcllmaschine f\u00fcr Sonnenblumenkerne ein g\u00fcnstiges Preis-Leistungs-Verh\u00e4ltnis.<\/p>    <figure class=\"wp-block-image size-full\"><img loading=\"lazy\" decoding=\"async\" width=\"720\" height=\"540\" src=\"https:\/\/tianhuipackingmachine.com\/wp-content\/uploads\/2022\/06\/sunflower-seed-filling-machine.jpg\" alt=\"Abf\u00fcllmaschine f\u00fcr Sonnenblumenkerne\" class=\"wp-image-5929\"\/><figcaption class=\"wp-element-caption\">Sonnenblumenkern-F\u00fcllmaschine<\/figcaption><\/figure>    <h2 class=\"wp-block-heading\"><strong>Warum brauchen Sie eine Verpackungsmaschine f\u00fcr Sonnenblumenkerne?<\/strong><\/h2>    <p>Anders als traditionelle Verpackungsmethoden f\u00fcr Samen ist die automatische Verpackung ein Trend und kann Ihrem Unternehmen erheblich zugutekommen. Eine automatische Verpackungsmaschine f\u00fcr Sonnenblumenkerne hat viele Vorteile.<\/p>    <ol style=\"list-style-type:1\" class=\"wp-block-list\"> <li>Hohe Effizienz. Sie hat eine Verpackungsgeschwindigkeit von 5-100 Beuteln pro Minute, und die Effizienz der Maschine ist 10-mal so hoch wie die eines Menschen.<\/li>    <li>Sparen Sie Ihre Kosten. Mit hoher Effizienz kann es 10 Arbeiter oder mehr ersetzen. Au\u00dferdem kann es mehrere Stunden lang ohne Unterbrechung verpacken. Daher kann es eine Menge Arbeitskosten sparen.<\/li>    <li>Mehr Verbraucher anziehen. Die Maschine kann daf\u00fcr sorgen, dass die Sonnenblumenkerne ein hervorragendes Verpackungsdesign haben, das Ihre Produkte einzigartig und attraktiv macht.<\/li>    <li>Die Lebensdauer von Sonnenblumensamen verl\u00e4ngern. Nach der Verpackung k\u00f6nnen die Samen eine hochdichte Verpackung realisieren, die Luft und Feuchtigkeit effektiv isoliert und die Haltbarkeit von Sonnenblumensamen verl\u00e4ngert.<\/li>    <li>Einfach zu lagern, zu bewegen und zu verkaufen. Die verpackten Produkte sind leicht stapelbar, einfach zu transportieren und gut zu platzieren, was sie f\u00fcr Superm\u00e4rkte, E-Commerce und Gro\u00dfhandelsverk\u00e4ufe in mehreren Szenarien geeignet macht.<\/li> <\/ol>    <figure class=\"wp-block-gallery has-nested-images columns-default is-cropped wp-block-gallery-2 is-layout-flex wp-block-gallery-is-layout-flex\"> <figure class=\"wp-block-image size-large\"><img loading=\"lazy\" decoding=\"async\" width=\"667\" height=\"500\" data-id=\"7265\" src=\"https:\/\/tianhuipackingmachine.com\/wp-content\/uploads\/2024\/11\/granules-packing-machine-667x500.webp\" alt=\"Granulat-Verpackungsmaschine\" class=\"wp-image-7265\" srcset=\"https:\/\/tianhuipackingmachine.com\/wp-content\/uploads\/2024\/11\/granules-packing-machine-667x500.webp 667w, https:\/\/tianhuipackingmachine.com\/wp-content\/uploads\/2024\/11\/granules-packing-machine-480x360.webp 480w, https:\/\/tianhuipackingmachine.com\/wp-content\/uploads\/2024\/11\/granules-packing-machine-16x12.webp 16w, https:\/\/tianhuipackingmachine.com\/wp-content\/uploads\/2024\/11\/granules-packing-machine.webp 720w\" sizes=\"auto, (max-width: 667px) 100vw, 667px\" \/><figcaption class=\"wp-element-caption\">Granulat-Verpackungsmaschine<\/figcaption><\/figure>    <figure class=\"wp-block-image size-large\"><img loading=\"lazy\" decoding=\"async\" width=\"667\" height=\"500\" data-id=\"8650\" src=\"https:\/\/tianhuipackingmachine.com\/wp-content\/uploads\/2025\/03\/Shuliy-automatic-granule-packaging-machine-667x500.webp\" alt=\"Shuliy Automatische Granula -Verpackungsmaschine\" class=\"wp-image-8650\" srcset=\"https:\/\/tianhuipackingmachine.com\/wp-content\/uploads\/2025\/03\/Shuliy-automatic-granule-packaging-machine-667x500.webp 667w, https:\/\/tianhuipackingmachine.com\/wp-content\/uploads\/2025\/03\/Shuliy-automatic-granule-packaging-machine-480x360.webp 480w, https:\/\/tianhuipackingmachine.com\/wp-content\/uploads\/2025\/03\/Shuliy-automatic-granule-packaging-machine-16x12.webp 16w, https:\/\/tianhuipackingmachine.com\/wp-content\/uploads\/2025\/03\/Shuliy-automatic-granule-packaging-machine.webp 720w\" sizes=\"auto, (max-width: 667px) 100vw, 667px\" \/><figcaption class=\"wp-element-caption\">Shuliy Automatische Granula -Verpackungsmaschine<\/figcaption><\/figure> <\/figure>    <h2 class=\"wp-block-heading\"><strong>Geeignete Verpackung f\u00fcr Samenarten und g\u00e4ngige Verpackungsspezifikationen<\/strong><\/h2>    <p class=\"translation-block\"><strong>Geeignete zu verpackende Samen<\/strong><\/p>    <ul class=\"wp-block-list\"> <li>Gesch\u00e4lte Sonnenblumenkerne<\/li>    <li>Sonnenblumenkerne mit Schale<\/li>    <li>Gew\u00fcrzte, gemischte Sonnenblumenkerne<\/li>    <li>Bulk- oder Mehrfachbeutel-Kombinationsverpackung<\/li> <\/ul>    <p class=\"translation-block\"><strong>G\u00e4ngige Samenverpackungsspezifikationen<\/strong><\/p>    <ul class=\"wp-block-list\"> <li><strong>20g \u2013 50g<\/strong>: Supermarkt-Einzelhandel, kleine Paketkombinationen, Probepakete<\/li>    <li><strong>100g \u2013 150g<\/strong>: Convenience-Stores, Superm\u00e4rkte, Einzelverkauf von Beuteln<\/li>    <li><strong>200g \u2013 250g<\/strong>: Familienpackung, g\u00e4ngige Verkaufsanforderungen<\/li>    <li><strong>300g \u2013 500g<\/strong>: Familienpaket, kosteneffiziente Verpackung<\/li>    <li><strong>1kg \u2013 2,5kg<\/strong>Gro\u00dfhandelsm\u00e4rkte, E-Commerce, Lieferung im ganzen Karton<\/li>    <li><strong>Individuell gestaltete Gro\u00dfverpackungen<\/strong>: Industrielle Rohstoffe und OEM-Beschriftung<\/li> <\/ul>    <p>Die Beuteltypen umfassen R\u00fccksiegelbeutel, 3-Seiten-Siegelbeutel, 4-Seiten-Siegelbeutel, Standbeutel mit Rei\u00dfverschluss, Kombinationsbeutel, Vakuumbeutel \/ mit Stickstoff gef\u00fcllte Beutel usw. Unsere Verpackungsmaschine f\u00fcr Sonnenblumenkerne kann Ihnen helfen, die oben genannten Verpackungen zu erreichen.<\/p>    <figure class=\"wp-block-image size-large\"><img loading=\"lazy\" decoding=\"async\" width=\"750\" height=\"187\" src=\"https:\/\/tianhuipackingmachine.com\/wp-content\/uploads\/2022\/06\/applications-of-sunflower-seed-packaging-machine-750x187.webp\" alt=\"Anwendungen der Sonnenblumenkerne Verpackungsmaschine\" class=\"wp-image-8981\" srcset=\"https:\/\/tianhuipackingmachine.com\/wp-content\/uploads\/2022\/06\/applications-of-sunflower-seed-packaging-machine-750x187.webp 750w, https:\/\/tianhuipackingmachine.com\/wp-content\/uploads\/2022\/06\/applications-of-sunflower-seed-packaging-machine-480x119.webp 480w, https:\/\/tianhuipackingmachine.com\/wp-content\/uploads\/2022\/06\/applications-of-sunflower-seed-packaging-machine-768x191.webp 768w, https:\/\/tianhuipackingmachine.com\/wp-content\/uploads\/2022\/06\/applications-of-sunflower-seed-packaging-machine-1536x382.webp 1536w, https:\/\/tianhuipackingmachine.com\/wp-content\/uploads\/2022\/06\/applications-of-sunflower-seed-packaging-machine-2048x510.webp 2048w, https:\/\/tianhuipackingmachine.com\/wp-content\/uploads\/2022\/06\/applications-of-sunflower-seed-packaging-machine-18x4.webp 18w\" sizes=\"auto, (max-width: 750px) 100vw, 750px\" \/><figcaption class=\"wp-element-caption\">Anwendungen der Sonnenblumenkerne Verpackungsmaschine<\/figcaption><\/figure>    <h2 class=\"wp-block-heading\"><strong>Was kostet die Verpackungsmaschine f\u00fcr Sonnenblumenkerne?<\/strong><\/h2>    <p>Um ehrlich zu sein, wird der Preis f\u00fcr die Z\u00e4hl- und Verpackungsmaschine f\u00fcr Sonnenblumenkerne von vielen Faktoren beeinflusst, wie z.B. Maschinenmodelle, Materialien, Motorenmarken und sogar internationalen Wechselkursen. Die von uns angebotene Verpackungsmaschine f\u00fcr Sonnenblumenkerne hat jedoch eine gute Qualit\u00e4t und einen wettbewerbsf\u00e4higen Preis. Kontaktieren Sie uns gerne f\u00fcr eine kostenlose Preisliste f\u00fcr die Verpackungsmaschine f\u00fcr Sonnenblumenkerne.<\/p>    <h2 class=\"wp-block-heading\"><strong>Wie w\u00e4hlt man die richtige Verpackungsmaschine f\u00fcr Sonnenblumenkerne aus?<\/strong><\/h2>    <p>Wenn Sie ein Unternehmen f\u00fcr die Verpackung von Sonnenblumensamenmaschinen gr\u00fcnden m\u00f6chten, m\u00fcssen Sie die richtige und zuverl\u00e4ssige Maschine ausw\u00e4hlen, um von Ihrem Projekt zu profitieren. Hier sind 3 Tipps zu Ihrer Orientierung:<\/p>    <ol class=\"wp-block-list\"> <li>Beutelh\u00f6he. Verschiedene Beutelh\u00f6hen erfordern unterschiedliche Verpackungsmaschinen. Wenn beispielsweise die Beutell\u00e4nge 30-100 mm und die Beutelh\u00f6he 25-80 mm betr\u00e4gt, ist es ideal, eine kleine Saatgutverpackungsmaschine auszuw\u00e4hlen.<\/li>    <li>Produktionsanforderungen. Wenn Sie ein gro\u00dfes Projekt mit hoher Produktionsnachfrage haben, ist eine Saatgut-Multihead-Waage-Verpackungsmaschine f\u00fcr Sie geeignet.<\/li>    <li>Budget. Verschiedene Verpackungsmaschinen haben unterschiedliche Kosten.<\/li> <\/ol>    <div class=\"wp-block-columns is-layout-flex wp-container-core-columns-is-layout-28f84493 wp-block-columns-is-layout-flex\"> <div class=\"wp-block-column is-layout-flow wp-block-column-is-layout-flow\"> <figure class=\"wp-block-image size-large\"><img loading=\"lazy\" decoding=\"async\" width=\"750\" height=\"500\" src=\"https:\/\/tianhuipackingmachine.com\/wp-content\/uploads\/2021\/12\/lots-of-customers-from-different-countries-750x500.jpg\" alt=\"viele Kunden aus verschiedenen L\u00e4ndern\" class=\"wp-image-4727\" srcset=\"https:\/\/tianhuipackingmachine.com\/wp-content\/uploads\/2021\/12\/lots-of-customers-from-different-countries.jpg 750w, https:\/\/tianhuipackingmachine.com\/wp-content\/uploads\/2021\/12\/lots-of-customers-from-different-countries-480x320.jpg 480w\" sizes=\"auto, (max-width: 750px) 100vw, 750px\" \/><figcaption class=\"wp-element-caption\">Viele Kunden aus verschiedenen L\u00e4ndern<\/figcaption><\/figure> <\/div> <\/div>    <p class=\"translation-block\">Als professioneller Hersteller und Lieferant von automatischen Samenverpackungsmaschinen verf\u00fcgen wir \u00fcber reiche Verpackungserfahrung, hochkosteneffiziente Maschinen, komplette L\u00f6sungen, Anpassungsm\u00f6glichkeiten und perfekten After-Sales-Service. Wenn Sie nach einer hocheffizienten, genauen und automatischen Verpackungsmaschine f\u00fcr <a href=\"https:\/\/en.wikipedia.org\/wiki\/Sunflower_seed\" target=\"_blank\" rel=\"noopener\">Sonnenblumensamen<\/a> suchen, hinterlassen Sie uns gerne eine Nachricht oder kontaktieren Sie uns f\u00fcr weitere Informationen.<\/p>","protected":false},"excerpt":{"rendered":"<p>Die Sonnenblumenkerne Verpackungsmaschine ist eine automatische Beutelverpackung f\u00fcr Sonnenblumenkerne, Gem\u00fcsesamen usw., in Beutel, durch automatisches Wiegen, F\u00fcllen, Beutelherstellung, Versiegelung und Ausgeben. <\/p>","protected":false},"author":1,"featured_media":5926,"parent":0,"template":"","tags":[166,234,233],"product-type":[136],"class_list":["post-5923","product","type-product","status-publish","has-post-thumbnail","hentry","tag-granule","tag-seeds","tag-sunflower-seeds","product-type-granule-packing-machines"],"_links":{"self":[{"href":"https:\/\/tianhuipackingmachine.com\/de\/wp-json\/wp\/v2\/product\/5923","targetHints":{"allow":["GET"]}}],"collection":[{"href":"https:\/\/tianhuipackingmachine.com\/de\/wp-json\/wp\/v2\/product"}],"about":[{"href":"https:\/\/tianhuipackingmachine.com\/de\/wp-json\/wp\/v2\/types\/product"}],"author":[{"embeddable":true,"href":"https:\/\/tianhuipackingmachine.com\/de\/wp-json\/wp\/v2\/users\/1"}],"wp:featuredmedia":[{"embeddable":true,"href":"https:\/\/tianhuipackingmachine.com\/de\/wp-json\/wp\/v2\/media\/5926"}],"wp:attachment":[{"href":"https:\/\/tianhuipackingmachine.com\/de\/wp-json\/wp\/v2\/media?parent=5923"}],"wp:term":[{"taxonomy":"post_tag","embeddable":true,"href":"https:\/\/tianhuipackingmachine.com\/de\/wp-json\/wp\/v2\/tags?post=5923"},{"taxonomy":"product-type","embeddable":true,"href":"https:\/\/tianhuipackingmachine.com\/de\/wp-json\/wp\/v2\/product-type?post=5923"}],"curies":[{"name":"wp","href":"https:\/\/api.w.org\/{rel}","templated":true}]}}