{"id":5705,"date":"2022-04-20T11:27:19","date_gmt":"2022-04-20T03:27:19","guid":{"rendered":"https:\/\/tianhuipackingmachine.com\/?post_type=product&#038;p=5705"},"modified":"2025-05-13T15:11:42","modified_gmt":"2025-05-13T07:11:42","slug":"snacks-packing-machine","status":"publish","type":"product","link":"https:\/\/tianhuipackingmachine.com\/de\/snacks-packing-machine\/","title":{"rendered":"Snack-Verpackungsmaschine"},"content":{"rendered":"<p class=\"translation-block\">Shuliy <strong>Snack-Verpackungsmaschinen<\/strong> werden h\u00e4ufig f\u00fcr die quantitative Verpackung verschiedener Puff-Snacks, N\u00fcsse, S\u00fc\u00dfigkeiten, Trockenfr\u00fcchte, Kekse, Reiskuchen, Popcorn, kleine Nudeln und andere Snackprodukte eingesetzt. Sie haben eine Verpackungsgeschwindigkeit von 5-80 Beuteln pro Minute und ein Verpackungsgewicht von 0-6000 g pro Beutel. <\/p>    <p>Egal ob es sich um granulierte, fl\u00e4chige oder klumpige Materialien handelt, es kann eine genaue W\u00e4gung, automatische Verpackung und eine sch\u00f6ne Versiegelung realisieren. Diese Verpackungsmaschine erf\u00fcllt die vielf\u00e4ltigen Bed\u00fcrfnisse von kleinen und mittelst\u00e4ndischen Lebensmittelverarbeitungsunternehmen, Snackmarken und Fabriken. Wenn Sie interessiert sind, kontaktieren Sie uns bitte f\u00fcr weitere Details!<\/p>   <figure class=\"wp-block-embed-youtube wp-block-embed is-type-video is-provider-youtube wp-embed-aspect-16-9 wp-has-aspect-ratio\"><div class=\"lyte-wrapper\" title=\"Multi-Head-Waage Verpackungsmaschine f\u00fcr effizientes Snackverpacken | Shuliy Verpackungsmaschine\" style=\"width:853px;max-width:100%;margin:5px auto;\"><div class=\"lyMe\" id=\"WYL_-8sideZWr70\" itemprop=\"video\" itemscope itemtype=\"https:\/\/schema.org\/VideoObject\"><div><meta itemprop=\"thumbnailUrl\" content=\"https:\/\/i.ytimg.com\/vi\/-8sideZWr70\/hqdefault.jpg\" \/><meta itemprop=\"embedURL\" content=\"https:\/\/www.youtube.com\/embed\/-8sideZWr70\" \/><meta itemprop=\"duration\" content=\"PT1M4S\" \/><meta itemprop=\"uploadDate\" content=\"2024-10-16T07:34:44Z\" \/><\/div><div id=\"lyte_-8sideZWr70\" data-src=\"https:\/\/i.ytimg.com\/vi\/-8sideZWr70\/hqdefault.jpg\" class=\"pL\"><div class=\"tC\"><div class=\"tT\" itemprop=\"name\">Multi-Head-Waage Verpackungsmaschine f\u00fcr effizientes Snackverpacken | Shuliy Verpackungsmaschine<\/div><\/div><div class=\"play\"><\/div><div class=\"ctrl\"><div class=\"Lctrl\"><\/div><div class=\"Rctrl\"><\/div><\/div><\/div><noscript><a href=\"https:\/\/youtu.be\/-8sideZWr70\" rel=\"nofollow noopener\" target=\"_blank\"><img loading=\"lazy\" decoding=\"async\" src=\"https:\/\/i.ytimg.com\/vi\/-8sideZWr70\/0.jpg\" alt=\"Multi-Head-Waage Verpackungsmaschine f\u00fcr effizientes Snackverpacken | Shuliy Verpackungsmaschine\" width=\"853\" height=\"460\" \/><\/a><\/noscript><meta itemprop=\"description\" content=\"#snacks #snackpack #packingmachine #packagingsolution #foodpackagingmachine WhatsApp No.: https:\/\/wa.me\/+8613673689272 WeChat\/Tel No.:+8613673689272 Email: sales@tianhuipackingmachine.com Website: https:\/\/tianhuipackingmachine.com\/multi-head-weigher-packing-machine\/ In this video, the Shuliy Multihead Scale Wrapper demonstrates how quickly and accurately snacks can be packaged. The machine is able to automatically weigh different weights of snacks and package them efficiently, ensuring consistent product quality and appearance. Suitable for a variety of snack product packaging needs, this multihead scale packaging machine helps food companies improve productivity and save labor costs. Watch the video to see this packaging machine in action and in action! WhatsApp No.: https:\/\/wa.me\/+8613673689272 WeChat\/Tel No.:+8613673689272 Email: sales@tianhuipackingmachine.com Website: https:\/\/tianhuipackingmachine.com\/multi-head-weigher-packing-machine\/\"><\/div><\/div><div class=\"lL\" style=\"max-width:100%;width:853px;margin:5px auto;\"> <a href=\"https:\/\/youtu.be\/-8sideZWr70\" target=\"_blank\" rel=\"noopener\">Dieses Video auf YouTube ansehen<\/a>.<\/div><figcaption>Arbeitsvideo der Snackverpackungsmaschine<\/figcaption><\/figure>   <h2 class=\"wp-block-heading\" id=\"h-various-types-of-snacks-packing-machine-for-sale\"><strong>Verschiedene Arten von Snackverpackungsmaschinen zu verkaufen<\/strong><\/h2>    <p>Shuliy Machinery hat ein hochprofessionelles Personal, das seit fast 30 Jahren mit der Herstellung von Verpackungsmaschinen besch\u00e4ftigt ist. F\u00fcr die Snackverpackungsmaschine bieten wir:<\/p>    <ul class=\"wp-block-list\"> <li>VFFS Granulatverpackungsmaschine (SL-320, SL-450 und SL-420)<\/li>    <li>Multikopfwaage Klappenverpackungsmaschine (SL-420, SL-520 und SL-720)<\/li>    <li>Kissenverpackungsmaschine (SL-250, SL-350, SL-450 und SL-600)<\/li>    <li>Vakuumverpackungsmaschine (Ein-Kammer-Vakuumierer und Zwei-Kammer-Vakuumierer)<\/li> <\/ul>    <p>Die ersten 2 Arten von Snackverpackungsmaschinen werden hier haupts\u00e4chlich zu Ihrer Referenz vorgestellt.<\/p>    <h3 class=\"wp-block-heading\"><strong>Typ 1: Rotationsbeutel Snackverpackungsmaschine<\/strong><\/h3>    <div class=\"wp-block-columns is-layout-flex wp-container-core-columns-is-layout-28f84493 wp-block-columns-is-layout-flex\"> <div class=\"wp-block-column is-layout-flow wp-block-column-is-layout-flow\"> <figure class=\"wp-block-image size-large\"><img loading=\"lazy\" decoding=\"async\" width=\"750\" height=\"500\" src=\"https:\/\/tianhuipackingmachine.com\/wp-content\/uploads\/2021\/12\/vertical-snacks-granule-packaging-machine-750x500.jpg\" alt=\"Vertikale Snack-Granulat-Verpackungsmaschine\" class=\"wp-image-4534\" srcset=\"https:\/\/tianhuipackingmachine.com\/wp-content\/uploads\/2021\/12\/vertical-snacks-granule-packaging-machine.jpg 750w, https:\/\/tianhuipackingmachine.com\/wp-content\/uploads\/2021\/12\/vertical-snacks-granule-packaging-machine-480x320.jpg 480w\" sizes=\"auto, (max-width: 750px) 100vw, 750px\" \/><figcaption class=\"wp-element-caption\">Vertikale Snack-Granulat-Verpackungsmaschine<\/figcaption><\/figure> <\/div>    <div class=\"wp-block-column is-vertically-aligned-center is-layout-flow wp-block-column-is-layout-flow\"> <ul class=\"wp-block-list\"> <li>Modell: SL-450<\/li>    <li>Verpackungsbeutelstil: R\u00fccksiegelung\/3-Seiten-Siegelung<\/li>    <li>Verpackungsgeschwindigkeit: 20-80 Beutel\/Min<\/li>    <li>Verpackungsgewicht: \u2264600g<\/li>    <li>Beutelbreite: 20\u2013200 mm<\/li>    <li>Beutell\u00e4nge: 30-180mm, einstellbar<\/li>    <li>Stromverbrauch: 2,2 kW<\/li>    <li>Gewicht: 420kg<\/li>    <li>Abmessungen: 750*750*21000mm<\/li> <\/ul> <\/div> <\/div>    <figure class=\"wp-block-gallery has-nested-images columns-4 is-cropped wp-block-gallery-2 is-layout-flex wp-block-gallery-is-layout-flex\"> <figure class=\"wp-block-image size-large\"><img loading=\"lazy\" decoding=\"async\" width=\"750\" height=\"500\" data-id=\"4508\" src=\"https:\/\/tianhuipackingmachine.com\/wp-content\/uploads\/2021\/12\/bag-maker-750x500.jpg\" alt=\"Taschenmacher\" class=\"wp-image-4508\" srcset=\"https:\/\/tianhuipackingmachine.com\/wp-content\/uploads\/2021\/12\/bag-maker.jpg 750w, https:\/\/tianhuipackingmachine.com\/wp-content\/uploads\/2021\/12\/bag-maker-480x320.jpg 480w\" sizes=\"auto, (max-width: 750px) 100vw, 750px\" \/><figcaption class=\"wp-element-caption\">Taschenmacher<\/figcaption><\/figure>    <figure class=\"wp-block-image size-large\"><img loading=\"lazy\" decoding=\"async\" width=\"750\" height=\"500\" data-id=\"4513\" src=\"https:\/\/tianhuipackingmachine.com\/wp-content\/uploads\/2021\/12\/turntable-with-measuring-cups-750x500.jpg\" alt=\"Drehteller mit Messbechern\" class=\"wp-image-4513\" srcset=\"https:\/\/tianhuipackingmachine.com\/wp-content\/uploads\/2021\/12\/turntable-with-measuring-cups.jpg 750w, https:\/\/tianhuipackingmachine.com\/wp-content\/uploads\/2021\/12\/turntable-with-measuring-cups-480x320.jpg 480w\" sizes=\"auto, (max-width: 750px) 100vw, 750px\" \/><figcaption class=\"wp-element-caption\">Plattenspieler mit Messbechern<\/figcaption><\/figure>    <figure class=\"wp-block-image size-large\"><img loading=\"lazy\" decoding=\"async\" width=\"750\" height=\"500\" data-id=\"4516\" src=\"https:\/\/tianhuipackingmachine.com\/wp-content\/uploads\/2021\/12\/vertical-sealing-end-sealing-and-cutting-device-750x500.jpg\" alt=\"Vertikale Siegel- und Endensiegel- und Schneidvorrichtung\" class=\"wp-image-4516\" srcset=\"https:\/\/tianhuipackingmachine.com\/wp-content\/uploads\/2021\/12\/vertical-sealing-end-sealing-and-cutting-device.jpg 750w, https:\/\/tianhuipackingmachine.com\/wp-content\/uploads\/2021\/12\/vertical-sealing-end-sealing-and-cutting-device-480x320.jpg 480w\" sizes=\"auto, (max-width: 750px) 100vw, 750px\" \/><figcaption class=\"wp-element-caption\">Vertikale Versiegelung &amp;Amp; Vorrichtung zum Versiegeln und Schneiden von Enden<\/figcaption><\/figure>    <figure class=\"wp-block-image size-large\"><img loading=\"lazy\" decoding=\"async\" width=\"750\" height=\"500\" data-id=\"4511\" src=\"https:\/\/tianhuipackingmachine.com\/wp-content\/uploads\/2021\/12\/ribbon-coding-printer-750x500.jpg\" alt=\"Farbbandcodierungsdrucker\" class=\"wp-image-4511\" srcset=\"https:\/\/tianhuipackingmachine.com\/wp-content\/uploads\/2021\/12\/ribbon-coding-printer.jpg 750w, https:\/\/tianhuipackingmachine.com\/wp-content\/uploads\/2021\/12\/ribbon-coding-printer-480x320.jpg 480w\" sizes=\"auto, (max-width: 750px) 100vw, 750px\" \/><figcaption class=\"wp-element-caption\">Farbband-Codierungsdrucker<\/figcaption><\/figure> <\/figure>    <p class=\"translation-block\"><strong>Becherketten-Verpackungsmaschine f\u00fcr Lebensmittelprodukte<\/strong><\/p>    <div class=\"wp-block-columns is-layout-flex wp-container-core-columns-is-layout-28f84493 wp-block-columns-is-layout-flex\"> <div class=\"wp-block-column is-layout-flow wp-block-column-is-layout-flow\"> <figure class=\"wp-block-image size-large\"><img loading=\"lazy\" decoding=\"async\" width=\"750\" height=\"500\" src=\"https:\/\/tianhuipackingmachine.com\/wp-content\/uploads\/2021\/12\/chain-bucket-packing-machine-for-snacks-750x500.jpg\" alt=\"Ketteneimer-Verpackungsmaschine f\u00fcr Snacks\" class=\"wp-image-4527\" srcset=\"https:\/\/tianhuipackingmachine.com\/wp-content\/uploads\/2021\/12\/chain-bucket-packing-machine-for-snacks.jpg 750w, https:\/\/tianhuipackingmachine.com\/wp-content\/uploads\/2021\/12\/chain-bucket-packing-machine-for-snacks-480x320.jpg 480w\" sizes=\"auto, (max-width: 750px) 100vw, 750px\" \/><figcaption class=\"wp-element-caption\">Ketteneimer-Verpackungsmaschine f\u00fcr Snacks<\/figcaption><\/figure> <\/div>    <div class=\"wp-block-column is-vertically-aligned-center is-layout-flow wp-block-column-is-layout-flow\"> <ul class=\"wp-block-list\"> <li>Modell: SL-420<\/li>    <li>Verpackungsbeutelstil: R\u00fccksiegelung\/3-Seiten-Siegel\/4-Seiten-Siegel<\/li>    <li>Verpackungsgeschwindigkeit: 30-60 Beutel\/Min<\/li>    <li>Verpackungsgewicht: 100-1000g<\/li>    <li>Beutell\u00e4nge: 30\u2013280 mm<\/li>    <li>Stromverbrauch: 2,2 kW<\/li>    <li>Gewicht: 400 kg<\/li>    <li>Abmessungen: 870*1350*1850mm<\/li> <\/ul> <\/div> <\/div>    <h3 class=\"wp-block-heading\"><strong>Typ 2: Snackverpackungsmaschine mit Mehrkopfwaage<\/strong><\/h3>    <div class=\"wp-block-columns is-layout-flex wp-container-core-columns-is-layout-28f84493 wp-block-columns-is-layout-flex\"> <div class=\"wp-block-column is-layout-flow wp-block-column-is-layout-flow\"> <figure class=\"wp-block-image size-large\"><img loading=\"lazy\" decoding=\"async\" width=\"750\" height=\"500\" src=\"https:\/\/tianhuipackingmachine.com\/wp-content\/uploads\/2021\/12\/multi-head-combination-weigher-packing-equipment-750x500.jpg\" alt=\"Verpackungsausr\u00fcstung mit Mehrkopf-Kombinationswaage\" class=\"wp-image-4528\" srcset=\"https:\/\/tianhuipackingmachine.com\/wp-content\/uploads\/2021\/12\/multi-head-combination-weigher-packing-equipment.jpg 750w, https:\/\/tianhuipackingmachine.com\/wp-content\/uploads\/2021\/12\/multi-head-combination-weigher-packing-equipment-480x320.jpg 480w\" sizes=\"auto, (max-width: 750px) 100vw, 750px\" \/><figcaption class=\"wp-element-caption\">Verpackungsausr\u00fcstung mit Mehrkopf-Kombinationswaage<\/figcaption><\/figure> <\/div>    <div class=\"wp-block-column is-vertically-aligned-center is-layout-flow wp-block-column-is-layout-flow\"> <p>Hier sind die Parameter der SL-520 Kragenverpackungsmaschine zu Ihrer Information.<\/p>    <ul class=\"wp-block-list\"> <li>Modell: SL-520<\/li>    <li>Verpackungsgeschwindigkeit: 5-50 Beutel\/min<\/li>    <li>Messbereich: Max. 3000ml<\/li>    <li>Beutell\u00e4nge: 80\u2013400 mm<\/li>    <li>Beutelbreite: 80\u2013250 mm<\/li>    <li>Leistung: 4 kW<\/li>    <li>Gewicht: 600kg<\/li>    <li>Abmessungen: 1150*1795*1650mm<\/li> <\/ul> <\/div> <\/div>    <figure class=\"wp-block-gallery has-nested-images columns-default is-cropped wp-block-gallery-3 is-layout-flex wp-block-gallery-is-layout-flex\"> <figure class=\"wp-block-image size-large\"><img loading=\"lazy\" decoding=\"async\" width=\"600\" height=\"450\" data-id=\"4362\" src=\"https:\/\/tianhuipackingmachine.com\/wp-content\/uploads\/2021\/12\/ten-head-weighing-feeding-system.jpg\" alt=\"Wiege- und Zuf\u00fchrsystem mit zehn K\u00f6pfen\" class=\"wp-image-4362\" srcset=\"https:\/\/tianhuipackingmachine.com\/wp-content\/uploads\/2021\/12\/ten-head-weighing-feeding-system.jpg 600w, https:\/\/tianhuipackingmachine.com\/wp-content\/uploads\/2021\/12\/ten-head-weighing-feeding-system-480x360.jpg 480w\" sizes=\"auto, (max-width: 600px) 100vw, 600px\" \/><figcaption class=\"wp-element-caption\">Zehnkopfwaage &amp;Amp; F\u00fctterungssystem<\/figcaption><\/figure>    <figure class=\"wp-block-image size-large\"><img loading=\"lazy\" decoding=\"async\" width=\"600\" height=\"450\" data-id=\"4364\" src=\"https:\/\/tianhuipackingmachine.com\/wp-content\/uploads\/2021\/12\/feeding-material-system.jpg\" alt=\"Materialzufuhrsystem\" class=\"wp-image-4364\" srcset=\"https:\/\/tianhuipackingmachine.com\/wp-content\/uploads\/2021\/12\/feeding-material-system.jpg 600w, https:\/\/tianhuipackingmachine.com\/wp-content\/uploads\/2021\/12\/feeding-material-system-480x360.jpg 480w\" sizes=\"auto, (max-width: 600px) 100vw, 600px\" \/><figcaption class=\"wp-element-caption\">Materialzuf\u00fchrungssystem<\/figcaption><\/figure>    <figure class=\"wp-block-image size-large\"><img loading=\"lazy\" decoding=\"async\" width=\"600\" height=\"450\" data-id=\"4366\" src=\"https:\/\/tianhuipackingmachine.com\/wp-content\/uploads\/2021\/12\/packaging-system-by-pneumatic-drive.jpg\" alt=\"Verpackungssystem durch pneumatischen Antrieb\" class=\"wp-image-4366\" srcset=\"https:\/\/tianhuipackingmachine.com\/wp-content\/uploads\/2021\/12\/packaging-system-by-pneumatic-drive.jpg 600w, https:\/\/tianhuipackingmachine.com\/wp-content\/uploads\/2021\/12\/packaging-system-by-pneumatic-drive-480x360.jpg 480w\" sizes=\"auto, (max-width: 600px) 100vw, 600px\" \/><figcaption class=\"wp-element-caption\">Verpackungssystem durch pneumatischen Antrieb<\/figcaption><\/figure> <\/figure>    <h2 class=\"wp-block-heading\" id=\"h-features-of-top-snacks-packing-machine\"><strong>Merkmale der Shuliy Snackverpackungsmaschine<\/strong><\/h2>    <ul class=\"wp-block-list\"> <li>Hoher Automatisierungsgrad <ul class=\"wp-block-list\"> <li>Unterst\u00fctzt elektronische Mehrkopfwaage, Servosystem und PLC-Touch-Bedienung. Eine Person kann es einfach bedienen, was die Arbeitskosten erheblich senkt.<\/li> <\/ul> <\/li>    <li>Schnelle Verpackungsgeschwindigkeit und hohe Pr\u00e4zision <ul class=\"wp-block-list\"> <li>Eine Vielzahl von Modellen von Snackriegelverpackungsmaschinen kann ausgew\u00e4hlt werden. Die Verpackungsgeschwindigkeit betr\u00e4gt bis zu 5-80 Beutel\/Minute, mit einer Gewichtstoleranzkontrolle innerhalb von \u00b1 1 Gramm, was den Schutz der Qualit\u00e4t effektiv gew\u00e4hrleistet.<\/li> <\/ul> <\/li>    <li>Optionale Funktionen <ul class=\"wp-block-list\"> <li>Unterst\u00fctzt Stickstoffkonservierung, Codierung, leicht zu rei\u00dfende \u00d6ffnung, Aufh\u00e4nge\u00f6ffnungen, kontinuierliches Schneiden von Beuteln und andere zus\u00e4tzliche Funktionen, um den vielf\u00e4ltigen Anforderungen der Markenverpackung gerecht zu werden.<\/li> <\/ul> <\/li>    <li>Anpassbare Gesamtl\u00f6sung <ul class=\"wp-block-list\"> <li>Shuliy unterst\u00fctzt die Anpassung der gesamten Snackverpackungslinie f\u00fcr Kunden, einschlie\u00dflich Ladeger\u00e4t, Waage, vertikal\/<a href=\"https:\/\/tianhuipackingmachine.com\/de\/pillow-packing-machine\/\">Kissenverpackungsmaschine<\/a>, F\u00f6rderband f\u00fcr Fertigprodukte, Versiegelung und Codierung usw., um unterschiedlichen Kapazit\u00e4ten und Werkstattlayouts gerecht zu werden.<\/li> <\/ul> <\/li> <\/ul>    <figure class=\"wp-block-gallery has-nested-images columns-default is-cropped wp-block-gallery-4 is-layout-flex wp-block-gallery-is-layout-flex\"> <figure class=\"wp-block-image size-large\"><img loading=\"lazy\" decoding=\"async\" width=\"750\" height=\"500\" data-id=\"4515\" src=\"https:\/\/tianhuipackingmachine.com\/wp-content\/uploads\/2021\/12\/vertical-granule-packing-machine-in-factory-750x500.jpg\" alt=\"Vertikale Granulatverpackungsmaschine im Werk\" class=\"wp-image-4515\" srcset=\"https:\/\/tianhuipackingmachine.com\/wp-content\/uploads\/2021\/12\/vertical-granule-packing-machine-in-factory.jpg 750w, https:\/\/tianhuipackingmachine.com\/wp-content\/uploads\/2021\/12\/vertical-granule-packing-machine-in-factory-480x320.jpg 480w\" sizes=\"auto, (max-width: 750px) 100vw, 750px\" \/><figcaption class=\"wp-element-caption\">Vertikale Granulatverpackungsmaschine im Werk<\/figcaption><\/figure>    <figure class=\"wp-block-image size-large\"><img loading=\"lazy\" decoding=\"async\" width=\"750\" height=\"500\" data-id=\"4514\" src=\"https:\/\/tianhuipackingmachine.com\/wp-content\/uploads\/2021\/12\/vertical-granule-packaging-equipment-in-factory-750x500.jpg\" alt=\"Vertikale Granulatverpackungsanlage im Werk\" class=\"wp-image-4514\" srcset=\"https:\/\/tianhuipackingmachine.com\/wp-content\/uploads\/2021\/12\/vertical-granule-packaging-equipment-in-factory.jpg 750w, https:\/\/tianhuipackingmachine.com\/wp-content\/uploads\/2021\/12\/vertical-granule-packaging-equipment-in-factory-480x320.jpg 480w\" sizes=\"auto, (max-width: 750px) 100vw, 750px\" \/><figcaption class=\"wp-element-caption\">Vertikale Granulatverpackungsausr\u00fcstung in der Fabrik<\/figcaption><\/figure> <\/figure>    <h2 class=\"wp-block-heading\" id=\"h-applications-of-snacks-packing-equipment\"><strong>Anwendungen der Snackverpackungsmaschine<\/strong><\/h2>    <p>Unsere Snackverpackungsmaschine hat ein breites Anwendungsspektrum, das wie folgt beschrieben wird:<\/p>    <ul class=\"wp-block-list\"> <li>K\u00f6rnige Snacks <ul class=\"wp-block-list\"> <li>Erdn\u00fcsse, Melonensamen, breite Bohnen, Popcorn, Haferflocken, Reiskrusten, Kaffeebohnen, Kristallzucker, rote Datteln, Nimko Garri, Pflaumenkonfekt usw.<\/li> <\/ul> <\/li>    <li>St\u00fcckige oder regul\u00e4r geformte Snacks <ul class=\"wp-block-list\"> <li>Brot, Schweizer Rolle, Mondkuchen, Schokolade, Kekse, <a href=\"https:\/\/en.wikipedia.org\/wiki\/Pastry\" target=\"_blank\" rel=\"noopener\">Geb\u00e4ck<\/a>, usw.<\/li> <\/ul> <\/li>    <li>Aufgeblasene Snacks <ul class=\"wp-block-list\"> <li>Aufgeblasene Chips, Cornflakes, Trockenfr\u00fcchte usw.<\/li> <\/ul> <\/li> <\/ul>    <p>Die Verpackungsbeutelstile k\u00f6nnen Kissenbeutel, Kissenbeutel mit Loch, Kissenbeutel mit Schlitz, Dreiseitenversiegelung, Vierseitenversiegelung, Stickbeutel, Pyramidensack, Zwickelbeutel, Kettenbeutel usw. sein.\u00a0<\/p>    <figure class=\"wp-block-gallery has-nested-images columns-default is-cropped wp-block-gallery-5 is-layout-flex wp-block-gallery-is-layout-flex\"> <figure class=\"wp-block-image size-large\"><img loading=\"lazy\" decoding=\"async\" width=\"750\" height=\"500\" data-id=\"4530\" src=\"https:\/\/tianhuipackingmachine.com\/wp-content\/uploads\/2021\/12\/small-snacks-packaging-pouches-display-750x500.jpg\" alt=\"Kleine Verpackungsbeutel f\u00fcr Snacks\" class=\"wp-image-4530\" srcset=\"https:\/\/tianhuipackingmachine.com\/wp-content\/uploads\/2021\/12\/small-snacks-packaging-pouches-display.jpg 750w, https:\/\/tianhuipackingmachine.com\/wp-content\/uploads\/2021\/12\/small-snacks-packaging-pouches-display-480x320.jpg 480w\" sizes=\"auto, (max-width: 750px) 100vw, 750px\" \/><figcaption class=\"wp-element-caption\">Display f\u00fcr kleine Snack-Verpackungsbeutel<\/figcaption><\/figure>    <figure class=\"wp-block-image size-large\"><img loading=\"lazy\" decoding=\"async\" width=\"750\" height=\"500\" data-id=\"4529\" src=\"https:\/\/tianhuipackingmachine.com\/wp-content\/uploads\/2021\/12\/packaged-puffed-food-with-nitrigen-filling-750x500.jpg\" alt=\"verpacktes Pufffutter mit Stickstofff\u00fcllung\" class=\"wp-image-4529\" srcset=\"https:\/\/tianhuipackingmachine.com\/wp-content\/uploads\/2021\/12\/packaged-puffed-food-with-nitrigen-filling.jpg 750w, https:\/\/tianhuipackingmachine.com\/wp-content\/uploads\/2021\/12\/packaged-puffed-food-with-nitrigen-filling-480x320.jpg 480w\" sizes=\"auto, (max-width: 750px) 100vw, 750px\" \/><figcaption class=\"wp-element-caption\">Verpackte Puffnahrung mit Stickstofff\u00fcllung<\/figcaption><\/figure> <\/figure>    <h2 class=\"wp-block-heading\" id=\"h-snacks-packing-machine-price\"><strong>Was kostet die Snack-Verpackungsmaschine?<\/strong><\/h2>    <p>Der Preis unserer Snack-Verpackungsmaschine variiert je nach Verpackungsart, Konfigurationsmerkmalen, Automatisierungsgrad und anderen Faktoren. Der Preis einer Snack-Beutelverpackungsmaschine reicht von einigen Tausend bis zu Zehntausenden von Dollar, der Schl\u00fcssel liegt in den tats\u00e4chlichen Verpackungsbed\u00fcrfnissen und Produktionsanforderungen des Kunden. Kontaktieren Sie uns gerne f\u00fcr professionelle Auswahlberatung und aktuelle Angebote.<\/p>    <h2 class=\"wp-block-heading\" id=\"h-why-choose-us-as-your-top-packing-machine-supplier\"><strong>Warum Shuliy als Ihren Lieferanten f\u00fcr Snack-Verpackungsmaschinen w\u00e4hlen?<\/strong><\/h2>    <p>Als professioneller Hersteller und Lieferant von Snack-Verpackungsmaschinen haben wir ein professionelles Team mit umfangreicher Erfahrung und konzentrieren uns seit langem auf die Forschung und Entwicklung sowie die Herstellung von Verpackungsmaschinen. Unsere Produkte werden aufgrund hervorragender Qualit\u00e4t, fortschrittlicher Technologie, angemessener Preise und aufmerksamen Services weltweit exportiert.<\/p>    <p>Alle Maschinen durchlaufen vor dem Versand eine strenge Qualit\u00e4tskontrolle, um sicherzustellen, dass die Kunden hochwertige, leistungsstarke Maschinen erhalten. Wir bieten englische Betriebsanleitungen und Videos an, um die schnelle Installation und Nutzung durch die Kunden zu erleichtern, und sind mit einem 7\u00d724-Stunden-Online-Service ausgestattet, um jederzeit auf Anforderungen zu reagieren.<\/p>    <p>Wenn Sie spezielle Anforderungen haben, bieten wir auch personalisierte ma\u00dfgeschneiderte L\u00f6sungen an. Kontaktieren Sie uns gerne. Je nach Ihren Bed\u00fcrfnissen werden wir professionelle Beratung und L\u00f6sungen bereitstellen.<\/p>    <figure class=\"wp-block-gallery has-nested-images columns-default is-cropped wp-block-gallery-6 is-layout-flex wp-block-gallery-is-layout-flex\"> <figure class=\"wp-block-image size-large\"><img loading=\"lazy\" decoding=\"async\" width=\"750\" height=\"500\" data-id=\"4509\" src=\"https:\/\/tianhuipackingmachine.com\/wp-content\/uploads\/2021\/12\/packaging-process-before-transportation-750x500.jpg\" alt=\"Verpackungsprozess vor dem Transport\" class=\"wp-image-4509\" srcset=\"https:\/\/tianhuipackingmachine.com\/wp-content\/uploads\/2021\/12\/packaging-process-before-transportation.jpg 750w, https:\/\/tianhuipackingmachine.com\/wp-content\/uploads\/2021\/12\/packaging-process-before-transportation-480x320.jpg 480w\" sizes=\"auto, (max-width: 750px) 100vw, 750px\" \/><figcaption class=\"wp-element-caption\">Verpackungsprozess vor dem Transport<\/figcaption><\/figure>    <figure class=\"wp-block-image size-large\"><img loading=\"lazy\" decoding=\"async\" width=\"750\" height=\"500\" data-id=\"4510\" src=\"https:\/\/tianhuipackingmachine.com\/wp-content\/uploads\/2021\/12\/placing-the-machine-into-the-truck-750x500.jpg\" alt=\"Einsetzen der Maschine in den LKW\" class=\"wp-image-4510\" srcset=\"https:\/\/tianhuipackingmachine.com\/wp-content\/uploads\/2021\/12\/placing-the-machine-into-the-truck.jpg 750w, https:\/\/tianhuipackingmachine.com\/wp-content\/uploads\/2021\/12\/placing-the-machine-into-the-truck-480x320.jpg 480w\" sizes=\"auto, (max-width: 750px) 100vw, 750px\" \/><figcaption class=\"wp-element-caption\">Platzieren der Maschine im LKW<\/figcaption><\/figure> <\/figure>","protected":false},"excerpt":{"rendered":"<p>Die Shuliy Snacks Verpackungsmaschine wird f\u00fcr die quantitative Verpackung verschiedener gepuffter Lebensmittel, N\u00fcsse usw. eingesetzt, mit einer Verpackungsgeschwindigkeit von 5-80 Beuteln pro Minute und einem Verpackungsgewicht von 0-6000g pro Beutel.<\/p>","protected":false},"author":1,"featured_media":1061,"parent":0,"template":"","tags":[206,166,232],"product-type":[136],"class_list":["post-5705","product","type-product","status-publish","has-post-thumbnail","hentry","tag-food-packing-machine","tag-granule","tag-snacks","product-type-granule-packing-machines"],"_links":{"self":[{"href":"https:\/\/tianhuipackingmachine.com\/de\/wp-json\/wp\/v2\/product\/5705","targetHints":{"allow":["GET"]}}],"collection":[{"href":"https:\/\/tianhuipackingmachine.com\/de\/wp-json\/wp\/v2\/product"}],"about":[{"href":"https:\/\/tianhuipackingmachine.com\/de\/wp-json\/wp\/v2\/types\/product"}],"author":[{"embeddable":true,"href":"https:\/\/tianhuipackingmachine.com\/de\/wp-json\/wp\/v2\/users\/1"}],"wp:featuredmedia":[{"embeddable":true,"href":"https:\/\/tianhuipackingmachine.com\/de\/wp-json\/wp\/v2\/media\/1061"}],"wp:attachment":[{"href":"https:\/\/tianhuipackingmachine.com\/de\/wp-json\/wp\/v2\/media?parent=5705"}],"wp:term":[{"taxonomy":"post_tag","embeddable":true,"href":"https:\/\/tianhuipackingmachine.com\/de\/wp-json\/wp\/v2\/tags?post=5705"},{"taxonomy":"product-type","embeddable":true,"href":"https:\/\/tianhuipackingmachine.com\/de\/wp-json\/wp\/v2\/product-type?post=5705"}],"curies":[{"name":"wp","href":"https:\/\/api.w.org\/{rel}","templated":true}]}}