{"id":5685,"date":"2022-04-19T09:28:57","date_gmt":"2022-04-19T01:28:57","guid":{"rendered":"http:\/\/tianhuipackingmachine.local\/?post_type=product&#038;p=5685"},"modified":"2024-09-20T18:32:44","modified_gmt":"2024-09-20T10:32:44","slug":"rice-vacuum-packing-machine-2","status":"publish","type":"product","link":"https:\/\/tianhuipackingmachine.com\/de\/rice-vacuum-packing-machine\/","title":{"rendered":"Vakuumverpackungsmaschine f\u00fcr Reis"},"content":{"rendered":"<p class=\"translation-block\">Shuliy <strong>Reis-Vakuumverpackungsmaschine<\/strong> ist ein spezieller Vakuum-Verpacker zum Reisvakuumieren mit Ziegel-Formen und Gewichten von 0,5-20 kg pro Ziegel. <\/p>    <p>Diese Maschine kann 1\u201320 Pakete Reisziegel pro Minute vakuumverpacken. Die Vakuumverpackung mit dieser Maschine kann die Haltbarkeit von Lebensmitteln effektiv verl\u00e4ngern und best\u00e4ndig gegen Oxidation, Insekten, Schimmel und Feuchtigkeit sein.<\/p>    <p>Dar\u00fcber hinaus k\u00f6nnen damit auch verschiedene pulverf\u00f6rmige und k\u00f6rnige Materialien wie Mehl, fermentiertes Trockenhefepulver, Tee, Erdn\u00fcsse, Cashewn\u00fcsse usw. vakuumverpackt werden. Bei Interesse k\u00f6nnen Sie uns gerne f\u00fcr weitere Informationen kontaktieren! <\/p>    <figure class=\"wp-block-image aligncenter size-large\"><img loading=\"lazy\" decoding=\"async\" width=\"750\" height=\"500\" src=\"https:\/\/tianhuipackingmachine.com\/wp-content\/uploads\/2021\/12\/rice-vacuum-packing-machine-750x500.jpg\" alt=\"Reis-Vakuumverpackungsmaschine\" class=\"wp-image-3870\" srcset=\"https:\/\/tianhuipackingmachine.com\/wp-content\/uploads\/2021\/12\/rice-vacuum-packing-machine.jpg 750w, https:\/\/tianhuipackingmachine.com\/wp-content\/uploads\/2021\/12\/rice-vacuum-packing-machine-480x320.jpg 480w\" sizes=\"auto, (max-width: 750px) 100vw, 750px\" \/><figcaption class=\"wp-element-caption\">Reis-Vakuumverpackungsmaschine<\/figcaption><\/figure>    <h2 class=\"wp-block-heading\" id=\"h-what-raw-materials-can-be-packaged-into-brick-shape-by-this-machine\">Welche Rohstoffe k\u00f6nnen mit dieser Maschine in Ziegelformen verpackt werden?<\/h2>    <p>Die kommerzielle Vakuumverpackungsmaschine f\u00fcr ziegelf\u00f6rmigen Reis eignet sich f\u00fcr verschiedene Artikel, wie zum Beispiel: <\/p>    <ul class=\"wp-block-list\"> <li><strong>K\u00f6rner<\/strong> <ul class=\"wp-block-list\"> <li>Reis, Hirse, gr\u00fcne Bohnen, rote Bohnen, Hafer, Weizenk\u00f6rner, gemischtes grobes Getreide usw.<\/li> <\/ul> <\/li>    <li><strong>N\u00fcsse<\/strong> <ul class=\"wp-block-list\"> <li>Erdn\u00fcsse, Cashewn\u00fcsse, Pistazien, <a href=\"https:\/\/en.wikipedia.org\/wiki\/Macadamia_nuts\" target=\"_blank\" rel=\"noopener\">Macadamian\u00fcsse<\/a>, Mandeln, rote Datteln und so weiter.<\/li> <\/ul> <\/li>    <li><strong>Pulver<\/strong> <ul class=\"wp-block-list\"> <li>Gebackenes Trockenhefepulver, Mehl und andere.<\/li> <\/ul> <\/li>    <li><strong>Andere<\/strong> <ul class=\"wp-block-list\"> <li>Tee, Linsen, Meeresfr\u00fcchte usw.<\/li> <\/ul> <\/li> <\/ul>    <p>Au\u00dferdem verf\u00fcgt unsere Reis-Vakuumverpackungsmaschine \u00fcber eine Vielzahl von Reisziegelbeuteln und -formen, z. B. 250 g, 500 g, 1000 g, 1500 g, 2500 g usw. Sie k\u00f6nnen es entsprechend Ihren tats\u00e4chlichen Bed\u00fcrfnissen ausw\u00e4hlen.<\/p>    <figure class=\"wp-block-gallery has-nested-images columns-default is-cropped wp-block-gallery-2 is-layout-flex wp-block-gallery-is-layout-flex\"> <figure class=\"wp-block-image size-large\"><img loading=\"lazy\" decoding=\"async\" width=\"750\" height=\"500\" data-id=\"4623\" src=\"https:\/\/tianhuipackingmachine.com\/wp-content\/uploads\/2021\/12\/rice-brick-mold-and-packing-effect-750x500.jpg\" alt=\"Reisziegelform und Verpackungseffekt\" class=\"wp-image-4623\" srcset=\"https:\/\/tianhuipackingmachine.com\/wp-content\/uploads\/2021\/12\/rice-brick-mold-and-packing-effect.jpg 750w, https:\/\/tianhuipackingmachine.com\/wp-content\/uploads\/2021\/12\/rice-brick-mold-and-packing-effect-480x320.jpg 480w\" sizes=\"auto, (max-width: 750px) 100vw, 750px\" \/><figcaption class=\"wp-element-caption\">Reisziegelform und Verpackungseffekt<\/figcaption><\/figure>    <figure class=\"wp-block-image size-large\"><img loading=\"lazy\" decoding=\"async\" width=\"750\" height=\"500\" data-id=\"4626\" src=\"https:\/\/tianhuipackingmachine.com\/wp-content\/uploads\/2021\/12\/rice-brick-molds-sealing-effect-750x500.jpg\" alt=\"Reisziegelformen und Versiegelungseffekt\" class=\"wp-image-4626\" srcset=\"https:\/\/tianhuipackingmachine.com\/wp-content\/uploads\/2021\/12\/rice-brick-molds-sealing-effect.jpg 750w, https:\/\/tianhuipackingmachine.com\/wp-content\/uploads\/2021\/12\/rice-brick-molds-sealing-effect-480x320.jpg 480w\" sizes=\"auto, (max-width: 750px) 100vw, 750px\" \/><figcaption class=\"wp-element-caption\">Reisziegelformen und Versiegelungseffekt<\/figcaption><\/figure> <\/figure>    <h2 class=\"wp-block-heading\" id=\"h-characteristics-advantages-of-rice-vacuum-packing-machine\">Eigenschaften der Shuliy-Reis-Vakuumverpackungsmaschine<\/h2>    <ol style=\"list-style-type:1\" class=\"wp-block-list\"> <li>Es kann verarbeiten <strong>1\u201320 Beutel Reisvakuumziegel pro Minute<\/strong>, was effizient ist.<\/li>    <li>Die Maschine verf\u00fcgt \u00fcber eine <strong>Acrylplatte<\/strong>, das ist farbloses transparentes Plexiglas. Es hat eine ausgezeichnete Transparenz und seine <strong>Die Lichtdurchl\u00e4ssigkeit kann mehr als 92% erreichen<\/strong>. <\/li>    <li>Sowohl die Vorder- als auch die R\u00fcckseite sind mit der Kante ausgestattet <strong>Dichtungsstreifen<\/strong>.<\/li>    <li>Unsere Reisziegel-Vakuumverpackungsmaschine ist ausgestattet mit <strong>vier R\u00e4der<\/strong>, bequem und flexibel umziehen.<\/li>    <li>Einfache Bedienung, kompakte Struktur, geringer Platzbedarf, niedrige Kosten.<\/li>    <li>Langanhaltende Konservierung, auslaufsichere Versiegelung, effektive Verl\u00e4ngerung der Haltbarkeit.<\/li> <\/ol>    <figure class=\"wp-block-image size-large\"><img loading=\"lazy\" decoding=\"async\" width=\"750\" height=\"500\" src=\"https:\/\/tianhuipackingmachine.com\/wp-content\/uploads\/2021\/12\/rice-brick-packing-machine-750x500.jpg\" alt=\"Reisziegel-Verpackungsmaschine\" class=\"wp-image-4624\" srcset=\"https:\/\/tianhuipackingmachine.com\/wp-content\/uploads\/2021\/12\/rice-brick-packing-machine.jpg 750w, https:\/\/tianhuipackingmachine.com\/wp-content\/uploads\/2021\/12\/rice-brick-packing-machine-480x320.jpg 480w\" sizes=\"auto, (max-width: 750px) 100vw, 750px\" \/><figcaption class=\"wp-element-caption\">Reisziegel-Verpackungsmaschine<\/figcaption><\/figure>    <h2 class=\"wp-block-heading has-black-color has-text-color\" id=\"h-technical-data-of-vacuum-packing-machine-for-rice-brick\">Technische Daten der Vakuumverpackungsmaschine f\u00fcr Reisziegel<\/h2>    <p>Wir haben zwei Arten von Vakuum-Reisziegelversiegelungen zum Verkauf: SL-660 und SL-850. Die Zahl gibt die L\u00e4nge der Dichtungsstreifen an. Sie k\u00f6nnen auch die Leistung, das Gewicht, die Gr\u00f6\u00dfe usw. kennen. Die folgende Tabelle enth\u00e4lt detaillierte Parameterinformationen als Referenz.<\/p>    <figure class=\"wp-block-table is-style-stripes\"><table><tbody><tr><td>Modell<\/td><td>SL-660<\/td><td>SL-850<\/td><\/tr><tr><td>Stromspannung<\/td><td>AC220V\/50Hz<\/td><td>AC220V\/50Hz<\/td><\/tr><tr><td>Motorleistung<\/td><td>1000W<\/td><td>1000W<\/td><\/tr><tr><td>Versiegelungskraft<\/td><td>1200W<\/td><td>1600W<\/td><\/tr><tr><td>Anzahl der Siegelbalken f\u00fcr jede Kammer<\/td><td>2Stk<\/td><td>2Stk<\/td><\/tr><tr><td>Ultimativer Vakuumdruck<\/td><td>1Kpa<\/td><td>1Kpa<\/td><\/tr><tr><td>Dimension der Kammer<\/td><td>680 (L)*210(B)*350(H)mm <\/td><td>900 (L) * 210 (B) * 350 (H) mm<\/td><\/tr><tr><td>Gr\u00f6\u00dfe des Dichtungsstreifens<\/td><td>660(L)*10(B)mm<\/td><td>850(L)*10(B)mm<\/td><\/tr><tr><td>Vakuumpumpenrate<\/td><td>20*1m<sup>3<\/sup>\/H<\/td><td>20*1m<sup>3<\/sup>\/H<\/td><\/tr><tr><td>Material f\u00fcr Vakuumkammer<\/td><td>Edelstahl 201<\/td><td>Edelstahl 201<\/td><\/tr><tr><td>Abmessungen<\/td><td>740*480*800mm<\/td><td>930*450*800mm<\/td><\/tr><tr><td>Nettogewicht<\/td><td>88kg<\/td><td>100kg<\/td><\/tr><tr><td>Der Mittelabstand zwischen zwei Schwei\u00dfbalken<\/td><td>280mm<\/td><td>280mm<\/td><\/tr><\/tbody><\/table><figcaption class=\"wp-element-caption\">Daten der Reis-Vakuumverpackungsmaschine<\/figcaption><\/figure>    <h2 class=\"wp-block-heading\" id=\"h-main-parts-of-rice-vacuum-packing-machine\">Hauptteile der vollautomatischen Reis-Vakuumverpackungsmaschine<\/h2>    <p>Die Maschine besteht haupts\u00e4chlich aus einem Bedienfeld, einem Motor, einem Vakuumraum, doppelten Dichtungsstreifen, einer transparenten Acrylabdeckung, einer Vakuumpumpe, vier R\u00e4dern usw.<\/p>    <ul class=\"wp-block-list\"> <li>Zun\u00e4chst k\u00f6nnen Sie die Parameter am Bedienfeld einstellen und \u00fcberpr\u00fcfen. <ul class=\"wp-block-list\"> <li>Stellen Sie die Zeit zum Vakuumieren und Versiegeln sowie die Versiegelungstemperatur ein.<\/li>    <li>Es gibt ein Vakuummeter und eine Zeitanzeige f\u00fcr Vakuumieren, Versiegeln, konstante Temperatur und K\u00fchlung.<\/li> <\/ul> <\/li> <\/ul>    <figure class=\"wp-block-image size-large\"><img loading=\"lazy\" decoding=\"async\" width=\"750\" height=\"500\" src=\"https:\/\/tianhuipackingmachine.com\/wp-content\/uploads\/2021\/12\/the-control-panel-of-rice-brick-vacuum-sealer-750x500.jpg\" alt=\"Das Bedienfeld des Reisziegel-Vakuumierers\" class=\"wp-image-3859\" srcset=\"https:\/\/tianhuipackingmachine.com\/wp-content\/uploads\/2021\/12\/the-control-panel-of-rice-brick-vacuum-sealer.jpg 750w, https:\/\/tianhuipackingmachine.com\/wp-content\/uploads\/2021\/12\/the-control-panel-of-rice-brick-vacuum-sealer-480x320.jpg 480w\" sizes=\"auto, (max-width: 750px) 100vw, 750px\" \/><figcaption class=\"wp-element-caption\">Das Bedienfeld des Rice Brick Vakuumierger\u00e4ts<\/figcaption><\/figure>    <ul class=\"wp-block-list\"> <li>Zweitens ist die Vakuumkammer speziell f\u00fcr die Vakuumverpackung von Reisziegeln konzipiert.  <ul class=\"wp-block-list\"> <li>Die Kapazit\u00e4t ist l\u00e4nger und tiefer als bei einer gew\u00f6hnlichen <a href=\"https:\/\/tianhuipackingmachine.com\/de\/single-chamber-vacuum-packaging-machine\/\">Einkammer-Vakuumierer<\/a>. <\/li>    <li>Seine Gr\u00f6\u00dfe kann an die Gr\u00f6\u00dfe des Vakuumbeutels angepasst werden. <\/li> <\/ul> <\/li>    <li>Drittens ist der Reisvakuumierer mit Dichtungsstreifen auf der Vorder- und R\u00fcckseite ausgestattet.  <ul class=\"wp-block-list\"> <li>Zwei Dichtungsstreifen haben eine gro\u00dfe Verarbeitungsf\u00e4higkeit und eine hohe Effizienz. <\/li> <\/ul> <\/li> <\/ul>    <figure class=\"wp-block-image size-large\"><img loading=\"lazy\" decoding=\"async\" width=\"750\" height=\"500\" src=\"https:\/\/tianhuipackingmachine.com\/wp-content\/uploads\/2021\/12\/two-sealing-strips-in-the-vacuum-chamber-1-750x500.jpg\" alt=\"zwei Dichtungsstreifen in der Vakuumkammer\" class=\"wp-image-3860\" srcset=\"https:\/\/tianhuipackingmachine.com\/wp-content\/uploads\/2021\/12\/two-sealing-strips-in-the-vacuum-chamber-1.jpg 750w, https:\/\/tianhuipackingmachine.com\/wp-content\/uploads\/2021\/12\/two-sealing-strips-in-the-vacuum-chamber-1-480x320.jpg 480w\" sizes=\"auto, (max-width: 750px) 100vw, 750px\" \/><figcaption class=\"wp-element-caption\">Zwei Dichtungsstreifen in der Vakuumkammer<\/figcaption><\/figure>    <ul class=\"wp-block-list\"> <li>Die transparente Acrylabdeckung ist wegen ihrer hohen Schlagfestigkeit, guten Z\u00e4higkeit, hervorragenden Isolationsleistung und ihrem geringen Gewicht beliebt. <\/li> <\/ul>    <figure class=\"wp-block-gallery has-nested-images columns-default is-cropped wp-block-gallery-3 is-layout-flex wp-block-gallery-is-layout-flex\"> <figure class=\"wp-block-image size-large\"><img loading=\"lazy\" decoding=\"async\" width=\"750\" height=\"500\" data-id=\"3861\" src=\"https:\/\/tianhuipackingmachine.com\/wp-content\/uploads\/2021\/12\/acrylic-transparent-cover-1-750x500.jpg\" alt=\"Transparente Acrylabdeckung\" class=\"wp-image-3861\" srcset=\"https:\/\/tianhuipackingmachine.com\/wp-content\/uploads\/2021\/12\/acrylic-transparent-cover-1.jpg 750w, https:\/\/tianhuipackingmachine.com\/wp-content\/uploads\/2021\/12\/acrylic-transparent-cover-1-480x320.jpg 480w\" sizes=\"auto, (max-width: 750px) 100vw, 750px\" \/><figcaption class=\"wp-element-caption\">Transparente Acrylabdeckung<\/figcaption><\/figure>    <figure class=\"wp-block-image size-large\"><img loading=\"lazy\" decoding=\"async\" width=\"750\" height=\"500\" data-id=\"3862\" src=\"https:\/\/tianhuipackingmachine.com\/wp-content\/uploads\/2021\/12\/suitable-for-various-sizes-of-rice-bricks-1-750x500.jpg\" alt=\"Geeignet f\u00fcr verschiedene Gr\u00f6\u00dfen von Reisziegeln\" class=\"wp-image-3862\" srcset=\"https:\/\/tianhuipackingmachine.com\/wp-content\/uploads\/2021\/12\/suitable-for-various-sizes-of-rice-bricks-1.jpg 750w, https:\/\/tianhuipackingmachine.com\/wp-content\/uploads\/2021\/12\/suitable-for-various-sizes-of-rice-bricks-1-480x320.jpg 480w\" sizes=\"auto, (max-width: 750px) 100vw, 750px\" \/><figcaption class=\"wp-element-caption\">Geeignet f\u00fcr verschiedene Gr\u00f6\u00dfen von Reisziegeln<\/figcaption><\/figure> <\/figure>    <h2 class=\"wp-block-heading\"><strong>Wie funktioniert die Vakuumverpackungsmaschine f\u00fcr Reis?<\/strong><\/h2>    <p>Die Reis-Vakuumverpackungsmaschine funktioniert, indem sie die Luft aus dem Beutel absaugt, um ein Vakuum zu erzeugen und ihn dann schnell zu verschlie\u00dfen.<\/p>    <ul class=\"wp-block-list\"> <li>Zuerst wird der Reis automatisch in den Beutel geladen.<\/li>    <li>Dann beginnt die Maschine, Luft abzusaugen, um im Inneren des Beutels einen Unterdruck zu erzeugen, der den Sauerstoffgehalt reduziert.<\/li>    <li>Abschlie\u00dfend verschlie\u00dft die Maschine die Beutel\u00f6ffnung, um die Versiegelung sicherzustellen und die Haltbarkeit des Reises zu verl\u00e4ngern.<\/li> <\/ul>    <p>Der gesamte Prozess ist hochautomatisiert, einfach zu bedienen und hocheffizient. Die Maschine ist f\u00fcr kleine und mittlere Reisverarbeitungsbetriebe geeignet.<\/p>   <figure class=\"wp-block-embed-youtube wp-block-embed is-type-video is-provider-youtube wp-embed-aspect-16-9 wp-has-aspect-ratio\"><div class=\"lyte-wrapper\" title=\"Vakuumierger\u00e4t f\u00fcr Marokko-Meeresfr\u00fcchte-Paket | Vakuumverpackungsmaschine im Werk testen\" style=\"width:853px;max-width:100%;margin:5px auto;\"><div class=\"lyMe\" id=\"WYL_2r2CLlFwGMk\" itemprop=\"video\" itemscope itemtype=\"https:\/\/schema.org\/VideoObject\"><div><meta itemprop=\"thumbnailUrl\" content=\"https:\/\/i.ytimg.com\/vi\/2r2CLlFwGMk\/hqdefault.jpg\" \/><meta itemprop=\"embedURL\" content=\"https:\/\/www.youtube.com\/embed\/2r2CLlFwGMk\" \/><meta itemprop=\"duration\" content=\"PT1M30S\" \/><meta itemprop=\"uploadDate\" content=\"2024-07-31T03:18:23Z\" \/><\/div><div id=\"lyte_2r2CLlFwGMk\" data-src=\"https:\/\/i.ytimg.com\/vi\/2r2CLlFwGMk\/hqdefault.jpg\" class=\"pL\"><div class=\"tC\"><div class=\"tT\" itemprop=\"name\">Vakuumierger\u00e4t f\u00fcr Marokko-Meeresfr\u00fcchte-Paket | Vakuumverpackungsmaschine im Werk testen<\/div><\/div><div class=\"play\"><\/div><div class=\"ctrl\"><div class=\"Lctrl\"><\/div><div class=\"Rctrl\"><\/div><\/div><\/div><noscript><a href=\"https:\/\/youtu.be\/2r2CLlFwGMk\" rel=\"nofollow noopener\" target=\"_blank\"><img loading=\"lazy\" decoding=\"async\" src=\"https:\/\/i.ytimg.com\/vi\/2r2CLlFwGMk\/0.jpg\" alt=\"Vakuumierger\u00e4t f\u00fcr Marokko-Meeresfr\u00fcchte-Paket | Vakuumverpackungsmaschine im Werk testen\" width=\"853\" height=\"460\" \/><\/a><\/noscript><meta itemprop=\"description\" content=\"WhatsApp No.: https:\/\/wa.me\/+8613673689272 WeChat\/Tel No.:+8613673689272 Email: sales@tianhuipackingmachine.com Website: https:\/\/tianhuipackingmachine.com\/double-chamber-vacuum-packaging-machine\/ In this video, we show the trial process of the vacuum packaging machine customized for Moroccan customers. This vacuum sealer will be used for seafood packaging to ensure that seafood remains fresh and high quality during transportation and storage. Through the trial machine, we verified the performance and effect of the machine to ensure that it can meet the needs of customers. Thank you for your trust and support, and hope that this vacuum packing machine can help their seafood business flourish. WhatsApp No.: https:\/\/wa.me\/+8613673689272 WeChat\/Tel No.:+8613673689272 Email: sales@tianhuipackingmachine.com Website: https:\/\/tianhuipackingmachine.com\/double-chamber-vacuum-packaging-machine\/\"><\/div><\/div><div class=\"lL\" style=\"max-width:100%;width:853px;margin:5px auto;\"> <a href=\"https:\/\/youtu.be\/2r2CLlFwGMk\" target=\"_blank\" rel=\"noopener\">Dieses Video auf YouTube ansehen<\/a>.<\/div><figcaption>Video der Vakuumiermaschine<\/figcaption><\/figure>   <h2 class=\"wp-block-heading\"><strong>Was kostet eine Reis-Vakuumiermaschine?<\/strong><\/h2>    <p>Der Preis der Shuliy-Reisziegel-Vakuumverpackungsmaschine variiert je nach Kapazit\u00e4t, Marke, Konfiguration, Kundendienst usw.<\/p>    <p>Der Preis einer gro\u00dfen Produktionsmaschine ist h\u00f6her als der einer kleinen. Die Preise k\u00f6nnen auch weiter steigen, wenn spezielle Verpackungsanforderungen oder Anpassungen erforderlich sind.<\/p>    <p>M\u00f6chten Sie detaillierte Maschinenpreise? Kontaktieren Sie uns schnell und wir unterbreiten Ihnen ein detailliertes Angebot.<\/p>    <figure class=\"wp-block-image size-large\"><img loading=\"lazy\" decoding=\"async\" width=\"750\" height=\"500\" src=\"https:\/\/tianhuipackingmachine.com\/wp-content\/uploads\/2021\/12\/the-rice-vacuum-sealer-display-750x500.jpg\" alt=\"Das Display des Reisvakuumierers\" class=\"wp-image-4625\" srcset=\"https:\/\/tianhuipackingmachine.com\/wp-content\/uploads\/2021\/12\/the-rice-vacuum-sealer-display.jpg 750w, https:\/\/tianhuipackingmachine.com\/wp-content\/uploads\/2021\/12\/the-rice-vacuum-sealer-display-480x320.jpg 480w\" sizes=\"auto, (max-width: 750px) 100vw, 750px\" \/><figcaption class=\"wp-element-caption\">Das Reis-Vakuumierer-Display<\/figcaption><\/figure>    <h2 class=\"wp-block-heading\"><strong>Jetzt Vakuumverpackungsmaschinen anfragen!<\/strong><\/h2>    <p>M\u00f6chten Sie Ihre Lebensmittel l\u00e4nger aufbewahren? Dann kontaktieren Sie uns jetzt! Wir unterbreiten Ihnen das beste Angebot f\u00fcr Ihre Bed\u00fcrfnisse!<\/p>","protected":false},"excerpt":{"rendered":"<p>Die Shuliy-Reis-Vakuumverpackungsmaschine ist ein spezielles Vakuumierger\u00e4t zum Vakuumieren von Reis mit Ziegelformen und einem Gewicht von 0,5 bis 20 kg pro Ziegel. <\/p>","protected":false},"author":1,"featured_media":3870,"parent":0,"template":"","tags":[218,194],"product-type":[140],"class_list":["post-5685","product","type-product","status-publish","has-post-thumbnail","hentry","tag-rice-vacuum-packing","tag-vacuum-packing-machine","product-type-vacuum-packaging-machines"],"_links":{"self":[{"href":"https:\/\/tianhuipackingmachine.com\/de\/wp-json\/wp\/v2\/product\/5685","targetHints":{"allow":["GET"]}}],"collection":[{"href":"https:\/\/tianhuipackingmachine.com\/de\/wp-json\/wp\/v2\/product"}],"about":[{"href":"https:\/\/tianhuipackingmachine.com\/de\/wp-json\/wp\/v2\/types\/product"}],"author":[{"embeddable":true,"href":"https:\/\/tianhuipackingmachine.com\/de\/wp-json\/wp\/v2\/users\/1"}],"wp:featuredmedia":[{"embeddable":true,"href":"https:\/\/tianhuipackingmachine.com\/de\/wp-json\/wp\/v2\/media\/3870"}],"wp:attachment":[{"href":"https:\/\/tianhuipackingmachine.com\/de\/wp-json\/wp\/v2\/media?parent=5685"}],"wp:term":[{"taxonomy":"post_tag","embeddable":true,"href":"https:\/\/tianhuipackingmachine.com\/de\/wp-json\/wp\/v2\/tags?post=5685"},{"taxonomy":"product-type","embeddable":true,"href":"https:\/\/tianhuipackingmachine.com\/de\/wp-json\/wp\/v2\/product-type?post=5685"}],"curies":[{"name":"wp","href":"https:\/\/api.w.org\/{rel}","templated":true}]}}