{"id":5538,"date":"2022-04-15T09:55:05","date_gmt":"2022-04-15T01:55:05","guid":{"rendered":"http:\/\/tianhuipackingmachine.local\/?post_type=product&#038;p=5538"},"modified":"2022-06-21T11:32:08","modified_gmt":"2022-06-21T03:32:08","slug":"non-food-packaging-solution-2","status":"publish","type":"product","link":"https:\/\/tianhuipackingmachine.com\/de\/non-food-packaging-solution\/","title":{"rendered":"Non-Food-Verpackungsl\u00f6sung"},"content":{"rendered":"<p>HENAN TOP PACKING MACHINERY CO., LTD liefert verschiedene Non-Food-Verpackungsl\u00f6sungen f\u00fcr verschiedene Produkte (Hardware, Einwegprodukte, medizinische Artikel usw.). Zu den Verpackungsbeuteltypen geh\u00f6ren der Stick-Beutel, der r\u00fcckseitige Mittelsiegelbeutel, der 3-Seiten-Siegelbeutel und der 4-Seiten-Siegelbeutel. Seitensiegelbeutel, Endlosbeutel, Seitenfaltenbeutel, Standbodenbeutel, Beutel mit Loch, leicht zu zerrei\u00dfender Beutel, Flachschnittbeutel, S\u00e4gezahnschnittbeutel, Rundeckbeutel, Flachbeutel, Schrumpffolie usw.<\/p>","protected":false},"excerpt":{"rendered":"<p>HENAN TOP PACKING MACHINERY CO., LTD supplies various non-food packaging solutions for different products ( hardware, disposable products, medical articles, etc. Packaging bag types include the stick bag, back center seal pouch, 3-side seal sachet, 4-side seal bag, continuous bags, gusset pouch, stand up bag, pouch with a hole, pouch easy to tear, flat cutting [&hellip;]<\/p>\n","protected":false},"author":1,"featured_media":0,"parent":0,"template":"","tags":[],"product-type":[135],"class_list":["post-5538","product","type-product","status-publish","hentry","product-type-solutions"],"_links":{"self":[{"href":"https:\/\/tianhuipackingmachine.com\/de\/wp-json\/wp\/v2\/product\/5538","targetHints":{"allow":["GET"]}}],"collection":[{"href":"https:\/\/tianhuipackingmachine.com\/de\/wp-json\/wp\/v2\/product"}],"about":[{"href":"https:\/\/tianhuipackingmachine.com\/de\/wp-json\/wp\/v2\/types\/product"}],"author":[{"embeddable":true,"href":"https:\/\/tianhuipackingmachine.com\/de\/wp-json\/wp\/v2\/users\/1"}],"wp:attachment":[{"href":"https:\/\/tianhuipackingmachine.com\/de\/wp-json\/wp\/v2\/media?parent=5538"}],"wp:term":[{"taxonomy":"post_tag","embeddable":true,"href":"https:\/\/tianhuipackingmachine.com\/de\/wp-json\/wp\/v2\/tags?post=5538"},{"taxonomy":"product-type","embeddable":true,"href":"https:\/\/tianhuipackingmachine.com\/de\/wp-json\/wp\/v2\/product-type?post=5538"}],"curies":[{"name":"wp","href":"https:\/\/api.w.org\/{rel}","templated":true}]}}