{"id":5537,"date":"2022-04-15T09:52:16","date_gmt":"2022-04-15T01:52:16","guid":{"rendered":"http:\/\/tianhuipackingmachine.local\/?post_type=product&#038;p=5537"},"modified":"2022-12-01T15:33:48","modified_gmt":"2022-12-01T07:33:48","slug":"fresh-food-packaging-solution-2","status":"publish","type":"product","link":"https:\/\/tianhuipackingmachine.com\/de\/fresh-food-packaging-solution\/","title":{"rendered":"Verpackungsl\u00f6sung f\u00fcr frische Lebensmittel"},"content":{"rendered":"<p>HENAN TOP PACKING MACHINERY CO., LTD bietet verschiedene Verpackungsl\u00f6sungen f\u00fcr frische Lebensmittel f\u00fcr verschiedene Produkte wie Gem\u00fcse, Obst, Fleisch, Gefl\u00fcgel, Meeresfr\u00fcchte usw. Unser professionelles Team entwirft und fertigt die Verpackungsausr\u00fcstung f\u00fcr frische Lebensmittel entsprechend den Eigenschaften der Produkte spezifische frische Lebensmittel und andere Anforderungen. Es bezieht sich beispielsweise auf die Gr\u00f6\u00dfe von Lebensmitteln, die direkte Verpackung oder die Verpackung in einer Schachtel, die Vakuumverpackung oder nicht usw. Zu den endg\u00fcltigen Verpackungsarten geh\u00f6ren Beutel mit r\u00fcckseitiger Mittelversiegelung, Seitenfaltenbeutel, Standbodenbeutel, Vakuumbeutelverpackung usw.<\/p>","protected":false},"excerpt":{"rendered":"<p>HENAN TOP PACKING MACHINERY CO., LTD provides various fresh food packaging solutions for different products, such as vegetables, fruits, meat, poultry, seafood, etc. Our professional team will design and manufacture the fresh food packing equipment according to the properties of the specific fresh food and other demands. For instance, it refers to the size of [&hellip;]<\/p>\n","protected":false},"author":1,"featured_media":0,"parent":0,"template":"","tags":[],"product-type":[135],"class_list":["post-5537","product","type-product","status-publish","hentry","product-type-solutions"],"_links":{"self":[{"href":"https:\/\/tianhuipackingmachine.com\/de\/wp-json\/wp\/v2\/product\/5537","targetHints":{"allow":["GET"]}}],"collection":[{"href":"https:\/\/tianhuipackingmachine.com\/de\/wp-json\/wp\/v2\/product"}],"about":[{"href":"https:\/\/tianhuipackingmachine.com\/de\/wp-json\/wp\/v2\/types\/product"}],"author":[{"embeddable":true,"href":"https:\/\/tianhuipackingmachine.com\/de\/wp-json\/wp\/v2\/users\/1"}],"wp:attachment":[{"href":"https:\/\/tianhuipackingmachine.com\/de\/wp-json\/wp\/v2\/media?parent=5537"}],"wp:term":[{"taxonomy":"post_tag","embeddable":true,"href":"https:\/\/tianhuipackingmachine.com\/de\/wp-json\/wp\/v2\/tags?post=5537"},{"taxonomy":"product-type","embeddable":true,"href":"https:\/\/tianhuipackingmachine.com\/de\/wp-json\/wp\/v2\/product-type?post=5537"}],"curies":[{"name":"wp","href":"https:\/\/api.w.org\/{rel}","templated":true}]}}