{"id":5535,"date":"2022-04-15T09:51:38","date_gmt":"2022-04-15T01:51:38","guid":{"rendered":"http:\/\/tianhuipackingmachine.local\/?post_type=product&#038;p=5535"},"modified":"2022-09-28T18:40:31","modified_gmt":"2022-09-28T10:40:31","slug":"liquid-paste-packaging-solution-2","status":"publish","type":"product","link":"https:\/\/tianhuipackingmachine.com\/de\/liquid-paste-packaging-solution\/","title":{"rendered":"Fl\u00fcssig-\/Pastenverpackungsl\u00f6sung"},"content":{"rendered":"<p>HENAN TOP PACKING MACHINERY CO., LTD bietet zahlreiche Verpackungsl\u00f6sungen f\u00fcr Fl\u00fcssigkeiten und Pasten f\u00fcr verschiedene Fl\u00fcssigkeiten und Pastenprodukte. Unser professionelles Team entwirft und fertigt die Verpackungsausr\u00fcstung f\u00fcr Fl\u00fcssigkeiten und Pasten entsprechend den Eigenschaften der spezifischen Fl\u00fcssigkeit, Paste und anderen Anforderungen. Es bezieht sich beispielsweise auf Liquidit\u00e4t, Viskosit\u00e4t, Verpackungsgewicht, verpackt oder in Flaschen usw. Zu den endg\u00fcltigen Verpackungsarten geh\u00f6ren Beutel mit r\u00fcckseitiger Mittelversiegelung, Beutel mit dreiseitiger Versiegelung, Beutel mit vierseitiger Versiegelung, Flachschnittbeutel, Standbodenbeutel, Beutel mit Ausgie\u00dfer, unregelm\u00e4\u00dfige Beutel, Flaschen, Dosen, Becher usw.<\/p>","protected":false},"excerpt":{"rendered":"<p>HENAN TOP PACKING MACHINERY CO., LTD provides a lot of liquid and paste packing solutions for different liquids and paste products. Our professional team will design and manufacture the liquid and paste packing equipment according to the properties of the specific liquid, paste, and other demands. For instance, it refers to liquidity, viscosity, packaging weight, [&hellip;]<\/p>\n","protected":false},"author":1,"featured_media":0,"parent":0,"template":"","tags":[],"product-type":[135],"class_list":["post-5535","product","type-product","status-publish","hentry","product-type-solutions"],"_links":{"self":[{"href":"https:\/\/tianhuipackingmachine.com\/de\/wp-json\/wp\/v2\/product\/5535","targetHints":{"allow":["GET"]}}],"collection":[{"href":"https:\/\/tianhuipackingmachine.com\/de\/wp-json\/wp\/v2\/product"}],"about":[{"href":"https:\/\/tianhuipackingmachine.com\/de\/wp-json\/wp\/v2\/types\/product"}],"author":[{"embeddable":true,"href":"https:\/\/tianhuipackingmachine.com\/de\/wp-json\/wp\/v2\/users\/1"}],"wp:attachment":[{"href":"https:\/\/tianhuipackingmachine.com\/de\/wp-json\/wp\/v2\/media?parent=5535"}],"wp:term":[{"taxonomy":"post_tag","embeddable":true,"href":"https:\/\/tianhuipackingmachine.com\/de\/wp-json\/wp\/v2\/tags?post=5535"},{"taxonomy":"product-type","embeddable":true,"href":"https:\/\/tianhuipackingmachine.com\/de\/wp-json\/wp\/v2\/product-type?post=5535"}],"curies":[{"name":"wp","href":"https:\/\/api.w.org\/{rel}","templated":true}]}}