{"id":5534,"date":"2022-04-15T09:51:10","date_gmt":"2022-04-15T01:51:10","guid":{"rendered":"http:\/\/tianhuipackingmachine.local\/?post_type=product&#038;p=5534"},"modified":"2022-06-21T10:51:05","modified_gmt":"2022-06-21T02:51:05","slug":"powder-packaging-solution-2","status":"publish","type":"product","link":"https:\/\/tianhuipackingmachine.com\/de\/powder-packaging-solution\/","title":{"rendered":"Pulververpackungsl\u00f6sung"},"content":{"rendered":"<p>HENAN TOP PACKING MACHINERY CO., LTD bietet verschiedene Pulververpackungsl\u00f6sungen f\u00fcr verschiedene Pulverprodukte. Unser professionelles Team entwirft und fertigt die Pulververpackungsausr\u00fcstung entsprechend den Eigenschaften des spezifischen Pulvers und anderen Anforderungen. Es bezieht sich beispielsweise auf die Feinheit, Viskosit\u00e4t, das Verpackungsgewicht, die Art des Verpackungsbeutels usw. Die endg\u00fcltigen Verpackungsbeutel sind sehr optional, einschlie\u00dflich Stickbeutel, Beutel mit hinterer Mittelversiegelung, Beutel mit dreiseitiger Versiegelung, Beutel mit vier Seiten, Endlosbeutel, Seitenfaltenbeutel, Standbodenbeutel, Beutel mit Loch, leicht zu zerrei\u00dfender Beutel, Flachschneidebeutel, S\u00e4gezahnschneidebeutel, Flachbeutel, Beutel mit runden Ecken, gewebter Beutel usw.<\/p>","protected":false},"excerpt":{"rendered":"<p>HENAN TOP PACKING MACHINERY CO., LTD provides various powder packing solutions for different powder products. Our professional team will design and manufacture the powder packing equipment according to the properties of the specific powder and other demands. For instance, it refers to the fineness, viscosity, packaging weight, the types of the packaging bag, and so [&hellip;]<\/p>\n","protected":false},"author":1,"featured_media":0,"parent":0,"template":"","tags":[],"product-type":[135],"class_list":["post-5534","product","type-product","status-publish","hentry","product-type-solutions"],"_links":{"self":[{"href":"https:\/\/tianhuipackingmachine.com\/de\/wp-json\/wp\/v2\/product\/5534","targetHints":{"allow":["GET"]}}],"collection":[{"href":"https:\/\/tianhuipackingmachine.com\/de\/wp-json\/wp\/v2\/product"}],"about":[{"href":"https:\/\/tianhuipackingmachine.com\/de\/wp-json\/wp\/v2\/types\/product"}],"author":[{"embeddable":true,"href":"https:\/\/tianhuipackingmachine.com\/de\/wp-json\/wp\/v2\/users\/1"}],"wp:attachment":[{"href":"https:\/\/tianhuipackingmachine.com\/de\/wp-json\/wp\/v2\/media?parent=5534"}],"wp:term":[{"taxonomy":"post_tag","embeddable":true,"href":"https:\/\/tianhuipackingmachine.com\/de\/wp-json\/wp\/v2\/tags?post=5534"},{"taxonomy":"product-type","embeddable":true,"href":"https:\/\/tianhuipackingmachine.com\/de\/wp-json\/wp\/v2\/product-type?post=5534"}],"curies":[{"name":"wp","href":"https:\/\/api.w.org\/{rel}","templated":true}]}}