{"id":485,"date":"2021-05-13T11:03:45","date_gmt":"2021-05-13T03:03:45","guid":{"rendered":"https:\/\/tianhuipackingmachine.com\/?page_id=485"},"modified":"2022-12-08T10:01:58","modified_gmt":"2022-12-08T02:01:58","slug":"vertical-packaging-machine","status":"publish","type":"product","link":"https:\/\/tianhuipackingmachine.com\/de\/vertical-packaging-machine\/","title":{"rendered":"Vertikale Verpackungsmaschine"},"content":{"rendered":"<p class=\"translation-block\"><strong>Vertikale Verpackungsmaschine<\/strong> oder vertikale Form-F\u00fcll-Verschlie\u00dfmaschine ist eine neue Art von Verpackungsmaschine, die in der Lebensmittel-, Getr\u00e4nke-, Medizin-, Chemie- und vielen anderen Branchen eingesetzt werden kann. Sie umfasst haupts\u00e4chlich fl\u00fcssige vertikale Verpackungsmaschinen, Granulat-verpackungsmaschinen und Pulver-verpackungsmaschinen. Sie sind in der Hauptstruktur im Grunde gleich. Abgesehen vom Trichter ist die erstgenannte f\u00fcr verschiedene Gr\u00f6\u00dfen von Verpackungsmaterialien geeignet. Unsere Verpackungsmaschine verwendet fortschrittliche Mikrocomputer-Systemsteuerungstechnologie und zeichnet sich durch ein sch\u00f6nes Aussehen, hohe Pr\u00e4zision und schnelle Geschwindigkeit aus. Wir k\u00f6nnen sie gem\u00e4\u00df den unterschiedlichen Anforderungen anpassen und die am besten geeignete Verpackungsmaschine f\u00fcr Sie empfehlen. Au\u00dferdem ist die Qualit\u00e4t garantiert, und wir glauben, dass Sie es nie bereuen werden, in unsere vertikale Verpackungsmaschine zu investieren.<\/p>    <h2 class=\"has-contrast-color has-text-color wp-block-heading\" id=\"h-different-types-of-vertical-packaging-machine-for-sale\">Verschiedene Arten von vertikalen Verpackungsmaschinen zu verkaufen <\/h2>    <p class=\"translation-block\">Wir haben vier verschiedene Arten von vertikalen Verpackungsmaschinen zur Auswahl: <a href=\"https:\/\/tianhuipackingmachine.com\/de\/powder-packing-machine\/\"><strong>Pulververpackungsmaschine<\/strong><\/a>, <a href=\"https:\/\/tianhuipackingmachine.com\/de\/granule-packing-machine\/\"><strong>Granulatverpackungsmaschine<\/strong><\/a>, <a href=\"https:\/\/tianhuipackingmachine.com\/de\/liquid-packing-machine\/\"><strong>fl\u00fcssige Verpackungsmaschine<\/strong><\/a> und Pastenverpackungsmaschine. Die meisten ihrer Teile sind gleich, nur die F\u00f6rdersysteme sind unterschiedlich. Daher bieten wir verschiedene Arten von Maschinen an, wenn Sie eine vertikale Verpackungsmaschine kaufen m\u00f6chten. Aber verschiedene Verpackungsmaschinen haben unterschiedliche Anwendungen. Bevor Sie vertikale Verpackungsger\u00e4te kaufen, m\u00fcssen Sie uns mitteilen, welches Material Sie verpacken, die Verpackungsgeschwindigkeit, das Budget usw. Damit wir Ihnen die am besten geeignete Maschine f\u00fcr Ihre tats\u00e4chliche Situation vorschlagen k\u00f6nnen. Und wir unterst\u00fctzen Anpassungsdienste. Kontaktieren Sie uns noch heute, um Ihr erfolgreiches Gesch\u00e4ft zu starten. <\/p>    <div class=\"wp-block-columns is-layout-flex wp-container-core-columns-is-layout-28f84493 wp-block-columns-is-layout-flex\"> <div class=\"wp-block-column is-layout-flow wp-block-column-is-layout-flow\"> <figure class=\"wp-block-image size-large\"><img loading=\"lazy\" decoding=\"async\" width=\"600\" height=\"450\" src=\"https:\/\/tianhuipackingmachine.com\/wp-content\/uploads\/2021\/07\/coffee-granule-packing-machine.jpg\" alt=\"Kaffeegranulat-Verpackungsmaschine\" class=\"wp-image-1819\" srcset=\"https:\/\/tianhuipackingmachine.com\/wp-content\/uploads\/2021\/07\/coffee-granule-packing-machine.jpg 600w, https:\/\/tianhuipackingmachine.com\/wp-content\/uploads\/2021\/07\/coffee-granule-packing-machine-300x225.jpg 300w\" sizes=\"auto, (max-width: 600px) 100vw, 600px\" \/><figcaption class=\"wp-element-caption\">Kaffeegranulat-Verpackungsmaschine<\/figcaption><\/figure> <\/div>    <div class=\"wp-block-column is-layout-flow wp-block-column-is-layout-flow\"> <p><\/p>    <h3 class=\"has-text-color wp-block-heading\" id=\"h-th-320-granule-packing-machine-parameters\" style=\"color:#ff5200\">Parameter der Granulatverpackungsmaschine TH-320<\/h3>    <ul class=\"wp-block-list\"> <li>Beutelstil: R\u00fcckseitige Versiegelung\/dreiseitige Versiegelung\/vierseitige Versiegelung<\/li>    <li>Verpackungsgeschwindigkeit: 32\u201372 Beutel\/Minute oder 50\u2013100 Beutel\/Minute<\/li>    <li>Beutell\u00e4nge: 30\u2013180 mm<\/li>    <li>Beutelbreite: 25\u2013145 mm (Former muss ersetzt werden)<\/li>    <li>F\u00fcllbereich: 22\u2013220 ml<\/li>    <li>Stromverbrauch: 1,8 kW<\/li>    <li>Gewicht: 250 kg<\/li>    <li>Abmessungen: 650*1050*1950mm<\/li>    <li>Kartongr\u00f6\u00dfe: 1100*750*1820mm<\/li>    <li>Hinweis: Kundenspezifischer Service verf\u00fcgbar<\/li> <\/ul> <\/div> <\/div>    <div class=\"wp-block-columns is-layout-flex wp-container-core-columns-is-layout-28f84493 wp-block-columns-is-layout-flex\"> <div class=\"wp-block-column is-layout-flow wp-block-column-is-layout-flow\"> <figure class=\"wp-block-image size-large\"><img loading=\"lazy\" decoding=\"async\" width=\"600\" height=\"450\" src=\"https:\/\/tianhuipackingmachine.com\/wp-content\/uploads\/2021\/06\/powder-pouch-packing-machine-2.jpg\" alt=\"Lieferant von Pulverbeutel-Verpackungsmaschinen\" class=\"wp-image-1351\" srcset=\"https:\/\/tianhuipackingmachine.com\/wp-content\/uploads\/2021\/06\/powder-pouch-packing-machine-2.jpg 600w, https:\/\/tianhuipackingmachine.com\/wp-content\/uploads\/2021\/06\/powder-pouch-packing-machine-2-300x225.jpg 300w\" sizes=\"auto, (max-width: 600px) 100vw, 600px\" \/><figcaption class=\"wp-element-caption\">Pulverbeutel-Verpackungsmaschine<\/figcaption><\/figure> <\/div>    <div class=\"wp-block-column is-layout-flow wp-block-column-is-layout-flow\"> <p><\/p>    <h3 class=\"has-text-color wp-block-heading\" id=\"h-vertical-powder-packing-machine-parameters\" style=\"color:#ff5200\">Parameter der vertikalen Pulververpackungsmaschine <\/h3>    <ul class=\"wp-block-list\"> <li>Verpackungsstil (Beutelstil): 3-seitige Versiegelung\/R\u00fcckenversiegelung\/4-seitige Versiegelung<\/li>    <li>Verpackungsgeschwindigkeit: 20-80 Beutel\/Min<\/li>    <li>Stromverbrauch: 1,8 kW<\/li>    <li>Stromverbrauch: 1,8 kW<\/li>    <li>Gewicht:\u00a0250\u00a0kg<\/li>    <li>Abmessungen: 650*1050*1950mm<\/li>    <li>Verpackungsgewicht: 0\u2013100 g<\/li>    <li>Beutelbreite: 20\u2013150 mm (Beutelformer ersetzen)<\/li>    <li>Taschenl\u00e4nge: 30\u2013180 mm verstellbar<\/li>    <li>Hinweis: Kundenspezifischer Service verf\u00fcgbar<\/li> <\/ul> <\/div> <\/div>    <div class=\"wp-block-columns is-layout-flex wp-container-core-columns-is-layout-28f84493 wp-block-columns-is-layout-flex\"> <div class=\"wp-block-column is-layout-flow wp-block-column-is-layout-flow\"> <figure class=\"wp-block-image size-large\"><img loading=\"lazy\" decoding=\"async\" width=\"600\" height=\"450\" src=\"https:\/\/tianhuipackingmachine.com\/wp-content\/uploads\/2021\/05\/TH-liquid-packaging-machine.jpg\" alt=\"Fl\u00fcssigkeitsverpackungsmaschine\" class=\"wp-image-721\" srcset=\"https:\/\/tianhuipackingmachine.com\/wp-content\/uploads\/2021\/05\/TH-liquid-packaging-machine.jpg 600w, https:\/\/tianhuipackingmachine.com\/wp-content\/uploads\/2021\/05\/TH-liquid-packaging-machine-300x225.jpg 300w\" sizes=\"auto, (max-width: 600px) 100vw, 600px\" \/><figcaption class=\"wp-element-caption\">Vertikale Fl\u00fcssigkeitsverpackungsmaschine<\/figcaption><\/figure> <\/div>    <div class=\"wp-block-column is-layout-flow wp-block-column-is-layout-flow\"> <p><\/p>    <h3 class=\"has-text-color wp-block-heading\" id=\"h-vertical-liquid-packing-machine-parameters\" style=\"color:#ff5200\">Parameter der vertikalen Fl\u00fcssigkeitsverpackungsmaschine <\/h3>    <ul class=\"wp-block-list\"> <li>Beutell\u00e4nge: 80\u2013300 mm (L).<\/li>    <li>Beutelbreite: 50\u2013200 mm (B).<\/li>    <li>Verpackungsgeschwindigkeit: 5-30 Beutel\/Min<\/li>    <li>Messbereich: 5\u20131000 ml<\/li>    <li>Luftverbrauch: 0,65 MPa<\/li>    <li>Gasverbrauch: 0,3 m\u00b3\/min<\/li>    <li>Spannung: 220 V<\/li>    <li>Leistung: 2,2 kW<\/li>    <li>Abmessungen: (L) 1320 mm \u00d7 (B) 950 mm \u00d7 (H) 1360 mm<\/li>    <li>Gewicht: 540 kg<\/li>    <li>Hinweis: Kundenspezifisch verf\u00fcgbar<\/li> <\/ul> <\/div> <\/div>    <div class=\"wp-block-columns is-layout-flex wp-container-core-columns-is-layout-28f84493 wp-block-columns-is-layout-flex\"> <div class=\"wp-block-column is-layout-flow wp-block-column-is-layout-flow\"> <figure class=\"wp-block-image size-large\"><a href=\"https:\/\/tianhuipackingmachine.com\/de\/candy-packaging-machine\/\"><img loading=\"lazy\" decoding=\"async\" width=\"600\" height=\"450\" src=\"https:\/\/tianhuipackingmachine.com\/wp-content\/uploads\/2021\/06\/multi-head-weigher-candy-packaging-machine.jpg\" alt=\"Mehrkopfwaage f\u00fcr S\u00fc\u00dfigkeitenverpackungsmaschine\" class=\"wp-image-1338\" srcset=\"https:\/\/tianhuipackingmachine.com\/wp-content\/uploads\/2021\/06\/multi-head-weigher-candy-packaging-machine.jpg 600w, https:\/\/tianhuipackingmachine.com\/wp-content\/uploads\/2021\/06\/multi-head-weigher-candy-packaging-machine-300x225.jpg 300w\" sizes=\"auto, (max-width: 600px) 100vw, 600px\" \/><\/a><figcaption class=\"wp-element-caption\">Mehrkopfwaage f\u00fcr S\u00fc\u00dfigkeitenverpackungsmaschine<\/figcaption><\/figure> <\/div>    <div class=\"wp-block-column is-layout-flow wp-block-column-is-layout-flow\"> <h3 class=\"has-text-color wp-block-heading\" id=\"h-tz-520-multi-head-weigher-packaging-machine-parameters\" style=\"color:#ff5200\">Parameter der Mehrkopfwaage TZ-520 der Verpackungsmaschine<\/h3>    <ul class=\"wp-block-list\"> <li>Filmbreite: Max. 520<\/li>    <li>Beutell\u00e4nge (mm): 80\u2013350<\/li>    <li>Beutelbreite (mm): 100\u2013250<\/li>    <li>Filmdurchmesser (mm): Max. 320<\/li>    <li>Packgeschwindigkeit\u00a0(P\/min): 5\u201360<\/li>    <li>Messbereich: 2000<\/li>    <li>Leistung (220 V, 50\/60 Hz): 3 kW<\/li>    <li>Abmessung (mm): 1488 x 1080 x 1490<\/li>    <li>Hinweis: OEM-Service verf\u00fcgbar<\/li> <\/ul> <\/div> <\/div>    <h2 class=\"has-contrast-color has-text-color wp-block-heading\" id=\"h-features-of-henan-top-vertical-form-filling-sealing-machine\">Merkmale der vertikalen Formf\u00fcll- und Verschlie\u00dfmaschine Henan Top <\/h2>    <ul class=\"wp-block-list\"> <li>Hochpr\u00e4zise Struktur, einfache Bedienung und Wartung;<\/li>    <li>Die gesamte Maschine besteht aus Edelstahl 304, mit Ausnahme der Federn und Messer, die nicht f\u00fcr die Herstellung von Edelstahl 304 geeignet sind.<\/li>    <li>Es kann die Beutelherstellung, Dosierung, Ausstanzung, Versiegelung, Schlitzung, Z\u00e4hlung und andere Funktionen automatisch durchf\u00fchren und Chargennummern entsprechend den Kundenanforderungen drucken.<\/li>    <li>Starke Anwendbarkeit und breite Anwendungsm\u00f6glichkeiten;<\/li>    <li>Durch die Verwendung einer fortschrittlichen Mikrocomputersteuerung und eines Schrittmotors zur Steuerung der Beutell\u00e4nge ist die Leistung stabil, die Einstellung bequem und die Erkennung genau.<\/li> <\/ul>    <h2 class=\"has-contrast-color has-text-color wp-block-heading\" id=\"h-wide-applications-of-vertical-packaging-machine\">Breite Anwendungen der vertikalen Verpackungsmaschine <\/h2>    <p class=\"translation-block\"><strong>Vertikale Verpackungsmaschine<\/strong> eignet sich zur Verpackung verschiedener Materialien, wie <strong><a href=\"https:\/\/tianhuipackingmachine.com\/de\/popcorn-packaging-machine\/\">Popcorn<\/a><\/strong>, Samen, N\u00fcsse und andere Partikel oder Fl\u00fcssigkeiten und Pasten wie Wasser, Getr\u00e4nke, Chili\u00f6l, und kann auch f\u00fcr verschiedene Pulververpackungsmaterialien geeignet sein. Sie kann die unterschiedlichen Bed\u00fcrfnisse der Benutzer erf\u00fcllen und hat ein breites Anwendungsspektrum.<\/p>    <div class=\"wp-block-columns is-layout-flex wp-container-core-columns-is-layout-28f84493 wp-block-columns-is-layout-flex\"> <div class=\"wp-block-column is-layout-flow wp-block-column-is-layout-flow\"> <figure class=\"wp-block-image size-large\"><img loading=\"lazy\" decoding=\"async\" width=\"600\" height=\"450\" src=\"https:\/\/tianhuipackingmachine.com\/wp-content\/uploads\/2021\/07\/applications-of-powder-packaging-machine.jpg\" alt=\"Anwendungen von Pulververpackungsmaschinen\" class=\"wp-image-1742\" srcset=\"https:\/\/tianhuipackingmachine.com\/wp-content\/uploads\/2021\/07\/applications-of-powder-packaging-machine.jpg 600w, https:\/\/tianhuipackingmachine.com\/wp-content\/uploads\/2021\/07\/applications-of-powder-packaging-machine-300x225.jpg 300w\" sizes=\"auto, (max-width: 600px) 100vw, 600px\" \/><figcaption class=\"wp-element-caption\">Anwendungen von Pulververpackungsmaschinen<\/figcaption><\/figure> <\/div>    <div class=\"wp-block-column is-layout-flow wp-block-column-is-layout-flow\"> <figure class=\"wp-block-image size-large\"><img loading=\"lazy\" decoding=\"async\" width=\"600\" height=\"450\" src=\"https:\/\/tianhuipackingmachine.com\/wp-content\/uploads\/2021\/07\/snacks-packing-equipment-applications.jpg\" alt=\"Anwendungen f\u00fcr Granulatverpackungsger\u00e4te\" class=\"wp-image-1712\" srcset=\"https:\/\/tianhuipackingmachine.com\/wp-content\/uploads\/2021\/07\/snacks-packing-equipment-applications.jpg 600w, https:\/\/tianhuipackingmachine.com\/wp-content\/uploads\/2021\/07\/snacks-packing-equipment-applications-300x225.jpg 300w\" sizes=\"auto, (max-width: 600px) 100vw, 600px\" \/><figcaption class=\"wp-element-caption\">Anwendungen von Granulatverpackungsger\u00e4ten<\/figcaption><\/figure> <\/div>    <div class=\"wp-block-column is-layout-flow wp-block-column-is-layout-flow\"> <figure class=\"wp-block-image size-large\"><img loading=\"lazy\" decoding=\"async\" width=\"720\" height=\"484\" src=\"https:\/\/tianhuipackingmachine.com\/wp-content\/uploads\/2021\/05\/liquid-packing-products-display.jpg\" alt=\"Anzeige von Fl\u00fcssigkeitsverpackungsprodukten\" class=\"wp-image-720\" srcset=\"https:\/\/tianhuipackingmachine.com\/wp-content\/uploads\/2021\/05\/liquid-packing-products-display.jpg 720w, https:\/\/tianhuipackingmachine.com\/wp-content\/uploads\/2021\/05\/liquid-packing-products-display-300x202.jpg 300w, https:\/\/tianhuipackingmachine.com\/wp-content\/uploads\/2021\/05\/liquid-packing-products-display-272x182.jpg 272w\" sizes=\"auto, (max-width: 720px) 100vw, 720px\" \/><figcaption class=\"wp-element-caption\">Anzeige von Fl\u00fcssigkeitsverpackungsprodukten<\/figcaption><\/figure> <\/div> <\/div>    <h2 class=\"has-contrast-color has-text-color wp-block-heading\" id=\"h-what-is-the-cost-of-vertical-form-packing-equipment\">Was kostet eine vertikale Formverpackungsanlage? <\/h2>    <p>Je nach Verst\u00e4ndnis der Marktbedingungen gibt es vertikale Verpackungsmaschinen in verschiedenen Ausf\u00fchrungen und der Preis ist sehr unterschiedlich. Unter ihnen sind die Faktoren, die den Preis der vertikalen Verpackungsmaschine beeinflussen, haupts\u00e4chlich zwei Aspekte: Modell und Parameter. Die Kosten der vertikalen Verpackungsmaschine h\u00e4ngen haupts\u00e4chlich von ihrer inneren Struktur ab, einschlie\u00dflich des Zylinders, des Formers, des Schneiders und der Materialstruktur aus Edelstahl 304, und die Gr\u00f6\u00dfe des Formers und des Schneiders ist unterschiedlich, und die Herstellungskosten sind unterschiedlich.\u2002<\/p>    <p class=\"translation-block\"><a href=\"https:\/\/tianhuipackingmachine.com\/de\/about-us\/\"><strong>Henan TOP Machinery<\/strong><\/a> ist ein professioneller Hersteller von Verpackungsmaschinen. Wenn Sie unsere Verpackungsmaschine kaufen, ist nicht nur die Qualit\u00e4t der Ausr\u00fcstung garantiert, sondern auch der After-Sales-Service ist ebenfalls garantiert. Nat\u00fcrlich werden wir auch die Verpackungsmaschine empfehlen, die am besten Ihren Anforderungen entspricht, basierend auf Ihren tats\u00e4chlichen Bed\u00fcrfnissen. Damit Sie sich keine Sorgen machen m\u00fcssen, brauchen Sie sich keine Gedanken \u00fcber Qualit\u00e4tsprobleme zu machen.<\/p>    <h2 class=\"has-contrast-color has-text-color wp-block-heading\" id=\"h-vertical-packing-machine-vs-pillow-packing-machine\">Vertikale Verpackungsmaschine vs. Kissenverpackungsmaschine <\/h2>    <p class=\"translation-block\"><strong>Vertikale Verpackungsmaschine<\/strong> bezieht sich auf eine vertikale Form-F\u00fcll-Verschlie\u00dfmaschine (VFFS-Maschine), die Spule befindet sich normalerweise am oberen Ende der Maschine. Die Spule wird von der Beutelmacherin in einen geformten Verpackungsbeutel umgewandelt, und dann wird der Prozess des F\u00fcllens, Verpackens und Versiegelns durchgef\u00fchrt. Sie kann f\u00fcr Granulate, Pulver, Fl\u00fcssigkeiten und Pasten verwendet werden. Sie hat ein breites Spektrum und kann viel Platz in der Fabrik sparen.<\/p>    <p class=\"translation-block\"><strong>Kissenverpackungsmaschine<\/strong> bezieht sich auf eine horizontale Form-F\u00fcll-Verschlie\u00dfmaschine (HFFS-Maschine), die verpackten Artikel werden horizontal durch das F\u00f6rderband zum Filmeingang transportiert (zu diesem Zeitpunkt ist der Film bereits zylindrisch durch die Beutelmacherin, und die verpackten Artikel gelangen in das zylindrische Verpackungsmaterial), und durchlaufen dann das Hei\u00dfversiegeln. Der Prozess des Pumpens oder Aspiriens, Schneidens usw. vervollst\u00e4ndigt die Verpackung. Lebensmittel wie Br\u00f6tchen, Schokolade, Kekse, Instantnudeln usw. werden alle von Kissenverpackungsmaschinen verpackt. Im Vergleich zur vertikalen Verpackung wird <a href=\"https:\/\/tianhuipackingmachine.com\/de\/pillow-packing-machine\/\"><strong>Kissenverpackungsausr\u00fcstung<\/strong><\/a> haupts\u00e4chlich verwendet, um relativ stilvolle Einzelartikel oder integrierte Artikel wie Bl\u00f6cke, B\u00e4nder und B\u00e4lle zu verpacken.&nbsp;<\/p>    <div class=\"wp-block-columns is-layout-flex wp-container-core-columns-is-layout-28f84493 wp-block-columns-is-layout-flex\"> <div class=\"wp-block-column is-layout-flow wp-block-column-is-layout-flow\"> <figure class=\"wp-block-image size-large\"><img loading=\"lazy\" decoding=\"async\" width=\"600\" height=\"450\" src=\"https:\/\/tianhuipackingmachine.com\/wp-content\/uploads\/2021\/07\/vertical-packing-machines-in-stock.jpg\" alt=\"Vertikale Verpackungsmaschinen auf Lager\" class=\"wp-image-1825\" srcset=\"https:\/\/tianhuipackingmachine.com\/wp-content\/uploads\/2021\/07\/vertical-packing-machines-in-stock.jpg 600w, https:\/\/tianhuipackingmachine.com\/wp-content\/uploads\/2021\/07\/vertical-packing-machines-in-stock-300x225.jpg 300w\" sizes=\"auto, (max-width: 600px) 100vw, 600px\" \/><figcaption class=\"wp-element-caption\">Vertikale Verpackungsmaschinen auf Lager<\/figcaption><\/figure> <\/div>    <div class=\"wp-block-column is-layout-flow wp-block-column-is-layout-flow\"> <figure class=\"wp-block-image size-large\"><img loading=\"lazy\" decoding=\"async\" width=\"600\" height=\"450\" src=\"https:\/\/tianhuipackingmachine.com\/wp-content\/uploads\/2021\/07\/pillow-packaging-machine-in-stock.jpg\" alt=\"Kissenverpackungsmaschine auf Lager\" class=\"wp-image-1770\" srcset=\"https:\/\/tianhuipackingmachine.com\/wp-content\/uploads\/2021\/07\/pillow-packaging-machine-in-stock.jpg 600w, https:\/\/tianhuipackingmachine.com\/wp-content\/uploads\/2021\/07\/pillow-packaging-machine-in-stock-300x225.jpg 300w\" sizes=\"auto, (max-width: 600px) 100vw, 600px\" \/><figcaption class=\"wp-element-caption\">Kissenverpackungsmaschine auf Lager<\/figcaption><\/figure> <\/div> <\/div>    <h2 class=\"has-contrast-color has-text-color wp-block-heading\" id=\"h-how-to-choose-a-reliable-vertical-packing-machine-manufacturer\">Wie w\u00e4hlt man einen zuverl\u00e4ssigen Hersteller vertikaler Verpackungsmaschinen aus? <\/h2>    <p>Vermutlich machen Sie sich beim Kauf von Produkten auch gro\u00dfe Sorgen \u00fcber verschiedene Probleme, sodass die Wahl eines zuverl\u00e4ssigen Herstellers von Verpackungsmaschinen f\u00fcr Sie eine gro\u00dfe Erleichterung sein kann. Folgende Punkte k\u00f6nnen Sie bei der Auswahl eines zuverl\u00e4ssigen Herstellers ber\u00fccksichtigen:<\/p>    <p>1. Zun\u00e4chst einmal ist eine hohe Kostenleistung das erste Prinzip. Bei der Auswahl eines Verpackungsmaschinenherstellers m\u00fcssen wir darauf achten, einen Hersteller mit ausgereifter Produktionstechnologie und stabiler Qualit\u00e4t auszuw\u00e4hlen, damit die Verpackung schneller und stabiler sein kann, um einen niedrigen Energieverbrauch, wenig manuelle Arbeit und eine niedrige Abfallrate zu erreichen ;<\/p>    <p>2. Im Hinblick auf den Kundendienst ist es notwendig, \u201eim Kreis\u201c zu w\u00e4hlen, um einen guten Ruf zu haben. P\u00fcnktlicher Kundendienst, der auf Abruf verf\u00fcgbar ist, um sicherzustellen, dass der Kundendienst gew\u00e4hrleistet ist;<\/p>    <p>3. Der von der Industrie vertrauten Verpackungsmaschine kann Vorrang einger\u00e4umt werden, und es muss unterschieden werden, ob es sich um einen Hersteller oder ein Handelsunternehmen handelt;<\/p>    <p>4. Auf der Suche nach professionellen Herstellern kundenspezifischer Designs. Er kann das Design der Montagelinie entsprechend den Produkteigenschaften, den Verpackungsfolienmaterialien und den Standortbedingungen anpassen, und die Produktionslinie ist ausgereift und vollst\u00e4ndig.<\/p>    <p class=\"translation-block\">Die Henan TOP Machinery Company ist eine <a href=\"https:\/\/tianhuipackingmachine.com\/de\/\"><strong>professionelle Verpackungsmaschinenfabrik<\/strong><\/a>. Wir sind seit vielen Jahren in der Verpackungsmaschinenindustrie t\u00e4tig. Unsere Produkte sind bei Kunden auf der ganzen Welt beliebt. Und wir sind Ihr Vertrauen wert!<\/p>    <h2 class=\"has-contrast-color has-text-color wp-block-heading\" id=\"h-tips-to-choose-a-correct-vertical-form-filling-sealing-machine\">Tipps zur Auswahl einer richtigen vertikalen Schlauchbeutelmaschine<\/h2>    <p>Viele K\u00e4ufer sind Neulinge und wissen nicht, wie man eine vertikale Verpackungsmaschine kauft. Teilen Sie uns daher bitte die folgenden wichtigen Informationen mit, wenn Sie sich nach dem Verpackungsmaschinenplan erkundigen, damit wir geeignete Verpackungsl\u00f6sungen f\u00fcr Ihr Unternehmen anbieten k\u00f6nnen. Das Schema dient als Referenz und Auswahl:<\/p>    <p>1. Welche Materialien m\u00fcssen Sie einpacken?<\/p>    <p>2. Was f\u00fcr eine Tasche wird ben\u00f6tigt? (Beutel mit r\u00fcckseitiger Versiegelung, dreiseitige Versiegelung, vierseitige Versiegelung oder etwas anderes)<\/p>    <p>3. M\u00fcssen Sie mehr als eine Packung packen? Oder wie viele\/Paket?<\/p>    <p>4. Muss ich das Produktionsdatum ausdrucken?<\/p>    <p>5. Gibt es Anforderungen an den Rumpf? Sind alle Geh\u00e4use aus Edelstahl erforderlich? Oder sollte der materialber\u00fchrende Teil aus einem Edelstahlk\u00f6rper bestehen?<\/p>    <p>6. Ist die Messgenauigkeit hoch? (F\u00fcr automatische Verpackungsmaschine)<\/p>    <h2 class=\"has-contrast-color has-text-color wp-block-heading\" id=\"h-contact-us-today-for-the-best-price\">Kontaktieren Sie uns noch heute f\u00fcr den besten Preis <\/h2>    <p class=\"translation-block\"><strong>Vertikale Verpackungsmaschine<\/strong> zum Verkauf von unserer Fabrik hat eine gute Leistung und absolut ausgezeichneten After-Sales-Service. Dar\u00fcber hinaus hat sie niedrigere Betriebskosten und Fabrikpreise und kann Ihnen auch Platz in der Fabrik sparen sowie eine einfache und effiziente Bedienung bieten, sodass die Wahl einer qualitativ hochwertigen vertikalen Verpackungsmaschine Ihrem Gesch\u00e4ft erheblich zugutekommen kann. Dar\u00fcber hinaus bieten wir auch andere verschiedene Arten von Verpackungsmaschinen an, wie Kissenverpackungsmaschinen, <a href=\"https:\/\/tianhuipackingmachine.com\/de\/vacuum-packaging-machine\/\"><strong>Vakuumverpackungsmaschine<\/strong><\/a> usw. Willkommen, uns noch heute zu kontaktieren, und wir freuen uns darauf, von Ihnen zu h\u00f6ren.<\/p>","protected":false},"excerpt":{"rendered":"<p>Vertical packaging machine&nbsp;or vertical form fill seal machine is a new type of packaging machine that can be used in food, beverage, medicine, chemical, and many other industries.&nbsp;It&nbsp;mainly includes liquid vertical packaging machines, granule&nbsp;vertical packaging machines, and powder vertical packaging machines. They are all basically the same in the main structure. Except for the hopper, [&hellip;]<\/p>\n","protected":false},"author":1,"featured_media":1819,"parent":0,"template":"","tags":[199],"product-type":[145],"class_list":["post-485","product","type-product","status-publish","has-post-thumbnail","hentry","tag-vertical-packing-machine","product-type-other-products"],"_links":{"self":[{"href":"https:\/\/tianhuipackingmachine.com\/de\/wp-json\/wp\/v2\/product\/485","targetHints":{"allow":["GET"]}}],"collection":[{"href":"https:\/\/tianhuipackingmachine.com\/de\/wp-json\/wp\/v2\/product"}],"about":[{"href":"https:\/\/tianhuipackingmachine.com\/de\/wp-json\/wp\/v2\/types\/product"}],"author":[{"embeddable":true,"href":"https:\/\/tianhuipackingmachine.com\/de\/wp-json\/wp\/v2\/users\/1"}],"wp:featuredmedia":[{"embeddable":true,"href":"https:\/\/tianhuipackingmachine.com\/de\/wp-json\/wp\/v2\/media\/1819"}],"wp:attachment":[{"href":"https:\/\/tianhuipackingmachine.com\/de\/wp-json\/wp\/v2\/media?parent=485"}],"wp:term":[{"taxonomy":"post_tag","embeddable":true,"href":"https:\/\/tianhuipackingmachine.com\/de\/wp-json\/wp\/v2\/tags?post=485"},{"taxonomy":"product-type","embeddable":true,"href":"https:\/\/tianhuipackingmachine.com\/de\/wp-json\/wp\/v2\/product-type?post=485"}],"curies":[{"name":"wp","href":"https:\/\/api.w.org\/{rel}","templated":true}]}}