{"id":4793,"date":"2022-01-12T09:55:21","date_gmt":"2022-01-12T01:55:21","guid":{"rendered":"https:\/\/tianhuipackingmachine.com\/?page_id=4793"},"modified":"2023-12-22T15:04:45","modified_gmt":"2023-12-22T07:04:45","slug":"counting-packing-machine","status":"publish","type":"product","link":"https:\/\/tianhuipackingmachine.com\/de\/counting-packing-machine\/","title":{"rendered":"Z\u00e4hlende Verpackungsmaschine"},"content":{"rendered":"<p class=\"translation-block\"><strong>Die Z\u00e4hlverpackungsmaschine<\/strong> ist geeignet f\u00fcr die Verpackung von Einzelteilen oder mehreren kleinen Teilen, indem sie mit unterschiedlichen Mengen von Trichtern kombiniert wird. Sie besteht haupts\u00e4chlich aus einem Z\u00e4hlsystem und einem Verpackungssystem. Das Z\u00e4hlsystem hat zwei Typen. Der eine ist ein Infrarot-Induktionssensor, und der andere ist ein ma\u00dfgeschneidertes Ger\u00e4t f\u00fcr eine bestimmte Anzahl pro Beutel. Das Verpackungssystem kann automatisch den Prozess des Beutelmachens, F\u00fcllens, Versiegelns und Schneidens abschlie\u00dfen. Es hat die Vorteile von hoher Automatisierung, Intelligenz, Effizienz, Pr\u00e4zision usw. Der Z\u00e4hltrichter wird entsprechend der Gr\u00f6\u00dfe und Anzahl der Objekte angepasst. Wenn Sie die Verpackungsgeschwindigkeit erh\u00f6hen oder verschiedene Arten von Materialien in einem Beutel verpacken m\u00f6chten, ist die Hinzuf\u00fcgung von vibrierenden Trichtern eine gute Idee.<\/p>    <figure class=\"wp-block-image aligncenter size-large\"><img loading=\"lazy\" decoding=\"async\" width=\"667\" height=\"500\" src=\"https:\/\/tianhuipackingmachine.com\/wp-content\/uploads\/2022\/01\/counting-packaging-machine-667x500.webp\" alt=\"z\u00e4hlende Verpackungsmaschine\" class=\"wp-image-6525\" srcset=\"https:\/\/tianhuipackingmachine.com\/wp-content\/uploads\/2022\/01\/counting-packaging-machine-667x500.webp 667w, https:\/\/tianhuipackingmachine.com\/wp-content\/uploads\/2022\/01\/counting-packaging-machine-480x360.webp 480w, https:\/\/tianhuipackingmachine.com\/wp-content\/uploads\/2022\/01\/counting-packaging-machine.webp 720w\" sizes=\"auto, (max-width: 667px) 100vw, 667px\" \/><figcaption class=\"wp-element-caption\">Z\u00e4hlende Verpackungsmaschine<\/figcaption><\/figure>    <h2 class=\"wp-block-heading\" id=\"h-what-are-the-characteristics-of-the-counting-packing-machine\">Was sind die Merkmale der Z\u00e4hlverpackungsmaschine?<\/h2>    <ol class=\"wp-block-list\"> <li>Einfache Struktur, einfache Installation, Bedienung und Wartung<\/li>    <li>Verpackungseffekt hervorragend, Hei\u00dfsiegelung fest, glatt und ordentlich<\/li>    <li>Hohe Produktionsgeschwindigkeit, Qualit\u00e4t, Effizienz und Haltbarkeit,<\/li>    <li>Die Nagelverpackungsmaschine\u00a0verwendet einen SPS-Steuerungsbildschirm, mit dem verschiedene laufende Daten bequem eingestellt werden k\u00f6nnen.<\/li>    <li>Ma\u00dfgeschneiderte Schraubenzuf\u00fchrscheibe entsprechend den Teilen, die einzeln in den Beutel gef\u00fcllt werden<\/li>    <li>Seien Sie mit einer Sicherheitsvorrichtung zum Schutz gef\u00e4hrlicher Teile ausgestattet, z. B. einer Abdeckung um den Schneider.<\/li>    <li>Das vibrierende Zuf\u00fchrdesign stellt sicher, dass die Materialien f\u00fcr die automatische Z\u00e4hlung in der richtigen Reihenfolge sind<\/li>    <li>Es kann je nach Kundenwunsch mit einer unterschiedlichen Anzahl von Schneckenf\u00f6rderern kombiniert werden.<\/li>    <li>Kann mit Datumsdruckern, Etikettiermaschinen, Ausgabef\u00f6rderern und anderen unterst\u00fctzenden Ger\u00e4ten kombiniert werden.<\/li> <\/ol>    <figure class=\"wp-block-gallery has-nested-images columns-default is-cropped wp-block-gallery-2 is-layout-flex wp-block-gallery-is-layout-flex\"> <figure class=\"wp-block-image size-large\"><img loading=\"lazy\" decoding=\"async\" width=\"667\" height=\"500\" data-id=\"6529\" src=\"https:\/\/tianhuipackingmachine.com\/wp-content\/uploads\/2022\/01\/multiple-feeder-of-counting-packing-machine-667x500.webp\" alt=\"Mehrfachzuf\u00fchrung der Z\u00e4hlverpackungsmaschine\" class=\"wp-image-6529\" srcset=\"https:\/\/tianhuipackingmachine.com\/wp-content\/uploads\/2022\/01\/multiple-feeder-of-counting-packing-machine-667x500.webp 667w, https:\/\/tianhuipackingmachine.com\/wp-content\/uploads\/2022\/01\/multiple-feeder-of-counting-packing-machine-480x360.webp 480w, https:\/\/tianhuipackingmachine.com\/wp-content\/uploads\/2022\/01\/multiple-feeder-of-counting-packing-machine.webp 720w\" sizes=\"auto, (max-width: 667px) 100vw, 667px\" \/><figcaption class=\"wp-element-caption\">Mehrfachzuf\u00fchrung der Z\u00e4hlverpackungsmaschine<\/figcaption><\/figure>    <figure class=\"wp-block-image size-large\"><img loading=\"lazy\" decoding=\"async\" width=\"750\" height=\"500\" data-id=\"4811\" src=\"https:\/\/tianhuipackingmachine.com\/wp-content\/uploads\/2022\/01\/screw-bowl-feeders-750x500.jpg\" alt=\"Schneckenf\u00f6rderer\" class=\"wp-image-4811\" srcset=\"https:\/\/tianhuipackingmachine.com\/wp-content\/uploads\/2022\/01\/screw-bowl-feeders.jpg 750w, https:\/\/tianhuipackingmachine.com\/wp-content\/uploads\/2022\/01\/screw-bowl-feeders-480x320.jpg 480w\" sizes=\"auto, (max-width: 750px) 100vw, 750px\" \/><figcaption class=\"wp-element-caption\">Schneckenf\u00f6rderer<\/figcaption><\/figure> <\/figure>    <h2 class=\"wp-block-heading\" id=\"h-main-components-of-screw-nail-packing-machine\">Hauptkomponenten der Schraubennagelverpackungsmaschine<\/h2>    <p class=\"translation-block\">Die Bolzenverpackungsmaschine besteht aus einem Schraubenvibrationsf\u00fctterer, einem Verpackungsfilmf\u00f6rderband, einem Beutelmacher, einem Bedienfeld, einer Versiegelungseinheit, einem Schneider, doppelten R\u00e4dern zum Ziehen des Films, einer Palette usw. Ein spiralf\u00f6rmiger Vibrationsf\u00fctterer wird verwendet, um die Artikel in der richtigen Reihenfolge anzuordnen. \u00c4hnlich wie <strong><a href=\"https:\/\/tianhuipackingmachine.com\/de\/chain-bucket-packing-machine\/\">Bucket-Chain-Verpackungsmaschinen<\/a><\/strong> kann sie mehrere Schraubentrichter kombinieren, um verschiedene Arten von Objekten in einem Beutel zu verpacken. Das Verpackungsfilmtransport-System umfasst mehrere Rollen und Ziehvorrichtungen f\u00fcr den Film, was f\u00fcr eine kontinuierliche Verpackung von Vorteil ist. PLC-Touchscreen, Anzeige f\u00fcr das W\u00e4rmesiegelger\u00e4t, Notfallknopf sowie Start- und Stopptaste befinden sich am Bedienfeld. \u00c4hnlich wie bei anderen Verpackungsmaschinen ist sie mit horizontalen Versiegelungs- und Endversiegelungs- und Schneidevorrichtungen ausgestattet. Um das Endprodukt zu sch\u00fctzen, befindet sich eine Palette am Boden der Maschine. Au\u00dferdem werden viele Kunden einen Ausgabef\u00f6rderer unter der Palette anbringen. <\/p>    <h2 class=\"wp-block-heading\" id=\"h-wide-applications-of-counting-and-packaging-equipment\">Vielf\u00e4ltige Anwendungsm\u00f6glichkeiten f\u00fcr Z\u00e4hl- und Verpackungsger\u00e4te<\/h2>    <p class=\"translation-block\">Die Z\u00e4hlverpackungsmaschine mit Schraubentrichter findet Anwendung in einer Vielzahl von Non-Food- und Lebensmittelindustrien. H\u00e4ufige Verpackungsartikel sind Befestigungss\u00e4tze, M\u00f6bel-Holzschrauben, Kunststoffstopfen, <a href=\"https:\/\/en.wikipedia.org\/wiki\/Bolt_(fastener)\" target=\"_blank\" rel=\"noopener\">Bolzen<\/a>, Kunststoffflaschenverschl\u00fcsse, Gummi-O-Ringe, Hardware, Schmuckst\u00fccke, Unterlegscheiben, N\u00e4gel, kleine Zubeh\u00f6rteile, Spielzeug, Bausteine, Kn\u00f6pfe, Medikamente, Bonbons, Milchtabletten, N\u00fcsse und andere kleine Gegenst\u00e4nde usw.<\/p>    <figure class=\"wp-block-gallery has-nested-images columns-default is-cropped wp-block-gallery-3 is-layout-flex wp-block-gallery-is-layout-flex\"> <figure class=\"wp-block-image size-large\"><img loading=\"lazy\" decoding=\"async\" width=\"750\" height=\"500\" data-id=\"4808\" src=\"https:\/\/tianhuipackingmachine.com\/wp-content\/uploads\/2022\/01\/widely-applicable-raw-material-750x500.jpg\" alt=\"weit verbreiteter Rohstoff\" class=\"wp-image-4808\" srcset=\"https:\/\/tianhuipackingmachine.com\/wp-content\/uploads\/2022\/01\/widely-applicable-raw-material.jpg 750w, https:\/\/tianhuipackingmachine.com\/wp-content\/uploads\/2022\/01\/widely-applicable-raw-material-480x320.jpg 480w\" sizes=\"auto, (max-width: 750px) 100vw, 750px\" \/><figcaption class=\"wp-element-caption\">Weit verbreiteter Rohstoff<\/figcaption><\/figure>    <figure class=\"wp-block-image size-large\"><img loading=\"lazy\" decoding=\"async\" width=\"750\" height=\"500\" data-id=\"4807\" src=\"https:\/\/tianhuipackingmachine.com\/wp-content\/uploads\/2022\/01\/fastener-parts-packaging-effect-750x500.jpg\" alt=\"Verpackungseffekt f\u00fcr Verbindungselemente\" class=\"wp-image-4807\" srcset=\"https:\/\/tianhuipackingmachine.com\/wp-content\/uploads\/2022\/01\/fastener-parts-packaging-effect.jpg 750w, https:\/\/tianhuipackingmachine.com\/wp-content\/uploads\/2022\/01\/fastener-parts-packaging-effect-480x320.jpg 480w\" sizes=\"auto, (max-width: 750px) 100vw, 750px\" \/><figcaption class=\"wp-element-caption\">Verpackungseffekt f\u00fcr Verbindungselemente<\/figcaption><\/figure> <\/figure>    <h2 class=\"wp-block-heading\" id=\"h-how-does-the-hardware-counting-packing-machine-work\">Wie funktioniert die Hardware-Z\u00e4hlverpackungsmaschine?<\/h2>    <ol class=\"wp-block-list\"> <li>Installieren Sie jeden Teil der automatisch z\u00e4hlenden Verpackungsmaschine und schlie\u00dfen Sie ihn an die Stromversorgung an.<\/li>    <li>Stellen Sie sicher, dass die Verpackungsfolie angebracht ist, und legen Sie die Verpackungsgegenst\u00e4nde in den Vibrationsf\u00f6rderer.<\/li>    <li>Richten Sie am Bedienfeld Verpackungsparameter ein, z. B. Sprache, Beutell\u00e4nge, Siegeltemperatur usw.<\/li>    <li>Beim Starten der Anlage werden die Verpackungsgegenst\u00e4nde automatisch zum Auslass transportiert, der Verpackungsbeutel geformt, die Gegenst\u00e4nde in Beutel gelegt, versiegelt und geschnitten.<\/li>    <li>Auf dem Touchscreen wird die Anzahl der fertigen Produkte angezeigt.<\/li>    <li>Schalten Sie die Verpackungsmaschine aus, wenn Sie mit der Arbeit fertig sind.<\/li>    <li>Behalten Sie es regelm\u00e4\u00dfig bei.<\/li> <\/ol>    <h2 class=\"wp-block-heading\" id=\"h-automatic-counting-packaging-equipment-working-video\">Video zum Betrieb der automatisch z\u00e4hlenden Verpackungsanlage <\/h2>   <figure class=\"wp-block-embed-youtube wp-block-embed is-type-video is-provider-youtube wp-embed-aspect-16-9 wp-has-aspect-ratio\"><div class=\"lyte-wrapper\" title=\"Automatische Z\u00e4hl- und Verpackungsmaschine | Kleinteile, Hardware, Schrauben, Milchtabletten, Komponenten\" style=\"width:853px;max-width:100%;margin:5px auto;\"><div class=\"lyMe\" id=\"WYL_KaRf02S05d4\" itemprop=\"video\" itemscope itemtype=\"https:\/\/schema.org\/VideoObject\"><div><meta itemprop=\"thumbnailUrl\" content=\"https:\/\/i.ytimg.com\/vi\/KaRf02S05d4\/hqdefault.jpg\" \/><meta itemprop=\"embedURL\" content=\"https:\/\/www.youtube.com\/embed\/KaRf02S05d4\" \/><meta itemprop=\"duration\" content=\"PT3M27S\" \/><meta itemprop=\"uploadDate\" content=\"2022-01-07T05:57:22Z\" \/><\/div><div id=\"lyte_KaRf02S05d4\" data-src=\"https:\/\/i.ytimg.com\/vi\/KaRf02S05d4\/hqdefault.jpg\" class=\"pL\"><div class=\"tC\"><div class=\"tT\" itemprop=\"name\">Automatische Z\u00e4hl- und Verpackungsmaschine | Kleinteile, Hardware, Schrauben, Milchtabletten, Komponenten<\/div><\/div><div class=\"play\"><\/div><div class=\"ctrl\"><div class=\"Lctrl\"><\/div><div class=\"Rctrl\"><\/div><\/div><\/div><noscript><a href=\"https:\/\/youtu.be\/KaRf02S05d4\" rel=\"nofollow noopener\" target=\"_blank\"><img loading=\"lazy\" decoding=\"async\" src=\"https:\/\/i.ytimg.com\/vi\/KaRf02S05d4\/0.jpg\" alt=\"Automatische Z\u00e4hl- und Verpackungsmaschine | Kleinteile, Hardware, Schrauben, Milchtabletten, Komponenten\" width=\"853\" height=\"460\" \/><\/a><\/noscript><meta itemprop=\"description\" content=\"If you are interested in it, welcome to contact us. Website: https:\/\/tianhuipackingmachine.com\/counting-packing-machine\/ Whatsapp\/Tel: +86 17329326135 Email: sales@toppackingmachine.com The automatic counting and packing machine is composed of vibratory feeders counting system and bag packaging system. It applies to small parts, hardware, screw, milk tablet, components, and other granular materials. The number of vibratory feeders depends on the packaging objects and actual requirements for packing speed. Each vibrating tray is customized in accordance with the size of the packaging things. TH-320 granule packing machine: https:\/\/youtu.be\/WL8gU11AWqI Electric vertical packing machine: https:\/\/youtu.be\/7TSMlFBWPOY Four-head weigher packing machine: https:\/\/youtu.be\/m3XHQ9LlhgY Email: sales@toppackingmachine.com Whatsapp\/Tel: +86 17329326135\"><\/div><\/div><div class=\"lL\" style=\"max-width:100%;width:853px;margin:5px auto;\"> <a href=\"https:\/\/youtu.be\/KaRf02S05d4\" target=\"_blank\" rel=\"noopener\">Dieses Video auf YouTube ansehen<\/a>.<\/div><figcaption><\/figcaption><\/figure>   <h2 class=\"wp-block-heading\" id=\"h-technical-data-of-automatic-counting-packaging-machine\">Technische Daten der automatischen Z\u00e4hlverpackungsmaschine<\/h2>    <figure class=\"wp-block-table is-style-stripes\"><table><tbody><tr><td>Modell<\/td><td>TH-320<\/td><\/tr><tr><td>Leistung<\/td><td>220V, 50\/60Hz, 2KW<\/td><\/tr><tr><td>Verpackungsgeschwindigkeit<\/td><td>30-60 Beutel\/Min<\/td><\/tr><tr><td>Taschenl\u00e4nge<\/td><td>50-180mm<\/td><\/tr><tr><td>Taschenbreite<\/td><td>40-150mm<\/td><\/tr><tr><td>Maximale Breite der Verpackungsfolie<\/td><td>320mm<\/td><\/tr><tr><td>Gewicht<\/td><td>300kg<\/td><\/tr><tr><td>Abmessungen<\/td><td>1200*1000*1600mm<\/td><\/tr><\/tbody><\/table><\/figure>    <p>Der Parameter ist nur eine Referenz f\u00fcr die Standard-Z\u00e4hlverpackungsmaschine TH-320. Die endg\u00fcltige Ausstattung richtet sich nach den Anforderungen des Kunden. Und sein Schneckenf\u00f6rderer wird normalerweise entsprechend der Gr\u00f6\u00dfe der Verpackungsgegenst\u00e4nde und der Anzahl pro Beutel angepasst. <\/p>","protected":false},"excerpt":{"rendered":"<p>Counting packing machine&nbsp;is suitable for single kind or several kinds of small parts packaging by matching different numbers of bowl feeders. It mainly consists of a counting system and a packaging system. The counting system has two types. One is an infrared ray induction sensor, and the other one is a customized device for a [&hellip;]<\/p>\n","protected":false},"author":1,"featured_media":6525,"parent":0,"template":"","tags":[164],"product-type":[136],"class_list":["post-4793","product","type-product","status-publish","has-post-thumbnail","hentry","tag-packing-machine","product-type-granule-packing-machines"],"_links":{"self":[{"href":"https:\/\/tianhuipackingmachine.com\/de\/wp-json\/wp\/v2\/product\/4793","targetHints":{"allow":["GET"]}}],"collection":[{"href":"https:\/\/tianhuipackingmachine.com\/de\/wp-json\/wp\/v2\/product"}],"about":[{"href":"https:\/\/tianhuipackingmachine.com\/de\/wp-json\/wp\/v2\/types\/product"}],"author":[{"embeddable":true,"href":"https:\/\/tianhuipackingmachine.com\/de\/wp-json\/wp\/v2\/users\/1"}],"wp:featuredmedia":[{"embeddable":true,"href":"https:\/\/tianhuipackingmachine.com\/de\/wp-json\/wp\/v2\/media\/6525"}],"wp:attachment":[{"href":"https:\/\/tianhuipackingmachine.com\/de\/wp-json\/wp\/v2\/media?parent=4793"}],"wp:term":[{"taxonomy":"post_tag","embeddable":true,"href":"https:\/\/tianhuipackingmachine.com\/de\/wp-json\/wp\/v2\/tags?post=4793"},{"taxonomy":"product-type","embeddable":true,"href":"https:\/\/tianhuipackingmachine.com\/de\/wp-json\/wp\/v2\/product-type?post=4793"}],"curies":[{"name":"wp","href":"https:\/\/api.w.org\/{rel}","templated":true}]}}