{"id":3035,"date":"2021-10-29T17:39:09","date_gmt":"2021-10-29T09:39:09","guid":{"rendered":"https:\/\/tianhuipackingmachine.com\/?page_id=3035"},"modified":"2023-03-17T16:23:44","modified_gmt":"2023-03-17T08:23:44","slug":"food-grinding-machine","status":"publish","type":"product","link":"https:\/\/tianhuipackingmachine.com\/de\/food-grinding-machine\/","title":{"rendered":"Lebensmittelmahlmaschine"},"content":{"rendered":"<p class=\"translation-block\"><strong>Lebensmittelmahlmaschine<\/strong> ist eine M\u00fchle, die f\u00fcr verschiedene trockene Lebensmittel wie Getreide, Reis, Sojabohnen, Zucker, Chili, Gew\u00fcrze, schwarzen Pfeffer, Kr\u00e4uter, Erdn\u00fcsse usw. verwendet wird. Der negative Drucktransport sorgt daf\u00fcr, dass die w\u00e4hrend des Mahlprozesses im Maschinengeh\u00e4use erzeugte W\u00e4rme kontinuierlich abgef\u00fchrt wird, sodass sie auch f\u00fcr das Mahlen von w\u00e4rmeempfindlichen Materialien geeignet ist. Durch die relativ hochgeschwindigkeitsm\u00e4\u00dfige Bewegung zwischen der beweglichen Zahndisk und dem festen Zahnrad wird das Material von der Zahndisk, durch Reibung und durch Kollisionen mit anderen Materialien beansprucht, um das Pulver zu erhalten.<\/p>    <h2 class=\"wp-block-heading\" id=\"h-types-of-food-grinding-machine\">Arten von Lebensmittelzerkleinerungsmaschinen zu verkaufen<\/h2>    <p class=\"translation-block\">Die zum Verkauf stehende Trockenlebensmittelmahlmaschine bei <strong><a href=\"https:\/\/tianhuipackingmachine.com\/de\/\">Henan Top Packing Machinery<\/a><\/strong> umfasst Klingen-, Kreuzhammer-, Turbo-, Zahnrad- und Siebtypen. Bei Siebtypen sind 40mesh, 60mesh, 80mesh, 100mesh und 120mesh verf\u00fcgbar. Das Mesh bezieht sich auf die Anzahl der L\u00f6cher pro Zoll. Je h\u00f6her die Mesh-Zahl pro Zoll, desto mehr L\u00f6cher und desto kleiner die Partikelgr\u00f6\u00dfe, die hindurchgehen. Daher k\u00f6nnen Sie den Siebtyp mit mehr Mesh w\u00e4hlen, wenn Sie feineres Pulver erhalten m\u00f6chten.<\/p>    <figure class=\"wp-block-image aligncenter size-full\"><img loading=\"lazy\" decoding=\"async\" width=\"750\" height=\"500\" src=\"https:\/\/tianhuipackingmachine.com\/wp-content\/uploads\/2021\/10\/grinding-machine-for-food.jpg\" alt=\"Mahlmaschine f\u00fcr Lebensmittel\" class=\"wp-image-3036\" srcset=\"https:\/\/tianhuipackingmachine.com\/wp-content\/uploads\/2021\/10\/grinding-machine-for-food.jpg 750w, https:\/\/tianhuipackingmachine.com\/wp-content\/uploads\/2021\/10\/grinding-machine-for-food-300x200.jpg 300w\" sizes=\"auto, (max-width: 750px) 100vw, 750px\" \/><figcaption class=\"wp-element-caption\">Mahlmaschine f\u00fcr Lebensmittel<\/figcaption><\/figure>    <h2 class=\"wp-block-heading\" id=\"h-food-grinding-machine-working-video\">Video zur Funktionsweise einer Lebensmittelmahlmaschine <\/h2>   <figure class=\"wp-block-embed-youtube wp-block-embed is-type-video is-provider-youtube wp-embed-aspect-16-9 wp-has-aspect-ratio\"><div class=\"lyte-wrapper\" title=\"Trockenfutter-Mahlmaschine | Wie funktioniert ein Lebensmittelmahlwerk? | Fleischwolfmaschine zu verkaufen\" style=\"width:853px;max-width:100%;margin:5px auto;\"><div class=\"lyMe\" id=\"WYL_6Wacp-y2C6A\" itemprop=\"video\" itemscope itemtype=\"https:\/\/schema.org\/VideoObject\"><div><meta itemprop=\"thumbnailUrl\" content=\"https:\/\/i.ytimg.com\/vi\/6Wacp-y2C6A\/hqdefault.jpg\" \/><meta itemprop=\"embedURL\" content=\"https:\/\/www.youtube.com\/embed\/6Wacp-y2C6A\" \/><meta itemprop=\"duration\" content=\"PT3M8S\" \/><meta itemprop=\"uploadDate\" content=\"2021-11-01T05:59:07Z\" \/><\/div><div id=\"lyte_6Wacp-y2C6A\" data-src=\"https:\/\/i.ytimg.com\/vi\/6Wacp-y2C6A\/hqdefault.jpg\" class=\"pL\"><div class=\"tC\"><div class=\"tT\" itemprop=\"name\">Trockenfutter-Mahlmaschine | Wie funktioniert ein Lebensmittelmahlwerk? | Fleischwolfmaschine zu verkaufen<\/div><\/div><div class=\"play\"><\/div><div class=\"ctrl\"><div class=\"Lctrl\"><\/div><div class=\"Rctrl\"><\/div><\/div><\/div><noscript><a href=\"https:\/\/youtu.be\/6Wacp-y2C6A\" rel=\"nofollow noopener\" target=\"_blank\"><img loading=\"lazy\" decoding=\"async\" src=\"https:\/\/i.ytimg.com\/vi\/6Wacp-y2C6A\/0.jpg\" alt=\"Trockenfutter-Mahlmaschine | Wie funktioniert ein Lebensmittelmahlwerk? | Fleischwolfmaschine zu verkaufen\" width=\"853\" height=\"460\" \/><\/a><\/noscript><meta itemprop=\"description\" content=\"More information here: https:\/\/tianhuipackingmachine.com\/food-grinding-machine\/ sales@toppackingmachine.com Whatsapp\/Tel: +86 17329326135 Dry food grinding machine is suitable for various dry food milling, such as grains, sugar, ginger, chilli, black pepper, bean, rice, seasoning, etc. It has the features of compact structure, reasonable design, simple operation, wide applications, and efficient working. The machine is made of stainless steel, durable and convenient to clean and maintain.\"><\/div><\/div><div class=\"lL\" style=\"max-width:100%;width:853px;margin:5px auto;\"> <a href=\"https:\/\/youtu.be\/6Wacp-y2C6A\" target=\"_blank\" rel=\"noopener\">Dieses Video auf YouTube ansehen<\/a>.<\/div><figcaption><\/figcaption><\/figure>   <h2 class=\"has-text-color wp-block-heading\" id=\"h-parameters-of-food-grinding-machine\" style=\"color:#ff5200\">Parameter der Lebensmittelmahlmaschine<\/h2>    <figure class=\"wp-block-table is-style-stripes\"><table><tbody><tr><td>Modell<\/td><td>TZ-18<\/td><td>TZ-20<\/td><td>TZ-30<\/td><td>TZ-40<\/td><td>TZ-60<\/td><\/tr><tr><td>Verarbeitungsfeinheit<\/td><td>5\u2013120 Maschen<\/td><td>5\u2013120 Maschen<\/td><td>5\u2013120 Maschen<\/td><td>5\u2013120 Maschen<\/td><td>5\u2013120 Maschen<\/td><\/tr><tr><td>Kapazit\u00e4t<\/td><td>5-60kg\/h<\/td><td>6-150kg\/h<\/td><td>100-200kg\/h<\/td><td>160\u2013800 kg\/h<\/td><td>500-1500kg\/h<\/td><\/tr><tr><td>Leistung<\/td><td>2,2 kW\/h<\/td><td>4 kW\/h<\/td><td>5,5 kW\/h<\/td><td>7,5 kW\/h<\/td><td>15 kW\/h<\/td><\/tr><tr><td>Gr\u00f6\u00dfe<\/td><td>550*600*1000mm<\/td><td>550*600*1250mm<\/td><td>600*700*1450mm<\/td><td>800*900*1550mm<\/td><td>1000*900*1680mm<\/td><\/tr><\/tbody><\/table><\/figure>    <h2 class=\"wp-block-heading\" id=\"h-features-of-food-grinder\">Merkmale der Fleischwolfmaschine<\/h2>    <ol class=\"wp-block-list\" type=\"1\"> <li>Angemessenes Design, kompakte Struktur, einfache Bedienung<\/li>    <li>Stabiler Betrieb, effizientes Arbeiten, Schleifen mit hoher Geschwindigkeit<\/li>    <li>Aus Edelstahl gefertigt, langlebig, praktisch f\u00fcr Reinigung und Wartung<\/li>    <li>Geeignet f\u00fcr eine Vielzahl von Materialien wie Reis, Sojabohnen, Zucker, Chili, Getreide, Gew\u00fcrze usw.<\/li>    <li>Viele Arten von Fleischwolf sind optional<\/li> <\/ol>    <h2 class=\"wp-block-heading\" id=\"h-applications-of-grinding-miller\">Anwendungen von Schleifm\u00fchlen<\/h2>    <p>Die kommerzielle Lebensmittelmahlmaschine wird haupts\u00e4chlich f\u00fcr alle Arten von Getreide, Gew\u00fcrzen, chinesischen Kr\u00e4uterarzneimitteln mit Wurzeln, Zweigen, Blockmaterial und anderen trockenen, harten oder spr\u00f6den Materialien mit niedrigem \u00d6lgehalt verwendet. Zu den verwendbaren Materialien geh\u00f6ren Bohnen, Weizen, Reis, Hirse, Gerste, schwarzer Reis, Buchweizen, Sorghum, Maisk\u00f6rner, schwarzer Pfeffer, Chili, Kakaobohnen, Ingwer, Fenchelsamen und so weiter. Dar\u00fcber hinaus kann es auch in der Chemie-, Pharma- und Pestizidindustrie eingesetzt werden.<\/p>    <div class=\"wp-block-columns is-layout-flex wp-container-core-columns-is-layout-28f84493 wp-block-columns-is-layout-flex\"> <div class=\"wp-block-column is-layout-flow wp-block-column-is-layout-flow\"> <figure class=\"wp-block-image size-full\"><img loading=\"lazy\" decoding=\"async\" width=\"750\" height=\"500\" src=\"https:\/\/tianhuipackingmachine.com\/wp-content\/uploads\/2021\/10\/applications-of-food-grinder.jpg\" alt=\"Anwendungen von Lebensmittelm\u00fchlen\" class=\"wp-image-3039\" srcset=\"https:\/\/tianhuipackingmachine.com\/wp-content\/uploads\/2021\/10\/applications-of-food-grinder.jpg 750w, https:\/\/tianhuipackingmachine.com\/wp-content\/uploads\/2021\/10\/applications-of-food-grinder-300x200.jpg 300w\" sizes=\"auto, (max-width: 750px) 100vw, 750px\" \/><figcaption class=\"wp-element-caption\">Anwendungen von Lebensmittelm\u00fchlen<\/figcaption><\/figure> <\/div>    <div class=\"wp-block-column is-layout-flow wp-block-column-is-layout-flow\"> <figure class=\"wp-block-image size-full\"><img loading=\"lazy\" decoding=\"async\" width=\"750\" height=\"500\" src=\"https:\/\/tianhuipackingmachine.com\/wp-content\/uploads\/2021\/10\/food-grinder-applications.jpg\" alt=\"Anwendungen f\u00fcr Lebensmittelm\u00fchlen\" class=\"wp-image-3040\" srcset=\"https:\/\/tianhuipackingmachine.com\/wp-content\/uploads\/2021\/10\/food-grinder-applications.jpg 750w, https:\/\/tianhuipackingmachine.com\/wp-content\/uploads\/2021\/10\/food-grinder-applications-300x200.jpg 300w\" sizes=\"auto, (max-width: 750px) 100vw, 750px\" \/><figcaption class=\"wp-element-caption\">Anwendungen f\u00fcr Lebensmittelm\u00fchlen<\/figcaption><\/figure> <\/div> <\/div>    <h2 class=\"wp-block-heading\" id=\"h-structure-of-food-grinder\">Aufbau der Lebensmittelwolfausr\u00fcstung<\/h2>    <p>Die Lebensmittelmahlmaschine besteht aus Einlass, Geschwindigkeitseinstellvorrichtung, Feststellschraube, Zerkleinerungshohlraum, Schaltknopf und Auslass. Vor dem Einsatz der Maschine muss sichergestellt werden, dass der Brechraum geschlossen und die Schnecke verriegelt ist. Der Hauptarbeitsprozess besteht darin, Material \u00fcber den Einlass in die M\u00fchle zu f\u00fcllen, dann flie\u00dft das Material in den Brechhohlraum, um es zu Pulver zu mahlen, und erh\u00e4lt schlie\u00dflich das entsprechende Pulver aus dem Auslass. Bereiten Sie am besten einen sauberen Beutel vor, den Sie am Auslass befestigen, damit sich das Pulver nicht nur leicht auffangen l\u00e4sst, sondern auch der Arbeitsplatz besser sauber bleibt.<\/p>    <figure class=\"wp-block-image aligncenter size-full\"><img loading=\"lazy\" decoding=\"async\" width=\"750\" height=\"500\" src=\"https:\/\/tianhuipackingmachine.com\/wp-content\/uploads\/2021\/11\/structure-of-grinding-miller.jpg\" alt=\"Struktur des Mahlwerks\" class=\"wp-image-3050\" srcset=\"https:\/\/tianhuipackingmachine.com\/wp-content\/uploads\/2021\/11\/structure-of-grinding-miller.jpg 750w, https:\/\/tianhuipackingmachine.com\/wp-content\/uploads\/2021\/11\/structure-of-grinding-miller-300x200.jpg 300w\" sizes=\"auto, (max-width: 750px) 100vw, 750px\" \/><figcaption class=\"wp-element-caption\">Struktur des Mahlwerks<\/figcaption><\/figure>    <h2 class=\"wp-block-heading\" id=\"h-related-machines\">Verwandte Maschinen<\/h2>    <p class=\"translation-block\">Die Lebensmittelmahlger\u00e4te k\u00f6nnen nicht nur alleine verwendet werden, sondern auch mit einem Mixer (Trommelmischer, horizontaler Mischer optional) und <strong><a href=\"https:\/\/tianhuipackingmachine.com\/de\/powder-packing-machine\/\">Pulververpackungsmaschine<\/a><\/strong> kombiniert werden, um eine gesamte vollautomatische Produktionslinie zu bilden. Die Linie kann den Prozess des Mahlens, Mischens, Verpackens, Versiegelns und Z\u00e4hlens abschlie\u00dfen. Wenn Sie daran interessiert sind, k\u00f6nnen Sie sich bald mit uns in Verbindung setzen, um weitere Details und den besten Preis zu erhalten.<\/p>","protected":false},"excerpt":{"rendered":"<p>Food grinding machine&nbsp;is a grinder&nbsp;used for various dry food, like grains, rice, soybean, sugar, chili, spice, black pepper, herbs, peanut, etc. Negative pressure conveying causes the heat generated in the machine cavity to be continuously discharged during the grinding process, so it is also suitable for the milling of heat-sensitive materials. Local using the relatively [&hellip;]<\/p>\n","protected":false},"author":1,"featured_media":3036,"parent":0,"template":"","tags":[203],"product-type":[144],"class_list":["post-3035","product","type-product","status-publish","has-post-thumbnail","hentry","tag-food-grinding-machine","product-type-supporting-equipment"],"_links":{"self":[{"href":"https:\/\/tianhuipackingmachine.com\/de\/wp-json\/wp\/v2\/product\/3035","targetHints":{"allow":["GET"]}}],"collection":[{"href":"https:\/\/tianhuipackingmachine.com\/de\/wp-json\/wp\/v2\/product"}],"about":[{"href":"https:\/\/tianhuipackingmachine.com\/de\/wp-json\/wp\/v2\/types\/product"}],"author":[{"embeddable":true,"href":"https:\/\/tianhuipackingmachine.com\/de\/wp-json\/wp\/v2\/users\/1"}],"wp:featuredmedia":[{"embeddable":true,"href":"https:\/\/tianhuipackingmachine.com\/de\/wp-json\/wp\/v2\/media\/3036"}],"wp:attachment":[{"href":"https:\/\/tianhuipackingmachine.com\/de\/wp-json\/wp\/v2\/media?parent=3035"}],"wp:term":[{"taxonomy":"post_tag","embeddable":true,"href":"https:\/\/tianhuipackingmachine.com\/de\/wp-json\/wp\/v2\/tags?post=3035"},{"taxonomy":"product-type","embeddable":true,"href":"https:\/\/tianhuipackingmachine.com\/de\/wp-json\/wp\/v2\/product-type?post=3035"}],"curies":[{"name":"wp","href":"https:\/\/api.w.org\/{rel}","templated":true}]}}