{"id":2876,"date":"2021-10-11T14:28:12","date_gmt":"2021-10-11T06:28:12","guid":{"rendered":"https:\/\/tianhuipackingmachine.com\/?page_id=2876"},"modified":"2024-03-08T15:03:08","modified_gmt":"2024-03-08T07:03:08","slug":"multi-head-filling-machine","status":"publish","type":"product","link":"https:\/\/tianhuipackingmachine.com\/de\/multi-head-filling-machine\/","title":{"rendered":"Mehrkopf-Abf\u00fcllmaschine"},"content":{"rendered":"<p class=\"translation-block\"><strong>Multi-Head-F\u00fcllmaschine<\/strong> ist mit mehreren W\u00e4geeinheiten oder Ausl\u00e4ssen ausgestattet, um Materialien abzuf\u00fcllen. Es ist eine Art von quantitativer F\u00fcllmaschine. Die Maschine kann Materialien in Taschen, Flaschen, Dosen usw. abf\u00fcllen. Es gibt eine Vielzahl von Multi-Head-F\u00fcllmaschinen f\u00fcr Pulver, Granulate, Fl\u00fcssigkeiten oder Pasten. Dar\u00fcber hinaus kann die Multi-Head-F\u00fcllausr\u00fcstung mit einem entsprechenden Verpackungssystem kombiniert werden, um Verpackungsmaschinen zu werden. Multi-Head-Taschenverpackungsmaschinen umfassen die Multi-Head-pneumatische Beutelverpackungsmaschine und die Multi-Head-Kombinationsverpackungsmaschine. Die pneumatische Maschine wird durch pneumatische Kraft betrieben und l\u00e4uft stabil. Dar\u00fcber hinaus ist ein Anpassungsservice gem\u00e4\u00df Ihren tats\u00e4chlichen Anforderungen verf\u00fcgbar.<\/p>    <h2 class=\"wp-block-heading\" id=\"h-multi-head-filling-machine-for-sale\">Mehrkopff\u00fcllmaschine zu verkaufen<\/h2>    <h3 class=\"wp-block-heading\" id=\"h-pneumatic-electronic-scale-filling-machine\">Pneumatische elektronische Waagenf\u00fcllmaschine<\/h3>    <p>Die pneumatischen Abf\u00fcllmaschinen mit elektronischer Waage sind optional mit Doppelkopf, Dreikopf, Vierkopf und F\u00fcnfkopf erh\u00e4ltlich. Verschiedene Arten von Materialien k\u00f6nnen in verschiedene Trichter mit Waage gegeben werden, um verschiedene Gramm separat zu wiegen, und diese Materialien k\u00f6nnen in denselben Beutel, dieselbe Flasche oder Dose gegeben werden. F\u00fcr das gleiche Produkt k\u00f6nnen Mehrkopf-Abf\u00fcllausl\u00e4sse abwechselnd eingestellt werden, um die Produktionseffizienz zu verbessern. Es eignet sich f\u00fcr verschiedene Partikel und Pulver, wie Milchpulver, Kaffeepulver, Mehl, Getreide, Dufttee, Kaffeebohne, Reis, Hirse, Popcorn, Snacks, N\u00fcsse, Samen, Pufffutter, Wolfsbeere, M\u00fcsli, Trockenfr\u00fcchte, Kastanie , Hundefutter, Schmuck, Hardware-Zubeh\u00f6r und so weiter. Dar\u00fcber hinaus kann die Wiege- und F\u00fcllmaschine mit einem Verpackungssystem ausgestattet werden, das das Wiegen, Beutelmachen, Bef\u00fcllen, Verschlie\u00dfen und Schneiden \u00fcbernimmt. Die hintere und seitliche Dichtung sind optional.<\/p>    <div class=\"wp-block-image\"><figure class=\"aligncenter size-full\"><img loading=\"lazy\" decoding=\"async\" width=\"750\" height=\"500\" src=\"https:\/\/tianhuipackingmachine.com\/wp-content\/uploads\/2021\/10\/pneumatic-multi-head-weigher-filler.jpg\" alt=\"pneumatischer Mehrkopfwaagenf\u00fcller\" class=\"wp-image-2879\" srcset=\"https:\/\/tianhuipackingmachine.com\/wp-content\/uploads\/2021\/10\/pneumatic-multi-head-weigher-filler.jpg 750w, https:\/\/tianhuipackingmachine.com\/wp-content\/uploads\/2021\/10\/pneumatic-multi-head-weigher-filler-300x200.jpg 300w\" sizes=\"auto, (max-width: 750px) 100vw, 750px\" \/><figcaption>pneumatischer Mehrkopfwaagenf\u00fcller<\/figcaption><\/figure><\/div>    <h3 class=\"wp-block-heading\" id=\"h-multi-head-liquid-filling-machine\">Mehrkopf-Fl\u00fcssigkeitsf\u00fcllmaschine<\/h3>    <p class=\"translation-block\">Multi-Auslass <strong><a href=\"https:\/\/tianhuipackingmachine.com\/de\/liquid-filling-machines\/\">Fl\u00fcssigkeitsf\u00fcllger\u00e4te<\/a><\/strong> k\u00f6nnen unabh\u00e4ngig oder als Teil der Produktionslinie verwendet werden. Es kann mehrere Flaschen oder Dosen gleichzeitig abf\u00fcllen. Der F\u00fcllbereich der Pumpenmodelle umfasst 10-100 ml, 50-500 ml, 100-1000 ml, 500-3000 ml, 1000-5000 ml usw. Und die Anzahl der F\u00fcllausl\u00e4sse kann basierend auf Ihren Bed\u00fcrfnissen angepasst werden. Der Multi-Head-Fl\u00fcssigkeitsf\u00fcller verwendet ein Antitropfger\u00e4t, um die F\u00fcllgenauigkeit ohne Tropfen zu gew\u00e4hrleisten. Dar\u00fcber hinaus kann er mit anderen Maschinen kombiniert werden, um eine gesamte Produktionslinie zu bilden, wie z.B. Flaschenentschleunigungsmaschine, <strong><a href=\"https:\/\/tianhuipackingmachine.com\/de\/vacuum-capping-machines\/\">Verschlie\u00dfmaschine<\/a><\/strong>, Etikettiermaschine, <strong><a href=\"https:\/\/tianhuipackingmachine.com\/de\/carton-sealing-machine\/\">Kartonschlie\u00dfmaschine<\/a><\/strong> usw. Wenn Sie Pasten abf\u00fcllen m\u00f6chten, gibt es Pastenf\u00fcller, die mit Pastenpumpen ausgestattet sind. Und ein Anpassungsservice wird angeboten.<\/p>    <div class=\"wp-block-image\"><figure class=\"aligncenter size-full\"><img loading=\"lazy\" decoding=\"async\" width=\"750\" height=\"500\" src=\"https:\/\/tianhuipackingmachine.com\/wp-content\/uploads\/2021\/09\/multi-head-automatic-liquid-filler.jpg\" alt=\"Automatischer Mehrkopf-Fl\u00fcssigkeitsf\u00fcller\" class=\"wp-image-2564\" srcset=\"https:\/\/tianhuipackingmachine.com\/wp-content\/uploads\/2021\/09\/multi-head-automatic-liquid-filler.jpg 750w, https:\/\/tianhuipackingmachine.com\/wp-content\/uploads\/2021\/09\/multi-head-automatic-liquid-filler-300x200.jpg 300w\" sizes=\"auto, (max-width: 750px) 100vw, 750px\" \/><figcaption>Automatischer Mehrkopf-Fl\u00fcssigkeitsf\u00fcller<\/figcaption><\/figure><\/div>    <h2 class=\"wp-block-heading\" id=\"h-pneumatic-multi-head-pouch-packing-machine-chain-bucket-packing-machine\">Pneumatische Mehrkopf-Beutelverpackungsmaschine und Ketteneimer-Verpackungsmaschine<\/h2>    <p class=\"translation-block\">Pneumatische Multitrack-Beutelverpackungsmaschinen k\u00f6nnen nicht nur F\u00fcllausl\u00e4sse einrichten, um abwechselnd dasselbe Material abzuf\u00fcllen, sondern auch verschiedene Arten von Materialien in unterschiedlichen Gramm separat wiegen und in einen Beutel verpacken. W\u00e4hrend die Kettenbeh\u00e4lterverpackungsmaschine selbst nicht \u00fcber die Funktion des Wiegens verf\u00fcgt. Sie kann mit mehreren kleinen <strong><a href=\"https:\/\/tianhuipackingmachine.com\/de\/small-filling-machine\/\">Desktop-Quantit\u00e4tsf\u00fcllmaschinen<\/a><\/strong> f\u00fcr Granulate oder Pulver kombiniert werden, um ein bestimmtes Gewicht verschiedener Materialien zu verpacken, wie z.B. aromatisierten Tee, Getreide und andere Mischprodukte. Im Vergleich zu letzterem erfordert die <strong><a href=\"https:\/\/tianhuipackingmachine.com\/de\/chain-bucket-packing-machine\/\">Kettenbeh\u00e4lterverpackungsmaschine<\/a><\/strong> h\u00f6here Kosten. Beide k\u00f6nnen zusammen mit unterst\u00fctzenden Maschinen arbeiten, wie z.B. F\u00f6rdermaschinen, Ausgangsf\u00f6rderb\u00e4nder, Datendrucker, Stickstofff\u00fcllger\u00e4te usw.<\/p>    <div class=\"wp-block-columns is-layout-flex wp-container-core-columns-is-layout-28f84493 wp-block-columns-is-layout-flex\"> <div class=\"wp-block-column is-layout-flow wp-block-column-is-layout-flow\"> <figure class=\"wp-block-image size-full\"><img loading=\"lazy\" decoding=\"async\" width=\"600\" height=\"450\" src=\"https:\/\/tianhuipackingmachine.com\/wp-content\/uploads\/2021\/10\/pneumatic-multitrack-pouch-packing-machine.jpg\" alt=\"pneumatische mehrspurige Beutelverpackungsmaschine\" class=\"wp-image-2880\" srcset=\"https:\/\/tianhuipackingmachine.com\/wp-content\/uploads\/2021\/10\/pneumatic-multitrack-pouch-packing-machine.jpg 600w, https:\/\/tianhuipackingmachine.com\/wp-content\/uploads\/2021\/10\/pneumatic-multitrack-pouch-packing-machine-300x225.jpg 300w\" sizes=\"auto, (max-width: 600px) 100vw, 600px\" \/><figcaption>Pneumatische Mehrspur-Beutelverpackungsmaschine<\/figcaption><\/figure> <\/div>    <div class=\"wp-block-column is-layout-flow wp-block-column-is-layout-flow\"> <figure class=\"wp-block-image size-full\"><img loading=\"lazy\" decoding=\"async\" width=\"600\" height=\"450\" src=\"https:\/\/tianhuipackingmachine.com\/wp-content\/uploads\/2021\/09\/chain-bucket-packing-machine.jpg\" alt=\"Ketteneimer-Verpackungsmaschine\" class=\"wp-image-2605\" srcset=\"https:\/\/tianhuipackingmachine.com\/wp-content\/uploads\/2021\/09\/chain-bucket-packing-machine.jpg 600w, https:\/\/tianhuipackingmachine.com\/wp-content\/uploads\/2021\/09\/chain-bucket-packing-machine-300x225.jpg 300w\" sizes=\"auto, (max-width: 600px) 100vw, 600px\" \/><figcaption>Ketteneimer-Verpackungsmaschine<\/figcaption><\/figure> <\/div> <\/div>    <h2 class=\"wp-block-heading\" id=\"h-conclusion\">Abschluss<\/h2>    <p class=\"translation-block\">Die Multi-Head-F\u00fcllmaschine ist das Ger\u00e4t zum Abf\u00fcllen von Materialien. Die pneumatische Multi-Head-Elektrowaage kann abwechselnd ein einzelnes Material abf\u00fcllen oder verschiedene Gramm von Materialien separat wiegen und gleichzeitig abf\u00fcllen. Egal ob Pulver, Granulat, Fl\u00fcssigkeit oder Paste, es gibt entsprechende F\u00fcllsysteme und Verpackungssysteme. Als <strong><a href=\"https:\/\/tianhuipackingmachine.com\/de\/\">Hersteller und Lieferant von Verpackungsmaschinen<\/a><\/strong> bieten wir auch Kissenverpackungsmaschinen, <strong><a href=\"https:\/\/tianhuipackingmachine.com\/de\/vacuum-packaging-machine\/\">Vakuumverpackungsmaschinen<\/a><\/strong>, kontinuierliche Schwei\u00dfmaschinen, Verschlie\u00dfmaschinen, <strong><a href=\"https:\/\/tianhuipackingmachine.com\/de\/semi-automatic-round-bottle-labeling-machine\/\">Etikettiermaschinen<\/a><\/strong>, Kartonschlie\u00dfmaschinen, Ladef\u00f6rderer, Ausgangsf\u00f6rderb\u00e4nder, Codierungsdrucker usw. an. Dar\u00fcber hinaus unterst\u00fctzen wir OEM-Dienste basierend auf Ihren spezifischen Anforderungen. <strong><a href=\"https:\/\/tianhuipackingmachine.com\/de\/contact\/\">Kontaktieren Sie uns<\/a><\/strong>, um weitere Details und den besten Preis zu erhalten, und wir werden Ihnen so schnell wie m\u00f6glich antworten.<\/p>","protected":false},"excerpt":{"rendered":"<p>Multi-head filling machine is equipped with multiple weighers or outlets to fill materials. It\u2019s one kind of quantitative filling machine. The machine can fill materials into bags, bottles, cans, etc. There are a variety of multi-head filling machines for powder, granules, liquid, or paste. Besides, the multi-head filling equipment can match with accordant packaging system [&hellip;]<\/p>\n","protected":false},"author":1,"featured_media":2879,"parent":0,"template":"","tags":[162],"product-type":[141],"class_list":["post-2876","product","type-product","status-publish","has-post-thumbnail","hentry","tag-filling-machine","product-type-filling-machines"],"_links":{"self":[{"href":"https:\/\/tianhuipackingmachine.com\/de\/wp-json\/wp\/v2\/product\/2876","targetHints":{"allow":["GET"]}}],"collection":[{"href":"https:\/\/tianhuipackingmachine.com\/de\/wp-json\/wp\/v2\/product"}],"about":[{"href":"https:\/\/tianhuipackingmachine.com\/de\/wp-json\/wp\/v2\/types\/product"}],"author":[{"embeddable":true,"href":"https:\/\/tianhuipackingmachine.com\/de\/wp-json\/wp\/v2\/users\/1"}],"wp:featuredmedia":[{"embeddable":true,"href":"https:\/\/tianhuipackingmachine.com\/de\/wp-json\/wp\/v2\/media\/2879"}],"wp:attachment":[{"href":"https:\/\/tianhuipackingmachine.com\/de\/wp-json\/wp\/v2\/media?parent=2876"}],"wp:term":[{"taxonomy":"post_tag","embeddable":true,"href":"https:\/\/tianhuipackingmachine.com\/de\/wp-json\/wp\/v2\/tags?post=2876"},{"taxonomy":"product-type","embeddable":true,"href":"https:\/\/tianhuipackingmachine.com\/de\/wp-json\/wp\/v2\/product-type?post=2876"}],"curies":[{"name":"wp","href":"https:\/\/api.w.org\/{rel}","templated":true}]}}