{"id":2827,"date":"2021-09-28T16:17:47","date_gmt":"2021-09-28T08:17:47","guid":{"rendered":"https:\/\/tianhuipackingmachine.com\/?page_id=2827"},"modified":"2024-03-08T14:44:22","modified_gmt":"2024-03-08T06:44:22","slug":"flat-label-applicator","status":"publish","type":"product","link":"https:\/\/tianhuipackingmachine.com\/de\/flat-label-applicator\/","title":{"rendered":"Flacher Etikettenapplikator"},"content":{"rendered":"<p class=\"translation-block\"><strong>Flachetikettierer<\/strong> umfasst eine Desktop-Flach-Verklebemaschine und eine vertikale Flach-Verklebemaschine. Es ist eine automatische Etikettiermaschine, geeignet f\u00fcr verschiedene flache Oberfl\u00e4chen, wie flache Beutel, Kartons oder Dosen mit flachen Deckeln, Kartons usw. Die Maschine kann alleine verwendet oder mit anderen Maschinen kombiniert werden, um eine komplette Produktionslinie zu bilden, wie Abf\u00fcllmaschine, Versiegelungsmaschine, Verpackungsmaschine, Verschlussmaschine, Beladungsmaschine, F\u00f6rderband, Datumsdrucker und so weiter. Sie k\u00f6nnen je nach Bedarf die Gr\u00f6\u00dfe der Etiketten, die Gr\u00f6\u00dfen der Etikettierobjekte, die Etikettiergeschwindigkeit usw. ausw\u00e4hlen. Dar\u00fcber hinaus k\u00f6nnen Sie uns auch kontaktieren, um basierend auf Ihren Anforderungen n\u00fctzliche Vorschl\u00e4ge zu erhalten.<\/p>    <h2 class=\"wp-block-heading\" id=\"h-flat-label-applicator-for-sale\">Flacher Etikettenapplikator zu verkaufen<\/h2>    <p>Die automatische Etikettiermaschine f\u00fcr die ebene Fl\u00e4che, die bei Top(Henan) Machinery zum Verkauf steht, wird als vertikaler flacher Etikettierapplikator und Desktop-Etikettierger\u00e4t bezeichnet. Ersteres ist h\u00f6her als Letzteres. Eine vertikale Maschine l\u00e4sst sich bequem in der richtigen H\u00f6he betreiben. Und das Desktop-Ger\u00e4t ist tragbar und f\u00fcr kleine und mittlere Unternehmen geeignet. F\u00fcr flache Beutel kann es mit Abf\u00fcllmaschinen f\u00fcr Pulver, Granulat, Fl\u00fcssigkeit oder Paste und einer kontinuierlichen Beutelversiegelungsmaschine kombiniert werden, um eine Produktionslinie zu bilden. Wenn Sie hingegen Dosen etikettieren m\u00f6chten, k\u00f6nnen Sie eine Fl\u00fcssigkeits- oder Pastenf\u00fcllmaschine und eine Verschlie\u00dfmaschine w\u00e4hlen, um eine Produktionslinie zusammenzustellen. Kontaktieren Sie uns f\u00fcr weitere Details.<\/p>    <div class=\"wp-block-columns is-layout-flex wp-container-core-columns-is-layout-28f84493 wp-block-columns-is-layout-flex\"> <div class=\"wp-block-column is-layout-flow wp-block-column-is-layout-flow\"> <figure class=\"wp-block-image size-full\"><img loading=\"lazy\" decoding=\"async\" width=\"750\" height=\"500\" src=\"https:\/\/tianhuipackingmachine.com\/wp-content\/uploads\/2021\/09\/vertical-automatic-flat-labeling-machine.jpg\" alt=\"Vertikale automatische Flachetikettiermaschine\" class=\"wp-image-2830\" srcset=\"https:\/\/tianhuipackingmachine.com\/wp-content\/uploads\/2021\/09\/vertical-automatic-flat-labeling-machine.jpg 750w, https:\/\/tianhuipackingmachine.com\/wp-content\/uploads\/2021\/09\/vertical-automatic-flat-labeling-machine-300x200.jpg 300w\" sizes=\"auto, (max-width: 750px) 100vw, 750px\" \/><figcaption class=\"wp-element-caption\">Vertikale automatische Flachetikettiermaschine<\/figcaption><\/figure> <\/div>    <div class=\"wp-block-column is-layout-flow wp-block-column-is-layout-flow\"> <figure class=\"wp-block-image size-full\"><img loading=\"lazy\" decoding=\"async\" width=\"750\" height=\"500\" src=\"https:\/\/tianhuipackingmachine.com\/wp-content\/uploads\/2021\/09\/desktop-flat-labeling-machine.jpg\" alt=\"Desktop-Flachetikettiermaschine\" class=\"wp-image-2831\" srcset=\"https:\/\/tianhuipackingmachine.com\/wp-content\/uploads\/2021\/09\/desktop-flat-labeling-machine.jpg 750w, https:\/\/tianhuipackingmachine.com\/wp-content\/uploads\/2021\/09\/desktop-flat-labeling-machine-300x200.jpg 300w\" sizes=\"auto, (max-width: 750px) 100vw, 750px\" \/><figcaption class=\"wp-element-caption\">Desktop-Flachetikettiermaschine<\/figcaption><\/figure> <\/div> <\/div>    <h2 class=\"wp-block-heading\" id=\"h-features-of-flat-surface-labeling-machine\">Merkmale der Etikettiermaschine f\u00fcr flache Oberfl\u00e4chen<\/h2>    <ol class=\"wp-block-list\"> <li>Angemessenes Design, einfache Struktur, hohe Effizienz, breite Anwendung, geringe Ger\u00e4uschentwicklung<\/li>    <li>Stabiler Betrieb, effizientes Arbeiten, gute Beschriftung, automatische Vervollst\u00e4ndigung<\/li>    <li>Es sind ein vertikaler Etikettenapplikator mit flacher Oberfl\u00e4che und ein Desktop-Etikettenapplikator erh\u00e4ltlich.<\/li>    <li>Einstellbar sind die H\u00f6he des Etiketts, die Breite des F\u00f6rderbands und die sichtbare L\u00e4nge des Etiketts<\/li>    <li>Das intelligente Bedienfeld kann viele Parameter einrichten, um die Etikettierung abzuschlie\u00dfen.<\/li>    <li>Die Etikettiergeschwindigkeit ist automatisch synchron mit der Geschwindigkeit des F\u00f6rderbandes.<\/li>    <li>Der Not-Aus-Knopf dient als Sicherheitsvorkehrung.<\/li>    <li>Anpassungsservice verf\u00fcgbar<\/li> <\/ol>    <h2 class=\"wp-block-heading\" id=\"h-applicable-objects-of-flat-label-applicator\">Anwendbare Objekte des flachen Etikettenapplikators<\/h2>    <p class=\"translation-block\">Eine Fl\u00e4chenetikettierer eignet sich f\u00fcr alle Arten von Objekten mit flachen Oberfl\u00e4chen in verschiedenen Branchen, wie Lebensmittel, Lieferung, Spielzeug, Kosmetik, Alltagsbedarf, B\u00fcrobedarf, Medizin und andere Branchen. Die <strong><a href=\"https:\/\/tianhuipackingmachine.com\/de\/automatic-round-bottle-labeling-machine-sale\/\">Etikettiermaschine<\/a><\/strong> kommt weit verbreitet f\u00fcr Flach-Sachet, Boxen und Kartons f\u00fcr Pack-Snacks, N\u00fcsse, S\u00fc\u00dfigkeiten, Obst, Gem\u00fcse, Kleidung, Schuhe, Aloe-Vera-Gel, Kosmetika, Shampoo, Duschgel, Waschmittel, Papier, Aktenmappe, Lunchboxen, Geschenkboxen usw. zum Einsatz.<\/p>    <figure class=\"wp-block-image aligncenter size-full\"><img loading=\"lazy\" decoding=\"async\" width=\"750\" height=\"500\" src=\"https:\/\/tianhuipackingmachine.com\/wp-content\/uploads\/2021\/09\/applications-of-flat-label-applicator.jpg\" alt=\"Anwendungen des flachen Etikettenapplikators\" class=\"wp-image-2832\" srcset=\"https:\/\/tianhuipackingmachine.com\/wp-content\/uploads\/2021\/09\/applications-of-flat-label-applicator.jpg 750w, https:\/\/tianhuipackingmachine.com\/wp-content\/uploads\/2021\/09\/applications-of-flat-label-applicator-300x200.jpg 300w\" sizes=\"auto, (max-width: 750px) 100vw, 750px\" \/><figcaption class=\"wp-element-caption\">Anwendungen des Flachetikettenapplikators<\/figcaption><\/figure>    <h2 class=\"wp-block-heading\" id=\"h-automatic-flat-labeling-machine-structure\">Struktur der automatischen Flachetikettiermaschine<\/h2>    <p>Der Etikettenapplikator f\u00fcr flache Oberfl\u00e4chen besteht aus Etikettierstruktur, Etikettenhalter, Drehknopf, Bedienfeld, elektrischem Auge, Motor, Not-Aus-Taste usw. Die Etikettierstruktur ist der Ort zum Etikettieren von Objekten, Etikettenhalter zum Befestigen von Rollenetiketten und Drehknopf zum Einstellen der Beschriftungsh\u00f6he, Bedienfeld zum Einstellen verschiedener Parameter. Das elektrische Auge erkennt Material empfindlich und verbessert so die Arbeitspr\u00e4zision. Ein Standard-Flachetikettenapplikator ist mit einem Etikettenhalter ausgestattet, der OEM-Service ist jedoch entsprechend Ihren Anforderungen verf\u00fcgbar. Wenn Sie beispielsweise den oberen und seitlichen Teil einer runden Dose etikettieren m\u00f6chten, kann dies mit einem integrierten Etikettenapplikator realisiert werden. <\/p>    <figure class=\"wp-block-image aligncenter size-full\"><img loading=\"lazy\" decoding=\"async\" width=\"750\" height=\"500\" src=\"https:\/\/tianhuipackingmachine.com\/wp-content\/uploads\/2021\/09\/the-structure-of-labeling-machine-for-flat-surfaces.jpg\" alt=\"Der Aufbau einer Etikettiermaschine f\u00fcr ebene Fl\u00e4chen\" class=\"wp-image-2833\" srcset=\"https:\/\/tianhuipackingmachine.com\/wp-content\/uploads\/2021\/09\/the-structure-of-labeling-machine-for-flat-surfaces.jpg 750w, https:\/\/tianhuipackingmachine.com\/wp-content\/uploads\/2021\/09\/the-structure-of-labeling-machine-for-flat-surfaces-300x200.jpg 300w\" sizes=\"auto, (max-width: 750px) 100vw, 750px\" \/><figcaption class=\"wp-element-caption\">Der Aufbau einer Etikettiermaschine f\u00fcr flache Oberfl\u00e4chen<\/figcaption><\/figure>    <h2 class=\"wp-block-heading\" id=\"h-related-machines\">Verwandte Maschinen<\/h2>    <p class=\"translation-block\">F\u00fcr Etikettiermaschinen gibt es <strong><a href=\"https:\/\/tianhuipackingmachine.com\/de\/automatic-round-bottle-labeling-machine-sale\/\">automatische Rundflaschenetikettiermaschinen<\/a><\/strong> und <strong><a href=\"https:\/\/tianhuipackingmachine.com\/de\/semi-automatic-round-bottle-labeling-machine\/\">teilautomatische Rundflaschenetikettiermaschinen<\/a><\/strong> zum Verkauf bei Top(Henen) Packing Machinery neben dem Flachetikettierer. Diese Etikettierer k\u00f6nnen alleine verwendet oder mit anderen Maschinen kombiniert werden, um eine Produktionslinie zu bilden, wie Abf\u00fcllmaschinen, Verschlussmaschinen, Versiegelungsmaschinen, Hei\u00dfschrumpfen-Verpackungsmaschinen, Vakuumversiegler, <strong><a href=\"https:\/\/tianhuipackingmachine.com\/de\/\">Verpackungsmaschinen<\/a><\/strong> usw. Wenn Sie mehr Informationen w\u00fcnschen, k\u00f6nnen Sie <strong><a href=\"https:\/\/tianhuipackingmachine.com\/de\/contact\/\">mit uns in Kontakt treten<\/a><\/strong> und wir werden Ihnen so schnell wie m\u00f6glich antworten.<\/p>","protected":false},"excerpt":{"rendered":"<p>Flat label applicator includes desktop flat labeling machine and a vertical flat labeling machine. It\u2019s an automatic labeling machine, suitable for various flat surfaces, such as flat bags, boxes, or cans with flat covers, cartons, etc. The machine can be used alone or matched with other machines to compose a whole production line, like filling [&hellip;]<\/p>\n","protected":false},"author":1,"featured_media":2831,"parent":0,"template":"","tags":[172],"product-type":[144],"class_list":["post-2827","product","type-product","status-publish","has-post-thumbnail","hentry","tag-labeling-machine","product-type-supporting-equipment"],"_links":{"self":[{"href":"https:\/\/tianhuipackingmachine.com\/de\/wp-json\/wp\/v2\/product\/2827","targetHints":{"allow":["GET"]}}],"collection":[{"href":"https:\/\/tianhuipackingmachine.com\/de\/wp-json\/wp\/v2\/product"}],"about":[{"href":"https:\/\/tianhuipackingmachine.com\/de\/wp-json\/wp\/v2\/types\/product"}],"author":[{"embeddable":true,"href":"https:\/\/tianhuipackingmachine.com\/de\/wp-json\/wp\/v2\/users\/1"}],"wp:featuredmedia":[{"embeddable":true,"href":"https:\/\/tianhuipackingmachine.com\/de\/wp-json\/wp\/v2\/media\/2831"}],"wp:attachment":[{"href":"https:\/\/tianhuipackingmachine.com\/de\/wp-json\/wp\/v2\/media?parent=2827"}],"wp:term":[{"taxonomy":"post_tag","embeddable":true,"href":"https:\/\/tianhuipackingmachine.com\/de\/wp-json\/wp\/v2\/tags?post=2827"},{"taxonomy":"product-type","embeddable":true,"href":"https:\/\/tianhuipackingmachine.com\/de\/wp-json\/wp\/v2\/product-type?post=2827"}],"curies":[{"name":"wp","href":"https:\/\/api.w.org\/{rel}","templated":true}]}}