{"id":2805,"date":"2021-09-25T10:07:48","date_gmt":"2021-09-25T02:07:48","guid":{"rendered":"https:\/\/tianhuipackingmachine.com\/?page_id=2805"},"modified":"2022-12-08T11:47:23","modified_gmt":"2022-12-08T03:47:23","slug":"desktop-vacuum-packing-machine","status":"publish","type":"product","link":"https:\/\/tianhuipackingmachine.com\/de\/desktop-vacuum-packing-machine\/","title":{"rendered":"Desktop-Vakuumverpackungsmaschine"},"content":{"rendered":"<p class=\"translation-block\"><strong>Desktop-Vakuumverpackungsmaschine<\/strong> kommt bei verschiedenen Vakuumverpackungen f\u00fcr Lebensmittel zum Einsatz, verl\u00e4ngert die Haltbarkeit, verlangsamt den Verderb von Lebensmitteln. Sie hat Vorteile wie wenig Stellfl\u00e4che, Tragbarkeit, geringe Kosten und gute Versiegelung. Diese Art von Tisch-Vakuumverpackungsmaschine erfordert, dass wir das Material manuell in vorgefertigte Beutel einlegen, dann die Beutel mit Material in die Maschine legen, um sie zu versiegeln. Daher kann die Desktop-Vakuumverpackungsmaschine auch als Desktop-Vakuumversiegler bezeichnet werden.<\/p>    <h2 class=\"wp-block-heading\" id=\"h-desktop-vacuum-packing-machine-for-sale\">Tisch-Vakuumverpackungsmaschine zu verkaufen<\/h2>    <p>Zu den tragbaren Vakuumierern, die bei Top Packing Machinery zum Verkauf stehen, geh\u00f6rt der Typ DZ-260, der in DZ-260A, DZ-260B und DZ-260C unterteilt ist. Die Vakuumverpackungsmaschine besteht aus Edelstahl, ist langlebig und rostet nicht leicht. Die Vakuumpumpe verwendet bekannte Markenteile, saugt Luft schnell und effizient ab und arbeitet effizient. Die Abdeckung ist transparent, korrosionsbest\u00e4ndig und \u00fcber die gesamte Lebensdauer hinweg haltbar. Wenn Sie ein effizienteres Vakuumierger\u00e4t ausw\u00e4hlen und kaufen m\u00f6chten, k\u00f6nnen Sie eine Kammervakuumverpackungsmaschine oder eine Doppelvakuumverpackungsmaschine in Betracht ziehen.<\/p>    <figure class=\"wp-block-image aligncenter size-full\"><img loading=\"lazy\" decoding=\"async\" width=\"750\" height=\"500\" src=\"https:\/\/tianhuipackingmachine.com\/wp-content\/uploads\/2021\/09\/desktop-vacuum-packing-machine.jpg\" alt=\"Desktop-Vakuumverpackungsmaschine\" class=\"wp-image-2806\" srcset=\"https:\/\/tianhuipackingmachine.com\/wp-content\/uploads\/2021\/09\/desktop-vacuum-packing-machine.jpg 750w, https:\/\/tianhuipackingmachine.com\/wp-content\/uploads\/2021\/09\/desktop-vacuum-packing-machine-300x200.jpg 300w\" sizes=\"auto, (max-width: 750px) 100vw, 750px\" \/><figcaption class=\"wp-element-caption\">Desktop-Vakuumverpackungsmaschine<\/figcaption><\/figure>    <h2 class=\"has-text-color wp-block-heading\" id=\"h-table-top-vacuum-sealer-parameters\" style=\"color:#ff5200\">Parameter des Tischvakuumierers<\/h2>    <figure class=\"wp-block-table is-style-stripes\"><table><tbody><tr><td>Modell<\/td><td>DZ-260A<\/td><td>DZ-260B<\/td><td>DZ-260C<\/td><\/tr><tr><td>Stromversorgung<\/td><td> AC220V\/50Hz 110V\/60Hz <\/td><td>AC220V\/50Hz 110V\/60Hz<\/td><td>AC220V\/50Hz 110V\/60Hz<\/td><\/tr><tr><td>Vakuumpumpenleistung<\/td><td>180W<\/td><td>180W<\/td><td>120W<\/td><\/tr><tr><td>Hei\u00dfsiegelkraft<\/td><td>260W<\/td><td>260W<\/td><td>260W<\/td><\/tr><tr><td>Vakuumraumgr\u00f6\u00dfe<\/td><td>390*285*50mm<\/td><td>390*285*50mm<\/td><td>330*270*50mm<\/td><\/tr><tr><td>Material des Vakuumraums<\/td><td>Edelstahl<\/td><td>Edelstahl<\/td><td>Edelstahl<\/td><\/tr><tr><td>Maschinengr\u00f6\u00dfe<\/td><td>490*340*380mm<\/td><td>490*340*380mm<\/td><td>405*320*340mm<\/td><\/tr><\/tbody><\/table><\/figure>    <h2 class=\"wp-block-heading\" id=\"h-features-of-tabletop-vacuum-packing-machine\">Merkmale der Tisch-Vakuumverpackungsmaschine<\/h2>    <ol class=\"wp-block-list\" type=\"1\"> <li>Angemessenes Design, einfache Struktur, gute Dichtwirkung, einfache Bedienung, breite Anwendungsm\u00f6glichkeiten<\/li>    <li>Klein, tragbar, kosteng\u00fcnstig, erschwinglicher Preis, geeignet f\u00fcr kleine Unternehmen, ger\u00e4uscharm<\/li>    <li>Das intelligente Bedienfeld verf\u00fcgt \u00fcber ein Mikrocomputersystem, mit dem verschiedene Parameter einfach verwaltet werden k\u00f6nnen<\/li>    <li>Der Maschinenk\u00f6rper besteht aus Edelstahl, ist langlebig und sieht gut aus<\/li>    <li>Der Vakuumraum hat ein geneigtes Design und eignet sich zum bequemen Platzieren von nassem oder mit \u00d6l bestrichenem Material<\/li>    <li>Transparente Vakuumabdeckung, korrosions- und rostbest\u00e4ndig, guter Dichtungszustand<\/li>    <li>Einfache Bedienung und Wartung, einfache Demontage der Maschine von der R\u00fcckseite<\/li>    <li>Der Notschalter kann den laufenden Vorgang aus Sicherheitsgr\u00fcnden stoppen<\/li> <\/ol>    <h2 class=\"wp-block-heading\" id=\"h-wide-applications-of-desktop-vacuum-sealer\">Vielf\u00e4ltige Anwendungsm\u00f6glichkeiten f\u00fcr Tisch-Vakuumierger\u00e4te<\/h2>    <p class=\"translation-block\">Als eine Art von <strong><a href=\"https:\/\/tianhuipackingmachine.com\/de\/vacuum-packaging-machine\/\">Vakuumversiegler<\/a><\/strong> eignet sich die Desktop-Vakuumverpackungsmaschine f\u00fcr Fleisch, Obst, Gem\u00fcse, K\u00f6rner, Gew\u00fcrze, Snacks, Meeresfr\u00fcchte usw. Sie ist geeignet f\u00fcr Rind, Lamm, Schwein, Fisch, H\u00e4hnchen, Wurst, Speck, Weihnachtsente, Apfel, Pflaumen, Pfirsiche, Orange, Kiwi, Blaubeere, Zitrone, Ananas, Jackfrucht, Karotte, Gr\u00fcngem\u00fcse, Chili, Gurke, getrocknete Tofu, <strong><a href=\"https:\/\/tianhuipackingmachine.com\/de\/rice-packaging-machine\/\">Reis<\/a><\/strong>, Haferflocken, Sojabohne, gr\u00fcne Bohne, rote Bohne, schwarzer Reis, schwarzer Pfefferpulver, <strong><a href=\"https:\/\/tianhuipackingmachine.com\/de\/chilli-powder-packing-machine\/\">Chilipulver<\/a><\/strong>, Ingwerpulver, Kreuzk\u00fcmmelpulver, Kardamom-Pulver, <strong><a href=\"https:\/\/tianhuipackingmachine.com\/de\/tea-packaging-machine\/\">Tee<\/a><\/strong>, Kekse, Trockenfr\u00fcchte, Mais, Erdnuss, N\u00fcsse, Melonensamen usw. F\u00fcr Verpackungstaschen sind in der Regel g\u00e4ngige Vakuumbeutel geeignet.<\/p>    <figure class=\"wp-block-image aligncenter size-full\"><img loading=\"lazy\" decoding=\"async\" width=\"750\" height=\"500\" src=\"https:\/\/tianhuipackingmachine.com\/wp-content\/uploads\/2021\/09\/table-top-vacuum-packing-machine-applications.jpg\" alt=\"Anwendungen f\u00fcr Tisch-Vakuumverpackungsmaschinen\" class=\"wp-image-2807\" srcset=\"https:\/\/tianhuipackingmachine.com\/wp-content\/uploads\/2021\/09\/table-top-vacuum-packing-machine-applications.jpg 750w, https:\/\/tianhuipackingmachine.com\/wp-content\/uploads\/2021\/09\/table-top-vacuum-packing-machine-applications-300x200.jpg 300w\" sizes=\"auto, (max-width: 750px) 100vw, 750px\" \/><figcaption class=\"wp-element-caption\">Anwendungen f\u00fcr Tisch-Vakuumverpackungsmaschinen<\/figcaption><\/figure>    <h2 class=\"wp-block-heading\" id=\"h-desktop-vacuum-packing-machine-structure\">Aufbau einer Desktop-Vakuumverpackungsmaschine<\/h2>    <p>Die Tischvakuumverpackungsmaschine besteht aus einer Vakuumpumpe, einem Bedienfeld, einem Vakuumraum, einem Dichtungsstreifen, einer transparenten Abdeckung usw. Erstens ist die Vakuumpumpe leistungsstark, schnell pumpend, hocheffizient und ger\u00e4uscharm. Zweitens verwaltet das Bedienfeld die Vakuumparameter und zeigt den Vakuumgrad in der Vakuumkammer, die Dauer des Vakuumierens, Versiegelns, Abk\u00fchlens usw. an. Drittens ist die Oberfl\u00e4che des Vakuumraums geneigt, so dass Vakuumbeutel mit nassem oder \u00f6ligem Material bequem platziert werden k\u00f6nnen. Au\u00dferdem wird ein Dichtungsstreifen verwendet, um die L\u00e4nge und Breite des Vakuums sicherzustellen. Und die transparente Abdeckung macht den Arbeitsprozess sichtbar und einfach zu bedienen.<\/p>    <h2 class=\"wp-block-heading\" id=\"h-related-machines-to-vacuum-packaging\">Verwandte Maschinen zum Vakuumverpacken<\/h2>    <p class=\"translation-block\">Vakuumverpackungsmaschinen bei <strong><a href=\"https:\/\/tianhuipackingmachine.com\/de\/\">Top(Henan) Packaging Machinery<\/a><\/strong> zum Verkauf umfassen Desktop-Vakuumpacker, Einzelkammer-Vakuumpacker und Doppelkammer-Vakuumpacker. Im Vergleich zum Tisch-Vakuumversiegler hat das Vakuumfach eines <strong><a href=\"https:\/\/tianhuipackingmachine.com\/de\/single-chamber-vacuum-packaging-machine\/\">Einzelkammer-Vakuumverpackungsmaschine<\/a><\/strong> mehr Platz zum Vakuumversiegeln und eine h\u00f6here Arbeitsleistung. Wenn Sie eine gr\u00f6\u00dfere Produktionsleistung anstreben, ist es sinnvoll, <strong><a href=\"https:\/\/tianhuipackingmachine.com\/de\/double-chamber-vacuum-packaging-machine\/\">die Doppelkammer-Vakuumverpackungsmaschine<\/a><\/strong> zu w\u00e4hlen. Dar\u00fcber hinaus bieten wir auch F\u00fcllmaschinen, Etikettiermaschinen, Datumsdrucker usw. an. Dar\u00fcber hinaus unterst\u00fctzen wir auch einen Anpassungsservice gem\u00e4\u00df Ihren spezifischen Anforderungen. <strong><a href=\"https:\/\/tianhuipackingmachine.com\/de\/contact\/\">Nehmen Sie Kontakt mit uns auf<\/a><\/strong> f\u00fcr weitere Details.<\/p>    <figure class=\"wp-block-image aligncenter size-full\"><img loading=\"lazy\" decoding=\"async\" width=\"750\" height=\"500\" src=\"https:\/\/tianhuipackingmachine.com\/wp-content\/uploads\/2021\/09\/single-chamber-double-chamber-vacuum-sealer.jpg\" alt=\"Einkammer- und Doppelkammer-Vakuumierer\" class=\"wp-image-2809\" srcset=\"https:\/\/tianhuipackingmachine.com\/wp-content\/uploads\/2021\/09\/single-chamber-double-chamber-vacuum-sealer.jpg 750w, https:\/\/tianhuipackingmachine.com\/wp-content\/uploads\/2021\/09\/single-chamber-double-chamber-vacuum-sealer-300x200.jpg 300w\" sizes=\"auto, (max-width: 750px) 100vw, 750px\" \/><figcaption class=\"wp-element-caption\">Einzelkammer &amp;Amp; Doppelkammer-Vakuumierer<\/figcaption><\/figure>","protected":false},"excerpt":{"rendered":"<p>Desktop vacuum packing machine applies to various food vacuum packaging, extending shelf life, slowing down food spoilage. It has the advantages of small occupied space, portability, low cost, and good sealing effect. This kind of tabletop vacuum packaging machine needs us to put the material to fill in pre-made bags manually, then place the pouch [&hellip;]<\/p>\n","protected":false},"author":1,"featured_media":2806,"parent":0,"template":"","tags":[194],"product-type":[140],"class_list":["post-2805","product","type-product","status-publish","has-post-thumbnail","hentry","tag-vacuum-packing-machine","product-type-vacuum-packaging-machines"],"_links":{"self":[{"href":"https:\/\/tianhuipackingmachine.com\/de\/wp-json\/wp\/v2\/product\/2805","targetHints":{"allow":["GET"]}}],"collection":[{"href":"https:\/\/tianhuipackingmachine.com\/de\/wp-json\/wp\/v2\/product"}],"about":[{"href":"https:\/\/tianhuipackingmachine.com\/de\/wp-json\/wp\/v2\/types\/product"}],"author":[{"embeddable":true,"href":"https:\/\/tianhuipackingmachine.com\/de\/wp-json\/wp\/v2\/users\/1"}],"wp:featuredmedia":[{"embeddable":true,"href":"https:\/\/tianhuipackingmachine.com\/de\/wp-json\/wp\/v2\/media\/2806"}],"wp:attachment":[{"href":"https:\/\/tianhuipackingmachine.com\/de\/wp-json\/wp\/v2\/media?parent=2805"}],"wp:term":[{"taxonomy":"post_tag","embeddable":true,"href":"https:\/\/tianhuipackingmachine.com\/de\/wp-json\/wp\/v2\/tags?post=2805"},{"taxonomy":"product-type","embeddable":true,"href":"https:\/\/tianhuipackingmachine.com\/de\/wp-json\/wp\/v2\/product-type?post=2805"}],"curies":[{"name":"wp","href":"https:\/\/api.w.org\/{rel}","templated":true}]}}