{"id":2733,"date":"2021-09-24T09:58:04","date_gmt":"2021-09-24T01:58:04","guid":{"rendered":"https:\/\/tianhuipackingmachine.com\/?page_id=2733"},"modified":"2022-04-27T11:43:16","modified_gmt":"2022-04-27T03:43:16","slug":"electric-vertical-packing-machine","status":"publish","type":"product","link":"https:\/\/tianhuipackingmachine.com\/de\/electric-vertical-packing-machine\/","title":{"rendered":"Elektrische vertikale Verpackungsmaschine"},"content":{"rendered":"<p class=\"translation-block\"><strong>Elektrische vertikale Verpackungsmaschine<\/strong> besteht haupts\u00e4chlich aus zwei Teilen: dem Zuf\u00fchrsystem und dem Verpackungssystem. Das Zuf\u00fchrsystem ist eine kleine Abf\u00fcllmaschine f\u00fcr Pulver, Granulat oder eine Kombination aus beidem. Viele F\u00fcllbereiche sind optional. Das Verpackungssystem wird verwendet, um Beutel f\u00fcr die Verpackung von Materialien aus dem Zuf\u00fchrsystem herzustellen. Im Vergleich zu einer Standard-Granulat- oder Pulververpackungsmaschine f\u00fcllt die Maschine durch quantitative W\u00e4gung pr\u00e4ziser, aber die Verpackungsgeschwindigkeit ist langsamer. Und sie ist kosteng\u00fcnstig und f\u00fcr kleine und mittlere Unternehmen geeignet. Au\u00dferdem ist ein kundenspezifischer Service nach Ihren Bed\u00fcrfnissen verf\u00fcgbar.<\/p>    <h2 class=\"wp-block-heading\" id=\"h-electric-vertical-packaging-machine-for-sale\">Elektrische vertikale Verpackungsmaschine zu verkaufen<\/h2>    <p class=\"translation-block\">Elektrische vertikale Verpackungsmaschine bei <strong><a href=\"https:\/\/tianhuipackingmachine.com\/de\/\">Henan Top Packing Machinery<\/a><\/strong> zum Verkauf umfasst elektrische Seitenversiegelungs-Verpackungsmaschinen und elektrische R\u00fcckversiegelungs-Verpackungsmaschinen. Die beiden Maschinentypen unterscheiden sich im Beutelformer, im vertikalen Versiegelungsger\u00e4t und im Endversiegelungs- und Schneidger\u00e4t. Die Maschine kann 3-Seiten-Siegelbeutel oder R\u00fccksiegelbeutel herstellen. Sie kann den Prozess des Wiegens, Beutelformens, F\u00fcllens, Versiegelns und Schneidens separat abschlie\u00dfen. Das Bedienfeld kann die Siegel-Temperatur und die Beutell\u00e4nge einstellen und die obere Temperatur, die untere Temperatur und die tats\u00e4chliche L\u00e4nge anzeigen.<\/p>    <figure class=\"wp-block-gallery has-nested-images columns-default is-cropped wp-block-gallery-2 is-layout-flex wp-block-gallery-is-layout-flex\"> <figure class=\"wp-block-image size-large\"><img loading=\"lazy\" decoding=\"async\" width=\"750\" height=\"500\" data-id=\"4432\" src=\"https:\/\/tianhuipackingmachine.com\/wp-content\/uploads\/2021\/12\/electric-packaging-machine-750x500.jpg\" alt=\"elektrische Verpackungsmaschine\" class=\"wp-image-4432\" srcset=\"https:\/\/tianhuipackingmachine.com\/wp-content\/uploads\/2021\/12\/electric-packaging-machine.jpg 750w, https:\/\/tianhuipackingmachine.com\/wp-content\/uploads\/2021\/12\/electric-packaging-machine-480x320.jpg 480w\" sizes=\"auto, (max-width: 750px) 100vw, 750px\" \/><figcaption>Elektrische Verpackungsmaschine<\/figcaption><\/figure>    <figure class=\"wp-block-image size-large\"><img loading=\"lazy\" decoding=\"async\" width=\"750\" height=\"500\" data-id=\"3630\" src=\"https:\/\/tianhuipackingmachine.com\/wp-content\/uploads\/2021\/12\/Electric-VFFS-Machine-750x500.jpg\" alt=\"Elektrische VFFS-Maschine\" class=\"wp-image-3630\" srcset=\"https:\/\/tianhuipackingmachine.com\/wp-content\/uploads\/2021\/12\/Electric-VFFS-Machine.jpg 750w, https:\/\/tianhuipackingmachine.com\/wp-content\/uploads\/2021\/12\/Electric-VFFS-Machine-480x320.jpg 480w\" sizes=\"auto, (max-width: 750px) 100vw, 750px\" \/><figcaption>Elektrische Vffs-Maschine<\/figcaption><\/figure> <\/figure>    <h2 class=\"wp-block-heading\" id=\"h-features-of-electric-vertical-packaging-machine\">Merkmale der elektrischen vertikalen Verpackungsmaschine<\/h2>    <ol class=\"wp-block-list\" type=\"1\"><li>Angemessenes Design, einfache Struktur, einfach zu bedienen<\/li><li>Genaues Wiegen, hohe Pr\u00e4zision, niedrige Kosten, erschwinglicher Preis<\/li><li>Je nach Bedarf k\u00f6nnen viele Verpackungsumf\u00e4nge ausgew\u00e4hlt werden<\/li><li>3-seitiger Siegelbeutel und r\u00fcckseitiger Siegelbeutel sind optional<\/li><li>Anpassungsservice verf\u00fcgbar<\/li><\/ol>    <h2 class=\"wp-block-heading\" id=\"h-wide-applications-of-small-electric-packing-machine\">Vielf\u00e4ltige Anwendungsm\u00f6glichkeiten f\u00fcr kleine elektrische Verpackungsmaschinen<\/h2>    <p class=\"translation-block\">Die Maschine ist \u00e4hnlich wie andere <strong><a href=\"https:\/\/tianhuipackingmachine.com\/de\/granule-packing-machine\/\">Granulatverpackungsmaschinen<\/a><\/strong> und Pulververpackungsmaschinen. Sie eignet sich f\u00fcr verschiedene Granulate und Pulver, wie Erdn\u00fcsse, Kaffeebohnen, Melonenkerne, Getreide, N\u00fcsse, Haferflocken, Reis, Tee, Trockenfr\u00fcchte, Sesam, Sojabohnen, gr\u00fcne Bohnen, rote Bohnen, Mononatriumglutamat, Salz, Mehl, Milchpulver, Maisst\u00e4rke, Reismehl, <strong><a href=\"https:\/\/tianhuipackingmachine.com\/de\/coffee-packaging-machine\/\">Kaffeepulver<\/a><\/strong>, Gew\u00fcrze, <strong><a href=\"https:\/\/tianhuipackingmachine.com\/de\/chilli-powder-packing-machine\/\">Chilipulver<\/a><\/strong>, St\u00e4rke, Farbstoffpulver, <strong><a href=\"https:\/\/tianhuipackingmachine.com\/de\/detergent-powder-packing-machine\/\">Waschpulver<\/a><\/strong> usw.<\/p>    <figure class=\"wp-block-gallery has-nested-images columns-default is-cropped wp-block-gallery-3 is-layout-flex wp-block-gallery-is-layout-flex\"> <figure class=\"wp-block-image size-large\"><img loading=\"lazy\" decoding=\"async\" width=\"750\" height=\"500\" data-id=\"4433\" src=\"https:\/\/tianhuipackingmachine.com\/wp-content\/uploads\/2021\/12\/final-packing-effect-750x500.jpg\" alt=\"endg\u00fcltige Verpackungswirkung\" class=\"wp-image-4433\" srcset=\"https:\/\/tianhuipackingmachine.com\/wp-content\/uploads\/2021\/12\/final-packing-effect.jpg 750w, https:\/\/tianhuipackingmachine.com\/wp-content\/uploads\/2021\/12\/final-packing-effect-480x320.jpg 480w\" sizes=\"auto, (max-width: 750px) 100vw, 750px\" \/><figcaption>Endg\u00fcltiger Verpackungseffekt<\/figcaption><\/figure>    <figure class=\"wp-block-image size-large\"><img loading=\"lazy\" decoding=\"async\" width=\"750\" height=\"500\" data-id=\"4434\" src=\"https:\/\/tianhuipackingmachine.com\/wp-content\/uploads\/2021\/12\/packaging-effect-display-1-750x500.jpg\" alt=\"Verpackungseffektanzeige\" class=\"wp-image-4434\" srcset=\"https:\/\/tianhuipackingmachine.com\/wp-content\/uploads\/2021\/12\/packaging-effect-display-1.jpg 750w, https:\/\/tianhuipackingmachine.com\/wp-content\/uploads\/2021\/12\/packaging-effect-display-1-480x320.jpg 480w\" sizes=\"auto, (max-width: 750px) 100vw, 750px\" \/><figcaption>Anzeige von Verpackungseffekten<\/figcaption><\/figure> <\/figure>    <h2 class=\"wp-block-heading\" id=\"h-electric-vertical-form-filling-sealing-machine-working-video\">Funktionsvideo der elektrischen vertikalen Formf\u00fcll- und Verschlie\u00dfmaschine <\/h2>   <figure class=\"wp-block-embed-youtube wp-block-embed is-type-video is-provider-youtube wp-embed-aspect-16-9 wp-has-aspect-ratio\"><div class=\"lyte-wrapper\" title=\"Elektrische vertikale Verpackungsmaschine | Geeignet f\u00fcr Pulver, Granulat mit Stick Bag, Side Seal Bag\" style=\"width:853px;max-width:100%;margin:5px auto;\"><div class=\"lyMe\" id=\"WYL_7TSMlFBWPOY\" itemprop=\"video\" itemscope itemtype=\"https:\/\/schema.org\/VideoObject\"><div><meta itemprop=\"thumbnailUrl\" content=\"https:\/\/i.ytimg.com\/vi\/7TSMlFBWPOY\/hqdefault.jpg\" \/><meta itemprop=\"embedURL\" content=\"https:\/\/www.youtube.com\/embed\/7TSMlFBWPOY\" \/><meta itemprop=\"duration\" content=\"PT4M31S\" \/><meta itemprop=\"uploadDate\" content=\"2021-12-24T04:18:33Z\" \/><\/div><div id=\"lyte_7TSMlFBWPOY\" data-src=\"https:\/\/i.ytimg.com\/vi\/7TSMlFBWPOY\/hqdefault.jpg\" class=\"pL\"><div class=\"tC\"><div class=\"tT\" itemprop=\"name\">Elektrische vertikale Verpackungsmaschine | Geeignet f\u00fcr Pulver, Granulat mit Stick Bag, Side Seal Bag<\/div><\/div><div class=\"play\"><\/div><div class=\"ctrl\"><div class=\"Lctrl\"><\/div><div class=\"Rctrl\"><\/div><\/div><\/div><noscript><a href=\"https:\/\/youtu.be\/7TSMlFBWPOY\" rel=\"nofollow noopener\" target=\"_blank\"><img loading=\"lazy\" decoding=\"async\" src=\"https:\/\/i.ytimg.com\/vi\/7TSMlFBWPOY\/0.jpg\" alt=\"Elektrische vertikale Verpackungsmaschine | Geeignet f\u00fcr Pulver, Granulat mit Stick Bag, Side Seal Bag\" width=\"853\" height=\"460\" \/><\/a><\/noscript><meta itemprop=\"description\" content=\"https:\/\/tianhuipackingmachine.com\/electric-vertical-packing-machine\/ If you are interested in it, welcome to consult us. Email: sales@toppackingmachine.com | Whatsapp\/Tel: +86 17329326135 Electric vertical packing machine applies to various powdery and granular material packaging, such as milk powder, coffee powder, spice powder, sugar, salt, peanut, banana chips, rice, etc. It has the characteristics of low cost, small occupied space, wide applicable material, and so on. There are lots of types of machines, and so can choose the suitable one according to your actual needs. If you are interested in it, welcome to consult us. Email: sales@toppackingmachine.com | Whatsapp\/Tel: +86 17329326135 https:\/\/tianhuipackingmachine.com\/electric-vertical-packing-machine\/\"><\/div><\/div><div class=\"lL\" style=\"max-width:100%;width:853px;margin:5px auto;\"> <a href=\"https:\/\/youtu.be\/7TSMlFBWPOY\" target=\"_blank\" rel=\"noopener\">Dieses Video auf YouTube ansehen<\/a>.<\/div><figcaption><\/figcaption><\/figure>   <h2 class=\"wp-block-heading\" id=\"h-electric-vertical-packing-machine-structure\">Struktur einer elektrischen vertikalen Verpackungsmaschine<\/h2>    <p class=\"translation-block\">Die elektrische Verpackungsmaschine ist eine Art <strong><a href=\"https:\/\/tianhuipackingmachine.com\/de\/vertical-packaging-machine\/\">vertikale Schlauchbeutelmaschine<\/a><\/strong>. Sie besteht aus Verpackungsrollfilm, Materialtrichter, quantitativer Steuerung, Beutelformer, verkapseltem Bedienfeld, Netzschalter, Separator, Versiegelungsvorrichtung, Verpackungsfilm-Abziehr\u00e4dern und Auslass\u00f6ffnung. Sie verwendet quantitative W\u00e4gung und Bef\u00fcllung, hochpr\u00e4zise und genau. Die intelligenten Bedienfelder k\u00f6nnen verschiedene Parameter f\u00fcr das Bef\u00fcllen und Verpacken einstellen, was einfach zu bedienen ist. Der Beutelformer wird zur Formung von Verpackungsbeuteln verwendet. Die Heizsiegelung ist stabil und hat eine gute Wirkung. Die Verpackungsfilm-Abziehr\u00e4der ziehen den Film nach unten und f\u00f6rdern die Verpackungseffizienz. Au\u00dferdem kann die Maschine mit anderen Ger\u00e4ten kombiniert werden, wie z.B. einem Datumdrucker, einer Ladevorrichtung, einer Stickstofff\u00fcllvorrichtung usw. <\/p>    <div class=\"wp-block-image\"><figure class=\"aligncenter size-large\"><img loading=\"lazy\" decoding=\"async\" width=\"750\" height=\"500\" src=\"https:\/\/tianhuipackingmachine.com\/wp-content\/uploads\/2021\/12\/structure-of-electric-verticle-packing-machine-750x500.jpg\" alt=\"Struktur der elektrischen Vertikalverpackungsmaschine\" class=\"wp-image-4317\" srcset=\"https:\/\/tianhuipackingmachine.com\/wp-content\/uploads\/2021\/12\/structure-of-electric-verticle-packing-machine.jpg 750w, https:\/\/tianhuipackingmachine.com\/wp-content\/uploads\/2021\/12\/structure-of-electric-verticle-packing-machine-480x320.jpg 480w\" sizes=\"auto, (max-width: 750px) 100vw, 750px\" \/><figcaption>Struktur der elektrischen Vertikalverpackungsmaschine<\/figcaption><\/figure><\/div>    <h2 class=\"wp-block-heading\" id=\"h-detailed-components-of-the-electric-vertical-packer\">Detaillierte Komponenten des elektrischen Vertikalpackers<\/h2>    <div class=\"wp-block-columns is-layout-flex wp-container-core-columns-is-layout-28f84493 wp-block-columns-is-layout-flex\"> <div class=\"wp-block-column is-layout-flow wp-block-column-is-layout-flow\"> <figure class=\"wp-block-gallery has-nested-images columns-default is-cropped wp-block-gallery-4 is-layout-flex wp-block-gallery-is-layout-flex\"> <figure class=\"wp-block-image size-large\"><img loading=\"lazy\" decoding=\"async\" width=\"750\" height=\"500\" data-id=\"4325\" src=\"https:\/\/tianhuipackingmachine.com\/wp-content\/uploads\/2021\/12\/material-hopper-750x500.jpg\" alt=\"Materialtrichter\" class=\"wp-image-4325\" srcset=\"https:\/\/tianhuipackingmachine.com\/wp-content\/uploads\/2021\/12\/material-hopper.jpg 750w, https:\/\/tianhuipackingmachine.com\/wp-content\/uploads\/2021\/12\/material-hopper-480x320.jpg 480w\" sizes=\"auto, (max-width: 750px) 100vw, 750px\" \/><figcaption>Materialtrichter<\/figcaption><\/figure>    <figure class=\"wp-block-image size-large\"><img loading=\"lazy\" decoding=\"async\" width=\"750\" height=\"500\" data-id=\"4326\" src=\"https:\/\/tianhuipackingmachine.com\/wp-content\/uploads\/2021\/12\/top-material-holder-750x500.jpg\" alt=\"Obermaterialhalter\" class=\"wp-image-4326\" srcset=\"https:\/\/tianhuipackingmachine.com\/wp-content\/uploads\/2021\/12\/top-material-holder.jpg 750w, https:\/\/tianhuipackingmachine.com\/wp-content\/uploads\/2021\/12\/top-material-holder-480x320.jpg 480w\" sizes=\"auto, (max-width: 750px) 100vw, 750px\" \/><figcaption>Obermaterialhalter<\/figcaption><\/figure> <\/figure> <\/div>    <div class=\"wp-block-column is-layout-flow wp-block-column-is-layout-flow\"> <figure class=\"wp-block-gallery has-nested-images columns-default is-cropped wp-block-gallery-5 is-layout-flex wp-block-gallery-is-layout-flex\"> <figure class=\"wp-block-image size-large\"><img loading=\"lazy\" decoding=\"async\" width=\"750\" height=\"500\" data-id=\"4320\" src=\"https:\/\/tianhuipackingmachine.com\/wp-content\/uploads\/2021\/12\/control-panel-750x500.jpg\" alt=\"Bedienfeld\" class=\"wp-image-4320\" srcset=\"https:\/\/tianhuipackingmachine.com\/wp-content\/uploads\/2021\/12\/control-panel.jpg 750w, https:\/\/tianhuipackingmachine.com\/wp-content\/uploads\/2021\/12\/control-panel-480x320.jpg 480w\" sizes=\"auto, (max-width: 750px) 100vw, 750px\" \/><figcaption>Bedienfeld<\/figcaption><\/figure>    <figure class=\"wp-block-image size-large\"><img loading=\"lazy\" decoding=\"async\" width=\"750\" height=\"500\" data-id=\"4319\" src=\"https:\/\/tianhuipackingmachine.com\/wp-content\/uploads\/2021\/12\/coding-printer-750x500.jpg\" alt=\"Kodierdrucker\" class=\"wp-image-4319\" srcset=\"https:\/\/tianhuipackingmachine.com\/wp-content\/uploads\/2021\/12\/coding-printer.jpg 750w, https:\/\/tianhuipackingmachine.com\/wp-content\/uploads\/2021\/12\/coding-printer-480x320.jpg 480w\" sizes=\"auto, (max-width: 750px) 100vw, 750px\" \/><figcaption>Codierdrucker<\/figcaption><\/figure> <\/figure> <\/div> <\/div>    <div class=\"wp-block-columns is-layout-flex wp-container-core-columns-is-layout-28f84493 wp-block-columns-is-layout-flex\"> <div class=\"wp-block-column is-layout-flow wp-block-column-is-layout-flow\"> <figure class=\"wp-block-gallery has-nested-images columns-default is-cropped wp-block-gallery-6 is-layout-flex wp-block-gallery-is-layout-flex\"> <figure class=\"wp-block-image size-large\"><img loading=\"lazy\" decoding=\"async\" width=\"750\" height=\"500\" data-id=\"4324\" src=\"https:\/\/tianhuipackingmachine.com\/wp-content\/uploads\/2021\/12\/heat-sealing-750x500.jpg\" alt=\"Hei\u00dfsiegel\" class=\"wp-image-4324\" srcset=\"https:\/\/tianhuipackingmachine.com\/wp-content\/uploads\/2021\/12\/heat-sealing.jpg 750w, https:\/\/tianhuipackingmachine.com\/wp-content\/uploads\/2021\/12\/heat-sealing-480x320.jpg 480w\" sizes=\"auto, (max-width: 750px) 100vw, 750px\" \/><figcaption>Hei\u00dfsiegel<\/figcaption><\/figure>    <figure class=\"wp-block-image size-large\"><img loading=\"lazy\" decoding=\"async\" width=\"750\" height=\"500\" data-id=\"4323\" src=\"https:\/\/tianhuipackingmachine.com\/wp-content\/uploads\/2021\/12\/forming-part-750x500.jpg\" alt=\"Teil bilden\" class=\"wp-image-4323\" srcset=\"https:\/\/tianhuipackingmachine.com\/wp-content\/uploads\/2021\/12\/forming-part.jpg 750w, https:\/\/tianhuipackingmachine.com\/wp-content\/uploads\/2021\/12\/forming-part-480x320.jpg 480w\" sizes=\"auto, (max-width: 750px) 100vw, 750px\" \/><figcaption>Teil bilden<\/figcaption><\/figure> <\/figure> <\/div>    <div class=\"wp-block-column is-layout-flow wp-block-column-is-layout-flow\"> <figure class=\"wp-block-gallery has-nested-images columns-default is-cropped wp-block-gallery-7 is-layout-flex wp-block-gallery-is-layout-flex\"> <figure class=\"wp-block-image size-large\"><img loading=\"lazy\" decoding=\"async\" width=\"750\" height=\"500\" data-id=\"4321\" src=\"https:\/\/tianhuipackingmachine.com\/wp-content\/uploads\/2021\/12\/cursor-position-tracker-750x500.jpg\" alt=\"Cursorpositions-Tracker\" class=\"wp-image-4321\" srcset=\"https:\/\/tianhuipackingmachine.com\/wp-content\/uploads\/2021\/12\/cursor-position-tracker.jpg 750w, https:\/\/tianhuipackingmachine.com\/wp-content\/uploads\/2021\/12\/cursor-position-tracker-480x320.jpg 480w\" sizes=\"auto, (max-width: 750px) 100vw, 750px\" \/><figcaption>Cursorpositions-Tracker<\/figcaption><\/figure>    <figure class=\"wp-block-image size-large\"><img loading=\"lazy\" decoding=\"async\" width=\"750\" height=\"500\" data-id=\"4322\" src=\"https:\/\/tianhuipackingmachine.com\/wp-content\/uploads\/2021\/12\/feeding-clamp-wheel-750x500.jpg\" alt=\"Vorschubklemmrad\" class=\"wp-image-4322\" srcset=\"https:\/\/tianhuipackingmachine.com\/wp-content\/uploads\/2021\/12\/feeding-clamp-wheel.jpg 750w, https:\/\/tianhuipackingmachine.com\/wp-content\/uploads\/2021\/12\/feeding-clamp-wheel-480x320.jpg 480w\" sizes=\"auto, (max-width: 750px) 100vw, 750px\" \/><figcaption>Vorschubklemmrad<\/figcaption><\/figure> <\/figure> <\/div> <\/div>    <h2 class=\"has-text-color wp-block-heading\" id=\"h-electric-side-seal-vertical-packaging-machine-parameters\" style=\"color:#ff5200\">Parameter der vertikalen Verpackungsmaschine mit elektrischer Seitenversiegelung<\/h2>    <figure class=\"wp-block-table is-style-stripes\"><table><tbody><tr><td>Modell<\/td><td>CF-200<\/td><td>CF-260<\/td><td>CF-300<\/td><\/tr><tr><td>Leistung<\/td><td>600W<\/td><td>700W<\/td><td>800W<\/td><\/tr><tr><td>Verpackungsgeschwindigkeit<\/td><td>700-1200 S\u00e4cke\/h<\/td><td>650-1000 S\u00e4cke\/h<\/td><td>650-1000 S\u00e4cke\/h<\/td><\/tr><tr><td>Breite der Verpackungsfolie<\/td><td>5-20cm<\/td><td>21-26cm<\/td><td>27-30cm<\/td><\/tr><tr><td>Taschenl\u00e4nge<\/td><td>3-17cm<\/td><td>3-22cm<\/td><td>3-22cm<\/td><\/tr><tr><td>Maschinengr\u00f6\u00dfe<\/td><td>45*55*148cm<\/td><td>56*63*168cm<\/td><td>56*63*168<\/td><\/tr><\/tbody><\/table><\/figure>    <h2 class=\"has-text-color wp-block-heading\" id=\"h-electric-back-seal-vertical-packaging-machine-parameters\" style=\"color:#ff5200\">Parameter der vertikalen Verpackungsmaschine mit elektrischer R\u00fcckversiegelung<\/h2>    <figure class=\"wp-block-table is-style-stripes\"><table><tbody><tr><td>Modell<\/td><td>BF-200<\/td><td>BF-260<\/td><td>BF-340<\/td><td>BF-440<\/td><\/tr><tr><td>Leistung<\/td><td>600W<\/td><td>700W<\/td><td>800W<\/td><td>900W<\/td><\/tr><tr><td>Verpackungsgeschwindigkeit<\/td><td>700-1200 S\u00e4cke\/h<\/td><td>650-1000 S\u00e4cke\/h<\/td><td>650-1000 S\u00e4cke\/h<\/td><td>600-950 S\u00e4cke\/h<\/td><\/tr><tr><td>Breite der Verpackungsfolie<\/td><td>5-20cm<\/td><td>21-26cm<\/td><td>27-34cm<\/td><td>35-44cm<\/td><\/tr><tr><td>Taschenl\u00e4nge<\/td><td>3-17cm<\/td><td>3-22cm<\/td><td>3-22cm<\/td><td>5-27cm<\/td><\/tr><tr><td>Maschinengr\u00f6\u00dfe<\/td><td>45*55*148cm<\/td><td>56*63*168cm<\/td><td>56*63*168cm<\/td><td>66*77*180cm<\/td><\/tr><\/tbody><\/table><\/figure>    <h2 class=\"wp-block-heading\" id=\"h-conclusion\">Abschluss<\/h2>    <p class=\"translation-block\">Die elektrische vertikale Verpackungsmaschine kann den Verpackungsprozess automatisch abschlie\u00dfen. Ihre Arbeitsgeschwindigkeit ist langsamer als die einer Standard-Granulatpacker- und <strong><a href=\"https:\/\/tianhuipackingmachine.com\/de\/powder-packing-machine\/\">Pulverpacker<\/a><\/strong>, aber ihre F\u00fcllpr\u00e4zision ist h\u00f6her, da die Maschine quantitative W\u00e4gung und Bef\u00fcllung anstelle von Messbechern oder einem R\u00fchrer verwendet. Au\u00dferdem hat sie die Vorteile geringer Kosten, erschwinglicher Preise und ist f\u00fcr kleine und mittlere Unternehmen geeignet. Wenn Sie <strong><a href=\"https:\/\/tianhuipackingmachine.com\/de\/contact\/\">weitere Details<\/a><\/strong> erhalten oder H\u00e4ndler werden m\u00f6chten, k\u00f6nnen Sie uns kontaktieren und wir werden Ihnen so schnell wie m\u00f6glich antworten.<\/p>","protected":false},"excerpt":{"rendered":"<p>Electric vertical packing machine mainly consists of two parts, feeding system, and packaging system. The feeding system is a small filling machine for powder, granule, or two-in-one. Many filling scopes are optional. The packaging system is used to make bags to package falling materials from the feeding system. Compared with a standard granule or powder [&hellip;]<\/p>\n","protected":false},"author":1,"featured_media":2743,"parent":0,"template":"","tags":[199],"product-type":[145],"class_list":["post-2733","product","type-product","status-publish","has-post-thumbnail","hentry","tag-vertical-packing-machine","product-type-other-products"],"_links":{"self":[{"href":"https:\/\/tianhuipackingmachine.com\/de\/wp-json\/wp\/v2\/product\/2733","targetHints":{"allow":["GET"]}}],"collection":[{"href":"https:\/\/tianhuipackingmachine.com\/de\/wp-json\/wp\/v2\/product"}],"about":[{"href":"https:\/\/tianhuipackingmachine.com\/de\/wp-json\/wp\/v2\/types\/product"}],"author":[{"embeddable":true,"href":"https:\/\/tianhuipackingmachine.com\/de\/wp-json\/wp\/v2\/users\/1"}],"wp:featuredmedia":[{"embeddable":true,"href":"https:\/\/tianhuipackingmachine.com\/de\/wp-json\/wp\/v2\/media\/2743"}],"wp:attachment":[{"href":"https:\/\/tianhuipackingmachine.com\/de\/wp-json\/wp\/v2\/media?parent=2733"}],"wp:term":[{"taxonomy":"post_tag","embeddable":true,"href":"https:\/\/tianhuipackingmachine.com\/de\/wp-json\/wp\/v2\/tags?post=2733"},{"taxonomy":"product-type","embeddable":true,"href":"https:\/\/tianhuipackingmachine.com\/de\/wp-json\/wp\/v2\/product-type?post=2733"}],"curies":[{"name":"wp","href":"https:\/\/api.w.org\/{rel}","templated":true}]}}