{"id":2710,"date":"2021-09-23T15:38:40","date_gmt":"2021-09-23T07:38:40","guid":{"rendered":"https:\/\/tianhuipackingmachine.com\/?page_id=2710"},"modified":"2023-01-18T15:30:04","modified_gmt":"2023-01-18T07:30:04","slug":"shisha-charcoal-packing-machine","status":"publish","type":"product","link":"https:\/\/tianhuipackingmachine.com\/de\/shisha-charcoal-packing-machine\/","title":{"rendered":"Verpackungsmaschine f\u00fcr Shisha-Kohle"},"content":{"rendered":"<p class=\"translation-block\"><strong>Shisha-Kohle-Verpackungsmaschine<\/strong> oder Wasserpfeifen-Kohle-Verpackungsmaschine ist eine Art von horizontaler Flow-Wrap-Maschine. Sie wird elektrisch betrieben und von einem intelligenten PLC-Steuerungssystem kontrolliert. Mit Material aus 304 Edelstahl und einer vern\u00fcnftigen Struktur ist die Shisha-Kohle-Verpackungsmaschine langlebig und hat eine lange Lebensdauer. Au\u00dferdem ist sie sehr einfach zu installieren, zu bedienen und zu warten. Die Shisha-Kohle-Verpackungsger\u00e4te zum Verkauf von Henan Top Packing Machinery genie\u00dfen hohe Qualit\u00e4t und wettbewerbsf\u00e4hige Preise. Und werden von vielen Kunden gesch\u00e4tzt. Kontaktieren Sie uns f\u00fcr den neuesten Preis.<\/p>    <figure class=\"wp-block-image aligncenter size-large\"><img loading=\"lazy\" decoding=\"async\" width=\"750\" height=\"500\" src=\"https:\/\/tianhuipackingmachine.com\/wp-content\/uploads\/2022\/01\/shisha-charcoal-packing-machine-750x500.jpg\" alt=\"Verpackungsmaschine f\u00fcr Shisha-Kohle\" class=\"wp-image-5054\" srcset=\"https:\/\/tianhuipackingmachine.com\/wp-content\/uploads\/2022\/01\/shisha-charcoal-packing-machine.jpg 750w, https:\/\/tianhuipackingmachine.com\/wp-content\/uploads\/2022\/01\/shisha-charcoal-packing-machine-480x320.jpg 480w\" sizes=\"auto, (max-width: 750px) 100vw, 750px\" \/><figcaption class=\"wp-element-caption\">Shisha-Kohle-Verpackungsmaschine<\/figcaption><\/figure>    <h2 class=\"wp-block-heading\" id=\"h-detailed-components-of-the-ring-shisha-charcoal-packing-equipment\">Detaillierte Komponenten der Ring-Shisha-Kohleverpackungsmaschine<\/h2>    <p class=\"translation-block\">Eine Verpackungsproduktionslinie f\u00fcr Wasserpfeifen-Kohle besteht haupts\u00e4chlich aus einem F\u00f6rderband, einer Zuf\u00fchrmaschine und einer Kissenverpackungsmaschine. Nachdem der Bediener die Rohmaterialien auf das F\u00f6rderband gelegt hat, werden diese zur Zuf\u00fchrmaschine transportiert. Der Materialzuf\u00fchrer kann diese Shisha-Kohlen trennen und in Gruppen f\u00fcr die Verpackung kombinieren. Es gibt viele Verriegelungen an der Flow-Wrap-Maschine, damit die Ausr\u00fcstung die Wasserpfeifen-Kohle in einer zylindrischen Form verpacken kann. Wenn Sie sie in Kartons verpacken m\u00f6chten, bieten wir auch <a href=\"https:\/\/tianhuipackingmachine.com\/de\/carton-sealing-machine\/\">Kartonschlie\u00df- und Umreifungsmaschinen<\/a> an. Kontaktieren Sie uns gerne, wenn Sie an dieser Art von Verpackungsmaschine interessiert sind.<\/p>    <figure class=\"wp-block-gallery has-nested-images columns-default is-cropped wp-block-gallery-2 is-layout-flex wp-block-gallery-is-layout-flex\"> <figure class=\"wp-block-image size-large\"><img loading=\"lazy\" decoding=\"async\" width=\"750\" height=\"500\" data-id=\"5045\" src=\"https:\/\/tianhuipackingmachine.com\/wp-content\/uploads\/2022\/01\/conveyor-belts-for-hookah-charcoal-750x500.jpg\" alt=\"\" class=\"wp-image-5045\" srcset=\"https:\/\/tianhuipackingmachine.com\/wp-content\/uploads\/2022\/01\/conveyor-belts-for-hookah-charcoal.jpg 750w, https:\/\/tianhuipackingmachine.com\/wp-content\/uploads\/2022\/01\/conveyor-belts-for-hookah-charcoal-480x320.jpg 480w\" sizes=\"auto, (max-width: 750px) 100vw, 750px\" \/><figcaption class=\"wp-element-caption\">F\u00f6rderb\u00e4nder f\u00fcr Shisha-Kohle<\/figcaption><\/figure>    <figure class=\"wp-block-image size-large\"><img loading=\"lazy\" decoding=\"async\" width=\"750\" height=\"500\" data-id=\"5039\" src=\"https:\/\/tianhuipackingmachine.com\/wp-content\/uploads\/2022\/01\/feeding-machine-for-sets-of-shisha-charcoal-750x500.jpg\" alt=\"Zuf\u00fchrmaschine f\u00fcr Shisha-Kohle-Sets\" class=\"wp-image-5039\" srcset=\"https:\/\/tianhuipackingmachine.com\/wp-content\/uploads\/2022\/01\/feeding-machine-for-sets-of-shisha-charcoal.jpg 750w, https:\/\/tianhuipackingmachine.com\/wp-content\/uploads\/2022\/01\/feeding-machine-for-sets-of-shisha-charcoal-480x320.jpg 480w\" sizes=\"auto, (max-width: 750px) 100vw, 750px\" \/><figcaption class=\"wp-element-caption\">Zuf\u00fchrmaschine f\u00fcr Shisha-Kohle-Sets<\/figcaption><\/figure>    <figure class=\"wp-block-image size-large\"><img loading=\"lazy\" decoding=\"async\" width=\"750\" height=\"500\" data-id=\"5044\" src=\"https:\/\/tianhuipackingmachine.com\/wp-content\/uploads\/2022\/01\/the-place-for-putting-a-group-of-hookah-charcoal-750x500.jpg\" alt=\"der Platz zum Abstellen einer Gruppe Wasserpfeifenkohle\" class=\"wp-image-5044\" srcset=\"https:\/\/tianhuipackingmachine.com\/wp-content\/uploads\/2022\/01\/the-place-for-putting-a-group-of-hookah-charcoal.jpg 750w, https:\/\/tianhuipackingmachine.com\/wp-content\/uploads\/2022\/01\/the-place-for-putting-a-group-of-hookah-charcoal-480x320.jpg 480w\" sizes=\"auto, (max-width: 750px) 100vw, 750px\" \/><figcaption class=\"wp-element-caption\">Der Ort zum Abstellen einer Gruppe Shisha-Kohle<\/figcaption><\/figure> <\/figure>    <figure class=\"wp-block-gallery has-nested-images columns-default is-cropped wp-block-gallery-3 is-layout-flex wp-block-gallery-is-layout-flex\"> <figure class=\"wp-block-image size-large\"><img loading=\"lazy\" decoding=\"async\" width=\"750\" height=\"500\" data-id=\"5041\" src=\"https:\/\/tianhuipackingmachine.com\/wp-content\/uploads\/2022\/01\/shisha-charcoal-packaging-production-line-750x500.jpg\" alt=\"Produktionslinie f\u00fcr Shisha-Kohleverpackungen\" class=\"wp-image-5041\" srcset=\"https:\/\/tianhuipackingmachine.com\/wp-content\/uploads\/2022\/01\/shisha-charcoal-packaging-production-line.jpg 750w, https:\/\/tianhuipackingmachine.com\/wp-content\/uploads\/2022\/01\/shisha-charcoal-packaging-production-line-480x320.jpg 480w\" sizes=\"auto, (max-width: 750px) 100vw, 750px\" \/><figcaption class=\"wp-element-caption\">Produktionslinie f\u00fcr Shisha-Kohleverpackungen<\/figcaption><\/figure>    <figure class=\"wp-block-image size-large\"><img loading=\"lazy\" decoding=\"async\" width=\"750\" height=\"500\" data-id=\"5051\" src=\"https:\/\/tianhuipackingmachine.com\/wp-content\/uploads\/2022\/01\/upper-roll-film-device-750x500.jpg\" alt=\"Oberes Rollfilmger\u00e4t\" class=\"wp-image-5051\" srcset=\"https:\/\/tianhuipackingmachine.com\/wp-content\/uploads\/2022\/01\/upper-roll-film-device.jpg 750w, https:\/\/tianhuipackingmachine.com\/wp-content\/uploads\/2022\/01\/upper-roll-film-device-480x320.jpg 480w\" sizes=\"auto, (max-width: 750px) 100vw, 750px\" \/><figcaption class=\"wp-element-caption\">Oberes Rollfilmger\u00e4t<\/figcaption><\/figure>    <figure class=\"wp-block-image size-large\"><img loading=\"lazy\" decoding=\"async\" width=\"750\" height=\"500\" data-id=\"5048\" src=\"https:\/\/tianhuipackingmachine.com\/wp-content\/uploads\/2022\/01\/PLC-touch-screen-750x500.jpg\" alt=\"SPS-Touchscreen\" class=\"wp-image-5048\" srcset=\"https:\/\/tianhuipackingmachine.com\/wp-content\/uploads\/2022\/01\/PLC-touch-screen.jpg 750w, https:\/\/tianhuipackingmachine.com\/wp-content\/uploads\/2022\/01\/PLC-touch-screen-480x320.jpg 480w\" sizes=\"auto, (max-width: 750px) 100vw, 750px\" \/><figcaption class=\"wp-element-caption\">SPS-Touchscreen<\/figcaption><\/figure> <\/figure>    <h2 class=\"wp-block-heading\" id=\"h-features-of-hookah-charcoal-packaging-machine\">Merkmale der Verpackungsmaschine f\u00fcr Wasserpfeifenkohle<\/h2>    <ol class=\"wp-block-list\" type=\"1\"> <li>ausgezeichnetes Design, einfache Struktur, stabile Leistung<\/li>    <li>Intelligentes SPS-Steuerungssystem, einfach zu bedienen und zu aktualisieren<\/li>    <li>Zuverl\u00e4ssige Sicherheitsschutzvorrichtungen zur Gew\u00e4hrleistung der Sicherheit der Bediener<\/li>    <li>Servomotorsystem, pr\u00e4zise und effizient<\/li>    <li>Unabh\u00e4ngige PID-Temperaturregelung, geeignet zum Verpacken verschiedener Folienmaterialien<\/li>    <li>Ger\u00e4uscharm, energiesparend und Fabrikpreis<\/li> <\/ol>    <h2 class=\"wp-block-heading\" id=\"h-how-to-package-shisha-charcoal-by-the-pillow-packing-machine\">Wie verpacke ich Shisha-Kohle mit der Kissenverpackungsmaschine?<\/h2>   <figure class=\"wp-block-embed-youtube wp-block-embed is-type-video is-provider-youtube wp-embed-aspect-16-9 wp-has-aspect-ratio\"><div class=\"lyte-wrapper\" title=\"Automatische Verpackungsmaschine f\u00fcr Shisha-Holzkohlebriketts | Hohe Effizienz\" style=\"width:853px;max-width:100%;margin:5px auto;\"><div class=\"lyMe\" id=\"WYL_XRflGHvTdo8\" itemprop=\"video\" itemscope itemtype=\"https:\/\/schema.org\/VideoObject\"><div><meta itemprop=\"thumbnailUrl\" content=\"https:\/\/i.ytimg.com\/vi\/XRflGHvTdo8\/hqdefault.jpg\" \/><meta itemprop=\"embedURL\" content=\"https:\/\/www.youtube.com\/embed\/XRflGHvTdo8\" \/><meta itemprop=\"duration\" content=\"PT2M34S\" \/><meta itemprop=\"uploadDate\" content=\"2021-09-27T10:20:48Z\" \/><\/div><div id=\"lyte_XRflGHvTdo8\" data-src=\"https:\/\/i.ytimg.com\/vi\/XRflGHvTdo8\/hqdefault.jpg\" class=\"pL\"><div class=\"tC\"><div class=\"tT\" itemprop=\"name\">Automatische Verpackungsmaschine f\u00fcr Shisha-Holzkohlebriketts | Hohe Effizienz<\/div><\/div><div class=\"play\"><\/div><div class=\"ctrl\"><div class=\"Lctrl\"><\/div><div class=\"Rctrl\"><\/div><\/div><\/div><noscript><a href=\"https:\/\/youtu.be\/XRflGHvTdo8\" rel=\"nofollow noopener\" target=\"_blank\"><img loading=\"lazy\" decoding=\"async\" src=\"https:\/\/i.ytimg.com\/vi\/XRflGHvTdo8\/0.jpg\" alt=\"Automatische Verpackungsmaschine f\u00fcr Shisha-Holzkohlebriketts | Hohe Effizienz\" width=\"853\" height=\"460\" \/><\/a><\/noscript><meta itemprop=\"description\" content=\"Email: sales@toppackingmachine.com Whatsapp\/Tel: +86 17329326135 Official website: https:\/\/tianhuipackingmachine.com\/shisha-charcoal-packing-machine\/ Shisha charcoal packing machine or hookah charcoal packing machine is a kind of pillow packing machine. It is powered by electricity and controlled by an intelligent PLC control system. With 304 stainless steel material and reasonable structure, the shisha charcoal wrapping machine is durable and has a long service life. Besides, it is quite easy to install, operate, and maintain.\"><\/div><\/div><div class=\"lL\" style=\"max-width:100%;width:853px;margin:5px auto;\"> <a href=\"https:\/\/youtu.be\/XRflGHvTdo8\" target=\"_blank\" rel=\"noopener\">Dieses Video auf YouTube ansehen<\/a>.<\/div><figcaption><\/figcaption><\/figure>   <h2 class=\"wp-block-heading\" id=\"h-do-you-know-these-about-hookah-charcoal-packing-machine\">Kennen Sie diese Informationen zur Shisha-Kohleverpackungsmaschine?<\/h2>    <p class=\"translation-block\">Tats\u00e4chlich ist die Shisha-Kohle-Verpackungsmaschine, die zum Verkauf steht, eine Art von <a href=\"https:\/\/tianhuipackingmachine.com\/de\/pillow-packing-machine\/\">Kissenverpackungsger\u00e4t<\/a>, das Shisha-Kohlebriketts eng und sch\u00f6n verpacken kann. Daher ist es bequem zu lagern und zu verkaufen. Als einer der f\u00fchrenden Hersteller von Verpackungsmaschinen in China verf\u00fcgen wir \u00fcber eine starke Produktionskapazit\u00e4t und unterst\u00fctzen OEM\/ODM-Dienste, um alle Ihre spezifischen Anforderungen zu erf\u00fcllen, wie z.B. Material des Geh\u00e4uses, Leistung, Maschinenabmessungen, Motorenmarke usw. <\/p>    <p class=\"translation-block\">Wir geben zu, dass unser Preis f\u00fcr die Wasserpfeifen-Kohle-Verpackungsmaschine absolut g\u00fcnstig ist. Wenn Sie nach einer hochwertigen Shisha-Kohle-Verpackungsmaschine suchen, nehmen Sie noch heute Kontakt mit uns auf, um Ihr Gesch\u00e4ft zu f\u00f6rdern. Und wenn Sie <a href=\"https:\/\/tianhuipackingmachine.com\/de\/be-agent\/\">unser Agent<\/a> werden m\u00f6chten, lassen Sie es mich bitte wissen, und wir werden Ihnen detaillierte Informationen senden.<\/p>    <figure class=\"wp-block-gallery has-nested-images columns-default is-cropped wp-block-gallery-4 is-layout-flex wp-block-gallery-is-layout-flex\"> <figure class=\"wp-block-image size-large\"><img loading=\"lazy\" decoding=\"async\" width=\"750\" height=\"500\" data-id=\"5049\" src=\"https:\/\/tianhuipackingmachine.com\/wp-content\/uploads\/2022\/01\/shisha-charcoal-packaging-machine-in-factory-750x500.jpg\" alt=\"Verpackungsmaschine f\u00fcr Shisha-Kohle in der Fabrik\" class=\"wp-image-5049\" srcset=\"https:\/\/tianhuipackingmachine.com\/wp-content\/uploads\/2022\/01\/shisha-charcoal-packaging-machine-in-factory.jpg 750w, https:\/\/tianhuipackingmachine.com\/wp-content\/uploads\/2022\/01\/shisha-charcoal-packaging-machine-in-factory-480x320.jpg 480w\" sizes=\"auto, (max-width: 750px) 100vw, 750px\" \/><figcaption class=\"wp-element-caption\">Shisha-Kohleverpackungsmaschine in der Fabrik<\/figcaption><\/figure>    <figure class=\"wp-block-image size-large\"><img loading=\"lazy\" decoding=\"async\" width=\"750\" height=\"500\" data-id=\"5052\" src=\"https:\/\/tianhuipackingmachine.com\/wp-content\/uploads\/2022\/01\/pillow-packaging-equipment-display-750x500.jpg\" alt=\"Ausstellung von Kissenverpackungsger\u00e4ten\" class=\"wp-image-5052\" srcset=\"https:\/\/tianhuipackingmachine.com\/wp-content\/uploads\/2022\/01\/pillow-packaging-equipment-display.jpg 750w, https:\/\/tianhuipackingmachine.com\/wp-content\/uploads\/2022\/01\/pillow-packaging-equipment-display-480x320.jpg 480w\" sizes=\"auto, (max-width: 750px) 100vw, 750px\" \/><figcaption class=\"wp-element-caption\">Ausstellung von Kissenverpackungsger\u00e4ten<\/figcaption><\/figure> <\/figure>    <h2 class=\"has-luminous-vivid-orange-color has-text-color wp-block-heading\" id=\"h-shisha-charcoal-flow-wrapping-machine-parameter\">Parameter der Shisha-Kohle-Schlauchbeutelmaschine<\/h2>    <figure class=\"wp-block-table is-style-stripes\"><table><tbody><tr><td>Modell<\/td><td>TH-280<\/td><\/tr><tr><td>Filmbreite<\/td><td>Maximal 280 mm<\/td><\/tr><tr><td>Taschenbreite<\/td><td>50-110mm<\/td><\/tr><tr><td>Produkth\u00f6he<\/td><td>Max. 40 mm<\/td><\/tr><tr><td>Durchmesser der Filmrolle<\/td><td>Max. 320 mm<\/td><\/tr><tr><td>Textur<\/td><td>Edelstahl<\/td><\/tr><tr><td>Packl\u00e4nge<\/td><td>65\u2013190 mm oder 120\u2013280 mm<\/td><\/tr><tr><td>Packgeschwindigkeit<\/td><td>40-230 Beutel\/Min<\/td><\/tr><tr><td>Stromspannung<\/td><td>220V50HZ 2,5 kW (einstellbar)<\/td><\/tr><tr><td>Abmessungen<\/td><td>(L)3920\u00d7(B)670\u00d7(H)1210mm<\/td><\/tr><tr><td>Gewicht<\/td><td>500kg<\/td><\/tr><\/tbody><\/table><\/figure>    <h2 class=\"wp-block-heading\" id=\"h-what-is-the-shisha-charcoal-packing-machine-price\">Was kostet eine Shisha-Kohle-Verpackungsmaschine?<\/h2>    <p>Der Preis einer Shisha-Kohle-Verpackungsmaschine h\u00e4ngt von vielen Faktoren ab, wie Bestellmenge, Geh\u00e4usematerial, Marke des Zubeh\u00f6rs, Versandkosten usw. Daher variieren die Kosten f\u00fcr eine Shisha-Kohle-Schlauchbeutelmaschine und sind instabil. Aber wir k\u00f6nnen sicherstellen, dass der Preis unserer Shisha-Kohleverpackungsmaschine recht wettbewerbsf\u00e4hig und angemessen ist. Wenn Sie an dieser Ausr\u00fcstung interessiert sind, senden Sie uns bitte eine E-Mail oder hinterlassen Sie unten Ihre Nachricht. Wir senden Ihnen dann den besten Preis.<\/p>    <h2 class=\"wp-block-heading\" id=\"h-contact-us-to-start-your-business\">Kontaktieren Sie uns, um Ihr Unternehmen zu starten<\/h2>    <p class=\"translation-block\">Als umfassender Hersteller und Lieferant von Verpackungsmaschinen bietet <a href=\"https:\/\/tianhuipackingmachine.com\/de\/\">Henan Top Packing Machinery Co., Ltd<\/a> hervorragende horizontale Verpackungsmaschinen f\u00fcr Wasserpfeifen-Kohle mit guter Leistung und angemessenem Preis. Dar\u00fcber hinaus bieten wir einen ma\u00dfgeschneiderten Service, um Ihre speziellen Anforderungen zu erf\u00fcllen. Mit direkter Fabriklieferung und guter Qualit\u00e4t k\u00f6nnen unsere Maschinen Ihrem Gesch\u00e4ft erheblich zugutekommen. Senden Sie uns Ihre Anforderungen und wir werden Ihnen so schnell wie m\u00f6glich antworten.<\/p>","protected":false},"excerpt":{"rendered":"<p>Shisha charcoal packing machine or&nbsp;hookah charcoal packing machine is a kind of horizontal flow wrap machine. It is powered by electricity and is controlled by an intelligent PLC control system. With 304 stainless steel material and a reasonable structure, the shisha charcoal wrapping machine is durable and has a long service life. Besides, it is [&hellip;]<\/p>\n","protected":false},"author":1,"featured_media":5054,"parent":0,"template":"","tags":[213],"product-type":[139],"class_list":["post-2710","product","type-product","status-publish","has-post-thumbnail","hentry","tag-flow-wrapping-machine","product-type-pillow-packing-machines"],"_links":{"self":[{"href":"https:\/\/tianhuipackingmachine.com\/de\/wp-json\/wp\/v2\/product\/2710","targetHints":{"allow":["GET"]}}],"collection":[{"href":"https:\/\/tianhuipackingmachine.com\/de\/wp-json\/wp\/v2\/product"}],"about":[{"href":"https:\/\/tianhuipackingmachine.com\/de\/wp-json\/wp\/v2\/types\/product"}],"author":[{"embeddable":true,"href":"https:\/\/tianhuipackingmachine.com\/de\/wp-json\/wp\/v2\/users\/1"}],"wp:featuredmedia":[{"embeddable":true,"href":"https:\/\/tianhuipackingmachine.com\/de\/wp-json\/wp\/v2\/media\/5054"}],"wp:attachment":[{"href":"https:\/\/tianhuipackingmachine.com\/de\/wp-json\/wp\/v2\/media?parent=2710"}],"wp:term":[{"taxonomy":"post_tag","embeddable":true,"href":"https:\/\/tianhuipackingmachine.com\/de\/wp-json\/wp\/v2\/tags?post=2710"},{"taxonomy":"product-type","embeddable":true,"href":"https:\/\/tianhuipackingmachine.com\/de\/wp-json\/wp\/v2\/product-type?post=2710"}],"curies":[{"name":"wp","href":"https:\/\/api.w.org\/{rel}","templated":true}]}}