{"id":2692,"date":"2021-09-23T11:35:54","date_gmt":"2021-09-23T03:35:54","guid":{"rendered":"https:\/\/tianhuipackingmachine.com\/?page_id=2692"},"modified":"2025-05-07T15:12:27","modified_gmt":"2025-05-07T07:12:27","slug":"small-filling-machine","status":"publish","type":"product","link":"https:\/\/tianhuipackingmachine.com\/de\/small-filling-machine\/","title":{"rendered":"Kleine Abf\u00fcllmaschine"},"content":{"rendered":"<p class=\"translation-block\"><strong>Kleine Abf\u00fcllmaschine<\/strong> ist eine Art von kleiner Quantit\u00e4tsmaschine zum Wiegen und Abf\u00fcllen von Materialien. Sie hat die Vorteile eines geringen Platzbedarfs, genauer W\u00e4gung, niedriger Kosten und breiter Anwendungen, geeignet f\u00fcr verschiedene Granulate, Pulver, Fl\u00fcssigkeiten oder Pasten, egal ob Taschen oder Flaschen. Diese Maschine kann einzeln oder als Teil einer Verpackungslinie verwendet werden. Sie kann mit einem Verpackungsteil kombiniert werden, um den gesamten Verpackungsprozess abzuschlie\u00dfen. Ein g\u00e4ngiges Beispiel ist eine Kettenbeh\u00e4lter-Verpackungsmaschine mit mehreren kleinen quantitativen Granulat-Abf\u00fcllmaschinen zur Verpackung von aromatisiertem Tee. Dar\u00fcber hinaus ist ein Anpassungsservice gem\u00e4\u00df Ihren Bed\u00fcrfnissen verf\u00fcgbar.<\/p>   <figure class=\"wp-block-embed-youtube wp-block-embed is-type-video is-provider-youtube wp-embed-aspect-16-9 wp-has-aspect-ratio\"><div class=\"lyte-wrapper\" title=\"Automatische Abf\u00fcllmaschine f\u00fcr Pulver, Granulate | Kleiner F\u00fcller f\u00fcr pr\u00e4zise quantitative Verpackung\" style=\"width:853px;max-width:100%;margin:5px auto;\"><div class=\"lyMe\" id=\"WYL_pBURm4vka_Q\" itemprop=\"video\" itemscope itemtype=\"https:\/\/schema.org\/VideoObject\"><div><meta itemprop=\"thumbnailUrl\" content=\"https:\/\/i.ytimg.com\/vi\/pBURm4vka_Q\/hqdefault.jpg\" \/><meta itemprop=\"embedURL\" content=\"https:\/\/www.youtube.com\/embed\/pBURm4vka_Q\" \/><meta itemprop=\"duration\" content=\"PT1M17S\" \/><meta itemprop=\"uploadDate\" content=\"2025-04-17T05:39:35Z\" \/><\/div><div id=\"lyte_pBURm4vka_Q\" data-src=\"https:\/\/i.ytimg.com\/vi\/pBURm4vka_Q\/hqdefault.jpg\" class=\"pL\"><div class=\"tC\"><div class=\"tT\" itemprop=\"name\">Automatische Abf\u00fcllmaschine f\u00fcr Pulver, Granulate | Kleiner F\u00fcller f\u00fcr pr\u00e4zise quantitative Verpackung<\/div><\/div><div class=\"play\"><\/div><div class=\"ctrl\"><div class=\"Lctrl\"><\/div><div class=\"Rctrl\"><\/div><\/div><\/div><noscript><a href=\"https:\/\/youtu.be\/pBURm4vka_Q\" rel=\"nofollow noopener\" target=\"_blank\"><img loading=\"lazy\" decoding=\"async\" src=\"https:\/\/i.ytimg.com\/vi\/pBURm4vka_Q\/0.jpg\" alt=\"Automatische Abf\u00fcllmaschine f\u00fcr Pulver, Granulate | Kleiner F\u00fcller f\u00fcr pr\u00e4zise quantitative Verpackung\" width=\"853\" height=\"460\" \/><\/a><\/noscript><meta itemprop=\"description\" content=\"WhatsApp No.: https:\/\/wa.me\/+8613673689272 WeChat\/Tel No.:+8613673689272 Email: info@tianhuipackingmachine.com Website: https:\/\/tianhuipackingmachine.com\/small-filling-machine\/ Want to improve your powder filling efficiency? Check out our high-precision automatic filling machine, specially designed for filling fine powder and small particle products such as milk powder, protein powder, flour, coffee powder, spice, cocoa powder, chemical powder, rice, coffee beans, and more. \ud83d\udca1 Features of our powder filling machine: Accurate dosing with minimal error Adjustable filling weight Easy to clean and operate Applicable to jars, bottles, pouches, and cans Optional screw feeder and dust collection system available \ud83c\udfaf Ideal for food, pharmaceutical, and chemical industries. \ud83d\udcde Contact us now to get the best price and customized solution for your production line! \ud83c\udf10 Learn more on our website or leave a comment below for more machine details! WhatsApp No.: https:\/\/wa.me\/+8613673689272 WeChat\/Tel No.:+8613673689272 Email: info@tianhuipackingmachine.com Website: https:\/\/tianhuipackingmachine.com\/small-filling-machine\/\"><\/div><\/div><div class=\"lL\" style=\"max-width:100%;width:853px;margin:5px auto;\"> <a href=\"https:\/\/youtu.be\/pBURm4vka_Q\" target=\"_blank\" rel=\"noopener\">Dieses Video auf YouTube ansehen<\/a>.<\/div><figcaption>Video von kleiner Abf\u00fcllmaschine<\/figcaption><\/figure>   <h2 class=\"wp-block-heading\" id=\"h-small-filling-machine-for-sale\">Kleine F\u00fcllmaschine zu verkaufen<\/h2>    <p>Kleine Desktop-Quantit\u00e4tsf\u00fcllmaschine in Top (Henan). Zu den zum Verkauf stehenden Verpackungsmaschinen geh\u00f6ren Granulatf\u00fcller, Pulverf\u00fcller, Granulat- und Pulverf\u00fcller in einem, Fl\u00fcssigf\u00fcller und Pastenf\u00fcller. Alle von ihnen zeichnen sich durch geringen Platzbedarf, quantitative Bef\u00fcllung, niedrige Kosten und einfache Bedienung aus. Es stehen viele F\u00fcllmengen zur Verf\u00fcgung. Sie k\u00f6nnen nach Ihren Bed\u00fcrfnissen w\u00e4hlen. Interessieren Sie sich f\u00fcr sie? M\u00f6chten Sie unser Vertriebspartner werden? Wenn ja, bieten wir Ihnen wettbewerbsf\u00e4higere Preise, wenn Sie mehr kaufen. Nehmen Sie gerne Kontakt mit uns auf, um weitere Einzelheiten zu erfahren.<\/p>    <div class=\"wp-block-columns is-layout-flex wp-container-core-columns-is-layout-28f84493 wp-block-columns-is-layout-flex\"> <div class=\"wp-block-column is-layout-flow wp-block-column-is-layout-flow\"> <figure class=\"wp-block-image aligncenter size-full\"><img loading=\"lazy\" decoding=\"async\" width=\"750\" height=\"500\" src=\"https:\/\/tianhuipackingmachine.com\/wp-content\/uploads\/2021\/09\/granule-powder-two-in-one-desktop-filling-machine.jpg\" alt=\"Granulat-, Pulver- und Zwei-in-Eins-Desktop-Abf\u00fcllmaschine\" class=\"wp-image-2705\" srcset=\"https:\/\/tianhuipackingmachine.com\/wp-content\/uploads\/2021\/09\/granule-powder-two-in-one-desktop-filling-machine.jpg 750w, https:\/\/tianhuipackingmachine.com\/wp-content\/uploads\/2021\/09\/granule-powder-two-in-one-desktop-filling-machine-300x200.jpg 300w\" sizes=\"auto, (max-width: 750px) 100vw, 750px\" \/><figcaption class=\"wp-element-caption\">Granulat-, Pulver- &amp; Zwei-in-Eins-Schreibtischf\u00fcllmaschine<\/figcaption><\/figure> <\/div> <\/div>    <h2 class=\"wp-block-heading\" id=\"h-small-granule-filling-machine\">Kleine Granulatf\u00fcllmaschine<\/h2>    <p class=\"translation-block\">Desktop-Granulatf\u00fcller<strong> <\/strong>ist kosteng\u00fcnstig, ben\u00f6tigt wenig Platz, ist tragbar und geeignet f\u00fcr verschiedene Granulate wie Getreide, Tee, Kleinigkeiten, Reis, M\u00fcsli, Samen, Trockenfr\u00fcchte, aromatisierten Tee, Rockzucker, Rosentee, Jasmin, Chrysanthemen-Tee, gr\u00fcne Bohnen, rote Bohnen, Erdn\u00fcsse, Melonensamen, N\u00fcsse usw. Der quantitative F\u00fcllbereich umfasst 0,3-20g, 0,5-50g, 0,5-99g und 1-200g.&nbsp;<\/p>    <figure class=\"wp-block-image aligncenter size-full\"><img loading=\"lazy\" decoding=\"async\" width=\"750\" height=\"500\" src=\"https:\/\/tianhuipackingmachine.com\/wp-content\/uploads\/2021\/09\/small-granule-filler.jpg\" alt=\"kleiner Granulatf\u00fcller\" class=\"wp-image-2697\" srcset=\"https:\/\/tianhuipackingmachine.com\/wp-content\/uploads\/2021\/09\/small-granule-filler.jpg 750w, https:\/\/tianhuipackingmachine.com\/wp-content\/uploads\/2021\/09\/small-granule-filler-300x200.jpg 300w\" sizes=\"auto, (max-width: 750px) 100vw, 750px\" \/><figcaption class=\"wp-element-caption\">Kleine Granulabf\u00fcllmaschine<\/figcaption><\/figure>    <h2 class=\"wp-block-heading has-text-color\" id=\"h-desktop-granule-filler-parameters\" style=\"color:#ff5200\">Parameter des Desktop-Granulatf\u00fcllers<\/h2>    <figure class=\"wp-block-table is-style-stripes\"><table><tbody><tr><td>Modell<\/td><td>KL-20<\/td><td>KL-50<\/td><td>KL-100<\/td><td>KL-200<\/td><\/tr><tr><td>Leistung<\/td><td>100W<\/td><td>100W<\/td><td>100W<\/td><td>120W<\/td><\/tr><tr><td>F\u00fcllumfang<\/td><td>0,3-20g<\/td><td>0,5-50g<\/td><td>0,5\u201399,9 g<\/td><td>1-200g<\/td><\/tr><tr><td>Abweichung<\/td><td>\u00b10,1\u20130,3 g<\/td><td>\u00b10,1\u20130,3 g<\/td><td>\u00b10,1\u20130,3 g<\/td><td>\u00b10,1\u20130,5 g<\/td><\/tr><tr><td>Maschinengr\u00f6\u00dfe<\/td><td>38*24*49cm<\/td><td>38*24*49cm<\/td><td>38*24*51cm<\/td><td>38*24*51cm<\/td><\/tr><\/tbody><\/table><\/figure>    <h2 class=\"wp-block-heading\" id=\"h-desktop-powder-filling-machine\">Desktop-Pulverf\u00fcllmaschine<\/h2>    <p>Die kleine Pulverf\u00fcllmaschine eignet sich f\u00fcr eine Vielzahl von Pulvern, wie Mehl, Milchpulver, Kaffeepulver, Gew\u00fcrzpulver, Maismehl, Reismehl, Farbstoffpulver, N\u00e4hrpulver, Gew\u00fcrze, Kakaopulver, chemisches Pulver, Chilipulver, schwarzes Pfefferpulver, Kr\u00e4uterpulver usw. Die F\u00fcllbereiche von 0,3\u201320 g, 0,5\u201350 g, 0,5\u201399,9 g und 1\u2013200 g sind optional. Der F\u00fcllfehler betr\u00e4gt \u00b10,1-0,3g.<\/p>    <figure class=\"wp-block-image aligncenter size-full\"><img loading=\"lazy\" decoding=\"async\" width=\"750\" height=\"500\" src=\"https:\/\/tianhuipackingmachine.com\/wp-content\/uploads\/2021\/09\/desktop-powder-weighing-and-filling-machine.jpg\" alt=\"Tischwaage und Abf\u00fcllmaschine f\u00fcr Pulver\" class=\"wp-image-2699\" srcset=\"https:\/\/tianhuipackingmachine.com\/wp-content\/uploads\/2021\/09\/desktop-powder-weighing-and-filling-machine.jpg 750w, https:\/\/tianhuipackingmachine.com\/wp-content\/uploads\/2021\/09\/desktop-powder-weighing-and-filling-machine-300x200.jpg 300w\" sizes=\"auto, (max-width: 750px) 100vw, 750px\" \/><figcaption class=\"wp-element-caption\">Desktop-Pulverwaage und Abf\u00fcllmaschine<\/figcaption><\/figure>    <h2 class=\"wp-block-heading has-text-color\" id=\"h-small-powder-filler-parameters\" style=\"color:#ff5200\">Kleine Pulverf\u00fcllerparameter<\/h2>    <figure class=\"wp-block-table is-style-stripes\"><table><tbody><tr><td>Modell<\/td><td>F-20<\/td><td>F-50<\/td><td>F-100<\/td><td>F-200<\/td><\/tr><tr><td>Leistung<\/td><td>100W<\/td><td>100W<\/td><td>100W<\/td><td>120W<\/td><\/tr><tr><td>F\u00fcllumfang<\/td><td>0,3-20g<\/td><td>0,5-50g<\/td><td>0,5\u201399,9 g<\/td><td>1-200g<\/td><\/tr><tr><td>Abweichung<\/td><td>\u00b10,1\u20130,3 g<\/td><td>\u00b10,1\u20130,3 g<\/td><td>\u00b10,1\u20130,3 g<\/td><td>\u00b10,1\u20130,5 g<\/td><\/tr><tr><td>Maschinengr\u00f6\u00dfe<\/td><td>38*24*51cm<\/td><td>38*24*51cm<\/td><td>38*24*51cm\/38*24*56cm (quadratischer Trichter)<\/td><td>42*26*62cm<\/td><\/tr><\/tbody><\/table><\/figure>    <h2 class=\"wp-block-heading\" id=\"h-desktop-granule-and-powder-filling-machine-in-one\">Desktop-Granulat- und Pulverf\u00fcllmaschine in einem<\/h2>    <p>Bei diesem Maschinentyp handelt es sich um die Zwei-in-Eins-Abf\u00fcllmaschine f\u00fcr Granulat und Pulver. Es kann nicht nur Pulver, sondern auch Granulat wiegen und abf\u00fcllen. Handelt es sich bei dem F\u00fcllmaterial um Mehl, kann das maximale F\u00fcllgewicht 500g betragen. Bei Reis hingegen kann es bis zu 999 g betragen. Alle drei dieser drei quantitativen Desktop-F\u00fcllmaschinen unterst\u00fctzen die Anpassung und die Spannung kann ge\u00e4ndert werden. &nbsp;<\/p>    <figure class=\"wp-block-image aligncenter size-full\"><img loading=\"lazy\" decoding=\"async\" width=\"750\" height=\"500\" src=\"https:\/\/tianhuipackingmachine.com\/wp-content\/uploads\/2021\/09\/small-granule-and-powder-quantitative-filler.jpg\" alt=\"kleiner, quantitativer Granulat- und Pulverf\u00fcller\" class=\"wp-image-2701\" srcset=\"https:\/\/tianhuipackingmachine.com\/wp-content\/uploads\/2021\/09\/small-granule-and-powder-quantitative-filler.jpg 750w, https:\/\/tianhuipackingmachine.com\/wp-content\/uploads\/2021\/09\/small-granule-and-powder-quantitative-filler-300x200.jpg 300w\" sizes=\"auto, (max-width: 750px) 100vw, 750px\" \/><figcaption class=\"wp-element-caption\">Kleine Granul- und Pulverquantit\u00e4tsabf\u00fcllmaschine<\/figcaption><\/figure>    <h2 class=\"wp-block-heading has-text-color\" id=\"h-desktop-powder-and-granule-filler-parameters\" style=\"color:#ff5200\">Desktop-Pulver- und Granulatf\u00fcllerparameter<\/h2>    <figure class=\"wp-block-table is-style-stripes\"><table><tbody><tr><td>Modell<\/td><td>F-500<\/td><\/tr><tr><td>Leistung<\/td><td>200W<\/td><\/tr><tr><td>F\u00fcllumfang<\/td><td>1-500g (Mehl)\/1-999g (Reis)<\/td><\/tr><tr><td>Abweichung<\/td><td>\u00b11-3g<\/td><\/tr><tr><td>Maschinengr\u00f6\u00dfe<\/td><td>40*27*80cm<\/td><\/tr><\/tbody><\/table><\/figure>    <h2 class=\"wp-block-heading\" id=\"h-desktop-quantitative-liquid-filling-machine\">Desktop-Maschine zum quantitativen Abf\u00fcllen von Fl\u00fcssigkeiten<\/h2>    <p>Die Desktop-Fl\u00fcssigkeitsf\u00fcllmaschine wird von einem Zylinder angetrieben, um Material zu entnehmen und auszuwerfen. Viele Gr\u00f6\u00dfen von Fl\u00fcssigkeitspumpen sind optional und die F\u00fcllmodelle umfassen 1\u201310 ml, 10\u2013100 ml, 100\u20131000 ml, 5\u201350 ml, 50\u2013500 ml, 500\u20135000 ml, 30\u2013300 ml, 300\u20133000 ml, 1000\u20135000 ml. usw. Es ist f\u00fcr die Fl\u00fcssigkeit geeignet, die reibungslos flie\u00dfen kann. Dieses Ger\u00e4t ist aufgrund seines geringen Platzbedarfs, seiner Tragbarkeit, seiner einfachen Bedienung und seiner geringen Kosten bei kleinen und mittleren Unternehmen beliebt. Die Standard-Desktop-Fl\u00fcssigkeitsf\u00fcllmaschine ist ein Auslassf\u00fcller. Wenn Sie einen Fl\u00fcssigf\u00fcller mit Doppeld\u00fcse ben\u00f6tigen, kann dieser individuell an Ihre Bed\u00fcrfnisse angepasst werden.<\/p>    <figure class=\"wp-block-image aligncenter size-full\"><img loading=\"lazy\" decoding=\"async\" width=\"750\" height=\"500\" src=\"https:\/\/tianhuipackingmachine.com\/wp-content\/uploads\/2021\/09\/semi-automatic-single-outlet-liquid-filler.jpg\" alt=\"halbautomatischer Fl\u00fcssigkeitsf\u00fcller mit einem Auslass\" class=\"wp-image-2563\" srcset=\"https:\/\/tianhuipackingmachine.com\/wp-content\/uploads\/2021\/09\/semi-automatic-single-outlet-liquid-filler.jpg 750w, https:\/\/tianhuipackingmachine.com\/wp-content\/uploads\/2021\/09\/semi-automatic-single-outlet-liquid-filler-300x200.jpg 300w\" sizes=\"auto, (max-width: 750px) 100vw, 750px\" \/><figcaption class=\"wp-element-caption\">Halbautomatischer Fl\u00fcssigkeitsf\u00fcller mit einem Auslass<\/figcaption><\/figure>    <h2 class=\"wp-block-heading\" id=\"h-desktop-paste-filling-machine\">Desktop-Pastenf\u00fcllmaschine<\/h2>    <p>Kleine Pastenf\u00fcller umfassen zwei Arten davon: kegelf\u00f6rmige Pastenf\u00fcller und U-f\u00f6rmige Pastenf\u00fcller. Wie der Name schon sagt, unterscheiden sie sich in den Futtertrichtern. Ersteres ist mit einem kegelf\u00f6rmigen Trichter ausgestattet, der f\u00fcr Pasten mit guter Flie\u00dff\u00e4higkeit und ohne Granulat oder Sedimente geeignet ist. Wenn das F\u00fcllmaterial br\u00fcchig ist, ist es besser, ein R\u00fchrger\u00e4t und eine Heizfunktion zu verwenden, um das F\u00fcllen zu erleichtern. Letzteres gilt f\u00fcr Pasten mit Partikeln oder Sedimenten. Eine R\u00fchrvorrichtung im U-f\u00f6rmigen Trichter sorgt daf\u00fcr, dass Material mit Partikeln oder Sedimenten gut und gleichm\u00e4\u00dfig vermischt wird.<\/p>    <div class=\"wp-block-columns is-layout-flex wp-container-core-columns-is-layout-28f84493 wp-block-columns-is-layout-flex\"> <div class=\"wp-block-column is-layout-flow wp-block-column-is-layout-flow\"> <figure class=\"wp-block-image size-full\"><img loading=\"lazy\" decoding=\"async\" width=\"750\" height=\"500\" src=\"https:\/\/tianhuipackingmachine.com\/wp-content\/uploads\/2021\/09\/semi-automatic-cone-shaped-hopper-paste-filler.jpg\" alt=\"Halbautomatischer Pastenf\u00fcller mit kegelf\u00f6rmigem Trichter\" class=\"wp-image-2573\" srcset=\"https:\/\/tianhuipackingmachine.com\/wp-content\/uploads\/2021\/09\/semi-automatic-cone-shaped-hopper-paste-filler.jpg 750w, https:\/\/tianhuipackingmachine.com\/wp-content\/uploads\/2021\/09\/semi-automatic-cone-shaped-hopper-paste-filler-300x200.jpg 300w\" sizes=\"auto, (max-width: 750px) 100vw, 750px\" \/><figcaption class=\"wp-element-caption\">Halbautomatischer Pastenf\u00fcller mit kegelf\u00f6rmigem Trichter<\/figcaption><\/figure> <\/div>    <div class=\"wp-block-column is-layout-flow wp-block-column-is-layout-flow\"> <figure class=\"wp-block-image size-full\"><img loading=\"lazy\" decoding=\"async\" width=\"750\" height=\"500\" src=\"https:\/\/tianhuipackingmachine.com\/wp-content\/uploads\/2021\/09\/semi-automatic-U-type-paste-filling-machine.jpg\" alt=\"halbautomatische Pastenf\u00fcllmaschine vom U-Typ\" class=\"wp-image-2574\" srcset=\"https:\/\/tianhuipackingmachine.com\/wp-content\/uploads\/2021\/09\/semi-automatic-U-type-paste-filling-machine.jpg 750w, https:\/\/tianhuipackingmachine.com\/wp-content\/uploads\/2021\/09\/semi-automatic-U-type-paste-filling-machine-300x200.jpg 300w\" sizes=\"auto, (max-width: 750px) 100vw, 750px\" \/><figcaption class=\"wp-element-caption\">Halbautomatische Pastenf\u00fcllmaschine vom U-Typ<\/figcaption><\/figure> <\/div> <\/div>    <h2 class=\"wp-block-heading has-text-color\" id=\"h-semi-automatic-paste-filler-parameters\" style=\"color:#ff5200\">Halbautomatische Pastenf\u00fcllerparameter<\/h2>    <figure class=\"wp-block-table is-style-stripes\"><table><tbody><tr><td>Modell<\/td><td>500 (insgesamt 8 Modelle)<\/td><\/tr><tr><td>F\u00fcllmaterial<\/td><td>Paste<\/td><\/tr><tr><td>F\u00fcllbereich<\/td><td>50\u2013500 ml (insgesamt 8 Bereiche)<\/td><\/tr><tr><td>Luftdruck<\/td><td>0,4\u20130,6 MPa<\/td><\/tr><tr><td>Toleranzbereich<\/td><td>0.50%<\/td><\/tr><tr><td>F\u00fcllkopf<\/td><td>Einzel<\/td><\/tr><\/tbody><\/table><\/figure>    <h2 class=\"wp-block-heading\" id=\"h-characteristics-of-desktop-filling-machine\">Eigenschaften der Tischf\u00fcllmaschine<\/h2>    <ol class=\"wp-block-list\"> <li>Geringer Platzbedarf, tragbar, kosteng\u00fcnstig, erschwinglicher Preis, vielf\u00e4ltige Einsatzm\u00f6glichkeiten<\/li>    <li>Stabiler und reibungsloser Betrieb, ger\u00e4uscharm, minimaler Stromverbrauch, geringes Gewicht, Energieeinsparung<\/li>    <li>Mikrocomputersteuerung, hohe Pr\u00e4zision, genaues Wiegen und Abf\u00fcllen<\/li>    <li>Quantitatives Wiegen und Abf\u00fcllen, geringe Abweichung, geringere Materialverschwendung<\/li>    <li>F\u00fcr unterschiedliche Anforderungen sind viele Arten von F\u00fcllbereichen optional<\/li>    <li>Verwenden Sie Edelstahl f\u00fcr die Kontaktmaterialteile, langlebig und leicht zu reinigen<\/li>    <li>Unterst\u00fctzen Sie den OEM-Service, einschlie\u00dflich der \u00c4nderung der Spannung entsprechend Ihren Anforderungen<\/li> <\/ol>    <h2 class=\"wp-block-heading\" id=\"h-structure-of-small-filler-for-powder-and-granules\">Struktur eines kleinen F\u00fcllstoffs f\u00fcr Pulver und Granulat<\/h2>    <p>Die Struktur der Desktop-Granulat- und Pulver-Desktop-Abf\u00fcllmaschine umfasst einen Vorratsbeh\u00e4lter, ein intelligentes Bedienfeld, ein Fu\u00dfpolster, einen Auslass, einen Infrarotsensor und einen Datenanschluss. Der Vorratstrichter kann viele Materialien laden und so die F\u00fctterungszeit sparen. Ein intelligentes Bedienfeld ist einfach zu bedienen, bequem zum Einrichten verschiedener Parameter, hochpr\u00e4zise und genau. Der Kontaktmaterialteil besteht aus langlebigem Edelstahl, hygienisch und sauber. Das Netzkabel des Produkts ist hochisoliert, um ein Auslaufen zu verhindern. Kundenspezifische Spannung ist verf\u00fcgbar.<\/p>    <figure class=\"wp-block-image aligncenter size-full\"><img loading=\"lazy\" decoding=\"async\" width=\"750\" height=\"500\" src=\"https:\/\/tianhuipackingmachine.com\/wp-content\/uploads\/2021\/09\/small-quantitative-powder-filler-structure.jpg\" alt=\"kleine quantitative Pulverf\u00fcllerstruktur\" class=\"wp-image-2702\" srcset=\"https:\/\/tianhuipackingmachine.com\/wp-content\/uploads\/2021\/09\/small-quantitative-powder-filler-structure.jpg 750w, https:\/\/tianhuipackingmachine.com\/wp-content\/uploads\/2021\/09\/small-quantitative-powder-filler-structure-300x200.jpg 300w\" sizes=\"auto, (max-width: 750px) 100vw, 750px\" \/><figcaption class=\"wp-element-caption\">Struktur der kleinen quantitativen Pulverabf\u00fcllmaschine<\/figcaption><\/figure>    <h2 class=\"wp-block-heading\" id=\"h-why-choose-us-as-your-top-supplier\">Warum sollten Sie uns als Ihren Top-Lieferanten w\u00e4hlen?<\/h2>    <p class=\"translation-block\">Zun\u00e4chst einmal ist unser Unternehmen, Top(Henan) Packing Machinery Co., Ltd <strong><a href=\"https:\/\/tianhuipackingmachine.com\/de\/\">ein Hersteller und Lieferant<\/a><\/strong>. Die Maschine wird direkt ab Werk geliefert, und wir k\u00f6nnen unseren Kunden einen guten Preis anbieten. Vor dem Versand senden wir dem K\u00e4ufer Fotos und Videos. F\u00fcr die betriebene Maschine stellen wir ein englisches Handbuch und ein Video zur Verf\u00fcgung. Wenn unsere Kunden Probleme bei der Nutzung unserer Ger\u00e4te haben, steht ein 24-Stunden-Online-Service zur Verf\u00fcgung. Dar\u00fcber hinaus unterst\u00fctzen wir den OEM-Service gem\u00e4\u00df Ihren spezifischen Anforderungen.<\/p>    <h2 class=\"wp-block-heading\" id=\"h-related-machines\">Verwandte Maschinen<\/h2>    <p class=\"translation-block\">All dies sind kleine Abf\u00fcllmaschinen f\u00fcr Pulver, Granulate, Fl\u00fcssigkeiten oder Pasten. Dar\u00fcber hinaus bieten wir auch 5-50 kg Pulver-Abf\u00fcllmaschinen, automatische Pulver-Verpackungsmaschinen, <strong><a href=\"https:\/\/tianhuipackingmachine.com\/de\/5-50kg-granule-filling-machine\/\">5-50 kg Granulat-Abf\u00fcllmaschinen<\/a><\/strong>, vollautomatische Granulat-Verpackungsmaschinen, Mehrkopf-Waagen-Verpackungsmaschinen, Kettenbeh\u00e4lter-Verpackungsmaschinen, Mehrkopf-D\u00fcsen-Pastenf\u00fcllmaschinen, Mehrkopf-Auslass <strong><a href=\"https:\/\/tianhuipackingmachine.com\/de\/liquid-filling-machines\/\">Fl\u00fcssigkeitsabf\u00fcllmaschinen<\/a><\/strong>, Fl\u00fcssigkeitstaschen-Verpackungsmaschinen, Saucenbeutel-Verpackungsmaschinen an. Viele F\u00fcllvolumen sind optional. Sie k\u00f6nnen gem\u00e4\u00df Ihren Bed\u00fcrfnissen ausw\u00e4hlen oder <strong><a href=\"https:\/\/tianhuipackingmachine.com\/de\/contact\/\">kontaktieren Sie uns<\/a><\/strong>, um n\u00fctzliche Vorschl\u00e4ge zu erhalten.<\/p>    <figure class=\"wp-block-image aligncenter size-full\"><img loading=\"lazy\" decoding=\"async\" width=\"600\" height=\"450\" src=\"https:\/\/tianhuipackingmachine.com\/wp-content\/uploads\/2021\/07\/multi-head-liquid-bottle-packaging-machine.jpg\" alt=\"Mehrkopf-Verpackungsmaschine f\u00fcr Fl\u00fcssigkeitsflaschen\" class=\"wp-image-1959\" srcset=\"https:\/\/tianhuipackingmachine.com\/wp-content\/uploads\/2021\/07\/multi-head-liquid-bottle-packaging-machine.jpg 600w, https:\/\/tianhuipackingmachine.com\/wp-content\/uploads\/2021\/07\/multi-head-liquid-bottle-packaging-machine-300x225.jpg 300w\" sizes=\"auto, (max-width: 600px) 100vw, 600px\" \/><figcaption class=\"wp-element-caption\">Mehrkopf-Verpackungsmaschine f\u00fcr Fl\u00fcssigkeitsflaschen<\/figcaption><\/figure>    <h2 class=\"wp-block-heading\" id=\"h-conclusion\">Abschluss<\/h2>    <p class=\"translation-block\">Als Hersteller und Lieferant von Verpackungsmaschinen bietet Top(Henan) Verpackungsmaschinen alle Arten von Verpackungsmaschinen, Versiegelungsmaschinen, <strong><a href=\"https:\/\/tianhuipackingmachine.com\/de\/filling-machines\/\">Abf\u00fcllmaschinen<\/a><\/strong>, Verschlie\u00dfmaschinen, Etikettiermaschinen, <strong><a href=\"https:\/\/tianhuipackingmachine.com\/de\/shrink-packing-machine\/\">Schrumpfverpackungsmaschinen<\/a><\/strong> usw. an. Dar\u00fcber hinaus sind viele unterst\u00fctzende Maschinen im Verkauf, wie Ladeger\u00e4te, F\u00f6rderb\u00e4nder, Codierdrucker usw. Dar\u00fcber hinaus unterst\u00fctzen wir den Anpassungsservice basierend auf Ihren Anforderungen. Wir werden unser Bestes tun, um Ihre Bed\u00fcrfnisse nach Maschinen zu erf\u00fcllen. M\u00f6chten Sie mehr Informationen und den besten Preis? Kontaktieren Sie uns f\u00fcr eine weitere Kommunikation, und wir werden Ihnen so schnell wie m\u00f6glich antworten.<\/p>","protected":false},"excerpt":{"rendered":"<p>Small filling machine is a kind of small quantitative machine for weighing and filling materials. It has the advantages of small occupied place, accurate weighing, low cost, wide applications, etc., suitable for various granule, powder, liquid, or paste, no matter bags or bottles. This machine can be used individually or as a part of a [&hellip;]<\/p>\n","protected":false},"author":1,"featured_media":2705,"parent":0,"template":"","tags":[162],"product-type":[141],"class_list":["post-2692","product","type-product","status-publish","has-post-thumbnail","hentry","tag-filling-machine","product-type-filling-machines"],"_links":{"self":[{"href":"https:\/\/tianhuipackingmachine.com\/de\/wp-json\/wp\/v2\/product\/2692","targetHints":{"allow":["GET"]}}],"collection":[{"href":"https:\/\/tianhuipackingmachine.com\/de\/wp-json\/wp\/v2\/product"}],"about":[{"href":"https:\/\/tianhuipackingmachine.com\/de\/wp-json\/wp\/v2\/types\/product"}],"author":[{"embeddable":true,"href":"https:\/\/tianhuipackingmachine.com\/de\/wp-json\/wp\/v2\/users\/1"}],"wp:featuredmedia":[{"embeddable":true,"href":"https:\/\/tianhuipackingmachine.com\/de\/wp-json\/wp\/v2\/media\/2705"}],"wp:attachment":[{"href":"https:\/\/tianhuipackingmachine.com\/de\/wp-json\/wp\/v2\/media?parent=2692"}],"wp:term":[{"taxonomy":"post_tag","embeddable":true,"href":"https:\/\/tianhuipackingmachine.com\/de\/wp-json\/wp\/v2\/tags?post=2692"},{"taxonomy":"product-type","embeddable":true,"href":"https:\/\/tianhuipackingmachine.com\/de\/wp-json\/wp\/v2\/product-type?post=2692"}],"curies":[{"name":"wp","href":"https:\/\/api.w.org\/{rel}","templated":true}]}}