{"id":2601,"date":"2021-09-14T18:02:34","date_gmt":"2021-09-14T10:02:34","guid":{"rendered":"https:\/\/tianhuipackingmachine.com\/?page_id=2601"},"modified":"2025-04-28T17:02:29","modified_gmt":"2025-04-28T09:02:29","slug":"chain-bucket-packing-machine","status":"publish","type":"product","link":"https:\/\/tianhuipackingmachine.com\/de\/chain-bucket-packing-machine\/","title":{"rendered":"Ketteneimer-Verpackungsmaschine"},"content":{"rendered":"<p class=\"translation-block\"><strong>Ketteneimer-Verpackungsmaschine<\/strong> ist eine Art von Ausr\u00fcstung, die das Material w\u00e4hrend des Verpackungsprozesses nicht wiegt. Sie wird h\u00e4ufig f\u00fcr verschiedene Granulate eingesetzt, wie Erdn\u00fcsse, Kartoffelchips, Bananenchips, Krabbencracker, Bugles-Snacks, Zwiebelringe, Kekse, dicke Bohnen, gr\u00fcne Bohnen, rote Datteln, Cerealien usw. Au\u00dferdem ist es m\u00f6glich, verschiedene Materialien in einem Beutel zu verpacken, wie aromatisierten Tee. Sie k\u00f6nnen manuell Material in die Ketteneimer geben oder mit einer Wiegef\u00fcllmaschine kombinieren, um eine vollautomatische L\u00f6sung zu realisieren, die die Produktionseffizienz erheblich steigert und Arbeitskraft sowie Zeit spart.<\/p>   <figure class=\"wp-block-embed-youtube wp-block-embed is-type-video is-provider-youtube wp-embed-aspect-16-9 wp-has-aspect-ratio\"><div class=\"lyte-wrapper\" title=\"Kettenbeh\u00e4lterf\u00f6rderer Verpackungsmaschine | Automatische Sch\u00fcttverpackungsmaschine zu verkaufen #Granulat\" style=\"width:853px;max-width:100%;margin:5px auto;\"><div class=\"lyMe\" id=\"WYL_yw1mwP7_aCI\" itemprop=\"video\" itemscope itemtype=\"https:\/\/schema.org\/VideoObject\"><div><meta itemprop=\"thumbnailUrl\" content=\"https:\/\/i.ytimg.com\/vi\/yw1mwP7_aCI\/hqdefault.jpg\" \/><meta itemprop=\"embedURL\" content=\"https:\/\/www.youtube.com\/embed\/yw1mwP7_aCI\" \/><meta itemprop=\"duration\" content=\"PT1M7S\" \/><meta itemprop=\"uploadDate\" content=\"2025-04-28T09:01:59Z\" \/><\/div><div id=\"lyte_yw1mwP7_aCI\" data-src=\"https:\/\/i.ytimg.com\/vi\/yw1mwP7_aCI\/hqdefault.jpg\" class=\"pL\"><div class=\"tC\"><div class=\"tT\" itemprop=\"name\">Kettenbeh\u00e4lterf\u00f6rderer Verpackungsmaschine | Automatische Sch\u00fcttverpackungsmaschine zu verkaufen #Granulat<\/div><\/div><div class=\"play\"><\/div><div class=\"ctrl\"><div class=\"Lctrl\"><\/div><div class=\"Rctrl\"><\/div><\/div><\/div><noscript><a href=\"https:\/\/youtu.be\/yw1mwP7_aCI\" rel=\"nofollow noopener\" target=\"_blank\"><img loading=\"lazy\" decoding=\"async\" src=\"https:\/\/i.ytimg.com\/vi\/yw1mwP7_aCI\/0.jpg\" alt=\"Kettenbeh\u00e4lterf\u00f6rderer Verpackungsmaschine | Automatische Sch\u00fcttverpackungsmaschine zu verkaufen #Granulat\" width=\"853\" height=\"460\" \/><\/a><\/noscript><meta itemprop=\"description\" content=\"#granulepackingmachine #granules #packingmachine #packagingmachine WhatsApp No.: https:\/\/wa.me\/+8613673689272 WeChat\/Tel No.:+8613673689272 Email: info@tianhuipackingmachine.com Website: https:\/\/tianhuipackingmachine.com\/chain-bucket-packing-machine\/ Discover the working process of our efficient bucket conveyor packing machine! This automatic dump type packaging machine is perfect for various granular, powder, and irregular products. It features precise filling, stable operation, and easy maintenance, making it ideal for industries like food, agriculture, and chemicals. If you&#039;re looking for a reliable and high-efficiency packing solution, don&#039;t miss this video! \u2705 Contact us now for professional advice and best price! \ud83c\udf1f Application: rice, seeds, nuts, beans, snacks, chemical powders, fertilizers, etc. \ud83c\udf1f Features: high efficiency, precise weighing, smooth dumping, customizable solutions. \ud83d\udce9 Inquiry for more details and machine quotation! WhatsApp No.: https:\/\/wa.me\/+8613673689272 WeChat\/Tel No.:+8613673689272 Email: info@tianhuipackingmachine.com Website: https:\/\/tianhuipackingmachine.com\/chain-bucket-packing-machine\/\"><\/div><\/div><div class=\"lL\" style=\"max-width:100%;width:853px;margin:5px auto;\"> <a href=\"https:\/\/youtu.be\/yw1mwP7_aCI\" target=\"_blank\" rel=\"noopener\">Dieses Video auf YouTube ansehen<\/a>.<\/div><figcaption>Video der Ketteneimer-Verpackungsmaschine<\/figcaption><\/figure>   <h2 class=\"wp-block-heading\" id=\"h-chain-bucket-packing-machine-for-sale\">Ketteneimer-Verpackungsmaschine zu verkaufen<\/h2>    <p>Beutelverpackungsmaschine mit Ketteneimer zum Verkauf in Top (Henan) Packing Machinery umfasst 2 Modelle, TH-320 und TH-450. Sie werden nach der maximalen Verpackungsfolienbreite benannt. Sie alle k\u00f6nnen die Beutelherstellung, das F\u00fcllen, das Verschlie\u00dfen, das Schneiden und das Z\u00e4hlen automatisch abschlie\u00dfen. Wenn es funktioniert, verpackt es die Materialien einzeln aus dem Kettenbeh\u00e4lter, egal wie viel Material vorhanden ist.<\/p>    <figure class=\"wp-block-image aligncenter size-full\"><img loading=\"lazy\" decoding=\"async\" width=\"600\" height=\"450\" src=\"https:\/\/tianhuipackingmachine.com\/wp-content\/uploads\/2021\/09\/chain-bucket-packing-machine.jpg\" alt=\"Ketteneimer-Verpackungsmaschine\" class=\"wp-image-2605\" srcset=\"https:\/\/tianhuipackingmachine.com\/wp-content\/uploads\/2021\/09\/chain-bucket-packing-machine.jpg 600w, https:\/\/tianhuipackingmachine.com\/wp-content\/uploads\/2021\/09\/chain-bucket-packing-machine-300x225.jpg 300w\" sizes=\"auto, (max-width: 600px) 100vw, 600px\" \/><figcaption class=\"wp-element-caption\">Ketteneimer-Verpackungsmaschine<\/figcaption><\/figure>    <h2 class=\"wp-block-heading has-text-color\" id=\"h-chain-bucket-granule-packaging-machine-parameters\" style=\"color:#ff5200\">Parameter der Ketteneimer-Granulatverpackungsmaschine<\/h2>    <figure class=\"wp-block-table is-style-stripes\"><table><tbody><tr><td>Leistung<\/td><td>2,2 kW<\/td><\/tr><tr><td>L\u00e4nge des Verpackungsbeutels<\/td><td>50-300mm<\/td><\/tr><tr><td>Breite des Verpackungsbeutels<\/td><td>80-200mm<\/td><\/tr><tr><td>Packgeschwindigkeit<\/td><td>20-60 Beutel\/Min<\/td><\/tr><tr><td>Verpackungskapazit\u00e4t<\/td><td>Manuelle Materialzuf\u00fchrung oder Streichholzf\u00fcllmaschine<\/td><\/tr><tr><td>Dichtungsstil<\/td><td>Hintere Dichtung<\/td><\/tr><tr><td>Gewicht<\/td><td>400kg<\/td><\/tr><tr><td>Abmessungen<\/td><td>820*1220*2000mm<\/td><\/tr><\/tbody><\/table><\/figure>    <p>(Die Parameter k\u00f6nnen je nach Kundenwunsch angepasst werden)<\/p>    <h2 class=\"wp-block-heading\" id=\"h-bucket-chain-packing-machine-working-video\">Video zur Funktionsweise der Eimerkettenverpackungsmaschine <\/h2>   <figure class=\"wp-block-embed-youtube wp-block-embed is-type-video is-provider-youtube wp-embed-aspect-16-9 wp-has-aspect-ratio\"><div class=\"lyte-wrapper\" title=\"So funktioniert eine Ketteneimer-Verpackungsmaschine | Intelligent, multifunktional, halbautomatisch, automatisch\" style=\"width:853px;max-width:100%;margin:5px auto;\"><div class=\"lyMe\" id=\"WYL_Fl8qAtw3M4o\" itemprop=\"video\" itemscope itemtype=\"https:\/\/schema.org\/VideoObject\"><div><meta itemprop=\"thumbnailUrl\" content=\"https:\/\/i.ytimg.com\/vi\/Fl8qAtw3M4o\/hqdefault.jpg\" \/><meta itemprop=\"embedURL\" content=\"https:\/\/www.youtube.com\/embed\/Fl8qAtw3M4o\" \/><meta itemprop=\"duration\" content=\"PT2M14S\" \/><meta itemprop=\"uploadDate\" content=\"2022-01-11T09:10:20Z\" \/><\/div><div id=\"lyte_Fl8qAtw3M4o\" data-src=\"https:\/\/i.ytimg.com\/vi\/Fl8qAtw3M4o\/hqdefault.jpg\" class=\"pL\"><div class=\"tC\"><div class=\"tT\" itemprop=\"name\">So funktioniert eine Ketteneimer-Verpackungsmaschine | Intelligent, multifunktional, halbautomatisch, automatisch<\/div><\/div><div class=\"play\"><\/div><div class=\"ctrl\"><div class=\"Lctrl\"><\/div><div class=\"Rctrl\"><\/div><\/div><\/div><noscript><a href=\"https:\/\/youtu.be\/Fl8qAtw3M4o\" rel=\"nofollow noopener\" target=\"_blank\"><img loading=\"lazy\" decoding=\"async\" src=\"https:\/\/i.ytimg.com\/vi\/Fl8qAtw3M4o\/0.jpg\" alt=\"So funktioniert eine Ketteneimer-Verpackungsmaschine | Intelligent, multifunktional, halbautomatisch, automatisch\" width=\"853\" height=\"460\" \/><\/a><\/noscript><meta itemprop=\"description\" content=\"If you are interested in it, welcome to consult us. Website: https:\/\/tianhuipackingmachine.com\/chain-bucket-packing-machine\/ Whatsapp\/Tel: +86 17329326135 Email: sales@toppackingmachine.com Chain bucket packing machine is a kind of special equipment. The pouch can package the material in each bucket as long as the packaging bag has enough capacity. The operator can choose to place material manually or match one or several feeders based on the needs. The size of the machine support customization service for different packaging raw material and actual requirements. It is composed of a PLC touch screen, bucket chain, bag maker, film roll fixing device, vertical sealing device, horizontal sealing, and cutting device, etc. The operator can set up using language, packaging bag length, packing speed, etc. The sealing temperature is adjustable according to the packaging effect. When the bucket chain reaches to bag maker, it will tip the material into the packaging bag automatically. The tripping bucket packing machine is suitable for single or multiple objects per bag. And it can be equipped with a date cording machine, nitrogen filling device, output conveyor, etc. The sealing style includes bag center seal, 3-side seal, 4-side seal, gusset pouch, flat bag, pouch with a hole, plain end seal, sawtooth end seal, etc. This type of packaging machine has a wide range of applications, such as scented tea, coffee bean, peanut, broad bean, melon seeds, puffed food, oatmeal, rice crust, green beans, red beans, popcorn, candy, apple chips, potato\u00a0chips, french chips, banana chips, prawn cracker, bugles snacks, onion ring, biscuit,\u00a0snacks, jelly, dried fruit, dried vegetable, and so on. If you want to know more about granule packing machines, you can see them here. Vertical granule packing machine: https:\/\/youtu.be\/WL8gU11AWqI Four-head weigher packing machine: https:\/\/www.youtube.com\/watch?v=m3XHQ9LlhgY&amp;t=19s 10-Head scale packing machine for potato chips: https:\/\/youtu.be\/fIU65zNNvU4 Whatsapp\/Tel: +86 17329326135 Email: sales@toppackingmachine.com\"><\/div><\/div><div class=\"lL\" style=\"max-width:100%;width:853px;margin:5px auto;\"> <a href=\"https:\/\/youtu.be\/Fl8qAtw3M4o\" target=\"_blank\" rel=\"noopener\">Dieses Video auf YouTube ansehen<\/a>.<\/div><figcaption><\/figcaption><\/figure>   <h2 class=\"wp-block-heading\" id=\"h-features-of-chain-bucket-packaging-machine\">Merkmale der Ketteneimer-Verpackungsmaschine<\/h2>    <ol class=\"wp-block-list\"> <li>Angemessenes Design, einfache Struktur, horizontaler Ketteneimer, einfach zu bedienen<\/li>    <li>Fortschrittliche Mikrocomputer-Chipsteuerung, auf dem Touchscreen zur Einstellung von Sprache, Verpackungsgeschwindigkeit, Beutell\u00e4nge usw.<\/li>    <li>Es kann den gesamten Prozess des Beutelformens, F\u00fcllens, Verschlie\u00dfens, Schneidens und Z\u00e4hlens automatisch abschlie\u00dfen.<\/li>    <li>Ausgestattet mit einem fotoelektrischen Auge, um eine genaue Positionierung und einen pr\u00e4zisen Schnitt zu gew\u00e4hrleisten<\/li>    <li>Eine gro\u00dfe Bildschirmanzeige erm\u00f6glicht die einfache Anzeige verschiedener Parameter auf dem Bildschirm.<\/li>    <li>Es ist leicht, die vertikale und horizontale Siegeltemperatur zu erkennen<\/li>    <li>Intelligente Fehlerdiagnose, Anzeige der Fehlerposition, bequem zu warten<\/li>    <li>Der Notrufknopf ist als Sicherheitsvorkehrung konzipiert<\/li>    <li>Anpassungsservice verf\u00fcgbar<\/li> <\/ol>    <h2 class=\"wp-block-heading\" id=\"h-wide-applications-of-chain-bucket-packing-equipment\">Breite Einsatzm\u00f6glichkeiten von Ketteneimer-Verpackungsger\u00e4ten<\/h2>    <p class=\"translation-block\">Die R\u00fccksiegelverpackungsmaschine mit Ketteneimern eignet sich f\u00fcr alle Arten von nicht klebenden Granulaten, wie aromatisierten Tee, Kaffeebohnen, Erdn\u00fcsse, dicke Bohnen, Melonensamen, gepuffte Lebensmittel, Haferflocken, Reiskrusten, gr\u00fcne Bohnen, rote Bohnen, Popcorn, S\u00fc\u00dfigkeiten, Apfelchips, Kartoffel<strong><a href=\"https:\/\/tianhuipackingmachine.com\/de\/chips-packaging-machine\/\">chips<\/a><\/strong>, franz\u00f6sische Chips, Bananenchips, Krabbencracker, Bugles-Snacks, Zwiebelringe, Kekse, <strong><a href=\"https:\/\/tianhuipackingmachine.com\/de\/snacks-packing-machine\/\">Snacks<\/a><\/strong>, Gelee, Trockenfr\u00fcchte, Trockenvegetarisches usw. &nbsp;<\/p>    <figure class=\"wp-block-image aligncenter size-full\"><img loading=\"lazy\" decoding=\"async\" width=\"750\" height=\"500\" src=\"https:\/\/tianhuipackingmachine.com\/wp-content\/uploads\/2021\/09\/applications-of-chain-bucket-packaging-machine.jpg\" alt=\"Anwendungen der Ketteneimer-Verpackungsmaschine\" class=\"wp-image-2610\" srcset=\"https:\/\/tianhuipackingmachine.com\/wp-content\/uploads\/2021\/09\/applications-of-chain-bucket-packaging-machine.jpg 750w, https:\/\/tianhuipackingmachine.com\/wp-content\/uploads\/2021\/09\/applications-of-chain-bucket-packaging-machine-300x200.jpg 300w\" sizes=\"auto, (max-width: 750px) 100vw, 750px\" \/><figcaption class=\"wp-element-caption\">Anwendungen der Ketteneimer-Verpackungsmaschine<\/figcaption><\/figure>    <h2 class=\"wp-block-heading\" id=\"h-chain-granule-packing-machine-structure\">Struktur der Kettengranulatverpackungsmaschine<\/h2>    <p>Die Ausr\u00fcstung besteht aus einem Touchscreen, Ketteneimern, einem Beutelformer, einem Folienrollenfixierger\u00e4t, einem vertikalen Siegelger\u00e4t, einem horizontalen Siegelger\u00e4t und einem Schneidger\u00e4t usw. Der Bediener kann die Einstellungen anhand der Sprache, der L\u00e4nge des Verpackungsbeutels, der Verpackungsgeschwindigkeit usw. vornehmen. Der Ketteneimer f\u00fcr Materialien dient der F\u00f6rderung und Zuf\u00fchrung von Granulat in den Verpackungsbeutel. Und die Gr\u00f6\u00dfe des Kettenbeh\u00e4lters f\u00fcr Material kann aufgrund der unterschiedlichen Kundenanforderungen ein paar Unterschiede aufweisen. Wenn Sie Beutel unterschiedlicher Gr\u00f6\u00dfe verpacken m\u00f6chten, m\u00fcssen Sie den zugeh\u00f6rigen Beutelbereiter austauschen. Dar\u00fcber hinaus stellen wir auf Wunsch auch Stickstofff\u00fcllger\u00e4te zur Verf\u00fcgung. Dar\u00fcber hinaus ist ein OEM-Service verf\u00fcgbar.<\/p>    <figure class=\"wp-block-image aligncenter size-full\"><img loading=\"lazy\" decoding=\"async\" width=\"750\" height=\"500\" src=\"https:\/\/tianhuipackingmachine.com\/wp-content\/uploads\/2021\/09\/chain-bucket-packaging-machine-structure.jpg\" alt=\"Struktur der Ketteneimer-Verpackungsmaschine\" class=\"wp-image-2606\" srcset=\"https:\/\/tianhuipackingmachine.com\/wp-content\/uploads\/2021\/09\/chain-bucket-packaging-machine-structure.jpg 750w, https:\/\/tianhuipackingmachine.com\/wp-content\/uploads\/2021\/09\/chain-bucket-packaging-machine-structure-300x200.jpg 300w\" sizes=\"auto, (max-width: 750px) 100vw, 750px\" \/><figcaption class=\"wp-element-caption\">Aufbau der Ketteneimer-Verpackungsmaschine<\/figcaption><\/figure>    <h2 class=\"wp-block-heading\" id=\"h-do-you-know-these-about-chain-bucket-packing-equipment-price\">Kennen Sie die Preise f\u00fcr Ketteneimer-Verpackungsger\u00e4te?<\/h2>    <p class=\"translation-block\">Der Preis der Kettengranulate-Verpackungsmaschine steht in engem Zusammenhang mit dem verwendeten Material, der Technologie und anderen optionalen Ger\u00e4ten, die damit kombiniert werden k\u00f6nnen. Je besser das Herstellungsmaterial f\u00fcr die Maschine, desto h\u00f6her sind die Materialkosten. Fortgeschrittenere Technologien erfordern h\u00f6here Arbeitskosten, um sie zu realisieren. Bei optionalen Ger\u00e4ten h\u00e4ngt es von Ihren Wahlm\u00f6glichkeiten ab. Wenn Sie ein F\u00f6rderger\u00e4t ben\u00f6tigen, um Material in den Ketteneimer zu f\u00fcllen, k\u00f6nnen Sie w\u00e4hlen, ein oder mehrere quantitative Wiege- und F\u00fcllger\u00e4te zu kombinieren, die kosteng\u00fcnstig sind. Au\u00dferdem gibt es einen Drucker f\u00fcr Codierungen, F\u00f6rderb\u00e4nder, Stickstofff\u00fcllger\u00e4te usw. Daher wird der endg\u00fcltige Preis durch die spezifische Maschine bestimmt. Sind Sie interessiert? <strong><a href=\"https:\/\/tianhuipackingmachine.com\/de\/contact\/\">Nehmen Sie Kontakt mit uns auf<\/a><\/strong>, um weitere Details und den besten Preis zu erhalten.<\/p>    <h2 class=\"wp-block-heading\" id=\"h-contact-us-to-learn-more-information\">Kontaktieren Sie uns, um weitere Informationen zu erhalten<\/h2>    <p class=\"translation-block\">Im Vergleich zu anderen <strong><a href=\"https:\/\/tianhuipackingmachine.com\/de\/granule-packing-machine\/\">Granulate-Verpackungsmaschinen<\/a><\/strong> kann sie verschiedene Gr\u00f6\u00dfen von Granulaten im Bereich des Ketteneimers und des Verpackungsbeutels verpacken. Wenn sie mit quantitativen Zuf\u00fchrger\u00e4ten arbeitet, ist es m\u00f6glich, verschiedene Materialien in einem bestimmten Verh\u00e4ltnis zu verpacken. Die g\u00e4ngigen Modelle in der Top(Henan) Verpackungsmaschinentechnik sind TH-320 und TH-450, aber wir k\u00f6nnen die Maschinengr\u00f6\u00dfe gem\u00e4\u00df Ihren Anforderungen anpassen. Au\u00dferdem bieten wir auch <strong><a href=\"https:\/\/tianhuipackingmachine.com\/de\/\">Verpackungsmaschinen<\/a><\/strong> f\u00fcr Fl\u00fcssigkeiten, Pasten, St\u00fccke, Pulver oder Granulate, Vakuumverpackungsmaschinen, Verschlie\u00dfmaschinen, Versiegelungsmaschinen, Kissenverpackungsmaschinen usw. an. Wir freuen uns auf Ihre Kontaktinformationen und eine weitere Kommunikation.<\/p>","protected":false},"excerpt":{"rendered":"<p>Chain bucket packing machine is a kind of equipment that does not weigh the material when during the packaging process. It widely applies to various granules, such as peanuts, potato chips, banana chips, prawn crackers, bugles snacks, onion rings, biscuits, broad beans, green beans, red dates, cereal, etc. Besides, it can make it possible to [&hellip;]<\/p>\n","protected":false},"author":1,"featured_media":2606,"parent":0,"template":"","tags":[184],"product-type":[145],"class_list":["post-2601","product","type-product","status-publish","has-post-thumbnail","hentry","tag-chain-bucket-packing-machine","product-type-other-products"],"_links":{"self":[{"href":"https:\/\/tianhuipackingmachine.com\/de\/wp-json\/wp\/v2\/product\/2601","targetHints":{"allow":["GET"]}}],"collection":[{"href":"https:\/\/tianhuipackingmachine.com\/de\/wp-json\/wp\/v2\/product"}],"about":[{"href":"https:\/\/tianhuipackingmachine.com\/de\/wp-json\/wp\/v2\/types\/product"}],"author":[{"embeddable":true,"href":"https:\/\/tianhuipackingmachine.com\/de\/wp-json\/wp\/v2\/users\/1"}],"wp:featuredmedia":[{"embeddable":true,"href":"https:\/\/tianhuipackingmachine.com\/de\/wp-json\/wp\/v2\/media\/2606"}],"wp:attachment":[{"href":"https:\/\/tianhuipackingmachine.com\/de\/wp-json\/wp\/v2\/media?parent=2601"}],"wp:term":[{"taxonomy":"post_tag","embeddable":true,"href":"https:\/\/tianhuipackingmachine.com\/de\/wp-json\/wp\/v2\/tags?post=2601"},{"taxonomy":"product-type","embeddable":true,"href":"https:\/\/tianhuipackingmachine.com\/de\/wp-json\/wp\/v2\/product-type?post=2601"}],"curies":[{"name":"wp","href":"https:\/\/api.w.org\/{rel}","templated":true}]}}