{"id":2571,"date":"2021-09-14T11:13:10","date_gmt":"2021-09-14T03:13:10","guid":{"rendered":"https:\/\/tianhuipackingmachine.com\/?page_id=2571"},"modified":"2022-04-27T11:20:26","modified_gmt":"2022-04-27T03:20:26","slug":"paste-filling-machines","status":"publish","type":"product","link":"https:\/\/tianhuipackingmachine.com\/de\/paste-filling-machines\/","title":{"rendered":"Pastenf\u00fcllmaschine"},"content":{"rendered":"<p class=\"translation-block\"><strong>Pastenf\u00fcllmaschine<\/strong> ist die Ausr\u00fcstung zum Abf\u00fcllen von Pasten in Beutel, Flaschen oder Dosen. Sie eignet sich f\u00fcr verschiedene Pasten wie Saucen, t\u00e4gliche Notwendigkeiten, Chemikalien usw. Es gibt halbautomatische Pastenf\u00fcller und automatische Mehrkopf-F\u00fcller. Ersteres ben\u00f6tigt wenig Platz, hat eine einfache Struktur und niedrige Kosten. Letzteres ist mit mehreren Ausl\u00e4ssen, automatischer Bef\u00fcllung ausgestattet, was die Produktionseffizienz verbessert und Arbeitskr\u00e4fte spart. Und die automatische kann mit anderen Maschinen zu einer Produktionslinie kombiniert werden, wie z. B. Flaschenentwirrer, Reinigungsmaschine, Verschlie\u00dfmaschine, Etikettiermaschine, Codierdrucker usw. Dar\u00fcber hinaus ist ein kundenspezifischer Service verf\u00fcgbar.<\/p>    <h2 class=\"wp-block-heading\" id=\"h-paste-filling-machine-for-sale\">Pastenf\u00fcllmaschine zu verkaufen<\/h2>    <p>Die zum Verkauf stehende Pastenf\u00fcllausr\u00fcstung in Top (Henan) Packing Machine umfasst einen halbautomatischen Pastenf\u00fcller mit einem kegelf\u00f6rmigen Trichter oder einem U-Trichter sowie einen automatischen Mehrkopf-Pastenf\u00fcller. F\u00fcr halbautomatische Pastenf\u00fcller sind 8 Modelle von F\u00fcllbereichen optional: 5\u201350 ml, 10\u2013100 ml, 30\u2013300 ml, 50\u2013500 ml, 100\u20131000 ml, 250\u20132500 ml, 300\u20133000 ml und 500\u20135000 ml.<\/p>    <div class=\"wp-block-columns is-layout-flex wp-container-core-columns-is-layout-28f84493 wp-block-columns-is-layout-flex\"> <div class=\"wp-block-column is-layout-flow wp-block-column-is-layout-flow\"> <figure class=\"wp-block-image size-full\"><img loading=\"lazy\" decoding=\"async\" width=\"750\" height=\"500\" src=\"https:\/\/tianhuipackingmachine.com\/wp-content\/uploads\/2021\/09\/semi-automatic-cone-shaped-hopper-paste-filler.jpg\" alt=\"Halbautomatischer Pastenf\u00fcller mit kegelf\u00f6rmigem Trichter\" class=\"wp-image-2573\" srcset=\"https:\/\/tianhuipackingmachine.com\/wp-content\/uploads\/2021\/09\/semi-automatic-cone-shaped-hopper-paste-filler.jpg 750w, https:\/\/tianhuipackingmachine.com\/wp-content\/uploads\/2021\/09\/semi-automatic-cone-shaped-hopper-paste-filler-300x200.jpg 300w\" sizes=\"auto, (max-width: 750px) 100vw, 750px\" \/><figcaption>Halbautomatischer Pastenf\u00fcller mit kegelf\u00f6rmigem Trichter<\/figcaption><\/figure> <\/div>    <div class=\"wp-block-column is-layout-flow wp-block-column-is-layout-flow\"> <figure class=\"wp-block-image size-full\"><img loading=\"lazy\" decoding=\"async\" width=\"750\" height=\"500\" src=\"https:\/\/tianhuipackingmachine.com\/wp-content\/uploads\/2021\/09\/semi-automatic-U-type-paste-filling-machine.jpg\" alt=\"halbautomatische Pastenf\u00fcllmaschine vom U-Typ\" class=\"wp-image-2574\" srcset=\"https:\/\/tianhuipackingmachine.com\/wp-content\/uploads\/2021\/09\/semi-automatic-U-type-paste-filling-machine.jpg 750w, https:\/\/tianhuipackingmachine.com\/wp-content\/uploads\/2021\/09\/semi-automatic-U-type-paste-filling-machine-300x200.jpg 300w\" sizes=\"auto, (max-width: 750px) 100vw, 750px\" \/><figcaption>Halbautomatische Pastenf\u00fcllmaschine vom U-Typ<\/figcaption><\/figure> <\/div> <\/div>    <h2 class=\"wp-block-heading\" id=\"h-cone-shaped-hopper-semi-auto-paste-filler\">Halbautomatischer Pastenf\u00fcller mit kegelf\u00f6rmigem Trichter<\/h2>    <p>Der halbautomatische Pastenf\u00fcller mit kegelf\u00f6rmigem Trichter eignet sich f\u00fcr verschiedene Pasten ohne kleine K\u00f6rnchen oder Sedimente. Wenn das Material zu viskos ist, ist es besser, ein Heiz- und R\u00fchrger\u00e4t hinzuzuf\u00fcgen, um den F\u00fcllvorgang zu f\u00f6rdern. Diese Art von Pastenf\u00fcllmaschine eignet sich zum Bef\u00fcllen von Beuteln, Flaschen oder Dosen. Die F\u00fcllgeschwindigkeit und die F\u00fcllmenge k\u00f6nnen je nach Bedarf angepasst werden. <\/p>    <h2 class=\"wp-block-heading\" id=\"h-cone-shaped-hopper-paste-filling-machine-structure\">Struktur der Pastenf\u00fcllmaschine mit kegelf\u00f6rmigem Trichter<\/h2>    <p>Es besteht aus Trichter, Auslass, Fu\u00dfschalter, Drehventil, Zylinder, Barometer, Griff usw. Der Kontakt mit dem Materialteil besteht aus Edelstahl 304. Die Auslassd\u00fcse ist tropfsicher, was die Arbeitsgenauigkeit verbessert und eine saubere F\u00fcllumgebung gew\u00e4hrleistet. Die Zellenradschleuse steuert den Prozess der Pastenf\u00fcllung. Durch Drehen des Griffs wird die F\u00fcllmenge angepasst. Die pneumatische Steuerung muss mit dem Luftkompressor \u00fcbereinstimmen und einen stabilen Betrieb gew\u00e4hrleisten. Die F\u00fcllgenauigkeit wird von der Luftdruckstabilit\u00e4t, der Materialgleichm\u00e4\u00dfigkeit und der F\u00fcllgeschwindigkeit beeinflusst. Die Arbeitsgeschwindigkeit h\u00e4ngt von der Materialviskosit\u00e4t, der Gr\u00f6\u00dfe der Auslassd\u00fcse und der Arbeitsgeschwindigkeit des Arbeiters ab.<\/p>    <figure class=\"wp-block-gallery has-nested-images columns-default is-cropped wp-block-gallery-2 is-layout-flex wp-block-gallery-is-layout-flex\"> <figure class=\"wp-block-image size-large\"><img loading=\"lazy\" decoding=\"async\" width=\"750\" height=\"500\" data-id=\"2575\" src=\"https:\/\/tianhuipackingmachine.com\/wp-content\/uploads\/2021\/09\/cone-shaped-hopper-paste-semi-automatic-filler-structure.jpg\" alt=\"Halbautomatische F\u00fcllerstruktur mit kegelf\u00f6rmigem Trichterpaste\" class=\"wp-image-2575\" srcset=\"https:\/\/tianhuipackingmachine.com\/wp-content\/uploads\/2021\/09\/cone-shaped-hopper-paste-semi-automatic-filler-structure.jpg 750w, https:\/\/tianhuipackingmachine.com\/wp-content\/uploads\/2021\/09\/cone-shaped-hopper-paste-semi-automatic-filler-structure-300x200.jpg 300w\" sizes=\"auto, (max-width: 750px) 100vw, 750px\" \/><figcaption>Halbautomatische F\u00fcllstruktur mit kegelf\u00f6rmigem Trichter und Paste<\/figcaption><\/figure>    <figure class=\"wp-block-image size-large\"><img loading=\"lazy\" decoding=\"async\" width=\"750\" height=\"500\" data-id=\"4482\" src=\"https:\/\/tianhuipackingmachine.com\/wp-content\/uploads\/2021\/12\/details-of-cone-hopper-type-sauce-filler-750x500.jpg\" alt=\"Details zum So\u00dfenf\u00fcller vom Kegeltrichtertyp\" class=\"wp-image-4482\" srcset=\"https:\/\/tianhuipackingmachine.com\/wp-content\/uploads\/2021\/12\/details-of-cone-hopper-type-sauce-filler.jpg 750w, https:\/\/tianhuipackingmachine.com\/wp-content\/uploads\/2021\/12\/details-of-cone-hopper-type-sauce-filler-480x320.jpg 480w\" sizes=\"auto, (max-width: 750px) 100vw, 750px\" \/><figcaption>Details zum So\u00dfenf\u00fcller vom Kegeltrichtertyp<\/figcaption><\/figure> <\/figure>    <h2 class=\"wp-block-heading\" id=\"h-u-type-hopper-semi-automatic-paste-filler\">Halbautomatischer Pastenf\u00fcller mit U-f\u00f6rmigem Trichter<\/h2>    <p>Die halbautomatische Abf\u00fcllanlage f\u00fcr Trichterpaste vom U-Typ ist eine Art horizontale Abf\u00fcllmaschine. Im Vergleich zum Pastenf\u00fcller mit kegelf\u00f6rmigem Trichter bietet die Pastenf\u00fcllmaschine mit U-f\u00f6rmigem Trichter eine gr\u00f6\u00dfere F\u00fcllkapazit\u00e4t und h\u00f6here Kosten. Wenn die Paste Partikel oder Sedimente enth\u00e4lt, ist der U-f\u00f6rmige Trichter eine gute Wahl, z. B. f\u00fcr Chilisauce, Honigzitrone, Passionsfruchtsauce, Marmeladen mit kleinen K\u00f6rnchen, Rindfleischpaste usw. Der Bediener kann die F\u00fcllgeschwindigkeit und das F\u00fcllvolumen durch Drehen \u00e4ndern der Griff.<\/p>    <h2 class=\"wp-block-heading\" id=\"h-u-type-hopper-paste-filling-machine-structure\">Struktur der Pastenf\u00fcllmaschine mit U-f\u00f6rmigem Trichter<\/h2>    <p>Die Maschine besteht aus einem Auslass, einem Drehventil, einem Mischtrichter, einem Fu\u00dfschalter, einem Zylinder, einem Barometer, einem Motor, einem Einstellteil usw. Die Auslassd\u00fcse verf\u00fcgt \u00fcber eine Anti-Tropf-Technologie und erm\u00f6glicht eine genauere Bef\u00fcllung. Der Trichter ist mit einem R\u00fchrwerk ausgestattet, um das Material gleichm\u00e4\u00dfig zu mischen. Der Fu\u00dfschalter l\u00e4sst sich bequem an einer geeigneten Stelle platzieren, wenn Sie die Maschine verwenden. Durch Drehen des Griffs wird der Zeiger auf der Skala au\u00dferhalb des Zylinders verstellt, dann wird das F\u00fcllvolumen ver\u00e4ndert. Der Antrieb erfolgt durch pneumatische Kraft. F\u00fcr den Einsatz der Maschine ist ein Luftkompressor erforderlich.<\/p>    <figure class=\"wp-block-gallery has-nested-images columns-default is-cropped wp-block-gallery-3 is-layout-flex wp-block-gallery-is-layout-flex\"> <figure class=\"wp-block-image size-large\"><img loading=\"lazy\" decoding=\"async\" width=\"750\" height=\"500\" data-id=\"2596\" src=\"https:\/\/tianhuipackingmachine.com\/wp-content\/uploads\/2021\/09\/structure-of-U-type-hopper-paste-filling-machine.jpg\" alt=\"Struktur der Pastenf\u00fcllmaschine mit Trichter vom U-Typ\" class=\"wp-image-2596\" srcset=\"https:\/\/tianhuipackingmachine.com\/wp-content\/uploads\/2021\/09\/structure-of-U-type-hopper-paste-filling-machine.jpg 750w, https:\/\/tianhuipackingmachine.com\/wp-content\/uploads\/2021\/09\/structure-of-U-type-hopper-paste-filling-machine-300x200.jpg 300w\" sizes=\"auto, (max-width: 750px) 100vw, 750px\" \/><figcaption>Struktur der Pastenf\u00fcllmaschine mit Trichter vom U-Typ<\/figcaption><\/figure>    <figure class=\"wp-block-image size-large\"><img loading=\"lazy\" decoding=\"async\" width=\"750\" height=\"500\" data-id=\"4485\" src=\"https:\/\/tianhuipackingmachine.com\/wp-content\/uploads\/2021\/12\/detailed-parts-of-U-type-hopper-sauce-filler-750x500.jpg\" alt=\"Detaillierte Teile des So\u00dfenf\u00fcllers mit U-Trichter\" class=\"wp-image-4485\" srcset=\"https:\/\/tianhuipackingmachine.com\/wp-content\/uploads\/2021\/12\/detailed-parts-of-U-type-hopper-sauce-filler.jpg 750w, https:\/\/tianhuipackingmachine.com\/wp-content\/uploads\/2021\/12\/detailed-parts-of-U-type-hopper-sauce-filler-480x320.jpg 480w\" sizes=\"auto, (max-width: 750px) 100vw, 750px\" \/><figcaption>Detaillierte Teile des U-Typ-Trichter-Saucenf\u00fcllers<\/figcaption><\/figure> <\/figure>    <h2 class=\"has-text-color wp-block-heading\" id=\"h-parameters-of-semi-automatic-paste-filler\" style=\"color:#ff5200\">Parameter des halbautomatischen Pastenf\u00fcllers<\/h2>    <figure class=\"wp-block-table is-style-stripes\"><table><tbody><tr><td>Modell<\/td><td>500 (insgesamt 8 Modelle)<\/td><\/tr><tr><td>F\u00fcllmaterial<\/td><td>Paste<\/td><\/tr><tr><td>F\u00fcllbereich<\/td><td>50\u2013500 ml (insgesamt 8 Bereiche)<\/td><\/tr><tr><td>Luftdruck<\/td><td>0,4\u20130,6 MPa<\/td><\/tr><tr><td>Toleranzbereich<\/td><td>0.50%<\/td><\/tr><tr><td>F\u00fcllkopf<\/td><td>Einzel<\/td><\/tr><\/tbody><\/table><\/figure>    <h2 class=\"wp-block-heading\" id=\"h-multi-head-automatic-paste-filling-machine\">Automatische Mehrkopf-Pastenf\u00fcllmaschine<\/h2>    <p>Die automatische Mehrkopf-Pastenabf\u00fcllanlage kann das Abf\u00fcllen mehrerer Pastenflaschen automatisch auf einmal durchf\u00fchren und so die Produktionseffizienz erheblich verbessern. Die Anzahl der Austrittsd\u00fcsen kann individuell an Ihre Bed\u00fcrfnisse angepasst werden. Und es kann eine Produktionslinie mit anderen Maschinen bilden, wie z. B. einem Flaschen\u00f6ffner, einer Vakuumverschlie\u00dfmaschine, einer Plastikflaschenverschlie\u00dfmaschine, einer Etikettiermaschine, einem Codierdrucker usw.<\/p>    <h2 class=\"wp-block-heading\" id=\"h-multi-head-automatic-paste-filler-structure\">Automatische Mehrkopf-Pastenf\u00fcllerstruktur<\/h2>    <p>Die Ausr\u00fcstung besteht aus einem Bedienfeld, einem Trichter, einem Drehknopf zur H\u00f6henverstellung, einer F\u00fclld\u00fcse, einem F\u00f6rderband, einem elektrischen Auge, einem Maschinengeh\u00e4use usw. \u00dcber das Bedienfeld mit einem SPS-Touchscreen k\u00f6nnen verschiedene Parameter schnell und bequem eingestellt werden. Die F\u00fclld\u00fcse verf\u00fcgt \u00fcber eine Tropfschutzvorrichtung. Die Breite des F\u00f6rderbandes kann individuell an Ihre Anforderungen angepasst werden.<\/p>    <div class=\"wp-block-image\"><figure class=\"aligncenter size-full\"><img loading=\"lazy\" decoding=\"async\" width=\"750\" height=\"500\" src=\"https:\/\/tianhuipackingmachine.com\/wp-content\/uploads\/2021\/09\/multi-head-paste-filling-equipment-structure.jpg\" alt=\"Struktur der Mehrkopf-Pastenf\u00fcllanlage\" class=\"wp-image-2582\" srcset=\"https:\/\/tianhuipackingmachine.com\/wp-content\/uploads\/2021\/09\/multi-head-paste-filling-equipment-structure.jpg 750w, https:\/\/tianhuipackingmachine.com\/wp-content\/uploads\/2021\/09\/multi-head-paste-filling-equipment-structure-300x200.jpg 300w\" sizes=\"auto, (max-width: 750px) 100vw, 750px\" \/><figcaption>Struktur der Mehrkopf-Pastenf\u00fcllanlage<\/figcaption><\/figure><\/div>    <h2 class=\"has-text-color wp-block-heading\" id=\"h-parameters-of-automatic-paste-filler\" style=\"color:#ff5200\">Parameter des automatischen Pastenf\u00fcllers <\/h2>    <figure class=\"wp-block-table is-style-stripes\"><table><tbody><tr><td>Pulver<\/td><td>220V \/ 50Hz<\/td><\/tr><tr><td>F\u00fcllbereich<\/td><td>50-500, 100-1000<\/td><\/tr><tr><td>F\u00fcllgenauigkeit<\/td><td>&lt;\u00b11%<\/td><\/tr><tr><td>F\u00fcllgeschwindigkeit<\/td><td>2000-2400 Flaschen\/h<\/td><\/tr><tr><td>Notiz<\/td><td>Anpassungsservice verf\u00fcgbar<\/td><\/tr><\/tbody><\/table><\/figure>    <h2 class=\"wp-block-heading\" id=\"h-features-of-paste-filling-machine\">Merkmale der Pastenf\u00fcllmaschine<\/h2>    <ol class=\"wp-block-list\" type=\"1\"><li>Kompakte Struktur, einfache Struktur, einfach zu bedienen<\/li><li>Durch pneumatische Kraft angetrieben werden, stabil laufen<\/li><li>Ausgestattet mit der Anti-Tropf-Vorrichtung f\u00fcr genaues Bef\u00fcllen<\/li><li>Der Teil des Kontaktmaterials besteht aus Edelstahl, ist langlebig und leicht zu reinigen<\/li><li>F\u00fcllgeschwindigkeit und F\u00fcllmenge k\u00f6nnen je nach Bedarf angepasst werden<\/li><li>Die halbautomatische Pastenf\u00fcllmaschine verf\u00fcgt \u00fcber zwei F\u00fcllmethoden: Pedal und automatisch. Und die beiden F\u00fcllmethoden k\u00f6nnen nach Belieben umgeschaltet werden.<\/li><li>Der horizontale halbautomatische Pastenf\u00fcller ist mit einem R\u00fchrer ausgestattet, der das Material gleichm\u00e4\u00dfig mischt<\/li><li>Die automatische Pastenf\u00fcllmaschine kann Material automatisch f\u00fcllen, nachdem Parameter auf dem Touchscreen eingerichtet wurden.<\/li><li>OEM-Service ist verf\u00fcgbar<\/li><\/ol>    <h2 class=\"wp-block-heading\" id=\"h-wide-applications-of-paste-filling-equipment\">Breite Anwendungsm\u00f6glichkeiten f\u00fcr Pastenf\u00fcllger\u00e4te<\/h2>    <p>Die Pastenf\u00fcllmaschine eignet sich h\u00e4ufig f\u00fcr Honig, Erdbeermarmelade, Blaubeermarmelade, Marmelade, Honigzitrone, Passionsfruchtso\u00dfe, Tahini, Salatdressing, Speise\u00f6l, Ketchup, So\u00dfe, Chiliso\u00dfe, Butter, Sesampaste, Erdnussbutter, Rindfleischpaste und Hoisin So\u00dfe, Austernso\u00dfe, Reinigungsmittel, H\u00e4ndedesinfektionsmittel, Shampoo, Haarsp\u00fclung, Aloe Vera-Gel, Kosmetika, Kleber usw. F\u00fcr Pasten mit Partikeln ist es besser, den U-f\u00f6rmigen Trichter zu w\u00e4hlen. Wenn das Material viskos ist, empfiehlt es sich, ein Heiz- und R\u00fchrger\u00e4t hinzuzuf\u00fcgen, um das Einf\u00fcllen des Materials zu erleichtern.<\/p>    <figure class=\"wp-block-gallery has-nested-images columns-default is-cropped wp-block-gallery-4 is-layout-flex wp-block-gallery-is-layout-flex\"> <figure class=\"wp-block-image size-large\"><img loading=\"lazy\" decoding=\"async\" width=\"750\" height=\"500\" data-id=\"2595\" src=\"https:\/\/tianhuipackingmachine.com\/wp-content\/uploads\/2021\/09\/wide-applications-of-paste-filling-equipment.jpg\" alt=\"breite Anwendungen von Pastenf\u00fcllger\u00e4ten\" class=\"wp-image-2595\" srcset=\"https:\/\/tianhuipackingmachine.com\/wp-content\/uploads\/2021\/09\/wide-applications-of-paste-filling-equipment.jpg 750w, https:\/\/tianhuipackingmachine.com\/wp-content\/uploads\/2021\/09\/wide-applications-of-paste-filling-equipment-300x200.jpg 300w\" sizes=\"auto, (max-width: 750px) 100vw, 750px\" \/><figcaption>Breite Anwendungen von Pastenf\u00fcllger\u00e4ten<\/figcaption><\/figure>    <figure class=\"wp-block-image size-large\"><img loading=\"lazy\" decoding=\"async\" width=\"750\" height=\"500\" data-id=\"4480\" src=\"https:\/\/tianhuipackingmachine.com\/wp-content\/uploads\/2021\/12\/applicable-filling-products-750x500.jpg\" alt=\"geeignete F\u00fcllprodukte\" class=\"wp-image-4480\" srcset=\"https:\/\/tianhuipackingmachine.com\/wp-content\/uploads\/2021\/12\/applicable-filling-products.jpg 750w, https:\/\/tianhuipackingmachine.com\/wp-content\/uploads\/2021\/12\/applicable-filling-products-480x320.jpg 480w\" sizes=\"auto, (max-width: 750px) 100vw, 750px\" \/><figcaption>Anwendbare F\u00fcllprodukte<\/figcaption><\/figure> <\/figure>    <h2 class=\"wp-block-heading\" id=\"h-related-machines-in-henan-top-packing-machinery\">Verwandte Maschinen in Henan Top Packing Machinery<\/h2>    <p class=\"translation-block\">Die Pastenf\u00fcllmaschine ist ein Teil der Produkte, die Henan Top Packing Machinery Co., Ltd anbietet. Als zuverl\u00e4ssiger Hersteller und Lieferant von Verpackungsmaschinen gibt es eine Vielzahl von Verpackungsmaschinen, wie z. B. Pulverpacker, Granulatverpackungsmaschine, <a href=\"https:\/\/tianhuipackingmachine.com\/de\/liquid-packing-machine\/\" target=\"_blank\" rel=\"noreferrer noopener\">Fl\u00fcssigverpackungsmaschine<\/a>, Pastenverpackungsmaschine, Vakuumierer, Schlauchbeutelmaschine usw. Und wir haben F\u00fcllmaschinen f\u00fcr Pulver, Granulat, Fl\u00fcssigkeit oder Paste. Au\u00dferdem bieten wir eine Siegelmaschine, <a href=\"https:\/\/tianhuipackingmachine.com\/de\/vacuum-capping-machines\/\" target=\"_blank\" rel=\"noreferrer noopener\">Verschlie\u00dfmaschine<\/a>, Codierger\u00e4t, <a href=\"https:\/\/tianhuipackingmachine.com\/de\/automatic-round-bottle-labeling-machine-sale\/\" target=\"_blank\" rel=\"noreferrer noopener\">Etikettiermaschine<\/a>, Kartonverschlie\u00dfmaschine und so weiter. Kontaktieren Sie uns f\u00fcr weitere Informationen.<\/p>    <figure class=\"wp-block-gallery has-nested-images columns-default is-cropped wp-block-gallery-5 is-layout-flex wp-block-gallery-is-layout-flex\"> <figure class=\"wp-block-image size-large\"><img loading=\"lazy\" decoding=\"async\" width=\"750\" height=\"500\" data-id=\"2014\" src=\"https:\/\/tianhuipackingmachine.com\/wp-content\/uploads\/2021\/08\/vacuum-capping-machine-1.jpg\" alt=\"Vakuumverschlie\u00dfmaschine\" class=\"wp-image-2014\" srcset=\"https:\/\/tianhuipackingmachine.com\/wp-content\/uploads\/2021\/08\/vacuum-capping-machine-1.jpg 750w, https:\/\/tianhuipackingmachine.com\/wp-content\/uploads\/2021\/08\/vacuum-capping-machine-1-300x200.jpg 300w\" sizes=\"auto, (max-width: 750px) 100vw, 750px\" \/><figcaption>Vakuumverschlie\u00dfmaschine<\/figcaption><\/figure>    <figure class=\"wp-block-image size-large\"><img loading=\"lazy\" decoding=\"async\" width=\"750\" height=\"500\" data-id=\"1988\" src=\"https:\/\/tianhuipackingmachine.com\/wp-content\/uploads\/2021\/07\/automatic-round-bottle-labeler.jpg\" alt=\"Automatischer Rundflaschenetikettierer\" class=\"wp-image-1988\" srcset=\"https:\/\/tianhuipackingmachine.com\/wp-content\/uploads\/2021\/07\/automatic-round-bottle-labeler.jpg 750w, https:\/\/tianhuipackingmachine.com\/wp-content\/uploads\/2021\/07\/automatic-round-bottle-labeler-300x200.jpg 300w\" sizes=\"auto, (max-width: 750px) 100vw, 750px\" \/><figcaption>Automatischer Rundflaschenetikettierer<\/figcaption><\/figure> <\/figure>    <figure class=\"wp-block-gallery has-nested-images columns-default is-cropped wp-block-gallery-6 is-layout-flex wp-block-gallery-is-layout-flex\"> <figure class=\"wp-block-image size-large\"><img loading=\"lazy\" decoding=\"async\" width=\"750\" height=\"500\" data-id=\"4484\" src=\"https:\/\/tianhuipackingmachine.com\/wp-content\/uploads\/2021\/12\/U-type-paste-filler-in-factory-750x500.jpg\" alt=\"U-Typ-Pastenf\u00fcller im Werk\" class=\"wp-image-4484\" srcset=\"https:\/\/tianhuipackingmachine.com\/wp-content\/uploads\/2021\/12\/U-type-paste-filler-in-factory.jpg 750w, https:\/\/tianhuipackingmachine.com\/wp-content\/uploads\/2021\/12\/U-type-paste-filler-in-factory-480x320.jpg 480w\" sizes=\"auto, (max-width: 750px) 100vw, 750px\" \/><figcaption>U-Typ-Pastenf\u00fcller im Werk<\/figcaption><\/figure>    <figure class=\"wp-block-image size-large\"><img loading=\"lazy\" decoding=\"async\" width=\"750\" height=\"500\" data-id=\"4483\" src=\"https:\/\/tianhuipackingmachine.com\/wp-content\/uploads\/2021\/12\/paste-fillling-pump-in-factory-display-750x500.jpg\" alt=\"Pastenf\u00fcllpumpe im Werksdisplay\" class=\"wp-image-4483\" srcset=\"https:\/\/tianhuipackingmachine.com\/wp-content\/uploads\/2021\/12\/paste-fillling-pump-in-factory-display.jpg 750w, https:\/\/tianhuipackingmachine.com\/wp-content\/uploads\/2021\/12\/paste-fillling-pump-in-factory-display-480x320.jpg 480w\" sizes=\"auto, (max-width: 750px) 100vw, 750px\" \/><figcaption>F\u00fcllpumpe im Werksdisplay einf\u00fcgen<\/figcaption><\/figure> <\/figure>","protected":false},"excerpt":{"rendered":"<p>Paste filling machine is the equipment to fill paste into bags, bottles, or cans. It\u2019s suitable for various pastes, like sauces, daily necessities, chemicals, etc. There is semi-automatic paste filler and automatic multi-head filler. The former occupies a small space, simple structure, low cost. The latter is equipped with multiple outlets, automatic filling, improving production [&hellip;]<\/p>\n","protected":false},"author":1,"featured_media":2573,"parent":0,"template":"","tags":[162],"product-type":[141],"class_list":["post-2571","product","type-product","status-publish","has-post-thumbnail","hentry","tag-filling-machine","product-type-filling-machines"],"_links":{"self":[{"href":"https:\/\/tianhuipackingmachine.com\/de\/wp-json\/wp\/v2\/product\/2571","targetHints":{"allow":["GET"]}}],"collection":[{"href":"https:\/\/tianhuipackingmachine.com\/de\/wp-json\/wp\/v2\/product"}],"about":[{"href":"https:\/\/tianhuipackingmachine.com\/de\/wp-json\/wp\/v2\/types\/product"}],"author":[{"embeddable":true,"href":"https:\/\/tianhuipackingmachine.com\/de\/wp-json\/wp\/v2\/users\/1"}],"wp:featuredmedia":[{"embeddable":true,"href":"https:\/\/tianhuipackingmachine.com\/de\/wp-json\/wp\/v2\/media\/2573"}],"wp:attachment":[{"href":"https:\/\/tianhuipackingmachine.com\/de\/wp-json\/wp\/v2\/media?parent=2571"}],"wp:term":[{"taxonomy":"post_tag","embeddable":true,"href":"https:\/\/tianhuipackingmachine.com\/de\/wp-json\/wp\/v2\/tags?post=2571"},{"taxonomy":"product-type","embeddable":true,"href":"https:\/\/tianhuipackingmachine.com\/de\/wp-json\/wp\/v2\/product-type?post=2571"}],"curies":[{"name":"wp","href":"https:\/\/api.w.org\/{rel}","templated":true}]}}