{"id":2556,"date":"2021-09-11T11:45:26","date_gmt":"2021-09-11T03:45:26","guid":{"rendered":"https:\/\/tianhuipackingmachine.com\/?page_id=2556"},"modified":"2022-04-27T11:18:46","modified_gmt":"2022-04-27T03:18:46","slug":"liquid-filling-machines","status":"publish","type":"product","link":"https:\/\/tianhuipackingmachine.com\/de\/liquid-filling-machines\/","title":{"rendered":"Fl\u00fcssigkeitsf\u00fcllmaschine"},"content":{"rendered":"<p class=\"translation-block\"><strong>Fl\u00fcssigkeitsf\u00fcllmaschine<\/strong> ist eine Art von quantitativem F\u00fcllger\u00e4t, das gleichm\u00e4\u00dfig f\u00fcllt, einfach zu bedienen. Die Ausr\u00fcstung eignet sich f\u00fcr verschiedene Fl\u00fcssigkeiten, die gut flie\u00dfen, wie Wasser, Saft, Milch, Wein, Bier, Alkohol, Essig, Getr\u00e4nke, \u00d6l, Schmierstoffe, Aufbauswasser usw. Eine Vielzahl von Modellen der Fl\u00fcssigkeitsf\u00fcllpumpen sind optional. Sie k\u00f6nnen das am besten geeignete F\u00fcllger\u00e4t je nach Ihrem Bedarf an dem F\u00fcllvolumen ausw\u00e4hlen. Au\u00dferdem bieten wir auch einen Individualisierungsservice basierend auf Ihren tats\u00e4chlichen Anforderungen an.<\/p>    <h2 class=\"wp-block-heading\" id=\"h-liquid-filling-machine-for-sale\">Fl\u00fcssigkeitsf\u00fcllmaschine zu verkaufen<\/h2>    <p>Bei Top(Henan) Packing Machinery stehen zwei Arten von Fl\u00fcssigkeitsf\u00fcllmaschinen zum Verkauf: halbautomatische Fl\u00fcssigkeitsf\u00fcller mit einem Auslass und automatische Mehrkopf-Fl\u00fcssigkeitsf\u00fcller. Ersteres bietet die Vorteile niedriger Kosten, kleiner Platzbedarf und breiter Einsatzm\u00f6glichkeiten, geeignet f\u00fcr kleine Unternehmen. Letztere und andere Maschinen k\u00f6nnen eine Produktionslinie f\u00fcr Fl\u00fcssigkeitsverpackungen bilden, wie z. B. Flaschen\u00f6ffner, Verschlie\u00dfmaschine, Etikettiermaschine, Codierdrucker usw., die effizient und genau arbeiten und sich f\u00fcr die Massenproduktion von Fl\u00fcssigkeitsabf\u00fcllungen eignen.<\/p>    <div class=\"wp-block-columns is-layout-flex wp-container-core-columns-is-layout-28f84493 wp-block-columns-is-layout-flex\"> <div class=\"wp-block-column is-layout-flow wp-block-column-is-layout-flow\"> <figure class=\"wp-block-image size-full\"><img loading=\"lazy\" decoding=\"async\" width=\"750\" height=\"500\" src=\"https:\/\/tianhuipackingmachine.com\/wp-content\/uploads\/2021\/09\/semi-automatic-single-outlet-liquid-filler.jpg\" alt=\"halbautomatischer Fl\u00fcssigkeitsf\u00fcller mit einem Auslass\" class=\"wp-image-2563\" srcset=\"https:\/\/tianhuipackingmachine.com\/wp-content\/uploads\/2021\/09\/semi-automatic-single-outlet-liquid-filler.jpg 750w, https:\/\/tianhuipackingmachine.com\/wp-content\/uploads\/2021\/09\/semi-automatic-single-outlet-liquid-filler-300x200.jpg 300w\" sizes=\"auto, (max-width: 750px) 100vw, 750px\" \/><figcaption>Halbautomatischer Fl\u00fcssigkeitsf\u00fcller mit einem Auslass<\/figcaption><\/figure> <\/div>    <div class=\"wp-block-column is-layout-flow wp-block-column-is-layout-flow\"> <figure class=\"wp-block-image size-full\"><img loading=\"lazy\" decoding=\"async\" width=\"750\" height=\"500\" src=\"https:\/\/tianhuipackingmachine.com\/wp-content\/uploads\/2021\/09\/multi-head-automatic-liquid-filler.jpg\" alt=\"Automatischer Mehrkopf-Fl\u00fcssigkeitsf\u00fcller\" class=\"wp-image-2564\" srcset=\"https:\/\/tianhuipackingmachine.com\/wp-content\/uploads\/2021\/09\/multi-head-automatic-liquid-filler.jpg 750w, https:\/\/tianhuipackingmachine.com\/wp-content\/uploads\/2021\/09\/multi-head-automatic-liquid-filler-300x200.jpg 300w\" sizes=\"auto, (max-width: 750px) 100vw, 750px\" \/><figcaption>Automatischer Mehrkopf-Fl\u00fcssigkeitsf\u00fcller<\/figcaption><\/figure> <\/div> <\/div>    <h2 class=\"wp-block-heading\" id=\"h-semi-automatic-single-outlet-liquid-filling-machine\">Halbautomatische Fl\u00fcssigkeitsf\u00fcllmaschine mit einem Auslass<\/h2>    <p>Die Fl\u00fcssigkeitsf\u00fcllmaschine mit einem Auslass ist eine halbautomatische Kolbenf\u00fcllmaschine, die von einem Zylinder angetrieben wird, um Materialien zu extrahieren und auszuwerfen. Der Maschinenk\u00f6rper besteht aus Edelstahl, ist langlebig und leicht zu reinigen und zu warten. Auf dem Ger\u00e4t befindet sich eine Skala zur Einstellung der F\u00fcllmenge, die bequem zu bedienen ist. Viele Gr\u00f6\u00dfen von Fl\u00fcssigkeitspumpen sind optional. Der Umfang der F\u00fcllpumpenmodelle umfasst 1\u201310 ml, 10\u2013100 ml, 100\u20131000 ml, 5\u201350 ml, 50\u2013500 ml, 500\u20135000 ml, 3\u201330 ml, 30\u2013300 ml, 300\u20133000 ml, 1000\u20135000 ml usw. Sie k\u00f6nnen nach Ihren Bed\u00fcrfnissen w\u00e4hlen. Die Maschine ist bei kleinen Unternehmen beliebt, da sie sich durch geringen Platzbedarf, gute Qualit\u00e4t und niedrige Kosten auszeichnet.<\/p>    <h2 class=\"wp-block-heading\" id=\"h-single-outlet-liquid-filling-machine-structure\">Struktur einer Fl\u00fcssigkeitsf\u00fcllmaschine mit einem Auslass<\/h2>    <div class=\"wp-block-image\"><figure class=\"aligncenter size-full\"><img loading=\"lazy\" decoding=\"async\" width=\"750\" height=\"500\" src=\"https:\/\/tianhuipackingmachine.com\/wp-content\/uploads\/2021\/09\/semi-automatic-liquid-filling-machine-structure.jpg\" alt=\"Struktur einer halbautomatischen Fl\u00fcssigkeitsf\u00fcllmaschine\" class=\"wp-image-2560\" srcset=\"https:\/\/tianhuipackingmachine.com\/wp-content\/uploads\/2021\/09\/semi-automatic-liquid-filling-machine-structure.jpg 750w, https:\/\/tianhuipackingmachine.com\/wp-content\/uploads\/2021\/09\/semi-automatic-liquid-filling-machine-structure-300x200.jpg 300w\" sizes=\"auto, (max-width: 750px) 100vw, 750px\" \/><figcaption>Struktur einer halbautomatischen Fl\u00fcssigkeitsf\u00fcllmaschine<\/figcaption><\/figure><\/div>    <h2 class=\"wp-block-heading\" id=\"h-automatic-multi-head-liquid-filling-equipment\">Automatische Mehrkopf-Fl\u00fcssigkeitsabf\u00fcllanlage<\/h2>    <p>Der automatische Mehrkopf-Fl\u00fcssigkeitsf\u00fcller verwendet, wie der Name schon sagt, mehrere K\u00f6pfe zum Bef\u00fcllen, was die Arbeitsproduktion erheblich verbessert. Unter ihnen k\u00f6nnen 12-Kopf-Fl\u00fcssigkeitsabf\u00fcllanlagen 3000 Flaschen\/h erreichen. Die Mindestanzahl der F\u00fcllk\u00f6pfe betr\u00e4gt zwei und die Anzahl kann individuell angepasst werden. Sie k\u00f6nnen basierend auf Ihrem Produktionsumfang ausw\u00e4hlen. Dar\u00fcber hinaus ist das lineare F\u00fcllkopfger\u00e4t mit einer Tropfschutzvorrichtung ausgestattet, die effektiv die Materialverschwendung verhindert. Die F\u00fcllumfangspumpenmodelle sind 10\u2013100 ml, 50\u2013500 ml, 100\u20131000 ml, 500\u20133000 ml, 1000\u20135000 ml usw. Das F\u00fcllergebnis ist genau und gleichm\u00e4\u00dfig. Es kann auch mit anderen Maschinen kombiniert werden, um eine Produktionslinie zu bilden, die f\u00fcr mittlere und gro\u00dfe Unternehmen geeignet ist. \u00a0<\/p>    <h2 class=\"wp-block-heading\" id=\"h-multi-head-bottle-filling-machine-structure\">Aufbau einer Mehrkopf-Flaschenf\u00fcllmaschine<\/h2>    <div class=\"wp-block-image\"><figure class=\"aligncenter size-full\"><img loading=\"lazy\" decoding=\"async\" width=\"750\" height=\"500\" src=\"https:\/\/tianhuipackingmachine.com\/wp-content\/uploads\/2021\/09\/multi-head-automatic-liquid-filling-equipment-structure.jpg\" alt=\"Struktur der automatischen Fl\u00fcssigkeitsf\u00fcllanlage mit mehreren K\u00f6pfen\" class=\"wp-image-2568\" srcset=\"https:\/\/tianhuipackingmachine.com\/wp-content\/uploads\/2021\/09\/multi-head-automatic-liquid-filling-equipment-structure.jpg 750w, https:\/\/tianhuipackingmachine.com\/wp-content\/uploads\/2021\/09\/multi-head-automatic-liquid-filling-equipment-structure-300x200.jpg 300w\" sizes=\"auto, (max-width: 750px) 100vw, 750px\" \/><figcaption>Struktur der automatischen Fl\u00fcssigkeitsf\u00fcllanlage mit mehreren K\u00f6pfen<\/figcaption><\/figure><\/div>    <h2 class=\"wp-block-heading\" id=\"h-features-benefits-of-liquid-filling-machines\">Merkmale und Vorteile von Fl\u00fcssigkeitsabf\u00fcllmaschinen<\/h2>    <ol class=\"wp-block-list\" type=\"1\"><li>Angemessenes Design, einfache Struktur, quantitative Bef\u00fcllung, einfach zu bedienen<\/li><li>Verschiedene Umf\u00e4nge der Fl\u00fcssigkeitsf\u00fcllpumpe optional, F\u00fcllvolumen und Geschwindigkeit sind einstellbar<\/li><li>Der Ger\u00e4tek\u00f6rper besteht aus Edelstahl, ist langlebig und bequem zu reinigen und zu warten<\/li><li>Ausgestattet mit der Anti-Tropf-Vorrichtung, um eine genaue Bef\u00fcllung zu gew\u00e4hrleisten.<\/li><li>Der halbautomatische Fl\u00fcssigkeitsf\u00fcller nimmt wenig Platz ein, erfordert geringe Investitionen und ist ger\u00e4uscharm<\/li><li>Der automatische Mehrkopff\u00fcller kann mit anderen Maschinen kombiniert werden, um eine ganze Produktionslinie zu bilden, wodurch eine vollst\u00e4ndige Automatisierung realisiert, die Effizienz verbessert und Arbeitskr\u00e4fte eingespart werden.<\/li><li>Muss mit dem Luftkompressor zusammenarbeiten<\/li><li>Anpassungsservice verf\u00fcgbar<\/li><\/ol>    <h2 class=\"wp-block-heading\" id=\"h-multi-head-water-bottle-filling-machine-working-video\">Video zur Funktionsweise einer Mehrkopf-Wasserflaschenf\u00fcllmaschine<\/h2>   <figure class=\"wp-block-embed-youtube wp-block-embed is-type-video is-provider-youtube wp-embed-aspect-16-9 wp-has-aspect-ratio\"><div class=\"lyte-wrapper\" title=\"Mehrkopf-Flaschenf\u00fcllmaschine | Hohe Effizienz und Genauigkeit\" style=\"width:853px;max-width:100%;margin:5px auto;\"><div class=\"lyMe\" id=\"WYL_FyQd0tZFAAA\" itemprop=\"video\" itemscope itemtype=\"https:\/\/schema.org\/VideoObject\"><div><meta itemprop=\"thumbnailUrl\" content=\"https:\/\/i.ytimg.com\/vi\/FyQd0tZFAAA\/hqdefault.jpg\" \/><meta itemprop=\"embedURL\" content=\"https:\/\/www.youtube.com\/embed\/FyQd0tZFAAA\" \/><meta itemprop=\"duration\" content=\"PT1M34S\" \/><meta itemprop=\"uploadDate\" content=\"2021-08-06T10:47:45Z\" \/><\/div><div id=\"lyte_FyQd0tZFAAA\" data-src=\"https:\/\/i.ytimg.com\/vi\/FyQd0tZFAAA\/hqdefault.jpg\" class=\"pL\"><div class=\"tC\"><div class=\"tT\" itemprop=\"name\">Mehrkopf-Flaschenf\u00fcllmaschine | Hohe Effizienz und Genauigkeit<\/div><\/div><div class=\"play\"><\/div><div class=\"ctrl\"><div class=\"Lctrl\"><\/div><div class=\"Rctrl\"><\/div><\/div><\/div><noscript><a href=\"https:\/\/youtu.be\/FyQd0tZFAAA\" rel=\"nofollow noopener\" target=\"_blank\"><img loading=\"lazy\" decoding=\"async\" src=\"https:\/\/i.ytimg.com\/vi\/FyQd0tZFAAA\/0.jpg\" alt=\"Mehrkopf-Flaschenf\u00fcllmaschine | Hohe Effizienz und Genauigkeit\" width=\"853\" height=\"460\" \/><\/a><\/noscript><meta itemprop=\"description\" content=\"Multi-head bottle filling and packaging machine is suitable for various kinds of liquids to realize high-volume production, filling with multiple heads, efficiently and accurately. It also can match with some other machines, such as unscramble bottle machine, screwing cap machine, labeling machine, date printer, etc. Get more details: https:\/\/tianhuipackingmachine.com\/water-packing-machine\/ Email: toppacking@163.com\"><\/div><\/div><div class=\"lL\" style=\"max-width:100%;width:853px;margin:5px auto;\"> <a href=\"https:\/\/youtu.be\/FyQd0tZFAAA\" target=\"_blank\" rel=\"noopener\">Dieses Video auf YouTube ansehen<\/a>.<\/div><figcaption><\/figcaption><\/figure>   <h2 class=\"wp-block-heading\" id=\"h-applications-of-liquid-filling-equipment\">Anwendungen von Fl\u00fcssigkeitsabf\u00fcllger\u00e4ten<\/h2>    <p class=\"translation-block\">Fl\u00fcssigf\u00fcllmaschinen eignen sich zum F\u00fcllen von Fl\u00fcssigkeiten mit guter Flie\u00dff\u00e4higkeit und finden breite Anwendung bei <strong><a href=\"https:\/\/tianhuipackingmachine.com\/de\/water-packing-machine\/\">Wasser<\/a><\/strong>, Getr\u00e4nken, Gew\u00fcrzen, <strong><a href=\"https:\/\/tianhuipackingmachine.com\/de\/oil-packaging-machine\/\">\u00d6len<\/a><\/strong>, t\u00e4glichen Bedarfsg\u00fctern, Arzneimitteln, Kosmetika, Chemikalien, Additiven usw. Die Ausr\u00fcstung kann Mineralwasser, Sodawasser, Sprudelwasser, Saft, Milch, Bier, Wein, Essig, Spirituosen, Alkohol, orale Fl\u00fcssigkeiten, Speise\u00f6l, Oliven\u00f6l, Erdnuss\u00f6l, Schmierstoffe, Aufbauswasser, Sp\u00fclmittel, Handdesinfektionsmittel, Shampoo, Duschgel, Desinfektionsmittel, Frostschutzmittel, Pflanzenschutzmittel, Herbizide usw. f\u00fcllen. F\u00fcr das viskose F\u00fcllgut ben\u00f6tigen Sie eine Paste-F\u00fcllmaschine.<\/p>    <h2 class=\"wp-block-heading\" id=\"h-liquid-filling-machine-price\">Preis der Fl\u00fcssigkeitsf\u00fcllmaschine<\/h2>    <p class=\"translation-block\">Der Preis eines Fl\u00fcssigkeitsf\u00fcllers h\u00e4ngt von der Art der Maschine, der Gr\u00f6\u00dfe der F\u00fctterpumpe, der Anzahl der F\u00fcllausl\u00e4sse usw. Im Vergleich zu einem halbbetrieblichen F\u00fcller mit einem Ausgang ist der Preis eines automatischen Mehrkopf-F\u00fcllers h\u00f6her, da dieser h\u00f6here Produktionskosten verursacht. Bei unterschiedlichen Gr\u00f6\u00dfen von Fl\u00fcssigkeitsf\u00fcllpumpen ist die gr\u00f6\u00dfere teurer. Au\u00dferdem erfordert ein Mehrkopf-F\u00fcller mit mehreren K\u00f6pfen auch h\u00f6here Kosten. Als <strong><a href=\"https:\/\/tianhuipackingmachine.com\/de\/\">Verpackungshersteller und -lieferant<\/a><\/strong> werden wir unser Bestes tun, um Maschinen mit einem hohen Preis-Leistungs-Verh\u00e4ltnis bereitzustellen. Aber wie man so sch\u00f6n sagt: Man bekommt, wof\u00fcr man bezahlt. Daher ist es besser, Qualit\u00e4t und andere Eigenschaften nicht wegen des Preises zu vernachl\u00e4ssigen. <strong><a href=\"https:\/\/tianhuipackingmachine.com\/de\/contact\/\">Nehmen Sie Kontakt mit uns auf<\/a><\/strong>, um weitere Details zu erhalten.<\/p>","protected":false},"excerpt":{"rendered":"<p>Liquid filling machine is one kind of quantitative filling machine, filling evenly, simple to operate. The equipment is suitable for a variety of liquids that flow well, such as water, juice, milk, wine, beer, alcohol, vinegar, beverage, oil, lubricant, make-up water, etc. A variety of liquid filling pump models are optional. You can choose the [&hellip;]<\/p>\n","protected":false},"author":1,"featured_media":2563,"parent":0,"template":"","tags":[162],"product-type":[141],"class_list":["post-2556","product","type-product","status-publish","has-post-thumbnail","hentry","tag-filling-machine","product-type-filling-machines"],"_links":{"self":[{"href":"https:\/\/tianhuipackingmachine.com\/de\/wp-json\/wp\/v2\/product\/2556","targetHints":{"allow":["GET"]}}],"collection":[{"href":"https:\/\/tianhuipackingmachine.com\/de\/wp-json\/wp\/v2\/product"}],"about":[{"href":"https:\/\/tianhuipackingmachine.com\/de\/wp-json\/wp\/v2\/types\/product"}],"author":[{"embeddable":true,"href":"https:\/\/tianhuipackingmachine.com\/de\/wp-json\/wp\/v2\/users\/1"}],"wp:featuredmedia":[{"embeddable":true,"href":"https:\/\/tianhuipackingmachine.com\/de\/wp-json\/wp\/v2\/media\/2563"}],"wp:attachment":[{"href":"https:\/\/tianhuipackingmachine.com\/de\/wp-json\/wp\/v2\/media?parent=2556"}],"wp:term":[{"taxonomy":"post_tag","embeddable":true,"href":"https:\/\/tianhuipackingmachine.com\/de\/wp-json\/wp\/v2\/tags?post=2556"},{"taxonomy":"product-type","embeddable":true,"href":"https:\/\/tianhuipackingmachine.com\/de\/wp-json\/wp\/v2\/product-type?post=2556"}],"curies":[{"name":"wp","href":"https:\/\/api.w.org\/{rel}","templated":true}]}}