{"id":2522,"date":"2021-09-09T11:06:51","date_gmt":"2021-09-09T03:06:51","guid":{"rendered":"https:\/\/tianhuipackingmachine.com\/?page_id=2522"},"modified":"2023-02-15T10:24:05","modified_gmt":"2023-02-15T02:24:05","slug":"yogurt-cup-filling-machine","status":"publish","type":"product","link":"https:\/\/tianhuipackingmachine.com\/de\/yogurt-cup-filling-machine\/","title":{"rendered":"F\u00fcllmaschine f\u00fcr Joghurtbecher"},"content":{"rendered":"<p class=\"translation-block\"><strong>Joghurtbecherf\u00fcllmaschine<\/strong>, wie der Name schon sagt, ist eine Art von Ger\u00e4t zum F\u00fcllen und Versiegeln von Bechern. Im Vergleich zur Inline-Fl\u00fcssigkeitsf\u00fcllmaschine ist diese Joghurtverpackungsmaschine f\u00fcr Becher mit einer Drehplatte ausgestattet. Die <strong>Joghurtbecherf\u00fcll- und -versiegelungsmaschine<\/strong> kann automatisch den gesamten Prozess des Zuf\u00fchrens der Becher, F\u00fcllens, Versiegelns und Herausziehens der Fertigprodukte durchf\u00fchren. Sie ist f\u00fcr vorgefertigte Becher und Becherdeckel geeignet. <\/p>    <p>\u00dcbliche Typen sind Einzelauslass- und Doppelf\u00fcllk\u00f6pfe. Dar\u00fcber hinaus muss diese Art von Maschine an die Gr\u00f6\u00dfe und Form der Becher und Deckel angepasst werden. Daher empfehlen wir unseren Kunden, uns bei der Kontaktaufnahme Einzelheiten zur Form und Kapazit\u00e4t des Produkts mitzuteilen.<\/p>    <figure class=\"wp-block-image aligncenter size-full\"><img loading=\"lazy\" decoding=\"async\" width=\"750\" height=\"500\" src=\"https:\/\/tianhuipackingmachine.com\/wp-content\/uploads\/2021\/09\/yogurt-cup-filler.jpg\" alt=\"F\u00fcller f\u00fcr Joghurtbecher\" class=\"wp-image-2523\" srcset=\"https:\/\/tianhuipackingmachine.com\/wp-content\/uploads\/2021\/09\/yogurt-cup-filler.jpg 750w, https:\/\/tianhuipackingmachine.com\/wp-content\/uploads\/2021\/09\/yogurt-cup-filler-300x200.jpg 300w\" sizes=\"auto, (max-width: 750px) 100vw, 750px\" \/><figcaption class=\"wp-element-caption\">F\u00fcller f\u00fcr Joghurtbecher<\/figcaption><\/figure>    <h2 class=\"wp-block-heading\" id=\"h-features-benefits-of-yogurt-cup-filling-machine\">Merkmale und Vorteile der Joghurtbecher-F\u00fcllmaschine<\/h2>    <ol class=\"wp-block-list\" type=\"1\"> <li>Rotationsstruktur, angemessenes Design, hohe Effizienz und Pr\u00e4zision, volle Funktionen.<\/li>    <li>Touchscreen zum Einrichten verschiedener Parameter der Maschine, einfach zu bedienen.<\/li>    <li>Hohe Automatisierung: automatische Becherzuf\u00fchrung, Bef\u00fcllung, Versiegelung und Entnahme der fertigen Produkte.<\/li>    <li>Nehmen Sie wenig Platz ein, laufen Sie stabil und verwenden Sie eine unabh\u00e4ngige Temperaturregelung.<\/li>    <li>Die Maschine stoppt, wenn keine Tasse herunterf\u00e4llt, und startet nach der Tassenzuf\u00fchrung neu.<\/li>    <li>Es besteht aus Edelstahl und einer Aluminiumlegierung, ist stabil und langlebig und leicht zu reinigen.<\/li>    <li>Nehmen Sie weltber\u00fchmte Steuersysteme und pneumatische Komponenten, gute Qualit\u00e4t und lange Lebensdauer an.<\/li>    <li>Anpassungsservice verf\u00fcgbar.<\/li> <\/ol>    <h2 class=\"wp-block-heading\" id=\"how-does-a-yogurt-cup-filling-and-sealing-machine-work\">Wie funktioniert eine F\u00fcll- und Verschlie\u00dfmaschine f\u00fcr Joghurtbecher?<\/h2>   <figure class=\"wp-block-embed-youtube wp-block-embed is-type-video is-provider-youtube wp-embed-aspect-16-9 wp-has-aspect-ratio lyte-align aligncenter\"><div class=\"lyte-wrapper\" title=\"Automatische Joghurtbecher-F\u00fcll- und Verschlie\u00dfmaschine mit Rotationstyp\" style=\"width:853px;max-width:100%;margin:5px auto;\"><div class=\"lyMe\" id=\"WYL_HicsfkDOUwI\" itemprop=\"video\" itemscope itemtype=\"https:\/\/schema.org\/VideoObject\"><div><meta itemprop=\"thumbnailUrl\" content=\"https:\/\/i.ytimg.com\/vi\/HicsfkDOUwI\/hqdefault.jpg\" \/><meta itemprop=\"embedURL\" content=\"https:\/\/www.youtube.com\/embed\/HicsfkDOUwI\" \/><meta itemprop=\"duration\" content=\"PT3M10S\" \/><meta itemprop=\"uploadDate\" content=\"2021-09-17T09:58:33Z\" \/><\/div><div id=\"lyte_HicsfkDOUwI\" data-src=\"https:\/\/i.ytimg.com\/vi\/HicsfkDOUwI\/hqdefault.jpg\" class=\"pL\"><div class=\"tC\"><div class=\"tT\" itemprop=\"name\">Automatische Joghurtbecher-F\u00fcll- und Verschlie\u00dfmaschine mit Rotationstyp<\/div><\/div><div class=\"play\"><\/div><div class=\"ctrl\"><div class=\"Lctrl\"><\/div><div class=\"Rctrl\"><\/div><\/div><\/div><noscript><a href=\"https:\/\/youtu.be\/HicsfkDOUwI\" rel=\"nofollow noopener\" target=\"_blank\"><img loading=\"lazy\" decoding=\"async\" src=\"https:\/\/i.ytimg.com\/vi\/HicsfkDOUwI\/0.jpg\" alt=\"Automatische Joghurtbecher-F\u00fcll- und Verschlie\u00dfmaschine mit Rotationstyp\" width=\"853\" height=\"460\" \/><\/a><\/noscript><meta itemprop=\"description\" content=\"#yogurt #yogurtrecipe #yogurtpackaging Email\ud83d\udc49 sales@tianhuipackingmachine.com WhatsApp\/Tel\ud83d\udc49 +86 17329326135 Useful reference\ud83d\udc49 https:\/\/tianhuipackingmachine.com\/yogurt-cup-filling-machine\/ ----------------------------------------------------------------------- Yogurt cup filling sealing machine is a kind of equipment for cup yogurt packaging. Compared with a single outlet liquid filling machine and multi-head liquid filling machine, this yogurt packaging machine for cups can automatically complete the whole process of feeding cups, filling, sealing, pulling out finished products. Besides, this kind of machine requires to customize according to the sizes and shapes of cups and covers, so we suggest our customer tell us the details of the product\u2019s shape and capacity when getting in touch with us. Yogurt cup filling machine is composed of an automatic touch screen, cup dropping system, gearing and pulling system, filling system, film putting device, sealing system, and cup discharging device with an output conveyor belt. ----------------------------------------------------------------------- Email\ud83d\udc49 sales@tianhuipackingmachine.com WhatsApp\/Tel\ud83d\udc49 +86 17329326135 Useful reference\ud83d\udc49 https:\/\/tianhuipackingmachine.com\/yogurt-cup-filling-machine\/\"><\/div><\/div><div class=\"lL\" style=\"max-width:100%;width:853px;margin:5px auto;\"> <a href=\"https:\/\/youtu.be\/HicsfkDOUwI\" target=\"_blank\" rel=\"noopener\">Dieses Video auf YouTube ansehen<\/a>.<\/div><figcaption><\/figcaption><\/figure>   <h2 class=\"wp-block-heading\" id=\"h-yogurt-cup-filler-structure\">Struktur des Joghurtbecherf\u00fcllers<\/h2>    <p>Die Joghurtbecher-F\u00fcllmaschine besteht aus einem automatischen Touchscreen, einem Becherabwurfsystem, einem Getriebe- und Zugsystem, einem F\u00fcllsystem, einer Folienauflegevorrichtung, einem Versiegelungssystem und einer Becherentladevorrichtung mit einem Ausgabef\u00f6rderband. Der Touchscreen steuert die Schalter f\u00fcr das Absenken des Bechers, das F\u00fcllen, das Einlegen der Folie, das Verschlie\u00dfen, das Entladen und die Anzeige der Z\u00e4hlung des fertigen Produkts. Die ausgef\u00fchrte Becherfallvorrichtung wird durch pneumatische Kraft angetrieben und l\u00e4uft stabil und pr\u00e4zise. <\/p>    <p>Das Getriebe- und Zugsystem umfasst einen Antriebsmotor, einen Drehzahlminderer, eine stabile Getriebevorrichtung und F\u00f6rderbecher zum Abf\u00fcllsystem. Das F\u00fcllger\u00e4t verf\u00fcgt \u00fcber einen einzigen Auslass und einen Doppelkopf zum Bef\u00fcllen, wobei letzterer effizienter ist. Das System zum Aufsetzen des Becherdeckels sorgt f\u00fcr eine pr\u00e4zise Platzierung des Becherdeckels. Die Anlage verschlie\u00dft den Becherrand fest und schiebt ihn in das Ausgabeband.<\/p>    <figure class=\"wp-block-image aligncenter size-full\"><img loading=\"lazy\" decoding=\"async\" width=\"750\" height=\"500\" src=\"https:\/\/tianhuipackingmachine.com\/wp-content\/uploads\/2021\/09\/yogurt-cup-filling-machine-structure.jpg\" alt=\"Struktur der Joghurtbecher-F\u00fcllmaschine\" class=\"wp-image-2524\" srcset=\"https:\/\/tianhuipackingmachine.com\/wp-content\/uploads\/2021\/09\/yogurt-cup-filling-machine-structure.jpg 750w, https:\/\/tianhuipackingmachine.com\/wp-content\/uploads\/2021\/09\/yogurt-cup-filling-machine-structure-300x200.jpg 300w\" sizes=\"auto, (max-width: 750px) 100vw, 750px\" \/><figcaption class=\"wp-element-caption\">Struktur der Joghurtbecher-F\u00fcllmaschine<\/figcaption><\/figure>    <h2 class=\"has-text-color wp-block-heading\" id=\"h-yogurt-filling-equipment-parameters\" style=\"color:#ff5200\">Parameter der Joghurt-Abf\u00fcllanlage<\/h2>    <figure class=\"wp-block-table is-style-stripes\"><table><tbody><tr><td>Leistung<\/td><td>220V\u00a0\u00a01200W<\/td><\/tr><tr><td>Verpackungsgeschwindigkeit<\/td><td>800\u2013900 Tassen\/h (einzelner Auslass) \u00a0 1600\u20131800 Tassen\/h (doppelter Auslass)<\/td><\/tr><tr><td>Luftdruck<\/td><td>0,5\u20130,75 MPa<\/td><\/tr><tr><td>Maximaler Luftverbrauch<\/td><td>0,45 m<sup>3<\/sup>\/M<\/td><\/tr><tr><td>Abmessungen<\/td><td>100*80*120cm<\/td><\/tr><tr><td>Gewicht<\/td><td>350kg<\/td><\/tr><\/tbody><\/table><\/figure>    <p>Die tats\u00e4chliche Technik wird je nach realer Situation einige Unterschiede aufweisen, da die F\u00fcllmaschine f\u00fcr Joghurtbecher in der Regel individuell angepasst wird. <\/p>    <h2 class=\"wp-block-heading\" id=\"h-applications-of-yogurt-filling-machine\">Anwendungen der Joghurtf\u00fcllmaschine<\/h2>    <p>Joghurtbecherf\u00fcller k\u00f6nnen nicht nur Joghurtbecher f\u00fcllen und verschlie\u00dfen, sondern auch f\u00fcr Getr\u00e4nke, Milch, Kaffee, Saft, Kaffeewei\u00dfer, Eiscreme, Gelee, Sojamilch, Pflaumensirup, Reiswein, Marmelade, So\u00dfe, Chiliso\u00dfe und Rindfleisch verwendet werden Paste etc. durch Ausstattung mit unterschiedlichen Abf\u00fcllsystemen. Es eignet sich f\u00fcr Plastikbecher, Pappbecher, Aluminiumbecher usw. F\u00fcr die F\u00fcllvorrichtung sind verschiedene F\u00fcllvolumina optional, bezogen auf 1\u201310 ml, 10\u2013100 ml, 5\u201350 ml, 50\u2013500 ml, 30\u2013300 ml usw. (bis zu 500 ml). Sie k\u00f6nnen nach Ihren tats\u00e4chlichen Bed\u00fcrfnissen w\u00e4hlen. <\/p>    <figure class=\"wp-block-gallery has-nested-images columns-default is-cropped wp-block-gallery-2 is-layout-flex wp-block-gallery-is-layout-flex\"> <figure class=\"wp-block-image size-large\"><img loading=\"lazy\" decoding=\"async\" width=\"750\" height=\"500\" data-id=\"2526\" src=\"https:\/\/tianhuipackingmachine.com\/wp-content\/uploads\/2021\/09\/yogurt-cup-filling-equipment-applications-display.jpg\" alt=\"Anwendungsanzeige f\u00fcr Joghurtbecher-Abf\u00fcllger\u00e4te\" class=\"wp-image-2526\" srcset=\"https:\/\/tianhuipackingmachine.com\/wp-content\/uploads\/2021\/09\/yogurt-cup-filling-equipment-applications-display.jpg 750w, https:\/\/tianhuipackingmachine.com\/wp-content\/uploads\/2021\/09\/yogurt-cup-filling-equipment-applications-display-300x200.jpg 300w\" sizes=\"auto, (max-width: 750px) 100vw, 750px\" \/><figcaption class=\"wp-element-caption\">Anwendungsdisplay f\u00fcr Joghurtbecher-Abf\u00fcllger\u00e4te<\/figcaption><\/figure>    <figure class=\"wp-block-image size-large\"><img loading=\"lazy\" decoding=\"async\" width=\"750\" height=\"500\" data-id=\"4684\" src=\"https:\/\/tianhuipackingmachine.com\/wp-content\/uploads\/2021\/12\/coffee-mate-750x500.jpg\" alt=\"Kaffee Kumpel\" class=\"wp-image-4684\" srcset=\"https:\/\/tianhuipackingmachine.com\/wp-content\/uploads\/2021\/12\/coffee-mate.jpg 750w, https:\/\/tianhuipackingmachine.com\/wp-content\/uploads\/2021\/12\/coffee-mate-480x320.jpg 480w\" sizes=\"auto, (max-width: 750px) 100vw, 750px\" \/><figcaption class=\"wp-element-caption\">Kaffee Kumpel<\/figcaption><\/figure> <\/figure>    <h2 class=\"wp-block-heading\" id=\"do-you-need-a-yogurt-cup-filling-and-sealing-machine-for-larger-output\">Ben\u00f6tigen Sie eine Joghurtbecher-F\u00fcll- und Verschlie\u00dfmaschine f\u00fcr eine gr\u00f6\u00dfere Leistung?<\/h2>    <p>Wenn ja, k\u00f6nnen Sie einen Blick auf die kontinuierliche Becherf\u00fcll- und Verschlie\u00dfmaschine werfen. Es ist die ideale Ausr\u00fcstung f\u00fcr die Becherverpackung f\u00fcr Flie\u00dfb\u00e4nder und gro\u00dfe Massenproduktionen. Diese Becherverpackungsmaschine eignet sich f\u00fcr Joghurt, Gelee, Saft, Eis, Pudding, Brei, andere Fl\u00fcssigkeiten oder Pasten usw. Die Ausr\u00fcstung kann den Prozess des Fallens von Bechern in Modelle, des F\u00fcllens von Material in Becher, des Zuf\u00fchrens von Folie, des Verschlie\u00dfens usw. automatisch abschlie\u00dfen Schneiden der Verpackungsfolie. <\/p>    <p>Es bietet die Vorteile einer kompakten Struktur, eines hohen Automatisierungsgrads, einer bequemen Verwendung, einer einfachen Wartung und einer hohen Produktionseffizienz. Und die Ausr\u00fcstung zeichnet sich durch stabile Qualit\u00e4t und lange Lebensdauer, fortschrittliche Leistung und zuverl\u00e4ssige Qualit\u00e4t aus. Die Becheranzahl pro Reihe kann entsprechend den Produktionsanforderungen des Kunden angepasst werden.<\/p>    <figure class=\"wp-block-image aligncenter size-large\"><img loading=\"lazy\" decoding=\"async\" width=\"750\" height=\"500\" src=\"https:\/\/tianhuipackingmachine.com\/wp-content\/uploads\/2022\/02\/cup-filling-and-sealing-machine-750x500.jpg\" alt=\"Becherf\u00fcll- und Verschlie\u00dfmaschine\" class=\"wp-image-5183\" srcset=\"https:\/\/tianhuipackingmachine.com\/wp-content\/uploads\/2022\/02\/cup-filling-and-sealing-machine.jpg 750w, https:\/\/tianhuipackingmachine.com\/wp-content\/uploads\/2022\/02\/cup-filling-and-sealing-machine-480x320.jpg 480w\" sizes=\"auto, (max-width: 750px) 100vw, 750px\" \/><figcaption class=\"wp-element-caption\">Becherf\u00fcll- und Verschlie\u00dfmaschine<\/figcaption><\/figure>    <h2 class=\"wp-block-heading\" id=\"what-are-characteristics-of-the-continuous-yogurt-cup-filling-and-sealing-machine\">Was sind die Merkmale der kontinuierlich arbeitenden Joghurtbecher-F\u00fcll- und Verschlie\u00dfmaschine?<\/h2>    <ol class=\"wp-block-list\" type=\"1\"> <li>Fortschrittliches Design, angemessene Struktur, hohe Automatisierung und zuverl\u00e4ssige Leistung.<\/li>    <li>Eine einfache Bedienung verbessert die Arbeitseffizienz und reduziert den menschlichen Arbeitsaufwand.<\/li>    <li>Die gesamte Maschine besteht aus Edelstahl, Aluminiumlegierung, Kupfer und anderen korrosionsbest\u00e4ndigen Materialien im Einklang mit Lebensmittelhygiene- und Sicherheitsstandards<\/li>    <li>Die Tassenplatzierungsform kann individuell angepasst werden. Runde und quadratische Formen sind g\u00e4ngige Typen. <\/li>    <li>Photoelektrische Augendetektoren sorgen f\u00fcr ein pr\u00e4zises und genaues Bef\u00fcllen und Verschlie\u00dfen.<\/li>    <li>Die Produktionsgeschwindigkeit und der Siegeldruck sind je nach Bedarf einstellbar.<\/li>    <li>Die Versiegelung ist fest und die Kanten sind glatt und makellos.<\/li> <\/ol>    <figure class=\"wp-block-gallery has-nested-images columns-default is-cropped wp-block-gallery-3 is-layout-flex wp-block-gallery-is-layout-flex\"> <figure class=\"wp-block-image size-large\"><img loading=\"lazy\" decoding=\"async\" width=\"750\" height=\"500\" data-id=\"5185\" src=\"https:\/\/tianhuipackingmachine.com\/wp-content\/uploads\/2022\/02\/round-cup-type-filling-system-for-liquid.jpg\" alt=\"Rundbecher-Abf\u00fcllsystem f\u00fcr Fl\u00fcssigkeiten\" class=\"wp-image-5185\" srcset=\"https:\/\/tianhuipackingmachine.com\/wp-content\/uploads\/2022\/02\/round-cup-type-filling-system-for-liquid.jpg 750w, https:\/\/tianhuipackingmachine.com\/wp-content\/uploads\/2022\/02\/round-cup-type-filling-system-for-liquid-480x320.jpg 480w\" sizes=\"auto, (max-width: 750px) 100vw, 750px\" \/><figcaption class=\"wp-element-caption\">Rundbecher-F\u00fcllsystem f\u00fcr Fl\u00fcssigkeiten<\/figcaption><\/figure>    <figure class=\"wp-block-image size-large\"><img loading=\"lazy\" decoding=\"async\" width=\"750\" height=\"500\" data-id=\"5184\" src=\"https:\/\/tianhuipackingmachine.com\/wp-content\/uploads\/2022\/02\/quadrate-cup-type-filling-system.jpg\" alt=\"F\u00fcllsystem mit quadratischem Becher\" class=\"wp-image-5184\" srcset=\"https:\/\/tianhuipackingmachine.com\/wp-content\/uploads\/2022\/02\/quadrate-cup-type-filling-system.jpg 750w, https:\/\/tianhuipackingmachine.com\/wp-content\/uploads\/2022\/02\/quadrate-cup-type-filling-system-480x320.jpg 480w\" sizes=\"auto, (max-width: 750px) 100vw, 750px\" \/><figcaption class=\"wp-element-caption\">F\u00fcllsystem mit quadratischem Becher<\/figcaption><\/figure> <\/figure>    <h2 class=\"has-luminous-vivid-orange-color has-text-color wp-block-heading\" id=\"multiline-linear-automatic-cup-packing-machine-parameter\">Parameter der mehrzeiligen linearen automatischen Becherverpackungsmaschine<\/h2>    <figure class=\"wp-block-table\"><table><tbody><tr><td>Typ<\/td><td>XBG60-4<\/td><td>JXS-1680<\/td><\/tr><tr><td>Leistung<\/td><td>Dreiphasiger Vierleiter, 380 V\/50 Hz, 2,4 kW\/h<\/td><td>380 V, 2,2 kW<\/td><\/tr><tr><td>Temperaturregelbereich<\/td><td>0-400\u2103<\/td><td>\/<\/td><\/tr><tr><td>Luftverbrauch<\/td><td>0,6m<sup>3<\/sup>\/S<\/td><td>\/<\/td><\/tr><tr><td>Luftdruck<\/td><td>0,65\u20130,85 MPa<\/td><td>0,6\u20130,8 MPa<\/td><\/tr><tr><td>Packgeschwindigkeit<\/td><td>1800\u20132000 Tassen\/h<\/td><td>1200\u20137200 Tassen\/h<\/td><\/tr><tr><td>Gewicht<\/td><td>700kg<\/td><td>1050 kg<\/td><\/tr><tr><td>Abmessungen<\/td><td>3000 mm * 600 mm * 1600 mm<\/td><td>3200*1350*1720mm<\/td><\/tr><\/tbody><\/table><\/figure>    <p>Die tats\u00e4chlichen technischen Daten werden je nach realer Situation und Anforderungen angepasst. <\/p>    <h2 class=\"wp-block-heading\" id=\"h-get-in-touch-with-us-to-get-more-information\">Kontaktieren Sie uns, um weitere Informationen zu erhalten<\/h2>    <p class=\"translation-block\">Die rotierende automatische Joghurtbecherf\u00fcll- und -versiegelungsmaschine wird normalerweise ma\u00dfgeschneidert, um gut zur Gr\u00f6\u00dfe und Form Ihres Bechers und Becherdeckels zu passen. In der Henan Top Packing Machinery gibt es viele <a href=\"https:\/\/tianhuipackingmachine.com\/de\/\">Verpackungsmaschinen<\/a> zu verkaufen, wie z.B. <a href=\"https:\/\/tianhuipackingmachine.com\/de\/liquid-packing-machine\/\">Fl\u00fcssigkeitsverpackungsmaschinen<\/a>, Pulververpackungsmaschinen, Granulverpackungsmaschinen, Vakuumverpackungsmaschinen, Kissenverpackungsmaschinen, Etikettiermaschinen, Datumsdrucker, <a href=\"https:\/\/tianhuipackingmachine.com\/de\/carton-sealing-machine\/\">Kartonschlie\u00dfmaschinen<\/a> und vieles mehr. Suchen Sie nach Ger\u00e4ten wie diesen? Kontaktieren Sie uns, um weitere Details und den besten Preis zu erhalten.<\/p>","protected":false},"excerpt":{"rendered":"<p>Yogurt cup filling machine, as the name implies, is a kind of equipment for cup filling and sealing. Compared with the inline liquid filling machine, this yogurt packaging machine for cups is equipped with a rotary plate. The yogurt cup filling and sealing machine can automatically complete the whole process of feeding cups, filling, sealing, [&hellip;]<\/p>\n","protected":false},"author":1,"featured_media":2523,"parent":0,"template":"","tags":[162],"product-type":[141],"class_list":["post-2522","product","type-product","status-publish","has-post-thumbnail","hentry","tag-filling-machine","product-type-filling-machines"],"_links":{"self":[{"href":"https:\/\/tianhuipackingmachine.com\/de\/wp-json\/wp\/v2\/product\/2522","targetHints":{"allow":["GET"]}}],"collection":[{"href":"https:\/\/tianhuipackingmachine.com\/de\/wp-json\/wp\/v2\/product"}],"about":[{"href":"https:\/\/tianhuipackingmachine.com\/de\/wp-json\/wp\/v2\/types\/product"}],"author":[{"embeddable":true,"href":"https:\/\/tianhuipackingmachine.com\/de\/wp-json\/wp\/v2\/users\/1"}],"wp:featuredmedia":[{"embeddable":true,"href":"https:\/\/tianhuipackingmachine.com\/de\/wp-json\/wp\/v2\/media\/2523"}],"wp:attachment":[{"href":"https:\/\/tianhuipackingmachine.com\/de\/wp-json\/wp\/v2\/media?parent=2522"}],"wp:term":[{"taxonomy":"post_tag","embeddable":true,"href":"https:\/\/tianhuipackingmachine.com\/de\/wp-json\/wp\/v2\/tags?post=2522"},{"taxonomy":"product-type","embeddable":true,"href":"https:\/\/tianhuipackingmachine.com\/de\/wp-json\/wp\/v2\/product-type?post=2522"}],"curies":[{"name":"wp","href":"https:\/\/api.w.org\/{rel}","templated":true}]}}