{"id":2510,"date":"2021-09-08T11:10:06","date_gmt":"2021-09-08T03:10:06","guid":{"rendered":"https:\/\/tianhuipackingmachine.com\/?page_id=2510"},"modified":"2026-03-11T15:10:18","modified_gmt":"2026-03-11T07:10:18","slug":"1-10kg-powder-filling-machine","status":"publish","type":"product","link":"https:\/\/tianhuipackingmachine.com\/de\/1-10kg-powder-filling-machine\/","title":{"rendered":"1-10 kg Pulverabf\u00fcllmaschine"},"content":{"rendered":"<p class=\"translation-block\"><strong>Pulverf\u00fcllmaschine<\/strong> ist ein Werkzeug zum effizienten und zuverl\u00e4ssigen Abf\u00fcllen von Pulver in Mengen von 1-10 kg. Wie andere Pulververpackungsmaschinen ist sie mit einer Schnecke ausgestattet, die das F\u00fcllvolumen misst. Die Anlage eignet sich f\u00fcr verschiedene Pulverarten wie Milchpulver, Mehl, St\u00e4rke, Gew\u00fcrze, Chilipulver, Waschpulver, chemische Pulver, Agrar- und Nebenprodukte, Zusatzpulver, Farbpulver, Futtermittelpulver usw. <\/p>    <p>Um effizienter zu packen, k\u00f6nnen Sie es verwenden, indem Sie es mit einigen Ger\u00e4ten kombinieren. Beispielsweise ist es besser, gleich eine Beutelverschlie\u00dfmaschine zu kaufen, wenn Sie den Beutel auch verschlie\u00dfen m\u00f6chten. Wenn Sie hingegen Flaschen zum Verpacken verwenden, k\u00f6nnen Sie ein F\u00f6rderband kaufen, um Arbeit zu sparen. Dar\u00fcber hinaus steht Ihnen je nach Bedarf ein OEM-Service zur Verf\u00fcgung.<\/p>    <figure class=\"wp-block-image size-full\"><img loading=\"lazy\" decoding=\"async\" width=\"750\" height=\"500\" src=\"https:\/\/tianhuipackingmachine.com\/wp-content\/uploads\/2021\/09\/powder-weighing-and-filing-machine.jpg\" alt=\"Pulverwaage und Abf\u00fcllmaschine\" class=\"wp-image-6246\"\/><figcaption class=\"wp-element-caption\">Pulverwaage und Abf\u00fcllmaschine<\/figcaption><\/figure>    <h2 class=\"has-black-color has-text-color wp-block-heading\" id=\"h-features-benefits-of-1-10kg-powder-filling-machine\">Merkmale und Vorteile der Wiege- und Abf\u00fcllmaschine f\u00fcr Trockenpulver<\/h2>    <ol class=\"wp-block-list\" type=\"1\"> <li>Angemessenes Design, einfache Struktur, einfache Installation, Bedienung und Wartung<\/li>    <li>Automatisches quantitatives Wiegen, Abf\u00fcllen und Anpassen des Dosierfehlers<\/li>    <li>Tasten und SPS-Touchscreen sind je nach Bedarf optional<\/li>    <li>Bringen Sie eine gro\u00dfe Klemme an der Auslass\u00f6ffnung an, um den Verpackungsbeutel zum Bef\u00fcllen eines gro\u00dfen Volumens zu befestigen<\/li>    <li>Durch den Austausch unterschiedlicher Schneckengr\u00f6\u00dfen k\u00f6nnen unterschiedliche Materialvolumina gesteuert werden<\/li>    <li>F\u00fchren Sie ein quantitatives Wiegesystem ein, genau, effizient und bequem<\/li>    <li>Verwenden Sie Schrittmotor und elektronische W\u00e4getechnologie, hohe Pr\u00e4zision<\/li>    <li>Geeignet zum Bef\u00fcllen von Verpackungsbeuteln, Flaschen und Dosen<\/li>    <li>Anpassungsservice verf\u00fcgbar<\/li> <\/ol>    <h2 class=\"has-text-color wp-block-heading\" id=\"h-semi-automatic-1-10-kg-powder-packing-equipment-parameters\" style=\"color:#ff5200\">Parameter der halbautomatischen Pulverf\u00fcllmaschine<\/h2>    <figure class=\"wp-block-table is-style-stripes\"><table><tbody><tr><td>Leistung<\/td><td>AC380V\u00a0900W<\/td><\/tr><tr><td>Verpackungsspezifikationen<\/td><td>1-10kg<\/td><\/tr><tr><td>Verpackungsgenauigkeit<\/td><td>\u00b11%<\/td><\/tr><tr><td>Packgeschwindigkeit<\/td><td>500-1500 S\u00e4cke\/h (je nach Verpackungsgr\u00f6\u00dfe und Produkten)<\/td><\/tr><tr><td>Abmessungen<\/td><td>1000*850*1850mm<\/td><\/tr><tr><td>Gewicht<\/td><td>280kg<\/td><\/tr><\/tbody><\/table><\/figure>    <h2 class=\"has-black-color has-text-color wp-block-heading\" id=\"h-1-10kg-powder-auger-filler-structure\">Struktur der Schneckenf\u00fcllmaschine f\u00fcr 1\u201310 kg Pulver<\/h2>    <p>Der Schneckenf\u00fcller besteht aus einem Materialtrichter, dem Auslass, einem elektronischen Bedienfeld, einem Tablett, einer F\u00f6rderschnecke mit Trichter und einem Motor. Der Materialbeh\u00e4lter dient der Lagerung von Pulver zum Abf\u00fcllen. Zur Steuerung des F\u00fcllvolumens dient ein Auslass mit Schnecke. F\u00fcr die Bef\u00fcllung gro\u00dfer S\u00e4cke wird es mit einer Klemmvorrichtung zur Befestigung des Beutels ausgestattet. Die Ablage dient als Ablage f\u00fcr T\u00fcten, Flaschen oder Dosen. Es gibt optional zwei Arten von Bedienfeldern: Tasten und einen SPS-Touchscreen. Der Schneckenf\u00f6rderer transportiert das Material mit der Kraft seines eigenen Motors in den Trichter der Abf\u00fcllmaschine. <\/p>    <p class=\"translation-block\">Dar\u00fcber hinaus unterst\u00fctzen wir kundenspezifische Maschinen nach Ihren Bed\u00fcrfnissen. Sie k\u00f6nnen <strong><a href=\"https:\/\/tianhuipackingmachine.com\/de\/contact\/\">uns kontaktieren<\/a><\/strong>, um weitere Details zu erfahren, indem Sie das Formular am Ende dieses Artikels ausf\u00fcllen.<\/p>    <figure class=\"wp-block-image aligncenter size-full\"><img loading=\"lazy\" decoding=\"async\" width=\"750\" height=\"500\" src=\"https:\/\/tianhuipackingmachine.com\/wp-content\/uploads\/2021\/09\/1-10kg-powder-filling-equipment-structure.jpg\" alt=\"Struktur der Pulverf\u00fcllanlage f\u00fcr 1\u201310 kg\" class=\"wp-image-2512\" srcset=\"https:\/\/tianhuipackingmachine.com\/wp-content\/uploads\/2021\/09\/1-10kg-powder-filling-equipment-structure.jpg 750w, https:\/\/tianhuipackingmachine.com\/wp-content\/uploads\/2021\/09\/1-10kg-powder-filling-equipment-structure-300x200.jpg 300w\" sizes=\"auto, (max-width: 750px) 100vw, 750px\" \/><figcaption class=\"wp-element-caption\">Struktur der Pulverf\u00fcllausr\u00fcstung f\u00fcr 1\u201310 kg<\/figcaption><\/figure>    <h2 class=\"has-text-color wp-block-heading\" id=\"h-screw-conveyor-parameters\" style=\"color:#ff5200\">Parameter des Schneckenf\u00f6rderers<\/h2>    <figure class=\"wp-block-table is-style-stripes\"><table><tbody><tr><td>Leistung<\/td><td>AC380V\u00a01100W<\/td><\/tr><tr><td>Kapazit\u00e4t erh\u00f6hen<\/td><td>1000\u20133000 kg\/h<\/td><\/tr><tr><td>Fassungsverm\u00f6gen des Trichters<\/td><td>100-300kg<\/td><\/tr><tr><td>H\u00f6he der F\u00fcllvorrichtung<\/td><td>2000 mm (unterst\u00fctzt kundenspezifischen Service)<\/td><\/tr><tr><td>Das Material der Ausr\u00fcstung<\/td><td>Edelstahl<\/td><\/tr><tr><td>Gewicht<\/td><td>150kg<\/td><\/tr><\/tbody><\/table><\/figure>    <h2 class=\"has-black-color has-text-color wp-block-heading\" id=\"h-wide-applications-in-food-non-food-bags-bottles-or-cans\">Breite Anwendungen im Lebensmittel- und Non-Food-Bereich, in Beuteln, Flaschen oder Dosen<\/h2>    <p class=\"translation-block\">Die Pulverf\u00fcllmaschine f\u00fcr 1-10 kg eignet sich f\u00fcr eine Vielzahl von Pulvern, wie Milchpulver, Kaffeepulver, Mehl, Maisst\u00e4rke, Reismehl, Milchteepulver, Eiwei\u00dfpulver, St\u00e4rke, <strong><a href=\"https:\/\/tianhuipackingmachine.com\/de\/spice-packaging-machine\/\">Gew\u00fcrze<\/a><\/strong>, Matcha-Pulver, Kakaopulver, Pfeffer, <strong><a href=\"https:\/\/tianhuipackingmachine.com\/de\/chilli-powder-packing-machine\/\">Chilipulver<\/a><\/strong>, schwarzer Pfeffer, Kreuzk\u00fcmmel, Curry, Masala, Farbpulver, Pestizidpulver, Zusatzstoffe, Futtermittelpulver usw. Und die Abf\u00fcllanlage eignet sich f\u00fcr Beutel, Flaschen und Dosen. <\/p>    <figure class=\"wp-block-image size-large\"><img loading=\"lazy\" decoding=\"async\" width=\"750\" height=\"500\" src=\"https:\/\/tianhuipackingmachine.com\/wp-content\/uploads\/2021\/12\/applicable-powder-750x500.jpg\" alt=\"anwendbares Pulver\" class=\"wp-image-4449\" srcset=\"https:\/\/tianhuipackingmachine.com\/wp-content\/uploads\/2021\/12\/applicable-powder.jpg 750w, https:\/\/tianhuipackingmachine.com\/wp-content\/uploads\/2021\/12\/applicable-powder-480x320.jpg 480w\" sizes=\"auto, (max-width: 750px) 100vw, 750px\" \/><figcaption class=\"wp-element-caption\">Anwendbares Pulver<\/figcaption><\/figure>    <h2 class=\"has-black-color has-text-color wp-block-heading\" id=\"h-related-machines-in-top-packing-machinery\">Verwandte Maschinen von Henan Top Packing Machinery<\/h2>    <p class=\"translation-block\">Wenn Sie eine Produktionslinie mit der 1-10 kg Pulverf\u00fcllmaschine w\u00fcnschen, gibt es viele optionale Maschinen bei <strong><a href=\"https:\/\/tianhuipackingmachine.com\/de\/\">Henan Top Packing Machinery<\/a><\/strong>, wie z. B. F\u00f6rderb\u00e4nder f\u00fcr Flaschen oder Dosen, <strong><a href=\"https:\/\/tianhuipackingmachine.com\/de\/continuous-bag-sealing-machine\/\">kontinuierliche Beutelversiegelungsmaschine<\/a><\/strong>, Verschlie\u00dfmaschinen, Vakuumversiegelungsmaschine, Datumdrucker, Kartonverschlie\u00dfmaschine usw. Au\u00dferdem bieten wir <strong><a href=\"https:\/\/tianhuipackingmachine.com\/de\/powder-packing-machine\/\">Pulververpackungsmaschinen<\/a><\/strong> f\u00fcr 0-80 g\/Beutel, 20-200 g\/Beutel, 500-1000 g\/Beutel, 1000-3000 g\/Beutel, 5-50 kg\/Beutel usw. an. Dar\u00fcber hinaus unterst\u00fctzen wir kundenspezifische Dienstleistungen. Kontaktieren Sie uns f\u00fcr weitere Informationen und den besten Preis.<\/p>    <figure class=\"wp-block-image size-full\"><img loading=\"lazy\" decoding=\"async\" width=\"750\" height=\"500\" src=\"https:\/\/tianhuipackingmachine.com\/wp-content\/uploads\/2021\/09\/powder-filling-machine-factory.jpg\" alt=\"Fabrik f\u00fcr Pulverf\u00fcllmaschinen\" class=\"wp-image-6240\"\/><figcaption class=\"wp-element-caption\">Fabrik f\u00fcr Pulverf\u00fcllmaschinen<\/figcaption><\/figure>    <h2 class=\"wp-block-heading\">Abschluss <\/h2>    <p class=\"translation-block\"><strong>Pulverf\u00fcllmaschinen<\/strong> sind ein wichtiges Werkzeug in verschiedenen Branchen wie Pharmazie, Lebensmittel und Getr\u00e4nke, Chemie und Landwirtschaft. Diese Maschinen werden verwendet, um Pulver mit hoher Genauigkeit und Konsistenz in Beh\u00e4lter abzuf\u00fcllen. Sie sind in verschiedenen Typen erh\u00e4ltlich, darunter Schneckenf\u00fcller, volumetrische F\u00fcller und gravimetrische F\u00fcller, die jeweils ihre eigenen einzigartigen Merkmale und Verwendungszwecke haben. Zu den Hauptmerkmalen von Pulverf\u00fcllmaschinen geh\u00f6ren Geschwindigkeit und Genauigkeit, Pr\u00e4zision und Konsistenz, einfache Bedienung und Wartung sowie Sicherheitsmerkmale. Mit dem anhaltenden Wachstum und der Weiterentwicklung der Technologie werden Pulverf\u00fcllmaschinen weiterhin eine entscheidende Rolle f\u00fcr eine effiziente und effektive Produktion in einer Vielzahl von Branchen spielen.<\/p>","protected":false},"excerpt":{"rendered":"<p>Powder filling machine here is a tool to fill powder within 1-10kg efficiently and reliably. The same as other powder packing machines, it\u2019s equipped with an auger that measures the volume of filling material. The equipment is suitable for various kinds of powders, such as milk powder, flour, starch, condiment, chili powder, detergent powder, chemical [&hellip;]<\/p>\n","protected":false},"author":1,"featured_media":6238,"parent":0,"template":"","tags":[162],"product-type":[141],"class_list":["post-2510","product","type-product","status-publish","has-post-thumbnail","hentry","tag-filling-machine","product-type-filling-machines"],"_links":{"self":[{"href":"https:\/\/tianhuipackingmachine.com\/de\/wp-json\/wp\/v2\/product\/2510","targetHints":{"allow":["GET"]}}],"collection":[{"href":"https:\/\/tianhuipackingmachine.com\/de\/wp-json\/wp\/v2\/product"}],"about":[{"href":"https:\/\/tianhuipackingmachine.com\/de\/wp-json\/wp\/v2\/types\/product"}],"author":[{"embeddable":true,"href":"https:\/\/tianhuipackingmachine.com\/de\/wp-json\/wp\/v2\/users\/1"}],"wp:featuredmedia":[{"embeddable":true,"href":"https:\/\/tianhuipackingmachine.com\/de\/wp-json\/wp\/v2\/media\/6238"}],"wp:attachment":[{"href":"https:\/\/tianhuipackingmachine.com\/de\/wp-json\/wp\/v2\/media?parent=2510"}],"wp:term":[{"taxonomy":"post_tag","embeddable":true,"href":"https:\/\/tianhuipackingmachine.com\/de\/wp-json\/wp\/v2\/tags?post=2510"},{"taxonomy":"product-type","embeddable":true,"href":"https:\/\/tianhuipackingmachine.com\/de\/wp-json\/wp\/v2\/product-type?post=2510"}],"curies":[{"name":"wp","href":"https:\/\/api.w.org\/{rel}","templated":true}]}}