{"id":2464,"date":"2021-09-07T10:28:43","date_gmt":"2021-09-07T02:28:43","guid":{"rendered":"https:\/\/tianhuipackingmachine.com\/?page_id=2464"},"modified":"2023-01-18T15:53:55","modified_gmt":"2023-01-18T07:53:55","slug":"5-50kg-granule-filling-machine","status":"publish","type":"product","link":"https:\/\/tianhuipackingmachine.com\/de\/5-50kg-granule-filling-machine\/","title":{"rendered":"5-50 kg Granulatf\u00fcllmaschine"},"content":{"rendered":"<p class=\"translation-block\">Die <strong>Granulatf\u00fcllmaschine<\/strong> ist mit einer Versiegelungsvorrichtung ausgestattet und besteht haupts\u00e4chlich aus zwei Teilen: dem F\u00fcllsystem und dem Versiegelungssystem. Das F\u00fcllsystem verwendet eine quantitative W\u00e4gung, die genau und effizient ist. Es kann das Gewicht von Verpackungsmaterialien voreinstellen und f\u00fcllt schnell. Das Versiegelungssystem bezieht sich auf zwei Arten von Maschinen: die Versiegelungsmaschine f\u00fcr Plastikt\u00fcten und die N\u00e4hmaschine f\u00fcr gewebte S\u00e4cke. Sie k\u00f6nnen eine davon oder beide je nach Ihren Bed\u00fcrfnissen w\u00e4hlen. Die F\u00fcllausr\u00fcstung wird h\u00e4ufig f\u00fcr Reis, Weizen, Hirse, Mais, Getreide, Katzenfutter, Hundefutter, chemische D\u00fcngemittel usw. verwendet. Au\u00dferdem bieten wir Anpassungsdienste gem\u00e4\u00df Ihren tats\u00e4chlichen Anforderungen an.<\/p>   <figure class=\"wp-block-embed-youtube wp-block-embed is-type-video is-provider-youtube wp-embed-aspect-16-9 wp-has-aspect-ratio\"><div class=\"lyte-wrapper\" title=\"5\u201350 kg Granulatwaage und Abf\u00fcllmaschine \u2013 \u00dcbersicht und Bedienung\" style=\"width:853px;max-width:100%;margin:5px auto;\"><div class=\"lyMe\" id=\"WYL_f7g3DJ9Ghb8\" itemprop=\"video\" itemscope itemtype=\"https:\/\/schema.org\/VideoObject\"><div><meta itemprop=\"thumbnailUrl\" content=\"https:\/\/i.ytimg.com\/vi\/f7g3DJ9Ghb8\/hqdefault.jpg\" \/><meta itemprop=\"embedURL\" content=\"https:\/\/www.youtube.com\/embed\/f7g3DJ9Ghb8\" \/><meta itemprop=\"duration\" content=\"PT1M23S\" \/><meta itemprop=\"uploadDate\" content=\"2021-09-02T06:11:57Z\" \/><\/div><div id=\"lyte_f7g3DJ9Ghb8\" data-src=\"https:\/\/i.ytimg.com\/vi\/f7g3DJ9Ghb8\/hqdefault.jpg\" class=\"pL\"><div class=\"tC\"><div class=\"tT\" itemprop=\"name\">5\u201350 kg Granulatwaage und Abf\u00fcllmaschine \u2013 \u00dcbersicht und Bedienung<\/div><\/div><div class=\"play\"><\/div><div class=\"ctrl\"><div class=\"Lctrl\"><\/div><div class=\"Rctrl\"><\/div><\/div><\/div><noscript><a href=\"https:\/\/youtu.be\/f7g3DJ9Ghb8\" rel=\"nofollow noopener\" target=\"_blank\"><img loading=\"lazy\" decoding=\"async\" src=\"https:\/\/i.ytimg.com\/vi\/f7g3DJ9Ghb8\/0.jpg\" alt=\"5\u201350 kg Granulatwaage und Abf\u00fcllmaschine \u2013 \u00dcbersicht und Bedienung\" width=\"853\" height=\"460\" \/><\/a><\/noscript><meta itemprop=\"description\" content=\"Official website: https:\/\/tianhuipackingmachine.com\/5-50kg-granule-filling-machine\/ If you are interested in this machine, welcome to contact us to get a free quotation\uff01 Email: sales@toppackingmachine.com Whatsapp\/Tel: +86 17329326135 This kind of filling machine is specially designed and manufactured for granule items. It has the features of accurate weighing, intelligent control, easy operation, and good performance. Besides, particle filling machine from us has factory price and excellent after-sales service. Automatic granule packing machine: https:\/\/www.youtube.com\/watch?v=yDA78_loRBo Pillow packing machine: https:\/\/www.youtube.com\/watch?v=Xu9HTPWpcEI Vegetable packaging machine: https:\/\/www.youtube.com\/watch?v=5GtmU8TboFk Vertical powder packing machine: https:\/\/www.youtube.com\/watch?v=-dsZnBZpzUg Double chamber vacuum packaging machine: https:\/\/www.youtube.com\/watch?v=HrAGjwRJopI Chips pouch packing machine: https:\/\/www.youtube.com\/watch?v=fIU65zNNvU4 Peanut pre-made bag packaging machine: https:\/\/www.youtube.com\/watch?v=gSZ43wJ7sFw&amp;t=1s Email us: Email: sales@toppackingmachine.com | Whatsapp\/Tel: +86 17329326135\"><\/div><\/div><div class=\"lL\" style=\"max-width:100%;width:853px;margin:5px auto;\"> <a href=\"https:\/\/youtu.be\/f7g3DJ9Ghb8\" target=\"_blank\" rel=\"noopener\">Dieses Video auf YouTube ansehen<\/a>.<\/div><figcaption><\/figcaption><\/figure>   <h2 class=\"wp-block-heading\" id=\"h-5-50kg-granule-filling-sealing-machine-for-sale\">5-50 kg Granulatf\u00fcll- und Verschlie\u00dfmaschine zu verkaufen<\/h2>    <p>Eine Granulatf\u00fcllmaschine mit einem Fassungsverm\u00f6gen von 5 bis 50 kg pro Beutel steht bei Top(Henan) Packing Machinery zum Verkauf. Die Verpackungsmaschine kann automatisch wiegen, f\u00fcllen und verschlie\u00dfen (oder n\u00e4hen). Es verf\u00fcgt \u00fcber ein intelligentes und pr\u00e4zises elektronisches Wiegesystem. Der Auslass ist mit einer gro\u00dfen Klemme ausgestattet, um den Beutel zum Bef\u00fcllen zu fixieren. Zur Standardausr\u00fcstung geh\u00f6rt eine Einf\u00fcll\u00f6ffnung, bei Bedarf unterst\u00fctzen wir jedoch auch eine doppelte Einf\u00fcll\u00f6ffnung. Beim Kauf einer 5\u201350 kg schweren Granulat-Verpackungsmaschine wird in der Regel auch ein Materialaufzug gekauft, da der Materialeinlass hoch ist und das manuelle Beladen unpraktisch ist. Dar\u00fcber hinaus bieten wir auch OEM-Service an. Kontaktieren Sie uns, um weitere Einzelheiten zu erfahren.<\/p>    <figure class=\"wp-block-image aligncenter size-full\"><img loading=\"lazy\" decoding=\"async\" width=\"750\" height=\"500\" src=\"https:\/\/tianhuipackingmachine.com\/wp-content\/uploads\/2021\/09\/5-50kg-weighing-granule-filling-equipment.jpg\" alt=\"5\u201350 kg schwere Granulatf\u00fcllanlage\" class=\"wp-image-2499\" srcset=\"https:\/\/tianhuipackingmachine.com\/wp-content\/uploads\/2021\/09\/5-50kg-weighing-granule-filling-equipment.jpg 750w, https:\/\/tianhuipackingmachine.com\/wp-content\/uploads\/2021\/09\/5-50kg-weighing-granule-filling-equipment-300x200.jpg 300w\" sizes=\"auto, (max-width: 750px) 100vw, 750px\" \/><figcaption class=\"wp-element-caption\">5\u201350 kg schwere Granulatf\u00fcllausr\u00fcstung<\/figcaption><\/figure>    <h2 class=\"wp-block-heading\" id=\"h-features-benefits-of-5-50kg-granule-filling-equipment\">Merkmale und Vorteile der 5-50-kg-Granulatf\u00fcllmaschinenausr\u00fcstung<\/h2>    <ol class=\"wp-block-list\" type=\"1\"> <li>Angemessenes Design, intelligentes Steuerungssystem, mehrere Sprachen optional, breite Anwendungsm\u00f6glichkeiten<\/li>    <li>Stabiler Betrieb, genaues Wiegen, bequeme Bedienung, festes Verschlie\u00dfen (oder N\u00e4hen).<\/li>    <li>Verbessern Sie die Produktionseffizienz und sparen Sie Arbeits- und Verpackungszeit<\/li>    <li>Der Detektor ist an der Entladungs\u00f6ffnung angebracht, um zu kontrollieren, ob die Fl\u00fcssigkeit gef\u00fcllt ist oder nicht.<\/li>    <li>Zur Befestigung des Verpackungsbeutels zum Bef\u00fcllen dient eine gro\u00dfe Klammer.<\/li>    <li>Es unterst\u00fctzt das voreingestellte Gewicht von Verpackungsgegenst\u00e4nden und bef\u00fcllt diese schnell und genau. \u00a0\u00a0\u00a0\u00a0<\/li>    <li>Ein Anpassungsservice ist verf\u00fcgbar.<\/li> <\/ol>    <figure class=\"wp-block-image aligncenter size-full\"><img loading=\"lazy\" decoding=\"async\" width=\"750\" height=\"500\" src=\"https:\/\/tianhuipackingmachine.com\/wp-content\/uploads\/2021\/09\/5-50kg-granule-filling-sealing-machine-with-a-material-elevator.jpg\" alt=\"5-50 kg Granulatf\u00fcll- und Verschlie\u00dfmaschine mit Materialaufzug\" class=\"wp-image-2500\" srcset=\"https:\/\/tianhuipackingmachine.com\/wp-content\/uploads\/2021\/09\/5-50kg-granule-filling-sealing-machine-with-a-material-elevator.jpg 750w, https:\/\/tianhuipackingmachine.com\/wp-content\/uploads\/2021\/09\/5-50kg-granule-filling-sealing-machine-with-a-material-elevator-300x200.jpg 300w\" sizes=\"auto, (max-width: 750px) 100vw, 750px\" \/><figcaption class=\"wp-element-caption\">5-50 kg Granulatf\u00fcllung &amp; Siegelmaschine mit Materialaufzug<\/figcaption><\/figure>    <h2 class=\"wp-block-heading\" id=\"h-wide-applications-in-food-and-non-food\">Breite Anwendungen im Lebensmittel- und Non-Food-Bereich<\/h2>    <p class=\"translation-block\">Die 5-50kg Granulatf\u00fcllmaschine wird h\u00e4ufig f\u00fcr verschiedene Arten von Granulaten verwendet, wie z. B. Reis, Weizen, Hirse, Mais, Erdn\u00fcsse, Mungobohnen, rote Bohnen, Sojabohnen, Sesam, Buchweizen, Melonensamen, rote Datteln, getrocknete Chilis, Waln\u00fcsse, Getreide, N\u00fcsse, Katzenfutter, Hundefutter, chemische D\u00fcngemittel usw. Sie ist f\u00fcr S\u00e4cke von 5-50 kg geeignet. Plastikt\u00fcten und gewebte S\u00e4cke sind optional. F\u00fcr Plastikt\u00fcten wird die <strong><a href=\"https:\/\/tianhuipackingmachine.com\/de\/continuous-bag-sealing-machine\/\">Hei\u00dfsiegelmaschine<\/a><\/strong> verwendet, w\u00e4hrend f\u00fcr gewebte S\u00e4cke die N\u00e4hmaschine ben\u00f6tigt wird. <\/p>    <figure class=\"wp-block-image aligncenter size-full\"><img loading=\"lazy\" decoding=\"async\" width=\"750\" height=\"500\" src=\"https:\/\/tianhuipackingmachine.com\/wp-content\/uploads\/2021\/09\/various-grains.jpg\" alt=\"verschiedene K\u00f6rner\" class=\"wp-image-2483\" srcset=\"https:\/\/tianhuipackingmachine.com\/wp-content\/uploads\/2021\/09\/various-grains.jpg 750w, https:\/\/tianhuipackingmachine.com\/wp-content\/uploads\/2021\/09\/various-grains-300x200.jpg 300w\" sizes=\"auto, (max-width: 750px) 100vw, 750px\" \/><figcaption class=\"wp-element-caption\">Verschiedene K\u00f6rner<\/figcaption><\/figure>    <h2 class=\"wp-block-heading\">Wie w\u00e4hlt man die richtige Granulatf\u00fcllmaschine aus? <\/h2>    <p>Die Auswahl der richtigen Granulatf\u00fcllmaschine f\u00fcr Ihre spezifischen Anforderungen kann eine entmutigende Aufgabe sein. Bei der Auswahl einer Granulatf\u00fcllmaschine sind folgende Faktoren zu ber\u00fccksichtigen:<\/p>    <ol class=\"wp-block-list\"> <li><strong>Produktionsvolumen:<\/strong> \u00dcberlegen Sie, wie viele Beh\u00e4lter pro Tag oder pro Stunde gef\u00fcllt werden m\u00fcssen. Dies hilft dabei, die Geschwindigkeit und Gr\u00f6\u00dfe der erforderlichen Maschine zu bestimmen.<\/li>    <li><strong>Art des Granulats:<\/strong> Unterschiedliche Granulatarten erfordern m\u00f6glicherweise unterschiedliche F\u00fclltechniken. Wenn das Granulat beispielsweise sehr klein ist oder zum Verklumpen neigt, kann ein volumetrischer F\u00fcller besser geeignet sein, w\u00e4hrend f\u00fcr gr\u00f6\u00dfere oder unregelm\u00e4\u00dfig geformte Granulat ein Schneckenf\u00fcller erforderlich sein kann.<\/li>    <li><strong>Beh\u00e4ltergr\u00f6\u00dfe und -form:<\/strong> Ber\u00fccksichtigen Sie die Gr\u00f6\u00dfe und Form der zu f\u00fcllenden Beh\u00e4lter. Einige Maschinen eignen sich m\u00f6glicherweise besser f\u00fcr bestimmte Beh\u00e4lterformen und -gr\u00f6\u00dfen.<\/li>    <li><strong>Genauigkeit und Pr\u00e4zision:<\/strong> Ber\u00fccksichtigen Sie das Ma\u00df an Genauigkeit und Pr\u00e4zision, das f\u00fcr Ihre Anwendung erforderlich ist. Einige Maschinen k\u00f6nnen m\u00f6glicherweise eine pr\u00e4zisere und genauere Bef\u00fcllung erm\u00f6glichen als andere.<\/li>    <li><strong>Benutzerfreundlichkeit und Wartung:<\/strong> Ber\u00fccksichtigen Sie die Benutzerfreundlichkeit und Wartung der Maschine. Suchen Sie nach Maschinen, die einfach zu bedienen und zu warten sind und \u00fcber leicht verf\u00fcgbare Ersatzteile verf\u00fcgen.<\/li>    <li><strong>Sicherheitsvorrichtungen:<\/strong> Achten Sie auf Sicherheitsfunktionen wie Notstopps, Schutzvorrichtungen und Sensoren, die den Bediener sch\u00fctzen.<\/li>    <li><strong>Qualit\u00e4t des Herstellers:<\/strong> Es ist wichtig, einen seri\u00f6sen und zuverl\u00e4ssigen Hersteller zu w\u00e4hlen, der \u00fcber eine gute Erfolgsbilanz bei der Herstellung hochwertiger Maschinen verf\u00fcgt.<\/li>    <li><strong>Budget:<\/strong> Nat\u00fcrlich spielt bei der Auswahl einer Granulatf\u00fcllmaschine auch das Budget eine Rolle. Deshalb ist es wichtig, nach einer Maschine zu suchen, die das beste Preis-Leistungs-Verh\u00e4ltnis f\u00fcr Ihre Investition bietet.<\/li> <\/ol>    <p>Es wird immer empfohlen, einen Vertreter des Herstellers oder einen Fachmann auf diesem Gebiet zu konsultieren, um sicherzustellen, dass Sie die richtige Wahl f\u00fcr Ihre spezifischen Anforderungen treffen.<\/p>    <h2 class=\"wp-block-heading\" id=\"h-contact-us-for-more-information\">Kontaktieren Sie uns f\u00fcr weitere n\u00fctzliche Details <\/h2>    <p class=\"translation-block\">Als einer der Hersteller und Lieferanten von Granulatf\u00fcllmaschinen bietet Henan Top Packing Machinery Co., Ltd verschiedene <strong><a href=\"https:\/\/tianhuipackingmachine.com\/de\/\">Verpackungsmaschinen<\/a><\/strong>, F\u00fcllmaschinen, Versiegelungsmaschinen, Verschlie\u00dfmaschinen usw. an. Sie k\u00f6nnen geeignete Ger\u00e4te nach Ihren Bed\u00fcrfnissen ausw\u00e4hlen. <strong><a href=\"https:\/\/tianhuipackingmachine.com\/de\/contact\/\">Kontaktieren Sie uns<\/a><\/strong> f\u00fcr weitere Details und wir werden Ihnen so schnell wie m\u00f6glich antworten.<\/p>","protected":false},"excerpt":{"rendered":"<p>Granule filling machine is equipped with a sealing device, mainly including two parts, the filling system, and a sealing system. The filling system adopts quantitative weighing, accurately and efficiently. It can preset the weight of packaging materials, which fills quickly. The sealing one refers to two sorts of machines, the sealing machine for plastic bags [&hellip;]<\/p>\n","protected":false},"author":1,"featured_media":2500,"parent":0,"template":"","tags":[162],"product-type":[141],"class_list":["post-2464","product","type-product","status-publish","has-post-thumbnail","hentry","tag-filling-machine","product-type-filling-machines"],"_links":{"self":[{"href":"https:\/\/tianhuipackingmachine.com\/de\/wp-json\/wp\/v2\/product\/2464","targetHints":{"allow":["GET"]}}],"collection":[{"href":"https:\/\/tianhuipackingmachine.com\/de\/wp-json\/wp\/v2\/product"}],"about":[{"href":"https:\/\/tianhuipackingmachine.com\/de\/wp-json\/wp\/v2\/types\/product"}],"author":[{"embeddable":true,"href":"https:\/\/tianhuipackingmachine.com\/de\/wp-json\/wp\/v2\/users\/1"}],"wp:featuredmedia":[{"embeddable":true,"href":"https:\/\/tianhuipackingmachine.com\/de\/wp-json\/wp\/v2\/media\/2500"}],"wp:attachment":[{"href":"https:\/\/tianhuipackingmachine.com\/de\/wp-json\/wp\/v2\/media?parent=2464"}],"wp:term":[{"taxonomy":"post_tag","embeddable":true,"href":"https:\/\/tianhuipackingmachine.com\/de\/wp-json\/wp\/v2\/tags?post=2464"},{"taxonomy":"product-type","embeddable":true,"href":"https:\/\/tianhuipackingmachine.com\/de\/wp-json\/wp\/v2\/product-type?post=2464"}],"curies":[{"name":"wp","href":"https:\/\/api.w.org\/{rel}","templated":true}]}}