{"id":2386,"date":"2021-09-02T10:56:12","date_gmt":"2021-09-02T02:56:12","guid":{"rendered":"https:\/\/tianhuipackingmachine.com\/?page_id=2386"},"modified":"2022-12-08T13:46:24","modified_gmt":"2022-12-08T05:46:24","slug":"horizontal-pouch-feeding-machine","status":"publish","type":"product","link":"https:\/\/tianhuipackingmachine.com\/de\/horizontal-pouch-feeding-machine\/","title":{"rendered":"Horizontale Beutelzuf\u00fchrmaschine"},"content":{"rendered":"<p class=\"translation-block\"><strong>Horizontale Beutelzuf\u00fchrmaschine<\/strong> ist eine Art Verpackungsmaschine f\u00fcr vorgefertigte Beutel, die haupts\u00e4chlich aus einem Materialzuf\u00fchrsystem und einem Beutelzuf\u00fchrsystem besteht. Die Ausr\u00fcstung kann verschiedene Materialzust\u00e4nde, Pulver, Granulat, Fl\u00fcssigkeit, Paste usw. verpacken, indem verschiedene Zuf\u00fchrsysteme ge\u00e4ndert werden. Der Verpackungsbeutel muss vor dem Start der Maschine vorbereitet und an einem bestimmten Ort abgelegt werden. Er ist f\u00fcr verschiedene Beutelarten geeignet, wie z. B. Standbodenbeutel, Rei\u00dfverschlussbeutel, Drei-Seiten-Siegelbeutel, Vier-Seiten-Siegelbeutel, Papiert\u00fcten usw. Die Verpackungsgeschwindigkeit h\u00e4ngt eng mit der F\u00fcllgeschwindigkeit und der Kapazit\u00e4t der Verpackungsbeutel zusammen. Dar\u00fcber hinaus liefern wir auch Rotationsbeutelzuf\u00fchrmaschinen. Alle Maschinengr\u00f6\u00dfen k\u00f6nnen nach Ihren Bed\u00fcrfnissen angepasst werden.<\/p>    <figure class=\"wp-block-image aligncenter size-full\"><img loading=\"lazy\" decoding=\"async\" width=\"750\" height=\"500\" src=\"https:\/\/tianhuipackingmachine.com\/wp-content\/uploads\/2021\/09\/horizontal-bag-feeding-machine.jpg\" alt=\"horizontale Beutelzuf\u00fchrmaschine\" class=\"wp-image-2388\" srcset=\"https:\/\/tianhuipackingmachine.com\/wp-content\/uploads\/2021\/09\/horizontal-bag-feeding-machine.jpg 750w, https:\/\/tianhuipackingmachine.com\/wp-content\/uploads\/2021\/09\/horizontal-bag-feeding-machine-300x200.jpg 300w\" sizes=\"auto, (max-width: 750px) 100vw, 750px\" \/><figcaption class=\"wp-element-caption\">Horizontale Beutelzuf\u00fchrmaschine<\/figcaption><\/figure>    <h2 class=\"wp-block-heading\" id=\"h-horizontal-pouch-feeding-machine-for-sale\">Horizontale Beutelzuf\u00fchrmaschine zu verkaufen<\/h2>    <p>F\u00fcll- und Verschlie\u00dfmaschinen f\u00fcr vorgefertigte Beutel k\u00f6nnen mit verschiedenen Zuf\u00fchrvorrichtungen ausgestattet werden, um unterschiedliche Materialzust\u00e4nde abzuf\u00fcllen. Wenn Sie beispielsweise Pulver verpacken m\u00f6chten, ist der Zufuhrteil ein Trichter mit einer Spiralschnecke, um das F\u00fcllvolumen zu kontrollieren. Ebenso wird ein Drehteller mit Messbechern f\u00fcr die Verpackung kleiner Granulate, eine Mehrkopfwaage f\u00fcr gr\u00f6\u00dfere Granulate, Fl\u00fcssigkeitsrohre f\u00fcr Fl\u00fcssigkeiten und ein Pastenfass f\u00fcr Pasten verwendet. Die horizontale Beutelzuf\u00fchrmaschine verf\u00fcgt \u00fcber ein horizontales Beutelzuf\u00fchrsystem und passiert mehrere Arbeitspositionen zum Bef\u00fcllen und Verschlie\u00dfen. Dar\u00fcber hinaus bieten wir auch Rotationsbeutelzuf\u00fchrmaschinen an. Dar\u00fcber hinaus ist ein OEM-Service entsprechend Ihren Anforderungen verf\u00fcgbar. Kontaktieren Sie uns, um weitere Informationen zu erhalten. Wir werden Ihnen so schnell wie m\u00f6glich antworten. &nbsp;<\/p>    <figure class=\"wp-block-gallery has-nested-images columns-default is-cropped wp-block-gallery-2 is-layout-flex wp-block-gallery-is-layout-flex\"> <figure class=\"wp-block-image size-large\"><img loading=\"lazy\" decoding=\"async\" width=\"750\" height=\"500\" data-id=\"4446\" src=\"https:\/\/tianhuipackingmachine.com\/wp-content\/uploads\/2021\/12\/pre-made-powder-bag-packing-machine-750x500.jpg\" alt=\"vorgefertigte Pulverbeutel-Verpackungsmaschine\" class=\"wp-image-4446\" srcset=\"https:\/\/tianhuipackingmachine.com\/wp-content\/uploads\/2021\/12\/pre-made-powder-bag-packing-machine.jpg 750w, https:\/\/tianhuipackingmachine.com\/wp-content\/uploads\/2021\/12\/pre-made-powder-bag-packing-machine-480x320.jpg 480w\" sizes=\"auto, (max-width: 750px) 100vw, 750px\" \/><figcaption class=\"wp-element-caption\">Vorgefertigte Pulverbeutel-Verpackungsmaschine<\/figcaption><\/figure>    <figure class=\"wp-block-image size-large\"><img loading=\"lazy\" decoding=\"async\" width=\"750\" height=\"500\" data-id=\"4443\" src=\"https:\/\/tianhuipackingmachine.com\/wp-content\/uploads\/2021\/12\/horizontal-pouch-feeding-equipment-for-granule-750x500.jpg\" alt=\"horizontale Beutelzuf\u00fchrung z\" class=\"wp-image-4443\" srcset=\"https:\/\/tianhuipackingmachine.com\/wp-content\/uploads\/2021\/12\/horizontal-pouch-feeding-equipment-for-granule.jpg 750w, https:\/\/tianhuipackingmachine.com\/wp-content\/uploads\/2021\/12\/horizontal-pouch-feeding-equipment-for-granule-480x320.jpg 480w\" sizes=\"auto, (max-width: 750px) 100vw, 750px\" \/><figcaption class=\"wp-element-caption\">Horizontale Beutelzuf\u00fchrung E<\/figcaption><\/figure> <\/figure>    <figure class=\"wp-block-gallery has-nested-images columns-default is-cropped wp-block-gallery-3 is-layout-flex wp-block-gallery-is-layout-flex\"> <figure class=\"wp-block-image size-large\"><img loading=\"lazy\" decoding=\"async\" width=\"750\" height=\"500\" data-id=\"4444\" src=\"https:\/\/tianhuipackingmachine.com\/wp-content\/uploads\/2021\/12\/multi-head-weigher-pre-made-bag-packer-750x500.jpg\" alt=\"Mehrkopfwaage und Packer f\u00fcr vorgefertigte Beutel\" class=\"wp-image-4444\" srcset=\"https:\/\/tianhuipackingmachine.com\/wp-content\/uploads\/2021\/12\/multi-head-weigher-pre-made-bag-packer.jpg 750w, https:\/\/tianhuipackingmachine.com\/wp-content\/uploads\/2021\/12\/multi-head-weigher-pre-made-bag-packer-480x320.jpg 480w\" sizes=\"auto, (max-width: 750px) 100vw, 750px\" \/><figcaption class=\"wp-element-caption\">Mehrkopfwaage &amp;Amp; Vorgefertigter Beutelpacker<\/figcaption><\/figure>    <figure class=\"wp-block-image size-large\"><img loading=\"lazy\" decoding=\"async\" width=\"750\" height=\"500\" data-id=\"4445\" src=\"https:\/\/tianhuipackingmachine.com\/wp-content\/uploads\/2021\/12\/pre-made-liquid-packing-machine-750x500.jpg\" alt=\"vorgefertigte Fl\u00fcssigkeitsverpackungsmaschine\" class=\"wp-image-4445\" srcset=\"https:\/\/tianhuipackingmachine.com\/wp-content\/uploads\/2021\/12\/pre-made-liquid-packing-machine.jpg 750w, https:\/\/tianhuipackingmachine.com\/wp-content\/uploads\/2021\/12\/pre-made-liquid-packing-machine-480x320.jpg 480w\" sizes=\"auto, (max-width: 750px) 100vw, 750px\" \/><figcaption class=\"wp-element-caption\">Vorgefertigte Fl\u00fcssigkeitsverpackungsmaschine<\/figcaption><\/figure>    <figure class=\"wp-block-image size-large\"><img loading=\"lazy\" decoding=\"async\" width=\"750\" height=\"500\" data-id=\"4447\" src=\"https:\/\/tianhuipackingmachine.com\/wp-content\/uploads\/2021\/12\/quantitative-weighing-pre-made-pouch-feeding-packer-750x500.jpg\" alt=\"Quantitatives Wiegen vorgefertigter Beutelzuf\u00fchrpacker\" class=\"wp-image-4447\" srcset=\"https:\/\/tianhuipackingmachine.com\/wp-content\/uploads\/2021\/12\/quantitative-weighing-pre-made-pouch-feeding-packer.jpg 750w, https:\/\/tianhuipackingmachine.com\/wp-content\/uploads\/2021\/12\/quantitative-weighing-pre-made-pouch-feeding-packer-480x320.jpg 480w\" sizes=\"auto, (max-width: 750px) 100vw, 750px\" \/><figcaption class=\"wp-element-caption\">Quantitatives Wiegen vorgefertigter Beutelzuf\u00fchrpacker<\/figcaption><\/figure> <\/figure>    <h2 class=\"has-text-color wp-block-heading\" id=\"h-horizontal-pouch-feeding-machine-parameters\" style=\"color:#ff5200\">Parameter der horizontalen Beutelzuf\u00fchrmaschine<\/h2>    <figure class=\"wp-block-table is-style-stripes\"><table><tbody><tr><td>Typ<\/td><td>TH-200<\/td><td>D-150<\/td><td>D-200<\/td><td>D-250<\/td><\/tr><tr><td>Leistung<\/td><td>380V\/2,5KW<\/td><td>380V\/50-60HZ (3-phasig)<\/td><td>380V\/50-60HZ (3-phasig)<\/td><td>380V\/50-60HZ (3-phasig)<\/td><\/tr><tr><td>Verpackungsgeschwindigkeit<\/td><td>20-50 Beutel\/Min<\/td><td>25-45 Beutel\/Min<\/td><td>25-45 Beutel\/Min<\/td><td>25-45 Beutel\/Min<\/td><\/tr><tr><td>Verpackungsgr\u00f6\u00dfe<\/td><td>100\u2013210 mm\/110\u2013320 mm<\/td><td>B60-160mm, L100-250mm<\/td><td>B80-210mm, L100-320mm<\/td><td>B100-260mm, L110-350mm<\/td><\/tr><tr><td>Verpackungskapazit\u00e4t<\/td><td>20-1000g (abh\u00e4ngig vom F\u00fcllmaterial)<\/td><td>800 ml<\/td><td>1200 ml<\/td><td>2000 ml<\/td><\/tr><tr><td>Luftverbrauch<\/td><td> 0,7m<sup>3<\/sup>\/Mindest <\/td><td>0,3 m<sup>3<\/sup>\/Mindest<\/td><td>0,3 m<sup>3<\/sup>\/Mindest<\/td><td>0,3 m<sup>3<\/sup>\/Mindest<\/td><\/tr><tr><td>Maschinengewicht<\/td><td>600kg<\/td><td>\/<\/td><td>\/<\/td><td>\/<\/td><\/tr><tr><td>Maschinengr\u00f6\u00dfe<\/td><td>\/<\/td><td>L1700*B1050*H1100mm<\/td><td>L2150*B1350*H1300mm<\/td><td>L2450*B1200*H1200mm<\/td><\/tr><\/tbody><\/table><\/figure>    <h2 class=\"wp-block-heading\" id=\"h-features-of-horizontal-premade-pouch-filling-machine\">Merkmale der horizontalen F\u00fcllmaschine f\u00fcr vorgefertigte Beutel<\/h2>    <ol class=\"wp-block-list\" type=\"1\"> <li>Angemessenes Design, automatische Verpackung, einfache Bedienung, vielf\u00e4ltige Einsatzm\u00f6glichkeiten<\/li>    <li>Geeignet f\u00fcr verschiedene Arten von vorgefertigten Beuteln im Rahmen der Verpackungsgr\u00f6\u00dfen f\u00fcr die Maschine<\/li>    <li>Ausgestattet mit verschiedenen Zuf\u00fchrger\u00e4ten je nach Materialstatus, z. B. Pulver, Granulat, Fl\u00fcssigkeit oder Paste usw.<\/li>    <li>SPS-Farb-Touchscreen mit multifunktionalem Design, mehrsprachiger Unterst\u00fctzung, bequemes Einrichten von Verpackungsparametern<\/li>    <li>Verwenden Sie einen importierten Detektor, kein F\u00fcllmaterial, keine Versiegelung, wodurch Verpackungsbeutel gespart werden und ein reibungsloser Arbeitsablauf gew\u00e4hrleistet wird<\/li>    <li>Die Position zum Platzieren des vorgeformten Beutels ist praktisch und mit einer automatischen Beutelpressvorrichtung ausgestattet.<\/li>    <li>Die lange Schleppplatte an der Versiegelung tr\u00e4gt in gewissem Ma\u00dfe zur Pufferung des Packguts bei.<\/li>    <li>Die horizontale Beutelzuf\u00fchrmaschine erf\u00fcllt die Hygienestandards von Lebensmittelverarbeitungsmaschinen und ihre mit Materialien in Ber\u00fchrung kommenden Teile bestehen aus Edelstahl 304 oder anderen Materialien, die den Anforderungen der Lebensmittelhygiene entsprechen, um die Hygiene und Sicherheit von Lebensmitteln zu gew\u00e4hrleisten.<\/li>    <li>Anpassungsservice verf\u00fcgbar<\/li> <\/ol>    <div class=\"wp-block-columns is-layout-flex wp-container-core-columns-is-layout-28f84493 wp-block-columns-is-layout-flex\"> <div class=\"wp-block-column is-layout-flow wp-block-column-is-layout-flow\"><figure class=\"wp-block-embed-youtube wp-block-embed is-type-video is-provider-youtube wp-embed-aspect-16-9 wp-has-aspect-ratio\"><div class=\"lyte-wrapper\" title=\"Vorgefertigte Beutel-Fl\u00fcssigkeitsverpackungsmaschine | Horizontale Beutelzuf\u00fchrmaschine zum Bef\u00fcllen und Verschlie\u00dfen\" style=\"width:853px;max-width:100%;margin:5px auto;\"><div class=\"lyMe\" id=\"WYL_9nTvuS5Nm-I\" itemprop=\"video\" itemscope itemtype=\"https:\/\/schema.org\/VideoObject\"><div><meta itemprop=\"thumbnailUrl\" content=\"https:\/\/i.ytimg.com\/vi\/9nTvuS5Nm-I\/hqdefault.jpg\" \/><meta itemprop=\"embedURL\" content=\"https:\/\/www.youtube.com\/embed\/9nTvuS5Nm-I\" \/><meta itemprop=\"duration\" content=\"PT1M58S\" \/><meta itemprop=\"uploadDate\" content=\"2021-09-02T07:06:46Z\" \/><\/div><div id=\"lyte_9nTvuS5Nm-I\" data-src=\"https:\/\/i.ytimg.com\/vi\/9nTvuS5Nm-I\/hqdefault.jpg\" class=\"pL\"><div class=\"tC\"><div class=\"tT\" itemprop=\"name\">Vorgefertigte Beutel-Fl\u00fcssigkeitsverpackungsmaschine | Horizontale Beutelzuf\u00fchrmaschine zum Bef\u00fcllen und Verschlie\u00dfen<\/div><\/div><div class=\"play\"><\/div><div class=\"ctrl\"><div class=\"Lctrl\"><\/div><div class=\"Rctrl\"><\/div><\/div><\/div><noscript><a href=\"https:\/\/youtu.be\/9nTvuS5Nm-I\" rel=\"nofollow noopener\" target=\"_blank\"><img loading=\"lazy\" decoding=\"async\" src=\"https:\/\/i.ytimg.com\/vi\/9nTvuS5Nm-I\/0.jpg\" alt=\"Vorgefertigte Beutel-Fl\u00fcssigkeitsverpackungsmaschine | Horizontale Beutelzuf\u00fchrmaschine zum Bef\u00fcllen und Verschlie\u00dfen\" width=\"853\" height=\"460\" \/><\/a><\/noscript><meta itemprop=\"description\" content=\"For more design visit our website: https:\/\/tianhuipackingmachine.com\/ Email: sales@toppackingmachine.com Whatsapp\/Tel: +86 17329326135 Premade pouch packing machine has very wide applications, it is suitable for packing granule, powder, and liquid items with different feeding systems. The equipment in this video is the pre-made bag liquid packaging machine. The horizontal bag feeding machine has the benefits of a PLC touch screen, 304 stainless steel, and multi-language design. Besides, it is suitable for various kinds of preformed pouches, such as stand-up bags, 4-side seal bags, irregular bags, etc. For more design visit our website: https:\/\/tianhuipackingmachine.com\/ Email: sales@toppackingmachine.com Whatsapp\/Tel: +86 17329326135\"><\/div><\/div><div class=\"lL\" style=\"max-width:100%;width:853px;margin:5px auto;\"> <a href=\"https:\/\/youtu.be\/9nTvuS5Nm-I\" target=\"_blank\" rel=\"noopener\">Dieses Video auf YouTube ansehen<\/a>.<\/div><figcaption><\/figcaption><\/figure><\/div>    <div class=\"wp-block-column is-layout-flow wp-block-column-is-layout-flow\"><figure class=\"wp-block-embed-youtube wp-block-embed is-type-video is-provider-youtube wp-embed-aspect-16-9 wp-has-aspect-ratio\"><div class=\"lyte-wrapper\" title=\"10-Kopf-Waage und vorgefertigte Beutelverpackungsmaschine f\u00fcr Erdn\u00fcsse | Standbodenbeutel-Verpackungsausr\u00fcstung\" style=\"width:853px;max-width:100%;margin:5px auto;\"><div class=\"lyMe\" id=\"WYL_gSZ43wJ7sFw\" itemprop=\"video\" itemscope itemtype=\"https:\/\/schema.org\/VideoObject\"><div><meta itemprop=\"thumbnailUrl\" content=\"https:\/\/i.ytimg.com\/vi\/gSZ43wJ7sFw\/hqdefault.jpg\" \/><meta itemprop=\"embedURL\" content=\"https:\/\/www.youtube.com\/embed\/gSZ43wJ7sFw\" \/><meta itemprop=\"duration\" content=\"PT2M58S\" \/><meta itemprop=\"uploadDate\" content=\"2021-11-26T06:46:43Z\" \/><\/div><div id=\"lyte_gSZ43wJ7sFw\" data-src=\"https:\/\/i.ytimg.com\/vi\/gSZ43wJ7sFw\/hqdefault.jpg\" class=\"pL\"><div class=\"tC\"><div class=\"tT\" itemprop=\"name\">10-Kopf-Waage und vorgefertigte Beutelverpackungsmaschine f\u00fcr Erdn\u00fcsse | Standbodenbeutel-Verpackungsausr\u00fcstung<\/div><\/div><div class=\"play\"><\/div><div class=\"ctrl\"><div class=\"Lctrl\"><\/div><div class=\"Rctrl\"><\/div><\/div><\/div><noscript><a href=\"https:\/\/youtu.be\/gSZ43wJ7sFw\" rel=\"nofollow noopener\" target=\"_blank\"><img loading=\"lazy\" decoding=\"async\" src=\"https:\/\/i.ytimg.com\/vi\/gSZ43wJ7sFw\/0.jpg\" alt=\"10-Kopf-Waage und vorgefertigte Beutelverpackungsmaschine f\u00fcr Erdn\u00fcsse | Standbodenbeutel-Verpackungsausr\u00fcstung\" width=\"853\" height=\"460\" \/><\/a><\/noscript><meta itemprop=\"description\" content=\"Email: sales@toppackingmachine.com Whatsapp\/Tel: +86 17329326135 The 10 head weigher &amp; pre-made bag packing machine is suitable for various preformed pouches, such as stand-up bags, block bottom bags, back center seal bags, 3-side seal sachets, 4-side seal sachets, irregular bags, etc. 10-head scale weighs precisely. The pre-made pouch packaging system can automatically feed bags, fill materials into bags, vibrate the packaging bags, and seal the mouth. If you are interested in the equipment, welcome consult us. Email: sales@toppackingmachine.com Whatsapp\/Tel: +86 17329326135\"><\/div><\/div><div class=\"lL\" style=\"max-width:100%;width:853px;margin:5px auto;\"> <a href=\"https:\/\/youtu.be\/gSZ43wJ7sFw\" target=\"_blank\" rel=\"noopener\">Dieses Video auf YouTube ansehen<\/a>.<\/div><figcaption><\/figcaption><\/figure><\/div> <\/div>    <h2 class=\"wp-block-heading\" id=\"h-wide-applications-of-premade-pouch-filling-sealing-machine\">Vielf\u00e4ltige Anwendungsm\u00f6glichkeiten f\u00fcr vorgefertigte Beutelf\u00fcll- und Verschlie\u00dfmaschinen<\/h2>    <p>Die horizontale Beutelzuf\u00fchrmaschine findet breite Anwendung in den Bereichen Lebensmittel, Gew\u00fcrze, chemische Produkte, Reinigungsmittel, So\u00dfen, Snacks, Kosmetika, Getr\u00e4nke, Dinge des t\u00e4glichen Bedarfs usw.<\/p>    <ul class=\"wp-block-list\"> <li><strong>Pulver<\/strong>: Milchpulver, Kaffeepulver, N\u00e4hrpulver, W\u00fcrze, Kakaopulver, Currypulver, Vanillepulver, Jaggery-Pulver, Masalajat-Pulver, <a href=\"https:\/\/tianhuipackingmachine.com\/de\/chilli-powder-packing-machine\/\"><strong>Chilipulver<\/strong><\/a>, Farbstoffe, <strong><a href=\"https:\/\/tianhuipackingmachine.com\/de\/detergent-powder-packing-machine\/\">Waschpulver<\/a><\/strong>, Mehl, Speisest\u00e4rke, chemisches Pulver usw.<\/li>    <li><strong>K\u00f6rnchen<\/strong>: <strong><a href=\"https:\/\/tianhuipackingmachine.com\/de\/candy-packaging-machine\/\">S\u00fc\u00dfigkeiten<\/a><\/strong>, Erdn\u00fcsse, gr\u00fcne Bohnen, Getreidemischung, <strong><a href=\"https:\/\/tianhuipackingmachine.com\/de\/tea-packaging-machine\/\">Tee<\/a><\/strong>, Chips, Melonenkerne, Mononatriumglutamat, Salz, Maisgranulat, Pistazien, Pufffutter, Getreide, Popcorn usw.<\/li>    <li><strong>Fl\u00fcssig<\/strong>: Milch, Saft, Getr\u00e4nk, So\u00dfe, <strong><a href=\"https:\/\/tianhuipackingmachine.com\/de\/water-packing-machine\/\">Wasser<\/a><\/strong>, Speise\u00f6l, Erdnuss\u00f6l, Soda, Reisessig, fl\u00fcssige Reinigungsmittel, Kosmetika, Antiseptika usw.<\/li>    <li><strong>Paste<\/strong>: Tomatensauce, Salatdressing, Erdnussbutter, Honig, Marmelade, Shampoo, Kosmetika, H\u00e4ndedesinfektionsmittel usw.<\/li> <\/ul>    <figure class=\"wp-block-gallery has-nested-images columns-default is-cropped wp-block-gallery-4 is-layout-flex wp-block-gallery-is-layout-flex\"> <figure class=\"wp-block-image size-large\"><img loading=\"lazy\" decoding=\"async\" width=\"750\" height=\"500\" data-id=\"4448\" src=\"https:\/\/tianhuipackingmachine.com\/wp-content\/uploads\/2021\/12\/suitable-for-granules-750x500.jpg\" alt=\"geeignet f\u00fcr Granulat\" class=\"wp-image-4448\" srcset=\"https:\/\/tianhuipackingmachine.com\/wp-content\/uploads\/2021\/12\/suitable-for-granules.jpg 750w, https:\/\/tianhuipackingmachine.com\/wp-content\/uploads\/2021\/12\/suitable-for-granules-480x320.jpg 480w\" sizes=\"auto, (max-width: 750px) 100vw, 750px\" \/><figcaption class=\"wp-element-caption\">Geeignet f\u00fcr Granulat<\/figcaption><\/figure>    <figure class=\"wp-block-image size-large\"><img loading=\"lazy\" decoding=\"async\" width=\"750\" height=\"500\" data-id=\"4449\" src=\"https:\/\/tianhuipackingmachine.com\/wp-content\/uploads\/2021\/12\/applicable-powder-750x500.jpg\" alt=\"anwendbares Pulver\" class=\"wp-image-4449\" srcset=\"https:\/\/tianhuipackingmachine.com\/wp-content\/uploads\/2021\/12\/applicable-powder.jpg 750w, https:\/\/tianhuipackingmachine.com\/wp-content\/uploads\/2021\/12\/applicable-powder-480x320.jpg 480w\" sizes=\"auto, (max-width: 750px) 100vw, 750px\" \/><figcaption class=\"wp-element-caption\">Anwendbares Pulver<\/figcaption><\/figure>    <figure class=\"wp-block-image size-large\"><img loading=\"lazy\" decoding=\"async\" width=\"750\" height=\"500\" data-id=\"4450\" src=\"https:\/\/tianhuipackingmachine.com\/wp-content\/uploads\/2021\/12\/liquid-applications-750x500.jpg\" alt=\"fl\u00fcssige Anwendungen\" class=\"wp-image-4450\" srcset=\"https:\/\/tianhuipackingmachine.com\/wp-content\/uploads\/2021\/12\/liquid-applications.jpg 750w, https:\/\/tianhuipackingmachine.com\/wp-content\/uploads\/2021\/12\/liquid-applications-480x320.jpg 480w\" sizes=\"auto, (max-width: 750px) 100vw, 750px\" \/><figcaption class=\"wp-element-caption\">Fl\u00fcssige Anwendungen<\/figcaption><\/figure>    <figure class=\"wp-block-image size-large\"><img loading=\"lazy\" decoding=\"async\" width=\"750\" height=\"500\" data-id=\"4451\" src=\"https:\/\/tianhuipackingmachine.com\/wp-content\/uploads\/2021\/12\/pre-formed-packaging-bag-for-granules-750x500.jpg\" alt=\"Vorgeformter Verpackungsbeutel f\u00fcr Granulat\" class=\"wp-image-4451\" srcset=\"https:\/\/tianhuipackingmachine.com\/wp-content\/uploads\/2021\/12\/pre-formed-packaging-bag-for-granules.jpg 750w, https:\/\/tianhuipackingmachine.com\/wp-content\/uploads\/2021\/12\/pre-formed-packaging-bag-for-granules-480x320.jpg 480w\" sizes=\"auto, (max-width: 750px) 100vw, 750px\" \/><figcaption class=\"wp-element-caption\">Vorgeformter Verpackungsbeutel f\u00fcr Granulat<\/figcaption><\/figure>    <figure class=\"wp-block-image size-large\"><img loading=\"lazy\" decoding=\"async\" width=\"750\" height=\"500\" data-id=\"4453\" src=\"https:\/\/tianhuipackingmachine.com\/wp-content\/uploads\/2021\/12\/various-pre-made-bags-display-750x500.jpg\" alt=\"Verschiedene vorgefertigte Taschen werden ausgestellt\" class=\"wp-image-4453\" srcset=\"https:\/\/tianhuipackingmachine.com\/wp-content\/uploads\/2021\/12\/various-pre-made-bags-display.jpg 750w, https:\/\/tianhuipackingmachine.com\/wp-content\/uploads\/2021\/12\/various-pre-made-bags-display-480x320.jpg 480w\" sizes=\"auto, (max-width: 750px) 100vw, 750px\" \/><figcaption class=\"wp-element-caption\">Verschiedene vorgefertigte Taschen<\/figcaption><\/figure>    <figure class=\"wp-block-image size-large\"><img loading=\"lazy\" decoding=\"async\" width=\"750\" height=\"500\" data-id=\"4452\" src=\"https:\/\/tianhuipackingmachine.com\/wp-content\/uploads\/2021\/12\/pre-made-liquid-packaging-bags-750x500.jpg\" alt=\"vorgefertigte Verpackungsbeutel f\u00fcr Fl\u00fcssigkeiten\" class=\"wp-image-4452\" srcset=\"https:\/\/tianhuipackingmachine.com\/wp-content\/uploads\/2021\/12\/pre-made-liquid-packaging-bags.jpg 750w, https:\/\/tianhuipackingmachine.com\/wp-content\/uploads\/2021\/12\/pre-made-liquid-packaging-bags-480x320.jpg 480w\" sizes=\"auto, (max-width: 750px) 100vw, 750px\" \/><figcaption class=\"wp-element-caption\">Vorgefertigte Verpackungsbeutel f\u00fcr Fl\u00fcssigkeiten<\/figcaption><\/figure> <\/figure>    <h2 class=\"wp-block-heading\" id=\"h-horizontal-pouch-feeding-machine-structure\">Aufbau einer horizontalen Beutelzuf\u00fchrmaschine<\/h2>    <p class=\"translation-block\">Eine horizontale Verpackungsmaschine f\u00fcr vorgefertigte Beutel besteht haupts\u00e4chlich aus einer Materialzuf\u00fchrvorrichtung und einer Beutelzuf\u00fchrvorrichtung. Das Materialzuf\u00fchrsystem umfasst die Vorrichtungen zum F\u00fcllen von Pulver, Granulat, Fl\u00fcssigkeit, Paste usw. Das Beutelzuf\u00fchrsystem hat die Funktionen, den Beutel zu entnehmen, das Datum zu drucken (optional), den Beutel zum F\u00fcllen zu \u00f6ffnen, den Beutel zu halten, Material vom Beutelmund zu entfernen (optional), den Beutel zu versiegeln usw. Wenn das Material nicht leicht zu f\u00fcllen ist, ist es besser, eine Vibrationsvorrichtung mit geringer Intensit\u00e4t hinzuzuf\u00fcgen, um das Material in die Beutel zu f\u00fcllen. Der Rei\u00dfverschlussbeutel ben\u00f6tigt ein zus\u00e4tzliches Werkzeug zum \u00d6ffnen des Rei\u00dfverschlusses. Au\u00dferdem muss die Ausr\u00fcstung mit einem Luftkompressor arbeiten. Die Breite des Beutels betr\u00e4gt weniger als 20 cm. Au\u00dferdem sind einige Ger\u00e4te optional: Banddrucker, Tintenstrahldrucker, B\u00fcrste zur Reinigung des Beutelmunds, Stanzer, Rei\u00dfverschluss\u00f6ffnungsger\u00e4t usw. <strong><a href=\"https:\/\/tianhuipackingmachine.com\/de\/contact\/\">Kontaktieren Sie uns<\/a><\/strong> f\u00fcr weitere Informationen.<\/p>    <h2 class=\"wp-block-heading\" id=\"h-the-functions-of-photoelectric-eye-detectors-on-the-equipment\">Die Funktionen der fotoelektrischen Augendetektoren an den Ger\u00e4ten<\/h2>    <ol class=\"wp-block-list\" type=\"1\"> <li>Ermitteln Sie, ob der mechanische Arm den Beutel aufnimmt oder nicht. Andernfalls f\u00fcllt die Materialzuf\u00fchrmaschine das Material nicht auf und der Beutel wird direkt herausbef\u00f6rdert.<\/li>    <li>\u00dcberpr\u00fcfen Sie, ob der Beutel ge\u00f6ffnet ist oder nicht. Auch wenn der Beutel nicht ge\u00f6ffnet ist, wird er trotzdem direkt heraustransportiert.<\/li>    <li>\u00dcberpr\u00fcfen Sie das Zuf\u00fchrsystem. Wenn der Beutel kein Material enth\u00e4lt, wird der Versiegelungsschritt nicht durchgef\u00fchrt.<\/li>    <li>Bei hohen Temperaturen schmilzt die Plastikt\u00fcte leicht. Wenn der Kunststoff am Hitzekupferblock kleben bleibt, wird automatisch ein Alarm ausgel\u00f6st, um eine stabile Verarbeitung zu gew\u00e4hrleisten und die Verschwendung des Beutels zu vermeiden.<\/li> <\/ol>    <h2 class=\"has-text-color wp-block-heading\" id=\"h-electric-components-brand-list\" style=\"color:#ff5200\">Markenliste f\u00fcr elektrische Komponenten<\/h2>    <figure class=\"wp-block-table is-style-stripes\"><table><tbody><tr><td>Artikel<\/td><td>Markenname<\/td><td>Produktionsort<\/td><\/tr><tr><td>SPS<\/td><td>Siemens<\/td><td>Japan<\/td><\/tr><tr><td>Touch-Screen<\/td><td>Wenview<\/td><td>Taiwan<\/td><\/tr><tr><td>Temperaturregler<\/td><td>Omron<\/td><td>Japan<\/td><\/tr><tr><td>Sperrluftzylinder<\/td><td>Airtac<\/td><td>Taiwan<\/td><\/tr><tr><td>Vakuum-Magnetventil<\/td><td>Airtac<\/td><td>Taiwan<\/td><\/tr><tr><td>Vakuumdruckmessger\u00e4t<\/td><td>SMC<\/td><td>Japan<\/td><\/tr><tr><td>Stromschalter<\/td><td>Mingwei<\/td><td>China<\/td><\/tr><\/tbody><\/table><\/figure>","protected":false},"excerpt":{"rendered":"<p>Horizontal pouch feeding machine is one kind of pre-made bag packing machine, mainly consisting of a material feeding system and a bag feeding system. The equipment can package different statuses of material, powder, granule, liquid, paste, etc., by changing different feeding systems. The packaging bag needs to be prepared and put in a certain place [&hellip;]<\/p>\n","protected":false},"author":1,"featured_media":3638,"parent":0,"template":"","tags":[210],"product-type":[142],"class_list":["post-2386","product","type-product","status-publish","has-post-thumbnail","hentry","tag-premade-bag-packing-machine","product-type-pre-made-bag-filling-machines"],"_links":{"self":[{"href":"https:\/\/tianhuipackingmachine.com\/de\/wp-json\/wp\/v2\/product\/2386","targetHints":{"allow":["GET"]}}],"collection":[{"href":"https:\/\/tianhuipackingmachine.com\/de\/wp-json\/wp\/v2\/product"}],"about":[{"href":"https:\/\/tianhuipackingmachine.com\/de\/wp-json\/wp\/v2\/types\/product"}],"author":[{"embeddable":true,"href":"https:\/\/tianhuipackingmachine.com\/de\/wp-json\/wp\/v2\/users\/1"}],"wp:featuredmedia":[{"embeddable":true,"href":"https:\/\/tianhuipackingmachine.com\/de\/wp-json\/wp\/v2\/media\/3638"}],"wp:attachment":[{"href":"https:\/\/tianhuipackingmachine.com\/de\/wp-json\/wp\/v2\/media?parent=2386"}],"wp:term":[{"taxonomy":"post_tag","embeddable":true,"href":"https:\/\/tianhuipackingmachine.com\/de\/wp-json\/wp\/v2\/tags?post=2386"},{"taxonomy":"product-type","embeddable":true,"href":"https:\/\/tianhuipackingmachine.com\/de\/wp-json\/wp\/v2\/product-type?post=2386"}],"curies":[{"name":"wp","href":"https:\/\/api.w.org\/{rel}","templated":true}]}}