{"id":2354,"date":"2021-08-31T16:27:02","date_gmt":"2021-08-31T08:27:02","guid":{"rendered":"https:\/\/tianhuipackingmachine.com\/?page_id=2354"},"modified":"2024-12-11T11:32:54","modified_gmt":"2024-12-11T03:32:54","slug":"reciprocating-pillow-packing-machine","status":"publish","type":"product","link":"https:\/\/tianhuipackingmachine.com\/de\/reciprocating-pillow-packing-machine\/","title":{"rendered":"Hin- und hergehende Kissenverpackungsmaschine"},"content":{"rendered":"<p class=\"translation-block\">Diese <strong>reziproke Kissenverpackungsmaschine<\/strong> ist eine vollservo Kissenverpackungsmaschine zum Verpacken von Keksen, Brot usw. in eine Gusset-T\u00fcte. Sie hat eine Verpackungsgeschwindigkeit von 20-80 T\u00fcten\/Min und die maximale H\u00f6he des Produkts betr\u00e4gt 10 cm.<\/p>    <p>Die Kissenverpackungsmaschine transportiert die Artikel \u00fcber ein Band und ist mit einer transparenten Schutzh\u00fclle versehen, die beim Arbeiten sicherer ist. Aufgrund ihrer hohen Effizienz, ihres breiten Anwendungsspektrums und ihres Kundendienstes ist diese Maschine in der Verpackungsindustrie beliebt. <\/p>    <p>Suchen Sie eine horizontale Schlauchbeutelmaschine? Wenn ja, k\u00f6nnen Sie uns gerne f\u00fcr weitere Einzelheiten kontaktieren.<\/p>   <figure class=\"wp-block-embed-youtube wp-block-embed is-type-video is-provider-youtube wp-embed-aspect-16-9 wp-has-aspect-ratio\"><div class=\"lyte-wrapper\" title=\"Schlauchbeutelmaschine f\u00fcr Brot, Kekse, Seife usw. mit Seitenfaltenbeutel #Verpackungsmaschine\" style=\"width:853px;max-width:100%;margin:5px auto;\"><div class=\"lyMe\" id=\"WYL_gK-ot64b-Nc\" itemprop=\"video\" itemscope itemtype=\"https:\/\/schema.org\/VideoObject\"><div><meta itemprop=\"thumbnailUrl\" content=\"https:\/\/i.ytimg.com\/vi\/gK-ot64b-Nc\/hqdefault.jpg\" \/><meta itemprop=\"embedURL\" content=\"https:\/\/www.youtube.com\/embed\/gK-ot64b-Nc\" \/><meta itemprop=\"duration\" content=\"PT4M35S\" \/><meta itemprop=\"uploadDate\" content=\"2024-12-11T03:29:57Z\" \/><\/div><meta itemprop=\"accessibilityFeature\" content=\"captions\" \/><div id=\"lyte_gK-ot64b-Nc\" data-src=\"https:\/\/i.ytimg.com\/vi\/gK-ot64b-Nc\/hqdefault.jpg\" class=\"pL\"><div class=\"tC\"><div class=\"tT\" itemprop=\"name\">Schlauchbeutelmaschine f\u00fcr Brot, Kekse, Seife usw. mit Seitenfaltenbeutel #Verpackungsmaschine<\/div><\/div><div class=\"play\"><\/div><div class=\"ctrl\"><div class=\"Lctrl\"><\/div><div class=\"Rctrl\"><\/div><\/div><\/div><noscript><a href=\"https:\/\/youtu.be\/gK-ot64b-Nc\" rel=\"nofollow noopener\" target=\"_blank\"><img loading=\"lazy\" decoding=\"async\" src=\"https:\/\/i.ytimg.com\/vi\/gK-ot64b-Nc\/0.jpg\" alt=\"Schlauchbeutelmaschine f\u00fcr Brot, Kekse, Seife usw. mit Seitenfaltenbeutel #Verpackungsmaschine\" width=\"853\" height=\"460\" \/><\/a><\/noscript><meta itemprop=\"description\" content=\"#automaticpackagingequipment #pillowpackingmachine #flowwrappingmachine #packagingmachine #packagingsolution WhatsApp No.: https:\/\/wa.me\/+8613673689272 WeChat\/Tel No.:+8613673689272 Email: info@tianhuipackingmachine.com Website: https:\/\/tianhuipackingmachine.com\/reciprocating-pillow-packing-machine\/ Explore the versatility of the reciprocating pillow packaging machine, designed to handle a wide range of products with precision and efficiency. This flow wrap machine is perfect for packaging items like snacks, biscuits, vegetables, small tools, and more. Its user-friendly interface, high-speed performance, and durable structure make it ideal for businesses aiming to optimize their packaging process. Watch this video to see the machine in action and discover how it can elevate your production line. WhatsApp No.: https:\/\/wa.me\/+8613673689272 WeChat\/Tel No.:+8613673689272 Email: info@tianhuipackingmachine.com Website: https:\/\/tianhuipackingmachine.com\/reciprocating-pillow-packing-machine\/\"><\/div><\/div><div class=\"lL\" style=\"max-width:100%;width:853px;margin:5px auto;\"> <a href=\"https:\/\/youtu.be\/gK-ot64b-Nc\" target=\"_blank\" rel=\"noopener\">Dieses Video auf YouTube ansehen<\/a>.<\/div><figcaption>Video einer hin- und hergehenden Verpackungsmaschine<\/figcaption><\/figure>   <h2 class=\"wp-block-heading\" id=\"h-features-benefits-of-reciprocating-pillow-packing-machine\"><strong>Vorteile einer hin- und hergehenden Kissenverpackungsmaschine<\/strong><\/h2>    <ul class=\"wp-block-list\"> <li>Es verwendet a <strong>Vollst\u00e4ndiges Servosystem<\/strong>Das Servof\u00f6rderband reagiert empfindlich auf die Produktl\u00e4nge und verschlie\u00dft und schneidet pr\u00e4zise.<\/li>    <li>Die Schlauchbeutelmaschine ist <strong>gesteuert durch SPS<\/strong>, Einstellung der Verpackungsgeschwindigkeit, Beutell\u00e4nge usw., einfach zu bedienen.<\/li>    <li>Es <strong>spart Verpackungszeit und Folie<\/strong> durch fortschrittliche Doppelwandler.<\/li>    <li>Diese Kissenverpackungsmaschine ist mit ausgestattet <strong>fotoelektrischer Detektor f\u00fcr genaue Positionierung<\/strong>.<\/li>    <li>Der <strong>Endverschlussger\u00e4t mit Glasabdeckung<\/strong> dient als Sicherheitsvorkehrung.<\/li>    <li>Kein Festkleben der Messer, keine Verschwendung von Verpackungsfolie, Selbstdiagnosefunktion bei Fehlfunktionen.<\/li> <\/ul>    <figure class=\"wp-block-image size-large\"><img loading=\"lazy\" decoding=\"async\" width=\"667\" height=\"500\" src=\"https:\/\/tianhuipackingmachine.com\/wp-content\/uploads\/2021\/08\/quality-pillow-packaging-machine-667x500.webp\" alt=\"Qualit\u00e4tskissenverpackungsmaschine\" class=\"wp-image-8315\" srcset=\"https:\/\/tianhuipackingmachine.com\/wp-content\/uploads\/2021\/08\/quality-pillow-packaging-machine-667x500.webp 667w, https:\/\/tianhuipackingmachine.com\/wp-content\/uploads\/2021\/08\/quality-pillow-packaging-machine-480x360.webp 480w, https:\/\/tianhuipackingmachine.com\/wp-content\/uploads\/2021\/08\/quality-pillow-packaging-machine-16x12.webp 16w, https:\/\/tianhuipackingmachine.com\/wp-content\/uploads\/2021\/08\/quality-pillow-packaging-machine.webp 720w\" sizes=\"auto, (max-width: 667px) 100vw, 667px\" \/><figcaption class=\"wp-element-caption\">Hochwertige Kissenverpackungsmaschine<\/figcaption><\/figure>    <h2 class=\"wp-block-heading has-black-color has-text-color\" id=\"h-reciprocating-pillow-packing-equipment-parameters\"><strong>Technische Parameter der automatischen Kissenverpackungsmaschine mit hin- und hergehender Bewegung<\/strong><\/h2>    <figure class=\"wp-block-table is-style-stripes\"><table><tbody><tr><td>Typ<\/td><td>SL-450W<\/td><td>SL-600W<\/td><\/tr><tr><td>Filmbreite<\/td><td>Max. 450 mm<\/td><td>Max. 600 mm<\/td><\/tr><tr><td>L\u00e4nge der Beutelherstellung<\/td><td>120\u2013450 mm<\/td><td>120\u2013450 mm<\/td><\/tr><tr><td>Breite der Beutelherstellung<\/td><td>50-160mm<\/td><td>50-200mm<\/td><\/tr><tr><td>Produktionsh\u00f6he<\/td><td>10-100mm<\/td><td>10-100mm<\/td><\/tr><tr><td>Verpackungsgeschwindigkeit<\/td><td>20-80 Beutel\/Min<\/td><td>20-80 Beutel\/Min<\/td><\/tr><tr><td>Leistungsspezifikation<\/td><td>4,2 kW\/220 V, 50\/60 Hz<\/td><td>4,6 kW\/220 V, 50\/60 Hz<\/td><\/tr><tr><td>Maschinendimension<\/td><td>(L)4380*(B)870*(H)1500mm<\/td><td>(L)4380*(B)970*(H)1500mm<\/td><\/tr><tr><td>Bruttogewicht<\/td><td>800kg<\/td><td>900kg<\/td><\/tr><\/tbody><\/table><figcaption class=\"wp-element-caption\">Technische Daten der Verpackungsmaschine mit hin- und hergehendem Kissen<\/figcaption><\/figure>    <p>Als professioneller Hersteller von Verpackungsmaschinen haben wir zwei Arten von Kissenverpackungsmaschinen mit hin- und hergehender Bewegung zum Verkauf: SL-450W und SL-600W. SL-450W hat eine Beutelherstellungsl\u00e4nge von 120\u2013450 mm und eine Breite von 50\u2013160 mm. SL-600W hat eine Beutelherstellungsl\u00e4nge von 120\u2013450 mm und eine Breite von 50\u2013200 mm. Au\u00dferdem k\u00f6nnen Sie die Maschinenspannung, Leistung, Maschinengr\u00f6\u00dfe und -gewicht usw. kennen. Spezifische Parameterinformationen finden Sie in der obigen Tabelle.<\/p>    <figure class=\"wp-block-image size-full\"><img loading=\"lazy\" decoding=\"async\" width=\"720\" height=\"540\" src=\"https:\/\/tianhuipackingmachine.com\/wp-content\/uploads\/2021\/08\/reciprocating-flow-wrapping-machine-in-the-factory.webp\" alt=\"Umschlagmaschine in der Fabrik erwidern\" class=\"wp-image-8313\" srcset=\"https:\/\/tianhuipackingmachine.com\/wp-content\/uploads\/2021\/08\/reciprocating-flow-wrapping-machine-in-the-factory.webp 720w, https:\/\/tianhuipackingmachine.com\/wp-content\/uploads\/2021\/08\/reciprocating-flow-wrapping-machine-in-the-factory-480x360.webp 480w, https:\/\/tianhuipackingmachine.com\/wp-content\/uploads\/2021\/08\/reciprocating-flow-wrapping-machine-in-the-factory-667x500.webp 667w, https:\/\/tianhuipackingmachine.com\/wp-content\/uploads\/2021\/08\/reciprocating-flow-wrapping-machine-in-the-factory-16x12.webp 16w\" sizes=\"auto, (max-width: 720px) 100vw, 720px\" \/><figcaption class=\"wp-element-caption\">Hubkolben-Schlauchbeutelmaschine in der Fabrik<\/figcaption><\/figure>    <h2 class=\"wp-block-heading\" id=\"h-reciprocating-pillow-packaging-equipment-structure\"><strong>Struktur einer hin- und hergehenden Schlauchbeutelmaschine<\/strong><\/h2>    <p>Unsere hin- und hergehende Kissenverpackungsmaschine besteht aus einem F\u00f6rderband, einem Folienvorschubger\u00e4t, einem Beutelhersteller, einem Touchscreen, einem Mittelsiegelger\u00e4t, einem Endsiegel- und Schneidger\u00e4t und einer Auslass\u00f6ffnung.<\/p>    <figure class=\"wp-block-image aligncenter size-full\"><img loading=\"lazy\" decoding=\"async\" width=\"750\" height=\"500\" src=\"https:\/\/tianhuipackingmachine.com\/wp-content\/uploads\/2021\/08\/reciprocating-pillow-packing-machine-structure.jpg\" alt=\"Aufbau einer hin- und hergehenden Kissenverpackungsmaschine\" class=\"wp-image-2357\" srcset=\"https:\/\/tianhuipackingmachine.com\/wp-content\/uploads\/2021\/08\/reciprocating-pillow-packing-machine-structure.jpg 750w, https:\/\/tianhuipackingmachine.com\/wp-content\/uploads\/2021\/08\/reciprocating-pillow-packing-machine-structure-300x200.jpg 300w\" sizes=\"auto, (max-width: 750px) 100vw, 750px\" \/><figcaption class=\"wp-element-caption\">Aufbau einer hin- und hergehenden Kissenverpackungsmaschine<\/figcaption><\/figure>    <ul class=\"wp-block-list\"> <li><strong>F\u00f6rderband<\/strong>: Servo eins, empfindlich f\u00fcr die L\u00e4nge der Objekte auf dem Band, vorteilhaft f\u00fcr die Siegel- und Schnittgenauigkeit.<\/li>    <li><strong>Touch-Screen<\/strong>: Richten Sie die Packgeschwindigkeit, die Beutelherstellungsl\u00e4nge, die Verwendung der Sprache usw. ein.<\/li>    <li><strong>Multi-Link-Folienrollenwelle<\/strong>: Koordinieren Sie das Ziehen des Films und machen Sie den Film glatt.<\/li>    <li><strong>Vorrichtung zum Versiegeln und Schneiden von Enden<\/strong>: Kann mit einer Seitenfaltenvorrichtung ausgestattet werden, um eine Tasche mit gutem Aussehen zu erhalten. Beim Hinzuf\u00fcgen der Zwickelvorrichtung ist der Luftkompressor erforderlich.<\/li> <\/ul>    <figure class=\"wp-block-gallery has-nested-images columns-default is-cropped wp-block-gallery-2 is-layout-flex wp-block-gallery-is-layout-flex\"> <figure class=\"wp-block-image size-large\"><img loading=\"lazy\" decoding=\"async\" width=\"667\" height=\"500\" data-id=\"8307\" src=\"https:\/\/tianhuipackingmachine.com\/wp-content\/uploads\/2021\/08\/touch-screen-667x500.webp\" alt=\"Touch-Screen\" class=\"wp-image-8307\" srcset=\"https:\/\/tianhuipackingmachine.com\/wp-content\/uploads\/2021\/08\/touch-screen-667x500.webp 667w, https:\/\/tianhuipackingmachine.com\/wp-content\/uploads\/2021\/08\/touch-screen-480x360.webp 480w, https:\/\/tianhuipackingmachine.com\/wp-content\/uploads\/2021\/08\/touch-screen-16x12.webp 16w, https:\/\/tianhuipackingmachine.com\/wp-content\/uploads\/2021\/08\/touch-screen.webp 720w\" sizes=\"auto, (max-width: 667px) 100vw, 667px\" \/><figcaption class=\"wp-element-caption\">Touch-Screen<\/figcaption><\/figure>    <figure class=\"wp-block-image size-large\"><img loading=\"lazy\" decoding=\"async\" width=\"667\" height=\"500\" data-id=\"8308\" src=\"https:\/\/tianhuipackingmachine.com\/wp-content\/uploads\/2021\/08\/multi-link-film-roll-shaft-667x500.webp\" alt=\"Multi-Link-Filmrollwelle\" class=\"wp-image-8308\" srcset=\"https:\/\/tianhuipackingmachine.com\/wp-content\/uploads\/2021\/08\/multi-link-film-roll-shaft-667x500.webp 667w, https:\/\/tianhuipackingmachine.com\/wp-content\/uploads\/2021\/08\/multi-link-film-roll-shaft-480x360.webp 480w, https:\/\/tianhuipackingmachine.com\/wp-content\/uploads\/2021\/08\/multi-link-film-roll-shaft-16x12.webp 16w, https:\/\/tianhuipackingmachine.com\/wp-content\/uploads\/2021\/08\/multi-link-film-roll-shaft.webp 720w\" sizes=\"auto, (max-width: 667px) 100vw, 667px\" \/><figcaption class=\"wp-element-caption\">Multi-Link-Filmrollenwelle<\/figcaption><\/figure> <\/figure>    <h2 class=\"wp-block-heading\" id=\"h-reciprocating-pillow-packaging-machine-vs-ordinary-pillow-packaging-machine\"><strong>Hin- und hergehende Kissenverpackungsmaschine im Vergleich zu gew\u00f6hnlichen Kissenverpackungsmaschinen<\/strong><\/h2>    <p>Diese Verpackungsmaschine kann als aktualisierte Version der normalen Maschine beschrieben werden, mit den folgenden Hauptunterschieden:<\/p>    <figure class=\"wp-block-table\"><table class=\"has-fixed-layout\"><tbody><tr><td>Maschinentyp<\/td><td>Hin- und hergehende Kissenverpackungsmaschine<\/td><td>Normal <a href=\"https:\/\/tianhuipackingmachine.com\/de\/pillow-packing-machine\/\">Kissenverpackungsmaschine<\/a><\/td><\/tr><tr><td>Zuf\u00fchrband<\/td><td>Servof\u00f6rderband<\/td><td>Kettenclip-F\u00f6rderer<\/td><\/tr><tr><td>Cutter<\/td><td>Gerades Messer (Ober- und Untermesser)<\/td><td>Einzelschneider, Doppelschneider, drei Schneider optional<\/td><\/tr><tr><td>Auspuffschwamm<\/td><td>Drei Seiten mit Schw\u00e4mmen<\/td><td>Zus\u00e4tzliches Hinzuf\u00fcgen<\/td><\/tr><tr><td>Vorrichtung f\u00fcr Seitenfaltenbeutel<\/td><td>Bessere Wahl<\/td><td>Zus\u00e4tzliches Hinzuf\u00fcgen<\/td><\/tr><tr><td>Schutzvorrichtung<\/td><td>Glasabdeckung an der Stelle der Siegel- und Schneidvorrichtung<\/td><td>NEIN<\/td><\/tr><\/tbody><\/table><figcaption class=\"wp-element-caption\">Vergleich verschiedener horizontaler Kissenverpackungsmaschinen<\/figcaption><\/figure>    <figure class=\"wp-block-gallery has-nested-images columns-default is-cropped wp-block-gallery-3 is-layout-flex wp-block-gallery-is-layout-flex\"> <figure class=\"wp-block-image size-large\"><img loading=\"lazy\" decoding=\"async\" width=\"667\" height=\"500\" data-id=\"8310\" src=\"https:\/\/tianhuipackingmachine.com\/wp-content\/uploads\/2021\/08\/cutter-for-reciprocating-pillow-packing-machine-667x500.webp\" alt=\"Cutter zum Hinweiskissenverpackungsmaschine\" class=\"wp-image-8310\" srcset=\"https:\/\/tianhuipackingmachine.com\/wp-content\/uploads\/2021\/08\/cutter-for-reciprocating-pillow-packing-machine-667x500.webp 667w, https:\/\/tianhuipackingmachine.com\/wp-content\/uploads\/2021\/08\/cutter-for-reciprocating-pillow-packing-machine-480x360.webp 480w, https:\/\/tianhuipackingmachine.com\/wp-content\/uploads\/2021\/08\/cutter-for-reciprocating-pillow-packing-machine-16x12.webp 16w, https:\/\/tianhuipackingmachine.com\/wp-content\/uploads\/2021\/08\/cutter-for-reciprocating-pillow-packing-machine.webp 720w\" sizes=\"auto, (max-width: 667px) 100vw, 667px\" \/><figcaption class=\"wp-element-caption\">Schneider f\u00fcr eine hin- und hergehende Kissenverpackungsmaschine<\/figcaption><\/figure>    <figure class=\"wp-block-image size-large\"><img loading=\"lazy\" decoding=\"async\" width=\"667\" height=\"500\" data-id=\"8311\" src=\"https:\/\/tianhuipackingmachine.com\/wp-content\/uploads\/2021\/08\/end-sealing-device-for-reciprocating-pillow-type-packing-machine-667x500.webp\" alt=\"Enddichtungsvorrichtung zum Hin- und Her -Verpackungsger\u00e4t Kissentyp\" class=\"wp-image-8311\" srcset=\"https:\/\/tianhuipackingmachine.com\/wp-content\/uploads\/2021\/08\/end-sealing-device-for-reciprocating-pillow-type-packing-machine-667x500.webp 667w, https:\/\/tianhuipackingmachine.com\/wp-content\/uploads\/2021\/08\/end-sealing-device-for-reciprocating-pillow-type-packing-machine-480x360.webp 480w, https:\/\/tianhuipackingmachine.com\/wp-content\/uploads\/2021\/08\/end-sealing-device-for-reciprocating-pillow-type-packing-machine-16x12.webp 16w, https:\/\/tianhuipackingmachine.com\/wp-content\/uploads\/2021\/08\/end-sealing-device-for-reciprocating-pillow-type-packing-machine.webp 720w\" sizes=\"auto, (max-width: 667px) 100vw, 667px\" \/><figcaption class=\"wp-element-caption\">Endversiegelungsvorrichtung f\u00fcr eine hin- und hergehende Kissenverpackungsmaschine<\/figcaption><\/figure> <\/figure>    <h2 class=\"wp-block-heading\" id=\"h-wide-applications-of-reciprocating-wrapping-machine\"><strong>Vielf\u00e4ltige Einsatzm\u00f6glichkeiten der hin- und hergehenden Kissenverpackungsmaschine<\/strong><\/h2>    <p>Unsere hin- und hergehende Schlauchbeutelmaschine eignet sich hervorragend f\u00fcr feste Gegenst\u00e4nde mit regelm\u00e4\u00dfigen Formen mit oder ohne Karton, wie zum Beispiel:<\/p>    <p class=\"translation-block\"><strong>Brot, Kekse, Mondkuchen, Instantnudeln, Gem\u00fcse, Obst, Einweg-Hotelbedarf, Einweggeschirr, Einweg-Medizinprodukte, medizinische Kittel, Masken, Einwegspritzen, Waschlappen, Pappkartons, Tabletts, Plastilin, Radiergummis, elektrische Zubeh\u00f6rteile, Anleitungen, Kunststoffprodukte, Seife, Schw\u00e4mme, Reinigungsb\u00e4lle, Gummihandschuhe, Handt\u00fccher, Hardware, Holzarbeiten<\/strong>, usw.<\/p>    <p>Diese Artikel werden normalerweise in einem Seitenfaltenbeutel verpackt. Wenn Sie einige Artikel verpacken m\u00f6chten, setzen Sie sich bitte mit uns in Verbindung. Wir empfehlen Ihnen dann die f\u00fcr Sie am besten geeignete Maschine, basierend auf Ihrer tats\u00e4chlichen Situation.<\/p>    <figure class=\"wp-block-image size-full\"><img loading=\"lazy\" decoding=\"async\" width=\"750\" height=\"500\" src=\"https:\/\/tianhuipackingmachine.com\/wp-content\/uploads\/2021\/08\/reciprocating-pillow-packing-equipment-applications.jpg\" alt=\"Anwendungen f\u00fcr hin- und hergehende Kissenverpackungsger\u00e4te\" class=\"wp-image-2359\" srcset=\"https:\/\/tianhuipackingmachine.com\/wp-content\/uploads\/2021\/08\/reciprocating-pillow-packing-equipment-applications.jpg 750w, https:\/\/tianhuipackingmachine.com\/wp-content\/uploads\/2021\/08\/reciprocating-pillow-packing-equipment-applications-300x200.jpg 300w\" sizes=\"auto, (max-width: 750px) 100vw, 750px\" \/><figcaption class=\"wp-element-caption\">Anwendungen f\u00fcr hin- und hergehende Kissenverpackungsger\u00e4te<\/figcaption><\/figure>    <h2 class=\"wp-block-heading\"><strong>Kontaktieren Sie uns jetzt f\u00fcr weitere Details!<\/strong><\/h2>    <p class=\"translation-block\">M\u00f6chten Sie eine reziproke Verpackungsmaschine f\u00fcr die Verpackung von Artikeln mit dem <a href=\"https:\/\/en.wikipedia.org\/wiki\/Gusset\" target=\"_blank\" rel=\"noopener\">Gusset<\/a>? Wenn ja, freuen wir uns auf Ihre Kontaktaufnahme, und wir werden die beste L\u00f6sung anbieten, um Ihr Verpackungsgesch\u00e4ft zu f\u00f6rdern.<\/p>   <figure class=\"wp-block-embed-youtube wp-block-embed is-type-video is-provider-youtube wp-embed-aspect-16-9 wp-has-aspect-ratio\"><div class=\"lyte-wrapper\" title=\"Hin- und hergehende Kissenverpackungsmaschine | Kissenverpackungsmaschine\" style=\"width:853px;max-width:100%;margin:5px auto;\"><div class=\"lyMe\" id=\"WYL_Ojf_it2csts\" itemprop=\"video\" itemscope itemtype=\"https:\/\/schema.org\/VideoObject\"><div><meta itemprop=\"thumbnailUrl\" content=\"https:\/\/i.ytimg.com\/vi\/Ojf_it2csts\/hqdefault.jpg\" \/><meta itemprop=\"embedURL\" content=\"https:\/\/www.youtube.com\/embed\/Ojf_it2csts\" \/><meta itemprop=\"duration\" content=\"PT1M40S\" \/><meta itemprop=\"uploadDate\" content=\"2021-09-11T10:42:51Z\" \/><\/div><div id=\"lyte_Ojf_it2csts\" data-src=\"https:\/\/i.ytimg.com\/vi\/Ojf_it2csts\/hqdefault.jpg\" class=\"pL\"><div class=\"tC\"><div class=\"tT\" itemprop=\"name\">Hin- und hergehende Kissenverpackungsmaschine | Kissenverpackungsmaschine<\/div><\/div><div class=\"play\"><\/div><div class=\"ctrl\"><div class=\"Lctrl\"><\/div><div class=\"Rctrl\"><\/div><\/div><\/div><noscript><a href=\"https:\/\/youtu.be\/Ojf_it2csts\" rel=\"nofollow noopener\" target=\"_blank\"><img loading=\"lazy\" decoding=\"async\" src=\"https:\/\/i.ytimg.com\/vi\/Ojf_it2csts\/0.jpg\" alt=\"Hin- und hergehende Kissenverpackungsmaschine | Kissenverpackungsmaschine\" width=\"853\" height=\"460\" \/><\/a><\/noscript><meta itemprop=\"description\" content=\"Reciprocating pillow packing machine can be regarded as an upgraded pillow packing machine. It can complete the process of feeding, middle sealing, end sealing, and cutting. This kind of machine can package gusset bags with pretty shapes. It&#039;s suitable for packaging food, vegetable, fruit, disposable products, plasticine, stationery, electrical accessories, instructions, plastic products, medical products, laundry supplies, cleaning tools, etc. Email: sales@toppackingmachine.com Whatsapp\/Tel: +86 17329326135 Website: https:\/\/tianhuipackingmachine.com\/reciprocating-pillow-packing-machine\/\"><\/div><\/div><div class=\"lL\" style=\"max-width:100%;width:853px;margin:5px auto;\"> <a href=\"https:\/\/youtu.be\/Ojf_it2csts\" target=\"_blank\" rel=\"noopener\">Dieses Video auf YouTube ansehen<\/a>.<\/div><figcaption>Video einer hin- und hergehenden Kissenverpackungsmaschine<\/figcaption><\/figure>","protected":false},"excerpt":{"rendered":"<p>Diese Kissenverpackungsmaschine mit hin- und hergehender Bewegung ist eine vollst\u00e4ndig servogesteuerte Kissenverpackungsmaschine zum Verpacken von Keksen, Brot usw. in einen Seitenfaltenbeutel.<\/p>","protected":false},"author":1,"featured_media":2356,"parent":0,"template":"","tags":[213],"product-type":[139],"class_list":["post-2354","product","type-product","status-publish","has-post-thumbnail","hentry","tag-flow-wrapping-machine","product-type-pillow-packing-machines"],"_links":{"self":[{"href":"https:\/\/tianhuipackingmachine.com\/de\/wp-json\/wp\/v2\/product\/2354","targetHints":{"allow":["GET"]}}],"collection":[{"href":"https:\/\/tianhuipackingmachine.com\/de\/wp-json\/wp\/v2\/product"}],"about":[{"href":"https:\/\/tianhuipackingmachine.com\/de\/wp-json\/wp\/v2\/types\/product"}],"author":[{"embeddable":true,"href":"https:\/\/tianhuipackingmachine.com\/de\/wp-json\/wp\/v2\/users\/1"}],"wp:featuredmedia":[{"embeddable":true,"href":"https:\/\/tianhuipackingmachine.com\/de\/wp-json\/wp\/v2\/media\/2356"}],"wp:attachment":[{"href":"https:\/\/tianhuipackingmachine.com\/de\/wp-json\/wp\/v2\/media?parent=2354"}],"wp:term":[{"taxonomy":"post_tag","embeddable":true,"href":"https:\/\/tianhuipackingmachine.com\/de\/wp-json\/wp\/v2\/tags?post=2354"},{"taxonomy":"product-type","embeddable":true,"href":"https:\/\/tianhuipackingmachine.com\/de\/wp-json\/wp\/v2\/product-type?post=2354"}],"curies":[{"name":"wp","href":"https:\/\/api.w.org\/{rel}","templated":true}]}}