{"id":2263,"date":"2021-08-26T10:15:34","date_gmt":"2021-08-26T02:15:34","guid":{"rendered":"https:\/\/tianhuipackingmachine.com\/?page_id=2263"},"modified":"2023-02-02T10:17:43","modified_gmt":"2023-02-02T02:17:43","slug":"carton-sealing-machine","status":"publish","type":"product","link":"https:\/\/tianhuipackingmachine.com\/de\/carton-sealing-machine\/","title":{"rendered":"Kartonverschlie\u00dfmaschine"},"content":{"rendered":"<p class=\"translation-block\"><strong>Kartonsversiegelungsmaschine<\/strong> oder Boxverpackungsmaschine ist die Ausr\u00fcstung zum Versiegeln von Kartons mit Klebeband. Sie kommt breit zum Einsatz, um verschiedene Arten von Objekten in Kartons zu verpacken, wie Lebensmittel, Getr\u00e4nke, Weine, Arzneimittel, B\u00fccher, M\u00f6bel, Lampen, Gew\u00fcrze, K\u00fcchenutensilien, Hardware, Holzarbeiten, Chemikalien, Kleidung, Keramik, Glasdeckel usw. Es gibt zwei Verwendungsarten: nur mit einer einzelnen Maschine arbeiten oder als Teil einer Kartonverpackungsfertigungslinie. Diese Maschine wird \u00fcblicherweise mit der Auspackmaschine, Etikettiermaschine, Kennzeichnungsger\u00e4t, Hitze-Schrumpffolienverpackungsmaschine usw. kombiniert. <\/p>    <figure class=\"wp-block-gallery aligncenter has-nested-images columns-default is-cropped wp-block-gallery-2 is-layout-flex wp-block-gallery-is-layout-flex\"> <figure class=\"wp-block-image size-large\"><img loading=\"lazy\" decoding=\"async\" width=\"750\" height=\"500\" data-id=\"4742\" src=\"https:\/\/tianhuipackingmachine.com\/wp-content\/uploads\/2021\/12\/carton-sealing-machine-strapping-machine-750x500.jpg\" alt=\"Kartonverschlie\u00dfmaschine und Umreifungsmaschine\" class=\"wp-image-4742\" srcset=\"https:\/\/tianhuipackingmachine.com\/wp-content\/uploads\/2021\/12\/carton-sealing-machine-strapping-machine.jpg 750w, https:\/\/tianhuipackingmachine.com\/wp-content\/uploads\/2021\/12\/carton-sealing-machine-strapping-machine-480x320.jpg 480w\" sizes=\"auto, (max-width: 750px) 100vw, 750px\" \/><figcaption class=\"wp-element-caption\">Kartonverschlie\u00dfmaschine &amp;Amp; Umreifungsmaschine<\/figcaption><\/figure>    <figure class=\"wp-block-image size-large\"><img loading=\"lazy\" decoding=\"async\" width=\"750\" height=\"500\" data-id=\"4750\" src=\"https:\/\/tianhuipackingmachine.com\/wp-content\/uploads\/2021\/12\/the-carton-sealing-strapping-machine-in-factory-750x500.jpg\" alt=\"Die Kartonverschlie\u00df- und Umreifungsmaschine im Werk\" class=\"wp-image-4750\" srcset=\"https:\/\/tianhuipackingmachine.com\/wp-content\/uploads\/2021\/12\/the-carton-sealing-strapping-machine-in-factory.jpg 750w, https:\/\/tianhuipackingmachine.com\/wp-content\/uploads\/2021\/12\/the-carton-sealing-strapping-machine-in-factory-480x320.jpg 480w\" sizes=\"auto, (max-width: 750px) 100vw, 750px\" \/><figcaption class=\"wp-element-caption\">Die Kartonversiegelung &amp;Amp; Umreifungsmaschine im Werk<\/figcaption><\/figure> <\/figure>    <h2 class=\"wp-block-heading\" id=\"h-carton-sealing-machine-structure\">Struktur der Kartonverschlie\u00dfmaschine<\/h2>    <p>Die Kartonverschlie\u00dfmaschine besteht aus einer F\u00f6rderplattform mit Drehrollen, linken und rechten F\u00f6rderb\u00e4ndern, Kartonpositionierungsrollen, Handsch\u00e4ften zum Einstellen der H\u00f6he der F\u00f6rderplattform und der oberen Verschlie\u00dfvorrichtung, einer langen Metallplatte, einem St\u00fctzrahmen mit Skala, Netzschalter, Notruftaste, vier R\u00e4der an der Unterseite der Maschine usw. Die Drehrollen sind eng angeordnet und eignen sich f\u00fcr den Transport verschiedener Kartongr\u00f6\u00dfen. Linke und rechte F\u00f6rderb\u00e4nder transportieren den Karton zum Verschlie\u00dfen automatisch vorw\u00e4rts. Die Schwei\u00dfh\u00f6he und -breite ist \u00fcber Handgriffe einstellbar. Die lange Metallplatte gl\u00e4ttet die Oberseite der Box und dichtet sie reibungslos ab.<\/p>    <figure class=\"wp-block-gallery has-nested-images columns-default is-cropped wp-block-gallery-3 is-layout-flex wp-block-gallery-is-layout-flex\"> <figure class=\"wp-block-image size-large\"><img loading=\"lazy\" decoding=\"async\" width=\"750\" height=\"500\" data-id=\"4746\" src=\"https:\/\/tianhuipackingmachine.com\/wp-content\/uploads\/2021\/12\/double-belts-on-both-sides-750x500.jpg\" alt=\"Doppelgurte auf beiden Seiten\" class=\"wp-image-4746\" srcset=\"https:\/\/tianhuipackingmachine.com\/wp-content\/uploads\/2021\/12\/double-belts-on-both-sides.jpg 750w, https:\/\/tianhuipackingmachine.com\/wp-content\/uploads\/2021\/12\/double-belts-on-both-sides-480x320.jpg 480w\" sizes=\"auto, (max-width: 750px) 100vw, 750px\" \/><figcaption class=\"wp-element-caption\">Doppelte G\u00fcrtel auf beiden Seiten<\/figcaption><\/figure>    <figure class=\"wp-block-image size-large\"><img loading=\"lazy\" decoding=\"async\" width=\"750\" height=\"500\" data-id=\"4745\" src=\"https:\/\/tianhuipackingmachine.com\/wp-content\/uploads\/2021\/12\/tape-sealing-device-for-the-bottom-of-the-carton-750x500.jpg\" alt=\"Klebeband-Versiegelungsvorrichtung f\u00fcr den Boden des Kartons\" class=\"wp-image-4745\" srcset=\"https:\/\/tianhuipackingmachine.com\/wp-content\/uploads\/2021\/12\/tape-sealing-device-for-the-bottom-of-the-carton.jpg 750w, https:\/\/tianhuipackingmachine.com\/wp-content\/uploads\/2021\/12\/tape-sealing-device-for-the-bottom-of-the-carton-480x320.jpg 480w\" sizes=\"auto, (max-width: 750px) 100vw, 750px\" \/><figcaption class=\"wp-element-caption\">Klebeband-Versiegelungsger\u00e4t f\u00fcr den Boden des Kartons<\/figcaption><\/figure> <\/figure>    <h2 class=\"wp-block-heading\">Video zur Funktionsweise einer Kartonverpackungsmaschine <\/h2>   <figure class=\"wp-block-embed-youtube wp-block-embed is-type-video is-provider-youtube wp-embed-aspect-16-9 wp-has-aspect-ratio\"><div class=\"lyte-wrapper\" title=\"Kartonverschlie\u00df- und Umreifungsmaschine | Ausr\u00fcstung zum Verschlie\u00dfen von Klebebandschachteln | Anwenden mehrerer Gr\u00f6\u00dfen\" style=\"width:853px;max-width:100%;margin:5px auto;\"><div class=\"lyMe\" id=\"WYL_49oUgXl1olI\" itemprop=\"video\" itemscope itemtype=\"https:\/\/schema.org\/VideoObject\"><div><meta itemprop=\"thumbnailUrl\" content=\"https:\/\/i.ytimg.com\/vi\/49oUgXl1olI\/hqdefault.jpg\" \/><meta itemprop=\"embedURL\" content=\"https:\/\/www.youtube.com\/embed\/49oUgXl1olI\" \/><meta itemprop=\"duration\" content=\"PT1M20S\" \/><meta itemprop=\"uploadDate\" content=\"2022-01-07T10:07:57Z\" \/><\/div><div id=\"lyte_49oUgXl1olI\" data-src=\"https:\/\/i.ytimg.com\/vi\/49oUgXl1olI\/hqdefault.jpg\" class=\"pL\"><div class=\"tC\"><div class=\"tT\" itemprop=\"name\">Kartonverschlie\u00df- und Umreifungsmaschine | Ausr\u00fcstung zum Verschlie\u00dfen von Klebebandschachteln | Anwenden mehrerer Gr\u00f6\u00dfen<\/div><\/div><div class=\"play\"><\/div><div class=\"ctrl\"><div class=\"Lctrl\"><\/div><div class=\"Rctrl\"><\/div><\/div><\/div><noscript><a href=\"https:\/\/youtu.be\/49oUgXl1olI\" rel=\"nofollow noopener\" target=\"_blank\"><img loading=\"lazy\" decoding=\"async\" src=\"https:\/\/i.ytimg.com\/vi\/49oUgXl1olI\/0.jpg\" alt=\"Kartonverschlie\u00df- und Umreifungsmaschine | Ausr\u00fcstung zum Verschlie\u00dfen von Klebebandschachteln | Anwenden mehrerer Gr\u00f6\u00dfen\" width=\"853\" height=\"460\" \/><\/a><\/noscript><meta itemprop=\"description\" content=\"If you are interested in it, welcome to contact us. https:\/\/tianhuipackingmachine.com\/carton-sealing-machine\/ Whatsapp\/Tel: +86 17329326135 Email: sales@toppackingmachine.com Carton sealing and strapping machine is a set of equipment for box tape sealing and strapping. The carton sealing machine can seal the bottom and top of the box at the same time. It has a wide range of applications in many industries, such as cookers, dishes, furniture, shampoo, wine, juice, etc. Whatsapp\/Tel: +86 17329326135 Email: sales@toppackingmachine.com\"><\/div><\/div><div class=\"lL\" style=\"max-width:100%;width:853px;margin:5px auto;\"> <a href=\"https:\/\/youtu.be\/49oUgXl1olI\" target=\"_blank\" rel=\"noopener\">Dieses Video auf YouTube ansehen<\/a>.<\/div><figcaption><\/figcaption><\/figure>   <h2 class=\"wp-block-heading\" id=\"h-features-of-the-carton-sealing-machine\">Merkmale der Kartonverschlie\u00dfmaschine<\/h2>    <ol class=\"wp-block-list\" type=\"1\"> <li>Angemessenes Design, langlebiges Material, reibungsloser Betrieb, effizientes Arbeiten<\/li>    <li>Die H\u00f6he des F\u00f6rderbandes ist je nach Bedarf einstellbar<\/li>    <li>Vielf\u00e4ltige Einsatzm\u00f6glichkeiten f\u00fcr verschiedene Kartongr\u00f6\u00dfen<\/li>    <li>Enge Anordnung der Rollen, geeignet f\u00fcr verschiedene Kartongr\u00f6\u00dfen, insbesondere f\u00fcr kleine Kartons<\/li>    <li>Die Komponente zum Fixieren des Klebebands ist abnehmbar und erleichtert den Austausch der B\u00e4nder.<\/li>    <li>F\u00fchren Sie den Vorgang der unteren und oberen Versiegelung einmal durch und versiegeln Sie ihn fest und glatt mit einem h\u00fcbschen Aussehen<\/li>    <li>Zur Sicherheit ist ein Notrufknopf vorgesehen.<\/li>    <li>Ein Anpassungsservice ist verf\u00fcgbar.<\/li> <\/ol>    <figure class=\"wp-block-gallery has-nested-images columns-default is-cropped wp-block-gallery-4 is-layout-flex wp-block-gallery-is-layout-flex\"> <figure class=\"wp-block-image size-large\"><img loading=\"lazy\" decoding=\"async\" width=\"750\" height=\"500\" data-id=\"4749\" src=\"https:\/\/tianhuipackingmachine.com\/wp-content\/uploads\/2021\/12\/the-applicable-cartons-750x500.jpg\" alt=\"die entsprechenden Kartons\" class=\"wp-image-4749\" srcset=\"https:\/\/tianhuipackingmachine.com\/wp-content\/uploads\/2021\/12\/the-applicable-cartons.jpg 750w, https:\/\/tianhuipackingmachine.com\/wp-content\/uploads\/2021\/12\/the-applicable-cartons-480x320.jpg 480w\" sizes=\"auto, (max-width: 750px) 100vw, 750px\" \/><figcaption class=\"wp-element-caption\">Die anwendbaren Kartons<\/figcaption><\/figure>    <figure class=\"wp-block-image size-large\"><img loading=\"lazy\" decoding=\"async\" width=\"750\" height=\"500\" data-id=\"4748\" src=\"https:\/\/tianhuipackingmachine.com\/wp-content\/uploads\/2021\/12\/various-applicable-sizes-of-cartons-750x500.jpg\" alt=\"verschiedene anwendbare Kartongr\u00f6\u00dfen\" class=\"wp-image-4748\" srcset=\"https:\/\/tianhuipackingmachine.com\/wp-content\/uploads\/2021\/12\/various-applicable-sizes-of-cartons.jpg 750w, https:\/\/tianhuipackingmachine.com\/wp-content\/uploads\/2021\/12\/various-applicable-sizes-of-cartons-480x320.jpg 480w\" sizes=\"auto, (max-width: 750px) 100vw, 750px\" \/><figcaption class=\"wp-element-caption\">Verschiedene anwendbare Kartongr\u00f6\u00dfen<\/figcaption><\/figure> <\/figure>    <h2 class=\"wp-block-heading\" id=\"h-operation-procedure-of-the-single-machine\">Betriebsablauf der einzelnen Maschine<\/h2>    <ol class=\"wp-block-list\" type=\"1\"> <li>Bringen Sie die beiden Klebeb\u00e4nder an den Siegelger\u00e4ten an<\/li>    <li>Stellen Sie verschiedene Parameter ein und starten Sie die Maschine<\/li>    <li>\u00d6ffnen Sie die Kartons<\/li>    <li>Legen Sie Gegenst\u00e4nde in den Koffer<\/li>    <li>Legen Sie die Kiste auf das F\u00f6rderband<\/li>    <li>Schieben Sie den Karton und das Siegelger\u00e4t hinein<\/li>    <li>Die Maschine verklebt die Ober- und Unterseite des Kartons automatisch.<\/li> <\/ol>    <h2 class=\"wp-block-heading\" id=\"h-various-machines-waiting-for-you\">Verschiedene Maschinen warten auf Sie<\/h2>    <p class=\"translation-block\">Als Hersteller und Lieferant von Verpackungsmaschinen bieten wir eine Vielzahl von Verpackungsmaschinen an. Die Kartonsversiegelungsmaschine ist eines unserer hei\u00dfen Produkte. Wir liefern auch Pulververpackungsmaschinen, Granulatverpackungsmaschinen, F\u00fcll- und Verpackungsmaschinen f\u00fcr Fl\u00fcssigkeiten, Vakuumverpackungsmaschinen, Kissenverpackungsmaschinen, automatische Verschlie\u00dfmaschinen, Vakuumverschlie\u00dfmaschinen, <strong><a href=\"https:\/\/tianhuipackingmachine.com\/de\/continuous-bag-sealing-machine\/\">Kontinuale-Beutel-Versiegelungsmaschinen<\/a><\/strong> usw. Sind Sie daran interessiert? Kontaktieren Sie uns, um mehr Details zu erhalten, und wir werden Ihnen so schnell wie m\u00f6glich antworten. <\/p>    <h2 class=\"has-luminous-vivid-orange-color has-text-color wp-block-heading\" id=\"h-parameters\">Parameter der Henan Top Kartonverpackungsmaschine<\/h2>    <figure class=\"wp-block-table is-style-stripes\"><table><tbody><tr><td>Typ<\/td><td>FXJ-4030<\/td><td>FXJ-6050<\/td><\/tr><tr><td>Leistung<\/td><td>220V\/50Hz\/180W<\/td><td>220V\/50Hz\/180W <\/td><\/tr><tr><td>Kapazit\u00e4t<\/td><td>1000 Kartons\/h<\/td><td>1000 Kartons\/h <\/td><\/tr><tr><td>Bandbreite<\/td><td>45mm<\/td><td>45mm <\/td><\/tr><tr><td>Dichtungsbreite<\/td><td>80-300mm<\/td><td>250\u2013500 mm <\/td><\/tr><tr><td>Siegelh\u00f6he<\/td><td>90-400mm<\/td><td>180\u2013600 mm <\/td><\/tr><tr><td>Tischh\u00f6he<\/td><td>min. 550 mm\/max. 730 mm<\/td><td>min. 570 mm\/max. 730 mm <\/td><\/tr><tr><td>Maschinengr\u00f6\u00dfe<\/td><td>1060*660*1010mm<\/td><td>1000*830*1350mm <\/td><\/tr><\/tbody><\/table><\/figure>    <h2 class=\"wp-block-heading\">Vollautomatische Kartonverschlie\u00dfmaschine zu verkaufen<\/h2>    <p>Vollautomatische Kartonverschlie\u00dfmaschinen sind mit Sensoren ausgestattet, die das Vorhandensein einer Schachtel erkennen und die Einstellungen der Maschine automatisch an die Gr\u00f6\u00dfe und Form der Schachtel anpassen. Anschlie\u00dfend bringt die Maschine Haftklebeband auf die obere und\/oder untere Klappe des Kartons auf und verschlie\u00dft ihn so sicher. Geschwindigkeit und Effizienz der Maschine k\u00f6nnen an die Bed\u00fcrfnisse des Benutzers angepasst werden.<\/p>    <h2 class=\"wp-block-heading\">Abschluss <\/h2>    <p>Zusammenfassend l\u00e4sst sich sagen, dass eine Kartonverschlie\u00dfmaschine ein wertvolles Werkzeug zur Effizienzsteigerung und Rationalisierung des Verpackungsprozesses in verschiedenen Branchen ist. Mit seiner F\u00e4higkeit, Kartons schnell und sicher zu verschlie\u00dfen, kann es den Zeit- und Handarbeitsaufwand f\u00fcr das Verpacken erheblich reduzieren. Henan Top Packing Machinery ist ein professioneller Hersteller von Kartonverpackungsmaschinen. Interessieren Sie sich f\u00fcr diese Maschine? Kontaktieren Sie uns f\u00fcr ein schnelles Angebot. <\/p>","protected":false},"excerpt":{"rendered":"<p>Carton sealing machine or box packing machine is the equipment to seal cardboard boxes with tape. It widely applies to packing various kinds of objects into cartons, such as foods, beverages, wines, medicines, books, furniture, lamps, spices, kitchenware, hardware, woodwork, chemicals, clothes, ceramics, glass caps, etc. It has two methods of usage, just using a [&hellip;]<\/p>\n","protected":false},"author":1,"featured_media":4742,"parent":0,"template":"","tags":[182],"product-type":[144],"class_list":["post-2263","product","type-product","status-publish","has-post-thumbnail","hentry","tag-sealing-machine","product-type-supporting-equipment"],"_links":{"self":[{"href":"https:\/\/tianhuipackingmachine.com\/de\/wp-json\/wp\/v2\/product\/2263","targetHints":{"allow":["GET"]}}],"collection":[{"href":"https:\/\/tianhuipackingmachine.com\/de\/wp-json\/wp\/v2\/product"}],"about":[{"href":"https:\/\/tianhuipackingmachine.com\/de\/wp-json\/wp\/v2\/types\/product"}],"author":[{"embeddable":true,"href":"https:\/\/tianhuipackingmachine.com\/de\/wp-json\/wp\/v2\/users\/1"}],"wp:featuredmedia":[{"embeddable":true,"href":"https:\/\/tianhuipackingmachine.com\/de\/wp-json\/wp\/v2\/media\/4742"}],"wp:attachment":[{"href":"https:\/\/tianhuipackingmachine.com\/de\/wp-json\/wp\/v2\/media?parent=2263"}],"wp:term":[{"taxonomy":"post_tag","embeddable":true,"href":"https:\/\/tianhuipackingmachine.com\/de\/wp-json\/wp\/v2\/tags?post=2263"},{"taxonomy":"product-type","embeddable":true,"href":"https:\/\/tianhuipackingmachine.com\/de\/wp-json\/wp\/v2\/product-type?post=2263"}],"curies":[{"name":"wp","href":"https:\/\/api.w.org\/{rel}","templated":true}]}}