{"id":2241,"date":"2021-08-24T14:31:39","date_gmt":"2021-08-24T06:31:39","guid":{"rendered":"https:\/\/tianhuipackingmachine.com\/?page_id=2241"},"modified":"2022-12-08T14:11:07","modified_gmt":"2022-12-08T06:11:07","slug":"automatic-capping-machine","status":"publish","type":"product","link":"https:\/\/tianhuipackingmachine.com\/de\/automatic-capping-machine\/","title":{"rendered":"Automatische Verschlie\u00dfmaschine"},"content":{"rendered":"<p class=\"translation-block\"><strong>Automatische Verschlie\u00dfmaschine<\/strong> ist geeignet f\u00fcr verschiedene Kunststoffrundkappen mit Schraubgewinde. Sie findet breite Anwendung in vielen Lebensmitteln, Getr\u00e4nken, t\u00e4glichen Bedarfsg\u00fctern, Kosmetika, Arzneimitteln, \u00d6l usw. Die Ausr\u00fcstung besteht aus rostfreiem Stahl, der langlebig und wartungsfreundlich ist. Die automatische Verschlie\u00dfmaschine mit vier Reibungsr\u00e4dern dreht und zieht runde Kappen mit einem gew\u00f6hnlichen Motor fest. Die Verschlie\u00dfgeschwindigkeit ist an den Produktionsaussto\u00df anpassbar. Au\u00dferdem unterst\u00fctzen wir OEM-Services gem\u00e4\u00df Ihren Anforderungen.<\/p>    <figure class=\"wp-block-image aligncenter size-full\"><img loading=\"lazy\" decoding=\"async\" width=\"750\" height=\"500\" src=\"https:\/\/tianhuipackingmachine.com\/wp-content\/uploads\/2021\/08\/automatic-capping-machine-1.jpg\" alt=\"automatische Verschlie\u00dfmaschine\" class=\"wp-image-2256\" srcset=\"https:\/\/tianhuipackingmachine.com\/wp-content\/uploads\/2021\/08\/automatic-capping-machine-1.jpg 750w, https:\/\/tianhuipackingmachine.com\/wp-content\/uploads\/2021\/08\/automatic-capping-machine-1-300x200.jpg 300w\" sizes=\"auto, (max-width: 750px) 100vw, 750px\" \/><figcaption class=\"wp-element-caption\">Automatische Verschlie\u00dfmaschine<\/figcaption><\/figure>    <h2 class=\"wp-block-heading\">Parameter der automatischen Verschlie\u00dfmaschine<\/h2>    <figure class=\"wp-block-table is-style-stripes\"><table><tbody><tr><td>Leistung<\/td><td>300W &nbsp;<\/td><\/tr><tr><td>Stromspannung<\/td><td>AC220V\/50Hz<\/td><\/tr><tr><td>Anwendbare Kappengr\u00f6\u00dfen<\/td><td>15 \u2013 70 mm \u00a0\u00a040-100 mm<\/td><\/tr><tr><td>H\u00f6chstgeschwindigkeit<\/td><td>0 \u2013 40 Flaschen\/Min<\/td><\/tr><tr><td>Durchmesser der Flaschen<\/td><td>50 \u2013 280 mm<\/td><\/tr><tr><td>Luftdruck<\/td><td>0,4 \u2013 0,6 MPa<\/td><\/tr><tr><td>Gewicht<\/td><td>108 kg<\/td><\/tr><tr><td>Abmessungen<\/td><td>3500*470*1600mm<\/td><\/tr><\/tbody><\/table><\/figure>    <h2 class=\"wp-block-heading\">Merkmale der automatischen Verschlie\u00dfmaschine<\/h2>    <ol class=\"wp-block-list\" type=\"1\"> <li>Kompakte Struktur, vern\u00fcnftiges Design, geringer Platzbedarf, einfache Bedienung<\/li>    <li>Stabiler Betrieb, automatisches Aufsetzen der Deckel, festes Anziehen und effizientes Verriegeln des Deckels<\/li>    <li>Es ist mit einem Touchscreen-Display ausgestattet, mit dem sich die Laufgeschwindigkeit des F\u00f6rderbandes einstellen l\u00e4sst.<\/li>    <li>Viele Verwendungsm\u00f6glichkeiten sind optional: unabh\u00e4ngige Verwendung oder Kombination mit Abf\u00fcllmaschine, Etikettiermaschine, Datumsdrucker usw.<\/li>    <li>Der Hauptmotor verf\u00fcgt \u00fcber einen exportierten Frequenzumrichter mit der Funktion einer Geschwindigkeitsanpassung ohne Neigung.<\/li>    <li>Ein Anpassungsservice ist verf\u00fcgbar.<\/li> <\/ol>    <h2 class=\"wp-block-heading\">Breite Anwendungsm\u00f6glichkeiten f\u00fcr automatische Schraubverschlie\u00dfer<\/h2>    <p class=\"translation-block\">Automatische Verschlie\u00dfmaschine wird normalerweise f\u00fcr verschiedene Flaschen mit Kunststoffrundkappen verwendet und findet breite Anwendung bei S\u00fc\u00dfigkeiten, Snacks, Wasser, Saft, Milch, Joghurt, Honig, \u00d6l, Fl\u00fcssigwaschmittel, Desinfektionsmittel, Shampoo, Kosmetika, Arzneimitteln, Pestiziden usw. Sie kann auch mit einer Abf\u00fcllmaschine und einer Etikettiermaschine kombiniert werden, um eine Produktionslinie zu bilden. M\u00f6chten Sie mehr Details erfahren? <strong><a href=\"https:\/\/tianhuipackingmachine.com\/de\/contact\/\">Nehmen Sie Kontakt mit uns auf<\/a><\/strong> und wir werden Ihnen so schnell wie m\u00f6glich antworten.<\/p>    <figure class=\"wp-block-image aligncenter size-full\"><img loading=\"lazy\" decoding=\"async\" width=\"750\" height=\"500\" src=\"https:\/\/tianhuipackingmachine.com\/wp-content\/uploads\/2021\/09\/applications-of-automatic-capping-equipment.jpg\" alt=\"Anwendungen von automatischen Verschlie\u00dfger\u00e4ten\" class=\"wp-image-2862\" srcset=\"https:\/\/tianhuipackingmachine.com\/wp-content\/uploads\/2021\/09\/applications-of-automatic-capping-equipment.jpg 750w, https:\/\/tianhuipackingmachine.com\/wp-content\/uploads\/2021\/09\/applications-of-automatic-capping-equipment-300x200.jpg 300w\" sizes=\"auto, (max-width: 750px) 100vw, 750px\" \/><figcaption class=\"wp-element-caption\">Anwendungen von automatischen Verschlie\u00dfger\u00e4ten<\/figcaption><\/figure>    <h2 class=\"wp-block-heading\">Struktur der automatischen Verschlie\u00dfmaschine<\/h2>    <p>Die Verschlie\u00dfausr\u00fcstung besteht aus einem Touchscreen, einem F\u00f6rderband mit Leitblech, einem normalen Motor, einem Schrittmotor, vier Reibr\u00e4dern, einer breiten Druckkappe, einem H\u00f6henverstellrad des Reibrads, einem seitlichen F\u00f6rderband und einem breiten F\u00f6rderband zur H\u00f6henverstellung zum Einsetzen von Flaschen Einstellrad zum Platzieren von Flaschen, F\u00f6rderband usw. Sein K\u00f6rper besteht aus Edelstahl.<\/p>    <h2 class=\"wp-block-heading\">Einige Details der Verschlie\u00dfausr\u00fcstung <\/h2>    <ul class=\"wp-block-list\"> <li><strong>Reibungsr\u00e4der<\/strong><\/li> <\/ul>    <p>Die Kappe wird durch die Reibr\u00e4der motorgesteuert festgeschraubt. Die Reibr\u00e4der mit vier Backen klemmen und drehen den Kunststoff-Schraubverschluss, wenn der Detektor pr\u00fcft, ob die Flasche verschlossen ist.<\/p>    <ul class=\"wp-block-list\"> <li><strong>Photoelektrisches Auge<\/strong><\/li> <\/ul>    <p>Zur Erkennung der Flasche dient die Lichtschranke. Sobald die Flasche erkannt wird, beginnen die Reibr\u00e4der zu arbeiten.<\/p>    <ul class=\"wp-block-list\"> <li><strong>Dr\u00fccken Sie das Kappen-Widget<\/strong><\/li> <\/ul>    <p>Ein kleines Werkzeug in den Vier-Backen-Reibr\u00e4dern kann den Flaschenverschluss dr\u00fccken, um ein Verrutschen der Flasche w\u00e4hrend des Schraubvorgangs zu verhindern. Somit ist das Ger\u00e4t auch f\u00fcr h\u00e4rtere Flaschen geeignet.<\/p>    <ul class=\"wp-block-list\"> <li><strong>F\u00f6rderband und Motor<\/strong><\/li> <\/ul>    <p>Das F\u00f6rderband bewegt sich durch den Antrieb des Motors und es ist ein Anpassungsservice f\u00fcr das F\u00f6rderband entsprechend der Gr\u00f6\u00dfe der Flaschen oder Dosen verf\u00fcgbar.<\/p>    <ul class=\"wp-block-list\"> <li>Reibungsrad zur H\u00f6henverstellung des Rades<\/li> <\/ul>    <p>Das Reibrad-H\u00f6henverstellrad kann die H\u00f6he des Vierbacken-Reibrads basierend auf der H\u00f6he der Flaschenm\u00fcndung anpassen.<\/p>    <ul class=\"wp-block-list\"> <li><strong>Seitenf\u00f6rderband und Verstellvorrichtung<\/strong><\/li> <\/ul>    <p>Das seitliche F\u00f6rderband wird von einem Schrittmotor angetrieben, der die Flaschen pr\u00e4zise unter das Vierbacken-Schneckenrad f\u00fchren kann. Mit dem Breitenverstellrad des Flaschenf\u00f6rderbandes kann die Breite des Seitenleitblechs angepasst werden, um das Festklemmen der zu verschraubenden Flasche zu erleichtern. Mit dem H\u00f6henverstellrad f\u00fcr das F\u00f6rderband kann die H\u00f6he des seitlichen F\u00f6rderbandes eingestellt werden.<\/p>    <ul class=\"wp-block-list\"> <li><strong>Touch-Screen<\/strong><\/li> <\/ul>    <p>\u00dcber den Touchscreen k\u00f6nnen die Laufgeschwindigkeit des F\u00f6rderbands, die Dauer des Verschlie\u00dfens und die Laufstrecke des Seitenf\u00f6rderbands eingestellt werden.<\/p>","protected":false},"excerpt":{"rendered":"<p>Automatic capping machine is suitable for various plastic round caps with screw threads. It widely applies to many foods, beverages, daily necessities, cosmetics, medicines, oil, etc. The equipment adopts stainless steel, which is durable and convenient for maintenance. The automatic capping machine with four frictional wheels rotates and tightens round caps through ordinary motor. The [&hellip;]<\/p>\n","protected":false},"author":1,"featured_media":2256,"parent":0,"template":"","tags":[168],"product-type":[144],"class_list":["post-2241","product","type-product","status-publish","has-post-thumbnail","hentry","tag-capping-machine","product-type-supporting-equipment"],"_links":{"self":[{"href":"https:\/\/tianhuipackingmachine.com\/de\/wp-json\/wp\/v2\/product\/2241","targetHints":{"allow":["GET"]}}],"collection":[{"href":"https:\/\/tianhuipackingmachine.com\/de\/wp-json\/wp\/v2\/product"}],"about":[{"href":"https:\/\/tianhuipackingmachine.com\/de\/wp-json\/wp\/v2\/types\/product"}],"author":[{"embeddable":true,"href":"https:\/\/tianhuipackingmachine.com\/de\/wp-json\/wp\/v2\/users\/1"}],"wp:featuredmedia":[{"embeddable":true,"href":"https:\/\/tianhuipackingmachine.com\/de\/wp-json\/wp\/v2\/media\/2256"}],"wp:attachment":[{"href":"https:\/\/tianhuipackingmachine.com\/de\/wp-json\/wp\/v2\/media?parent=2241"}],"wp:term":[{"taxonomy":"post_tag","embeddable":true,"href":"https:\/\/tianhuipackingmachine.com\/de\/wp-json\/wp\/v2\/tags?post=2241"},{"taxonomy":"product-type","embeddable":true,"href":"https:\/\/tianhuipackingmachine.com\/de\/wp-json\/wp\/v2\/product-type?post=2241"}],"curies":[{"name":"wp","href":"https:\/\/api.w.org\/{rel}","templated":true}]}}