{"id":2114,"date":"2021-08-10T10:41:22","date_gmt":"2021-08-10T02:41:22","guid":{"rendered":"https:\/\/tianhuipackingmachine.com\/?page_id=2114"},"modified":"2024-03-11T17:35:48","modified_gmt":"2024-03-11T09:35:48","slug":"semi-automatic-round-bottle-labeling-machine","status":"publish","type":"product","link":"https:\/\/tianhuipackingmachine.com\/de\/semi-automatic-round-bottle-labeling-machine\/","title":{"rendered":"Halbautomatische Etikettiermaschine f\u00fcr Rundflaschen"},"content":{"rendered":"<p class=\"translation-block\"><strong>Halbautomatische Rundflaschen-Etikettiermaschine<\/strong>, auch manuelle Rundflaschen-Etikettiermaschine genannt, ist eine Art halbautomatische Etikettiermaschine. Sie ben\u00f6tigt wenig Platz und ist f\u00fcr verschiedene Rundflaschen und Dosen geeignet. Dieser halbautomatische Etikettierer kann f\u00fcr Lebensmittel, Getr\u00e4nke, Milch, Saft, Saucen, Medikamente, Produkte des t\u00e4glichen Bedarfs, Kosmetika, Medikamente usw. verwendet werden. W\u00e4hrend der Nutzung kann sie verschiedene Gr\u00f6\u00dfen von Rundflaschen verarbeiten und Sie m\u00fcssen keine Teile austauschen. Au\u00dferdem liefern wir auch automatische Rundflaschen-Etikettiermaschinen, Etikettiermaschinen f\u00fcr eckige Flaschen usw. Dar\u00fcber hinaus ist ein kundenspezifischer Service gem\u00e4\u00df Ihren Anforderungen verf\u00fcgbar.<\/p>    <div class=\"wp-block-columns is-layout-flex wp-container-core-columns-is-layout-28f84493 wp-block-columns-is-layout-flex\"> <div class=\"wp-block-column is-layout-flow wp-block-column-is-layout-flow\"> <figure class=\"wp-block-image aligncenter size-full\"><img loading=\"lazy\" decoding=\"async\" width=\"750\" height=\"500\" src=\"https:\/\/tianhuipackingmachine.com\/wp-content\/uploads\/2021\/08\/semi-automatic-round-bottle-labeler-1.jpg\" alt=\"halbautomatischer runder Flaschenetikettierer\" class=\"wp-image-2118\" srcset=\"https:\/\/tianhuipackingmachine.com\/wp-content\/uploads\/2021\/08\/semi-automatic-round-bottle-labeler-1.jpg 750w, https:\/\/tianhuipackingmachine.com\/wp-content\/uploads\/2021\/08\/semi-automatic-round-bottle-labeler-1-300x200.jpg 300w\" sizes=\"auto, (max-width: 750px) 100vw, 750px\" \/><figcaption>Halbautomatischer Rundflaschenetikettierer<\/figcaption><\/figure> <\/div> <\/div>    <h2 class=\"has-text-color wp-block-heading\" id=\"h-semi-automatic-round-bottle-labeling-machine-parameters\" style=\"color:#ff5200\">Parameter der halbautomatischen Rundflaschen-Etikettiermaschine<\/h2>    <figure class=\"wp-block-table is-style-stripes\"><table><tbody><tr><td>Modell<\/td><td>TZ-100<\/td><\/tr><tr><td>Leistung<\/td><td>100W<\/td><\/tr><tr><td>Flaschendurchmesser<\/td><td>15\u2013120 mm<\/td><\/tr><tr><td>Etikettengeschwindigkeit<\/td><td>20-40 Flaschen\/Min<\/td><\/tr><tr><td>Etikettengr\u00f6\u00dfe<\/td><td>W26L25-W150L300<\/td><\/tr><tr><td>Der Innendurchmesser der Etikettenrolle<\/td><td>75mm<\/td><\/tr><tr><td>Au\u00dfendurchmesser der Etikettenrolle<\/td><td>275mm<\/td><\/tr><tr><td>Maschinengr\u00f6\u00dfe<\/td><td>650*345*450mm<\/td><\/tr><\/tbody><\/table><\/figure>    <h2 class=\"wp-block-heading\" id=\"h-features-of-semi-automatic-round-bottle-labeling-machine\">Merkmale der halbautomatischen Etikettiermaschine f\u00fcr runde Flaschen<\/h2>    <ol class=\"wp-block-list\" type=\"1\"><li>Einfache Struktur, vern\u00fcnftiges Design, einfach zu installieren, zu bedienen und zu warten;<\/li><li>Stabil arbeiten, ger\u00e4uscharm, erschwinglicher Preis, breite Anwendung;<\/li><li>Es ist mit einem fortschrittlichen fotoelektrischen Sensor ausgestattet, der f\u00fcr die Etikettierung hochintelligent ist.<\/li><li>Der K\u00f6rper des Etikettierers besteht aus einer Aluminiumlegierung, die sich durch geringes Gewicht und gute Gusseigenschaften auszeichnet.<\/li><li>Erf\u00fcllen Sie die meisten Spezifikationen runder Flaschen.<\/li><li>Der halbautomatische Flaschenetikettierer verwendet hochwertige Gummiwalzen mit hervorragender \u00dcbersetzung.<\/li><li>Der Preis f\u00fcr halbautomatische Etikettiermaschinen ist niedriger als f\u00fcr automatische Etikettiermaschinen.<\/li><li>Das Netzteil ist mit einer \u00dcberstromschutzfunktion ausgestattet. Wenn der normale Einsatzbereich \u00fcberschritten wird, brennt die Sicherung automatisch durch, um die Maschine zu sch\u00fctzen.<\/li><\/ol>    <h2 class=\"wp-block-heading\" id=\"h-various-applications-of-semi-automatic-labeling-machine-for-round-bottle\">Verschiedene Anwendungen einer halbautomatischen Etikettiermaschine f\u00fcr runde Flaschen<\/h2>    <p>Die halbautomatische Etikettiermaschine eignet sich f\u00fcr verschiedene runde Flaschen oder Dosen, unabh\u00e4ngig davon, ob das Flaschenmaterial Kunststoff, Glas oder Metall usw. ist. Sie kann f\u00fcr Flaschen oder Dosen mit Getr\u00e4nken, Saft, Wasser, Milch, \u00d6l usw. verwendet werden. So\u00dfe, Gew\u00fcrze, Chilipulver, Snacks, S\u00fc\u00dfigkeiten, Kekse, Chips, Popcorn, Trockenfr\u00fcchte, Produkte f\u00fcr den t\u00e4glichen Gebrauch, Kosmetika, Medikamente usw. Das Etikett kann die Flasche kreisf\u00f6rmig abdecken oder nicht. Die L\u00e4nge des Etiketts h\u00e4ngt von Ihren Bed\u00fcrfnissen ab. Sie k\u00f6nnen das Etikett auch an einem Teil der Flasche anbringen. <\/p>    <figure class=\"wp-block-image aligncenter size-full\"><img loading=\"lazy\" decoding=\"async\" width=\"750\" height=\"500\" src=\"https:\/\/tianhuipackingmachine.com\/wp-content\/uploads\/2021\/08\/applications-of-semi-automatic-round-bottle-labeler.jpg\" alt=\"Anwendungen des halbautomatischen Rundflaschenetikettierers\" class=\"wp-image-2120\" srcset=\"https:\/\/tianhuipackingmachine.com\/wp-content\/uploads\/2021\/08\/applications-of-semi-automatic-round-bottle-labeler.jpg 750w, https:\/\/tianhuipackingmachine.com\/wp-content\/uploads\/2021\/08\/applications-of-semi-automatic-round-bottle-labeler-300x200.jpg 300w\" sizes=\"auto, (max-width: 750px) 100vw, 750px\" \/><figcaption>Anwendungen des halbautomatischen Rundflaschenetikettierers<\/figcaption><\/figure>    <h2 class=\"wp-block-heading\" id=\"h-structures-manual-round-bottle-labeling-machine\">Structures manuelle Rundflaschen-Etikettiermaschine<\/h2>    <p class=\"translation-block\">Die halbautomatische Rundflaschen-Etikettiermaschine besteht haupts\u00e4chlich aus einem Motor, einem galvanisierten Aluminiumlegierungsgeh\u00e4use, einer Papierversorgungsschale, einer Schalenverstellschraube, einem hochwertigen Sensor, einer Glasfaser, einem Flaschenpressschwenkarm, einer Flaschenst\u00fctzrolle usw. Die galvanisierte Aluminiumlegierung ist leicht und hat eine gute Gie\u00dfbarkeit. Die Papierversorgungsschale mit Verstellschraube dient zur Befestigung des Etiketts, damit es leicht l\u00e4uft. Der hochwertige Sensor ist empfindlich beim Erkennen des Etiketts. Die Glasfaser positioniert pr\u00e4zise. Der Flaschenpressschwenkarm erleichtert das Anbringen der Flasche oder Dose auf der St\u00fctzrolle, damit das Etikettieren sauber und glatt ist. Wenn Sie weitere Details erfahren m\u00f6chten, k\u00f6nnen Sie <strong><a href=\"https:\/\/tianhuipackingmachine.com\/de\/contact\/\">uns kontaktieren<\/a><\/strong>, und wir werden Ihnen so schnell wie m\u00f6glich antworten.<\/p>    <figure class=\"wp-block-image aligncenter size-full\"><img loading=\"lazy\" decoding=\"async\" width=\"750\" height=\"500\" src=\"https:\/\/tianhuipackingmachine.com\/wp-content\/uploads\/2021\/08\/the-structure-of-manual-round-bottle-labeler.jpg\" alt=\"die Struktur des manuellen Rundflaschenetikettierers\" class=\"wp-image-2119\" srcset=\"https:\/\/tianhuipackingmachine.com\/wp-content\/uploads\/2021\/08\/the-structure-of-manual-round-bottle-labeler.jpg 750w, https:\/\/tianhuipackingmachine.com\/wp-content\/uploads\/2021\/08\/the-structure-of-manual-round-bottle-labeler-300x200.jpg 300w\" sizes=\"auto, (max-width: 750px) 100vw, 750px\" \/><figcaption>Die Struktur des manuellen Rundflaschenetikettierers<\/figcaption><\/figure>    <h2 class=\"wp-block-heading\" id=\"h-operation-procedures\">Betriebsabl\u00e4ufe<\/h2>    <ol class=\"wp-block-list\" type=\"1\"><li>Stellen Sie sicher, dass alle Teile der Maschine ordnungsgem\u00e4\u00df installiert sind.<\/li><li>Flasche von Hand auf die St\u00fctzrollen stellen.<\/li><li>Durch manuelles Dr\u00fccken des Flaschenschwenkarms zum Fixieren der Flasche wird der Etikettierschalter ausgel\u00f6st.<\/li><li>Die Flasche und das Papiervorratsfach drehen sich, um die Etikettierung auf der Flasche abzuschlie\u00dfen.<\/li><li>Heben Sie den Flaschenschwenkarm an und der Etikettiervorgang ist abgeschlossen.<\/li><\/ol>    <h2 class=\"wp-block-heading\" id=\"h-faqs-about-semi-automatic-round-bottle-labeling-machine\">FAQs zur halbautomatischen Etikettiermaschine f\u00fcr Rundflaschen<\/h2>    <ul class=\"wp-block-list\"><li>F1: F\u00fcr welche Arten von Flaschen kann die Etikettiermaschine verwendet werden?<\/li><li>A1: Runde Plastikflasche, runde Glasflasche, runde Metallflasche usw.<\/li><li>F2: Wie viele Flaschen k\u00f6nnen in einer Minute etikettiert werden?<\/li><li>A2: Das h\u00e4ngt von Ihrer manuellen Geschwindigkeit und der L\u00e4nge des Etiketts ab.<\/li><li>F3: Welche Flaschengr\u00f6\u00dfen k\u00f6nnen verwendet werden?<\/li><li>A3: Der Etikettierer kann f\u00fcr Flaschen mit einem Durchmesser von mehr als 3,5 cm verwendet werden. Wenn Ihre Flasche einen kleineren Durchmesser als 3,5 cm hat, ist eine horizontale Etikettiermaschine eine gute Wahl.<\/li><\/ul>    <h2 class=\"wp-block-heading\" id=\"h-related-machines\">Verwandte Maschinen<\/h2>    <p class=\"translation-block\">Als Hersteller und Lieferant von Verpackungsmaschinen bietet <strong><a href=\"https:\/\/tianhuipackingmachine.com\/de\/\">Henan Top Packing Machinery Co., Ltd<\/a><\/strong> eine Vielzahl von Maschinen f\u00fcr eine Produktionslinie an. Zum Beispiel gibt es Verpackungsmaschinen, <strong><a href=\"https:\/\/tianhuipackingmachine.com\/de\/automatic-round-bottle-labeling-machine-sale\/\">Etikettiermaschinen<\/a><\/strong>, Abf\u00fcllmaschinen, <strong><a href=\"https:\/\/tianhuipackingmachine.com\/de\/vacuum-capping-machines\/\">Schraubkappmaschinen<\/a><\/strong>, Datendrucker, <strong><a href=\"https:\/\/tianhuipackingmachine.com\/de\/continuous-bag-sealing-machine\/\">Siegelmaschinen<\/a><\/strong>, Ladef\u00f6rdervorrichtungen, F\u00f6rderb\u00e4nder, Stickstofff\u00fcllvorrichtungen usw. Sie k\u00f6nnen nach Ihren Bed\u00fcrfnissen ausw\u00e4hlen und kaufen. Wenn Sie weitere Informationen w\u00fcnschen, kontaktieren Sie uns bitte, und wir werden Ihnen so schnell wie m\u00f6glich antworten. Wir freuen uns auf Ihre E-Mail, Nachricht oder Ihren Anruf.<\/p>","protected":false},"excerpt":{"rendered":"<p>Semi automatic round bottle labeling machine, also called manual round bottle labeling machine, is a kind of semi-automatic labeling machine. It\u2019s occupied with small space, suitable various round bottles and cans. This semi-automatic labeler\u00a0can apply to food, beverage, milk, juice, sauces, medicine, daily use products, cosmetics, medicine, etc. During the process of using, it can [&hellip;]<\/p>\n","protected":false},"author":1,"featured_media":2118,"parent":0,"template":"","tags":[172],"product-type":[144],"class_list":["post-2114","product","type-product","status-publish","has-post-thumbnail","hentry","tag-labeling-machine","product-type-supporting-equipment"],"_links":{"self":[{"href":"https:\/\/tianhuipackingmachine.com\/de\/wp-json\/wp\/v2\/product\/2114","targetHints":{"allow":["GET"]}}],"collection":[{"href":"https:\/\/tianhuipackingmachine.com\/de\/wp-json\/wp\/v2\/product"}],"about":[{"href":"https:\/\/tianhuipackingmachine.com\/de\/wp-json\/wp\/v2\/types\/product"}],"author":[{"embeddable":true,"href":"https:\/\/tianhuipackingmachine.com\/de\/wp-json\/wp\/v2\/users\/1"}],"wp:featuredmedia":[{"embeddable":true,"href":"https:\/\/tianhuipackingmachine.com\/de\/wp-json\/wp\/v2\/media\/2118"}],"wp:attachment":[{"href":"https:\/\/tianhuipackingmachine.com\/de\/wp-json\/wp\/v2\/media?parent=2114"}],"wp:term":[{"taxonomy":"post_tag","embeddable":true,"href":"https:\/\/tianhuipackingmachine.com\/de\/wp-json\/wp\/v2\/tags?post=2114"},{"taxonomy":"product-type","embeddable":true,"href":"https:\/\/tianhuipackingmachine.com\/de\/wp-json\/wp\/v2\/product-type?post=2114"}],"curies":[{"name":"wp","href":"https:\/\/api.w.org\/{rel}","templated":true}]}}