{"id":2062,"date":"2021-08-04T14:09:42","date_gmt":"2021-08-04T06:09:42","guid":{"rendered":"https:\/\/tianhuipackingmachine.com\/?page_id=2062"},"modified":"2024-03-08T14:01:26","modified_gmt":"2024-03-08T06:01:26","slug":"continuous-bag-sealing-machine","status":"publish","type":"product","link":"https:\/\/tianhuipackingmachine.com\/de\/continuous-bag-sealing-machine\/","title":{"rendered":"Kontinuierliche Beutelverschlie\u00dfmaschine"},"content":{"rendered":"<p class=\"translation-block\"><strong>Kontinuierliche Beutelschwei\u00dfmaschine<\/strong> ist ein kleiner W\u00e4rmeschwei\u00dfer f\u00fcr Beutel. Es ist praktisch, ihn beim Gebrauch auf einen Tisch zu stellen. Es gibt zwei Arten von Maschinen. Eine kann den Verpackungsbeutel horizontal auf dem F\u00f6rderband herstellen, w\u00e4hrend die andere den Verpackungsbeutel vertikal auf dem F\u00f6rderband herstellen kann. Der Beutelschwei\u00dfer eignet sich f\u00fcr das Versiegeln von Beuteln mit Pulver, Granulat, Fl\u00fcssigkeit, Paste, St\u00fccken usw. Au\u00dferdem umfasst das Schwei\u00dfmuster ein Gitter, Gitter mit Datum, Gl\u00e4tte, Streifen. Zwei Kategorien von Datumsdruckern sind optional, n\u00e4mlich Tintenrad-Code und Kartuschen-Code. Dar\u00fcber hinaus unterst\u00fctzen wir f\u00fcr kontinuierliche Beutelschwei\u00dfmaschinen Anpassungsdienste f\u00fcr die Breite des F\u00f6rderbands, die H\u00f6he zwischen dem Schwei\u00dfger\u00e4t und dem F\u00f6rderband usw. Kontaktieren Sie uns, um weitere Informationen zu erhalten.<\/p>    <div class=\"wp-block-columns is-layout-flex wp-container-core-columns-is-layout-28f84493 wp-block-columns-is-layout-flex\"> <div class=\"wp-block-column is-layout-flow wp-block-column-is-layout-flow\"> <figure class=\"wp-block-image size-full\"><img loading=\"lazy\" decoding=\"async\" width=\"750\" height=\"500\" src=\"https:\/\/tianhuipackingmachine.com\/wp-content\/uploads\/2021\/08\/flat-bag-heat-sealing-machine.jpg\" alt=\"Flachbeutel-Hei\u00dfsiegelmaschine\" class=\"wp-image-2075\" srcset=\"https:\/\/tianhuipackingmachine.com\/wp-content\/uploads\/2021\/08\/flat-bag-heat-sealing-machine.jpg 750w, https:\/\/tianhuipackingmachine.com\/wp-content\/uploads\/2021\/08\/flat-bag-heat-sealing-machine-300x200.jpg 300w\" sizes=\"auto, (max-width: 750px) 100vw, 750px\" \/><figcaption>Flachbeutel-Hei\u00dfsiegelmaschine<\/figcaption><\/figure> <\/div>    <div class=\"wp-block-column is-layout-flow wp-block-column-is-layout-flow\"> <figure class=\"wp-block-image size-full\"><img loading=\"lazy\" decoding=\"async\" width=\"750\" height=\"500\" src=\"https:\/\/tianhuipackingmachine.com\/wp-content\/uploads\/2021\/08\/vertical-bag-heat-sealing-machine.jpg\" alt=\"Vertikale Hei\u00dfsiegelmaschine f\u00fcr Beutel\" class=\"wp-image-2076\" srcset=\"https:\/\/tianhuipackingmachine.com\/wp-content\/uploads\/2021\/08\/vertical-bag-heat-sealing-machine.jpg 750w, https:\/\/tianhuipackingmachine.com\/wp-content\/uploads\/2021\/08\/vertical-bag-heat-sealing-machine-300x200.jpg 300w\" sizes=\"auto, (max-width: 750px) 100vw, 750px\" \/><figcaption>Vertikale Hei\u00dfsiegelmaschine f\u00fcr Beutel<\/figcaption><\/figure> <\/div> <\/div>    <h2 class=\"wp-block-heading\" id=\"h-wide-application-of-continuous-bag-sealer\">Breite Anwendung von kontinuierlichen Beutelverschlie\u00dfern<\/h2>    <p class=\"translation-block\">Die kontinuierliche Beutelschwei\u00dfmaschine hat eine breite Anwendung beim Versiegeln von Aluminiumfolienbeuteln und Plastikt\u00fcten f\u00fcr Pulver, Granulat, Fl\u00fcssigkeit, Paste, St\u00fccke usw. Zu den g\u00e4ngigen Anwendungen geh\u00f6ren das Versiegeln von Kaffeepulver, Milchpulver, <strong><a href=\"https:\/\/tianhuipackingmachine.com\/de\/spice-packaging-machine\/\">Gew\u00fcrzen<\/a><\/strong>, Mehl, Chilipulver, Waschpulver, Snacks, <strong><a href=\"https:\/\/tianhuipackingmachine.com\/de\/tea-packaging-machine\/\">Tee<\/a><\/strong>, Kaffeebohnen, S\u00fc\u00dfigkeiten, Samen, Getreide, Keksen, Brot, Reis, Milch, Saft, Essig, Sojasauce, Tomatensauce, Spaghettisauce, Salatdressing, Marmelade, Masken, Hardware, Holzarbeiten usw. Der Beutel liegt oder steht auf dem F\u00f6rderband, abh\u00e4ngig vom Volumen der Materialien und dem Status, wenn der kleine W\u00e4rmeschwei\u00dfer l\u00e4uft. Sie k\u00f6nnen den geeigneten ausw\u00e4hlen, je nach Ihren tats\u00e4chlichen Bed\u00fcrfnissen.<strong><a href=\"https:\/\/tianhuipackingmachine.com\/de\/contact\/\"> Kontaktieren Sie uns<\/a><\/strong>, um n\u00fctzliche Vorschl\u00e4ge zu erhalten.<\/p>    <div class=\"wp-block-image\"><figure class=\"aligncenter size-full\"><img loading=\"lazy\" decoding=\"async\" width=\"750\" height=\"500\" src=\"https:\/\/tianhuipackingmachine.com\/wp-content\/uploads\/2021\/08\/applications-of-continuous-pouch-sealer.jpg\" alt=\"Anwendungen von kontinuierlichen Beutelverschlie\u00dfern\" class=\"wp-image-2071\" srcset=\"https:\/\/tianhuipackingmachine.com\/wp-content\/uploads\/2021\/08\/applications-of-continuous-pouch-sealer.jpg 750w, https:\/\/tianhuipackingmachine.com\/wp-content\/uploads\/2021\/08\/applications-of-continuous-pouch-sealer-300x200.jpg 300w\" sizes=\"auto, (max-width: 750px) 100vw, 750px\" \/><figcaption>Anwendungen von kontinuierlichen Beutelverschlie\u00dfern<\/figcaption><\/figure><\/div>    <h2 class=\"wp-block-heading\" id=\"h-benefits-of-continuous-bag-sealing-machine\">Vorteile einer kontinuierlichen Beutelverschlie\u00dfmaschine<\/h2>    <ol class=\"wp-block-list\" type=\"1\"><li>Einfache Struktur f\u00fcr Installation, Betrieb und Wartung;<\/li><li>Nehmen Sie wenig Platz ein, sind ger\u00e4uscharm, kosteng\u00fcnstig, effizient und sparen Zeit und Energie.<\/li><li>Der Block aus reinem Kupfer erw\u00e4rmt sich schnell und gleichm\u00e4\u00dfig und die luftgek\u00fchlte W\u00e4rmeableitung erfolgt schneller.<\/li><li>Verdicktes verschlei\u00dffestes F\u00f6rderband, langlebiger und erschwinglicher Preis;<\/li><li>Verschiedene Anwendungen f\u00fcr Beutel mit Pulver, Granulat, Fl\u00fcssigkeit, Paste, St\u00fccken usw.<\/li><li>Vier Versiegelungsmuster sind je nach Bedarf optional.<\/li><li>Die Geschwindigkeit des F\u00f6rderbandes ist einstellbar.<\/li><li>Der Notrufknopf dient als Sicherheitsma\u00dfnahme.<\/li><\/ol>    <h2 class=\"wp-block-heading\" id=\"h-continuous-bag-sealing-machine-structure\">Aufbau einer kontinuierlichen Beutelversiegelungsmaschine<\/h2>    <p>Die kontinuierliche Beutelversiegelungsmaschine besteht aus einem thermostatischen Temperaturregler, einem F\u00f6rderband, einem F\u00f6rdertisch, einem Pr\u00e4gerad, einem Druckeinstellknopf, einem K\u00fchlrad, einem W\u00e4rmeblock, einem Notschalter, einem temperaturgesteuerten Messger\u00e4t, einer Querverstellung des F\u00f6rdertisches und einem Einstellknopf des F\u00f6rderers Tisch. Der thermostatische Temperaturregler, die Temperaturanzeige auf einen Blick, h\u00e4lt die Betriebstemperatur, um die Produktqualit\u00e4t und Effizienz zu verbessern. Das F\u00f6rderband kann je nach Bedarf verbreitert werden. Vier Arten von Pr\u00e4ger\u00e4dern sind optional: Rasterrad, Rasterrad mit Datum, Gl\u00e4tterad und Streifenrad. Der Heizblock besteht aus reinem Kupfer und erw\u00e4rmt sich schnell und gleichm\u00e4\u00dfig.<\/p>    <div class=\"wp-block-image\"><figure class=\"aligncenter size-full\"><img loading=\"lazy\" decoding=\"async\" width=\"750\" height=\"500\" src=\"https:\/\/tianhuipackingmachine.com\/wp-content\/uploads\/2021\/08\/the-structure-of-continuous-bag-sealer.jpg\" alt=\"die Struktur des kontinuierlichen Beutelverschlie\u00dfers\" class=\"wp-image-2068\" srcset=\"https:\/\/tianhuipackingmachine.com\/wp-content\/uploads\/2021\/08\/the-structure-of-continuous-bag-sealer.jpg 750w, https:\/\/tianhuipackingmachine.com\/wp-content\/uploads\/2021\/08\/the-structure-of-continuous-bag-sealer-300x200.jpg 300w\" sizes=\"auto, (max-width: 750px) 100vw, 750px\" \/><figcaption>die Struktur des kontinuierlichen Beutelverschlie\u00dfers<\/figcaption><\/figure><\/div>    <h2 class=\"wp-block-heading\" id=\"h-do-you-know-why-others-choose-our-machines\">Wissen Sie, warum andere sich f\u00fcr unsere Maschinen entscheiden?<\/h2>    <p class=\"translation-block\">Zun\u00e4chst haben wir ein strenges Qualit\u00e4tssicherungssystem und unsere qualifizierten Mitarbeiter \u00fcberpr\u00fcfen die Maschinen sorgf\u00e4ltig vor dem Versand. Unsere Maschinen haben authentische Qualit\u00e4tsgarantie. Zweitens stellen wir ein englisches Handbuch und Videolehrmaterial zur Verf\u00fcgung. 24 Stunden Online-Service ist verf\u00fcgbar. Drittens k\u00f6nnen wir f\u00fcr die kontinuierliche Beutelschwei\u00dfmaschine die Breite des F\u00f6rderbands und die H\u00f6he zwischen dem Schwei\u00dfger\u00e4t und dem F\u00f6rderband usw. basierend auf Ihren Anforderungen anpassen. Dar\u00fcber hinaus liefern wir auch Abf\u00fcllmaschinen, <strong><a href=\"https:\/\/tianhuipackingmachine.com\/de\/\">Verpackungsmaschinen<\/a><\/strong>, Vakuumversiegelungsmaschinen, <strong><a href=\"https:\/\/tianhuipackingmachine.com\/de\/automatic-round-bottle-labeling-machine-sale\/\">Etikettiermaschinen<\/a><\/strong>, Datumsdrucker usw. Verschiedene Maschinen sind optional. Kontaktieren Sie uns f\u00fcr weitere Details.<\/p>","protected":false},"excerpt":{"rendered":"<p>Continuous bag sealing machine is a small heat sealer for pouches. It\u2019s convenient to put it on a table when using it. There are two kinds of machines. One can make the packaging bag horizontally on the conveyor belt, while the other one can make the packaging bag vertically on the conveyor belt. The bag [&hellip;]<\/p>\n","protected":false},"author":1,"featured_media":2075,"parent":0,"template":"","tags":[182],"product-type":[144],"class_list":["post-2062","product","type-product","status-publish","has-post-thumbnail","hentry","tag-sealing-machine","product-type-supporting-equipment"],"_links":{"self":[{"href":"https:\/\/tianhuipackingmachine.com\/de\/wp-json\/wp\/v2\/product\/2062","targetHints":{"allow":["GET"]}}],"collection":[{"href":"https:\/\/tianhuipackingmachine.com\/de\/wp-json\/wp\/v2\/product"}],"about":[{"href":"https:\/\/tianhuipackingmachine.com\/de\/wp-json\/wp\/v2\/types\/product"}],"author":[{"embeddable":true,"href":"https:\/\/tianhuipackingmachine.com\/de\/wp-json\/wp\/v2\/users\/1"}],"wp:featuredmedia":[{"embeddable":true,"href":"https:\/\/tianhuipackingmachine.com\/de\/wp-json\/wp\/v2\/media\/2075"}],"wp:attachment":[{"href":"https:\/\/tianhuipackingmachine.com\/de\/wp-json\/wp\/v2\/media?parent=2062"}],"wp:term":[{"taxonomy":"post_tag","embeddable":true,"href":"https:\/\/tianhuipackingmachine.com\/de\/wp-json\/wp\/v2\/tags?post=2062"},{"taxonomy":"product-type","embeddable":true,"href":"https:\/\/tianhuipackingmachine.com\/de\/wp-json\/wp\/v2\/product-type?post=2062"}],"curies":[{"name":"wp","href":"https:\/\/api.w.org\/{rel}","templated":true}]}}