{"id":2012,"date":"2021-08-02T17:28:39","date_gmt":"2021-08-02T09:28:39","guid":{"rendered":"https:\/\/tianhuipackingmachine.com\/?page_id=2012"},"modified":"2022-12-08T14:08:31","modified_gmt":"2022-12-08T06:08:31","slug":"vacuum-capping-machines","status":"publish","type":"product","link":"https:\/\/tianhuipackingmachine.com\/de\/vacuum-capping-machines\/","title":{"rendered":"Vakuumverschlie\u00dfmaschine"},"content":{"rendered":"<p class=\"translation-block\"><strong>Vakuumverschlussmaschine<\/strong> ist ein Schraubverschlussger\u00e4t, das die Luft aus Flaschen oder Dosen durch eine Vakuumpumpe abf\u00fchren kann, sodass die Lebensmittel unter Vakuumbedingungen die Lagerzeit verl\u00e4ngern. Der Maschinenk\u00f6rper besteht aus strapazierf\u00e4higem Edelstahlmaterial. Dieser Vakuumflaschenverschluss ist mit einem PLC-Touchscreen und vier Formen ausgestattet. Die Form ist basierend auf der Gr\u00f6\u00dfe und Form der Flaschen oder Dosen konzipiert. Der Benutzer muss die Flasche mit einem Deckel von Hand in die Form einsetzen. Sie ist geeignet f\u00fcr Glasflaschen und Dosen mit Eisenverschl\u00fcssen. Dar\u00fcber hinaus bieten wir einen Anpassungsservice gem\u00e4\u00df Ihren Anforderungen an. M\u00f6chten Sie mehr Details erhalten? Kontaktieren Sie uns und wir werden Ihnen so schnell wie m\u00f6glich antworten.<\/p>    <h2 class=\"wp-block-heading\" id=\"h-various-applications-of-vacuum-capping-equipment\">Verschiedene Anwendungen von Vakuumverschlie\u00dfger\u00e4ten<\/h2>    <p>Die Vakuumverpackungsmaschine eignet sich f\u00fcr Glasflaschen oder Dosen mit Eisendeckel, wie Milch, Joghurt, Saft, Marmelade, Erdnussbutter, Tomatensauce, Salatdressing, Chilisauce, Obstdosen usw. Zu den Formen der Flaschen oder Dosen geh\u00f6ren runde, quadratisch, flach, sechseckig, achteckig, vieleckig, unregelm\u00e4\u00dfig usw. Diese Maschine schraubt Kappen durch pneumatischen Antrieb, daher ist es eine gute Idee, sie mit einem Luftkompressor zu kombinieren. Au\u00dferdem sollten Sie besser mit einem \u00d6l-Wasser-Abscheider ausgestattet sein, um zu verhindern, dass das w\u00e4hrend des Produktionsprozesses entstehende Wasser \u00fcber die Leitung zur Maschine flie\u00dft.<\/p>    <figure class=\"wp-block-image aligncenter size-full\"><img loading=\"lazy\" decoding=\"async\" width=\"750\" height=\"500\" src=\"https:\/\/tianhuipackingmachine.com\/wp-content\/uploads\/2021\/08\/vacuum-capping-machine-1.jpg\" alt=\"Vakuumverschlie\u00dfmaschine\" class=\"wp-image-2014\" srcset=\"https:\/\/tianhuipackingmachine.com\/wp-content\/uploads\/2021\/08\/vacuum-capping-machine-1.jpg 750w, https:\/\/tianhuipackingmachine.com\/wp-content\/uploads\/2021\/08\/vacuum-capping-machine-1-300x200.jpg 300w\" sizes=\"auto, (max-width: 750px) 100vw, 750px\" \/><figcaption class=\"wp-element-caption\">Vakuumverschlie\u00dfmaschine<\/figcaption><\/figure>    <h2 class=\"has-text-color wp-block-heading\" id=\"h-vacuum-capping-machine-parameters\" style=\"color:#ff5200\">Parameter der Vakuumverschlie\u00dfmaschine<\/h2>    <figure class=\"wp-block-table is-style-stripes\"><table><tbody><tr><td>Modell<\/td><td> TZ-40 <\/td><\/tr><tr><td>Leistung<\/td><td> 0,87 kW <\/td><\/tr><tr><td>Passender Kappendurchmesser<\/td><td> 45-80mm <\/td><\/tr><tr><td> Flaschendurchmesser <\/td><td> 40-80mm <\/td><\/tr><tr><td> Flaschenh\u00f6he <\/td><td> 60-130mm <\/td><\/tr><tr><td> H\u00f6chstgeschwindigkeit <\/td><td> 10-20 Flaschen\/Min <\/td><\/tr><tr><td> Maschinengr\u00f6\u00dfe <\/td><td> 750*650*1400mm <\/td><\/tr><tr><td> Maschinengewicht <\/td><td> 160kg <\/td><\/tr><\/tbody><\/table><\/figure>    <h2 class=\"wp-block-heading\" id=\"h-semi-automatic-vacuum-capping-machine-working-video\">Video zum Betrieb einer halbautomatischen Vakuumverschlie\u00dfmaschine<\/h2>   <figure class=\"wp-block-embed-youtube wp-block-embed is-type-video is-provider-youtube wp-embed-aspect-16-9 wp-has-aspect-ratio\"><div class=\"lyte-wrapper\" title=\"Vakuumverschlie\u00dfmaschine | Dosenversiegelung von Marmeladen, Honig, Erdnussbutter, Schokoladensauce, Chilisauce\" style=\"width:853px;max-width:100%;margin:5px auto;\"><div class=\"lyMe\" id=\"WYL_32nMxgQSOaI\" itemprop=\"video\" itemscope itemtype=\"https:\/\/schema.org\/VideoObject\"><div><meta itemprop=\"thumbnailUrl\" content=\"https:\/\/i.ytimg.com\/vi\/32nMxgQSOaI\/hqdefault.jpg\" \/><meta itemprop=\"embedURL\" content=\"https:\/\/www.youtube.com\/embed\/32nMxgQSOaI\" \/><meta itemprop=\"duration\" content=\"PT1M7S\" \/><meta itemprop=\"uploadDate\" content=\"2022-02-14T07:15:13Z\" \/><\/div><meta itemprop=\"accessibilityFeature\" content=\"captions\" \/><div id=\"lyte_32nMxgQSOaI\" data-src=\"https:\/\/i.ytimg.com\/vi\/32nMxgQSOaI\/hqdefault.jpg\" class=\"pL\"><div class=\"tC\"><div class=\"tT\" itemprop=\"name\">Vakuumverschlie\u00dfmaschine | Dosenversiegelung von Marmeladen, Honig, Erdnussbutter, Schokoladensauce, Chilisauce<\/div><\/div><div class=\"play\"><\/div><div class=\"ctrl\"><div class=\"Lctrl\"><\/div><div class=\"Rctrl\"><\/div><\/div><\/div><noscript><a href=\"https:\/\/youtu.be\/32nMxgQSOaI\" rel=\"nofollow noopener\" target=\"_blank\"><img loading=\"lazy\" decoding=\"async\" src=\"https:\/\/i.ytimg.com\/vi\/32nMxgQSOaI\/0.jpg\" alt=\"Vakuumverschlie\u00dfmaschine | Dosenversiegelung von Marmeladen, Honig, Erdnussbutter, Schokoladensauce, Chilisauce\" width=\"853\" height=\"460\" \/><\/a><\/noscript><meta itemprop=\"description\" content=\"Website: https:\/\/tianhuipackingmachine.com\/vacuum-capping-machines\/ Email: sales@tianhuipackingmachine.com WhatsApp\/Tel: +86 17329326135 Vacuum capping machine has a wide range of applications in various kinds of sauces in jars. They are common in supermarkets and convenience stores, such as strawberry jam, blueberry sauce, marmalade, honey, peanut butter, chocolate sauce, chili sauce, salad dressing, tahini sauce, etc. Vacuum capping equipment is mainly composed of a touch screen, a rotary air cylinder, precision screw cap, screw cap mold, vacuum pump, stainless steel body. On the touch screen, the operator can set up various parameters, such as using language, output counting, capping time, vacuuming time, the delay time of bottle taking, capping, and so on. After setting data, put the glass cans into molds that will spin automatically so that the jars are easy to exhaust air from cans one by one. A vacuum capping machine is equipped with four molds that are the same and apply to the same jars. There are round, square, hexagonal, octagonal, and irregular shapes of cans optional. Furthermore, the mold is customized in accordance with the cans, so it requires different molds if you want to cap different shapes of jars. The vacuuming process is driven by the vacuum pump. Stainless steel material is durable and easy to maintain. Generally, one machine can produce 10-20 cans per minute. The production speed is related to the speed of placing jars manually and the size of the cans. If you are interested in the equipment, welcome to consult us. Email: sales@toppackingmachine.com WhatsApp\/Tel: +86 17329326135\"><\/div><\/div><div class=\"lL\" style=\"max-width:100%;width:853px;margin:5px auto;\"> <a href=\"https:\/\/youtu.be\/32nMxgQSOaI\" target=\"_blank\" rel=\"noopener\">Dieses Video auf YouTube ansehen<\/a>.<\/div><figcaption><\/figcaption><\/figure>   <h2 class=\"wp-block-heading\" id=\"h-features-benefits-of-vacuum-capping-machine\">Merkmale und Vorteile der Vakuumverschlie\u00dfmaschine<\/h2>    <ol class=\"wp-block-list\" type=\"1\"> <li>Einfache Struktur und angemessenes Design f\u00fcr Installation, Betrieb und Wartung;<\/li>    <li>Stabiler Betrieb, ger\u00e4uscharm und geringer Platzbedarf;<\/li>    <li>Vier feste F\u00fc\u00dfe oder vier R\u00e4der optional; fester Fu\u00df ist stabiler;<\/li>    <li>Die Form kann individuell an die Gr\u00f6\u00dfe und Form Ihrer Flaschen oder Dosen angepasst werden.<\/li>    <li>Glasflaschen mit Eisendeckel sind die beste Wahl zum Vakuumverschlie\u00dfen.<\/li>    <li>Ein Anpassungsservice ist verf\u00fcgbar. &nbsp;<\/li> <\/ol>    <h2 class=\"wp-block-heading\" id=\"h-the-structure-and-details-of-the-vacuum-capping-machine\">Der Aufbau und die Details der Vakuumverschlie\u00dfmaschine<\/h2>    <p>Die Vakuumverschlie\u00dfmaschine besteht aus einem SPS-Touchscreen, einem Drehzylinder, einer Schraubverschlussform, einer Vakuumpumpe usw. Der SPS-Touchscreen kann viele Parameter einstellen, wie z. B. die Verwendung von Sprache, die Vakuumzeit, die Verz\u00f6gerung des Schraubverschlusses und die Zeit des Anhebens usw. Ein Satz Schraubdeckelformen besteht aus vier Formen mit der gleichen Gr\u00f6\u00dfe und Form. Die Verschlie\u00dfgeschwindigkeit betr\u00e4gt 10-20 Flaschen oder Dosen pro Minute. Jeder Formensatz wird individuell an die Gr\u00f6\u00dfe und Form der Flasche oder Dose angepasst. Die Vakuumpumpe saugt Luft durch ein Rohr ab, wenn sich Flaschen oder Dosen in der Form befinden.<\/p>    <figure class=\"wp-block-image aligncenter size-full\"><img loading=\"lazy\" decoding=\"async\" width=\"750\" height=\"500\" src=\"https:\/\/tianhuipackingmachine.com\/wp-content\/uploads\/2021\/08\/the-structure-of-vacuum-capping-machine.jpg\" alt=\"die Struktur der Vakuumverschlie\u00dfmaschine\" class=\"wp-image-2017\" srcset=\"https:\/\/tianhuipackingmachine.com\/wp-content\/uploads\/2021\/08\/the-structure-of-vacuum-capping-machine.jpg 750w, https:\/\/tianhuipackingmachine.com\/wp-content\/uploads\/2021\/08\/the-structure-of-vacuum-capping-machine-300x200.jpg 300w\" sizes=\"auto, (max-width: 750px) 100vw, 750px\" \/><figcaption class=\"wp-element-caption\">Die Struktur der Vakuumverschlie\u00dfmaschine<\/figcaption><\/figure>    <h2 class=\"wp-block-heading\" id=\"h-why-a-glass-bottle-or-can-with-an-iron-cover-is-the-best-choice\">Warum ist eine Glasflasche oder Dose mit Eisendeckel die beste Wahl?<\/h2>    <p>Die Vakuumverschlie\u00dfmaschine saugt die Luft in der Flasche ab, um ein Vakuum zu erzeugen. Wenn Sie eine Plastikflasche verwenden, ist es wahrscheinlich, dass diese sich beim Vakuumverschlie\u00dfen verformt. Wenn die Kappe nicht aus Eisen besteht, sind Kappe und Versiegelung m\u00f6glicherweise nicht dicht. W\u00e4hrend Glasflaschen oder Dosen mit Eisendeckeln aufgrund der Eigenschaften der Glas- und Eisenmaterialien gut verschlossen werden k\u00f6nnen und die Vakuumzeit lange halten. Um die Lagerzeit zu verl\u00e4ngern, ist eine Glasflasche oder Dose mit Eisendeckel die beste Wahl. Der Vakuumverschluss verlangsamt effektiv den Verderb von Lebensmitteln.<\/p>    <h2 class=\"wp-block-heading\" id=\"h-related-machines\">Verwandte Maschinen<\/h2>    <p class=\"translation-block\">Als <strong><a href=\"https:\/\/tianhuipackingmachine.com\/de\/\">Hersteller und Lieferant von Verpackungsmaschinen<\/a><\/strong> bieten wir auch eine Beutelverpackungsmaschine, Pulververpackungsmaschine, Granulaverpackungsmaschine, Fl\u00fcssigverpackungsmaschine, Vakuumverpackungsmaschine, Kissenverpackungsmaschine, automatische Flaschenf\u00fcll- und Verpackungsmaschine, <strong><a href=\"https:\/\/tianhuipackingmachine.com\/de\/automatic-round-bottle-labeling-machine-sale\/\">automatische Rundflaschenetikettiermaschine<\/a><\/strong> usw. Verschiedene Verpackungsmaschinen sind optional. Dar\u00fcber hinaus sind F\u00f6rderband, Datendrucker, Luftkompressor verf\u00fcgbar. Gleichzeitig unterst\u00fctzen wir den OEM-Service. Kontaktieren Sie uns, um mehr Details zu erhalten, und wir werden Ihnen so schnell wie m\u00f6glich antworten.<\/p>","protected":false},"excerpt":{"rendered":"<p>Vacuum capping machine is a screw capper that can exhaust the air of bottles or cans through a vacuum pump so that the food in a vacuum circumstance extend storage time. The equipment body adopts durable stainless steel material. This vacuum bottle sealer is equipped with a PLC touch screen, four moulds. The mould is [&hellip;]<\/p>\n","protected":false},"author":1,"featured_media":2014,"parent":0,"template":"","tags":[168],"product-type":[144],"class_list":["post-2012","product","type-product","status-publish","has-post-thumbnail","hentry","tag-capping-machine","product-type-supporting-equipment"],"_links":{"self":[{"href":"https:\/\/tianhuipackingmachine.com\/de\/wp-json\/wp\/v2\/product\/2012","targetHints":{"allow":["GET"]}}],"collection":[{"href":"https:\/\/tianhuipackingmachine.com\/de\/wp-json\/wp\/v2\/product"}],"about":[{"href":"https:\/\/tianhuipackingmachine.com\/de\/wp-json\/wp\/v2\/types\/product"}],"author":[{"embeddable":true,"href":"https:\/\/tianhuipackingmachine.com\/de\/wp-json\/wp\/v2\/users\/1"}],"wp:featuredmedia":[{"embeddable":true,"href":"https:\/\/tianhuipackingmachine.com\/de\/wp-json\/wp\/v2\/media\/2014"}],"wp:attachment":[{"href":"https:\/\/tianhuipackingmachine.com\/de\/wp-json\/wp\/v2\/media?parent=2012"}],"wp:term":[{"taxonomy":"post_tag","embeddable":true,"href":"https:\/\/tianhuipackingmachine.com\/de\/wp-json\/wp\/v2\/tags?post=2012"},{"taxonomy":"product-type","embeddable":true,"href":"https:\/\/tianhuipackingmachine.com\/de\/wp-json\/wp\/v2\/product-type?post=2012"}],"curies":[{"name":"wp","href":"https:\/\/api.w.org\/{rel}","templated":true}]}}