{"id":1984,"date":"2021-07-29T16:56:16","date_gmt":"2021-07-29T08:56:16","guid":{"rendered":"https:\/\/tianhuipackingmachine.com\/?page_id=1984"},"modified":"2022-04-27T11:26:38","modified_gmt":"2022-04-27T03:26:38","slug":"automatic-round-bottle-labeling-machine-sale","status":"publish","type":"product","link":"https:\/\/tianhuipackingmachine.com\/de\/automatic-round-bottle-labeling-machine-sale\/","title":{"rendered":"Automatische Etikettiermaschine f\u00fcr Rundflaschen"},"content":{"rendered":"<p class=\"translation-block\"><strong>Automatische Rundflaschen-Etikettiermaschine<\/strong> ist die Ausr\u00fcstung, die Rollen von Stickerpapieretiketten auf Rundflaschen kleben kann. Die Etiketten umfassen ein ganzes Etikett oder Doppeltiketten rund um den Umfang der Flasche. Es eignet sich f\u00fcr verschiedene Flaschen, wie Kunststoffflaschen, Glasflaschen, Metallflaschen usw. Es ist mit einem SPS-Touchscreen ausgestattet, der die Sprache, die Etikettiergeschwindigkeit, die Z\u00e4hlung der etikettierten Flaschen, die Produktionsbereinigung, den Etikettenausgabetest, die Parametereinstellung f\u00fcr den Flaschenverriegelungstest usw. steuert. Au\u00dferdem liefern wir Flaschenentwirrer, automatische Fl\u00fcssigkeits- oder Pastenf\u00fcll- und Verpackungsmaschinen, F\u00f6rderb\u00e4nder, Verschlie\u00dfmaschinen, Datendrucker usw. In der Zwischenzeit ist OEM-Service gem\u00e4\u00df Ihren tats\u00e4chlichen Anforderungen verf\u00fcgbar. Kontaktieren Sie uns, um weitere Details und den besten Preis zu erhalten.<\/p>    <div class=\"wp-block-columns is-layout-flex wp-container-core-columns-is-layout-28f84493 wp-block-columns-is-layout-flex\"> <div class=\"wp-block-column is-layout-flow wp-block-column-is-layout-flow\"> <div class=\"wp-block-image\"><figure class=\"aligncenter size-full\"><img loading=\"lazy\" decoding=\"async\" width=\"750\" height=\"500\" src=\"https:\/\/tianhuipackingmachine.com\/wp-content\/uploads\/2021\/07\/automatic-round-bottle-labeler.jpg\" alt=\"Automatischer Rundflaschenetikettierer\" class=\"wp-image-1988\" srcset=\"https:\/\/tianhuipackingmachine.com\/wp-content\/uploads\/2021\/07\/automatic-round-bottle-labeler.jpg 750w, https:\/\/tianhuipackingmachine.com\/wp-content\/uploads\/2021\/07\/automatic-round-bottle-labeler-300x200.jpg 300w\" sizes=\"auto, (max-width: 750px) 100vw, 750px\" \/><figcaption>Automatischer Rundflaschenetikettierer<\/figcaption><\/figure><\/div> <\/div> <\/div>    <h2 class=\"wp-block-heading\" id=\"h-structures-of-automatic-round-bottle-labeling-machine\">Aufbau einer automatischen Etikettiermaschine f\u00fcr Rundflaschen<\/h2>    <p class=\"translation-block\">Die automatische Rundflaschen-Etikettiermaschine besteht aus einem SPS-Touchscreen, einer Etikettiermaschine, Rollen, einer separaten Flaschenvorrichtung mit Flaschenstopprad, einem Schaltschrank, einer Rollenetikettiervorrichtung, einem Auslaufband usw. Ihr Geh\u00e4use besteht aus langlebigem Edelstahl. Einrichten \u00fcber Sprache, Laufgeschwindigkeit der separaten Flaschenvorrichtung, Etikettierzeit usw. auf dem SPS-Touchscreen, der die Gesamtproduktion und die Etikettieranzahl anzeigen kann. Die Etiketten werden durch die vom Motor angetriebenen Rollen gef\u00fchrt. Die Flaschen auf dem F\u00f6rderband werden durch das Stopprad getrennt. Die Gr\u00f6\u00dfen der Komponenten der automatischen Flaschenetikettiermaschine werden nach Ihren Bed\u00fcrfnissen angepasst. M\u00f6chten Sie mehr Informationen erhalten? <strong><a href=\"https:\/\/tianhuipackingmachine.com\/de\/contact\/\">Kontaktieren Sie uns<\/a><\/strong> und wir werden Ihnen so schnell wie m\u00f6glich antworten.<\/p>    <div class=\"wp-block-image\"><figure class=\"aligncenter size-full\"><img loading=\"lazy\" decoding=\"async\" width=\"750\" height=\"500\" src=\"https:\/\/tianhuipackingmachine.com\/wp-content\/uploads\/2021\/07\/structure-of-automatic-round-bottle-labeling-machine.jpg\" alt=\"Struktur der automatischen Rundflaschen-Etikettiermaschine\" class=\"wp-image-2001\" srcset=\"https:\/\/tianhuipackingmachine.com\/wp-content\/uploads\/2021\/07\/structure-of-automatic-round-bottle-labeling-machine.jpg 750w, https:\/\/tianhuipackingmachine.com\/wp-content\/uploads\/2021\/07\/structure-of-automatic-round-bottle-labeling-machine-300x200.jpg 300w\" sizes=\"auto, (max-width: 750px) 100vw, 750px\" \/><figcaption>Struktur der automatischen Rundflaschen-Etikettiermaschine<\/figcaption><\/figure><\/div>    <h2 class=\"wp-block-heading\" id=\"h-features-benefits\">Merkmale und Vorteile<\/h2>    <ol class=\"wp-block-list\" type=\"1\"><li>Einfache Struktur f\u00fcr Installation, Betrieb und Wartung.<\/li><li>Stabiler Betrieb, vern\u00fcnftiges Design, ger\u00e4uscharm, effizient und genau.<\/li><li>Der SPS-Touchscreen ist einfach zu bedienen.<\/li><li>F\u00f6rderbandbreite, Etikettierradbreite und H\u00f6he sind einstellbar.<\/li><li>Vier R\u00e4der oder fester Boden optional<\/li><li>Anpassungsservice verf\u00fcgbar<\/li><\/ol>    <h2 class=\"wp-block-heading\" id=\"h-automatic-round-bottle-labeler-working-video\">Arbeitsvideo zum automatischen Rundflaschenetikettierer <\/h2>   <figure class=\"wp-block-embed-youtube wp-block-embed is-type-video is-provider-youtube wp-embed-aspect-16-9 wp-has-aspect-ratio\"><div class=\"lyte-wrapper\" title=\"Automatische Rundflaschen-Etikettiermaschine | Etikettenapplikator\" style=\"width:853px;max-width:100%;margin:5px auto;\"><div class=\"lyMe\" id=\"WYL_hKvurQpWX5I\" itemprop=\"video\" itemscope itemtype=\"https:\/\/schema.org\/VideoObject\"><div><meta itemprop=\"thumbnailUrl\" content=\"https:\/\/i.ytimg.com\/vi\/hKvurQpWX5I\/hqdefault.jpg\" \/><meta itemprop=\"embedURL\" content=\"https:\/\/www.youtube.com\/embed\/hKvurQpWX5I\" \/><meta itemprop=\"duration\" content=\"PT2M37S\" \/><meta itemprop=\"uploadDate\" content=\"2021-10-14T07:39:26Z\" \/><\/div><div id=\"lyte_hKvurQpWX5I\" data-src=\"https:\/\/i.ytimg.com\/vi\/hKvurQpWX5I\/hqdefault.jpg\" class=\"pL\"><div class=\"tC\"><div class=\"tT\" itemprop=\"name\">Automatische Rundflaschen-Etikettiermaschine | Etikettenapplikator<\/div><\/div><div class=\"play\"><\/div><div class=\"ctrl\"><div class=\"Lctrl\"><\/div><div class=\"Rctrl\"><\/div><\/div><\/div><noscript><a href=\"https:\/\/youtu.be\/hKvurQpWX5I\" rel=\"nofollow noopener\" target=\"_blank\"><img loading=\"lazy\" decoding=\"async\" src=\"https:\/\/i.ytimg.com\/vi\/hKvurQpWX5I\/0.jpg\" alt=\"Automatische Rundflaschen-Etikettiermaschine | Etikettenapplikator\" width=\"853\" height=\"460\" \/><\/a><\/noscript><meta itemprop=\"description\" content=\"The automatic round bottle labeling machine can paste a whole long label or double short labels on the round bottles. The equipment size can be customized according to the diameter and the height of the round bottle. It can not only be used alone but also match with other machines to compose a production line, such as filling machine, capping machine, heat shrink packing machine, carton sealing machine, and so on. Email: sales@toppackingmachine.com Whatsapp\/Tel: +86 17329326135 More details on the website: https:\/\/tianhuipackingmachine.com\/automatic-round-bottle-labeling-machine-sale\/\"><\/div><\/div><div class=\"lL\" style=\"max-width:100%;width:853px;margin:5px auto;\"> <a href=\"https:\/\/youtu.be\/hKvurQpWX5I\" target=\"_blank\" rel=\"noopener\">Dieses Video auf YouTube ansehen<\/a>.<\/div><figcaption><\/figcaption><\/figure>   <h2 class=\"wp-block-heading\" id=\"h-various-applications-of-automatic-round-bottle-labeling-equipment\">Verschiedene Anwendungen von automatischen Etikettierger\u00e4ten f\u00fcr Rundflaschen<\/h2>    <p class=\"translation-block\">Die automatische Rundflaschen-Verpackungsmaschine eignet sich f\u00fcr Kunststoffflaschen, Glasflaschen, Metallflaschen usw. und wird h\u00e4ufig in den Branchen Lebensmittel, Getr\u00e4nke, t\u00e4glicher Bedarf, Medizin, So\u00dfen, Kosmetika, Chemikalien usw. eingesetzt. In unserem t\u00e4glichen Leben sehen wir h\u00e4ufig Flaschen mit Wasser, Bier, Wein,<strong><a href=\"https:\/\/tianhuipackingmachine.com\/de\/oil-packaging-machine\/\"> \u00d6l<\/a><\/strong>, Gew\u00fcrzen, So\u00dfen, Medikamenten, Milch, Snackdosen usw. Ein automatischer Rundflaschenetikettierer kann nicht nur ein ganzes Etikett um die Flasche kleben, sondern auch zwei Etiketten vorne und hinten aufkleben. Au\u00dferdem kann er mit anderen Maschinen zusammenarbeiten, wie z. B. Flaschenentwirrer, automatische Fl\u00fcssigkeitsf\u00fcllung, Verpackungsmaschine, F\u00f6rderband, Verschlie\u00dfmaschine, Datendrucker usw. Diese zusammenarbeitenden Maschinen k\u00f6nnen die Produktionsautomatisierung erheblich verbessern. Wenn Sie danach suchen, kontaktieren Sie uns f\u00fcr weitere Informationen und den besten Preis.<\/p>    <div class=\"wp-block-image\"><figure class=\"aligncenter size-full\"><img loading=\"lazy\" decoding=\"async\" width=\"750\" height=\"500\" src=\"https:\/\/tianhuipackingmachine.com\/wp-content\/uploads\/2021\/07\/labeling-machines-for-all-kinds-of-round-bottles.jpg\" alt=\"Etikettiermaschinen f\u00fcr alle Arten von Rundflaschen\" class=\"wp-image-2003\" srcset=\"https:\/\/tianhuipackingmachine.com\/wp-content\/uploads\/2021\/07\/labeling-machines-for-all-kinds-of-round-bottles.jpg 750w, https:\/\/tianhuipackingmachine.com\/wp-content\/uploads\/2021\/07\/labeling-machines-for-all-kinds-of-round-bottles-300x200.jpg 300w\" sizes=\"auto, (max-width: 750px) 100vw, 750px\" \/><figcaption>Etikettiermaschinen f\u00fcr alle Arten von Rundflaschen<\/figcaption><\/figure><\/div>    <h2 class=\"wp-block-heading\" id=\"h-operating-procedures\">Arbeitsanweisungen<\/h2>    <ol class=\"wp-block-list\" type=\"1\"><li>Bringen Sie die Etiketten gem\u00e4\u00df der Abbildung an und passen Sie die H\u00f6he jedes Teils an.<\/li><li>\u00dcberpr\u00fcfen Sie, ob die Position des Etiketts richtig ist oder nicht.<\/li><li>Passen Sie die Breite der separaten Flaschenvorrichtung an.<\/li><li>Schlie\u00dfen Sie die Stromquelle an und \u00f6ffnen Sie den Schalter des fotoelektrischen Detektors. \u00a0<\/li><li>\u00d6ffnen Sie den Motor- und Etikettensendeschalter und testen Sie die Maschine. Wenn etwas nicht stimmt, korrigieren Sie es.<\/li><li>Nachdem Sie sichergestellt haben, dass die Ausr\u00fcstung fehlerfrei ist, k\u00f6nnen Sie damit mit der Produktion beginnen.<\/li><li>Trennen Sie die Stromquelle, wenn Sie sie nicht verwenden.<\/li><\/ol>    <h2 class=\"wp-block-heading\" id=\"h-attentions\">Aufmerksamkeiten<\/h2>    <ul class=\"wp-block-list\" type=\"1\"><li>\u00dcberpr\u00fcfen Sie vor dem Einschalten des Stroms, ob alle Teile der Maschine ordnungsgem\u00e4\u00df installiert sind.<\/li><li>Stellen Sie sicher, dass das Erdungskabel bei der Verwendung angeschlossen ist.<\/li><li>Achten Sie darauf, ob die Richtung der Etiketten f\u00fcr das Ger\u00e4t geeignet ist.<\/li><li>Achten Sie darauf, die Etiketten flach zu dr\u00fccken und zu spannen.<\/li><li>Stellen Sie sicher, dass der fotoelektrische Detektor nicht richtig positioniert ist, andernfalls ist das Klebeetikett nicht glatt.<\/li><li>Stellen Sie sicher, dass der Transport der Babyflasche und der Weg des Etiketts frei sind.<\/li><\/ul>    <h2 class=\"wp-block-heading\" id=\"h-related-bottle-labeling-machine-for-sale\">Zugeh\u00f6rige Flaschenetikettiermaschine zu verkaufen<\/h2>    <p class=\"translation-block\">Als <strong><a href=\"https:\/\/tianhuipackingmachine.com\/de\/\">Maschinenhersteller und -lieferant<\/a><\/strong> bieten wir neben der automatischen Rundflaschen-Etikettiermaschine auch Flachflaschen-Etikettiermaschinen, Kleinflaschen-Etikettiermaschinen, Rundflaschen-Etikettiermaschinen f\u00fcr kurze Etiketten, Etikettiermaschinen f\u00fcr flache Kartons oder Beutel, manuelle Rundflaschen-Etikettiermaschinen usw. an. Der Flachflaschen-Etikettierer kann optional eine flache Seite oder zwei flache Seiten bekleben. Die Kleinflaschen-Etikettiermaschine eignet sich f\u00fcr kleine Objekte wie Lippenstifte, feste Kaugummis, kosmetische Proben mit Rundflaschen usw. Die manuelle Rundflaschen-Etikettiermaschine, auch halbautomatische Rundflaschen-Etikettiermaschine genannt, erfordert, dass Personen die Flasche von Hand auf die Etikettierposition legen. Dar\u00fcber hinaus bieten wir Anpassungsdienste gem\u00e4\u00df Ihren spezifischen Anforderungen an. Wenn Sie daran interessiert sind, kontaktieren Sie uns, um weitere Details zu erhalten.<\/p>","protected":false},"excerpt":{"rendered":"<p>Automatic round bottle labeling machine is the equipment that can paste rolls of sticker paper label on the round bottles. The labels include a whole label or double labels around the circumference of the bottle. It is suitable for various bottles, referring to plastic bottles, glass bottles, metal bottles, etc.&nbsp;It\u2019s equipped with a PLC touch [&hellip;]<\/p>\n","protected":false},"author":1,"featured_media":1988,"parent":0,"template":"","tags":[173],"product-type":[144],"class_list":["post-1984","product","type-product","status-publish","has-post-thumbnail","hentry","tag-bottle-labeling-machine","product-type-supporting-equipment"],"_links":{"self":[{"href":"https:\/\/tianhuipackingmachine.com\/de\/wp-json\/wp\/v2\/product\/1984","targetHints":{"allow":["GET"]}}],"collection":[{"href":"https:\/\/tianhuipackingmachine.com\/de\/wp-json\/wp\/v2\/product"}],"about":[{"href":"https:\/\/tianhuipackingmachine.com\/de\/wp-json\/wp\/v2\/types\/product"}],"author":[{"embeddable":true,"href":"https:\/\/tianhuipackingmachine.com\/de\/wp-json\/wp\/v2\/users\/1"}],"wp:featuredmedia":[{"embeddable":true,"href":"https:\/\/tianhuipackingmachine.com\/de\/wp-json\/wp\/v2\/media\/1988"}],"wp:attachment":[{"href":"https:\/\/tianhuipackingmachine.com\/de\/wp-json\/wp\/v2\/media?parent=1984"}],"wp:term":[{"taxonomy":"post_tag","embeddable":true,"href":"https:\/\/tianhuipackingmachine.com\/de\/wp-json\/wp\/v2\/tags?post=1984"},{"taxonomy":"product-type","embeddable":true,"href":"https:\/\/tianhuipackingmachine.com\/de\/wp-json\/wp\/v2\/product-type?post=1984"}],"curies":[{"name":"wp","href":"https:\/\/api.w.org\/{rel}","templated":true}]}}