{"id":1721,"date":"2021-07-06T17:53:50","date_gmt":"2021-07-06T09:53:50","guid":{"rendered":"https:\/\/tianhuipackingmachine.com\/?page_id=1721"},"modified":"2024-03-08T09:30:29","modified_gmt":"2024-03-08T01:30:29","slug":"bag-packaging-machine","status":"publish","type":"product","link":"https:\/\/tianhuipackingmachine.com\/de\/bag-packaging-machine\/","title":{"rendered":"Beutelverpackungsmaschine"},"content":{"rendered":"<p class=\"translation-block\"><strong>Beutelverpackungsmaschine<\/strong> eignet sich f\u00fcr die Verpackung verschiedener Arten von Pulver, Feststoffen, Fl\u00fcssigkeiten und Pasten. Beutelverpackungsprodukte sind \u00fcberall in unserem t\u00e4glichen Leben zu finden, wie in Superm\u00e4rkten, Convenience-Stores, Kosmetikgesch\u00e4ften, Apotheken, Baum\u00e4rkten usw. Je nach Automatisierungsgrad umfasst die Beutelverpackungsmaschine eine vollautomatische Verpackungsmaschine und eine halbautomatische Verpackungsmaschine. Die vollautomatische Beutelverpackungsmaschine kann den gesamten Prozess des Wiegens, Beutelbildens, F\u00fcllens, Versiegelns, Schneidens und Z\u00e4hlens automatisch abschlie\u00dfen. W\u00e4hrend die halbautomatische Beutelverpackungsmaschine den Beutel manuell auf die Maschine legen muss. Es w\u00e4re besser, wenn Sie uns die Produkte mitteilen, die Sie verpacken m\u00f6chten, und die Gr\u00f6\u00dfen der Verpackungsbeutel, die Sie w\u00fcnschen, bevor Sie eine Beutelverpackungsmaschine kaufen, damit wir Ihnen n\u00fctzlichere Vorschl\u00e4ge geben k\u00f6nnen. Dar\u00fcber hinaus bieten wir einen ma\u00dfgeschneiderten Service an. Nehmen Sie jetzt Kontakt mit uns auf, um weitere Details zu erhalten.<\/p>    <h2 class=\"wp-block-heading\" id=\"h-various-excellent-bag-packaging-machine-for-sale\">Verschiedene hervorragende Beutelverpackungsmaschinen zu verkaufen<\/h2>    <p>Beutelverpackungsmaschinen zum Verkauf bei Top Packing Machinery beziehen sich auf Pulververpackungsmaschinen, Granulatverpackungsmaschinen, Fl\u00fcssigkeitsverpackungsmaschinen, Reversverpackungsmaschinen, Kippeimerverpackungsmaschinen, Vakuumverpackungsmaschinen usw. Die Pulverbeutelverpackungsmaschine kann Materialien mit einem Gewicht von bis zu 50 kg verpacken . Es gibt eine automatische Beutelpulververpackungsmaschine f\u00fcr 0\u201380 g, eine automatische Pulververpackungsmaschine f\u00fcr 0\u20131 kg, eine halbautomatische Pulververpackungsausr\u00fcstung f\u00fcr 1\u20135 kg und eine halbautomatische Verpackungsausr\u00fcstung f\u00fcr 5\u201350 kg. F\u00fcr Granulat k\u00f6nnen Sie auch zwischen einer kleinen oder einer gro\u00dfen Granulatverpackungsmaschine w\u00e4hlen. Die Vakuumverpackungsmaschine umfasst eine Einkammer-Verpackungsmaschine, eine Doppelkammer-Verpackungsmaschine und eine Stretchfolien-Verpackungsmaschine. Au\u00dferdem gibt es die Verpackungsbeuteltypen: R\u00fcckensiegelung, 3-Seiten-Siegelung, 4-Seiten-Siegelung, Pyramidenbeutel optional. Dar\u00fcber hinaus unterst\u00fctzen wir einen Anpassungsservice entsprechend Ihren tats\u00e4chlichen Anforderungen. Sie interessieren sich f\u00fcr unsere Beutelverpackungsanlagen? Kontaktieren Sie uns f\u00fcr weitere Informationen.<\/p>    <div class=\"wp-block-columns is-layout-flex wp-container-core-columns-is-layout-28f84493 wp-block-columns-is-layout-flex\"> <div class=\"wp-block-column is-layout-flow wp-block-column-is-layout-flow\"> <figure class=\"wp-block-image size-large\"><img loading=\"lazy\" decoding=\"async\" width=\"600\" height=\"450\" src=\"https:\/\/tianhuipackingmachine.com\/wp-content\/uploads\/2021\/06\/powder-pouch-packing-machine-2.jpg\" alt=\"Lieferant von Pulverbeutel-Verpackungsmaschinen\" class=\"wp-image-1351\" srcset=\"https:\/\/tianhuipackingmachine.com\/wp-content\/uploads\/2021\/06\/powder-pouch-packing-machine-2.jpg 600w, https:\/\/tianhuipackingmachine.com\/wp-content\/uploads\/2021\/06\/powder-pouch-packing-machine-2-300x225.jpg 300w\" sizes=\"auto, (max-width: 600px) 100vw, 600px\" \/><figcaption>Pulverbeutel-Verpackungsmaschine<\/figcaption><\/figure> <\/div>    <div class=\"wp-block-column is-layout-flow wp-block-column-is-layout-flow\"> <h3 class=\"has-text-color wp-block-heading\" id=\"h-0-80g-pouch-powder-packing-equipment-parameters\" style=\"color:#ff5200\">Parameter der Verpackungsausr\u00fcstung f\u00fcr 0-80-g-Beutelpulver<\/h3>    <ul class=\"wp-block-list\"><li>Verpackungsstil (Beutelstil): 3-seitige Versiegelung\/R\u00fcckenversiegelung\/4-seitige Versiegelung<\/li><li>Verpackungsgeschwindigkeit: 20-80 Beutel\/Min<\/li><li>Stromverbrauch: 1,8 kW<\/li><li>Gewicht:\u00a0250\u00a0kg<\/li><li>Abmessungen: 650*1050*1950mm<\/li><li>Verpackungsgewicht: 0\u201380 g<\/li><li>Beutelbreite: 20\u2013150 mm (Beutelformer ersetzen)<\/li><li>Taschenl\u00e4nge: 30\u2013180 mm verstellbar<\/li><li>Hinweis: Kundenspezifischer Service verf\u00fcgbar<\/li><\/ul> <\/div> <\/div>    <div class=\"wp-block-columns is-layout-flex wp-container-core-columns-is-layout-28f84493 wp-block-columns-is-layout-flex\"> <div class=\"wp-block-column is-layout-flow wp-block-column-is-layout-flow\"> <figure class=\"wp-block-image size-large\"><img loading=\"lazy\" decoding=\"async\" width=\"600\" height=\"450\" src=\"https:\/\/tianhuipackingmachine.com\/wp-content\/uploads\/2021\/06\/snacks-granule-packing-machine.jpg\" alt=\"Snack-Granulat-Verpackungsmaschine zu verkaufen\" class=\"wp-image-1060\" srcset=\"https:\/\/tianhuipackingmachine.com\/wp-content\/uploads\/2021\/06\/snacks-granule-packing-machine.jpg 600w, https:\/\/tianhuipackingmachine.com\/wp-content\/uploads\/2021\/06\/snacks-granule-packing-machine-300x225.jpg 300w\" sizes=\"auto, (max-width: 600px) 100vw, 600px\" \/><figcaption>Snack-Granulat-Verpackungsmaschine<\/figcaption><\/figure> <\/div>    <div class=\"wp-block-column is-layout-flow wp-block-column-is-layout-flow\"> <h3 class=\"has-text-color wp-block-heading\" id=\"h-th-450-granule-packing-machine-parameters\" style=\"color:#ff5200\">Parameter der Granulatverpackungsmaschine TH-450<\/h3>    <ul class=\"wp-block-list\"><li>Verpackungsbeutel-Stil (Option w\u00e4hlen): R\u00fcckseitige Versiegelung\/3-seitige Versiegelung<\/li><li>Verpackungsgeschwindigkeit: 20-80 Beutel\/Min<\/li><li>Stromverbrauch: 2,2 kW<\/li><li>Gewicht:\u00a0420\u00a0kg<\/li><li>Abmessungen: 750*750*21000mm<\/li><li>Verpackungsgewicht: 100-1000 Gramm<\/li><li>Beutelbreite: 20\u2013200 mm<\/li><li>Taschenl\u00e4nge: 30\u2013180 mm verstellbar<\/li><li>Hinweis: Kundenspezifisch verf\u00fcgbar<\/li><\/ul> <\/div> <\/div>    <div class=\"wp-block-columns is-layout-flex wp-container-core-columns-is-layout-28f84493 wp-block-columns-is-layout-flex\"> <div class=\"wp-block-column is-layout-flow wp-block-column-is-layout-flow\"> <figure class=\"wp-block-image size-large\"><img loading=\"lazy\" decoding=\"async\" width=\"600\" height=\"450\" src=\"https:\/\/tianhuipackingmachine.com\/wp-content\/uploads\/2021\/07\/multi-head-weigher-bag-lapel-packaging-machine-1.jpg\" alt=\"Mehrkopfwaage-Beutel-Revers-Verpackungsmaschine\" class=\"wp-image-1734\" srcset=\"https:\/\/tianhuipackingmachine.com\/wp-content\/uploads\/2021\/07\/multi-head-weigher-bag-lapel-packaging-machine-1.jpg 600w, https:\/\/tianhuipackingmachine.com\/wp-content\/uploads\/2021\/07\/multi-head-weigher-bag-lapel-packaging-machine-1-300x225.jpg 300w\" sizes=\"auto, (max-width: 600px) 100vw, 600px\" \/><figcaption>Beutelverpackungsmaschine mit Mehrkopfwaage<\/figcaption><\/figure> <\/div>    <div class=\"wp-block-column is-layout-flow wp-block-column-is-layout-flow\"> <h3 class=\"has-text-color wp-block-heading\" id=\"h-tz-520-multi-head-weigher-packaging-machine-parameters\" style=\"color:#ff5200\">Parameter der Mehrkopfwaage TZ-520 der Verpackungsmaschine<\/h3>    <ul class=\"wp-block-list\"><li>Filmbreite: Max. 520<\/li><li>Beutell\u00e4nge (mm): 80\u2013350<\/li><li>Beutelbreite (mm): 100\u2013250<\/li><li>Filmdurchmesser (mm): Max. 320<\/li><li>Packgeschwindigkeit\u00a0(P\/min): 5\u201360<\/li><li>Messbereich: 2000<\/li><li>Leistung (220 V, 50\/60 Hz): 3 kW<\/li><li>Abmessung (mm): 1488 x 1080 x 1490<\/li><li>Hinweis: OEM-Service verf\u00fcgbar<\/li><\/ul> <\/div> <\/div>    <div class=\"wp-block-columns is-layout-flex wp-container-core-columns-is-layout-28f84493 wp-block-columns-is-layout-flex\"> <div class=\"wp-block-column is-layout-flow wp-block-column-is-layout-flow\"> <figure class=\"wp-block-image size-full\"><img loading=\"lazy\" decoding=\"async\" width=\"600\" height=\"450\" src=\"https:\/\/tianhuipackingmachine.com\/wp-content\/uploads\/2021\/12\/automatic-pillow-packing-machine.jpg\" alt=\"automatische Kissenverpackungsmaschine\" class=\"wp-image-3611\" srcset=\"https:\/\/tianhuipackingmachine.com\/wp-content\/uploads\/2021\/12\/automatic-pillow-packing-machine.jpg 600w, https:\/\/tianhuipackingmachine.com\/wp-content\/uploads\/2021\/12\/automatic-pillow-packing-machine-480x360.jpg 480w\" sizes=\"auto, (max-width: 600px) 100vw, 600px\" \/><figcaption>Automatische Kissenverpackungsmaschine<\/figcaption><\/figure> <\/div>    <div class=\"wp-block-column is-layout-flow wp-block-column-is-layout-flow\"> <h3 class=\"has-text-color wp-block-heading\" id=\"h-th-450-pillow-packing-equipment-parameters\" style=\"color:#ff5200\">Parameter der Kissenverpackungsausr\u00fcstung TH-450<\/h3>    <ul class=\"wp-block-list\" id=\"block-2b2732e3-9ecb-491e-b7cd-ef8fd6cac921\"><li>Filmbreite: Max. 450 mm<\/li><li>Beutell\u00e4nge: 130\u2013450 mm<\/li><li>Beutelbreite: 50\u201380 mm<\/li><li>Produkth\u00f6he: Max. 70 mm<\/li><li>Verpackungsgeschwindigkeit: 30-180 Beutel\/Min<\/li><li>Leistung: 220 V, 50\/60 Hz, 2,6 kVA<\/li><li>Gewicht: 900 kg<\/li><li>Abmessung: 4020*745*1450 mm<\/li><li>Hinweis: Kann individuell angepasst werden<\/li><\/ul> <\/div> <\/div>    <h2 class=\"wp-block-heading\" id=\"h-characteristics-of-automatic-bag-pouch-packing-machine\">Eigenschaften der automatischen Beutelverpackungsmaschine<\/h2>    <ol class=\"wp-block-list\" type=\"1\"><li>Einfache Struktur f\u00fcr Installation, Betrieb und Wartung;<\/li><li>Die meisten Geh\u00e4usematerialien bestehen aus Edelstahl, sind langlebig und leicht zu reinigen.<\/li><li>Einrichtung \u00fcber Sprache, Siegeltemperatur, Verpackungsgeschwindigkeit usw. am Bedienfeld.<\/li><li>Geeignet f\u00fcr verschiedene Beutelverpackungen; klein, mittel oder gro\u00df; r\u00fcckseitige Siegelung, 3-seitige Siegelung, 4-seitige Siegelung oder Pyramidenbeutel;<\/li><li>V\u00f6llig <strong><a href=\"https:\/\/tianhuipackingmachine.com\/de\/automatic-packing-machine\/\">automatische Beutelverpackungsmaschine<\/a><\/strong> kann den gesamten Prozess des Wiegens, Beutelformens, F\u00fcllens, Verschlie\u00dfens, Schneidens und Z\u00e4hlens abschlie\u00dfen.<\/li><li>Die kleine vertikale Beutelverpackungsmaschine ist mit vier R\u00e4dern ausgestattet und l\u00e4sst sich bequem bewegen.<\/li><li>Der Notrufknopf dient als Sicherheitsma\u00dfnahme.<\/li><li>OEM-Service ist verf\u00fcgbar.<\/li><\/ol>    <h2 class=\"wp-block-heading\" id=\"h-wide-applications-of-automatic-bag-packing-equipment\"><strong>Breite Anwendungsm\u00f6glichkeiten f\u00fcr automatische Beutelverpackungsger\u00e4te<\/strong><\/h2>    <p class=\"translation-block\">Die Beutelverpackungsmaschine ist mit <strong><a href=\"https:\/\/tianhuipackingmachine.com\/de\/powder-packing-machine\/\">Pulververpackungsmaschine<\/a><\/strong>, Granulverpackungsmaschine, Fl\u00fcssigkeitsverpackungsmaschine, Kissenverpackungsmaschine, Vakuumverpackungsmaschine usw. verbunden.<\/p>    <ol class=\"wp-block-list\" type=\"1\"><li>Pulverbeutel-Verpackungsmaschine: Kaffeepulver, Gew\u00fcrzpulver, Milchpulver, Mehl, Maismehl, Amylum, Kakaopulver, Gew\u00fcrze, chemisches Pulver usw.<\/li><li><strong><a href=\"https:\/\/tianhuipackingmachine.com\/de\/granule-packing-machine\/\">Verpackungsmaschine f\u00fcr Granulatbeutel<\/a><\/strong>: Kaffeebohnen, Saubohnen, gr\u00fcne Sojabohnen, Snacks, Zucker, Erdn\u00fcsse, Kekse, Haferflocken, S\u00fc\u00dfigkeiten, Popcorn, Reis, Tee, Samen und so weiter.<\/li><li>Verpackungsmaschine f\u00fcr Fl\u00fcssigkeitsbeutel: Milch, Saft, Essig, Sojamilch, Sodawasser usw.<\/li><li><strong><a href=\"https:\/\/tianhuipackingmachine.com\/de\/pillow-packing-machine\/\">Schlauchbeutel-Verpackungsmaschine<\/a><\/strong>: Brot, Keks, Mondkuchen, Biskuitrolle, Gem\u00fcse, Obst, Maske, Handtuch, Kleidung, Holzarbeiten, Seife usw.<\/li><li><strong><a href=\"https:\/\/tianhuipackingmachine.com\/de\/vacuum-packaging-machine\/\">Vakuumbeutel-Verpackungsmaschine<\/a><\/strong>: Wurst, Speck, gebratene Ente, Butter, Reis, Erdn\u00fcsse, Mais, Trockenfr\u00fcchte, Kekse, Mehl, Rindfleisch, Schweinefleisch, Huhn, getrockneter Tofu, Gem\u00fcse, Obst und so weiter.<\/li><\/ol>    <div class=\"wp-block-columns is-layout-flex wp-container-core-columns-is-layout-28f84493 wp-block-columns-is-layout-flex\"> <div class=\"wp-block-column is-layout-flow wp-block-column-is-layout-flow\"> <figure class=\"wp-block-image size-large\"><img loading=\"lazy\" decoding=\"async\" width=\"600\" height=\"450\" src=\"https:\/\/tianhuipackingmachine.com\/wp-content\/uploads\/2021\/05\/powder-packing-equipment-applications.jpg\" alt=\"Anwendungen f\u00fcr Pulververpackungsger\u00e4te\" class=\"wp-image-700\" srcset=\"https:\/\/tianhuipackingmachine.com\/wp-content\/uploads\/2021\/05\/powder-packing-equipment-applications.jpg 600w, https:\/\/tianhuipackingmachine.com\/wp-content\/uploads\/2021\/05\/powder-packing-equipment-applications-300x225.jpg 300w\" sizes=\"auto, (max-width: 600px) 100vw, 600px\" \/><figcaption>Anwendungen von Pulververpackungsger\u00e4ten<\/figcaption><\/figure> <\/div>    <div class=\"wp-block-column is-layout-flow wp-block-column-is-layout-flow\"> <figure class=\"wp-block-image size-large\"><img loading=\"lazy\" decoding=\"async\" width=\"720\" height=\"484\" src=\"https:\/\/tianhuipackingmachine.com\/wp-content\/uploads\/2021\/05\/liquid-packing-products-display.jpg\" alt=\"Anzeige von Fl\u00fcssigkeitsverpackungsprodukten\" class=\"wp-image-720\" srcset=\"https:\/\/tianhuipackingmachine.com\/wp-content\/uploads\/2021\/05\/liquid-packing-products-display.jpg 720w, https:\/\/tianhuipackingmachine.com\/wp-content\/uploads\/2021\/05\/liquid-packing-products-display-300x202.jpg 300w, https:\/\/tianhuipackingmachine.com\/wp-content\/uploads\/2021\/05\/liquid-packing-products-display-272x182.jpg 272w\" sizes=\"auto, (max-width: 720px) 100vw, 720px\" \/><figcaption>Anzeige von Fl\u00fcssigkeitsverpackungsprodukten<\/figcaption><\/figure> <\/div> <\/div>    <h2 class=\"wp-block-heading\" id=\"h-do-you-know-about-price\"><strong>Kennen Sie den Preis? <\/strong><\/h2>    <p>Der Preis einer Beutelverpackungsmaschine h\u00e4ngt stark vom Zustand und der Form des F\u00fcllmaterials, der Gr\u00f6\u00dfe des Verpackungsbeutels und den passenden Ger\u00e4ten ab. Erstens bezieht sich die Beutelverpackungsmaschine auf die Verpackungsausr\u00fcstung f\u00fcr Pulver, Granulat, St\u00fcck, Fl\u00fcssigkeit, Paste usw. Die Preise f\u00fcr Verpackungsmaschinen f\u00fcr unterschiedliche Zust\u00e4nde und Formen von Materialien erfordern unterschiedliche Strukturen und Funktionen, daher sind ihre Preise unterschiedlich. Zweitens: Haben Sie spezielle Anforderungen an die Beutelbreite und -l\u00e4nge? Einige Maschinen k\u00f6nnen kleine Beutel verpacken, w\u00e4hrend andere gro\u00dfe Beutel verpacken k\u00f6nnen. Ihre Preise unterscheiden sich in der Gr\u00f6\u00dfe der Verpackungsbeutel. Zu guter Letzt stellen wir einige Ger\u00e4te optional zur Verf\u00fcgung, wie z. B. Datumsdrucker, Stickstofff\u00fcllger\u00e4te, F\u00f6rderb\u00e4nder, Beladeger\u00e4te usw. Der Preis w\u00fcrde sich \u00e4ndern, je nachdem, welche Ger\u00e4te hinzugef\u00fcgt werden. Dar\u00fcber hinaus unterst\u00fctzen wir einen ma\u00dfgeschneiderten Service entsprechend Ihren tats\u00e4chlichen Bed\u00fcrfnissen. Kontaktieren Sie uns noch heute f\u00fcr den besten Preis.<\/p>    <h2 class=\"wp-block-heading\" id=\"h-similarity-differences\"><strong>\u00c4hnlichkeit und Unterschiede<\/strong><strong><\/strong><\/h2>    <ol class=\"wp-block-list\" type=\"1\"><li>Beutelverpackungsmaschinen f\u00fcr Pulver, Granulat und Fl\u00fcssigkeit sind vertikale Maschinen. Reversverpackungsger\u00e4te, Kippeimerverpackungsmaschinen und Einkammer-Vakuumverpackungsmaschinen sind ebenfalls vertikale Maschinen.<\/li><li>F\u00fcr F\u00fcllmaterialien sind Pulververpackungsmaschinen normalerweise mit einer horizontalen, vertikalen oder schr\u00e4gen Schnecke ausgestattet. Granulatverpackungsmaschinen verwenden einen Drehteller mit Messbechern, um das F\u00fcllvolumen zu messen. Fl\u00fcssigkeitsverpackungsmaschinen \u00fcbernehmen Rohre. Die Reversverpackungsmaschine passt zur Mehrkopfwaage. Die Kippeimer-Verpackungsmaschine hat viele Eimer.<\/li><li>Zum Verschlie\u00dfen verwenden Kammervakuumverpackungsmaschinen einen Siegelstreifen, w\u00e4hrend die Beutelverpackungsmaschine, die Beutel durch Beutelformer herstellen muss, eine Hei\u00dfsiegel- und Schneidevorrichtung verwendet.<\/li><\/ol>    <div class=\"wp-block-columns is-layout-flex wp-container-core-columns-is-layout-28f84493 wp-block-columns-is-layout-flex\"> <div class=\"wp-block-column is-layout-flow wp-block-column-is-layout-flow\"> <figure class=\"wp-block-image size-large\"><img loading=\"lazy\" decoding=\"async\" width=\"600\" height=\"450\" src=\"https:\/\/tianhuipackingmachine.com\/wp-content\/uploads\/2021\/07\/the-screw-used-in-powder-packer.jpg\" alt=\"die Schraube, die im Pulverpacker verwendet wird\" class=\"wp-image-1758\" srcset=\"https:\/\/tianhuipackingmachine.com\/wp-content\/uploads\/2021\/07\/the-screw-used-in-powder-packer.jpg 600w, https:\/\/tianhuipackingmachine.com\/wp-content\/uploads\/2021\/07\/the-screw-used-in-powder-packer-300x225.jpg 300w\" sizes=\"auto, (max-width: 600px) 100vw, 600px\" \/><figcaption>Die im Pulverpacker verwendete Schraube<\/figcaption><\/figure> <\/div>    <div class=\"wp-block-column is-layout-flow wp-block-column-is-layout-flow\"> <figure class=\"wp-block-image size-large\"><img loading=\"lazy\" decoding=\"async\" width=\"600\" height=\"450\" src=\"https:\/\/tianhuipackingmachine.com\/wp-content\/uploads\/2021\/06\/rotary-table-and-measuring-cup.jpg\" alt=\"Messbecher der Verpackungsmaschine\" class=\"wp-image-1053\" srcset=\"https:\/\/tianhuipackingmachine.com\/wp-content\/uploads\/2021\/06\/rotary-table-and-measuring-cup.jpg 600w, https:\/\/tianhuipackingmachine.com\/wp-content\/uploads\/2021\/06\/rotary-table-and-measuring-cup-300x225.jpg 300w\" sizes=\"auto, (max-width: 600px) 100vw, 600px\" \/><figcaption>Drehtisch und Messbecher<\/figcaption><\/figure> <\/div> <\/div>    <h2 class=\"wp-block-heading\" id=\"h-why-choosing-us-is-a-good-idea-for-you\"><strong>Warum ist es f\u00fcr Sie eine gute Idee, sich f\u00fcr uns zu entscheiden?<\/strong><strong><\/strong><\/h2>    <ol class=\"wp-block-list\" type=\"1\"><li>Wir verf\u00fcgen \u00fcber umfangreiche Erfahrung mit Beutelverpackungsmaschinen. Unser 1992 gegr\u00fcndetes Unternehmen Henan Top Packing Machinery Co., Ltd. besch\u00e4ftigt sich seit fast 30 Jahren mit Beutelverpackungsmaschinen.<\/li><li>Aufgrund der guten Qualit\u00e4t und des wettbewerbsf\u00e4higen Preises haben wir komplette Bestellungen aus mehr als 100 L\u00e4ndern wie den USA, Kanada, Australien, England, Indien, Pakistan, Malaysia, den Philippinen, Indonesien, Bangladesch, Nigeria usw.<\/li><li>Wir verf\u00fcgen \u00fcber ein \u00e4u\u00dferst strenges Kontrollsystem f\u00fcr unsere Produkte. Vor dem Versand machen wir Fotos und Videos und senden Ihnen diese zu. Wenn Sie Fragen zu unseren Maschinen haben, k\u00f6nnen Sie uns kontaktieren und wir werden Ihnen so schnell wie m\u00f6glich antworten. Der 24-Stunden-Onlinedienst steht Ihnen zur Verf\u00fcgung.<\/li><li>Als Hersteller und Lieferant unterst\u00fctzen wir den OEM-Service auf Basis Ihrer spezifischen Anforderungen. Wir werden unser Bestes tun, um Ihnen einen besseren Service zu bieten.<\/li><\/ol>    <h2 class=\"wp-block-heading\" id=\"h-contact-us-for-useful-details-and-the-best-price\"><strong>Kontaktieren Sie uns f\u00fcr n\u00fctzliche Details und den besten Preis<\/strong><strong><\/strong><\/h2>    <p class=\"translation-block\">Die Beutelverpackungsmaschine bei <strong><a href=\"https:\/\/tianhuipackingmachine.com\/de\/\">Henan Top Packing Machinery<\/a><\/strong> bezieht sich auf Pulververpackung, Granulverpackung, Fl\u00fcssigkeitsverpackung, Vakuumverpackung usw. Die Beutelverpackungsmaschine hat eine breite Anwendung in <strong><a href=\"https:\/\/tianhuipackingmachine.com\/de\/coffee-packaging-machine\/\">Kaffee<\/a><\/strong>, Milch, Mehl, Gew\u00fcrzen, <strong><a href=\"https:\/\/tianhuipackingmachine.com\/de\/spice-packaging-machine\/\">Gew\u00fcrzen<\/a><\/strong>, Saubohnen, gr\u00fcnen Sojabohnen, <strong><a href=\"https:\/\/tianhuipackingmachine.com\/de\/snacks-packing-machine\/\">Snacks<\/a><\/strong>, Zucker, Erdn\u00fcssen, Keksen, Haferflocken, S\u00fc\u00dfigkeiten, Popcorn, Tee, <strong><a href=\"https:\/\/tianhuipackingmachine.com\/de\/rice-packaging-machine\/\">Reis<\/a><\/strong>, Saft, Essig, Limonade, Brot, Mondkuchen, Fleisch, <strong><a href=\"https:\/\/tianhuipackingmachine.com\/de\/vegetable-packaging-machine\/\">Gem\u00fcse,<\/a><\/strong> Obst, Maske, Handtuch, Kleidung,<strong><a href=\"https:\/\/tianhuipackingmachine.com\/de\/soap-packaging-machines\/\"> Seife<\/a><\/strong>, Waschmittel, chemische Produkte usw. Dar\u00fcber hinaus bieten wir Ladeger\u00e4te, F\u00f6rderb\u00e4nder, Datendrucker, Stickstofff\u00fcllger\u00e4te usw. an. Sie k\u00f6nnen basierend auf Ihren Bed\u00fcrfnissen ausw\u00e4hlen und kaufen. Dar\u00fcber hinaus bieten wir einen ma\u00dfgeschneiderten Service f\u00fcr Sie an. Sind Sie an unseren Maschinen interessiert? Nehmen Sie bald Kontakt mit uns auf f\u00fcr n\u00fctzlichere Vorschl\u00e4ge und den besten Preis.<\/p>","protected":false},"excerpt":{"rendered":"<p>Bag packing machine applies for packaging various kinds of powder, solid, liquid, and paste. Bag packing products are everywhere in our daily life, such as supermarkets, convenience stores, cosmetic shops, drug stores, hardware stores, etc. Based on the degree of automation, the bag packaging machine includes a fully automatic packaging machine and a semi-automatic packaging [&hellip;]<\/p>\n","protected":false},"author":1,"featured_media":1734,"parent":0,"template":"","tags":[175],"product-type":[145],"class_list":["post-1721","product","type-product","status-publish","has-post-thumbnail","hentry","tag-bag-packing-machine","product-type-other-products"],"_links":{"self":[{"href":"https:\/\/tianhuipackingmachine.com\/de\/wp-json\/wp\/v2\/product\/1721","targetHints":{"allow":["GET"]}}],"collection":[{"href":"https:\/\/tianhuipackingmachine.com\/de\/wp-json\/wp\/v2\/product"}],"about":[{"href":"https:\/\/tianhuipackingmachine.com\/de\/wp-json\/wp\/v2\/types\/product"}],"author":[{"embeddable":true,"href":"https:\/\/tianhuipackingmachine.com\/de\/wp-json\/wp\/v2\/users\/1"}],"wp:featuredmedia":[{"embeddable":true,"href":"https:\/\/tianhuipackingmachine.com\/de\/wp-json\/wp\/v2\/media\/1734"}],"wp:attachment":[{"href":"https:\/\/tianhuipackingmachine.com\/de\/wp-json\/wp\/v2\/media?parent=1721"}],"wp:term":[{"taxonomy":"post_tag","embeddable":true,"href":"https:\/\/tianhuipackingmachine.com\/de\/wp-json\/wp\/v2\/tags?post=1721"},{"taxonomy":"product-type","embeddable":true,"href":"https:\/\/tianhuipackingmachine.com\/de\/wp-json\/wp\/v2\/product-type?post=1721"}],"curies":[{"name":"wp","href":"https:\/\/api.w.org\/{rel}","templated":true}]}}