{"id":1704,"date":"2021-07-02T18:39:31","date_gmt":"2021-07-02T10:39:31","guid":{"rendered":"https:\/\/tianhuipackingmachine.com\/?page_id=1704"},"modified":"2024-12-03T16:23:14","modified_gmt":"2024-12-03T08:23:14","slug":"soap-packaging-machines","status":"publish","type":"product","link":"https:\/\/tianhuipackingmachine.com\/de\/soap-packaging-machines\/","title":{"rendered":"Seifenverpackungsmaschine"},"content":{"rendered":"<p class=\"translation-block\">Shuliy <strong>Seifenverpackungsmaschine<\/strong> ist eine Kissenverpackungsmaschine, die vollautomatisch verschiedene Formen von Seifen verpackt, wie z.B. Seifenw\u00fcrfel, Toilettenseife, runde Seife usw. in Beutel. Sie wird h\u00e4ufig in den Branchen der t\u00e4glichen Chemikalien und Reinigungsmittel eingesetzt.<\/p>    <p>Die Packgeschwindigkeit betr\u00e4gt 5\u2013200 Beutel pro Minute und kann je nach Ihren Gesch\u00e4ftsanforderungen angepasst werden. Aufgrund seiner hohen Effizienz, seines guten Preises und seiner individuellen Anpassung wurde diese Seifenverpackungsmaschine in die Vereinigten Arabischen Emirate, nach Georgien, Uganda usw. exportiert.<\/p>    <p>Suchen Sie eine Sabun-Verpackungsmaschine? F\u00fcr weitere Informationen nehmen Sie gerne Kontakt mit uns auf.<\/p>   <figure class=\"wp-block-embed-youtube wp-block-embed is-type-video is-provider-youtube wp-embed-aspect-16-9 wp-has-aspect-ratio\"><div class=\"lyte-wrapper\" title=\"Automatische Seifenverpackungsmaschine | Hochgeschwindigkeits-Seifenverpackungsmaschine #soappacking\" style=\"width:853px;max-width:100%;margin:5px auto;\"><div class=\"lyMe\" id=\"WYL_tHWV9_ADpxs\" itemprop=\"video\" itemscope itemtype=\"https:\/\/schema.org\/VideoObject\"><div><meta itemprop=\"thumbnailUrl\" content=\"https:\/\/i.ytimg.com\/vi\/tHWV9_ADpxs\/hqdefault.jpg\" \/><meta itemprop=\"embedURL\" content=\"https:\/\/www.youtube.com\/embed\/tHWV9_ADpxs\" \/><meta itemprop=\"duration\" content=\"PT2M32S\" \/><meta itemprop=\"uploadDate\" content=\"2024-12-03T03:46:36Z\" \/><\/div><div id=\"lyte_tHWV9_ADpxs\" data-src=\"https:\/\/i.ytimg.com\/vi\/tHWV9_ADpxs\/hqdefault.jpg\" class=\"pL\"><div class=\"tC\"><div class=\"tT\" itemprop=\"name\">Automatische Seifenverpackungsmaschine | Hochgeschwindigkeits-Seifenverpackungsmaschine #soappacking<\/div><\/div><div class=\"play\"><\/div><div class=\"ctrl\"><div class=\"Lctrl\"><\/div><div class=\"Rctrl\"><\/div><\/div><\/div><noscript><a href=\"https:\/\/youtu.be\/tHWV9_ADpxs\" rel=\"nofollow noopener\" target=\"_blank\"><img loading=\"lazy\" decoding=\"async\" src=\"https:\/\/i.ytimg.com\/vi\/tHWV9_ADpxs\/0.jpg\" alt=\"Automatische Seifenverpackungsmaschine | Hochgeschwindigkeits-Seifenverpackungsmaschine #soappacking\" width=\"853\" height=\"460\" \/><\/a><\/noscript><meta itemprop=\"description\" content=\"#soapwrapper #soappacking #packagingmachine #horizontalpackingmachine WhatsApp No.: https:\/\/wa.me\/+8613673689272 WeChat\/Tel No.:+8613673689272 Email: info@tianhuipackingmachine.com Website: https:\/\/tianhuipackingmachine.com\/soap-packaging-machines\/ Discover the efficiency of our automatic soap packaging machine in this high-speed demonstration. Perfect for packing bar soap, round soap, or custom-shaped soap, this machine ensures precise wrapping, durability, and attractive presentation. Designed for optimal performance, it supports a variety of packaging materials and styles, including transparent and printed film. Whether you&#039;re in cosmetics or cleaning product manufacturing, this machine adapts to your production needs. Contact us today for more details or a personalized solution for your packaging requirements! WhatsApp No.: https:\/\/wa.me\/+8613673689272 WeChat\/Tel No.:+8613673689272 Email: info@tianhuipackingmachine.com Website: https:\/\/tianhuipackingmachine.com\/soap-packaging-machines\/\"><\/div><\/div><div class=\"lL\" style=\"max-width:100%;width:853px;margin:5px auto;\"> <a href=\"https:\/\/youtu.be\/tHWV9_ADpxs\" target=\"_blank\" rel=\"noopener\">Dieses Video auf YouTube ansehen<\/a>.<\/div><figcaption>Video einer Seifenverpackungsmaschine<\/figcaption><\/figure>   <h2 class=\"wp-block-heading\" id=\"h-soap-packaging-machine-for-sale\"><strong>Hochwertige Seifenw\u00fcrfelverpackungsmaschine zu verkaufen<\/strong><\/h2>    <p>Als professioneller Hersteller und Lieferant von Verpackungsmaschinen stehen verschiedene Seifenverpackungsmaschinen zum Verkauf. Zu den Hauptmodellen geh\u00f6ren SL-250, SL-350, SL-450 und SL-600. Im Folgenden finden Sie die Parameterinformationen der Seifenverpackungsmaschine SL-350 als Referenz.<\/p>    <p>Wenn Sie mehr \u00fcber die Maschinenparameter erfahren m\u00f6chten, nehmen Sie gerne Kontakt mit uns auf!<\/p>    <div class=\"wp-block-columns is-layout-flex wp-container-core-columns-is-layout-28f84493 wp-block-columns-is-layout-flex\"> <div class=\"wp-block-column is-layout-flow wp-block-column-is-layout-flow\"> <figure class=\"wp-block-image size-full\"><img loading=\"lazy\" decoding=\"async\" width=\"600\" height=\"450\" src=\"https:\/\/tianhuipackingmachine.com\/wp-content\/uploads\/2021\/12\/soap-packaging-machine.jpg\" alt=\"Seifenverpackungsmaschine\" class=\"wp-image-3590\" srcset=\"https:\/\/tianhuipackingmachine.com\/wp-content\/uploads\/2021\/12\/soap-packaging-machine.jpg 600w, https:\/\/tianhuipackingmachine.com\/wp-content\/uploads\/2021\/12\/soap-packaging-machine-480x360.jpg 480w\" sizes=\"auto, (max-width: 600px) 100vw, 600px\" \/><figcaption class=\"wp-element-caption\">Seifenverpackungsmaschine<\/figcaption><\/figure> <\/div>    <div class=\"wp-block-column is-vertically-aligned-center is-layout-flow wp-block-column-is-layout-flow\"> <h3 class=\"wp-block-heading has-text-color\" id=\"h-th-250-pillow-packing-equipment-parameters\" style=\"color:#ff5200\">Parameter der SL-350-Kissenverpackungsausr\u00fcstung<\/h3>    <ul class=\"wp-block-list\"> <li>Beutell\u00e4nge: 100\u2013600 mm<\/li>    <li>Beutelbreite: 50\u2013160 mm<\/li>    <li>Produkth\u00f6he: max. 70 mm<\/li>    <li>Verpackungsgeschwindigkeit: 5-200 Beutel\/Min<\/li>    <li>Leistung: 220 V, 50\/60 Hz, 2,4 kVA<\/li>    <li>Gewicht: 800 kg<\/li>    <li>Abmessung: (L)4020*(B)720*(H)1450mm<\/li>    <li>Hinweis: Kann individuell angepasst werden<\/li> <\/ul> <\/div> <\/div>    <h2 class=\"wp-block-heading\" id=\"h-features-of-soap-wrapping-machine\"><strong>Vorteile einer automatischen Seifenverpackungsmaschine<\/strong><\/h2>    <ul class=\"wp-block-list\"> <li>Es kann <strong>Verpacken Sie 5-200 Beutel Seife innerhalb einer Minute<\/strong>, was sehr effizient ist.<\/li>    <li>Shuliy Seifenbeutel-Verpackungsmaschine hat <strong>eine maximale Produkth\u00f6he von 100 mm, eine Beutell\u00e4nge von 100\u2013600 mm und eine Beutelbreite von 50\u2013280 mm<\/strong>.<\/li>    <li>Das Seifenverpackungsmaterial kann vielf\u00e4ltig und unterst\u00fctzend sein <strong>transparente Folie, bedruckte Folie<\/strong>, usw.<\/li>    <li>Du kannst <strong>Passen Sie die Parameter am SPS-Bedienfeld an<\/strong>, einfach und leicht zu bedienen.<\/li>    <li>Ganz nach Ihren Anforderungen, <strong>Einzelmesser, Doppelmesser und Dreifachmesser<\/strong> sind optional.<\/li>    <li>Wir k\u00f6nnen <strong>Passen Sie die Spannung, Leistung und Farbe der Maschine an<\/strong>usw., um Ihren Anforderungen gerecht zu werden.<\/li> <\/ul>    <figure class=\"wp-block-image size-large\"><img loading=\"lazy\" decoding=\"async\" width=\"667\" height=\"500\" src=\"https:\/\/tianhuipackingmachine.com\/wp-content\/uploads\/2024\/05\/soap-packing-machine-667x500.webp\" alt=\"Seifenverpackungsmaschine\" class=\"wp-image-6673\" srcset=\"https:\/\/tianhuipackingmachine.com\/wp-content\/uploads\/2024\/05\/soap-packing-machine-667x500.webp 667w, https:\/\/tianhuipackingmachine.com\/wp-content\/uploads\/2024\/05\/soap-packing-machine-480x360.webp 480w, https:\/\/tianhuipackingmachine.com\/wp-content\/uploads\/2024\/05\/soap-packing-machine-16x12.webp 16w, https:\/\/tianhuipackingmachine.com\/wp-content\/uploads\/2024\/05\/soap-packing-machine.webp 720w\" sizes=\"auto, (max-width: 667px) 100vw, 667px\" \/><figcaption class=\"wp-element-caption\">Seifenverpackungsmaschine<\/figcaption><\/figure>    <h2 class=\"wp-block-heading\" id=\"h-various-applications-of-soap-packaging-machine\"><strong>Verschiedene Anwendungen der Seifenverpackungsmaschine<\/strong><\/h2>    <p>Unsere Toilettenseifen-Verpackungsmaschine eignet sich f\u00fcr verschiedene Seifengr\u00f6\u00dfen. Es ist geeignet f\u00fcr:<\/p>    <p>Quadratische Seife, runde Seife, ovaler Sadun, Seifenw\u00fcrfel, St\u00fcckseife, Toilettenseife, Badeseife, Babyseife und andere. <\/p>    <p class=\"translation-block\">Neben der Seifenverpackung kann diese <a href=\"https:\/\/tianhuipackingmachine.com\/de\/pillow-packing-machine\/\">horizontale Kissenverpackungsmaschine<\/a> auch Masken, Handt\u00fccher, Kleidung, Holzarbeiten, Brot, Mondkuchen, Kekse, Gem\u00fcse, Obst usw. verpacken. <\/p>    <p>Wenn Sie auch andere Produkte verpacken m\u00f6chten, k\u00f6nnen Sie uns auch kontaktieren und weitere Informationen erhalten.<\/p>    <figure class=\"wp-block-image size-large\"><img loading=\"lazy\" decoding=\"async\" width=\"750\" height=\"500\" src=\"https:\/\/tianhuipackingmachine.com\/wp-content\/uploads\/2022\/01\/soap-bar-packaging-style-display-750x500.jpg\" alt=\"Display im Seifenst\u00fcck-Verpackungsstil\" class=\"wp-image-4787\" srcset=\"https:\/\/tianhuipackingmachine.com\/wp-content\/uploads\/2022\/01\/soap-bar-packaging-style-display.jpg 750w, https:\/\/tianhuipackingmachine.com\/wp-content\/uploads\/2022\/01\/soap-bar-packaging-style-display-480x320.jpg 480w\" sizes=\"auto, (max-width: 750px) 100vw, 750px\" \/><figcaption class=\"wp-element-caption\">Seifenst\u00fcck-Verpackungsstil-Display<\/figcaption><\/figure>    <h2 class=\"wp-block-heading\" id=\"h-structures-and-details-about-soap-packing-machine\"><strong>Strukturdetails zur Verpackungsmaschine f\u00fcr Badeseife<\/strong><\/h2>    <p>Diese Sabun-Verpackungsmaschine besteht aus einem SPS-Bedienfeld, einer Zuf\u00fchrplattform aus Edelstahl, einem F\u00f6rderband, einer Folienrollenvorrichtung, einem Beutelformer, ziehenden Folienr\u00e4dern, einem Hei\u00dfsiegelschneider usw. <\/p>    <ul class=\"wp-block-list\"> <li>SPS-Bedienfeld: Sprache, Verpackungsgeschwindigkeit, Beutell\u00e4nge, Schalter f\u00fcr fotoelektrische Augenverfolgung, Mittel- und Endversiegelungstemperatur usw. einrichten. <\/li>    <li>Zuf\u00fchrplattform mit F\u00f6rderband: Bietet Service f\u00fcr die Sortierung der Materialien.<\/li>    <li>Servo-Folienf\u00f6rderband: intelligenter, erkennt die Materiall\u00e4nge und spart Folie.<\/li>    <li>Folienrollenger\u00e4t: Folie f\u00fcr handgemachte Seifenverpackung bereitlegen.<\/li>    <li>Rollen zum Ziehen des Films: Sie sind f\u00fcr das Ziehen des Films verantwortlich und sorgen daf\u00fcr, dass sich der Film vorw\u00e4rts bewegt.<\/li>    <li>Hei\u00dfsiegelschneider: Folie passend zu unterschiedlichen Beutell\u00e4ngen zuschneiden.<\/li> <\/ul>    <figure class=\"wp-block-gallery has-nested-images columns-default is-cropped wp-block-gallery-2 is-layout-flex wp-block-gallery-is-layout-flex\"> <figure class=\"wp-block-image size-large\"><img loading=\"lazy\" decoding=\"async\" width=\"600\" height=\"450\" data-id=\"4040\" src=\"https:\/\/tianhuipackingmachine.com\/wp-content\/uploads\/2021\/12\/servo-belt-conveying-type.jpg\" alt=\"Servo-Bandf\u00f6rdertyp\" class=\"wp-image-4040\" srcset=\"https:\/\/tianhuipackingmachine.com\/wp-content\/uploads\/2021\/12\/servo-belt-conveying-type.jpg 600w, https:\/\/tianhuipackingmachine.com\/wp-content\/uploads\/2021\/12\/servo-belt-conveying-type-480x360.jpg 480w\" sizes=\"auto, (max-width: 600px) 100vw, 600px\" \/><figcaption class=\"wp-element-caption\">Servo-Bandf\u00f6rdertyp<\/figcaption><\/figure>    <figure class=\"wp-block-image size-large\"><img loading=\"lazy\" decoding=\"async\" width=\"600\" height=\"450\" data-id=\"4034\" src=\"https:\/\/tianhuipackingmachine.com\/wp-content\/uploads\/2021\/12\/chain-and-lock-catches-feeding-type.jpg\" alt=\"Ketten- und Schlossverschl\u00fcsse mit Zuf\u00fchrtyp\" class=\"wp-image-4034\" srcset=\"https:\/\/tianhuipackingmachine.com\/wp-content\/uploads\/2021\/12\/chain-and-lock-catches-feeding-type.jpg 600w, https:\/\/tianhuipackingmachine.com\/wp-content\/uploads\/2021\/12\/chain-and-lock-catches-feeding-type-480x360.jpg 480w\" sizes=\"auto, (max-width: 600px) 100vw, 600px\" \/><figcaption class=\"wp-element-caption\">Art der Zuf\u00fchrung von Ketten- und Schlossverschl\u00fcssen<\/figcaption><\/figure>    <figure class=\"wp-block-image size-large\"><img loading=\"lazy\" decoding=\"async\" width=\"750\" height=\"500\" data-id=\"4035\" src=\"https:\/\/tianhuipackingmachine.com\/wp-content\/uploads\/2021\/12\/end-sealing-and-cutting-device-three-cutters-750x500.jpg\" alt=\"Endversiegelungs- und Schneidger\u00e4t (drei Messer)\" class=\"wp-image-4035\" srcset=\"https:\/\/tianhuipackingmachine.com\/wp-content\/uploads\/2021\/12\/end-sealing-and-cutting-device-three-cutters.jpg 750w, https:\/\/tianhuipackingmachine.com\/wp-content\/uploads\/2021\/12\/end-sealing-and-cutting-device-three-cutters-480x320.jpg 480w\" sizes=\"auto, (max-width: 750px) 100vw, 750px\" \/><figcaption class=\"wp-element-caption\">Endversiegelungs- und Schneideger\u00e4t (drei Schneider)<\/figcaption><\/figure> <\/figure>    <figure class=\"wp-block-gallery has-nested-images columns-default is-cropped wp-block-gallery-3 is-layout-flex wp-block-gallery-is-layout-flex\"> <figure class=\"wp-block-image size-large\"><img loading=\"lazy\" decoding=\"async\" width=\"750\" height=\"500\" data-id=\"4039\" src=\"https:\/\/tianhuipackingmachine.com\/wp-content\/uploads\/2021\/12\/PLC-control-panel-of-pillow-packaging-equipment-750x500.jpg\" alt=\"SPS-Bedienfeld der Kissenverpackungsanlage\" class=\"wp-image-4039\" srcset=\"https:\/\/tianhuipackingmachine.com\/wp-content\/uploads\/2021\/12\/PLC-control-panel-of-pillow-packaging-equipment.jpg 750w, https:\/\/tianhuipackingmachine.com\/wp-content\/uploads\/2021\/12\/PLC-control-panel-of-pillow-packaging-equipment-480x320.jpg 480w\" sizes=\"auto, (max-width: 750px) 100vw, 750px\" \/><figcaption class=\"wp-element-caption\">SPS-Bedienfeld f\u00fcr Kissenverpackungsanlagen<\/figcaption><\/figure>    <figure class=\"wp-block-image size-large\"><img loading=\"lazy\" decoding=\"async\" width=\"600\" height=\"450\" data-id=\"4038\" src=\"https:\/\/tianhuipackingmachine.com\/wp-content\/uploads\/2021\/12\/mid-sealing-device-for-upper-film-equipment.jpg\" alt=\"Mittelsiegelger\u00e4t f\u00fcr Oberfolienger\u00e4te\" class=\"wp-image-4038\" srcset=\"https:\/\/tianhuipackingmachine.com\/wp-content\/uploads\/2021\/12\/mid-sealing-device-for-upper-film-equipment.jpg 600w, https:\/\/tianhuipackingmachine.com\/wp-content\/uploads\/2021\/12\/mid-sealing-device-for-upper-film-equipment-480x360.jpg 480w\" sizes=\"auto, (max-width: 600px) 100vw, 600px\" \/><figcaption class=\"wp-element-caption\">Mittelsiegelger\u00e4t f\u00fcr Oberfolienger\u00e4te<\/figcaption><\/figure>    <figure class=\"wp-block-image size-large\"><img loading=\"lazy\" decoding=\"async\" width=\"600\" height=\"450\" data-id=\"4037\" src=\"https:\/\/tianhuipackingmachine.com\/wp-content\/uploads\/2021\/12\/mid-sealing-device-for-down-film-roll-equipment.jpg\" alt=\"Mittelsiegelger\u00e4t f\u00fcr Down-Folien-Rollenger\u00e4te\" class=\"wp-image-4037\" srcset=\"https:\/\/tianhuipackingmachine.com\/wp-content\/uploads\/2021\/12\/mid-sealing-device-for-down-film-roll-equipment.jpg 600w, https:\/\/tianhuipackingmachine.com\/wp-content\/uploads\/2021\/12\/mid-sealing-device-for-down-film-roll-equipment-480x360.jpg 480w\" sizes=\"auto, (max-width: 600px) 100vw, 600px\" \/><figcaption class=\"wp-element-caption\">Mittelsiegelger\u00e4t f\u00fcr Down-Film-Rollenger\u00e4te<\/figcaption><\/figure> <\/figure>    <h2 class=\"wp-block-heading\" id=\"h-what-affects-the-soap-packing-machine-price\"><strong>Was beeinflusst den Preis der Seifenverpackungsmaschine?<\/strong><\/h2>    <p>Der Preis der automatischen Seifenverpackungsmaschine h\u00e4ngt eng mit den Ausstattungskomponenten zusammen. <\/p>    <ul class=\"wp-block-list\"> <li>Zum einen werden die Breiten von F\u00f6rderband und Beutelformer auf das Packgut abgestimmt. Ihre Kosten unterscheiden sich in der H\u00f6he. <\/li>    <li>Zweitens gibt es optional das Servo-Folienf\u00f6rderband und das F\u00f6rderband mit Kette und Verriegelungsbl\u00f6cken. Ersteres ist teurer als Letzteres. <\/li>    <li>Drittens variieren die Kosten f\u00fcr Einzelschneider, Doppelschneider und Dreifachschneider. Je mehr Schneidmesser es hat, desto h\u00f6her ist der Preis.<\/li>    <li>Viertens: Ben\u00f6tigen Sie weitere Ger\u00e4te? Zum Beispiel Datumsdrucker, Schw\u00e4mme, B\u00fcrsten usw. Je mehr Zusatzausstattung Sie haben, desto h\u00f6her ist der Preis.<\/li> <\/ul>    <p>Alle oben genannten Faktoren k\u00f6nnen den Endpreis der kleinen Seifenverpackungsmaschine beeinflussen. Kontaktieren Sie uns f\u00fcr den besten Preis.<\/p>    <figure class=\"wp-block-image size-large\"><img loading=\"lazy\" decoding=\"async\" width=\"667\" height=\"500\" src=\"https:\/\/tianhuipackingmachine.com\/wp-content\/uploads\/2024\/05\/automatic-soap-packing-machine-for-sale-667x500.webp\" alt=\"Automatische Seifenverpackungsmaschine zu verkaufen\" class=\"wp-image-6674\" srcset=\"https:\/\/tianhuipackingmachine.com\/wp-content\/uploads\/2024\/05\/automatic-soap-packing-machine-for-sale-667x500.webp 667w, https:\/\/tianhuipackingmachine.com\/wp-content\/uploads\/2024\/05\/automatic-soap-packing-machine-for-sale-480x360.webp 480w, https:\/\/tianhuipackingmachine.com\/wp-content\/uploads\/2024\/05\/automatic-soap-packing-machine-for-sale-16x12.webp 16w, https:\/\/tianhuipackingmachine.com\/wp-content\/uploads\/2024\/05\/automatic-soap-packing-machine-for-sale.webp 720w\" sizes=\"auto, (max-width: 667px) 100vw, 667px\" \/><figcaption class=\"wp-element-caption\">Automatische Seifenverpackungsmaschine zu verkaufen<\/figcaption><\/figure>    <h2 class=\"wp-block-heading\" id=\"h-why-choose-us-as-your-top-manufacturer-and-supplier\"><strong>Warum sollten Sie uns als Ihren Top-Hersteller von Seifenverpackungsmaschinen w\u00e4hlen?<\/strong><\/h2>    <p>Es gibt viele Hersteller von automatischen Seifenverpackungsmaschinen auf dem Markt, aber warum sollten Sie uns als Lieferanten w\u00e4hlen? Die Hauptpunkte sind wie folgt:<\/p>    <ul class=\"wp-block-list\"> <li>Umfangreiche Erfahrung in der Entwicklung, Forschung, Herstellung und Lieferung verschiedener Arten von Verpackungsmaschinen <ul class=\"wp-block-list\"> <li>Shuliy wurde 1992 gegr\u00fcndet und ist seit \u00fcber Jahrzehnten in der Verpackungsmaschinenindustrie t\u00e4tig. Unsere Verpackungsmaschine f\u00fcr Badeseifenw\u00fcrfel genie\u00dft einen guten Ruf f\u00fcr ihre gute Qualit\u00e4t und ihren wettbewerbsf\u00e4higen Preis.<\/li> <\/ul> <\/li>    <li>\u00c4u\u00dferst strenges Inspektions- und Liefersystem f\u00fcr unsere Maschinen <ul class=\"wp-block-list\"> <li>Vor dem Versand senden wir Ihnen Fotos und Videos zur \u00dcberpr\u00fcfung zu. Normalerweise verpacken wir die Maschine in Holzkisten, um Sch\u00e4den beim Transport zu vermeiden.<\/li> <\/ul> <\/li> <\/ul>    <figure class=\"wp-block-gallery has-nested-images columns-default is-cropped wp-block-gallery-4 is-layout-flex wp-block-gallery-is-layout-flex\"> <figure class=\"wp-block-image size-large\"><img loading=\"lazy\" decoding=\"async\" width=\"750\" height=\"500\" data-id=\"4080\" src=\"https:\/\/tianhuipackingmachine.com\/wp-content\/uploads\/2021\/12\/packing-display-of-the-machine-before-shipment-750x500.jpg\" alt=\"Verpackungsanzeige der Maschine vor dem Versand\" class=\"wp-image-4080\" srcset=\"https:\/\/tianhuipackingmachine.com\/wp-content\/uploads\/2021\/12\/packing-display-of-the-machine-before-shipment.jpg 750w, https:\/\/tianhuipackingmachine.com\/wp-content\/uploads\/2021\/12\/packing-display-of-the-machine-before-shipment-480x320.jpg 480w\" sizes=\"auto, (max-width: 750px) 100vw, 750px\" \/><figcaption class=\"wp-element-caption\">Verpackungsanzeige der Maschine vor dem Versand<\/figcaption><\/figure>    <figure class=\"wp-block-image size-large\"><img loading=\"lazy\" decoding=\"async\" width=\"750\" height=\"500\" data-id=\"4078\" src=\"https:\/\/tianhuipackingmachine.com\/wp-content\/uploads\/2021\/12\/packaged-in-wooden-cases-750x500.jpg\" alt=\"verpackt in Holzkisten\" class=\"wp-image-4078\" srcset=\"https:\/\/tianhuipackingmachine.com\/wp-content\/uploads\/2021\/12\/packaged-in-wooden-cases.jpg 750w, https:\/\/tianhuipackingmachine.com\/wp-content\/uploads\/2021\/12\/packaged-in-wooden-cases-480x320.jpg 480w\" sizes=\"auto, (max-width: 750px) 100vw, 750px\" \/><figcaption class=\"wp-element-caption\">Verpackt in Holzkisten<\/figcaption><\/figure> <\/figure>    <ul class=\"wp-block-list\"> <li>Kundendienst <ul class=\"wp-block-list\"> <li>Das englische Handbuch und das Video helfen Ihnen bei der Installation und Bedienung der Maschine. Wenn Sie Fragen zu unseren Produkten haben, steht Ihnen ein 24-Stunden-Online-Service zur Verf\u00fcgung.<\/li> <\/ul> <\/li>    <li>Anpassungsservice <ul class=\"wp-block-list\"> <li>Wir k\u00f6nnen die Verpackungsmaschine f\u00fcr Toilettenseife entsprechend Ihren spezifischen Anforderungen anpassen. Und wir k\u00f6nnen die Spannung an Ihr Land anpassen.<\/li> <\/ul> <\/li> <\/ul>    <h2 class=\"wp-block-heading\" id=\"h-get-in-touch-with-us\"><strong>Nehmen Sie Kontakt mit uns auf!<\/strong><\/h2>    <p class=\"translation-block\">Wenn Sie Fragen haben oder mehr \u00fcber unsere Verpackungsmaschine f\u00fcr <a href=\"https:\/\/en.wikipedia.org\/wiki\/Soap\" target=\"_blank\" rel=\"noopener\">Seife<\/a> erfahren m\u00f6chten, z\u00f6gern Sie bitte nicht, uns zu kontaktieren. Wir werden Ihnen professionelle Antworten und qualitativ hochwertige Dienstleistungen bieten!<\/p>   <figure class=\"wp-block-embed-youtube wp-block-embed is-type-video is-provider-youtube wp-embed-aspect-16-9 wp-has-aspect-ratio lyte-align aligncenter\"><div class=\"lyte-wrapper\" title=\"Seifenverpackungsmaschine | Horizontale Schlauchbeutelmaschine f\u00fcr Seife\" style=\"width:853px;max-width:100%;margin:5px auto;\"><div class=\"lyMe\" id=\"WYL_NqpZTmjrjgc\" itemprop=\"video\" itemscope itemtype=\"https:\/\/schema.org\/VideoObject\"><div><meta itemprop=\"thumbnailUrl\" content=\"https:\/\/i.ytimg.com\/vi\/NqpZTmjrjgc\/hqdefault.jpg\" \/><meta itemprop=\"embedURL\" content=\"https:\/\/www.youtube.com\/embed\/NqpZTmjrjgc\" \/><meta itemprop=\"duration\" content=\"PT44S\" \/><meta itemprop=\"uploadDate\" content=\"2021-10-22T05:55:46Z\" \/><\/div><div id=\"lyte_NqpZTmjrjgc\" data-src=\"https:\/\/i.ytimg.com\/vi\/NqpZTmjrjgc\/hqdefault.jpg\" class=\"pL\"><div class=\"tC\"><div class=\"tT\" itemprop=\"name\">Seifenverpackungsmaschine | Horizontale Schlauchbeutelmaschine f\u00fcr Seife<\/div><\/div><div class=\"play\"><\/div><div class=\"ctrl\"><div class=\"Lctrl\"><\/div><div class=\"Rctrl\"><\/div><\/div><\/div><noscript><a href=\"https:\/\/youtu.be\/NqpZTmjrjgc\" rel=\"nofollow noopener\" target=\"_blank\"><img loading=\"lazy\" decoding=\"async\" src=\"https:\/\/i.ytimg.com\/vi\/NqpZTmjrjgc\/0.jpg\" alt=\"Seifenverpackungsmaschine | Horizontale Schlauchbeutelmaschine f\u00fcr Seife\" width=\"853\" height=\"460\" \/><\/a><\/noscript><meta itemprop=\"description\" content=\"For more details: https:\/\/tianhuipackingmachine.com\/soap-packaging-machines\/ sales@toppackingmachine.com Whatsapp\/Tel: +86 17329326135 Soap packing machine is a kind of horizontal flow wrapping machine. It is widely used to package various shapes of soaps. With two electric motors and intelligent PLC control system, the soap wrapping machine is easy to operate and is super-efficient. Besides, different models of soap packing machine are available to fit different soap sizes. And we support customization service. Henan Top Packing Machinery Co., Ltd is a professional packing machine manufacturer and supplier. Our soap packaging machines have the features of good performance and affordable price. Welcome to get in touch with us for more details.\"><\/div><\/div><div class=\"lL\" style=\"max-width:100%;width:853px;margin:5px auto;\"> <a href=\"https:\/\/youtu.be\/NqpZTmjrjgc\" target=\"_blank\" rel=\"noopener\">Dieses Video auf YouTube ansehen<\/a>.<\/div><figcaption>Video zur Funktionsweise einer runden Seifenverpackungsmaschine<\/figcaption><\/figure>","protected":false},"excerpt":{"rendered":"<p>Die Shuliy-Seifenverpackungsmaschine verpackt vollautomatisch verschiedene Seifenformen wie Seifenw\u00fcrfel, Toilettenseife, runde Seife usw. in Beutel.<\/p>","protected":false},"author":1,"featured_media":3590,"parent":0,"template":"","tags":[213],"product-type":[139],"class_list":["post-1704","product","type-product","status-publish","has-post-thumbnail","hentry","tag-flow-wrapping-machine","product-type-pillow-packing-machines"],"_links":{"self":[{"href":"https:\/\/tianhuipackingmachine.com\/de\/wp-json\/wp\/v2\/product\/1704","targetHints":{"allow":["GET"]}}],"collection":[{"href":"https:\/\/tianhuipackingmachine.com\/de\/wp-json\/wp\/v2\/product"}],"about":[{"href":"https:\/\/tianhuipackingmachine.com\/de\/wp-json\/wp\/v2\/types\/product"}],"author":[{"embeddable":true,"href":"https:\/\/tianhuipackingmachine.com\/de\/wp-json\/wp\/v2\/users\/1"}],"wp:featuredmedia":[{"embeddable":true,"href":"https:\/\/tianhuipackingmachine.com\/de\/wp-json\/wp\/v2\/media\/3590"}],"wp:attachment":[{"href":"https:\/\/tianhuipackingmachine.com\/de\/wp-json\/wp\/v2\/media?parent=1704"}],"wp:term":[{"taxonomy":"post_tag","embeddable":true,"href":"https:\/\/tianhuipackingmachine.com\/de\/wp-json\/wp\/v2\/tags?post=1704"},{"taxonomy":"product-type","embeddable":true,"href":"https:\/\/tianhuipackingmachine.com\/de\/wp-json\/wp\/v2\/product-type?post=1704"}],"curies":[{"name":"wp","href":"https:\/\/api.w.org\/{rel}","templated":true}]}}