{"id":1637,"date":"2021-06-30T15:21:50","date_gmt":"2021-06-30T07:21:50","guid":{"rendered":"https:\/\/tianhuipackingmachine.com\/?page_id=1637"},"modified":"2023-01-16T14:36:14","modified_gmt":"2023-01-16T06:36:14","slug":"small-packaging-machine","status":"publish","type":"product","link":"https:\/\/tianhuipackingmachine.com\/de\/small-packaging-machine\/","title":{"rendered":"Kleine Verpackungsmaschine"},"content":{"rendered":"<p class=\"translation-block\"><strong>Kleine Verpackungsmaschine<\/strong> ist ein Werkzeug, das verwendet wird, um kleine Artikel, wie Lebensmittel, Haushaltswaren oder andere Konsumg\u00fcter, in kleinen Mengen zu verpacken. Diese Maschinen werden typischerweise in kleinen Unternehmen eingesetzt, wie zum Beispiel in Lebensmittelgesch\u00e4ften, Delikatessen oder kleinen Produktionsbetrieben, und sind darauf ausgelegt, kompakt, benutzerfreundlich und kosteneffektiv zu sein. Zu den g\u00e4ngigen Typen von kleinen Verpackungsmaschinen geh\u00f6ren VFFS-Maschinen, Vakuumverpacker, F\u00fcll- und Verschlie\u00dfmaschinen, Schrumpfverpackungsmaschinen und horizontale Flow Wrapper. <\/p>    <p> Kleine Verpackungsmaschinen eignen sich zum Verpacken von Beuteln. Mehrere automatische Kleinverpackungsger\u00e4te k\u00f6nnen den gesamten Prozess des Beutelformens, Wiegens, F\u00fcllens, Verschlie\u00dfens, Schneidens und Z\u00e4hlens abschlie\u00dfen, was die Arbeitseffizienz im Vergleich zu vollst\u00e4ndig manueller Arbeit erheblich verbessert. Es spart bis zu einem gewissen Grad viel Arbeitskraft. Dar\u00fcber hinaus ist diese Art von Verpackungsmaschine in der Regel kosteng\u00fcnstiger als die gr\u00f6\u00dfere.<\/p>    <h2 class=\"wp-block-heading\"><strong>Verschiedene kleine Verpackungsmaschinen zu verkaufen<\/strong><strong><\/strong><\/h2>    <p>Zu den zum Verkauf stehenden kleinen Verpackungsmaschinen geh\u00f6ren kleine Pulververpackungsmaschinen, Granulatverpackungsmaschinen, Fl\u00fcssigkeitsverpackungsmaschinen, Vakuumverpackungsmaschinen usw. Kleine Pulververpackungen gelten f\u00fcr verschiedene Arten von Pulver, wie Kaffeepulver, Gew\u00fcrze, Milchpulver, Mehl, Maisst\u00e4rke usw bald. Kleine Granulatverpackungsmaschinen verpacken Beutel mit Kaffeebohnen, Saubohnen, Reis, Melonenkernen, Erdn\u00fcssen, Haferflocken usw. W\u00e4hrend kleine Fl\u00fcssigkeiten zum Verpacken von Milch, Saft, Wasser usw. verwendet werden k\u00f6nnen. <\/p>    <p>F\u00fcr verderbliche Lebensmittel ist es eine gute Idee, eine Vakuumverpackungsmaschine einzusetzen. Die Vakuumverpackung kann die Haltbarkeit von Lebensmitteln effektiv verl\u00e4ngern und den Verderb von Lebensmitteln verlangsamen. Dar\u00fcber hinaus bieten wir auch ma\u00dfgeschneiderten Service basierend auf Ihren tats\u00e4chlichen Anforderungen. Wenn Sie an unseren Produkten interessiert sind, setzen Sie sich schnellstm\u00f6glich mit uns in Verbindung, um weitere Einzelheiten zu erfahren.<\/p>    <div class=\"wp-block-columns is-layout-flex wp-container-core-columns-is-layout-28f84493 wp-block-columns-is-layout-flex\"> <div class=\"wp-block-column is-layout-flow wp-block-column-is-layout-flow\"> <figure class=\"wp-block-image size-large\"><img loading=\"lazy\" decoding=\"async\" width=\"600\" height=\"450\" src=\"https:\/\/tianhuipackingmachine.com\/wp-content\/uploads\/2021\/06\/powder-pouch-packing-machine-2.jpg\" alt=\"Lieferant von Pulverbeutel-Verpackungsmaschinen\" class=\"wp-image-1351\" srcset=\"https:\/\/tianhuipackingmachine.com\/wp-content\/uploads\/2021\/06\/powder-pouch-packing-machine-2.jpg 600w, https:\/\/tianhuipackingmachine.com\/wp-content\/uploads\/2021\/06\/powder-pouch-packing-machine-2-300x225.jpg 300w\" sizes=\"auto, (max-width: 600px) 100vw, 600px\" \/><figcaption class=\"wp-element-caption\">Pulverbeutel-Verpackungsmaschine<\/figcaption><\/figure> <\/div>    <div class=\"wp-block-column is-layout-flow wp-block-column-is-layout-flow\"> <h3 class=\"has-text-color wp-block-heading\" style=\"color:#ff5200\">Parameter der Verpackungsausr\u00fcstung f\u00fcr 1-80-g-Beutelpulver<\/h3>    <ul class=\"wp-block-list\"> <li>Verpackungsstil (Beutelstil): 3-seitige Versiegelung\/R\u00fcckenversiegelung\/4-seitige Versiegelung<\/li>    <li>Verpackungsgeschwindigkeit: 20-80 Beutel\/Min<\/li>    <li>Stromverbrauch: 1,8 kW<\/li>    <li>Stromverbrauch: 1,8 kW<\/li>    <li>Gewicht:\u00a0250\u00a0kg<\/li>    <li>Abmessungen: 650*1050*1950mm<\/li>    <li>Verpackungsgewicht: 0\u201380 g<\/li>    <li>Beutelbreite: 20\u2013150 mm (Beutelformer ersetzen)<\/li>    <li>Taschenl\u00e4nge: 30\u2013180 mm verstellbar<\/li>    <li>Hinweis: Kundenspezifischer Service verf\u00fcgbar<\/li> <\/ul> <\/div> <\/div>    <div class=\"wp-block-columns is-layout-flex wp-container-core-columns-is-layout-28f84493 wp-block-columns-is-layout-flex\"> <div class=\"wp-block-column is-layout-flow wp-block-column-is-layout-flow\"> <figure class=\"wp-block-image size-full\"><img loading=\"lazy\" decoding=\"async\" width=\"600\" height=\"450\" src=\"https:\/\/tianhuipackingmachine.com\/wp-content\/uploads\/2021\/06\/rice-granule-packing-machine.jpg\" alt=\"Reisgranulat-Verpackungsmaschine\" class=\"wp-image-1486\" srcset=\"https:\/\/tianhuipackingmachine.com\/wp-content\/uploads\/2021\/06\/rice-granule-packing-machine.jpg 600w, https:\/\/tianhuipackingmachine.com\/wp-content\/uploads\/2021\/06\/rice-granule-packing-machine-300x225.jpg 300w\" sizes=\"auto, (max-width: 600px) 100vw, 600px\" \/><figcaption class=\"wp-element-caption\">Reisgranulat-Verpackungsmaschine<\/figcaption><\/figure> <\/div>    <div class=\"wp-block-column is-layout-flow wp-block-column-is-layout-flow\"> <h3 class=\"has-text-color wp-block-heading\" style=\"color:#ff5200\">Parameter der Granulatverpackungsmaschine TH-450<\/h3>    <ul class=\"wp-block-list\"> <li>Verpackungsbeutel-Stil (Option w\u00e4hlen): R\u00fcckseitige Versiegelung\/3-seitige Versiegelung<\/li>    <li>Verpackungsgeschwindigkeit: 20-80 Beutel\/Min<\/li>    <li>Stromverbrauch: 2,2 kW<\/li>    <li>Gewicht:\u00a0420\u00a0kg<\/li>    <li>Abmessungen: 750*750*21000mm<\/li>    <li>Verpackungsgewicht: 100-1000 Gramm<\/li>    <li>Beutelbreite: 20\u2013200 mm<\/li>    <li>Taschenl\u00e4nge: 30\u2013180 mm verstellbar<\/li>    <li>Hinweis: Kundenspezifisch verf\u00fcgbar<\/li> <\/ul> <\/div> <\/div>    <div class=\"wp-block-columns is-layout-flex wp-container-core-columns-is-layout-28f84493 wp-block-columns-is-layout-flex\"> <div class=\"wp-block-column is-layout-flow wp-block-column-is-layout-flow\"> <figure class=\"wp-block-image size-large\"><img loading=\"lazy\" decoding=\"async\" width=\"600\" height=\"450\" src=\"https:\/\/tianhuipackingmachine.com\/wp-content\/uploads\/2021\/05\/TH-liquid-packaging-machine.jpg\" alt=\"Fl\u00fcssigkeitsverpackungsmaschine\" class=\"wp-image-721\" srcset=\"https:\/\/tianhuipackingmachine.com\/wp-content\/uploads\/2021\/05\/TH-liquid-packaging-machine.jpg 600w, https:\/\/tianhuipackingmachine.com\/wp-content\/uploads\/2021\/05\/TH-liquid-packaging-machine-300x225.jpg 300w\" sizes=\"auto, (max-width: 600px) 100vw, 600px\" \/><figcaption class=\"wp-element-caption\">Fl\u00fcssigkeitsverpackungsmaschine<\/figcaption><\/figure> <\/div>    <div class=\"wp-block-column is-layout-flow wp-block-column-is-layout-flow\"> <h3 class=\"has-text-color wp-block-heading\" style=\"color:#ff5200\">Parameter der Fl\u00fcssigkeitsverpackungsmaschine TH-420<\/h3>    <ul class=\"wp-block-list\"> <li>Typ: Fl\u00fcssigkeitsverpackungsmaschine TH-420<\/li>    <li>Beutell\u00e4nge: 80\u2013300 mm (L).<\/li>    <li>Beutelbreite: 50\u2013200 mm (B).<\/li>    <li>Verpackungsgeschwindigkeit: 5-30 Beutel\/Min<\/li>    <li>Messbereich: 5\u20131000 ml<\/li>    <li>Luftverbrauch: 0,65 MPa<\/li>    <li>Gasverbrauch: 0,3 m\u00b3\/min<\/li>    <li>Spannung: 220 V<\/li>    <li>Leistung: 2,2 kW<\/li>    <li>Abmessungen: (L) 1320 mm \u00d7 (B) 950 mm \u00d7 (H) 1360 mm<\/li>    <li>Gewicht: 540 kg<\/li>    <li>Hinweis: Kundenspezifisch verf\u00fcgbar<\/li> <\/ul> <\/div> <\/div>    <div class=\"wp-block-columns is-layout-flex wp-container-core-columns-is-layout-28f84493 wp-block-columns-is-layout-flex\"> <div class=\"wp-block-column is-layout-flow wp-block-column-is-layout-flow\"> <figure class=\"wp-block-image size-large\"><img loading=\"lazy\" decoding=\"async\" width=\"600\" height=\"450\" src=\"https:\/\/tianhuipackingmachine.com\/wp-content\/uploads\/2021\/05\/single-room-vacuum-packing-machine.jpg\" alt=\"Einzelraum-Vakuumverpackungsmaschine zu verkaufen\" class=\"wp-image-660\" srcset=\"https:\/\/tianhuipackingmachine.com\/wp-content\/uploads\/2021\/05\/single-room-vacuum-packing-machine.jpg 600w, https:\/\/tianhuipackingmachine.com\/wp-content\/uploads\/2021\/05\/single-room-vacuum-packing-machine-300x225.jpg 300w\" sizes=\"auto, (max-width: 600px) 100vw, 600px\" \/><figcaption class=\"wp-element-caption\">Einzelraum-Vakuumverpackungsmaschine <\/figcaption><\/figure> <\/div>    <div class=\"wp-block-column is-layout-flow wp-block-column-is-layout-flow\"> <h3 class=\"has-text-color wp-block-heading\" style=\"color:#ff5200\">Parameter der Einkammer-Vakuumverpackungsmaschine<\/h3>    <ul class=\"wp-block-list\"> <li>Spannung: 220V\/50HZ<\/li>    <li>Vakuumpumpenleistung: 0,9 KW<\/li>    <li>Siegelleistung: 0,6 KW<\/li>    <li>Absoluter Druck: 0,1 Pa<\/li>    <li>Anzahl Dichtungsstreifen: 1<\/li>    <li>Gr\u00f6\u00dfe der Dichtungsstreifen: 500 mm x 10 mm x 2<\/li>    <li>Kammermaterial: Edelstahl 304<\/li>    <li>Material der Abdeckung: organisches Glas<\/li>    <li>Kammergr\u00f6\u00dfe: 525*520*130<\/li>    <li>Maschinengr\u00f6\u00dfe: 650*580*960<\/li>    <li>Maschinengewicht: 80kg<\/li> <\/ul> <\/div> <\/div>    <h2 class=\"wp-block-heading\"><strong>Merkmale und Vorteile einer kleinen Verpackungsmaschine<\/strong><strong><\/strong><\/h2>    <ol class=\"wp-block-list\" type=\"1\"> <li>Kompakte Struktur und kleine bewohnte Fl\u00e4che;<\/li>    <li>Einfache Installation, Bedienung und Austausch des Beutelformers;<\/li>    <li>Niedrige Kosten, gute Qualit\u00e4t und ger\u00e4uscharmer Betrieb;<\/li>    <li>An der Unterseite der kleinen Verpackungsmaschine befinden sich vier R\u00e4der, die bequem zu bewegen sind.<\/li>    <li>Der Beutelformer kann den Beutel mit r\u00fcckseitiger Versiegelung, 3-seitiger Versiegelung, 4-seitiger Versiegelung oder Pyramide herstellen;<\/li>    <li>Ein intelligentes Controller-Panel zum Einrichten der Verpackungsparameter ist einfach zu bedienen;<\/li>    <li>Der Notrufknopf ist aus Sicherheitsgr\u00fcnden in einer kleinen Verpackungsmaschine untergebracht.<\/li>    <li>Anpassungsservice verf\u00fcgbar.<\/li> <\/ol>    <h2 class=\"wp-block-heading\">Pulverbeutelverpackung und Einkammer-Vakuumversiegelung<\/h2>    <div class=\"wp-block-columns is-layout-flex wp-container-core-columns-is-layout-28f84493 wp-block-columns-is-layout-flex\"> <div class=\"wp-block-column is-layout-flow wp-block-column-is-layout-flow\"><figure class=\"wp-block-embed-youtube wp-block-embed is-type-video is-provider-youtube wp-embed-aspect-16-9 wp-has-aspect-ratio\"><div class=\"lyte-wrapper\" title=\"Automatische Pulverbeutel-Verpackungsmaschine | Geeignet f\u00fcr Mehl, Gew\u00fcrze, Milchpulver, Kaffeepulver usw.\" style=\"width:853px;max-width:100%;margin:5px auto;\"><div class=\"lyMe\" id=\"WYL_-dsZnBZpzUg\" itemprop=\"video\" itemscope itemtype=\"https:\/\/schema.org\/VideoObject\"><div><meta itemprop=\"thumbnailUrl\" content=\"https:\/\/i.ytimg.com\/vi\/-dsZnBZpzUg\/hqdefault.jpg\" \/><meta itemprop=\"embedURL\" content=\"https:\/\/www.youtube.com\/embed\/-dsZnBZpzUg\" \/><meta itemprop=\"duration\" content=\"PT46S\" \/><meta itemprop=\"uploadDate\" content=\"2021-07-30T02:35:20Z\" \/><\/div><div id=\"lyte_-dsZnBZpzUg\" data-src=\"https:\/\/i.ytimg.com\/vi\/-dsZnBZpzUg\/hqdefault.jpg\" class=\"pL\"><div class=\"tC\"><div class=\"tT\" itemprop=\"name\">Automatische Pulverbeutel-Verpackungsmaschine | Geeignet f\u00fcr Mehl, Gew\u00fcrze, Milchpulver, Kaffeepulver usw.<\/div><\/div><div class=\"play\"><\/div><div class=\"ctrl\"><div class=\"Lctrl\"><\/div><div class=\"Rctrl\"><\/div><\/div><\/div><noscript><a href=\"https:\/\/youtu.be\/-dsZnBZpzUg\" rel=\"nofollow noopener\" target=\"_blank\"><img loading=\"lazy\" decoding=\"async\" src=\"https:\/\/i.ytimg.com\/vi\/-dsZnBZpzUg\/0.jpg\" alt=\"Automatische Pulverbeutel-Verpackungsmaschine | Geeignet f\u00fcr Mehl, Gew\u00fcrze, Milchpulver, Kaffeepulver usw.\" width=\"853\" height=\"460\" \/><\/a><\/noscript><meta itemprop=\"description\" content=\"#powderpackingmachine #powderfillingmachines #bagpacking If you are interested in this machine, welcome to contact us to get a free quotation \ud83d\ude04 Email: sales@tianhuipackingmachine.com Whatsapp\/Tel: +86 17329326135 Useful reference: https:\/\/tianhuipackingmachine.com\/powder-packing-machine\/ ------------------------------------------------------------------- Automatic powder pouch packaging machine is high efficient and accurate, applying to flour, spice, milk powder, coffee powder, chili powder, detergent powder, ginger powder, cornflour, cocoa powder, dyes powder, etc. This type is suitable for 0-80g per bag. And we also provide other types for 0-1kg, 1-3kg, 1-5kg, or 5-50kg per bag. ------------------------------------------------------------------- You may also like these videos\ud83d\udc49 1-3kg powder packing machine https:\/\/www.youtube.com\/watch?v=-Tbkx7gq6EY Detergent powder packing machine https:\/\/www.youtube.com\/watch?v=1ZOv-MtMBzU Dry powder grinding machine https:\/\/www.youtube.com\/watch?v=6Wacp-y2C6A&amp;t=1s ------------------------------------------------------------------- Email: sales@tianhuipackingmachine.com Whatsapp\/Tel: +86 17329326135 Useful reference: https:\/\/tianhuipackingmachine.com\/powder-packing-machine\/\"><\/div><\/div><div class=\"lL\" style=\"max-width:100%;width:853px;margin:5px auto;\"> <a href=\"https:\/\/youtu.be\/-dsZnBZpzUg\" target=\"_blank\" rel=\"noopener\">Dieses Video auf YouTube ansehen<\/a>.<\/div><figcaption><\/figcaption><\/figure><\/div>    <div class=\"wp-block-column is-layout-flow wp-block-column-is-layout-flow\"><figure class=\"wp-block-embed-youtube wp-block-embed is-type-video is-provider-youtube wp-embed-aspect-16-9 wp-has-aspect-ratio\"><div class=\"lyte-wrapper\" title=\"Einkammer-Vakuumverpackungsmaschine | Einzelraum-Vakuumierer\" style=\"width:853px;max-width:100%;margin:5px auto;\"><div class=\"lyMe\" id=\"WYL_g91PoEzoRlQ\" itemprop=\"video\" itemscope itemtype=\"https:\/\/schema.org\/VideoObject\"><div><meta itemprop=\"thumbnailUrl\" content=\"https:\/\/i.ytimg.com\/vi\/g91PoEzoRlQ\/hqdefault.jpg\" \/><meta itemprop=\"embedURL\" content=\"https:\/\/www.youtube.com\/embed\/g91PoEzoRlQ\" \/><meta itemprop=\"duration\" content=\"PT49S\" \/><meta itemprop=\"uploadDate\" content=\"2021-08-14T10:48:28Z\" \/><\/div><div id=\"lyte_g91PoEzoRlQ\" data-src=\"https:\/\/i.ytimg.com\/vi\/g91PoEzoRlQ\/hqdefault.jpg\" class=\"pL\"><div class=\"tC\"><div class=\"tT\" itemprop=\"name\">Einkammer-Vakuumverpackungsmaschine | Einzelraum-Vakuumierer<\/div><\/div><div class=\"play\"><\/div><div class=\"ctrl\"><div class=\"Lctrl\"><\/div><div class=\"Rctrl\"><\/div><\/div><\/div><noscript><a href=\"https:\/\/youtu.be\/g91PoEzoRlQ\" rel=\"nofollow noopener\" target=\"_blank\"><img loading=\"lazy\" decoding=\"async\" src=\"https:\/\/i.ytimg.com\/vi\/g91PoEzoRlQ\/0.jpg\" alt=\"Einkammer-Vakuumverpackungsmaschine | Einzelraum-Vakuumierer\" width=\"853\" height=\"460\" \/><\/a><\/noscript><meta itemprop=\"description\" content=\"Single chamber vacuum packing machine has a widespread application in a variety of food in order to prevent oxidization and prolong shelf life, such as sausage, bacon, roast duck, dried tofu, beef, mutton, pork, chicken, fruit, vegetables, butter, nuts, dried fruit, biscuits, corns, peanut, flour, etc. Get more details: https:\/\/tianhuipackingmachine.com\/single-chamber-vacuum-packaging-machine\/ Email: toppacking@163.com Whatsapp\/Tel: +86 17329326135\"><\/div><\/div><div class=\"lL\" style=\"max-width:100%;width:853px;margin:5px auto;\"> <a href=\"https:\/\/youtu.be\/g91PoEzoRlQ\" target=\"_blank\" rel=\"noopener\">Dieses Video auf YouTube ansehen<\/a>.<\/div><figcaption><\/figcaption><\/figure><\/div> <\/div>    <h2 class=\"wp-block-heading\"><strong>Preis f\u00fcr kleine Verpackungsmaschine <\/strong><strong><\/strong><\/h2>    <p class=\"translation-block\">Der Preis der kleinen Verpackungsmaschine h\u00e4ngt davon ab, welche Maschine Sie w\u00e4hlen. Kleine Verpackungsger\u00e4te f\u00fcr Pulver, Granulate, Fl\u00fcssigkeiten oder Vakuumverpackung unterscheiden sich erheblich im Preis aufgrund ihrer Konstruktionen. Um das F\u00fcllvolumen zu steuern, verwendet die <strong><a href=\"https:\/\/tianhuipackingmachine.com\/de\/powder-packing-machine\/\">Pulververpackungsmaschine<\/a><\/strong> eine Schraube, w\u00e4hrend die Granulaverpackungsmaschine normalerweise einen Drehteller mit Messbechern verwendet. Die Fl\u00fcssigkeitsverpackungsmaschine ist mit einer Pumpe zum Laden, Messen und F\u00fcllen ausgestattet. <\/p>    <p class=\"translation-block\">W\u00e4hrend die meisten kleinen <strong><a href=\"https:\/\/tianhuipackingmachine.com\/de\/single-chamber-vacuum-packaging-machine\/\">Ein-Kammer-Vakuumverpackungsger\u00e4te<\/a><\/strong> einen Vakuumraum haben. Au\u00dferdem unterscheiden sich verschiedene Modelle derselben Art von kleinen Verpackungsmaschinen auch im Preis. Ihre Verpackungsgeschwindigkeiten, Verpackungsfoliengr\u00f6\u00dfen und die Arten von Versiegelungs- und Schneidevorrichtungen sind die Faktoren, die den Preis beeinflussen. Dar\u00fcber hinaus unterst\u00fctzen wir OEM-Services. Kontaktieren Sie uns noch heute f\u00fcr den besten Preis.<\/p>    <h2 class=\"wp-block-heading\"><strong>Vielf\u00e4ltige Einsatzm\u00f6glichkeiten kleiner Verpackungsger\u00e4te<\/strong><\/h2>    <p>Kleine Verpackungsmaschinen werden h\u00e4ufig in den Bereichen Lebensmittel, Chemikalien f\u00fcr den t\u00e4glichen Gebrauch, Pharmazeutik usw. eingesetzt. Es gibt eine Vielzahl von Lebensmitteln, die mit kleinen Lebensmittelverpackungsmaschinen verpackt werden k\u00f6nnen. F\u00fcr Pulver wie Kaffeepulver, Milchpulver, Gew\u00fcrzpulver, Mehl, Speisest\u00e4rke usw. eignet sich die Wahl einer kleinen Pulververpackungsmaschine hervorragend. Kleine Granulatverpackungsmaschinen eignen sich f\u00fcr kleine Granulatk\u00f6rner wie Kaffeebohnen, Saubohnen, Melonenkerne, gr\u00fcne Sojabohnen, S\u00fc\u00dfigkeiten, Erdn\u00fcsse, Haferflocken, Reis usw. Fl\u00fcssigkeitsverpackungsmaschinen eignen sich f\u00fcr Wasser, Milch, Saft usw. <\/p>    <p>W\u00e4hrend kleine Einkammer-Vakuumverpackungsmaschinen frisches Fleisch, Gem\u00fcse, Obst, Reis und Getreide verpacken k\u00f6nnen, indem sie die Luft im Verpackungsbeutel absaugen. Die Vakuumverpackung verhindert Oxidation, Schimmel, Insekten und Feuchtigkeit, verl\u00e4ngert die Lagerzeit und beh\u00e4lt ihre Farbe. Sie k\u00f6nnen die Kleinverpackungsausr\u00fcstung entsprechend Ihren Anforderungen ausw\u00e4hlen.<\/p>    <div class=\"wp-block-columns is-layout-flex wp-container-core-columns-is-layout-28f84493 wp-block-columns-is-layout-flex\"> <div class=\"wp-block-column is-layout-flow wp-block-column-is-layout-flow\"> <div class=\"wp-block-columns is-layout-flex wp-container-core-columns-is-layout-28f84493 wp-block-columns-is-layout-flex\"> <div class=\"wp-block-column is-layout-flow wp-block-column-is-layout-flow\"> <figure class=\"wp-block-image size-large\"><img loading=\"lazy\" decoding=\"async\" width=\"600\" height=\"450\" src=\"https:\/\/tianhuipackingmachine.com\/wp-content\/uploads\/2021\/07\/snacks-packing-equipment-applications.jpg\" alt=\"Anwendungen f\u00fcr Granulatverpackungsger\u00e4te\" class=\"wp-image-1712\" srcset=\"https:\/\/tianhuipackingmachine.com\/wp-content\/uploads\/2021\/07\/snacks-packing-equipment-applications.jpg 600w, https:\/\/tianhuipackingmachine.com\/wp-content\/uploads\/2021\/07\/snacks-packing-equipment-applications-300x225.jpg 300w\" sizes=\"auto, (max-width: 600px) 100vw, 600px\" \/><figcaption class=\"wp-element-caption\">Anwendungen von Granulatverpackungsger\u00e4ten<\/figcaption><\/figure> <\/div> <\/div> <\/div>    <div class=\"wp-block-column is-layout-flow wp-block-column-is-layout-flow\"> <div class=\"wp-block-columns is-layout-flex wp-container-core-columns-is-layout-28f84493 wp-block-columns-is-layout-flex\"> <div class=\"wp-block-column is-layout-flow wp-block-column-is-layout-flow\"> <figure class=\"wp-block-image size-large\"><img loading=\"lazy\" decoding=\"async\" width=\"720\" height=\"484\" src=\"https:\/\/tianhuipackingmachine.com\/wp-content\/uploads\/2021\/05\/liquid-packing-products-display.jpg\" alt=\"Anzeige von Fl\u00fcssigkeitsverpackungsprodukten\" class=\"wp-image-720\" srcset=\"https:\/\/tianhuipackingmachine.com\/wp-content\/uploads\/2021\/05\/liquid-packing-products-display.jpg 720w, https:\/\/tianhuipackingmachine.com\/wp-content\/uploads\/2021\/05\/liquid-packing-products-display-300x202.jpg 300w, https:\/\/tianhuipackingmachine.com\/wp-content\/uploads\/2021\/05\/liquid-packing-products-display-272x182.jpg 272w\" sizes=\"auto, (max-width: 720px) 100vw, 720px\" \/><figcaption class=\"wp-element-caption\">Anzeige von Fl\u00fcssigkeitsverpackungsprodukten<\/figcaption><\/figure> <\/div> <\/div> <\/div> <\/div>    <h2 class=\"wp-block-heading\"><strong>Warum sollten Sie uns als Ihren Top-Lieferanten f\u00fcr kleine Verpackungsmaschinen w\u00e4hlen? <\/strong><\/h2>    <ol class=\"wp-block-list\" type=\"1\"> <li>Unser Unternehmen, <strong><a href=\"https:\/\/tianhuipackingmachine.com\/de\/\">Henan Top Packing Machinery Co., Ltd,<\/a><\/strong> wurde 1992 gegr\u00fcndet und besch\u00e4ftigt sich seit fast 30 Jahren mit Verpackungsmaschinen. Wir sammeln viel Erfahrung in der Herstellung und Lieferung von Kleinverpackungsanlagen.<\/li>    <li>Wir verf\u00fcgen \u00fcber ein umfassendes Inspektionssystem f\u00fcr unsere Produkte. Vor dem Versand senden wir Ihnen Fotos und Videos. Und wir bieten 24 Monate Garantie und 24 Stunden Online-Service. Dar\u00fcber hinaus stehen englischsprachige Videos und Handb\u00fccher zur Verf\u00fcgung, die Sie bei der Installation und Bedienung der Maschine unterst\u00fctzen.<\/li>    <li>Wir sind nicht nur Lieferant, sondern auch Hersteller. Wir \u00fcbernehmen den Direktverkauf ab Werk mit dem besten Preis und der besten Qualit\u00e4tssicherung. Und wir unterst\u00fctzen OEM-Services basierend auf Ihren spezifischen Anforderungen. Wir k\u00f6nnen die Spannung entsprechend Ihrem Land anpassen.<\/li> <\/ol>    <h2 class=\"wp-block-heading\"><strong>Kundendienst<\/strong><\/h2>    <p>Wir stellen ein englisches Handbuch und Videoanleitungen zur Verf\u00fcgung, um Sie bei der Installation und Bedienung der Maschine zu unterst\u00fctzen. Und wir bieten 24 Monate Qualit\u00e4tsgarantie und lebenslange Wartung. Wenn bei der Verwendung der Maschine ein Problem auftritt, k\u00f6nnen Sie uns ein Feedback-Video senden. Wir pr\u00fcfen, was passiert ist, nachdem wir Ihr Video erhalten haben, und werden Ihnen dann so schnell wie m\u00f6glich antworten. Sollte das Problem durch eine unsachgem\u00e4\u00dfe Bedienung ausgel\u00f6st werden, k\u00f6nnen wir Ihnen Ger\u00e4tekomponenten zum Originalpreis zur Verf\u00fcgung stellen. Sofern die Ursache nicht auf unangemessenes Verhalten zur\u00fcckzuf\u00fchren ist, stellen wir Komponenten der Maschine kostenlos zur Verf\u00fcgung. W\u00e4hrend des gesamten Prozesses steht Ihnen ein 24-Stunden-Online-Service zur Verf\u00fcgung.<\/p>    <figure class=\"wp-block-image aligncenter size-full\"><img loading=\"lazy\" decoding=\"async\" width=\"750\" height=\"500\" src=\"https:\/\/tianhuipackingmachine.com\/wp-content\/uploads\/2021\/07\/customer-visit.jpg\" alt=\"Kundenbesuch\" class=\"wp-image-1970\" srcset=\"https:\/\/tianhuipackingmachine.com\/wp-content\/uploads\/2021\/07\/customer-visit.jpg 750w, https:\/\/tianhuipackingmachine.com\/wp-content\/uploads\/2021\/07\/customer-visit-300x200.jpg 300w\" sizes=\"auto, (max-width: 750px) 100vw, 750px\" \/><figcaption class=\"wp-element-caption\">Kundenbesuch<\/figcaption><\/figure>    <h2 class=\"wp-block-heading\"><strong>Kontaktieren Sie uns bald f\u00fcr den besten Preis<\/strong><strong><\/strong><\/h2>    <p class=\"translation-block\">Die kleine Verpackungsmaschine ist klein und exquisit mit einem geringen Platzbedarf. In unserem Unternehmen gibt es verschiedene Arten von kleinen Verpackungsmaschinen zum Verkauf. Neben kleinen Pulver-, Granulat-, Fl\u00fcssigkeits- und Vakuumverpackungsmaschinen bieten wir auch spezifische kleine Verpackungsmaschinen an, wie z.B. Gew\u00fcrzverpackungsmaschinen, Kaffeeverpackungsmaschinen, <strong><a href=\"https:\/\/tianhuipackingmachine.com\/de\/tea-packaging-machine\/\">Teebeutelverpackungsmaschinen<\/a><\/strong>, Reisverpackungsmaschinen usw. Die Struktur der kleinen Verpackungsmaschine ist einfach zu installieren, zu bedienen und die Beutelformer auszutauschen. Sie l\u00e4uft stabil mit geringem Ger\u00e4usch, geringen Kosten und hoher Qualit\u00e4t. Dar\u00fcber hinaus bieten wir einen ma\u00dfgeschneiderten Service an. Wenn Sie an unseren Verpackungsmaschinenprodukten interessiert sind, <strong><a href=\"https:\/\/tianhuipackingmachine.com\/de\/contact\/\">nehmen Sie bald Kontakt mit uns auf<\/a><\/strong> f\u00fcr weitere Details und den besten Preis.<\/p>","protected":false},"excerpt":{"rendered":"<p>Small packing machine is a tool that is used to package small items, such as food, household goods, or other consumer products, in small quantities. These machines are typically used in small businesses, such as convenience stores, delis, or small manufacturing operations, and are designed to be compact, easy to use, and cost-effective. Some common [&hellip;]<\/p>\n","protected":false},"author":1,"featured_media":1486,"parent":0,"template":"","tags":[164],"product-type":[145],"class_list":["post-1637","product","type-product","status-publish","has-post-thumbnail","hentry","tag-packing-machine","product-type-other-products"],"_links":{"self":[{"href":"https:\/\/tianhuipackingmachine.com\/de\/wp-json\/wp\/v2\/product\/1637","targetHints":{"allow":["GET"]}}],"collection":[{"href":"https:\/\/tianhuipackingmachine.com\/de\/wp-json\/wp\/v2\/product"}],"about":[{"href":"https:\/\/tianhuipackingmachine.com\/de\/wp-json\/wp\/v2\/types\/product"}],"author":[{"embeddable":true,"href":"https:\/\/tianhuipackingmachine.com\/de\/wp-json\/wp\/v2\/users\/1"}],"wp:featuredmedia":[{"embeddable":true,"href":"https:\/\/tianhuipackingmachine.com\/de\/wp-json\/wp\/v2\/media\/1486"}],"wp:attachment":[{"href":"https:\/\/tianhuipackingmachine.com\/de\/wp-json\/wp\/v2\/media?parent=1637"}],"wp:term":[{"taxonomy":"post_tag","embeddable":true,"href":"https:\/\/tianhuipackingmachine.com\/de\/wp-json\/wp\/v2\/tags?post=1637"},{"taxonomy":"product-type","embeddable":true,"href":"https:\/\/tianhuipackingmachine.com\/de\/wp-json\/wp\/v2\/product-type?post=1637"}],"curies":[{"name":"wp","href":"https:\/\/api.w.org\/{rel}","templated":true}]}}