{"id":1455,"date":"2021-06-25T10:31:26","date_gmt":"2021-06-25T02:31:26","guid":{"rendered":"https:\/\/tianhuipackingmachine.com\/?page_id=1455"},"modified":"2022-09-26T14:04:22","modified_gmt":"2022-09-26T06:04:22","slug":"automatic-packing-machine","status":"publish","type":"product","link":"https:\/\/tianhuipackingmachine.com\/de\/automatic-packing-machine\/","title":{"rendered":"Automatische Verpackungsmaschine"},"content":{"rendered":"<p class=\"translation-block\"><strong>Automatische Verpackungsmaschine<\/strong> wurde f\u00fcr Lebensmittel, Getr\u00e4nke, Medikamente, Hardware, Holzarbeiten usw. eingesetzt. Wir k\u00f6nnen verpackte Produkte \u00fcberall in unserem t\u00e4glichen Leben sehen. Verschiedene Verpackungsarten und -gr\u00f6\u00dfen haben die Bed\u00fcrfnisse der Menschen erheblich befriedigt. Menschen werden nicht nur das Produkt selbst, sondern auch die Verpackung ber\u00fccksichtigen, wenn sie etwas kaufen. Eine sch\u00f6ne und ordentliche Verpackung w\u00fcrde viele Kunden anziehen. Dar\u00fcber hinaus kann eine hervorragende automatische Verpackungsmaschine die Effizienz erheblich steigern und Arbeitskr\u00e4fte sparen. Je nach Automatisierungsgrad wird die Verpackungsmaschine in vollautomatische Verpackungsmaschine und halbautomatische Verpackungsmaschine unterteilt. Sie k\u00f6nnen eine geeignete Verpackungsmaschine basierend auf Ihren Bed\u00fcrfnissen ausw\u00e4hlen. Und wir bieten einen ma\u00dfgeschneiderten Service an. Kontaktieren Sie uns, um weitere Informationen zu erhalten.<\/p>    <h2 class=\"wp-block-heading\" id=\"h-various-types-of-automatic-packing-machine-for-sale\"><strong>Verschiedene Arten von automatischen Verpackungsmaschinen zu verkaufen<\/strong><\/h2>    <p>Automatische Verpackungsmaschinen, die bei TOP Packing Machinery zum Verkauf stehen, sind haupts\u00e4chlich Pulververpackungsmaschinen, Granulatverpackungsanlagen, Fl\u00fcssigkeitsverpackungsanlagen, Vakuumverpackungsmaschinen, vertikale Verpackungsanlagen, Kissenverpackungsmaschinen usw. Pulver-, Granulat- und Fl\u00fcssigkeitsverpackungsmaschinen sind normalerweise vertikale Verpackungsanlagen. Eine Vakuumverpackungsmaschine wird zum Verpacken verderblicher Lebensmittel wie Frischfleisch, Obst, Gem\u00fcse usw. verwendet. Die Kissenverpackungsmaschine eignet sich f\u00fcr Produkte normaler Formen wie Brot, Mondkuchen, Kekse, Masken, Kleidung usw. Wenn Sie mehrere kleine Beutel in einen Beutel packen m\u00f6chten, ist es eine gute Idee, sich f\u00fcr Kissenverpackungsger\u00e4te zu entscheiden. Dar\u00fcber hinaus bieten wir auch spezielle automatische Verpackungsmaschinen an, wie z. B. eine automatische Teebeutel-Verpackungsmaschine, die den gesamten Prozess des Verpackens des Innenbeutels und des Au\u00dfenbeutels automatisch abschlie\u00dfen kann. Mittlerweile ist ein Anpassungsservice verf\u00fcgbar. Wenn Sie an unseren Produkten interessiert sind, kontaktieren Sie uns f\u00fcr weitere Informationen.<\/p>    <div class=\"wp-block-columns is-layout-flex wp-container-core-columns-is-layout-28f84493 wp-block-columns-is-layout-flex\"> <div class=\"wp-block-column is-layout-flow wp-block-column-is-layout-flow\"> <figure class=\"wp-block-image size-large\"><img loading=\"lazy\" decoding=\"async\" width=\"600\" height=\"450\" src=\"https:\/\/tianhuipackingmachine.com\/wp-content\/uploads\/2021\/06\/powder-pouch-packing-machine-2.jpg\" alt=\"Lieferant von Pulverbeutel-Verpackungsmaschinen\" class=\"wp-image-1351\" srcset=\"https:\/\/tianhuipackingmachine.com\/wp-content\/uploads\/2021\/06\/powder-pouch-packing-machine-2.jpg 600w, https:\/\/tianhuipackingmachine.com\/wp-content\/uploads\/2021\/06\/powder-pouch-packing-machine-2-300x225.jpg 300w\" sizes=\"auto, (max-width: 600px) 100vw, 600px\" \/><figcaption>Pulverbeutel-Verpackungsmaschine<\/figcaption><\/figure> <\/div>    <div class=\"wp-block-column is-layout-flow wp-block-column-is-layout-flow\"> <h3 class=\"has-text-color wp-block-heading\" id=\"h-1-80g-automatic-powder-packing-machine-parameters\" style=\"color:#ff5200\">Parameter der automatischen Pulververpackungsmaschine 1-80 g<\/h3>    <ul class=\"wp-block-list\"><li>Verpackungsstil (Beutelstil): 3-seitige Versiegelung\/R\u00fcckenversiegelung\/4-seitige Versiegelung<\/li><li>Verpackungsgeschwindigkeit: 20-80 Beutel\/Min<\/li><li>Stromverbrauch: 1,8 kW<\/li><li>Stromverbrauch: 1,8 kW<\/li><li>Gewicht:\u00a0250\u00a0kg<\/li><li>Abmessungen: 650*1050*1950mm<\/li><li>Verpackungsgewicht: 0\u201380 g<\/li><li>Beutelbreite: 20\u2013150 mm (Beutelformer ersetzen)<\/li><li>Taschenl\u00e4nge: 30\u2013180 mm verstellbar<\/li><li>Hinweis: Kundenspezifischer Service verf\u00fcgbar<\/li><\/ul> <\/div> <\/div>    <div class=\"wp-block-columns is-layout-flex wp-container-core-columns-is-layout-28f84493 wp-block-columns-is-layout-flex\"> <div class=\"wp-block-column is-layout-flow wp-block-column-is-layout-flow\"> <figure class=\"wp-block-image size-large\"><img loading=\"lazy\" decoding=\"async\" width=\"600\" height=\"450\" src=\"https:\/\/tianhuipackingmachine.com\/wp-content\/uploads\/2021\/06\/automatic-granule-packing-machine.jpg\" alt=\"automatische Granulatverpackungsmaschine\" class=\"wp-image-1457\" srcset=\"https:\/\/tianhuipackingmachine.com\/wp-content\/uploads\/2021\/06\/automatic-granule-packing-machine.jpg 600w, https:\/\/tianhuipackingmachine.com\/wp-content\/uploads\/2021\/06\/automatic-granule-packing-machine-300x225.jpg 300w\" sizes=\"auto, (max-width: 600px) 100vw, 600px\" \/><figcaption>Automatische Granulatverpackungsmaschine<\/figcaption><\/figure> <\/div>    <div class=\"wp-block-column is-layout-flow wp-block-column-is-layout-flow\"> <h3 class=\"has-text-color wp-block-heading\" id=\"h-th-320-granule-packing-machine-parameters\" style=\"color:#ff5200\">Parameter der Granulatverpackungsmaschine TH-320<\/h3>    <ul class=\"wp-block-list\"><li>Beutelstil: R\u00fcckseitenversiegelung<\/li><li>Verpackungsgeschwindigkeit: 32\u201372 Beutel\/Minute oder 50\u2013100 Beutel\/Minute<\/li><li>Beutell\u00e4nge: 30\u2013180 mm<\/li><li>Beutelbreite: 25\u2013145 mm (Former muss ersetzt werden)<\/li><li>F\u00fcllbereich: 22\u2013220 ml<\/li><li>Stromverbrauch: 1,8 kW<\/li><li>Gewicht: 250 kg<\/li><li>Abmessungen: 650*1050*1950mm<\/li><li>Kartongr\u00f6\u00dfe: 1100*750*1820mm<\/li><li>Hinweis: OEM-Service verf\u00fcgbar<\/li><\/ul> <\/div> <\/div>    <div class=\"wp-block-columns is-layout-flex wp-container-core-columns-is-layout-28f84493 wp-block-columns-is-layout-flex\"> <div class=\"wp-block-column is-layout-flow wp-block-column-is-layout-flow\"> <figure class=\"wp-block-image size-large\"><img loading=\"lazy\" decoding=\"async\" width=\"600\" height=\"450\" src=\"https:\/\/tianhuipackingmachine.com\/wp-content\/uploads\/2021\/06\/automatic-liquid-packing-machine.jpg\" alt=\"automatische Fl\u00fcssigkeitsverpackungsmaschine\" class=\"wp-image-1460\" srcset=\"https:\/\/tianhuipackingmachine.com\/wp-content\/uploads\/2021\/06\/automatic-liquid-packing-machine.jpg 600w, https:\/\/tianhuipackingmachine.com\/wp-content\/uploads\/2021\/06\/automatic-liquid-packing-machine-300x225.jpg 300w\" sizes=\"auto, (max-width: 600px) 100vw, 600px\" \/><figcaption>Automatische Fl\u00fcssigkeitsverpackungsmaschine<\/figcaption><\/figure> <\/div>    <div class=\"wp-block-column is-layout-flow wp-block-column-is-layout-flow\"> <h3 class=\"has-text-color wp-block-heading\" id=\"h-th-420-liquid-packaging-machine-parameters\" style=\"color:#ff5200\">Parameter der Fl\u00fcssigkeitsverpackungsmaschine TH-420<\/h3>    <ul class=\"wp-block-list\"><li>Typ: Fl\u00fcssigkeitsverpackungsmaschine TH-420<\/li><li>Beutell\u00e4nge: 80\u2013300 mm (L).<\/li><li>Beutelbreite: 50\u2013200 mm (B).<\/li><li>Verpackungsgeschwindigkeit: 5-30 Beutel\/Min<\/li><li>Messbereich: 5\u20131000 ml<\/li><li>Luftverbrauch: 0,65 MPa<\/li><li>Gasverbrauch: 0,3 m\u00b3\/min<\/li><li>Spannung: 220 V<\/li><li>Leistung: 2,2 kW<\/li><li>Abmessungen: (L) 1320 mm \u00d7 (B) 950 mm \u00d7 (H) 1360 mm<\/li><li>Gewicht: 540 kg<\/li><li>Hinweis: Kundenspezifischer Service verf\u00fcgbar<\/li><\/ul> <\/div> <\/div>    <div class=\"wp-block-columns is-layout-flex wp-container-core-columns-is-layout-28f84493 wp-block-columns-is-layout-flex\"> <div class=\"wp-block-column is-layout-flow wp-block-column-is-layout-flow\"> <figure class=\"wp-block-image size-full\"><img loading=\"lazy\" decoding=\"async\" width=\"600\" height=\"450\" src=\"https:\/\/tianhuipackingmachine.com\/wp-content\/uploads\/2021\/12\/automatic-pillow-packing-machine.jpg\" alt=\"automatische Kissenverpackungsmaschine\" class=\"wp-image-3611\" srcset=\"https:\/\/tianhuipackingmachine.com\/wp-content\/uploads\/2021\/12\/automatic-pillow-packing-machine.jpg 600w, https:\/\/tianhuipackingmachine.com\/wp-content\/uploads\/2021\/12\/automatic-pillow-packing-machine-480x360.jpg 480w\" sizes=\"auto, (max-width: 600px) 100vw, 600px\" \/><figcaption>Automatische Kissenverpackungsmaschine<\/figcaption><\/figure> <\/div>    <div class=\"wp-block-column is-layout-flow wp-block-column-is-layout-flow\"> <h3 class=\"has-text-color wp-block-heading\" id=\"h-th-450-pillow-packing-equipment-parameters\" style=\"color:#ff5200\">Parameter der Kissenverpackungsausr\u00fcstung TH-450<\/h3>    <ul class=\"wp-block-list\" id=\"block-2b2732e3-9ecb-491e-b7cd-ef8fd6cac921\"><li>Filmbreite: max. 450 mm<\/li><li>Beutell\u00e4nge: 130\u2013450 mm<\/li><li>Beutelbreite: 50\u201380 mm<\/li><li>Produkth\u00f6he: Max. 70 mm<\/li><li>Verpackungsgeschwindigkeit: 30-180 Beutel\/Min<\/li><li>Leistung: 220 V, 50\/60 Hz, 2,6 kVA<\/li><li>Gewicht: 900 kg<\/li><li>Abmessung: 4020*745*1450 mm<\/li><li>Hinweis: Anpassung m\u00f6glich<\/li><\/ul> <\/div> <\/div>    <h2 class=\"wp-block-heading\" id=\"h-fully-automatic-packaging-machine-vs-semi-automatic-packing-machine\"><strong>Vollautomatische Verpackungsmaschine VS halbautomatische Verpackungsmaschine<\/strong><\/h2>    <p>Es gibt folgende \u00c4hnlichkeiten und Unterschiede zwischen vollautomatischen Verpackungsanlagen und halbautomatischen Verpackungsanlagen. Erstens: Unabh\u00e4ngig davon, ob es sich um vollautomatische oder halbautomatische Verpackungsmaschinen handelt, verbessern beide im Vergleich zur vollst\u00e4ndig manuellen Arbeit die Arbeitseffizienz bis zu einem gewissen Grad. Zweitens sind das Wiegen und Bef\u00fcllen sehr genau und bequem. Drittens kann eine vollautomatische Verpackungsmaschine den gesamten Prozess der Beutelbildung, des Datumsdrucks, des Wiegens, des Bef\u00fcllens, des Verschlie\u00dfens, des Schneidens und des Z\u00e4hlens abschlie\u00dfen. Bei halbautomatischen Verpackungsanlagen hingegen muss das Personal den Beutel zum Bef\u00fcllen und Verschlie\u00dfen auf die Maschine legen. Kurz gesagt, eine vollautomatische Verpackungsanlage spart mehr Zeit, Arbeitskr\u00e4fte und arbeitet effizienter als eine halbautomatische Verpackungsmaschine.<\/p>    <h2 class=\"wp-block-heading\" id=\"h-wide-applications-of-automatic-packing-machine\"><strong>Breite Anwendungen der automatischen Verpackungsmaschine<\/strong><\/h2>    <p>Automatische Verpackungsanlagen werden h\u00e4ufig in verschiedenen Industriezweigen eingesetzt, beispielsweise in der Lebensmittel-, Chemie-, Kosmetik-, Pharma-, Tabak-, Tee-, Eisenwaren-, B\u00e4ckerei-, Bekleidungs-, Getr\u00e4nke-, So\u00dfenindustrie f\u00fcr den t\u00e4glichen Gebrauch usw. Je nach Abf\u00fcllstatus Zu den automatischen Verpackungsanlagen geh\u00f6ren Pulver-, Granulat-, Pasten- und Fl\u00fcssigkeitsverpackungsmaschinen.<\/p>    <ul class=\"wp-block-list\"><li><strong><a href=\"https:\/\/tianhuipackingmachine.com\/de\/powder-packing-machine\/\">Pulververpackungsmaschine<\/a><\/strong> gilt f\u00fcr Milchpulver, Kaffeepulver, schwarzes Pfefferpulver, Kreuzk\u00fcmmelpulver, Masala-Pulver, pharmazeutisches Pulver, Mehl, Maismehl usw.<\/li><li>Der <strong><a href=\"https:\/\/tianhuipackingmachine.com\/de\/granule-packing-machine\/\">Granulatverpackungsmaschine<\/a><\/strong> eignet sich zum Verpacken von Kaffeebohnen, Snacks, Popcorn, Chips, Garnelencrackern, Reis, S\u00fc\u00dfigkeiten, Samen, M\u00fcsli, Tabletten, kleinen Stahlkugeln, Reinigungsmitteln usw.<\/li><li>Der <strong><a href=\"https:\/\/tianhuipackingmachine.com\/de\/liquid-packing-machine\/\">Fl\u00fcssigkeitsverpackungsmaschine<\/a><\/strong> Es ist besser, die Fl\u00fcssigkeit mit einer guten Flie\u00dff\u00e4higkeit zu verpacken, z. B. Wasser, Milch, Kaffee, Saft, Bier, Wein, Speise\u00f6l, Essig, Sojasauce usw.<\/li><li>W\u00e4hrend Pastenverpackungsger\u00e4te f\u00fcr Schokoladensauce, Tomatensauce, Spaghettisauce, Salatdressing, Erdnussbutter, Marmelade usw. verwendet werden.<\/li><\/ul>    <p class=\"translation-block\">Dar\u00fcber hinaus k\u00f6nnen feste Gegenst\u00e4nde mit regelm\u00e4\u00dfigen Formen von der Kissenverpackungsmaschine verpackt werden, wie Handt\u00fccher, Masken, Kleidung, Brot, Kekse usw. Und es ist eine gute Idee, eine <strong><a href=\"https:\/\/tianhuipackingmachine.com\/de\/vacuum-packaging-machine\/\">Vakuumverpackungsmaschine<\/a><\/strong> f\u00fcr verderbliche Lebensmittel wie frisches Fleisch, Obst und Gem\u00fcse zu verwenden, um deren Haltbarkeit zu verl\u00e4ngern.<\/p>    <div class=\"wp-block-columns is-layout-flex wp-container-core-columns-is-layout-28f84493 wp-block-columns-is-layout-flex\"> <div class=\"wp-block-column is-layout-flow wp-block-column-is-layout-flow\"> <figure class=\"wp-block-image size-large\"><img loading=\"lazy\" decoding=\"async\" width=\"600\" height=\"450\" src=\"https:\/\/tianhuipackingmachine.com\/wp-content\/uploads\/2021\/05\/powder-packing-equipment-applications.jpg\" alt=\"Anwendungen f\u00fcr Pulververpackungsger\u00e4te\" class=\"wp-image-700\" srcset=\"https:\/\/tianhuipackingmachine.com\/wp-content\/uploads\/2021\/05\/powder-packing-equipment-applications.jpg 600w, https:\/\/tianhuipackingmachine.com\/wp-content\/uploads\/2021\/05\/powder-packing-equipment-applications-300x225.jpg 300w\" sizes=\"auto, (max-width: 600px) 100vw, 600px\" \/><figcaption>Anwendungen von Pulververpackungsger\u00e4ten<\/figcaption><\/figure> <\/div>    <div class=\"wp-block-column is-layout-flow wp-block-column-is-layout-flow\"> <figure class=\"wp-block-image size-large\"><img loading=\"lazy\" decoding=\"async\" width=\"600\" height=\"450\" src=\"https:\/\/tianhuipackingmachine.com\/wp-content\/uploads\/2021\/05\/horizontal-packing-machine-applications.jpg\" alt=\"Anwendungen f\u00fcr horizontale Verpackungsmaschinen\" class=\"wp-image-748\" srcset=\"https:\/\/tianhuipackingmachine.com\/wp-content\/uploads\/2021\/05\/horizontal-packing-machine-applications.jpg 600w, https:\/\/tianhuipackingmachine.com\/wp-content\/uploads\/2021\/05\/horizontal-packing-machine-applications-300x225.jpg 300w\" sizes=\"auto, (max-width: 600px) 100vw, 600px\" \/><figcaption>Anwendungen f\u00fcr horizontale Verpackungsmaschinen<\/figcaption><\/figure> <\/div> <\/div>    <h2 class=\"wp-block-heading\" id=\"h-how-to-choose-a-satisfactory-automatic-packing-machine\"><strong>Wie w\u00e4hlt man eine zufriedenstellende automatische Verpackungsmaschine aus?<\/strong><strong><\/strong><\/h2>    <p class=\"translation-block\">Wenn Sie eine automatische Verpackungsmaschine ausw\u00e4hlen und kaufen, sollten Sie die folgenden Punkte ber\u00fccksichtigen. Erstens, welche F\u00fcllmaterialien m\u00f6chten Sie verpacken? Sie k\u00f6nnen aus dem Status w\u00e4hlen: Pulver, Feststoff, Fl\u00fcssigkeit oder Paste. Zweitens, welche Verpackungsgeschwindigkeit und -gr\u00f6\u00dfe w\u00fcnschen Sie? Verschiedene Arten von automatischen Verpackungsmaschinen haben unterschiedliche Verpackungsgeschwindigkeiten und -gr\u00f6\u00dfen. Sie sollten die am besten geeignete f\u00fcr Ihre Produkte w\u00e4hlen. Drittens, welchen Verpackungsstil w\u00e4hlen Sie? Es gibt R\u00fccksiegel, 3-Seiten-Siegel, 4-Seiten-Siegel, Pyramidens\u00e4cke usw. Treffen Sie eine Auswahl unter ihnen. Dar\u00fcber hinaus k\u00f6nnen Sie auch <strong><a href=\"https:\/\/tianhuipackingmachine.com\/de\/\">einen zuverl\u00e4ssigen Hersteller und Lieferanten<\/a><\/strong> finden, um Ger\u00e4te entsprechend Ihren tats\u00e4chlichen Bed\u00fcrfnissen anzupassen.<\/p>    <h2 class=\"wp-block-heading\" id=\"h-what-s-the-automatic-packing-equipment-price\"><strong>Was<\/strong><strong>'<\/strong><strong>Wie hoch ist der Preis f\u00fcr automatische Verpackungsanlagen?<\/strong><strong><\/strong><\/h2>    <p>Automatische Verpackungsmaschinen werden von vielen Faktoren beeinflusst, vor allem von der Art der Verpackungsmaschine. Beispielsweise sind Pulververpackungsanlagen, Granulatverpackungsmaschinen und Fl\u00fcssigkeitsverpackungsmaschinen vertikale Verpackungsmaschinen. Die Pulverf\u00fcllung erfordert eine Schnecke, ein Granulat mit Messbecher und eine Fl\u00fcssigkeit, die mit einem Rohr und einer Pumpe ausgestattet ist. Au\u00dferdem verf\u00fcgt die Vakuumverpackungsanlage \u00fcber eine Einzelkammer oder Doppelkammer. Die Kissenverpackungsmaschine bietet optional zwei Arten von F\u00f6rderb\u00e4ndern, eine Art F\u00f6rderband mit Kette und Sperrklinken und eine Art Servofolienf\u00f6rderband. Diese Unterschiede machen den Preis unterschiedlich. Dar\u00fcber hinaus bieten wir ma\u00dfgeschneiderten Service f\u00fcr Sie. Der Preis richtet sich nach Ihrem tats\u00e4chlichen Bedarf.<\/p>    <h2 class=\"wp-block-heading\" id=\"h-different-structures-of-automatic-packing-equipment\"><strong>Verschiedene Strukturen automatischer Verpackungsanlagen<\/strong><strong><\/strong><\/h2>    <p class=\"translation-block\">Die halbautomatische Verpackungsausr\u00fcstung ist mit einem Trichter, einem W\u00e4geger\u00e4t, einem F\u00fcllger\u00e4t, einem Siegel- und Schneidger\u00e4t ausgestattet. W\u00e4hrend die vollautomatische Verpackungsmaschine PLC, Trichter, Verpackungsfolienhalter, Beutelformer, Folienziehrollen, Siegel- und Schneidger\u00e4t bietet. Unter den vollautomatischen Verpackungsger\u00e4ten verwendet die Pulververpackungsmaschine eine Schraube zur Steuerung des F\u00fcllvolumens. Die Granulverpackungsmaschine verwendet eine Messbecher auf der Plattform zum F\u00fcllen. Die Fl\u00fcssigkeitsverpackungsmaschine f\u00fcllt die Materialien mit einer Pumpe. W\u00e4hrend die Vakuumverpackungsmaschine in <strong><a href=\"https:\/\/tianhuipackingmachine.com\/de\/single-chamber-vacuum-packaging-machine\/\">einzelkammer Vakuumverpackungsger\u00e4te<\/a><\/strong> und <strong><a href=\"https:\/\/tianhuipackingmachine.com\/de\/double-chamber-vacuum-packaging-machine\/\">doppelkammers Vakuumverpackungsger\u00e4te<\/a><\/strong> unterteilt ist. Und es gibt zwei Arten von F\u00f6rderb\u00e4ndern, die f\u00fcr die Kissenverpackungsmaschine optional sind, eines ist ein F\u00f6rderband mit Kette und Verriegelungsgriffen, und das andere ist ein Servofolienf\u00f6rderband. Letzteres ist intelligenter als das erstere.<\/p>    <div class=\"wp-block-columns is-layout-flex wp-container-core-columns-is-layout-28f84493 wp-block-columns-is-layout-flex\"> <div class=\"wp-block-column is-layout-flow wp-block-column-is-layout-flow\"> <figure class=\"wp-block-image size-large\"><img loading=\"lazy\" decoding=\"async\" width=\"600\" height=\"450\" src=\"https:\/\/tianhuipackingmachine.com\/wp-content\/uploads\/2021\/05\/powder-packing-equipment-parts.jpg\" alt=\"Teile f\u00fcr Pulververpackungsger\u00e4te\" class=\"wp-image-701\" srcset=\"https:\/\/tianhuipackingmachine.com\/wp-content\/uploads\/2021\/05\/powder-packing-equipment-parts.jpg 600w, https:\/\/tianhuipackingmachine.com\/wp-content\/uploads\/2021\/05\/powder-packing-equipment-parts-300x225.jpg 300w\" sizes=\"auto, (max-width: 600px) 100vw, 600px\" \/><figcaption>Teile f\u00fcr Pulververpackungsger\u00e4te<\/figcaption><\/figure> <\/div>    <div class=\"wp-block-column is-layout-flow wp-block-column-is-layout-flow\"> <figure class=\"wp-block-image size-large\"><img loading=\"lazy\" decoding=\"async\" width=\"600\" height=\"450\" src=\"https:\/\/tianhuipackingmachine.com\/wp-content\/uploads\/2021\/06\/rotary-table-and-measuring-cup.jpg\" alt=\"Messbecher der Verpackungsmaschine\" class=\"wp-image-1053\" srcset=\"https:\/\/tianhuipackingmachine.com\/wp-content\/uploads\/2021\/06\/rotary-table-and-measuring-cup.jpg 600w, https:\/\/tianhuipackingmachine.com\/wp-content\/uploads\/2021\/06\/rotary-table-and-measuring-cup-300x225.jpg 300w\" sizes=\"auto, (max-width: 600px) 100vw, 600px\" \/><figcaption>Drehtisch und Messbecher<\/figcaption><\/figure> <\/div> <\/div>    <h2 class=\"wp-block-heading\" id=\"h-features-benefits-of-automatic-packing-equipment\"><strong>Merkmale und Vorteile automatischer Verpackungsanlagen<\/strong><strong><\/strong><\/h2>    <ol class=\"wp-block-list\" type=\"1\"><li>Einfache Struktur, einfach zu installieren und zu bedienen;<\/li><li>Elektromotoren steuern die Komponenten der Maschine separat und laufen stabil und effizient.<\/li><li>Die vollautomatische Verpackungsmaschine verwendet eine SPS, um Verpackungsgeschwindigkeit, Beutell\u00e4nge, Siegeltemperatur usw. einzustellen.<\/li><li>Als Sicherheitsma\u00dfnahme sind automatische Verpackungsanlagen mit einer transparenten Glasabdeckung rund um die Versiegelungs- und Schneidevorrichtungen ausgestattet.<\/li><li>Die Not-Aus- und Tritt-Taster sind auf die besondere Situation ausgelegt;<\/li><li>Die Schnecke wird in einer automatischen Pulververpackungsmaschine verwendet, um das Volumen von F\u00fcllmaterialien zu kontrollieren;<\/li><li>Zwei Folienziehr\u00e4der ziehen die Folie zum Versiegeln und sorgen so f\u00fcr die Bewegung der Folie.<\/li><li>Verschiedene Verpackungsarten sind optional, wie z. B. r\u00fcckseitige Versiegelung, 3-seitige Versiegelung, 4-seitige Versiegelung, Pyramide usw.;<\/li><li>Vier R\u00e4der an der Unterseite der vertikalen Verpackungsmaschine, bequem zu bewegen.<\/li><li>OEM-Service verf\u00fcgbar<\/li><\/ol>    <h2 class=\"wp-block-heading\" id=\"h-contact-us-and-get-a-custom-automatic-packing-machine\"><strong>Kontaktieren Sie uns und g<\/strong><strong>et<\/strong><strong>&nbsp;<\/strong><strong>ein Brauch<\/strong><strong>&nbsp;automatische Verpackungsmaschine<\/strong><strong><\/strong><\/h2>    <p class=\"translation-block\">Eine hervorragende automatische Verpackungsmaschine w\u00fcrde Produkte vor Besch\u00e4digungen sch\u00fctzen, eine Vielzahl von Kunden anziehen, die Kaufentscheidungen treffen, die Arbeitseffizienz und -genauigkeit erheblich steigern. Sehen Sie sich diese automatischen Verpackungsmaschinen an, finden Sie eine oder mehrere Maschinen, die Ihr Interesse geweckt haben? <strong><a href=\"https:\/\/tianhuipackingmachine.com\/de\/contact\/\">Kontaktieren Sie uns und erhalten Sie weitere Details<\/a><\/strong> zu unseren Produkten. Wenn Sie Ihre eigene automatische Verpackungsausr\u00fcstung anpassen m\u00f6chten, werden wir sie gem\u00e4\u00df Ihren tats\u00e4chlichen Anforderungen herstellen. Kontaktieren Sie uns gerne, und wir werden unser Bestes tun, um Ihre Bed\u00fcrfnisse zu erf\u00fcllen.<\/p>","protected":false},"excerpt":{"rendered":"<p>Automatic packaging machine has been applied to food, drink, medicine, hardware, woodwork, etc. We can see packing products everywhere in our daily life. Different packaging types and sizes have greatly satisfied people&#8217;s needs. People will not only notice the product itself but also consider its packaging when they purchase something. A pretty and neat packing [&hellip;]<\/p>\n","protected":false},"author":1,"featured_media":1351,"parent":0,"template":"","tags":[171],"product-type":[145],"class_list":["post-1455","product","type-product","status-publish","has-post-thumbnail","hentry","tag-automatic-packing-machine","product-type-other-products"],"_links":{"self":[{"href":"https:\/\/tianhuipackingmachine.com\/de\/wp-json\/wp\/v2\/product\/1455","targetHints":{"allow":["GET"]}}],"collection":[{"href":"https:\/\/tianhuipackingmachine.com\/de\/wp-json\/wp\/v2\/product"}],"about":[{"href":"https:\/\/tianhuipackingmachine.com\/de\/wp-json\/wp\/v2\/types\/product"}],"author":[{"embeddable":true,"href":"https:\/\/tianhuipackingmachine.com\/de\/wp-json\/wp\/v2\/users\/1"}],"wp:featuredmedia":[{"embeddable":true,"href":"https:\/\/tianhuipackingmachine.com\/de\/wp-json\/wp\/v2\/media\/1351"}],"wp:attachment":[{"href":"https:\/\/tianhuipackingmachine.com\/de\/wp-json\/wp\/v2\/media?parent=1455"}],"wp:term":[{"taxonomy":"post_tag","embeddable":true,"href":"https:\/\/tianhuipackingmachine.com\/de\/wp-json\/wp\/v2\/tags?post=1455"},{"taxonomy":"product-type","embeddable":true,"href":"https:\/\/tianhuipackingmachine.com\/de\/wp-json\/wp\/v2\/product-type?post=1455"}],"curies":[{"name":"wp","href":"https:\/\/api.w.org\/{rel}","templated":true}]}}