{"id":1384,"date":"2021-06-23T15:04:36","date_gmt":"2021-06-23T07:04:36","guid":{"rendered":"https:\/\/tianhuipackingmachine.com\/?page_id=1384"},"modified":"2024-10-16T14:17:18","modified_gmt":"2024-10-16T06:17:18","slug":"single-chamber-vacuum-packaging-machine","status":"publish","type":"product","link":"https:\/\/tianhuipackingmachine.com\/de\/single-chamber-vacuum-packaging-machine\/","title":{"rendered":"Einkammer-Vakuumverpackungsmaschine"},"content":{"rendered":"<p class=\"translation-block\">Shuliy <strong>Einzelkammer-Vakuumverpackungsmaschine<\/strong> eignet sich f\u00fcr Lebensmittel, Getreide, Fleisch, Gem\u00fcse usw. und versiegelt sie vakuumiert, um die Haltbarkeit von Lebensmitteln durch Luftentfernung zu verl\u00e4ngern. Die geringe Luftmenge im Beutel verhindert das Wachstum von Mikroben und verlangsamt die Verderblichkeit von Lebensmitteln.<\/p>    <p>Es handelt sich um einen Vakuumierer mit einer Kapazit\u00e4t von 1\u201310 Beuteln pro Minute. Diese Vakuumverpackungsmaschine eignet sich sowohl f\u00fcr den privaten als auch f\u00fcr den gewerblichen Einsatz. <\/p>    <p>Die Einzelraum-Vakuumverpackungsmaschine kann mit einfacher Bedienung normale Beutelgr\u00f6\u00dfen abdecken. Dar\u00fcber hinaus unterst\u00fctzen wir den OEM-Service genau nach Ihren Anforderungen. <\/p>    <p>Wenn Sie auf der Suche nach einer zuverl\u00e4ssigen Vakuumverpackungsmaschine sind, kontaktieren Sie uns bitte schnellstm\u00f6glich f\u00fcr weitere Maschineninformationen!<\/p>   <figure class=\"wp-block-embed-youtube wp-block-embed is-type-video is-provider-youtube wp-embed-aspect-16-9 wp-has-aspect-ratio\"><div class=\"lyte-wrapper\" title=\"Einkammer-Vakuumverpackungsmaschine f\u00fcr Reis und Mehl\uff5cBeste Wahl f\u00fcr die Lebensmittelkonservierung #pack\" style=\"width:853px;max-width:100%;margin:5px auto;\"><div class=\"lyMe\" id=\"WYL_q9kFbJGuf88\" itemprop=\"video\" itemscope itemtype=\"https:\/\/schema.org\/VideoObject\"><div><meta itemprop=\"thumbnailUrl\" content=\"https:\/\/i.ytimg.com\/vi\/q9kFbJGuf88\/hqdefault.jpg\" \/><meta itemprop=\"embedURL\" content=\"https:\/\/www.youtube.com\/embed\/q9kFbJGuf88\" \/><meta itemprop=\"duration\" content=\"PT1M12S\" \/><meta itemprop=\"uploadDate\" content=\"2024-09-26T06:56:41Z\" \/><\/div><meta itemprop=\"accessibilityFeature\" content=\"captions\" \/><div id=\"lyte_q9kFbJGuf88\" data-src=\"https:\/\/i.ytimg.com\/vi\/q9kFbJGuf88\/hqdefault.jpg\" class=\"pL\"><div class=\"tC\"><div class=\"tT\" itemprop=\"name\">Einkammer-Vakuumverpackungsmaschine f\u00fcr Reis und Mehl\uff5cBeste Wahl f\u00fcr die Lebensmittelkonservierung #pack<\/div><\/div><div class=\"play\"><\/div><div class=\"ctrl\"><div class=\"Lctrl\"><\/div><div class=\"Rctrl\"><\/div><\/div><\/div><noscript><a href=\"https:\/\/youtu.be\/q9kFbJGuf88\" rel=\"nofollow noopener\" target=\"_blank\"><img loading=\"lazy\" decoding=\"async\" src=\"https:\/\/i.ytimg.com\/vi\/q9kFbJGuf88\/0.jpg\" alt=\"Einkammer-Vakuumverpackungsmaschine f\u00fcr Reis und Mehl\uff5cBeste Wahl f\u00fcr die Lebensmittelkonservierung #pack\" width=\"853\" height=\"460\" \/><\/a><\/noscript><meta itemprop=\"description\" content=\"#vacuumsealer #vacuumpackingmachine #vacuumpackaging #vacuumpacking #packingsolution WhatsApp No.: https:\/\/wa.me\/+8613673689272 WeChat\/Tel No.:+8613673689272 Email: sales@tianhuipackingmachine.com Website: https:\/\/tianhuipackingmachine.com\/single-chamber-vacuum-packaging-machine\/ In this video, we demonstrate the excellent performance of the Schulich Single Chamber Vacuum Packaging Machine for vacuum packaging of rice and flour. The vacuum sealer machine is easy to operate and efficiently seals to ensure long term food freshness. Whether it&#039;s rice or flour, this vacuum packaging machine ensures tight packaging and maximizes shelf life, making it especially suitable for grain storage and food processing industries. Feel free to watch the machine in action and see how it can help you improve your productivity. WhatsApp No.: https:\/\/wa.me\/+8613673689272 WeChat\/Tel No.:+8613673689272 Email: sales@tianhuipackingmachine.com Website: https:\/\/tianhuipackingmachine.com\/single-chamber-vacuum-packaging-machine\/\"><\/div><\/div><div class=\"lL\" style=\"max-width:100%;width:853px;margin:5px auto;\"> <a href=\"https:\/\/youtu.be\/q9kFbJGuf88\" target=\"_blank\" rel=\"noopener\">Dieses Video auf YouTube ansehen<\/a>.<\/div><figcaption>Einkammer-Vakuumierer<\/figcaption><\/figure>   <h2 class=\"wp-block-heading\" id=\"h-advantages-of-single-room-vacuum-sealer\"><strong>Vorteile des Einzelraum-Vakuumierers<\/strong><\/h2>    <ol style=\"list-style-type:1\" class=\"wp-block-list\"> <li>Es \u00fcbernimmt a <strong>konvexe transparente Plexiglasabdeckung<\/strong>, Der Prozess der Vakuumversiegelung ist leicht zu erkennen.<\/li>    <li>Die Spannung ist <strong>Geeignet f\u00fcr Haushaltsanwendungen<\/strong>.<\/li>    <li>Der <strong>intelligentes Bedienfeld<\/strong> arbeitet bequem und sicher.<\/li>    <li>Die Vakuumverpackungsmaschine von Shuliy kann die Haltbarkeit von Lebensmitteln verl\u00e4ngern. Es eignet sich besonders f\u00fcr das Frischebed\u00fcrfnis von <strong>Lebensmittel, Fleisch, N\u00fcsse, Fisch, Cashewn\u00fcsse, Huhn, Gem\u00fcse, Obst<\/strong>, usw.<\/li>    <li>Unsere Maschine ist <strong>Ausgestattet mit vier R\u00e4dern an der Unterseite der Maschine<\/strong>, leicht zu bewegen.<\/li>    <li>Wir k\u00f6nnen <strong>Passen Sie die Farbe, Spannung und Leistung der Maschine an<\/strong>, usw.<\/li> <\/ol>    <h2 class=\"wp-block-heading\"><strong>Technische Parameter des Einkammer-Vakuumverpackers<\/strong><\/h2>    <div class=\"wp-block-columns is-layout-flex wp-container-core-columns-is-layout-28f84493 wp-block-columns-is-layout-flex\"> <div class=\"wp-block-column is-layout-flow wp-block-column-is-layout-flow\"> <figure class=\"wp-block-image size-full\"><img loading=\"lazy\" decoding=\"async\" width=\"600\" height=\"450\" src=\"https:\/\/tianhuipackingmachine.com\/wp-content\/uploads\/2021\/08\/single-chamber-vacuum-packing-machine.jpg\" alt=\"Einkammer-Vakuumverpackungsmaschine\" class=\"wp-image-2337\" srcset=\"https:\/\/tianhuipackingmachine.com\/wp-content\/uploads\/2021\/08\/single-chamber-vacuum-packing-machine.jpg 600w, https:\/\/tianhuipackingmachine.com\/wp-content\/uploads\/2021\/08\/single-chamber-vacuum-packing-machine-300x225.jpg 300w\" sizes=\"auto, (max-width: 600px) 100vw, 600px\" \/><figcaption class=\"wp-element-caption\">Einkammer-Vakuumverpackungsmaschine<\/figcaption><\/figure> <\/div>    <div class=\"wp-block-column is-vertically-aligned-center is-layout-flow wp-block-column-is-layout-flow\"> <ul class=\"wp-block-list\"> <li>Modell: SL-500<\/li>    <li>Spannung: 220V\/50HZ<\/li>    <li>Vakuumpumpenleistung: 0,9 kW<\/li>    <li>Versiegelungsleistung: 0,6 kW<\/li>    <li>Absoluter Druck: 0,1 Pa<\/li>    <li>Anzahl Dichtungsstreifen: 1<\/li>    <li>Gr\u00f6\u00dfe der Dichtungsstreifen: 500 mm x 10 mm x 2<\/li>    <li>Kammermaterial: Edelstahl 304<\/li>    <li>Material der Abdeckung: organisches Glas<\/li>    <li>Kammergr\u00f6\u00dfe: 525*520*130mm<\/li>    <li>Maschinengr\u00f6\u00dfe: 650*580*960mm<\/li>    <li>Maschinengewicht: 80kg<\/li> <\/ul> <\/div> <\/div>    <p>Diese Maschinenparameter dienen als Referenz, bevor Sie eine Maschine kaufen. Dar\u00fcber hinaus k\u00f6nnen Sie uns f\u00fcr eine ma\u00dfgeschneiderte Vakuumverpackungsmaschine kontaktieren.<\/p>    <h2 class=\"wp-block-heading\" id=\"h-single-chamber-vacuum-packaging-machine-for-sale\"><strong>Woraus besteht die Shuliy Einkammer-Vakuumverpackungsmaschine?<\/strong><\/h2>    <p>Unsere zum Verkauf stehende Einkammer-Vakuumverpackungsmaschine besteht aus einer konvexen transparenten Plexiglasabdeckung, einer Vakuumkammer, einem elektrischen Steuerungssystem und einem Vakuumsystem. Die Bedienung ist leicht zu verstehen und zu erlernen.<\/p>    <h2 class=\"wp-block-heading\" id=\"h-working-principles-of-single-chamber-vacuum-seal-machine\"><strong>Wie funktioniert eine Einkammer-Vakuumiermaschine?<\/strong><\/h2>    <p>Der Kernarbeitsablauf einer Einkammer-Vakuumverpackungsmaschine ist wie folgt:<\/p>    <ol class=\"wp-block-list\"> <li><strong>Vorbereitung<\/strong>. Legen Sie die Gegenst\u00e4nde in den Vakuumierbeutel und legen Sie die Beutel\u00f6ffnung sauber auf den Verschlussstreifen.<\/li>    <li><strong>Vakuumextraktion<\/strong>. Decken Sie den Deckel der Maschine ab und starten Sie die Maschine. Die Maschine entzieht dem Beutel die Luft, um ein Vakuum zu erzeugen.<\/li>    <li><strong>Abdichtung<\/strong>. Im Vakuumzustand versiegelt die Maschine den Beutel durch den Heizstreifen, um die Beutel\u00f6ffnung abzudichten.<\/li>    <li><strong>Fertigstellung<\/strong>. Nach Abschluss der Versiegelung kehrt die Maschine automatisch in den Atmosph\u00e4rendruckzustand zur\u00fcck. Der Beutel haftet am Produkt und bildet eine versiegelte Verpackung.<\/li>    <li><strong>Inflation (optional)<\/strong>. Einige Produkte, wie zum Beispiel gepuffte Lebensmittel, k\u00f6nnen vor dem Verschlie\u00dfen mit Inertgas gef\u00fcllt werden, um die Haltbarkeit zu verl\u00e4ngern.<\/li> <\/ol>   <figure class=\"wp-block-embed-youtube wp-block-embed is-type-video is-provider-youtube wp-embed-aspect-16-9 wp-has-aspect-ratio\"><div class=\"lyte-wrapper\" title=\"Einkammer-Vakuumverpackungsmaschine | Einzelraum-Vakuumierer\" style=\"width:853px;max-width:100%;margin:5px auto;\"><div class=\"lyMe\" id=\"WYL_g91PoEzoRlQ\" itemprop=\"video\" itemscope itemtype=\"https:\/\/schema.org\/VideoObject\"><div><meta itemprop=\"thumbnailUrl\" content=\"https:\/\/i.ytimg.com\/vi\/g91PoEzoRlQ\/hqdefault.jpg\" \/><meta itemprop=\"embedURL\" content=\"https:\/\/www.youtube.com\/embed\/g91PoEzoRlQ\" \/><meta itemprop=\"duration\" content=\"PT49S\" \/><meta itemprop=\"uploadDate\" content=\"2021-08-14T10:48:28Z\" \/><\/div><div id=\"lyte_g91PoEzoRlQ\" data-src=\"https:\/\/i.ytimg.com\/vi\/g91PoEzoRlQ\/hqdefault.jpg\" class=\"pL\"><div class=\"tC\"><div class=\"tT\" itemprop=\"name\">Einkammer-Vakuumverpackungsmaschine | Einzelraum-Vakuumierer<\/div><\/div><div class=\"play\"><\/div><div class=\"ctrl\"><div class=\"Lctrl\"><\/div><div class=\"Rctrl\"><\/div><\/div><\/div><noscript><a href=\"https:\/\/youtu.be\/g91PoEzoRlQ\" rel=\"nofollow noopener\" target=\"_blank\"><img loading=\"lazy\" decoding=\"async\" src=\"https:\/\/i.ytimg.com\/vi\/g91PoEzoRlQ\/0.jpg\" alt=\"Einkammer-Vakuumverpackungsmaschine | Einzelraum-Vakuumierer\" width=\"853\" height=\"460\" \/><\/a><\/noscript><meta itemprop=\"description\" content=\"Single chamber vacuum packing machine has a widespread application in a variety of food in order to prevent oxidization and prolong shelf life, such as sausage, bacon, roast duck, dried tofu, beef, mutton, pork, chicken, fruit, vegetables, butter, nuts, dried fruit, biscuits, corns, peanut, flour, etc. Get more details: https:\/\/tianhuipackingmachine.com\/single-chamber-vacuum-packaging-machine\/ Email: toppacking@163.com Whatsapp\/Tel: +86 17329326135\"><\/div><\/div><div class=\"lL\" style=\"max-width:100%;width:853px;margin:5px auto;\"> <a href=\"https:\/\/youtu.be\/g91PoEzoRlQ\" target=\"_blank\" rel=\"noopener\">Dieses Video auf YouTube ansehen<\/a>.<\/div><figcaption>Einzelraum-Vakuumversiegelungsmaschine<\/figcaption><\/figure>   <h2 class=\"wp-block-heading\" id=\"h-applications-of-single-chamber-vacuum-packaging-machine\"><strong>Anwendungen von Einkammer-Vakuumverpackungsmaschinen<\/strong><\/h2>    <p>Die Spannung einer Einkammer-Vakuumverpackungsmaschine gilt sowohl f\u00fcr Branchen als auch f\u00fcr Familien. Seine Abmessungen sind klein und einfach zu bedienen. <\/p>    <p>Der Einzelraum-Vakuumierer hat eine weitverbreitete Anwendung in einer Vielzahl, wie zum Beispiel:<\/p>    <ul class=\"wp-block-list\"> <li><strong>Fleisch<\/strong>: Wurst, Speck, gebratene Ente, Rindfleisch, Hammelfleisch, Schweinefleisch, Huhn usw.<\/li>    <li><strong>Getreide<\/strong>: Mais, Erdnuss, Mehl und andere.<\/li>    <li><strong>Essen<\/strong>: getrockneter Tofu, N\u00fcsse, Kekse, <a href=\"https:\/\/en.wikipedia.org\/wiki\/Marination\" target=\"_blank\" rel=\"noopener\">mariniert<\/a> Produkte, Obst, Trockenfr\u00fcchte, Gem\u00fcse usw.<\/li>    <li><strong>Andere<\/strong>: Butter usw.<\/li> <\/ul>    <figure class=\"wp-block-image size-large\"><img loading=\"lazy\" decoding=\"async\" width=\"600\" height=\"450\" src=\"https:\/\/tianhuipackingmachine.com\/wp-content\/uploads\/2021\/06\/applications-of-vacuum-packing-machine.jpg\" alt=\"Anwendungen von Vakuumverpackungsmaschinen\" class=\"wp-image-1386\" srcset=\"https:\/\/tianhuipackingmachine.com\/wp-content\/uploads\/2021\/06\/applications-of-vacuum-packing-machine.jpg 600w, https:\/\/tianhuipackingmachine.com\/wp-content\/uploads\/2021\/06\/applications-of-vacuum-packing-machine-300x225.jpg 300w\" sizes=\"auto, (max-width: 600px) 100vw, 600px\" \/><figcaption class=\"wp-element-caption\">Anwendungen von Vakuumverpackungsmaschinen<\/figcaption><\/figure>    <h2 class=\"wp-block-heading\" id=\"h-various-types-of-vacuum-packing-film-materials\"><strong>Verschiedene Arten von Vakuumverpackungsfolienmaterialien<\/strong><\/h2>    <p>Nun kennen wir alle die vielf\u00e4ltigen Einsatzm\u00f6glichkeiten von Vakuumverpackungsmaschinen, aber wissen Sie, welche Materialien f\u00fcr die Vakuumverpackung verwendet werden?<\/p>    <p class=\"translation-block\">Die Folienmaterialien von <a href=\"https:\/\/tianhuipackingmachine.com\/de\/vacuum-packaging-machine\/\">Vakuumverpackungsmaschinen<\/a> sind haupts\u00e4chlich PE, RCPP, AL und PET. Die Eigenschaften sind wie folgt. <\/p>    <ul class=\"wp-block-list\"> <li>PE ist f\u00fcr niedrige Temperaturen geeignet. <\/li>    <li>RCPP h\u00e4lt hohen Temperaturen stand. AL wird zur Lichtblockierung eingesetzt. <\/li>    <li>PET erh\u00f6ht die mechanische Festigkeit.<\/li> <\/ul>    <p>Dar\u00fcber hinaus sind Verbundwerkstoffe erh\u00e4ltlich, wie zum Beispiel: <\/p>    <ul class=\"wp-block-list\"> <li>PA\/PE, PA\/RCPP und PET\/RCPP<\/li>    <li>PET\/PA\/PE, PET\/AL\/RCPP, PA\/AL\/RAPP und PET\/PA\/AL\/RCPP<\/li> <\/ul>    <p> Die Verbundstoffe bestehen aus drei oder vier Arten von Materialien, um die Eigenschaften des Materials zu verbessern.<\/p>    <p>Das Aussehen des Vakuumverpackungsfolienmaterials wirkt sich direkt auf das Verpackungsergebnis aus, z. B. auf die Haltbarkeit und den Geschmack der Lebensmittel. Es ist von entscheidender Bedeutung, ein gutes Folienmaterial f\u00fcr die Vakuumverpackung auszuw\u00e4hlen. Wenn Sie weitere Informationen w\u00fcnschen, kontaktieren Sie uns jetzt!<\/p>    <figure class=\"wp-block-gallery has-nested-images columns-default is-cropped wp-block-gallery-2 is-layout-flex wp-block-gallery-is-layout-flex\"> <figure class=\"wp-block-image size-large\"><img loading=\"lazy\" decoding=\"async\" width=\"667\" height=\"500\" data-id=\"6861\" src=\"https:\/\/tianhuipackingmachine.com\/wp-content\/uploads\/2021\/06\/vacuum-packing-film-667x500.webp\" alt=\"Vakuumverpackungsfolie\" class=\"wp-image-6861\" srcset=\"https:\/\/tianhuipackingmachine.com\/wp-content\/uploads\/2021\/06\/vacuum-packing-film-667x500.webp 667w, https:\/\/tianhuipackingmachine.com\/wp-content\/uploads\/2021\/06\/vacuum-packing-film-480x360.webp 480w, https:\/\/tianhuipackingmachine.com\/wp-content\/uploads\/2021\/06\/vacuum-packing-film-16x12.webp 16w, https:\/\/tianhuipackingmachine.com\/wp-content\/uploads\/2021\/06\/vacuum-packing-film.webp 720w\" sizes=\"auto, (max-width: 667px) 100vw, 667px\" \/><figcaption class=\"wp-element-caption\">Vakuumverpackungsfolie<\/figcaption><\/figure>    <figure class=\"wp-block-image size-large\"><img loading=\"lazy\" decoding=\"async\" width=\"667\" height=\"500\" data-id=\"6862\" src=\"https:\/\/tianhuipackingmachine.com\/wp-content\/uploads\/2021\/06\/various-types-of-package-bags-667x500.webp\" alt=\"verschiedene Arten von Verpackungsbeuteln\" class=\"wp-image-6862\" srcset=\"https:\/\/tianhuipackingmachine.com\/wp-content\/uploads\/2021\/06\/various-types-of-package-bags-667x500.webp 667w, https:\/\/tianhuipackingmachine.com\/wp-content\/uploads\/2021\/06\/various-types-of-package-bags-480x360.webp 480w, https:\/\/tianhuipackingmachine.com\/wp-content\/uploads\/2021\/06\/various-types-of-package-bags-16x12.webp 16w, https:\/\/tianhuipackingmachine.com\/wp-content\/uploads\/2021\/06\/various-types-of-package-bags.webp 720w\" sizes=\"auto, (max-width: 667px) 100vw, 667px\" \/><figcaption class=\"wp-element-caption\">Verschiedene Arten von Verpackungsbeuteln<\/figcaption><\/figure> <\/figure>    <h2 class=\"wp-block-heading\" id=\"h-single-chamber-vacuum-packaging-machine-cost\"><strong>Was kostet die Einkammer-Vakuumverpackungsmaschine?<\/strong><\/h2>    <p>Der Preis der Einkammer-Vakuumverpackungsmaschine wird durch das Maschinenmaterial, die Anzahl der Siegelstreifen, die individuelle Anpassung usw. beeinflusst. <\/p>    <ul class=\"wp-block-list\"> <li>Beispielsweise bedeckt Edelstahl 304 den K\u00f6rper der Einzelraum-Vakuumverpackungsanlage. Somit unterscheidet sich der Maschinenpreis von der Maschine mit normalen Materialien. <\/li>    <li>Auch die Gr\u00f6\u00dfe und Anzahl der Dichtungsstreifen kann den Preis beeinflussen. Je mehr Sie ben\u00f6tigen, desto h\u00f6her ist der Preis.<\/li>    <li>Im Vergleich zu einer Standard-Einkammer-Vakuumverpackungsmaschine ist der Preis einer ma\u00dfgeschneiderten Verpackungsmaschine h\u00f6her.<\/li> <\/ul>    <p>Kontaktieren Sie uns jetzt f\u00fcr weitere Details. Wir geben Ihnen n\u00fctzliche Vorschl\u00e4ge und helfen Ihnen bei der Auswahl der passenden Ausr\u00fcstung zum besten Preis.<\/p>    <div class=\"wp-block-columns is-layout-flex wp-container-core-columns-is-layout-28f84493 wp-block-columns-is-layout-flex\"> <div class=\"wp-block-column is-layout-flow wp-block-column-is-layout-flow\"> <figure class=\"wp-block-image size-large\"><img loading=\"lazy\" decoding=\"async\" width=\"600\" height=\"450\" src=\"https:\/\/tianhuipackingmachine.com\/wp-content\/uploads\/2021\/06\/single-chamber-vacuum-packaging-machine.jpg\" alt=\"Einkammer-Vakuumverpackungsmaschine\" class=\"wp-image-1387\" srcset=\"https:\/\/tianhuipackingmachine.com\/wp-content\/uploads\/2021\/06\/single-chamber-vacuum-packaging-machine.jpg 600w, https:\/\/tianhuipackingmachine.com\/wp-content\/uploads\/2021\/06\/single-chamber-vacuum-packaging-machine-300x225.jpg 300w\" sizes=\"auto, (max-width: 600px) 100vw, 600px\" \/><figcaption class=\"wp-element-caption\">Einkammer-Vakuumverpackungsmaschine<\/figcaption><\/figure> <\/div>    <div class=\"wp-block-column is-layout-flow wp-block-column-is-layout-flow\"> <figure class=\"wp-block-image size-large\"><img loading=\"lazy\" decoding=\"async\" width=\"600\" height=\"450\" src=\"https:\/\/tianhuipackingmachine.com\/wp-content\/uploads\/2021\/06\/double-chamber-vacuum-packing-machine.jpg\" alt=\"Doppelkammer-Vakuumverpackungsmaschine\" class=\"wp-image-1388\" srcset=\"https:\/\/tianhuipackingmachine.com\/wp-content\/uploads\/2021\/06\/double-chamber-vacuum-packing-machine.jpg 600w, https:\/\/tianhuipackingmachine.com\/wp-content\/uploads\/2021\/06\/double-chamber-vacuum-packing-machine-300x225.jpg 300w\" sizes=\"auto, (max-width: 600px) 100vw, 600px\" \/><figcaption class=\"wp-element-caption\">Doppelkammer-Vakuumverpackungsmaschine<\/figcaption><\/figure> <\/div> <\/div>    <h2 class=\"wp-block-heading\" id=\"h-why-choose-us-as-your-top-vacuum-packaging-machine-supplier\"><strong>Warum sollten Sie Shuliy als Ihren Top-Lieferanten f\u00fcr Vakuumverpackungsmaschinen w\u00e4hlen?<\/strong><\/h2>    <p>Unter den vielen Anbietern von Vakuumiermaschinen-Arbeitern haben wir die folgenden spezifischen Vorteile:<\/p>    <ul class=\"wp-block-list\"> <li>Unser Unternehmen hat ganz <strong>professionelles technisches Personal<\/strong> f\u00fcr Einkammer-Lebensmittelvakuumierer. <\/li>    <li>Mit <strong>Dank der hervorragenden Maschinenqualit\u00e4t, des wettbewerbsf\u00e4higen Preises und des guten Service<\/strong>Wir haben eine Reihe von Auftr\u00e4gen aus der ganzen Welt ausgef\u00fchrt.<\/li>    <li>Wir haben ein extrem <strong>strenges Qualit\u00e4tskontrollsystem<\/strong>. Vor dem Versand machen wir f\u00fcr Sie Fotos und Videos.<\/li>    <li>Wir unterst\u00fctzen <strong>24-Stunden-Online-Service<\/strong> Und <strong>lebenslange Wartung<\/strong>. <strong>Englisches Handbuch und Videounterricht<\/strong> sind ebenfalls vorhanden.<\/li>    <li>Shuliy <strong>Ma\u00dfgeschneiderter Service<\/strong> ist verf\u00fcgbar. Wir k\u00f6nnen die Verpackungsmaschine entsprechend Ihren tats\u00e4chlichen Anforderungen hinsichtlich Spannung, Gr\u00f6\u00dfe, Verpackungsgeschwindigkeit usw. herstellen.<\/li> <\/ul>    <p>Wenn Sie au\u00dferdem weitere Informationen w\u00fcnschen, kontaktieren Sie uns und wir werden unser Bestes tun, um Ihre Bed\u00fcrfnisse zu erf\u00fcllen.<\/p>    <figure class=\"wp-block-image size-large\"><img loading=\"lazy\" decoding=\"async\" width=\"500\" height=\"500\" src=\"https:\/\/tianhuipackingmachine.com\/wp-content\/uploads\/2021\/06\/vacuum-bag-packing-machine-manufacturer-500x500.webp\" alt=\"Hersteller von Vakuumbeutel-Verpackungsmaschinen\" class=\"wp-image-6865\" srcset=\"https:\/\/tianhuipackingmachine.com\/wp-content\/uploads\/2021\/06\/vacuum-bag-packing-machine-manufacturer-500x500.webp 500w, https:\/\/tianhuipackingmachine.com\/wp-content\/uploads\/2021\/06\/vacuum-bag-packing-machine-manufacturer-360x360.webp 360w, https:\/\/tianhuipackingmachine.com\/wp-content\/uploads\/2021\/06\/vacuum-bag-packing-machine-manufacturer-150x150.webp 150w, https:\/\/tianhuipackingmachine.com\/wp-content\/uploads\/2021\/06\/vacuum-bag-packing-machine-manufacturer-12x12.webp 12w, https:\/\/tianhuipackingmachine.com\/wp-content\/uploads\/2021\/06\/vacuum-bag-packing-machine-manufacturer.webp 720w\" sizes=\"auto, (max-width: 500px) 100vw, 500px\" \/><figcaption class=\"wp-element-caption\">Hersteller von Vakuumbeutel-Verpackungsmaschinen<\/figcaption><\/figure>    <h2 class=\"wp-block-heading\" id=\"h-contact-us-for-the-best-price\"><strong>Kontaktieren Sie uns f\u00fcr den besten Preis!<\/strong><\/h2>    <p>Als professioneller Hersteller und Lieferant von Verpackungsmaschinen verf\u00fcgen wir neben der Einkammer-Vakuumverpackungsmaschine auch \u00fcber: <\/p>    <ul class=\"wp-block-list\"> <li><a href=\"https:\/\/tianhuipackingmachine.com\/de\/double-chamber-vacuum-packaging-machine\/\">Doppelkammer-Vakuumverpackungsmaschine<\/a><\/li>    <li>Vakuumverpackungsmaschine f\u00fcr Stretchfolie<\/li>    <li>Desktop-Vakuumierer<\/li>    <li>Vakuumverpackungsmaschine mit externer Saugwirkung<\/li> <\/ul>    <p>Wenn Sie auf der Suche nach einem zuverl\u00e4ssigen Hersteller und Lieferanten sind, ist eine Zusammenarbeit mit uns eine gute Idee. F\u00fcr weitere Informationen und den besten Preis k\u00f6nnen Sie uns gerne kontaktieren.<\/p>","protected":false},"excerpt":{"rendered":"<p>Die Einkammer-Vakuumverpackungsmaschine von Shuliy dient zur Vakuumversiegelung von Lebensmitteln, Getreide, Fleisch, Gem\u00fcse usw., um die Haltbarkeit von Lebensmitteln durch Entfernen von Luft zu verl\u00e4ngern. Die Kapazit\u00e4t betr\u00e4gt 1-10 Beutel pro Minute.<\/p>","protected":false},"author":1,"featured_media":6939,"parent":0,"template":"","tags":[194],"product-type":[140],"class_list":["post-1384","product","type-product","status-publish","has-post-thumbnail","hentry","tag-vacuum-packing-machine","product-type-vacuum-packaging-machines"],"_links":{"self":[{"href":"https:\/\/tianhuipackingmachine.com\/de\/wp-json\/wp\/v2\/product\/1384","targetHints":{"allow":["GET"]}}],"collection":[{"href":"https:\/\/tianhuipackingmachine.com\/de\/wp-json\/wp\/v2\/product"}],"about":[{"href":"https:\/\/tianhuipackingmachine.com\/de\/wp-json\/wp\/v2\/types\/product"}],"author":[{"embeddable":true,"href":"https:\/\/tianhuipackingmachine.com\/de\/wp-json\/wp\/v2\/users\/1"}],"wp:featuredmedia":[{"embeddable":true,"href":"https:\/\/tianhuipackingmachine.com\/de\/wp-json\/wp\/v2\/media\/6939"}],"wp:attachment":[{"href":"https:\/\/tianhuipackingmachine.com\/de\/wp-json\/wp\/v2\/media?parent=1384"}],"wp:term":[{"taxonomy":"post_tag","embeddable":true,"href":"https:\/\/tianhuipackingmachine.com\/de\/wp-json\/wp\/v2\/tags?post=1384"},{"taxonomy":"product-type","embeddable":true,"href":"https:\/\/tianhuipackingmachine.com\/de\/wp-json\/wp\/v2\/product-type?post=1384"}],"curies":[{"name":"wp","href":"https:\/\/api.w.org\/{rel}","templated":true}]}}