{"id":320,"date":"2021-05-12T01:52:32","date_gmt":"2021-05-12T01:52:32","guid":{"rendered":"https:\/\/tianhuipackingmachine.com\/?page_id=320"},"modified":"2025-09-12T09:47:44","modified_gmt":"2025-09-12T01:47:44","slug":"faq","status":"publish","type":"page","link":"https:\/\/tianhuipackingmachine.com\/de\/faq\/","title":{"rendered":"FAQ"},"content":{"rendered":"<div id=\"rank-math-faq\" class=\"rank-math-block\"> <div class=\"rank-math-list\"> <div id=\"faq-question-1664413497532\" class=\"rank-math-list-item\"> <h3 class=\"rank-math-question\"><strong>F: Kann ich Ihr Vertriebspartner in einem bestimmten Gebiet werden?<\/strong><\/h3> <div class=\"rank-math-answer\">  <p>A: Selbstverst\u00e4ndlich hei\u00dfen wir Vertriebspartner willkommen. Wir bieten wettbewerbsf\u00e4higere Preise und Dienstleistungen, wenn Sie eine andere Menge an Verpackungsmaschinen kaufen.<\/p>  <\/div> <\/div> <div id=\"faq-question-1664413502438\" class=\"rank-math-list-item\"> <h3 class=\"rank-math-question\"><strong>F: Wie ist die Vorlaufzeit und Versandart?<\/strong><\/h3> <div class=\"rank-math-answer\">  <p>A: Es basiert auf der Bestellmenge und den Maschinenartikeln! F\u00fcr kleine Bestellmengen von Standardmaschinen haben wir immer Lagerbest\u00e4nde. F\u00fcr eine gro\u00dfe Anzahl von Standardmaschinen und anderen kundenspezifischen Maschinen sind 15 bis 45 Tage erforderlich. Wir werden die Details mit den Kunden best\u00e4tigen, bevor wir eine Bestellung aufgeben.<\/p>  <\/div> <\/div> <div id=\"faq-question-1664413519158\" class=\"rank-math-list-item\"> <h3 class=\"rank-math-question\"><strong>F: Welche Art von Rollfolie kann f\u00fcr Ihre Maschine verwendet werden?<\/strong><\/h3> <div class=\"rank-math-answer\">  <p>A: Polypropylen\/Polyethylen, Aluminiumfolie\/Polyethylen, Polyester\/Aluminium\/Polyethylen, Nylon\/verst\u00e4rktes Polyethylen, Papier\/Polyethylen, Filterpapier usw.<\/p>  <\/div> <\/div> <div id=\"faq-question-1664413534934\" class=\"rank-math-list-item\"> <h3 class=\"rank-math-question\"><strong>F: Welche Art von Verpackungsmaschinen bieten Sie an?<\/strong><\/h3> <div class=\"rank-math-answer\">  <p>A: Was das Verpackungsmaterial betrifft, bieten wir verschiedene Arten von Pulververpackungsmaschinen, Granulatverpackungsmaschinen, Fl\u00fcssigkeitsverpackungsmaschinen und Pastenverpackungsmaschinen an. Was den Maschinenaufbau betrifft, gibt es verschiedene Arten von Kissenverpackungsger\u00e4ten und vertikalen Verpackungsger\u00e4ten. Und es sind verschiedene Mehrkopfwaagen-Verpackungsmaschinen erh\u00e4ltlich.<\/p>  <\/div> <\/div> <div id=\"faq-question-1664413560534\" class=\"rank-math-list-item\"> <h3 class=\"rank-math-question\"><strong>F: Wie viel Gewicht wird bei der Granulatverpackungsmaschine durch Entfernen eines Messbechers eingespart?<\/strong><\/h3> <div class=\"rank-math-answer\">  <p>A: Die verschiedenen Objekte sind unterschiedlich, weil die Dichte der Objekte unterschiedlich ist. Basierend auf Ihrer tats\u00e4chlichen Situation unterbreiten wir Ihnen Vorschl\u00e4ge.<\/p>  <\/div> <\/div> <div id=\"faq-question-1664413578629\" class=\"rank-math-list-item\"> <h3 class=\"rank-math-question\"><strong>F: Kann Ihre Verpackungsmaschine das Datum drucken?<\/strong><\/h3> <div class=\"rank-math-answer\">  <p>A: Ja. Wir k\u00f6nnen ein Ger\u00e4t zum Drucken des Produktionsdatums\/der Chargennummer\/des abgelaufenen Datums hinzuf\u00fcgen.<\/p>  <\/div> <\/div> <div id=\"faq-question-1664413653783\" class=\"rank-math-list-item\"> <h3 class=\"rank-math-question\"><strong>F: Kann ich bei der Kissenverpackungsmaschine die Beutelbreite selbst anpassen?<\/strong><\/h3> <div class=\"rank-math-answer\">  <p>A: Nat\u00fcrlich. Sie k\u00f6nnen die Breite in einem bestimmten Bereich anpassen. Wir beraten Sie gerne.<\/p>  <\/div> <\/div> <div id=\"faq-question-1664413673286\" class=\"rank-math-list-item\"> <h3 class=\"rank-math-question\"><strong>F: \u00a0Wie k\u00f6nnen wir die Qualit\u00e4t der Maschine sicherstellen, nachdem wir die Bestellung aufgegeben haben?<\/strong><\/h3> <div class=\"rank-math-answer\">  <p>A: Vor der Lieferung senden wir Ihnen die Bilder und Videos zu, damit Sie die Qualit\u00e4t \u00fcberpr\u00fcfen k\u00f6nnen. Sie k\u00f6nnen die Qualit\u00e4tspr\u00fcfung auch selbst oder durch Ihre Kontakte in Zhengzhou veranlassen.<\/p>  <\/div> <\/div> <div id=\"faq-question-1664413689222\" class=\"rank-math-list-item\"> <h3 class=\"rank-math-question\"><strong>F: Warum sollten wir uns f\u00fcr Ihr Unternehmen entscheiden?<\/strong><\/h3> <div class=\"rank-math-answer\">  <p>A: Wir besch\u00e4ftigen uns seit fast 30 Jahren mit der Entwicklung, Forschung, Herstellung und Vermarktung von Verpackungsmaschinen. Dar\u00fcber hinaus sind unsere Produkte aufgrund ihrer hervorragenden Qualit\u00e4t und ihres pers\u00f6nlichen Service auf dem Weltmarkt durchaus wettbewerbsf\u00e4hig.<\/p>  <\/div> <\/div> <div id=\"faq-question-1664413702814\" class=\"rank-math-list-item\"> <h3 class=\"rank-math-question\"><strong>F:\u00a0Wo ist Ihr Unternehmen ans\u00e4ssig? Wie kann ich dort vorbeischauen?<\/strong><\/h3> <div class=\"rank-math-answer\">  <p>A: Unsere Fabrik befindet sich in der Stadt Zhengzhou, Provinz Henan, China. Es liegt ganz in der N\u00e4he des internationalen Flughafens Xinzheng. Wir k\u00f6nnen unsere Fahrer organisieren, die Sie abholen. Wir respektieren jeden Kunden als unseren Freund und machen aufrichtig Gesch\u00e4fte und schlie\u00dfen Freundschaften mit ihm. Willkommen in unserer Fabrik f\u00fcr eine weitere Zusammenarbeit.<\/p>  <\/div> <\/div> <\/div> <\/div>   <hr class=\"wp-block-separator has-css-opacity is-style-default\"\/>    <h3 class=\"wp-block-heading has-text-color\" id=\"h-any-other-questions-please-feel-free-to-leave-your-message-below-we-will-get-back-to-you-as-soon-as-possible-or-you-can-contact-us-by-whatsapp-tel-or-email\" style=\"color:#eb5e0b\"><em>Wenn Sie weitere Fragen haben, hinterlassen Sie bitte unten Ihre Nachricht. Wir werden uns so schnell wie m\u00f6glich bei Ihnen melden. Oder Sie k\u00f6nnen uns per WhatsApp\/Tel oder E-Mail kontaktieren.<\/em><\/h3>    <h3 class=\"wp-block-heading has-text-color\" id=\"h-whatsapp-tel-86-17329326135-email-sales-tianhuipackingmachine-com\" style=\"color:#eb5e0b\"><strong><em>WhatsApp\/Tel:<\/em><\/strong> +86 13673689272, <strong><em>Email:<\/em><\/strong> <a href=\"mailto:sales@tianhuipackingmachine.com\">sales@tianhuipackingmachine.com<\/a><\/h3>","protected":false},"excerpt":{"rendered":"<p>Wenn Sie weitere Fragen haben, hinterlassen Sie bitte unten Ihre Nachricht. Wir werden uns so schnell wie m\u00f6glich bei Ihnen melden. Oder Sie k\u00f6nnen uns per WhatsApp\/Tel oder E-Mail kontaktieren. WhatsApp\/Tel: +86 13673689272, E-Mail: sales@tianhuipackingmachine.com<\/p>","protected":false},"author":1,"featured_media":0,"parent":0,"menu_order":0,"comment_status":"closed","ping_status":"closed","template":"","meta":{"footnotes":""},"class_list":["post-320","page","type-page","status-publish","hentry"],"_links":{"self":[{"href":"https:\/\/tianhuipackingmachine.com\/de\/wp-json\/wp\/v2\/pages\/320","targetHints":{"allow":["GET"]}}],"collection":[{"href":"https:\/\/tianhuipackingmachine.com\/de\/wp-json\/wp\/v2\/pages"}],"about":[{"href":"https:\/\/tianhuipackingmachine.com\/de\/wp-json\/wp\/v2\/types\/page"}],"author":[{"embeddable":true,"href":"https:\/\/tianhuipackingmachine.com\/de\/wp-json\/wp\/v2\/users\/1"}],"replies":[{"embeddable":true,"href":"https:\/\/tianhuipackingmachine.com\/de\/wp-json\/wp\/v2\/comments?post=320"}],"version-history":[{"count":0,"href":"https:\/\/tianhuipackingmachine.com\/de\/wp-json\/wp\/v2\/pages\/320\/revisions"}],"wp:attachment":[{"href":"https:\/\/tianhuipackingmachine.com\/de\/wp-json\/wp\/v2\/media?parent=320"}],"curies":[{"name":"wp","href":"https:\/\/api.w.org\/{rel}","templated":true}]}}