{"id":121,"date":"2021-05-06T09:31:24","date_gmt":"2021-05-06T09:31:24","guid":{"rendered":"https:\/\/tianhuipackingmachine.com\/?page_id=121"},"modified":"2025-09-12T09:46:50","modified_gmt":"2025-09-12T01:46:50","slug":"about-us","status":"publish","type":"page","link":"https:\/\/tianhuipackingmachine.com\/de\/about-us\/","title":{"rendered":"\u00dcber uns"},"content":{"rendered":"<p>Henan Shuliy Machinery Co., Ltd wurde 1993 gegr\u00fcndet und besch\u00e4ftigt sich seit fast 30 Jahren mit der Entwicklung, Forschung, Herstellung und Vermarktung verschiedener hochwertiger Verpackungsmaschinen, Abf\u00fcllmaschinen, Verschlie\u00dfmaschinen, Etikettiermaschinen und Verschlie\u00dfmaschinen. Unser Ziel ist es, einer der zuverl\u00e4ssigsten, bekanntesten und besten Verpackungsmaschinenlieferanten f\u00fcr weltweite Vertreter, H\u00e4ndler und Unternehmer zu sein. In diesen Jahren haben wir gro\u00dfe Erfolge erzielt. Unsere Produkte wurden erfolgreich in \u00fcber 80 L\u00e4nder und Regionen exportiert und haben unseren Partnern gro\u00dfe Vorteile gebracht. Dar\u00fcber hinaus sind wir auch bereit, mit kleinen Unternehmen zusammenzuarbeiten. Und helfen Sie ihnen, mit unseren hochwertigen und wettbewerbsf\u00e4higen Maschinen mehr Gewinn zu erzielen.<\/p>    <h2 class=\"wp-block-heading has-text-align-center\" id=\"h-pre-sales-service\">Pre-Sales-Service<\/h2>    <div class=\"wp-block-columns is-layout-flex wp-container-core-columns-is-layout-28f84493 wp-block-columns-is-layout-flex\"> <div class=\"wp-block-column is-layout-flow wp-block-column-is-layout-flow\"> <figure class=\"wp-block-image size-large\"><img loading=\"lazy\" decoding=\"async\" width=\"750\" height=\"500\" src=\"https:\/\/tianhuipackingmachine.com\/wp-content\/uploads\/2021\/12\/team-750x500.jpg\" alt=\"Team\" class=\"wp-image-4184\" srcset=\"https:\/\/tianhuipackingmachine.com\/wp-content\/uploads\/2021\/12\/team.jpg 750w, https:\/\/tianhuipackingmachine.com\/wp-content\/uploads\/2021\/12\/team-480x320.jpg 480w\" sizes=\"auto, (max-width: 750px) 100vw, 750px\" \/><figcaption class=\"wp-element-caption\">Team<\/figcaption><\/figure> <\/div>    <div class=\"wp-block-column is-layout-flow wp-block-column-is-layout-flow\"> <p>Wir werden die Anforderungen unserer Kunden erfragen und best\u00e4tigen und dann kostenlose Verpackungsl\u00f6sungen anbieten.<\/p>    <p>Wir k\u00f6nnen unseren Kunden eine ganze Reihe von Videos als Referenz f\u00fcr die Auswahl der geeigneten Maschine zur Verf\u00fcgung stellen.<\/p>    <p>Henan Shuliy Machinery unterst\u00fctzt das Testen der Proben unserer Kunden mit unseren Ger\u00e4ten und wir geben Feedback.<\/p>    <p>Wenn Sie unsere Fabrik besichtigen m\u00f6chten, freuen wir uns \u00fcber Ihren Besuch oder k\u00f6nnen ein Online-Video erstellen.<\/p> <\/div> <\/div>    <h2 class=\"wp-block-heading has-text-align-center\">Kundendienst<\/h2>    <p>Zu jeder unserer Maschinen gibt es entsprechende englischsprachige Anleitungen und Videos zur Installation, Einstellung, Bedienung, Wartung usw.<\/p>    <p>Wir haben einen 24-Stunden-Online-Service. Sie k\u00f6nnen sich jederzeit an uns wenden, wenn Sie Fragen haben und sich beraten lassen m\u00f6chten.<\/p>    <p>Unser Unternehmen kann Techniker und Ingenieure in Ihr Land schicken, die Ihnen bei der Installation, Einstellung und Anleitung des Maschinenbetriebs helfen.<\/p>    <p>Henan Shuliy Machinery ist im Rahmen seiner eigenen Garantien f\u00fcr die Ausr\u00fcstung verantwortlich.<\/p>    <p>Wenn Sie einen Notfall haben, k\u00f6nnen Sie sich jederzeit an uns wenden. Wir werden Ihnen so schnell wie m\u00f6glich antworten.<\/p>    <h2 class=\"wp-block-heading has-text-align-center\">Fu\u00dfabdruck<\/h2>    <p class=\"has-text-align-center\">Seit Beginn unseres Verpackungsgesch\u00e4fts werden unsere Verpackungsanlagen in allen Lebensbereichen eingesetzt, beispielsweise in der Lebensmittelindustrie, der Getr\u00e4nkeindustrie, der chemischen Industrie, der Kosmetikindustrie, der pharmazeutischen Industrie usw. Heutzutage werden unsere Produkte erfolgreich in mehr als exportiert In 80 L\u00e4ndern und Regionen wie den USA, Kanada, Australien, England, Indien, Pakistan, Malaysia, den Philippinen, Indonesien, Bangladesch, Kenia, Nigeria usw. Unsere Maschinen genie\u00dfen einen guten Ruf f\u00fcr ihre gute Leistung und ihren wettbewerbsf\u00e4higen Preis.<\/p>    <figure class=\"wp-block-image aligncenter size-full\"><img loading=\"lazy\" decoding=\"async\" width=\"1024\" height=\"486\" src=\"https:\/\/tianhuipackingmachine.com\/wp-content\/uploads\/2021\/08\/global-market.jpg\" alt=\"Weltmarkt f\u00fcr Tianhui-Verpackungsmaschinen\" class=\"wp-image-2153\" srcset=\"https:\/\/tianhuipackingmachine.com\/wp-content\/uploads\/2021\/08\/global-market.jpg 1024w, https:\/\/tianhuipackingmachine.com\/wp-content\/uploads\/2021\/08\/global-market-300x142.jpg 300w, https:\/\/tianhuipackingmachine.com\/wp-content\/uploads\/2021\/08\/global-market-768x365.jpg 768w\" sizes=\"auto, (max-width: 1024px) 100vw, 1024px\" \/><figcaption class=\"wp-element-caption\">Weltmarkt f\u00fcr Tianhui-Verpackungsmaschinen<\/figcaption><\/figure>    <h2 class=\"wp-block-heading has-text-align-center\">Zertifikate<\/h2>    <figure class=\"wp-block-image aligncenter size-large\"><img loading=\"lazy\" decoding=\"async\" width=\"1024\" height=\"355\" src=\"https:\/\/tianhuipackingmachine.com\/wp-content\/uploads\/2021\/09\/certificates-1024x355.jpg\" alt=\"Zertifikate\" class=\"wp-image-2678\" srcset=\"https:\/\/tianhuipackingmachine.com\/wp-content\/uploads\/2021\/09\/certificates-1024x355.jpg 1024w, https:\/\/tianhuipackingmachine.com\/wp-content\/uploads\/2021\/09\/certificates-300x104.jpg 300w, https:\/\/tianhuipackingmachine.com\/wp-content\/uploads\/2021\/09\/certificates-768x266.jpg 768w, https:\/\/tianhuipackingmachine.com\/wp-content\/uploads\/2021\/09\/certificates-1536x533.jpg 1536w, https:\/\/tianhuipackingmachine.com\/wp-content\/uploads\/2021\/09\/certificates.jpg 1920w\" sizes=\"auto, (max-width: 1024px) 100vw, 1024px\" \/><figcaption class=\"wp-element-caption\">Zertifikate<\/figcaption><\/figure>","protected":false},"excerpt":{"rendered":"<p>Founded in 1993, Henan Shuliy Machinery Co., Ltd has been involved in the design, research, manufacturing, and marketing of various quality packing machines, filling machines, sealing machines, labeling machines, and capping machines for almost 30 years. We aim to be one of the most reliable, famous, and excellent packing machine suppliers for worldwide agents, distributors, [&hellip;]<\/p>\n","protected":false},"author":1,"featured_media":0,"parent":0,"menu_order":0,"comment_status":"closed","ping_status":"closed","template":"","meta":{"footnotes":""},"class_list":["post-121","page","type-page","status-publish","hentry"],"_links":{"self":[{"href":"https:\/\/tianhuipackingmachine.com\/de\/wp-json\/wp\/v2\/pages\/121","targetHints":{"allow":["GET"]}}],"collection":[{"href":"https:\/\/tianhuipackingmachine.com\/de\/wp-json\/wp\/v2\/pages"}],"about":[{"href":"https:\/\/tianhuipackingmachine.com\/de\/wp-json\/wp\/v2\/types\/page"}],"author":[{"embeddable":true,"href":"https:\/\/tianhuipackingmachine.com\/de\/wp-json\/wp\/v2\/users\/1"}],"replies":[{"embeddable":true,"href":"https:\/\/tianhuipackingmachine.com\/de\/wp-json\/wp\/v2\/comments?post=121"}],"version-history":[{"count":0,"href":"https:\/\/tianhuipackingmachine.com\/de\/wp-json\/wp\/v2\/pages\/121\/revisions"}],"wp:attachment":[{"href":"https:\/\/tianhuipackingmachine.com\/de\/wp-json\/wp\/v2\/media?parent=121"}],"curies":[{"name":"wp","href":"https:\/\/api.w.org\/{rel}","templated":true}]}}